{"id":10802,"date":"2025-01-24T05:46:20","date_gmt":"2025-01-24T13:46:20","guid":{"rendered":"https:\/\/pophaw.com\/?page_id=10802"},"modified":"2025-01-29T04:00:20","modified_gmt":"2025-01-29T12:00:20","slug":"karriere","status":"publish","type":"page","link":"https:\/\/pophaw.com\/de\/karriere\/","title":{"rendered":"Karriere"},"content":{"rendered":"<h2 data-immersive-translate-walked=\"8e5b5df6-ad8f-41d5-8cc9-6b51c370c5ac\"><strong data-immersive-translate-walked=\"8e5b5df6-ad8f-41d5-8cc9-6b51c370c5ac\" data-immersive-translate-paragraph=\"1\">Software-Ingenieur<\/strong><\/h2>\n<p data-immersive-translate-walked=\"8e5b5df6-ad8f-41d5-8cc9-6b51c370c5ac\" data-immersive-translate-paragraph=\"1\">Mindestanforderungen: Bachelor-Abschluss in Informationstechnologie, Informatik, Computertechnik oder einem verwandten Fachgebiet<\/p>\n<p data-immersive-translate-walked=\"8e5b5df6-ad8f-41d5-8cc9-6b51c370c5ac\" data-immersive-translate-paragraph=\"1\">1. Verwaltung der Netzwerk- und Systemadministratoren von IBSpot und Festlegung von Priorit\u00e4ten f\u00fcr alle damit verbundenen Aktivit\u00e4ten, einschlie\u00dflich St\u00f6rungen (Trouble Tickets), Akquisitionsprojekten, Wartung\/Upgrades von Netzwerkhardware, Wartung\/Upgrades von Serverhardware und Betriebssystem-Updates sowie anderer Teaminitiativen;<\/p>\n<p data-immersive-translate-walked=\"8e5b5df6-ad8f-41d5-8cc9-6b51c370c5ac\" data-immersive-translate-paragraph=\"1\">2. Unterst\u00fctzung bei der Festlegung geeigneter Netz-, Telekommunikations- und Servertechnologiestandards, die innerhalb der bestehenden Architektur des Unternehmens verwendet werden sollen;<\/p>\n<p data-immersive-translate-walked=\"8e5b5df6-ad8f-41d5-8cc9-6b51c370c5ac\" data-immersive-translate-paragraph=\"1\">3. Erforschung und strategische Ausrichtung des Einsatzes neuer Produkte\/Technologien, einschlie\u00dflich Router, Switches, Netzmanagement, Sicherheitsoperationen und -management, drahtlose Technologien und Server-Hardware\/Software;<\/p>\n<p data-immersive-translate-walked=\"8e5b5df6-ad8f-41d5-8cc9-6b51c370c5ac\" data-immersive-translate-paragraph=\"1\">4. Teilnahme an \u00c4nderungsmanagementaktivit\u00e4ten im Zusammenhang mit der Netz- und Serverumgebung, einschlie\u00dflich Dokumentationsanforderungen, geplante Ausf\u00e4lle, Betriebsverfahren usw;<\/p>\n<p data-immersive-translate-walked=\"8e5b5df6-ad8f-41d5-8cc9-6b51c370c5ac\" data-immersive-translate-paragraph=\"1\">5. Proaktive \u00dcberwachung aller netzbezogenen Komponenten, die unter der Kontrolle des Netzbetriebs stehen, und rasche Probleml\u00f6sung w\u00e4hrend und nach der Arbeitszeit durch strenge Dokumentations-, Benachrichtigungs- und Eskalationsverfahren;<\/p>\n<p data-immersive-translate-walked=\"8e5b5df6-ad8f-41d5-8cc9-6b51c370c5ac\" data-immersive-translate-paragraph=\"1\">6. Entwicklung eines Netzwerk-Backup-\/Disaster-Recovery-Plans f\u00fcr j\u00e4hrliche Tests und Netzwerk-Notf\u00e4lle;<\/p>\n<p data-immersive-translate-walked=\"8e5b5df6-ad8f-41d5-8cc9-6b51c370c5ac\" data-immersive-translate-paragraph=\"1\">7. Erstellung von St\u00f6rungsberichten, die Produktionsausf\u00e4lle dokumentieren und eine detaillierte Ursachenanalyse sowie Ma\u00dfnahmen zur Vermeidung von Wiederholungen enthalten;<\/p>\n<p data-immersive-translate-walked=\"8e5b5df6-ad8f-41d5-8cc9-6b51c370c5ac\" data-immersive-translate-paragraph=\"1\">8. Entwicklung und Berichterstattung \u00fcber alle T\u00e4tigkeiten im Zusammenhang mit dem Zustand, der Leistung und der Zuverl\u00e4ssigkeit aller Netzkomponenten und -dienste unter der Kontrolle des Netzbetriebs, einschlie\u00dflich Kapazit\u00e4tsplanung, Verf\u00fcgbarkeitstrends und Netzleistung;<\/p>\n<p data-immersive-translate-walked=\"8e5b5df6-ad8f-41d5-8cc9-6b51c370c5ac\" data-immersive-translate-paragraph=\"1\">9. Verbindung zu Benutzern, IT-Personal und Netz-\/Serveranbietern in Bezug auf Aspekte der Netz- und Serverunterst\u00fctzung und des Wachstums.<\/p>\n<p data-immersive-translate-walked=\"8e5b5df6-ad8f-41d5-8cc9-6b51c370c5ac\" data-immersive-translate-paragraph=\"1\">10. Wahrnehmung sonstiger damit verbundener Aufgaben nach Ma\u00dfgabe des Auftrags.<\/p>\n<h2 data-immersive-translate-walked=\"8e5b5df6-ad8f-41d5-8cc9-6b51c370c5ac\" data-immersive-translate-paragraph=\"1\"><strong data-immersive-translate-walked=\"8e5b5df6-ad8f-41d5-8cc9-6b51c370c5ac\">Software\u00a0<\/strong><strong data-immersive-translate-walked=\"8e5b5df6-ad8f-41d5-8cc9-6b51c370c5ac\">Entwickler<\/strong><\/h2>\n<p data-immersive-translate-walked=\"8e5b5df6-ad8f-41d5-8cc9-6b51c370c5ac\" data-immersive-translate-paragraph=\"1\">Mindestanforderungen: Master-Abschluss in Informationstechnologie, Informatik, Computertechnik oder einem verwandten Fachgebiet<\/p>\n<p data-immersive-translate-walked=\"8e5b5df6-ad8f-41d5-8cc9-6b51c370c5ac\" data-immersive-translate-paragraph=\"1\">1. Leitung und Beteiligung an allen Aspekten der Systemarchitektur, des Designs, der Entwicklung, des Testens, der Bereitstellung und des Supports. Zusammenarbeit mit dem Produktmanagementteam bei der Konzeption, Erstellung und Einf\u00fchrung neuer Funktionen und Produkte. Effektive m\u00fcndliche und schriftliche Kommunikation mit Designern, Produktmanagern und anderen Entwicklern.<\/p>\n<p data-immersive-translate-walked=\"8e5b5df6-ad8f-41d5-8cc9-6b51c370c5ac\" data-immersive-translate-paragraph=\"1\">2. Nutzen Sie ReactJS, Redux und Webpack, um dynamische und ansprechende Webanwendungen zu entwickeln, die auf allen Browsern und Plattformen konsistent sind. Zusammenarbeit mit UI\/UX-Designern zur Umsetzung von Wireframes und Komponenten in interaktives HTML\/CSS\/JavaScript.<\/p>\n<p data-immersive-translate-walked=\"8e5b5df6-ad8f-41d5-8cc9-6b51c370c5ac\" data-immersive-translate-paragraph=\"1\">3. Moderne REST- und GraphQL-API-Entwicklung und Einrichtung der Infrastruktur mit Express oder Loopback und relationalen Datenbanken (MySql, SQL Server, etc.) oder NoSQL-Datenbanken (Mongo DB, DynamoDB, etc.). Verwaltung von Docker-Clustern mit Kubernetes zur Bereitstellung skalierbarer, nachhaltiger und ansprechender Produkte.<\/p>\n<p data-immersive-translate-walked=\"8e5b5df6-ad8f-41d5-8cc9-6b51c370c5ac\" data-immersive-translate-paragraph=\"1\">4. Durchf\u00fchrung von A\/B-Tests f\u00fcr neue Funktionen und Integration in CI\/CD-Pipelines, z. B. Durchf\u00fchrung von Tests, Kompilierungsschritten und Bereitstellungen auf der Grundlage von Git-Hooks oder Jenkins-Builds.<\/p>\n<p data-immersive-translate-walked=\"8e5b5df6-ad8f-41d5-8cc9-6b51c370c5ac\" data-immersive-translate-paragraph=\"1\">5. Wahrnehmung sonstiger damit verbundener Aufgaben nach Ma\u00dfgabe des Auftrags.<\/p>\n<h2 data-immersive-translate-walked=\"8e5b5df6-ad8f-41d5-8cc9-6b51c370c5ac\"><strong data-immersive-translate-walked=\"8e5b5df6-ad8f-41d5-8cc9-6b51c370c5ac\" data-immersive-translate-paragraph=\"1\">Experte f\u00fcr digitales Marketing<\/strong><\/h2>\n<p data-immersive-translate-walked=\"8e5b5df6-ad8f-41d5-8cc9-6b51c370c5ac\" data-immersive-translate-paragraph=\"1\">1. Plant und f\u00fchrt alle Web-, SEO\/SEM-, Datenbankmarketing-, E-Mail-, Social-Media- und Display-Werbekampagnen durch.<\/p>\n<p data-immersive-translate-walked=\"8e5b5df6-ad8f-41d5-8cc9-6b51c370c5ac\" data-immersive-translate-paragraph=\"1\">2. Entwirft, erstellt und pflegt unsere Pr\u00e4senz in den sozialen Medien.<\/p>\n<p data-immersive-translate-walked=\"8e5b5df6-ad8f-41d5-8cc9-6b51c370c5ac\" data-immersive-translate-paragraph=\"1\">3. Misst und berichtet die Leistung aller digitalen Marketingkampagnen und bewertet sie anhand der Ziele (ROI und KPIs).<\/p>\n<p data-immersive-translate-walked=\"8e5b5df6-ad8f-41d5-8cc9-6b51c370c5ac\" data-immersive-translate-paragraph=\"1\">4. Identifiziert Trends und Erkenntnisse und optimiert Ausgaben und Leistung auf der Grundlage dieser Erkenntnisse.<\/p>\n<p data-immersive-translate-walked=\"8e5b5df6-ad8f-41d5-8cc9-6b51c370c5ac\" data-immersive-translate-paragraph=\"1\">5. Entwickelt neue und kreative Wachstumsstrategien durch digitales Marketing.<\/p>\n<p data-immersive-translate-walked=\"8e5b5df6-ad8f-41d5-8cc9-6b51c370c5ac\" data-immersive-translate-paragraph=\"1\">6. Planung, Durchf\u00fchrung und Auswertung von Experimenten und Konversionstests.<\/p>\n<p data-immersive-translate-walked=\"8e5b5df6-ad8f-41d5-8cc9-6b51c370c5ac\" data-immersive-translate-paragraph=\"1\">7. Arbeitet mit internen Teams zusammen, um Landing Pages zu erstellen und die Benutzerfreundlichkeit zu optimieren.<\/p>\n<p data-immersive-translate-walked=\"8e5b5df6-ad8f-41d5-8cc9-6b51c370c5ac\" data-immersive-translate-paragraph=\"1\">8. Nutzt ausgepr\u00e4gte analytische F\u00e4higkeiten, um das End-to-End-Kundenerlebnis \u00fcber mehrere Kan\u00e4le und Kundenkontaktpunkte hinweg zu bewerten.<\/p>\n<p data-immersive-translate-walked=\"8e5b5df6-ad8f-41d5-8cc9-6b51c370c5ac\" data-immersive-translate-paragraph=\"1\">9. Identifiziert kritische Konversionspunkte und Absprungpunkte und optimiert die Nutzertrichter.<\/p>\n<p data-immersive-translate-walked=\"8e5b5df6-ad8f-41d5-8cc9-6b51c370c5ac\" data-immersive-translate-paragraph=\"1\">10. Arbeitet mit Agenturen und anderen Anbietern zusammen.<\/p>\n<p data-immersive-translate-walked=\"8e5b5df6-ad8f-41d5-8cc9-6b51c370c5ac\" data-immersive-translate-paragraph=\"1\">11. Bewertet neue Technologien.<\/p>\n<p data-immersive-translate-walked=\"8e5b5df6-ad8f-41d5-8cc9-6b51c370c5ac\" data-immersive-translate-paragraph=\"1\">12. Bietet gegebenenfalls eine Vordenkerrolle und eine Perspektive f\u00fcr die Annahme.<\/p>\n<p data-immersive-translate-walked=\"8e5b5df6-ad8f-41d5-8cc9-6b51c370c5ac\" data-immersive-translate-paragraph=\"1\">Qualifikationen f\u00fcr digitales Marketing<\/p>\n<p data-immersive-translate-walked=\"8e5b5df6-ad8f-41d5-8cc9-6b51c370c5ac\" data-immersive-translate-paragraph=\"1\">* Nachgewiesene Berufserfahrung im digitalen Marketing, insbesondere in der Branche<br data-immersive-translate-walked=\"8e5b5df6-ad8f-41d5-8cc9-6b51c370c5ac\" \/>* Nachgewiesene Erfahrung in der Leitung und Verwaltung von SEO\/SEM, Marketing-Datenbanken, E-Mail, sozialen Medien und\/oder Display-Werbekampagnen<br data-immersive-translate-walked=\"8e5b5df6-ad8f-41d5-8cc9-6b51c370c5ac\" \/>* Erfahrung in der Optimierung von Landing Pages und User Funnels<br data-immersive-translate-walked=\"8e5b5df6-ad8f-41d5-8cc9-6b51c370c5ac\" \/>* Erfahrung mit A\/B- und multivariaten Experimenten<br data-immersive-translate-walked=\"8e5b5df6-ad8f-41d5-8cc9-6b51c370c5ac\" \/>* Solide Kenntnisse von Website- und Marketing-Analysetools (z. B. Google Analytics usw.)<br data-immersive-translate-walked=\"8e5b5df6-ad8f-41d5-8cc9-6b51c370c5ac\" \/>* Kenntnisse \u00fcber Adserving-Tools<br data-immersive-translate-walked=\"8e5b5df6-ad8f-41d5-8cc9-6b51c370c5ac\" \/>* Erfahrung im Einrichten und Optimieren von PPC-Kampagnen in allen wichtigen Suchmaschinen<\/p>\n\n\n<div style=\"height:100px\" aria-hidden=\"true\" class=\"wp-block-spacer\"><\/div>\n\n\n\n<div class=\"wp-block-buttons is-layout-flex wp-block-buttons-is-layout-flex\">\n<div class=\"wp-block-button\"><a class=\"wp-block-button__link wp-element-button\" href=\"https:\/\/pophaw.com\/de\/kontakt\/\">Kontakt US<\/a><\/div>\n<\/div>","protected":false},"excerpt":{"rendered":"<p>Software Engineer Minimum Requirements: bachelor\u2019s Degree in Information Technology, Computer Science, Computer Engineering\u00a0or a related field 1. Manage network and systems administrator staff members of IBSpot and prioritize all related activities, including incidents (trouble tickets), acquisition projects, network hardware maintenance\/upgrades, server hardware maintenance\/upgrades and operating system updates, as well as other team initiatives; 2. Assist [&hellip;]<\/p>\n","protected":false},"author":1,"featured_media":0,"parent":0,"menu_order":0,"comment_status":"closed","ping_status":"closed","template":"","meta":{"bwfblock_default_font":"","_uag_custom_page_level_css":"","site-sidebar-layout":"default","site-content-layout":"","ast-site-content-layout":"default","site-content-style":"default","site-sidebar-style":"default","ast-global-header-display":"","ast-banner-title-visibility":"","ast-main-header-display":"","ast-hfb-above-header-display":"","ast-hfb-below-header-display":"","ast-hfb-mobile-header-display":"","site-post-title":"","ast-breadcrumbs-content":"","ast-featured-img":"","footer-sml-layout":"","ast-disable-related-posts":"","theme-transparent-header-meta":"default","adv-header-id-meta":"","stick-header-meta":"default","header-above-stick-meta":"","header-main-stick-meta":"","header-below-stick-meta":"","astra-migrate-meta-layouts":"set","ast-page-background-enabled":"default","ast-page-background-meta":{"desktop":{"background-color":"","background-image":"","background-repeat":"repeat","background-position":"center center","background-size":"auto","background-attachment":"scroll","background-type":"","background-media":"","overlay-type":"","overlay-color":"","overlay-opacity":"","overlay-gradient":""},"tablet":{"background-color":"","background-image":"","background-repeat":"repeat","background-position":"center center","background-size":"auto","background-attachment":"scroll","background-type":"","background-media":"","overlay-type":"","overlay-color":"","overlay-opacity":"","overlay-gradient":""},"mobile":{"background-color":"","background-image":"","background-repeat":"repeat","background-position":"center center","background-size":"auto","background-attachment":"scroll","background-type":"","background-media":"","overlay-type":"","overlay-color":"","overlay-opacity":"","overlay-gradient":""}},"ast-content-background-meta":{"desktop":{"background-color":"var(--ast-global-color-5)","background-image":"","background-repeat":"repeat","background-position":"center center","background-size":"auto","background-attachment":"scroll","background-type":"","background-media":"","overlay-type":"","overlay-color":"","overlay-opacity":"","overlay-gradient":""},"tablet":{"background-color":"var(--ast-global-color-5)","background-image":"","background-repeat":"repeat","background-position":"center center","background-size":"auto","background-attachment":"scroll","background-type":"","background-media":"","overlay-type":"","overlay-color":"","overlay-opacity":"","overlay-gradient":""},"mobile":{"background-color":"var(--ast-global-color-5)","background-image":"","background-repeat":"repeat","background-position":"center center","background-size":"auto","background-attachment":"scroll","background-type":"","background-media":"","overlay-type":"","overlay-color":"","overlay-opacity":"","overlay-gradient":""}},"footnotes":""},"class_list":["post-10802","page","type-page","status-publish","hentry"],"spectra_custom_meta":{"classic-editor-remember":["block-editor"],"_edit_lock":["1738152049:1"],"_edit_last":["1"],"rank_math_seo_score":["59"],"rank_math_focus_keyword":["Career"],"site-sidebar-layout":["default"],"ast-site-content-layout":["default"],"site-content-style":["default"],"site-sidebar-style":["default"],"theme-transparent-header-meta":["default"],"stick-header-meta":["default"],"wp_statistics_words_count":["586"],"rank_math_analytic_object_id":["249"],"rank_math_description":["Explore career opportunities at Pophaw! Join our team dedicated to providing high-quality personal care, medical devices, and wellness solutions. Apply now to make a difference in healthcare."],"astra-migrate-meta-layouts":["set"],"surerank_settings_general":["a:7:{s:9:\"separator\";s:1:\"-\";s:10:\"page_title\";s:21:\"%title% - %site_name%\";s:25:\"auto_generate_description\";b:1;s:16:\"page_description\";s:191:\"Explore career opportunities at Pophaw! Join our team dedicated to providing high-quality personal care, medical devices, and wellness solutions. Apply now to make a difference in healthcare.\";s:16:\"auto_description\";s:155:\"Software Engineer Minimum Requirements: bachelor\u2019s Degree in Information Technology, Computer Science, Computer Engineering\u00a0or a related field 1. Manage\";s:14:\"fallback_image\";s:0:\"\";s:13:\"canonical_url\";s:26:\"https:\/\/pophaw.com\/career\/\";}"],"surerank_settings_post_no_index":["no"],"surerank_settings_post_no_follow":["no"],"surerank_settings_post_no_archive":["no"],"surerank_settings_social":["a:23:{s:15:\"open_graph_tags\";b:1;s:18:\"facebook_meta_tags\";b:1;s:17:\"twitter_meta_tags\";b:1;s:16:\"oembeded_scripts\";b:1;s:17:\"oembeded_og_title\";b:1;s:22:\"oembeded_social_images\";b:1;s:27:\"oembeded_remove_author_name\";b:1;s:17:\"facebook_page_url\";s:54:\"https:\/\/www.facebook.com\/profile.php?id=61571207938497\";s:24:\"facebook_author_fallback\";s:0:\"\";s:17:\"twitter_card_type\";s:19:\"summary_large_image\";s:24:\"twitter_same_as_facebook\";b:1;s:24:\"twitter_profile_username\";s:0:\"\";s:24:\"twitter_profile_fallback\";s:0:\"\";s:14:\"facebook_title\";s:21:\"%title% - %site_name%\";s:20:\"facebook_description\";s:9:\"%content%\";s:18:\"facebook_image_url\";s:0:\"\";s:17:\"facebook_image_id\";i:0;s:20:\"facebook_image_width\";i:0;s:21:\"facebook_image_height\";i:0;s:13:\"twitter_title\";s:21:\"%title% - %site_name%\";s:19:\"twitter_description\";s:9:\"%content%\";s:17:\"twitter_image_url\";s:0:\"\";s:16:\"twitter_image_id\";i:0;}"],"surerank_migration":["1"],"astra_style_timestamp_css":["1776870049"],"_uagb_previous_block_counts":["a:90:{s:21:\"uagb\/advanced-heading\";i:0;s:15:\"uagb\/blockquote\";i:0;s:12:\"uagb\/buttons\";i:0;s:18:\"uagb\/buttons-child\";i:0;s:19:\"uagb\/call-to-action\";i:0;s:15:\"uagb\/cf7-styler\";i:0;s:11:\"uagb\/column\";i:0;s:12:\"uagb\/columns\";i:0;s:14:\"uagb\/container\";i:0;s:21:\"uagb\/content-timeline\";i:0;s:27:\"uagb\/content-timeline-child\";i:0;s:14:\"uagb\/countdown\";i:0;s:12:\"uagb\/counter\";i:0;s:8:\"uagb\/faq\";i:0;s:14:\"uagb\/faq-child\";i:0;s:10:\"uagb\/forms\";i:0;s:17:\"uagb\/forms-accept\";i:0;s:19:\"uagb\/forms-checkbox\";i:0;s:15:\"uagb\/forms-date\";i:0;s:16:\"uagb\/forms-email\";i:0;s:17:\"uagb\/forms-hidden\";i:0;s:15:\"uagb\/forms-name\";i:0;s:16:\"uagb\/forms-phone\";i:0;s:16:\"uagb\/forms-radio\";i:0;s:17:\"uagb\/forms-select\";i:0;s:19:\"uagb\/forms-textarea\";i:0;s:17:\"uagb\/forms-toggle\";i:0;s:14:\"uagb\/forms-url\";i:0;s:14:\"uagb\/gf-styler\";i:0;s:15:\"uagb\/google-map\";i:0;s:11:\"uagb\/how-to\";i:0;s:16:\"uagb\/how-to-step\";i:0;s:9:\"uagb\/icon\";i:0;s:14:\"uagb\/icon-list\";i:0;s:20:\"uagb\/icon-list-child\";i:0;s:10:\"uagb\/image\";i:0;s:18:\"uagb\/image-gallery\";i:0;s:13:\"uagb\/info-box\";i:0;s:18:\"uagb\/inline-notice\";i:0;s:11:\"uagb\/lottie\";i:0;s:21:\"uagb\/marketing-button\";i:0;s:10:\"uagb\/modal\";i:0;s:18:\"uagb\/popup-builder\";i:0;s:16:\"uagb\/post-button\";i:0;s:18:\"uagb\/post-carousel\";i:0;s:17:\"uagb\/post-excerpt\";i:0;s:14:\"uagb\/post-grid\";i:0;s:15:\"uagb\/post-image\";i:0;s:17:\"uagb\/post-masonry\";i:0;s:14:\"uagb\/post-meta\";i:0;s:18:\"uagb\/post-taxonomy\";i:0;s:18:\"uagb\/post-timeline\";i:0;s:15:\"uagb\/post-title\";i:0;s:20:\"uagb\/restaurant-menu\";i:0;s:26:\"uagb\/restaurant-menu-child\";i:0;s:11:\"uagb\/review\";i:0;s:12:\"uagb\/section\";i:0;s:14:\"uagb\/separator\";i:0;s:11:\"uagb\/slider\";i:0;s:17:\"uagb\/slider-child\";i:0;s:17:\"uagb\/social-share\";i:0;s:23:\"uagb\/social-share-child\";i:0;s:16:\"uagb\/star-rating\";i:0;s:23:\"uagb\/sure-cart-checkout\";i:0;s:22:\"uagb\/sure-cart-product\";i:0;s:15:\"uagb\/sure-forms\";i:0;s:22:\"uagb\/table-of-contents\";i:0;s:9:\"uagb\/tabs\";i:0;s:15:\"uagb\/tabs-child\";i:0;s:18:\"uagb\/taxonomy-list\";i:0;s:9:\"uagb\/team\";i:0;s:16:\"uagb\/testimonial\";i:0;s:14:\"uagb\/wp-search\";i:0;s:19:\"uagb\/instagram-feed\";i:0;s:10:\"uagb\/login\";i:0;s:17:\"uagb\/loop-builder\";i:0;s:18:\"uagb\/loop-category\";i:0;s:20:\"uagb\/loop-pagination\";i:0;s:15:\"uagb\/loop-reset\";i:0;s:16:\"uagb\/loop-search\";i:0;s:14:\"uagb\/loop-sort\";i:0;s:17:\"uagb\/loop-wrapper\";i:0;s:13:\"uagb\/register\";i:0;s:19:\"uagb\/register-email\";i:0;s:24:\"uagb\/register-first-name\";i:0;s:23:\"uagb\/register-last-name\";i:0;s:22:\"uagb\/register-password\";i:0;s:30:\"uagb\/register-reenter-password\";i:0;s:19:\"uagb\/register-terms\";i:0;s:22:\"uagb\/register-username\";i:0;}"],"_uag_css_file_name":["uag-css-10802.css"],"rank_math_internal_links_processed":["1"],"_uag_page_assets":["a:9:{s:3:\"css\";s:260:\".uag-blocks-common-selector{z-index:var(--z-index-desktop) !important}@media(max-width: 976px){.uag-blocks-common-selector{z-index:var(--z-index-tablet) !important}}@media(max-width: 767px){.uag-blocks-common-selector{z-index:var(--z-index-mobile) !important}}\";s:2:\"js\";s:0:\"\";s:18:\"current_block_list\";a:18:{i:0;s:11:\"core\/spacer\";i:1;s:12:\"core\/buttons\";i:2;s:11:\"core\/button\";i:3;s:23:\"surecart\/slide-out-cart\";i:4;s:30:\"surecart\/slide-out-cart-header\";i:5;s:29:\"surecart\/slide-out-cart-items\";i:6;s:30:\"surecart\/slide-out-cart-coupon\";i:7;s:32:\"surecart\/slide-out-cart-subtotal\";i:8;s:38:\"surecart\/slide-out-cart-bump-line-item\";i:9;s:30:\"surecart\/slide-out-cart-submit\";i:10;s:11:\"core\/search\";i:11;s:10:\"core\/group\";i:12;s:12:\"core\/heading\";i:13;s:17:\"core\/latest-posts\";i:14;s:20:\"core\/latest-comments\";i:15;s:13:\"core\/archives\";i:16;s:15:\"core\/categories\";i:17;s:14:\"core\/shortcode\";}s:8:\"uag_flag\";b:0;s:11:\"uag_version\";s:10:\"1776869369\";s:6:\"gfonts\";a:0:{}s:10:\"gfonts_url\";s:0:\"\";s:12:\"gfonts_files\";a:0:{}s:14:\"uag_faq_layout\";b:0;}"]},"uagb_featured_image_src":{"full":false,"thumbnail":false,"medium":false,"medium_large":false,"large":false,"ryviu-small":false,"ryviu-medium":false,"1536x1536":false,"2048x2048":false,"trp-custom-language-flag":false,"woocommerce_thumbnail":false,"woocommerce_single":false,"woocommerce_gallery_thumbnail":false},"uagb_author_info":{"display_name":"Dr. Rowan","author_link":"https:\/\/pophaw.com\/de\/author\/xiaoxi99201\/"},"uagb_comment_info":0,"uagb_excerpt":"Software Engineer Minimum Requirements: bachelor\u2019s Degree in Information Technology, Computer Science, Computer Engineering\u00a0or a related field 1. Manage network and systems administrator staff members of IBSpot and prioritize all related activities, including incidents (trouble tickets), acquisition projects, network hardware maintenance\/upgrades, server hardware maintenance\/upgrades and operating system updates, as well as other team initiatives; 2. Assist&hellip;","_links":{"self":[{"href":"https:\/\/pophaw.com\/de\/wp-json\/wp\/v2\/pages\/10802","targetHints":{"allow":["GET"]}}],"collection":[{"href":"https:\/\/pophaw.com\/de\/wp-json\/wp\/v2\/pages"}],"about":[{"href":"https:\/\/pophaw.com\/de\/wp-json\/wp\/v2\/types\/page"}],"author":[{"embeddable":true,"href":"https:\/\/pophaw.com\/de\/wp-json\/wp\/v2\/users\/1"}],"replies":[{"embeddable":true,"href":"https:\/\/pophaw.com\/de\/wp-json\/wp\/v2\/comments?post=10802"}],"version-history":[{"count":0,"href":"https:\/\/pophaw.com\/de\/wp-json\/wp\/v2\/pages\/10802\/revisions"}],"wp:attachment":[{"href":"https:\/\/pophaw.com\/de\/wp-json\/wp\/v2\/media?parent=10802"}],"curies":[{"name":"wp","href":"https:\/\/api.w.org\/{rel}","templated":true}]}}