{"id":10149,"date":"2025-01-09T01:47:51","date_gmt":"2025-01-09T09:47:51","guid":{"rendered":"https:\/\/pophaw.com\/?post_type=product&#038;p=10149"},"modified":"2025-01-25T23:31:01","modified_gmt":"2025-01-26T07:31:01","slug":"blutzuckermessgerat-diabetes-testkit","status":"publish","type":"product","link":"https:\/\/pophaw.com\/de\/produkt\/blutzuckermessgerat-diabetes-testkit\/","title":{"rendered":"Blutzuckermessger\u00e4t Diabetes Test Kit"},"content":{"rendered":"<p>**Blutzuckermessger\u00e4t-Kit**<\/p>\n<p>Unser umfassendes Blutzuckermessger\u00e4teset bietet alles, was Sie f\u00fcr genaue Blutzuckermessungen ben\u00f6tigen. In diesem Set sind 100 Safe-Strips, 100 Stechhilfen, eine schmerzfreie Stechhilfe, ein Etui und eine Bedienungsanleitung enthalten. Mit diesem Ausr\u00fcstungsset haben Sie alles, was Sie f\u00fcr die Blutzuckermessung brauchen. Das kompakte und tragbare Design des Blutzuckermessger\u00e4ts G-427B mit einem Gewicht von nur 40 g (ohne Batterien) macht es perfekt f\u00fcr Reisen, die Arbeit und den t\u00e4glichen Gebrauch und gibt Ihnen die Freiheit, Ihre Blutzuckerwerte \u00fcberall zu \u00fcberwachen.<\/p>\n<p>**Bessere Genauigkeit bei der Blutzucker\u00fcberwachung**<\/p>\n<p>Unser Blutzuckermessger\u00e4t zeigt die Messwerte in mg\/dL an und gew\u00e4hrleistet so pr\u00e4zise Ergebnisse. Auf der Teststreifenschachtel sind die Werte f\u00fcr \u201cniedrig\u201d, \u201cnormal\u201d und \u201choch\u201d deutlich angegeben, so dass Sie Ihre Ergebnisse leicht interpretieren k\u00f6nnen. Dar\u00fcber hinaus zeichnet sich das Blutzuckertestkit G-427B durch ein codefreies Design aus, das die herk\u00f6mmlichen Kalibrierungsschritte \u00fcberfl\u00fcssig macht. Mit nur 0,7 Mikrolitern (\u00b5l) Blut k\u00f6nnen Sie Ihren Blutzuckerspiegel in nur 5 Sekunden messen. F\u00fcr optimale Ergebnisse ist es ratsam, nach dem Einstich in den Finger sofort eine Tropfenblutprobe zu bilden, da wiederholte Messungen aus demselben Blutstropfen aufgrund von Oxidation ungenaue Messwerte ergeben k\u00f6nnen.<\/p>\n<p>**Kosteneffiziente und gesunde Selbsttests**<\/p>\n<p>Unsere Blutzuckermessger\u00e4te sind ideal f\u00fcr verschiedene Bev\u00f6lkerungsgruppen, einschlie\u00dflich \u00e4lterer Menschen, \u00fcbergewichtiger Personen und schwangerer Frauen. Durch die Selbstkontrolle und \u00dcberwachung des Blutzuckerspiegels k\u00f6nnen Sie Schwangerschaftskomplikationen verhindern und die Kosten f\u00fcr Krankenhausuntersuchungen sparen. Au\u00dferdem bieten wir Teststreifen zu einem erschwinglichen Preis von 0,19 \u00a3 pro Streifen an, was die finanzielle Belastung durch Nachk\u00e4ufe verringert.<\/p>\n<p>**Geeignet f\u00fcr alle und garantiert sicher**<\/p>\n<p>Die Stechhilfe verf\u00fcgt \u00fcber f\u00fcnf Einstellungen f\u00fcr die Intensit\u00e4t der Blutentnahme, die sich an unterschiedliche Hauttypen anpassen und den Widerstand bei der Blutentnahme verringern. Dank des mitgelieferten Streifenauswerfers steht die Sicherheit in unserem Testkit an erster Stelle.<\/p>","protected":false},"excerpt":{"rendered":"<p>100 Safe-Strips, 100 Stechhilfen, eine schmerzfreie Stechhilfe<\/p>","protected":false},"featured_media":10151,"template":"","meta":{"bwfblock_default_font":"","_uag_custom_page_level_css":"","site-sidebar-layout":"default","site-content-layout":"","ast-site-content-layout":"default","site-content-style":"default","site-sidebar-style":"default","ast-global-header-display":"","ast-banner-title-visibility":"","ast-main-header-display":"","ast-hfb-above-header-display":"","ast-hfb-below-header-display":"","ast-hfb-mobile-header-display":"","site-post-title":"","ast-breadcrumbs-content":"","ast-featured-img":"","footer-sml-layout":"","ast-disable-related-posts":"","theme-transparent-header-meta":"default","adv-header-id-meta":"","stick-header-meta":"default","header-above-stick-meta":"","header-main-stick-meta":"","header-below-stick-meta":"","astra-migrate-meta-layouts":"set","ast-page-background-enabled":"default","ast-page-background-meta":{"desktop":{"background-color":"","background-image":"","background-repeat":"repeat","background-position":"center center","background-size":"auto","background-attachment":"scroll","background-type":"","background-media":"","overlay-type":"","overlay-color":"","overlay-opacity":"","overlay-gradient":""},"tablet":{"background-color":"","background-image":"","background-repeat":"repeat","background-position":"center center","background-size":"auto","background-attachment":"scroll","background-type":"","background-media":"","overlay-type":"","overlay-color":"","overlay-opacity":"","overlay-gradient":""},"mobile":{"background-color":"","background-image":"","background-repeat":"repeat","background-position":"center center","background-size":"auto","background-attachment":"scroll","background-type":"","background-media":"","overlay-type":"","overlay-color":"","overlay-opacity":"","overlay-gradient":""}},"ast-content-background-meta":{"desktop":{"background-color":"var(--ast-global-color-5)","background-image":"","background-repeat":"repeat","background-position":"center center","background-size":"auto","background-attachment":"scroll","background-type":"","background-media":"","overlay-type":"","overlay-color":"","overlay-opacity":"","overlay-gradient":""},"tablet":{"background-color":"var(--ast-global-color-5)","background-image":"","background-repeat":"repeat","background-position":"center center","background-size":"auto","background-attachment":"scroll","background-type":"","background-media":"","overlay-type":"","overlay-color":"","overlay-opacity":"","overlay-gradient":""},"mobile":{"background-color":"var(--ast-global-color-5)","background-image":"","background-repeat":"repeat","background-position":"center center","background-size":"auto","background-attachment":"scroll","background-type":"","background-media":"","overlay-type":"","overlay-color":"","overlay-opacity":"","overlay-gradient":""}}},"product_brand":[73],"product_cat":[339,336,189],"product_tag":[],"class_list":{"0":"post-10149","1":"product","2":"type-product","3":"status-publish","4":"has-post-thumbnail","6":"product_brand-pophaw","7":"product_cat-monitoring","8":"product_cat-healthcare-products","9":"product_cat-home-diagnostics","10":"desktop-align-center","11":"tablet-align-center","12":"mobile-align-center","13":"ast-product-gallery-layout-horizontal-slider","14":"ast-magnify-disabled","15":"ast-product-tabs-layout-horizontal","17":"first","18":"instock","19":"shipping-taxable","20":"purchasable","21":"product-type-simple"},"spectra_custom_meta":{"_edit_lock":["1737876662:1"],"_edit_last":["1"],"rank_math_seo_score":["95"],"rank_math_focus_keyword":["Blood Glucose Monitor"],"rank_math_description":["Our comprehensive Blood Glucose Monitor Kit provides everything you need for accurate blood sugar measurements."],"_thumbnail_id":["10151"],"_wp_old_slug":["blood-glucose-monitor-with-206-pcs-strip"],"_admin_notes":["https:\/\/www.ebay.com\/itm\/375764951525\r\n\r\nhttps:\/\/detail.1688.com\/offer\/667230725880.html?kj_agent_plugin=aliprice&fromkv=xytTrace:213371c017364152041644928e0ca7&token=T3B8AThJsEdSWqK1p1i0MADV6lRlxbIHzPOXdbK1UyET0f8YLTRio0LdoD0Y0"],"_custom_product_field":[""],"_sku":["PH11335028"],"_global_unique_id":["17841900187671"],"_regular_price":["28.99"],"total_sales":["0"],"_tax_status":["taxable"],"_tax_class":[""],"_manage_stock":["no"],"_backorders":["no"],"_sold_individually":["no"],"_virtual":["no"],"_downloadable":["no"],"_download_limit":["-1"],"_download_expiry":["-1"],"_stock":[null],"_stock_status":["instock"],"_wc_average_rating":["0"],"_wc_review_count":["0"],"_product_version":["9.6.0"],"_price":["28.99"],"_wc_gla_visibility":["sync-and-show"],"_wc_gla_sync_status":["synced"],"_product_image_gallery":["10154,10155,10152,10153"],"_wc_facebook_sync_enabled":["yes"],"fb_visibility":["yes"],"fb_product_description":[""],"_wc_facebook_product_image_source":["product"],"_wc_facebook_commerce_enabled":["no"],"fb_product_group_id":["8948399065254576"],"rank_math_primary_product_brand":["73"],"rank_math_primary_product_cat":["339"],"rank_math_primary_fb_product_set":["0"],"site-sidebar-layout":["default"],"ast-site-content-layout":["default"],"site-content-style":["default"],"site-sidebar-style":["default"],"theme-transparent-header-meta":["default"],"astra-migrate-meta-layouts":["set"],"stick-header-meta":["default"],"rank_math_analytic_object_id":["215"],"fb_product_item_id":["8948399321921217"],"_wc_gla_synced_at":["1773802835"],"_wc_gla_google_ids":["a:1:{s:2:\"US\";s:22:\"online:en:US:gla_10149\";}"],"wp_statistics_words_count":["283"],"wpil_sync_report3":["1"],"wpil_links_inbound_internal_count":["0"],"wpil_links_inbound_internal_count_data":["eJxLtDKwqq4FAAZPAf4="],"wpil_links_outbound_internal_count":["0"],"wpil_links_outbound_internal_count_data":["eJxLtDKwqq4FAAZPAf4="],"wpil_links_outbound_external_count":["0"],"wpil_links_outbound_external_count_data":["eJxLtDKwqq4FAAZPAf4="],"wpil_sync_report2_time":["2025-01-27T07:29:10+00:00"],"omnisend_last_sync":["2025-05-16T11:05:10+00:00"],"surerank_settings_general":["a:7:{s:9:\"separator\";s:1:\"-\";s:10:\"page_title\";s:21:\"%title% - %site_name%\";s:25:\"auto_generate_description\";b:1;s:16:\"page_description\";s:111:\"Our comprehensive Blood Glucose Monitor Kit provides everything you need for accurate blood sugar measurements.\";s:16:\"auto_description\";s:158:\"**Blood Glucose Monitor Kit** Our comprehensive Blood Glucose Monitor Kit provides everything you need for accurate blood sugar measurements. Included in this\";s:14:\"fallback_image\";s:0:\"\";s:13:\"canonical_url\";s:67:\"https:\/\/pophaw.com\/product\/blood-glucose-monitor-diabetes-test-kit\/\";}"],"surerank_settings_post_no_index":["no"],"surerank_settings_post_no_follow":["no"],"surerank_settings_post_no_archive":["no"],"surerank_settings_social":["a:23:{s:15:\"open_graph_tags\";b:1;s:18:\"facebook_meta_tags\";b:1;s:17:\"twitter_meta_tags\";b:1;s:16:\"oembeded_scripts\";b:1;s:17:\"oembeded_og_title\";b:1;s:22:\"oembeded_social_images\";b:1;s:27:\"oembeded_remove_author_name\";b:1;s:17:\"facebook_page_url\";s:54:\"https:\/\/www.facebook.com\/profile.php?id=61571207938497\";s:24:\"facebook_author_fallback\";s:0:\"\";s:17:\"twitter_card_type\";s:19:\"summary_large_image\";s:24:\"twitter_same_as_facebook\";b:1;s:24:\"twitter_profile_username\";s:0:\"\";s:24:\"twitter_profile_fallback\";s:0:\"\";s:14:\"facebook_title\";s:21:\"%title% - %site_name%\";s:20:\"facebook_description\";s:9:\"%content%\";s:18:\"facebook_image_url\";s:65:\"https:\/\/pophaw.com\/wp-content\/uploads\/2025\/01\/Main-image-1-8.webp\";s:17:\"facebook_image_id\";i:10151;s:20:\"facebook_image_width\";i:1500;s:21:\"facebook_image_height\";i:1500;s:13:\"twitter_title\";s:21:\"%title% - %site_name%\";s:19:\"twitter_description\";s:9:\"%content%\";s:17:\"twitter_image_url\";s:65:\"https:\/\/pophaw.com\/wp-content\/uploads\/2025\/01\/Main-image-1-8.webp\";s:16:\"twitter_image_id\";i:10151;}"],"surerank_migration":["1"],"astra_style_timestamp_css":["1775230044"],"wwpp_product_wholesale_visibility_filter":["all"],"_uag_css_file_name":["uag-css-10149.css"],"rank_math_internal_links_processed":["1"],"_uag_page_assets":["a:9:{s:3:\"css\";s:0:\"\";s:2:\"js\";s:0:\"\";s:18:\"current_block_list\";a:15:{i:0;s:23:\"surecart\/slide-out-cart\";i:1;s:30:\"surecart\/slide-out-cart-header\";i:2;s:29:\"surecart\/slide-out-cart-items\";i:3;s:30:\"surecart\/slide-out-cart-coupon\";i:4;s:32:\"surecart\/slide-out-cart-subtotal\";i:5;s:38:\"surecart\/slide-out-cart-bump-line-item\";i:6;s:30:\"surecart\/slide-out-cart-submit\";i:7;s:11:\"core\/search\";i:8;s:10:\"core\/group\";i:9;s:12:\"core\/heading\";i:10;s:17:\"core\/latest-posts\";i:11;s:20:\"core\/latest-comments\";i:12;s:13:\"core\/archives\";i:13;s:15:\"core\/categories\";i:14;s:14:\"core\/shortcode\";}s:8:\"uag_flag\";b:0;s:11:\"uag_version\";s:10:\"1775168599\";s:6:\"gfonts\";a:0:{}s:10:\"gfonts_url\";s:0:\"\";s:12:\"gfonts_files\";a:0:{}s:14:\"uag_faq_layout\";b:0;}"],"_wc_gla_mc_status":["approved"]},"uagb_featured_image_src":{"full":["https:\/\/pophaw.com\/wp-content\/uploads\/2025\/01\/Main-image-1-8.webp",1500,1500,false],"thumbnail":["https:\/\/pophaw.com\/wp-content\/uploads\/2025\/01\/Main-image-1-8-150x150.webp",150,150,true],"medium":["https:\/\/pophaw.com\/wp-content\/uploads\/2025\/01\/Main-image-1-8-300x300.webp",300,300,true],"medium_large":["https:\/\/pophaw.com\/wp-content\/uploads\/2025\/01\/Main-image-1-8-768x768.webp",768,768,true],"large":["https:\/\/pophaw.com\/wp-content\/uploads\/2025\/01\/Main-image-1-8-1024x1024.webp",1024,1024,true],"ryviu-small":["https:\/\/pophaw.com\/wp-content\/uploads\/2025\/01\/Main-image-1-8.webp",40,40,false],"ryviu-medium":["https:\/\/pophaw.com\/wp-content\/uploads\/2025\/01\/Main-image-1-8.webp",132,132,false],"1536x1536":["https:\/\/pophaw.com\/wp-content\/uploads\/2025\/01\/Main-image-1-8.webp",1500,1500,false],"2048x2048":["https:\/\/pophaw.com\/wp-content\/uploads\/2025\/01\/Main-image-1-8.webp",1500,1500,false],"trp-custom-language-flag":["https:\/\/pophaw.com\/wp-content\/uploads\/2025\/01\/Main-image-1-8.webp",12,12,false],"woocommerce_thumbnail":["https:\/\/pophaw.com\/wp-content\/uploads\/2025\/01\/Main-image-1-8-300x300.webp",300,300,true],"woocommerce_single":["https:\/\/pophaw.com\/wp-content\/uploads\/2025\/01\/Main-image-1-8-600x600.webp",600,600,true],"woocommerce_gallery_thumbnail":["https:\/\/pophaw.com\/wp-content\/uploads\/2025\/01\/Main-image-1-8-100x100.webp",100,100,true]},"uagb_author_info":{"display_name":"Dr. Rowan","author_link":"https:\/\/pophaw.com\/de\/author\/"},"uagb_comment_info":0,"uagb_excerpt":"100 Safe-Strips, 100 Lancing Devices, a Painfree Lancing Pen","_links":{"self":[{"href":"https:\/\/pophaw.com\/de\/wp-json\/wp\/v2\/product\/10149","targetHints":{"allow":["GET"]}}],"collection":[{"href":"https:\/\/pophaw.com\/de\/wp-json\/wp\/v2\/product"}],"about":[{"href":"https:\/\/pophaw.com\/de\/wp-json\/wp\/v2\/types\/product"}],"wp:featuredmedia":[{"embeddable":true,"href":"https:\/\/pophaw.com\/de\/wp-json\/wp\/v2\/media\/10151"}],"wp:attachment":[{"href":"https:\/\/pophaw.com\/de\/wp-json\/wp\/v2\/media?parent=10149"}],"wp:term":[{"taxonomy":"product_brand","embeddable":true,"href":"https:\/\/pophaw.com\/de\/wp-json\/wp\/v2\/product_brand?post=10149"},{"taxonomy":"product_cat","embeddable":true,"href":"https:\/\/pophaw.com\/de\/wp-json\/wp\/v2\/product_cat?post=10149"},{"taxonomy":"product_tag","embeddable":true,"href":"https:\/\/pophaw.com\/de\/wp-json\/wp\/v2\/product_tag?post=10149"}],"curies":[{"name":"wp","href":"https:\/\/api.w.org\/{rel}","templated":true}]}}