{"id":10182,"date":"2025-01-10T03:21:50","date_gmt":"2025-01-10T11:21:50","guid":{"rendered":"https:\/\/pophaw.com\/?post_type=product&#038;p=10182"},"modified":"2025-01-25T23:32:34","modified_gmt":"2025-01-26T07:32:34","slug":"braun-thermoscan-7-ohrthermometer","status":"publish","type":"product","link":"https:\/\/pophaw.com\/de\/produkt\/braun-thermoscan-7-ohrthermometer\/","title":{"rendered":"Braun Thermoscan 7 Ohr-Thermometer"},"content":{"rendered":"<p>Das Braun ThermoScan 7 Ohr-Thermometer ist eine bew\u00e4hrte und zuverl\u00e4ssige L\u00f6sung f\u00fcr pr\u00e4zise Temperaturmessungen. Ausgestattet mit der Age Precision\u00ae Technologie liefert es genaue, auf verschiedene Altersgruppen zugeschnittene Messwerte und sorgt so f\u00fcr Sicherheit bei jeder Messung. Die vorgew\u00e4rmte Spitze erh\u00f6ht den Komfort und reduziert die Variabilit\u00e4t f\u00fcr konsistente Ergebnisse, w\u00e4hrend das gro\u00dfe, leicht ablesbare Display ein farbkodiertes Fieber-Leitsystem enth\u00e4lt. Dieses Thermometer eignet sich perfekt f\u00fcr S\u00e4uglinge, Kinder und Erwachsene und ist hygienisch, da es mit Einweg-Linsenfiltern ausgestattet ist, um die Sauberkeit zu gew\u00e4hrleisten. Kompakt, benutzerfreundlich und klinisch erprobt - das Braun ThermoScan 7 ist ein unverzichtbares Ger\u00e4t f\u00fcr die h\u00e4usliche Pflege.<\/p>\n<ul class=\"a-unordered-list a-vertical a-spacing-mini\">\n<li class=\"a-spacing-mini\"><span class=\"a-list-item\">SCHNELLE ERGEBNISSE Mit dem Braun ThermoScan 7 Digitalthermometer erhalten Sie Ergebnisse in Sekundenschnelle. Dieses Ohrthermometer f\u00fcr Erwachsene und Kinder nutzt die Age Precision Technology f\u00fcr eine altersgerechte Fiebermessung. Mit dem farbcodierten Display lassen sich die Ergebnisse leicht interpretieren.<\/span><\/li>\n<li class=\"a-spacing-mini\"><span class=\"a-list-item\">EINFACH ZU BENUTZEN: Mit einer vorgew\u00e4rmten Spitze kann es bequem als Babythermometer verwendet werden. Die Infrarot-Technologie in diesem Thermometer f\u00fcr S\u00e4uglinge misst die Temperatur sofort. Das ExactTemp-System verwendet ein Licht und einen Piepton, um die richtige Positionierung im Ohr zu best\u00e4tigen.<\/span><\/li>\n<li class=\"a-spacing-mini\"><span class=\"a-list-item\">HYGIENISCHES TEILEN: Es ist nicht nur ein Babythermometer f\u00fcr Kleinkinder; dieses sanfte Braun Thermometer kann f\u00fcr die ganze Familie verwendet werden. Die Einweg-Abdeckungen f\u00fcr das Ohrthermometer und die Linsenfilter machen das Teilen hygienisch.<\/span><\/li>\n<li class=\"a-spacing-mini\"><span class=\"a-list-item\">MEIST EMPFOHLENE THERMOMETER VON KINDER\u00c4RZTEN* Wenn Sie zu Hause Fieber messen, sollten Sie das beste digitale Thermometer f\u00fcr Kinder und Erwachsene verwenden. Das Braun ThermoScan 7 ist klinisch erwiesenerma\u00dfen genauso genau wie rektale Fieberthermometer f\u00fcr Neugeborene.<\/span><\/li>\n<li class=\"a-spacing-mini\"><span class=\"a-list-item\">EINE MARKE, AUF DIE SIE SICH VERLASSEN K\u00d6NNEN: Kinder\u00e4rzte verlassen sich auf Braun Digital-, Stirn- und ber\u00fchrungslose Thermometer - und Sie k\u00f6nnen das auch. Die Gesundheit Ihrer Familie ist von gr\u00f6\u00dfter Bedeutung, und wir stellen Thermometer her, denen Sie vertrauen k\u00f6nnen.<\/span><\/li>\n<\/ul>","protected":false},"excerpt":{"rendered":"<p>Wahl des Kinderarztes #1 (IRT6520BUS)<\/p>","protected":false},"featured_media":10183,"template":"","meta":{"bwfblock_default_font":"","_uag_custom_page_level_css":"","site-sidebar-layout":"default","site-content-layout":"","ast-site-content-layout":"default","site-content-style":"default","site-sidebar-style":"default","ast-global-header-display":"","ast-banner-title-visibility":"","ast-main-header-display":"","ast-hfb-above-header-display":"","ast-hfb-below-header-display":"","ast-hfb-mobile-header-display":"","site-post-title":"","ast-breadcrumbs-content":"","ast-featured-img":"","footer-sml-layout":"","ast-disable-related-posts":"","theme-transparent-header-meta":"default","adv-header-id-meta":"","stick-header-meta":"default","header-above-stick-meta":"","header-main-stick-meta":"","header-below-stick-meta":"","astra-migrate-meta-layouts":"set","ast-page-background-enabled":"default","ast-page-background-meta":{"desktop":{"background-color":"","background-image":"","background-repeat":"repeat","background-position":"center center","background-size":"auto","background-attachment":"scroll","background-type":"","background-media":"","overlay-type":"","overlay-color":"","overlay-opacity":"","overlay-gradient":""},"tablet":{"background-color":"","background-image":"","background-repeat":"repeat","background-position":"center center","background-size":"auto","background-attachment":"scroll","background-type":"","background-media":"","overlay-type":"","overlay-color":"","overlay-opacity":"","overlay-gradient":""},"mobile":{"background-color":"","background-image":"","background-repeat":"repeat","background-position":"center center","background-size":"auto","background-attachment":"scroll","background-type":"","background-media":"","overlay-type":"","overlay-color":"","overlay-opacity":"","overlay-gradient":""}},"ast-content-background-meta":{"desktop":{"background-color":"var(--ast-global-color-5)","background-image":"","background-repeat":"repeat","background-position":"center center","background-size":"auto","background-attachment":"scroll","background-type":"","background-media":"","overlay-type":"","overlay-color":"","overlay-opacity":"","overlay-gradient":""},"tablet":{"background-color":"var(--ast-global-color-5)","background-image":"","background-repeat":"repeat","background-position":"center center","background-size":"auto","background-attachment":"scroll","background-type":"","background-media":"","overlay-type":"","overlay-color":"","overlay-opacity":"","overlay-gradient":""},"mobile":{"background-color":"var(--ast-global-color-5)","background-image":"","background-repeat":"repeat","background-position":"center center","background-size":"auto","background-attachment":"scroll","background-type":"","background-media":"","overlay-type":"","overlay-color":"","overlay-opacity":"","overlay-gradient":""}}},"product_brand":[],"product_cat":[339,336,93,189,99,190],"product_tag":[],"class_list":{"0":"post-10182","1":"product","2":"type-product","3":"status-publish","4":"has-post-thumbnail","6":"product_cat-monitoring","7":"product_cat-healthcare-products","8":"product_cat-hearing-vision-care","9":"product_cat-home-diagnostics","10":"product_cat-home-medical-supplies","11":"product_cat-wellness-monitoring","12":"desktop-align-center","13":"tablet-align-center","14":"mobile-align-center","15":"ast-product-gallery-layout-horizontal-slider","16":"ast-magnify-disabled","17":"ast-product-tabs-layout-horizontal","19":"first","20":"instock","21":"shipping-taxable","22":"purchasable","23":"product-type-simple"},"spectra_custom_meta":{"_edit_lock":["1737876755:1"],"_edit_last":["1"],"rank_math_seo_score":["88"],"rank_math_focus_keyword":["Braun ThermoScan 7"],"rank_math_description":["The Braun ThermoScan 7 Ear Thermometer is a trusted and reliable solution for precise temperature measurement."],"_thumbnail_id":["10183"],"_admin_notes":["https:\/\/www.ebay.com\/itm\/116381660555"],"_custom_product_field":[""],"_sku":["EB218043"],"_global_unique_id":["17841900187732"],"_regular_price":["49"],"total_sales":["0"],"_tax_status":["taxable"],"_tax_class":[""],"_manage_stock":["no"],"_backorders":["no"],"_sold_individually":["no"],"_virtual":["no"],"_downloadable":["no"],"_download_limit":["-1"],"_download_expiry":["-1"],"_stock":[null],"_stock_status":["instock"],"_wc_average_rating":["0"],"_wc_review_count":["0"],"_product_version":["9.6.0"],"_price":["49"],"_wc_gla_visibility":["sync-and-show"],"_wc_gla_sync_status":["synced"],"_product_image_gallery":["10185,10186,10187,10188,10184"],"_wc_facebook_sync_enabled":["yes"],"fb_visibility":["yes"],"fb_product_description":[""],"_wc_facebook_product_image_source":["product"],"_wc_facebook_commerce_enabled":["no"],"fb_product_group_id":["9298268883537718"],"rank_math_primary_product_brand":["0"],"rank_math_primary_product_cat":["339"],"rank_math_primary_fb_product_set":["0"],"site-sidebar-layout":["default"],"ast-site-content-layout":["default"],"site-content-style":["default"],"site-sidebar-style":["default"],"theme-transparent-header-meta":["default"],"astra-migrate-meta-layouts":["set"],"stick-header-meta":["default"],"rank_math_analytic_object_id":["220"],"fb_product_item_id":["9298269106871029"],"_wc_gla_synced_at":["1776049267"],"_wc_gla_google_ids":["a:1:{s:2:\"US\";s:22:\"online:en:US:gla_10182\";}"],"wp_statistics_words_count":["270"],"wpil_sync_report3":["1"],"wpil_links_inbound_internal_count":["0"],"wpil_links_inbound_internal_count_data":["eJxLtDKwqq4FAAZPAf4="],"wpil_links_outbound_internal_count":["0"],"wpil_links_outbound_internal_count_data":["eJxLtDKwqq4FAAZPAf4="],"wpil_links_outbound_external_count":["0"],"wpil_links_outbound_external_count_data":["eJxLtDKwqq4FAAZPAf4="],"wpil_sync_report2_time":["2025-01-27T07:29:10+00:00"],"omnisend_last_sync":["2025-05-16T11:05:10+00:00"],"surerank_settings_general":["a:7:{s:9:\"separator\";s:1:\"-\";s:10:\"page_title\";s:21:\"%title% - %site_name%\";s:25:\"auto_generate_description\";b:1;s:16:\"page_description\";s:110:\"The Braun ThermoScan 7 Ear Thermometer is a trusted and reliable solution for precise temperature measurement.\";s:16:\"auto_description\";s:155:\"The Braun ThermoScan 7 Ear Thermometer is a trusted and reliable solution for precise temperature measurement. Equipped with Age Precision\u00ae technology, it\";s:14:\"fallback_image\";s:0:\"\";s:13:\"canonical_url\";s:62:\"https:\/\/pophaw.com\/product\/braun-thermoscan-7-ear-thermometer\/\";}"],"surerank_settings_post_no_index":["no"],"surerank_settings_post_no_follow":["no"],"surerank_settings_post_no_archive":["no"],"surerank_settings_social":["a:23:{s:15:\"open_graph_tags\";b:1;s:18:\"facebook_meta_tags\";b:1;s:17:\"twitter_meta_tags\";b:1;s:16:\"oembeded_scripts\";b:1;s:17:\"oembeded_og_title\";b:1;s:22:\"oembeded_social_images\";b:1;s:27:\"oembeded_remove_author_name\";b:1;s:17:\"facebook_page_url\";s:54:\"https:\/\/www.facebook.com\/profile.php?id=61571207938497\";s:24:\"facebook_author_fallback\";s:0:\"\";s:17:\"twitter_card_type\";s:19:\"summary_large_image\";s:24:\"twitter_same_as_facebook\";b:1;s:24:\"twitter_profile_username\";s:0:\"\";s:24:\"twitter_profile_fallback\";s:0:\"\";s:14:\"facebook_title\";s:21:\"%title% - %site_name%\";s:20:\"facebook_description\";s:9:\"%content%\";s:18:\"facebook_image_url\";s:60:\"https:\/\/pophaw.com\/wp-content\/uploads\/2025\/01\/image_1-1.webp\";s:17:\"facebook_image_id\";i:10183;s:20:\"facebook_image_width\";i:1200;s:21:\"facebook_image_height\";i:1200;s:13:\"twitter_title\";s:21:\"%title% - %site_name%\";s:19:\"twitter_description\";s:9:\"%content%\";s:17:\"twitter_image_url\";s:60:\"https:\/\/pophaw.com\/wp-content\/uploads\/2025\/01\/image_1-1.webp\";s:16:\"twitter_image_id\";i:10183;}"],"surerank_migration":["1"],"astra_style_timestamp_css":["1776876029"],"wwpp_product_wholesale_visibility_filter":["all"],"_uag_css_file_name":["uag-css-10182.css"],"rank_math_internal_links_processed":["1"],"_uag_page_assets":["a:9:{s:3:\"css\";s:260:\".uag-blocks-common-selector{z-index:var(--z-index-desktop) !important}@media(max-width: 976px){.uag-blocks-common-selector{z-index:var(--z-index-tablet) !important}}@media(max-width: 767px){.uag-blocks-common-selector{z-index:var(--z-index-mobile) !important}}\";s:2:\"js\";s:0:\"\";s:18:\"current_block_list\";a:15:{i:0;s:23:\"surecart\/slide-out-cart\";i:1;s:30:\"surecart\/slide-out-cart-header\";i:2;s:29:\"surecart\/slide-out-cart-items\";i:3;s:30:\"surecart\/slide-out-cart-coupon\";i:4;s:32:\"surecart\/slide-out-cart-subtotal\";i:5;s:38:\"surecart\/slide-out-cart-bump-line-item\";i:6;s:30:\"surecart\/slide-out-cart-submit\";i:7;s:11:\"core\/search\";i:8;s:10:\"core\/group\";i:9;s:12:\"core\/heading\";i:10;s:17:\"core\/latest-posts\";i:11;s:20:\"core\/latest-comments\";i:12;s:13:\"core\/archives\";i:13;s:15:\"core\/categories\";i:14;s:14:\"core\/shortcode\";}s:8:\"uag_flag\";b:0;s:11:\"uag_version\";s:10:\"1776869369\";s:6:\"gfonts\";a:0:{}s:10:\"gfonts_url\";s:0:\"\";s:12:\"gfonts_files\";a:0:{}s:14:\"uag_faq_layout\";b:0;}"],"_wc_gla_mc_status":["approved"]},"uagb_featured_image_src":{"full":["https:\/\/pophaw.com\/wp-content\/uploads\/2025\/01\/image_1-1.webp",1200,1200,false],"thumbnail":["https:\/\/pophaw.com\/wp-content\/uploads\/2025\/01\/image_1-1-150x150.webp",150,150,true],"medium":["https:\/\/pophaw.com\/wp-content\/uploads\/2025\/01\/image_1-1-300x300.webp",300,300,true],"medium_large":["https:\/\/pophaw.com\/wp-content\/uploads\/2025\/01\/image_1-1-768x768.webp",768,768,true],"large":["https:\/\/pophaw.com\/wp-content\/uploads\/2025\/01\/image_1-1-1024x1024.webp",1024,1024,true],"ryviu-small":["https:\/\/pophaw.com\/wp-content\/uploads\/2025\/01\/image_1-1.webp",40,40,false],"ryviu-medium":["https:\/\/pophaw.com\/wp-content\/uploads\/2025\/01\/image_1-1.webp",132,132,false],"1536x1536":["https:\/\/pophaw.com\/wp-content\/uploads\/2025\/01\/image_1-1.webp",1200,1200,false],"2048x2048":["https:\/\/pophaw.com\/wp-content\/uploads\/2025\/01\/image_1-1.webp",1200,1200,false],"trp-custom-language-flag":["https:\/\/pophaw.com\/wp-content\/uploads\/2025\/01\/image_1-1.webp",12,12,false],"woocommerce_thumbnail":["https:\/\/pophaw.com\/wp-content\/uploads\/2025\/01\/image_1-1-300x300.webp",300,300,true],"woocommerce_single":["https:\/\/pophaw.com\/wp-content\/uploads\/2025\/01\/image_1-1-600x600.webp",600,600,true],"woocommerce_gallery_thumbnail":["https:\/\/pophaw.com\/wp-content\/uploads\/2025\/01\/image_1-1-100x100.webp",100,100,true]},"uagb_author_info":{"display_name":"Dr. Rowan","author_link":"https:\/\/pophaw.com\/de\/author\/"},"uagb_comment_info":0,"uagb_excerpt":"Pediatrician\u2019s #1 Choice (IRT6520BUS)","_links":{"self":[{"href":"https:\/\/pophaw.com\/de\/wp-json\/wp\/v2\/product\/10182","targetHints":{"allow":["GET"]}}],"collection":[{"href":"https:\/\/pophaw.com\/de\/wp-json\/wp\/v2\/product"}],"about":[{"href":"https:\/\/pophaw.com\/de\/wp-json\/wp\/v2\/types\/product"}],"wp:featuredmedia":[{"embeddable":true,"href":"https:\/\/pophaw.com\/de\/wp-json\/wp\/v2\/media\/10183"}],"wp:attachment":[{"href":"https:\/\/pophaw.com\/de\/wp-json\/wp\/v2\/media?parent=10182"}],"wp:term":[{"taxonomy":"product_brand","embeddable":true,"href":"https:\/\/pophaw.com\/de\/wp-json\/wp\/v2\/product_brand?post=10182"},{"taxonomy":"product_cat","embeddable":true,"href":"https:\/\/pophaw.com\/de\/wp-json\/wp\/v2\/product_cat?post=10182"},{"taxonomy":"product_tag","embeddable":true,"href":"https:\/\/pophaw.com\/de\/wp-json\/wp\/v2\/product_tag?post=10182"}],"curies":[{"name":"wp","href":"https:\/\/api.w.org\/{rel}","templated":true}]}}