{"id":10276,"date":"2025-01-11T04:17:44","date_gmt":"2025-01-11T12:17:44","guid":{"rendered":"https:\/\/pophaw.com\/?post_type=product&#038;p=10276"},"modified":"2025-01-25T23:34:03","modified_gmt":"2025-01-26T07:34:03","slug":"tens-gerat-muskelstimulator","status":"publish","type":"product","link":"https:\/\/pophaw.com\/de\/produkt\/tens-gerat-muskelstimulator\/","title":{"rendered":"Tens-Ger\u00e4t-Muskelstimulator"},"content":{"rendered":"<p><strong>Tens Unit Muskelstimulator K\u00f6rper Kreislauf Schmerzlinderung Therapie Maschine Ger\u00e4t<\/strong><\/p>\n<ul data-immersive-translate-walked=\"1aa85f84-c85f-4901-96d7-35103d5ada9c\">\n<li data-immersive-translate-walked=\"1aa85f84-c85f-4901-96d7-35103d5ada9c\">\n<div data-immersive-translate-walked=\"1aa85f84-c85f-4901-96d7-35103d5ada9c\"><span data-immersive-translate-walked=\"1aa85f84-c85f-4901-96d7-35103d5ada9c\">Es handelt sich um eine Kombination aus TENS- und PMS-Ger\u00e4ten, einer arzneimittelfreien Methode zur Schmerzlinderung, die seit \u00fcber 40 Jahren von Physiotherapeuten eingesetzt und \u00c4rzten verschrieben wird.<\/span><\/div>\n<\/li>\n<li data-immersive-translate-walked=\"1aa85f84-c85f-4901-96d7-35103d5ada9c\">\n<div data-immersive-translate-walked=\"1aa85f84-c85f-4901-96d7-35103d5ada9c\"><span data-immersive-translate-walked=\"1aa85f84-c85f-4901-96d7-35103d5ada9c\">TechCare-Massageger\u00e4te geben Niederspannungsimpulse an die Haut ab, um die Nervenfasern zu stimulieren und das Schmerzsignal an Ihr Gehirn zu blockieren.<\/span><\/div>\n<\/li>\n<li data-immersive-translate-walked=\"1aa85f84-c85f-4901-96d7-35103d5ada9c\">\n<div data-immersive-translate-walked=\"1aa85f84-c85f-4901-96d7-35103d5ada9c\"><span data-immersive-translate-walked=\"1aa85f84-c85f-4901-96d7-35103d5ada9c\">Erh\u00f6ht auch die nat\u00fcrlichen Endorphine. Es wird KEINE Notwendigkeit mehr f\u00fcr Schmerztabletten geben!<\/span><\/div>\n<\/li>\n<li data-immersive-translate-walked=\"1aa85f84-c85f-4901-96d7-35103d5ada9c\">\n<div data-immersive-translate-walked=\"1aa85f84-c85f-4901-96d7-35103d5ada9c\"><span data-immersive-translate-walked=\"1aa85f84-c85f-4901-96d7-35103d5ada9c\">Wiederaufladbare, integrierte Lithium-Batterie\u00a0<\/span><\/div>\n<\/li>\n<li data-immersive-translate-walked=\"1aa85f84-c85f-4901-96d7-35103d5ada9c\">\n<div data-immersive-translate-walked=\"1aa85f84-c85f-4901-96d7-35103d5ada9c\"><span data-immersive-translate-walked=\"1aa85f84-c85f-4901-96d7-35103d5ada9c\">Tens Ems Massage Modi Optionen<\/span><\/div>\n<\/li>\n<li data-immersive-translate-walked=\"1aa85f84-c85f-4901-96d7-35103d5ada9c\">\n<div data-immersive-translate-walked=\"1aa85f84-c85f-4901-96d7-35103d5ada9c\"><span data-immersive-translate-walked=\"1aa85f84-c85f-4901-96d7-35103d5ada9c\">24 verschiedene Multi-Massage-Modi<\/span><\/div>\n<\/li>\n<li data-immersive-translate-walked=\"1aa85f84-c85f-4901-96d7-35103d5ada9c\">\n<div data-immersive-translate-walked=\"1aa85f84-c85f-4901-96d7-35103d5ada9c\"><span data-immersive-translate-walked=\"1aa85f84-c85f-4901-96d7-35103d5ada9c\">2 Kan\u00e4le, zehn Einheiten<\/span><\/div>\n<\/li>\n<li data-immersive-translate-walked=\"1aa85f84-c85f-4901-96d7-35103d5ada9c\">\n<div data-immersive-translate-walked=\"1aa85f84-c85f-4901-96d7-35103d5ada9c\"><span data-immersive-translate-walked=\"1aa85f84-c85f-4901-96d7-35103d5ada9c\">Einstellbare 20 verschiedene Intensit\u00e4tsstufen<\/span><\/div>\n<\/li>\n<li data-immersive-translate-walked=\"1aa85f84-c85f-4901-96d7-35103d5ada9c\">\n<div data-immersive-translate-walked=\"1aa85f84-c85f-4901-96d7-35103d5ada9c\"><span data-immersive-translate-walked=\"1aa85f84-c85f-4901-96d7-35103d5ada9c\">Automatische Abschaltung\u00a0<\/span><\/div>\n<\/li>\n<li data-immersive-translate-walked=\"1aa85f84-c85f-4901-96d7-35103d5ada9c\">\n<div data-immersive-translate-walked=\"1aa85f84-c85f-4901-96d7-35103d5ada9c\"><span data-immersive-translate-walked=\"1aa85f84-c85f-4901-96d7-35103d5ada9c\">Verbesserung der Blutzirkulation<\/span><\/div>\n<\/li>\n<li data-immersive-translate-walked=\"1aa85f84-c85f-4901-96d7-35103d5ada9c\">\n<div data-immersive-translate-walked=\"1aa85f84-c85f-4901-96d7-35103d5ada9c\"><span data-immersive-translate-walked=\"1aa85f84-c85f-4901-96d7-35103d5ada9c\">Leicht zu bedienen und einfach<\/span><\/div>\n<\/li>\n<li data-immersive-translate-walked=\"1aa85f84-c85f-4901-96d7-35103d5ada9c\">\n<div data-immersive-translate-walked=\"1aa85f84-c85f-4901-96d7-35103d5ada9c\"><span data-immersive-translate-walked=\"1aa85f84-c85f-4901-96d7-35103d5ada9c\">Mehrere vorprogrammierte Massagemodi. Klopfen, Akupunktur, Deep Tissue, Fu\u00df, Schr\u00f6pfen, Combo.<\/span><\/div>\n<\/li>\n<li data-immersive-translate-walked=\"1aa85f84-c85f-4901-96d7-35103d5ada9c\">\n<div data-immersive-translate-walked=\"1aa85f84-c85f-4901-96d7-35103d5ada9c\"><span data-immersive-translate-walked=\"1aa85f84-c85f-4901-96d7-35103d5ada9c\">Einstellbarer 10- bis 60-Minuten-Timer mit der Taste \u201cT\u201d.<\/span><\/div>\n<\/li>\n<li data-immersive-translate-walked=\"1aa85f84-c85f-4901-96d7-35103d5ada9c\">\n<div data-immersive-translate-walked=\"1aa85f84-c85f-4901-96d7-35103d5ada9c\"><span data-immersive-translate-walked=\"1aa85f84-c85f-4901-96d7-35103d5ada9c\">Wiederaufladbare interne Lithium-Batterie.<\/span><\/div>\n<\/li>\n<li data-immersive-translate-walked=\"1aa85f84-c85f-4901-96d7-35103d5ada9c\">\n<div data-immersive-translate-walked=\"1aa85f84-c85f-4901-96d7-35103d5ada9c\"><span data-immersive-translate-walked=\"1aa85f84-c85f-4901-96d7-35103d5ada9c\">Bis zu 20 Stunden kontinuierliche Nutzung.<\/span><\/div>\n<\/li>\n<li data-immersive-translate-walked=\"1aa85f84-c85f-4901-96d7-35103d5ada9c\">\n<div data-immersive-translate-walked=\"1aa85f84-c85f-4901-96d7-35103d5ada9c\"><span data-immersive-translate-walked=\"1aa85f84-c85f-4901-96d7-35103d5ada9c\">Mit dem A-B-Ausgang k\u00f6nnen Sie ihn als 2 separate Benutzer verwenden.<\/span><\/div>\n<\/li>\n<li data-immersive-translate-walked=\"1aa85f84-c85f-4901-96d7-35103d5ada9c\">\n<div data-immersive-translate-walked=\"1aa85f84-c85f-4901-96d7-35103d5ada9c\"><span data-immersive-translate-walked=\"1aa85f84-c85f-4901-96d7-35103d5ada9c\" data-immersive-translate-paragraph=\"1\">Taschenformat<\/span><\/div>\n<\/li>\n<li data-immersive-translate-walked=\"1aa85f84-c85f-4901-96d7-35103d5ada9c\">\n<div data-immersive-translate-walked=\"1aa85f84-c85f-4901-96d7-35103d5ada9c\"><span data-immersive-translate-walked=\"1aa85f84-c85f-4901-96d7-35103d5ada9c\" data-immersive-translate-paragraph=\"1\">Tragbar<\/span><\/div>\n<\/li>\n<li data-immersive-translate-walked=\"1aa85f84-c85f-4901-96d7-35103d5ada9c\">\n<div data-immersive-translate-walked=\"1aa85f84-c85f-4901-96d7-35103d5ada9c\"><span data-immersive-translate-walked=\"1aa85f84-c85f-4901-96d7-35103d5ada9c\" data-immersive-translate-paragraph=\"1\">FSA\/HSA-f\u00e4hig<\/span><\/div>\n<\/li>\n<li data-immersive-translate-walked=\"1aa85f84-c85f-4901-96d7-35103d5ada9c\">\n<div data-immersive-translate-walked=\"1aa85f84-c85f-4901-96d7-35103d5ada9c\"><span data-immersive-translate-walked=\"1aa85f84-c85f-4901-96d7-35103d5ada9c\" data-immersive-translate-paragraph=\"1\">2 Schmerzpunkte gleichzeitig behandeln<\/span><\/div>\n<\/li>\n<li data-immersive-translate-walked=\"1aa85f84-c85f-4901-96d7-35103d5ada9c\">\n<div data-immersive-translate-walked=\"1aa85f84-c85f-4901-96d7-35103d5ada9c\"><span data-immersive-translate-walked=\"1aa85f84-c85f-4901-96d7-35103d5ada9c\" data-immersive-translate-paragraph=\"1\">Nat\u00fcrliche Schmerzlinderung<\/span><\/div>\n<\/li>\n<li data-immersive-translate-walked=\"1aa85f84-c85f-4901-96d7-35103d5ada9c\">\n<div data-immersive-translate-walked=\"1aa85f84-c85f-4901-96d7-35103d5ada9c\"><span data-immersive-translate-walked=\"1aa85f84-c85f-4901-96d7-35103d5ada9c\" data-immersive-translate-paragraph=\"1\">Arzneimittelfreie Therapie<\/span><\/div>\n<\/li>\n<li data-immersive-translate-walked=\"1aa85f84-c85f-4901-96d7-35103d5ada9c\">\n<div data-immersive-translate-walked=\"1aa85f84-c85f-4901-96d7-35103d5ada9c\"><span data-immersive-translate-walked=\"1aa85f84-c85f-4901-96d7-35103d5ada9c\" data-immersive-translate-paragraph=\"1\">Sicherheit und Effektivit\u00e4t<\/span><\/div>\n<\/li>\n<li data-immersive-translate-walked=\"1aa85f84-c85f-4901-96d7-35103d5ada9c\">\n<div data-immersive-translate-walked=\"1aa85f84-c85f-4901-96d7-35103d5ada9c\"><span data-immersive-translate-walked=\"1aa85f84-c85f-4901-96d7-35103d5ada9c\" data-immersive-translate-paragraph=\"1\">Leichtgewicht<\/span><\/div>\n<\/li>\n<li data-immersive-translate-walked=\"1aa85f84-c85f-4901-96d7-35103d5ada9c\">\n<div data-immersive-translate-walked=\"1aa85f84-c85f-4901-96d7-35103d5ada9c\"><span data-immersive-translate-walked=\"1aa85f84-c85f-4901-96d7-35103d5ada9c\" data-immersive-translate-paragraph=\"1\">Lebenslange Garantie<\/span><\/div>\n<\/li>\n<li data-immersive-translate-walked=\"1aa85f84-c85f-4901-96d7-35103d5ada9c\">\n<div data-immersive-translate-walked=\"1aa85f84-c85f-4901-96d7-35103d5ada9c\"><span data-immersive-translate-walked=\"1aa85f84-c85f-4901-96d7-35103d5ada9c\" data-immersive-translate-paragraph=\"1\">Tens und Ems Kombi-Ger\u00e4t<\/span><\/div>\n<\/li>\n<\/ul>\n<p data-immersive-translate-walked=\"1aa85f84-c85f-4901-96d7-35103d5ada9c\"><strong>Tens-Ger\u00e4t-Muskelstimulator-Paket enth\u00e4lt\u00a0<\/strong><\/p>\n<p data-immersive-translate-walked=\"1aa85f84-c85f-4901-96d7-35103d5ada9c\">1x Neuestes Modell Controller,<br \/>\n6 gro\u00dfe Elektroden (Pads),<br \/>\n2 Elektrodenkabel,<br \/>\n1 Paar Massageslipper<br \/>\n1 Massagerg\u00fcrtel<br \/>\nBenutzerhandbuch,<br \/>\nUSB- und Wandladeger\u00e4t,<br \/>\n1 Kleines Elektrodenpad und Drahthalterung,<br \/>\n1 Tabelle der Behandlungspunkte<br \/>\nSie kommen alle mit einer LIMITIME GARANTIE.<\/p>\n<p>TechCare Massager Plus ist ein batteriebetriebenes Zweikanal-Multifunktionsger\u00e4t, das sowohl die Qualit\u00e4ten eines transkutanen elektrischen Nervenstimulators (TENS) als auch eines Powered Muscle Simulators (PMS) in einem Ger\u00e4t bietet. Pro bietet ein gro\u00dfes LCD-Display, mehrere Massagemodi und 2 A-B-Ausg\u00e4nge. Das Ger\u00e4t verf\u00fcgt \u00fcber einen einstellbaren Timer, eine Batteriestandsanzeige und eine eingebaute Lithiumbatterie.<\/p>\n<p>GARANTIE: Tens Unit Muscle Stimulator Massager gesichert mit begrenzter lebenslanger Garantie und 30-Tage-Geld-zur\u00fcck-Garantie.<\/p>\n<p>Hochwertige verstellbare Massageschuhe passen den meisten F\u00fc\u00dfen.<br \/>\nSie sitzen einfach da und entspannen sich, w\u00e4hrend die Schuhe Ihre F\u00fc\u00dfe massieren.<br \/>\n2 integrierte Silikonelektroden, die den Kauf von Ersatz-Elektrodenpads \u00fcberfl\u00fcssig machen<br \/>\nEs lindert Schmerzen in den F\u00fc\u00dfen und Beinen sowie Muskelkater in den Beinen, w\u00e4hrend Sie arbeiten oder fernsehen. Liefert einen elektrischen Impuls auf einer gr\u00f6\u00dferen Fl\u00e4che unter Ihren F\u00fc\u00dfen, so dass Sie es verwenden k\u00f6nnen, w\u00e4hrend Sie an Ihrem Schreibtisch sitzen oder fernsehen.<\/p>\n<p>Gezielte Hightech-Schmerzlinderung bei Muskelkater im unteren R\u00fcckenbereich und Unterst\u00fctzung der Fettverbrennung in der Bauchgegend.<br \/>\nKompatibel mit den besten TENS-Ger\u00e4ten auf dem Markt, wie z. B. TechCare-Massageger\u00e4te, iRest-Massageger\u00e4te, Unimed-Massageger\u00e4te und andere beliebte TENS-Ger\u00e4te.<br \/>\n2 integrierte Silikonelektroden, die den Kauf von Ersatz-Elektrodenpads \u00fcberfl\u00fcssig machen<br \/>\nVerstellbarer extralanger G\u00fcrtel, 34\u2033 lang. Eine Gr\u00f6\u00dfe passt den meisten.<\/p>\n<p><strong>BITTE LESEN SIE DIE BEDIENUNGSANLEITUNG, BEVOR Sie das Ger\u00e4t in Betrieb nehmen.<\/strong><br \/>\nWenn Sie das Ger\u00e4t zum ersten Mal benutzen, laden Sie es bitte mindestens 10 Stunden lang auf.<br \/>\nWenn Sie das Ger\u00e4t nicht zu oft benutzen, laden Sie es bitte zweimal im Monat auf, um die Lebensdauer der Batterie zu verl\u00e4ngern.<br \/>\nDas Ger\u00e4t verf\u00fcgt \u00fcber Sicherheitsfunktionen. Das Ger\u00e4t beginnt erst dann zu arbeiten, wenn Sie die Pads auf Ihren K\u00f6rper legen.<\/p>","protected":false},"excerpt":{"rendered":"<p>1x Neuestes Modell Controller, 6 gro\u00dfe Elektroden (Pads), 2 Elektrodenkabel, 1 Paar Massager Slipper, 1 Massager G\u00fcrtel, Benutzerhandbuch, USB und Wand-Ladeger\u00e4t, 1 kleine Elektrode Pad und Draht-Halter, 1 Behandlung Punkte Chart<\/p>","protected":false},"featured_media":10278,"template":"","meta":{"bwfblock_default_font":"","_uag_custom_page_level_css":"","site-sidebar-layout":"default","site-content-layout":"","ast-site-content-layout":"default","site-content-style":"default","site-sidebar-style":"default","ast-global-header-display":"","ast-banner-title-visibility":"","ast-main-header-display":"","ast-hfb-above-header-display":"","ast-hfb-below-header-display":"","ast-hfb-mobile-header-display":"","site-post-title":"","ast-breadcrumbs-content":"","ast-featured-img":"","footer-sml-layout":"","ast-disable-related-posts":"","theme-transparent-header-meta":"default","adv-header-id-meta":"","stick-header-meta":"default","header-above-stick-meta":"","header-main-stick-meta":"","header-below-stick-meta":"","astra-migrate-meta-layouts":"set","ast-page-background-enabled":"default","ast-page-background-meta":{"desktop":{"background-color":"","background-image":"","background-repeat":"repeat","background-position":"center center","background-size":"auto","background-attachment":"scroll","background-type":"","background-media":"","overlay-type":"","overlay-color":"","overlay-opacity":"","overlay-gradient":""},"tablet":{"background-color":"","background-image":"","background-repeat":"repeat","background-position":"center center","background-size":"auto","background-attachment":"scroll","background-type":"","background-media":"","overlay-type":"","overlay-color":"","overlay-opacity":"","overlay-gradient":""},"mobile":{"background-color":"","background-image":"","background-repeat":"repeat","background-position":"center center","background-size":"auto","background-attachment":"scroll","background-type":"","background-media":"","overlay-type":"","overlay-color":"","overlay-opacity":"","overlay-gradient":""}},"ast-content-background-meta":{"desktop":{"background-color":"var(--ast-global-color-5)","background-image":"","background-repeat":"repeat","background-position":"center center","background-size":"auto","background-attachment":"scroll","background-type":"","background-media":"","overlay-type":"","overlay-color":"","overlay-opacity":"","overlay-gradient":""},"tablet":{"background-color":"var(--ast-global-color-5)","background-image":"","background-repeat":"repeat","background-position":"center center","background-size":"auto","background-attachment":"scroll","background-type":"","background-media":"","overlay-type":"","overlay-color":"","overlay-opacity":"","overlay-gradient":""},"mobile":{"background-color":"var(--ast-global-color-5)","background-image":"","background-repeat":"repeat","background-position":"center center","background-size":"auto","background-attachment":"scroll","background-type":"","background-media":"","overlay-type":"","overlay-color":"","overlay-opacity":"","overlay-gradient":""}}},"product_brand":[73],"product_cat":[344,336,99,124],"product_tag":[],"class_list":{"0":"post-10276","1":"product","2":"type-product","3":"status-publish","4":"has-post-thumbnail","6":"product_brand-pophaw","7":"product_cat-pain-management","8":"product_cat-healthcare-products","9":"product_cat-home-medical-supplies","10":"product_cat-pain-management-therapy","11":"desktop-align-center","12":"tablet-align-center","13":"mobile-align-center","14":"ast-product-gallery-layout-horizontal-slider","15":"ast-product-gallery-with-no-image","16":"ast-magnify-disabled","17":"ast-product-tabs-layout-horizontal","19":"first","20":"instock","21":"shipping-taxable","22":"purchasable","23":"product-type-simple"},"spectra_custom_meta":{"classic-editor-remember":["classic-editor"],"_edit_lock":["1737876845:1"],"_edit_last":["1"],"rank_math_seo_score":["84"],"rank_math_focus_keyword":["Tens Unit Muscle Stimulator"],"rank_math_description":["Tens Unit Muscle Stimulator Body Circulation Pain Relief Therapy Machine Device. 1x Newest Model Controller, 6 Large Electrodes ( Pads ), 2 Electrodes Cables, 1 Pair of Massager Slipper, 1 Massager Belt, User's Manual, USB and Wall Charger, 1 Small Electrode Pad and Wire Holder, 1 Treatment Points Chart"],"_thumbnail_id":["10278"],"_admin_notes":["https:\/\/www.ebay.com\/itm\/363650789228"],"_custom_product_field":[""],"_sku":["EB218046"],"_global_unique_id":["17841900187787"],"_regular_price":["59.99"],"total_sales":["0"],"_tax_status":["taxable"],"_tax_class":[""],"_manage_stock":["no"],"_backorders":["no"],"_sold_individually":["no"],"_virtual":["no"],"_downloadable":["no"],"_download_limit":["-1"],"_download_expiry":["-1"],"_stock":[null],"_stock_status":["instock"],"_wc_average_rating":["0"],"_wc_review_count":["0"],"_product_version":["9.6.0"],"_price":["59.99"],"_wc_gla_visibility":["sync-and-show"],"_wc_gla_sync_status":["synced"],"_wc_facebook_sync_enabled":["yes"],"fb_visibility":["yes"],"fb_product_description":[""],"_wc_facebook_product_image_source":["product"],"_wc_facebook_commerce_enabled":["no"],"fb_product_group_id":["28126110150337387"],"rank_math_primary_product_brand":["73"],"rank_math_primary_product_cat":["344"],"rank_math_primary_fb_product_set":["0"],"site-sidebar-layout":["default"],"ast-site-content-layout":["default"],"site-content-style":["default"],"site-sidebar-style":["default"],"theme-transparent-header-meta":["default"],"astra-migrate-meta-layouts":["set"],"stick-header-meta":["default"],"rank_math_analytic_object_id":["228"],"_wc_gla_synced_at":["1776049267"],"_wc_gla_google_ids":["a:1:{s:2:\"US\";s:22:\"online:en:US:gla_10276\";}"],"fb_product_item_id":["28126110570337345"],"wp_statistics_words_count":["483"],"wpil_sync_report3":["1"],"wpil_links_inbound_internal_count":["0"],"wpil_links_inbound_internal_count_data":["eJxLtDKwqq4FAAZPAf4="],"wpil_links_outbound_internal_count":["0"],"wpil_links_outbound_internal_count_data":["eJxLtDKwqq4FAAZPAf4="],"wpil_links_outbound_external_count":["0"],"wpil_links_outbound_external_count_data":["eJxLtDKwqq4FAAZPAf4="],"wpil_sync_report2_time":["2025-01-27T07:29:10+00:00"],"omnisend_last_sync":["2025-05-16T11:05:10+00:00"],"surerank_settings_general":["a:7:{s:9:\"separator\";s:1:\"-\";s:10:\"page_title\";s:21:\"%title% - %site_name%\";s:25:\"auto_generate_description\";b:1;s:16:\"page_description\";s:304:\"Tens Unit Muscle Stimulator Body Circulation Pain Relief Therapy Machine Device. 1x Newest Model Controller, 6 Large Electrodes ( Pads ), 2 Electrodes Cables, 1 Pair of Massager Slipper, 1 Massager Belt, User's Manual, USB and Wall Charger, 1 Small Electrode Pad and Wire Holder, 1 Treatment Points Chart\";s:16:\"auto_description\";s:156:\"Tens Unit Muscle Stimulator Body Circulation Pain Relief Therapy Machine Device Tens Unit Muscle Stimulator Package Includes\u00a0 1x Newest Model Controller, 6\";s:14:\"fallback_image\";s:0:\"\";s:13:\"canonical_url\";s:55:\"https:\/\/pophaw.com\/product\/tens-unit-muscle-stimulator\/\";}"],"surerank_settings_post_no_index":["no"],"surerank_settings_post_no_follow":["no"],"surerank_settings_post_no_archive":["no"],"surerank_settings_social":["a:23:{s:15:\"open_graph_tags\";b:1;s:18:\"facebook_meta_tags\";b:1;s:17:\"twitter_meta_tags\";b:1;s:16:\"oembeded_scripts\";b:1;s:17:\"oembeded_og_title\";b:1;s:22:\"oembeded_social_images\";b:1;s:27:\"oembeded_remove_author_name\";b:1;s:17:\"facebook_page_url\";s:54:\"https:\/\/www.facebook.com\/profile.php?id=61571207938497\";s:24:\"facebook_author_fallback\";s:0:\"\";s:17:\"twitter_card_type\";s:19:\"summary_large_image\";s:24:\"twitter_same_as_facebook\";b:1;s:24:\"twitter_profile_username\";s:0:\"\";s:24:\"twitter_profile_fallback\";s:0:\"\";s:14:\"facebook_title\";s:21:\"%title% - %site_name%\";s:20:\"facebook_description\";s:9:\"%content%\";s:18:\"facebook_image_url\";s:66:\"https:\/\/pophaw.com\/wp-content\/uploads\/2025\/01\/Main-image-1-13.webp\";s:17:\"facebook_image_id\";i:10278;s:20:\"facebook_image_width\";i:1080;s:21:\"facebook_image_height\";i:1080;s:13:\"twitter_title\";s:21:\"%title% - %site_name%\";s:19:\"twitter_description\";s:9:\"%content%\";s:17:\"twitter_image_url\";s:66:\"https:\/\/pophaw.com\/wp-content\/uploads\/2025\/01\/Main-image-1-13.webp\";s:16:\"twitter_image_id\";i:10278;}"],"surerank_migration":["1"],"astra_style_timestamp_css":["1776877990"],"wwpp_product_wholesale_visibility_filter":["all"],"_uag_css_file_name":["uag-css-10276.css"],"rank_math_internal_links_processed":["1"],"_wc_gla_mc_status":["approved"],"_uag_page_assets":["a:9:{s:3:\"css\";s:260:\".uag-blocks-common-selector{z-index:var(--z-index-desktop) !important}@media(max-width: 976px){.uag-blocks-common-selector{z-index:var(--z-index-tablet) !important}}@media(max-width: 767px){.uag-blocks-common-selector{z-index:var(--z-index-mobile) !important}}\";s:2:\"js\";s:0:\"\";s:18:\"current_block_list\";a:15:{i:0;s:23:\"surecart\/slide-out-cart\";i:1;s:30:\"surecart\/slide-out-cart-header\";i:2;s:29:\"surecart\/slide-out-cart-items\";i:3;s:30:\"surecart\/slide-out-cart-coupon\";i:4;s:32:\"surecart\/slide-out-cart-subtotal\";i:5;s:38:\"surecart\/slide-out-cart-bump-line-item\";i:6;s:30:\"surecart\/slide-out-cart-submit\";i:7;s:11:\"core\/search\";i:8;s:10:\"core\/group\";i:9;s:12:\"core\/heading\";i:10;s:17:\"core\/latest-posts\";i:11;s:20:\"core\/latest-comments\";i:12;s:13:\"core\/archives\";i:13;s:15:\"core\/categories\";i:14;s:14:\"core\/shortcode\";}s:8:\"uag_flag\";b:0;s:11:\"uag_version\";s:10:\"1776869369\";s:6:\"gfonts\";a:0:{}s:10:\"gfonts_url\";s:0:\"\";s:12:\"gfonts_files\";a:0:{}s:14:\"uag_faq_layout\";b:0;}"]},"uagb_featured_image_src":{"full":["https:\/\/pophaw.com\/wp-content\/uploads\/2025\/01\/Main-image-1-13.webp",1080,1080,false],"thumbnail":["https:\/\/pophaw.com\/wp-content\/uploads\/2025\/01\/Main-image-1-13-150x150.webp",150,150,true],"medium":["https:\/\/pophaw.com\/wp-content\/uploads\/2025\/01\/Main-image-1-13-300x300.webp",300,300,true],"medium_large":["https:\/\/pophaw.com\/wp-content\/uploads\/2025\/01\/Main-image-1-13-768x768.webp",768,768,true],"large":["https:\/\/pophaw.com\/wp-content\/uploads\/2025\/01\/Main-image-1-13-1024x1024.webp",1024,1024,true],"ryviu-small":["https:\/\/pophaw.com\/wp-content\/uploads\/2025\/01\/Main-image-1-13.webp",40,40,false],"ryviu-medium":["https:\/\/pophaw.com\/wp-content\/uploads\/2025\/01\/Main-image-1-13.webp",132,132,false],"1536x1536":["https:\/\/pophaw.com\/wp-content\/uploads\/2025\/01\/Main-image-1-13.webp",1080,1080,false],"2048x2048":["https:\/\/pophaw.com\/wp-content\/uploads\/2025\/01\/Main-image-1-13.webp",1080,1080,false],"trp-custom-language-flag":["https:\/\/pophaw.com\/wp-content\/uploads\/2025\/01\/Main-image-1-13.webp",12,12,false],"woocommerce_thumbnail":["https:\/\/pophaw.com\/wp-content\/uploads\/2025\/01\/Main-image-1-13-300x300.webp",300,300,true],"woocommerce_single":["https:\/\/pophaw.com\/wp-content\/uploads\/2025\/01\/Main-image-1-13-600x600.webp",600,600,true],"woocommerce_gallery_thumbnail":["https:\/\/pophaw.com\/wp-content\/uploads\/2025\/01\/Main-image-1-13-100x100.webp",100,100,true]},"uagb_author_info":{"display_name":"Dr. Rowan","author_link":"https:\/\/pophaw.com\/de\/author\/"},"uagb_comment_info":0,"uagb_excerpt":"1x Newest Model Controller, 6 Large Electrodes ( Pads ), 2 Electrodes Cables, 1 Pair of Massager Slipper, 1 Massager Belt, User's Manual, USB and Wall Charger, 1 Small Electrode Pad and Wire Holder, 1 Treatment Points Chart","_links":{"self":[{"href":"https:\/\/pophaw.com\/de\/wp-json\/wp\/v2\/product\/10276","targetHints":{"allow":["GET"]}}],"collection":[{"href":"https:\/\/pophaw.com\/de\/wp-json\/wp\/v2\/product"}],"about":[{"href":"https:\/\/pophaw.com\/de\/wp-json\/wp\/v2\/types\/product"}],"wp:featuredmedia":[{"embeddable":true,"href":"https:\/\/pophaw.com\/de\/wp-json\/wp\/v2\/media\/10278"}],"wp:attachment":[{"href":"https:\/\/pophaw.com\/de\/wp-json\/wp\/v2\/media?parent=10276"}],"wp:term":[{"taxonomy":"product_brand","embeddable":true,"href":"https:\/\/pophaw.com\/de\/wp-json\/wp\/v2\/product_brand?post=10276"},{"taxonomy":"product_cat","embeddable":true,"href":"https:\/\/pophaw.com\/de\/wp-json\/wp\/v2\/product_cat?post=10276"},{"taxonomy":"product_tag","embeddable":true,"href":"https:\/\/pophaw.com\/de\/wp-json\/wp\/v2\/product_tag?post=10276"}],"curies":[{"name":"wp","href":"https:\/\/api.w.org\/{rel}","templated":true}]}}