{"id":10740,"date":"2025-01-22T05:17:39","date_gmt":"2025-01-22T13:17:39","guid":{"rendered":"https:\/\/pophaw.com\/?post_type=product&#038;p=10740"},"modified":"2025-10-10T02:03:52","modified_gmt":"2025-10-10T09:03:52","slug":"iwalk3-0-freihandige-krucke","status":"publish","type":"product","link":"https:\/\/pophaw.com\/de\/produkt\/iwalk3-0-freihandige-krucke\/","title":{"rendered":"iWALK3.0 Freih\u00e4ndige Kr\u00fccke"},"content":{"rendered":"<p>Die <strong>iWalk3.0 Freih\u00e4ndige Kr\u00fccke<\/strong> ist eine bahnbrechende Mobilit\u00e4tshilfe, die f\u00fcr Personen entwickelt wurde, die sich von Verletzungen unterhalb des Knies erholen. Im Gegensatz zu herk\u00f6mmlichen Kr\u00fccken oder Knierollern k\u00f6nnen Sie mit dieser innovativen Kr\u00fccke Ihre Unabh\u00e4ngigkeit wiedererlangen und w\u00e4hrend der Genesung einen aktiven Lebensstil beibehalten.<\/p>\n<p style=\"font-weight: 400;\"><strong>SONDERANGEBOT - FACTORY REFURBISHED nur $125.00 (normalerweise $159.00).  Siehe Details unten.\u00a0<\/strong><\/p>\n<p style=\"font-weight: 400;\"><strong>BESSER ALS KR\u00dcCKEN ODER KNIEROLLER - FREIH\u00c4NDIG FAHREN<\/strong><\/p>\n<p><strong>Schl\u00fcsselw\u00f6rter<\/strong>: Hands Free Crutch, Mobilit\u00e4tshilfe, Verletzungen unterhalb des Knies, aktive Erholung.<\/p>\n<p style=\"font-weight: 400;\"><strong>Gehen Sie, wohin Sie wollen, tun Sie, was Sie wollen\u00a0<\/strong><\/p>\n<p style=\"font-weight: 400;\">Die iWALK Kr\u00fccke erm\u00f6glicht eine freih\u00e4ndige, schmerzfreie Mobilit\u00e4t bei Verletzungen unterhalb des Knies. Diese preisgekr\u00f6nte, von \u00c4rzten empfohlene und klinisch erprobte Kr\u00fcckenalternative erm\u00f6glicht es Ihnen, w\u00e4hrend Ihrer Genesung funktionell zu bleiben. Sie k\u00f6nnen die Tasse Kaffee tragen, mit dem Hund spazieren gehen, kochen, putzen, sich um die Kinder k\u00fcmmern, die Treppe hinauf- und hinuntergehen, zur Arbeit gehen - all diese Dinge, die Sie tun m\u00fcssen, k\u00f6nnen Sie sicher und selbstbewusst tun. iWALK ist die Kr\u00fccke der Zukunft; jetzt erh\u00e4ltlich.<\/p>\n<p style=\"font-weight: 400;\"><strong>WERKS\u00dcBERHOLT<\/strong>\u00a0- Sonderangebot - Die werks\u00fcberholte iWALK3.0 Kr\u00fccke bietet einen au\u00dfergew\u00f6hnlichen Wert. Alle general\u00fcberholten Ger\u00e4te werden vom Hersteller vollst\u00e4ndig inspiziert und \u00fcberholt, so dass sie sich in einem neuwertigen Zustand befinden. Sie haben die gleiche Herstellergarantie wie ein neues Produkt. Kann leichte kosmetische Unvollkommenheiten aufweisen.<\/p>\n<p style=\"font-weight: 400;\"><strong>NUTZUNGSVORAUSSETZUNGEN<\/strong>\u00a0- Die iWALK-Hilfe funktioniert bei den meisten Menschen, aber nicht bei allen.  Bitte vergewissern Sie sich, dass iWALK f\u00fcr Sie geeignet ist, indem Sie die Nutzungsvoraussetzungen unter https:\/\/iwalk-free.com\/can-i-use-iwalk\/ lesen.<\/p>\n<p style=\"font-weight: 400;\"><strong>VERSANDINFORMATIONEN<\/strong>\u00a0- Kostenloser Versand in 1-3 Tagen an die meisten Orte in den 48 Staaten.   Einige Standorte k\u00f6nnen bis zu 5 Tage dauern.<\/p>\n<p><img loading=\"lazy\" decoding=\"async\" class=\"alignnone size-full wp-image-10743\" src=\"https:\/\/pophaw.com\/wp-content\/uploads\/2025\/01\/Overview-1.jpg\" alt=\"\" width=\"974\" height=\"430\" srcset=\"https:\/\/pophaw.com\/wp-content\/uploads\/2025\/01\/Overview-1.jpg 974w, https:\/\/pophaw.com\/wp-content\/uploads\/2025\/01\/Overview-1-600x265.jpg 600w, https:\/\/pophaw.com\/wp-content\/uploads\/2025\/01\/Overview-1-300x132.jpg 300w, https:\/\/pophaw.com\/wp-content\/uploads\/2025\/01\/Overview-1-768x339.jpg 768w\" sizes=\"auto, (max-width: 974px) 100vw, 974px\" \/><\/p>\n<div style=\"width: 640px;\" class=\"wp-video\"><video class=\"wp-video-shortcode\" id=\"video-10740-1\" width=\"640\" height=\"360\" preload=\"metadata\" controls=\"controls\"><source type=\"video\/mp4\" src=\"https:\/\/pophaw.com\/wp-content\/uploads\/2025\/01\/video_1-2.mp4?_=1\" \/><a href=\"https:\/\/pophaw.com\/wp-content\/uploads\/2025\/01\/video_1-2.mp4\">https:\/\/pophaw.com\/wp-content\/uploads\/2025\/01\/video_1-2.mp4<\/a><\/video><\/div>","protected":false},"excerpt":{"rendered":"<p>Unterschenkelverletzungen wie Fu\u00df- und Kn\u00f6chelbr\u00fcche und -verstauchungen, Achillessehnenrisse, Schien- und Wadenbeinbr\u00fcche.<\/p>","protected":false},"featured_media":10741,"template":"","meta":{"bwfblock_default_font":"","_uag_custom_page_level_css":"","site-sidebar-layout":"default","site-content-layout":"","ast-site-content-layout":"default","site-content-style":"default","site-sidebar-style":"default","ast-global-header-display":"","ast-banner-title-visibility":"","ast-main-header-display":"","ast-hfb-above-header-display":"","ast-hfb-below-header-display":"","ast-hfb-mobile-header-display":"","site-post-title":"","ast-breadcrumbs-content":"","ast-featured-img":"","footer-sml-layout":"","ast-disable-related-posts":"","theme-transparent-header-meta":"default","adv-header-id-meta":"","stick-header-meta":"default","header-above-stick-meta":"","header-main-stick-meta":"","header-below-stick-meta":"","astra-migrate-meta-layouts":"set","ast-page-background-enabled":"default","ast-page-background-meta":{"desktop":{"background-color":"","background-image":"","background-repeat":"repeat","background-position":"center center","background-size":"auto","background-attachment":"scroll","background-type":"","background-media":"","overlay-type":"","overlay-color":"","overlay-opacity":"","overlay-gradient":""},"tablet":{"background-color":"","background-image":"","background-repeat":"repeat","background-position":"center center","background-size":"auto","background-attachment":"scroll","background-type":"","background-media":"","overlay-type":"","overlay-color":"","overlay-opacity":"","overlay-gradient":""},"mobile":{"background-color":"","background-image":"","background-repeat":"repeat","background-position":"center center","background-size":"auto","background-attachment":"scroll","background-type":"","background-media":"","overlay-type":"","overlay-color":"","overlay-opacity":"","overlay-gradient":""}},"ast-content-background-meta":{"desktop":{"background-color":"var(--ast-global-color-5)","background-image":"","background-repeat":"repeat","background-position":"center center","background-size":"auto","background-attachment":"scroll","background-type":"","background-media":"","overlay-type":"","overlay-color":"","overlay-opacity":"","overlay-gradient":""},"tablet":{"background-color":"var(--ast-global-color-5)","background-image":"","background-repeat":"repeat","background-position":"center center","background-size":"auto","background-attachment":"scroll","background-type":"","background-media":"","overlay-type":"","overlay-color":"","overlay-opacity":"","overlay-gradient":""},"mobile":{"background-color":"var(--ast-global-color-5)","background-image":"","background-repeat":"repeat","background-position":"center center","background-size":"auto","background-attachment":"scroll","background-type":"","background-media":"","overlay-type":"","overlay-color":"","overlay-opacity":"","overlay-gradient":""}}},"product_brand":[],"product_cat":[341,336,96],"product_tag":[],"class_list":{"0":"post-10740","1":"product","2":"type-product","3":"status-publish","4":"has-post-thumbnail","6":"product_cat-mobility","7":"product_cat-healthcare-products","8":"product_cat-mobility-support","9":"desktop-align-center","10":"tablet-align-center","11":"mobile-align-center","12":"ast-product-gallery-layout-horizontal-slider","13":"ast-magnify-disabled","14":"ast-product-tabs-layout-horizontal","16":"first","17":"instock","18":"shipping-taxable","19":"purchasable","20":"product-type-simple"},"spectra_custom_meta":{"classic-editor-remember":["classic-editor"],"_edit_lock":["1760087075:1"],"_edit_last":["1"],"rank_math_seo_score":["91"],"rank_math_focus_keyword":["Hands Free Crutch"],"rank_math_description":["The iWalk3.0 Hands Free Crutch is a game-changing mobility aid designed for individuals recovering from below-the-knee injuries."],"rank_math_lock_modified_date":["1"],"_thumbnail_id":["10741"],"_custom_product_field":["Condition: Seller refurbished"],"_admin_notes":[""],"_ppcp_button_position":["bottom"],"_sku":["EB218050"],"_global_unique_id":["17841900187930"],"_regular_price":["125"],"total_sales":["0"],"_tax_status":["taxable"],"_tax_class":[""],"_manage_stock":["no"],"_backorders":["no"],"_sold_individually":["no"],"_virtual":["no"],"_downloadable":["no"],"_download_limit":["-1"],"_download_expiry":["-1"],"_stock":[null],"_stock_status":["instock"],"_wc_average_rating":["0"],"_wc_review_count":["0"],"_product_version":["10.2.2"],"_price":["125"],"_wc_gla_visibility":["sync-and-show"],"_wc_gla_sync_status":["synced"],"_wc_facebook_sync_enabled":["yes"],"fb_visibility":["yes"],"fb_product_description":[""],"_wc_facebook_product_image_source":["product"],"fb_product_group_id":["28126989403611521"],"rank_math_primary_product_brand":["0"],"rank_math_primary_product_cat":["341"],"rank_math_primary_fb_product_set":["0"],"site-sidebar-layout":["default"],"ast-site-content-layout":["default"],"site-content-style":["default"],"site-sidebar-style":["default"],"theme-transparent-header-meta":["default"],"stick-header-meta":["default"],"wp_statistics_words_count":["239"],"rank_math_analytic_object_id":["246"],"_wc_gla_synced_at":["1776049267"],"_wc_gla_google_ids":["a:1:{s:2:\"US\";s:22:\"online:en:US:gla_10740\";}"],"rank_math_schema_WooCommerceProduct":["a:2:{s:5:\"@type\";s:18:\"WooCommerceProduct\";s:8:\"metadata\";a:3:{s:5:\"title\";s:19:\"WooCommerce Product\";s:4:\"type\";s:8:\"template\";s:9:\"isPrimary\";b:1;}}"],"rank_math_schema_VideoObject":["a:12:{s:5:\"@type\";s:11:\"VideoObject\";s:8:\"metadata\";a:8:{s:5:\"title\";s:5:\"Video\";s:4:\"type\";s:8:\"template\";s:9:\"shortcode\";s:15:\"s-6790f29958384\";s:9:\"isPrimary\";b:1;s:23:\"reviewLocationShortcode\";s:24:\"[rank_math_rich_snippet]\";s:8:\"category\";s:12:\"%categories%\";s:4:\"tags\";s:6:\"%tags%\";s:15:\"isAutoGenerated\";b:1;}s:4:\"name\";s:11:\"%seo_title%\";s:11:\"description\";s:17:\"%seo_description%\";s:10:\"uploadDate\";s:20:\"%date(Y-m-dTH:i:sP)%\";s:12:\"thumbnailUrl\";s:16:\"%post_thumbnail%\";s:8:\"embedUrl\";s:0:\"\";s:10:\"contentUrl\";s:59:\"https:\/\/pophaw.com\/wp-content\/uploads\/2025\/01\/video_1-2.mp4\";s:8:\"duration\";s:0:\"\";s:5:\"width\";i:640;s:6:\"height\";i:360;s:16:\"isFamilyFriendly\";b:1;}"],"_product_image_gallery":["10750,10745,10746,10751,10747,10748,10749"],"fb_product_item_id":["28127038803606581"],"astra-migrate-meta-layouts":["set"],"wpil_sync_report3":["1"],"wpil_links_inbound_internal_count":["0"],"wpil_links_inbound_internal_count_data":["eJxLtDKwqq4FAAZPAf4="],"wpil_links_outbound_internal_count":["1"],"wpil_links_outbound_internal_count_data":["eJytkM1uwyAQhN+FewI4cX82r5A2xx4RARSjYBbxE7eK8u6F2GrTe2+7o08zuyOBw9UC2x2A90A+gnXiDbVxYm\/9mQDfwDXBMxBXV2E12TU4wQZIiY7UqX8FMuQcElAaMAxyWisc6RRWCn02PtMSHEqdaMe6njJOL1YbFHzVrcewbRbb6oApt5EzIL8uTXkBYqtP9LLGHYHPfLjz73V5AiK9GjD+0zGtBqm10eL4JYIrJ+tbLptPcahktugbWVtZXNvWsaWkabApmChUNDKbn8Y4r48kIUvGhj3KOUp1tv700G+TR9TFGfGH7paQe\/BnnvXb7RvdlpNh"],"wpil_links_outbound_external_count":["1"],"wpil_links_outbound_external_count_data":["eJxVkMtywyAMRX+FYV3XcdKnsuy2j2WXDAE1ZozBA3KTTib\/XkHSTrKTLgfdK2no4OBgsf6A7h7k5+S8eosWvXp1YZDQreCQ4RGk51Y5K9cFzrACOScvS\/UMsieaMrSt22k\/NF8J8dbEsTU6NK6ZMzb1oS34HdMxUyk7rq9\/FPWJxUCYgubxm2rG3FT\/vHPzAFIH08dUpzH9EmdvRYgkElJy+I3iBAjCPd2Ikly4LHDcoLVoqzXvqkujNj9q8vPWhT8znuij0eRiKCSvbiLnCTXycnG+xK53ecKkTEJN+H+WruP0WemZYsEuZUraDC5sL45Y5DHa2aO6opdnk2q8p5N+PP4CCU6MGg=="],"wpil_sync_report2_time":["2025-01-27T07:29:10+00:00"],"omnisend_last_sync":["2025-05-16T11:05:10+00:00"],"surerank_settings_general":["a:7:{s:9:\"separator\";s:1:\"-\";s:10:\"page_title\";s:21:\"%title% - %site_name%\";s:25:\"auto_generate_description\";b:1;s:16:\"page_description\";s:128:\"The iWalk3.0 Hands Free Crutch is a game-changing mobility aid designed for individuals recovering from below-the-knee injuries.\";s:16:\"auto_description\";s:159:\"The iWalk3.0 Hands Free Crutch is a game-changing mobility aid designed for individuals recovering from below-the-knee injuries. Unlike traditional crutches or\";s:14:\"fallback_image\";s:0:\"\";s:13:\"canonical_url\";s:54:\"https:\/\/pophaw.com\/product\/iwalk3-0-hands-free-crutch\/\";}"],"surerank_settings_post_no_index":["no"],"surerank_settings_post_no_follow":["no"],"surerank_settings_post_no_archive":["no"],"surerank_settings_social":["a:23:{s:15:\"open_graph_tags\";b:1;s:18:\"facebook_meta_tags\";b:1;s:17:\"twitter_meta_tags\";b:1;s:16:\"oembeded_scripts\";b:1;s:17:\"oembeded_og_title\";b:1;s:22:\"oembeded_social_images\";b:1;s:27:\"oembeded_remove_author_name\";b:1;s:17:\"facebook_page_url\";s:54:\"https:\/\/www.facebook.com\/profile.php?id=61571207938497\";s:24:\"facebook_author_fallback\";s:0:\"\";s:17:\"twitter_card_type\";s:19:\"summary_large_image\";s:24:\"twitter_same_as_facebook\";b:1;s:24:\"twitter_profile_username\";s:0:\"\";s:24:\"twitter_profile_fallback\";s:0:\"\";s:14:\"facebook_title\";s:21:\"%title% - %site_name%\";s:20:\"facebook_description\";s:9:\"%content%\";s:18:\"facebook_image_url\";s:66:\"https:\/\/pophaw.com\/wp-content\/uploads\/2025\/01\/Main-image-1-17.webp\";s:17:\"facebook_image_id\";i:10741;s:20:\"facebook_image_width\";i:1600;s:21:\"facebook_image_height\";i:1600;s:13:\"twitter_title\";s:21:\"%title% - %site_name%\";s:19:\"twitter_description\";s:9:\"%content%\";s:17:\"twitter_image_url\";s:66:\"https:\/\/pophaw.com\/wp-content\/uploads\/2025\/01\/Main-image-1-17.webp\";s:16:\"twitter_image_id\";i:10741;}"],"surerank_migration":["1"],"astra_style_timestamp_css":["1776870968"],"_uagb_previous_block_counts":["a:90:{s:21:\"uagb\/advanced-heading\";i:0;s:15:\"uagb\/blockquote\";i:0;s:12:\"uagb\/buttons\";i:0;s:18:\"uagb\/buttons-child\";i:0;s:19:\"uagb\/call-to-action\";i:0;s:15:\"uagb\/cf7-styler\";i:0;s:11:\"uagb\/column\";i:0;s:12:\"uagb\/columns\";i:0;s:14:\"uagb\/container\";i:0;s:21:\"uagb\/content-timeline\";i:0;s:27:\"uagb\/content-timeline-child\";i:0;s:14:\"uagb\/countdown\";i:0;s:12:\"uagb\/counter\";i:0;s:8:\"uagb\/faq\";i:0;s:14:\"uagb\/faq-child\";i:0;s:10:\"uagb\/forms\";i:0;s:17:\"uagb\/forms-accept\";i:0;s:19:\"uagb\/forms-checkbox\";i:0;s:15:\"uagb\/forms-date\";i:0;s:16:\"uagb\/forms-email\";i:0;s:17:\"uagb\/forms-hidden\";i:0;s:15:\"uagb\/forms-name\";i:0;s:16:\"uagb\/forms-phone\";i:0;s:16:\"uagb\/forms-radio\";i:0;s:17:\"uagb\/forms-select\";i:0;s:19:\"uagb\/forms-textarea\";i:0;s:17:\"uagb\/forms-toggle\";i:0;s:14:\"uagb\/forms-url\";i:0;s:14:\"uagb\/gf-styler\";i:0;s:15:\"uagb\/google-map\";i:0;s:11:\"uagb\/how-to\";i:0;s:16:\"uagb\/how-to-step\";i:0;s:9:\"uagb\/icon\";i:0;s:14:\"uagb\/icon-list\";i:0;s:20:\"uagb\/icon-list-child\";i:0;s:10:\"uagb\/image\";i:0;s:18:\"uagb\/image-gallery\";i:0;s:13:\"uagb\/info-box\";i:0;s:18:\"uagb\/inline-notice\";i:0;s:11:\"uagb\/lottie\";i:0;s:21:\"uagb\/marketing-button\";i:0;s:10:\"uagb\/modal\";i:0;s:18:\"uagb\/popup-builder\";i:0;s:16:\"uagb\/post-button\";i:0;s:18:\"uagb\/post-carousel\";i:0;s:17:\"uagb\/post-excerpt\";i:0;s:14:\"uagb\/post-grid\";i:0;s:15:\"uagb\/post-image\";i:0;s:17:\"uagb\/post-masonry\";i:0;s:14:\"uagb\/post-meta\";i:0;s:18:\"uagb\/post-taxonomy\";i:0;s:18:\"uagb\/post-timeline\";i:0;s:15:\"uagb\/post-title\";i:0;s:20:\"uagb\/restaurant-menu\";i:0;s:26:\"uagb\/restaurant-menu-child\";i:0;s:11:\"uagb\/review\";i:0;s:12:\"uagb\/section\";i:0;s:14:\"uagb\/separator\";i:0;s:11:\"uagb\/slider\";i:0;s:17:\"uagb\/slider-child\";i:0;s:17:\"uagb\/social-share\";i:0;s:23:\"uagb\/social-share-child\";i:0;s:16:\"uagb\/star-rating\";i:0;s:23:\"uagb\/sure-cart-checkout\";i:0;s:22:\"uagb\/sure-cart-product\";i:0;s:15:\"uagb\/sure-forms\";i:0;s:22:\"uagb\/table-of-contents\";i:0;s:9:\"uagb\/tabs\";i:0;s:15:\"uagb\/tabs-child\";i:0;s:18:\"uagb\/taxonomy-list\";i:0;s:9:\"uagb\/team\";i:0;s:16:\"uagb\/testimonial\";i:0;s:14:\"uagb\/wp-search\";i:0;s:19:\"uagb\/instagram-feed\";i:0;s:10:\"uagb\/login\";i:0;s:17:\"uagb\/loop-builder\";i:0;s:18:\"uagb\/loop-category\";i:0;s:20:\"uagb\/loop-pagination\";i:0;s:15:\"uagb\/loop-reset\";i:0;s:16:\"uagb\/loop-search\";i:0;s:14:\"uagb\/loop-sort\";i:0;s:17:\"uagb\/loop-wrapper\";i:0;s:13:\"uagb\/register\";i:0;s:19:\"uagb\/register-email\";i:0;s:24:\"uagb\/register-first-name\";i:0;s:23:\"uagb\/register-last-name\";i:0;s:22:\"uagb\/register-password\";i:0;s:30:\"uagb\/register-reenter-password\";i:0;s:19:\"uagb\/register-terms\";i:0;s:22:\"uagb\/register-username\";i:0;}"],"bwfblock_default_font":[""],"_uag_custom_page_level_css":[""],"site-content-layout":[""],"ast-global-header-display":[""],"ast-banner-title-visibility":[""],"ast-main-header-display":[""],"ast-hfb-above-header-display":[""],"ast-hfb-below-header-display":[""],"ast-hfb-mobile-header-display":[""],"site-post-title":[""],"ast-breadcrumbs-content":[""],"ast-featured-img":[""],"footer-sml-layout":[""],"adv-header-id-meta":[""],"header-above-stick-meta":[""],"header-main-stick-meta":[""],"header-below-stick-meta":[""],"ast-page-background-enabled":["default"],"ast-page-background-meta":["a:3:{s:7:\"desktop\";a:12:{s:16:\"background-color\";s:0:\"\";s:16:\"background-image\";s:0:\"\";s:17:\"background-repeat\";s:6:\"repeat\";s:19:\"background-position\";s:13:\"center center\";s:15:\"background-size\";s:4:\"auto\";s:21:\"background-attachment\";s:6:\"scroll\";s:15:\"background-type\";s:0:\"\";s:16:\"background-media\";s:0:\"\";s:12:\"overlay-type\";s:0:\"\";s:13:\"overlay-color\";s:0:\"\";s:15:\"overlay-opacity\";s:0:\"\";s:16:\"overlay-gradient\";s:0:\"\";}s:6:\"tablet\";a:12:{s:16:\"background-color\";s:0:\"\";s:16:\"background-image\";s:0:\"\";s:17:\"background-repeat\";s:6:\"repeat\";s:19:\"background-position\";s:13:\"center center\";s:15:\"background-size\";s:4:\"auto\";s:21:\"background-attachment\";s:6:\"scroll\";s:15:\"background-type\";s:0:\"\";s:16:\"background-media\";s:0:\"\";s:12:\"overlay-type\";s:0:\"\";s:13:\"overlay-color\";s:0:\"\";s:15:\"overlay-opacity\";s:0:\"\";s:16:\"overlay-gradient\";s:0:\"\";}s:6:\"mobile\";a:12:{s:16:\"background-color\";s:0:\"\";s:16:\"background-image\";s:0:\"\";s:17:\"background-repeat\";s:6:\"repeat\";s:19:\"background-position\";s:13:\"center center\";s:15:\"background-size\";s:4:\"auto\";s:21:\"background-attachment\";s:6:\"scroll\";s:15:\"background-type\";s:0:\"\";s:16:\"background-media\";s:0:\"\";s:12:\"overlay-type\";s:0:\"\";s:13:\"overlay-color\";s:0:\"\";s:15:\"overlay-opacity\";s:0:\"\";s:16:\"overlay-gradient\";s:0:\"\";}}"],"ast-content-background-meta":["a:3:{s:7:\"desktop\";a:12:{s:16:\"background-color\";s:25:\"var(--ast-global-color-5)\";s:16:\"background-image\";s:0:\"\";s:17:\"background-repeat\";s:6:\"repeat\";s:19:\"background-position\";s:13:\"center center\";s:15:\"background-size\";s:4:\"auto\";s:21:\"background-attachment\";s:6:\"scroll\";s:15:\"background-type\";s:0:\"\";s:16:\"background-media\";s:0:\"\";s:12:\"overlay-type\";s:0:\"\";s:13:\"overlay-color\";s:0:\"\";s:15:\"overlay-opacity\";s:0:\"\";s:16:\"overlay-gradient\";s:0:\"\";}s:6:\"tablet\";a:12:{s:16:\"background-color\";s:25:\"var(--ast-global-color-5)\";s:16:\"background-image\";s:0:\"\";s:17:\"background-repeat\";s:6:\"repeat\";s:19:\"background-position\";s:13:\"center center\";s:15:\"background-size\";s:4:\"auto\";s:21:\"background-attachment\";s:6:\"scroll\";s:15:\"background-type\";s:0:\"\";s:16:\"background-media\";s:0:\"\";s:12:\"overlay-type\";s:0:\"\";s:13:\"overlay-color\";s:0:\"\";s:15:\"overlay-opacity\";s:0:\"\";s:16:\"overlay-gradient\";s:0:\"\";}s:6:\"mobile\";a:12:{s:16:\"background-color\";s:25:\"var(--ast-global-color-5)\";s:16:\"background-image\";s:0:\"\";s:17:\"background-repeat\";s:6:\"repeat\";s:19:\"background-position\";s:13:\"center center\";s:15:\"background-size\";s:4:\"auto\";s:21:\"background-attachment\";s:6:\"scroll\";s:15:\"background-type\";s:0:\"\";s:16:\"background-media\";s:0:\"\";s:12:\"overlay-type\";s:0:\"\";s:13:\"overlay-color\";s:0:\"\";s:15:\"overlay-opacity\";s:0:\"\";s:16:\"overlay-gradient\";s:0:\"\";}}"],"wwpp_product_wholesale_visibility_filter":["all"],"_uag_css_file_name":["uag-css-10740.css"],"rank_math_internal_links_processed":["1"],"_uag_page_assets":["a:9:{s:3:\"css\";s:260:\".uag-blocks-common-selector{z-index:var(--z-index-desktop) !important}@media(max-width: 976px){.uag-blocks-common-selector{z-index:var(--z-index-tablet) !important}}@media(max-width: 767px){.uag-blocks-common-selector{z-index:var(--z-index-mobile) !important}}\";s:2:\"js\";s:0:\"\";s:18:\"current_block_list\";a:15:{i:0;s:23:\"surecart\/slide-out-cart\";i:1;s:30:\"surecart\/slide-out-cart-header\";i:2;s:29:\"surecart\/slide-out-cart-items\";i:3;s:30:\"surecart\/slide-out-cart-coupon\";i:4;s:32:\"surecart\/slide-out-cart-subtotal\";i:5;s:38:\"surecart\/slide-out-cart-bump-line-item\";i:6;s:30:\"surecart\/slide-out-cart-submit\";i:7;s:11:\"core\/search\";i:8;s:10:\"core\/group\";i:9;s:12:\"core\/heading\";i:10;s:17:\"core\/latest-posts\";i:11;s:20:\"core\/latest-comments\";i:12;s:13:\"core\/archives\";i:13;s:15:\"core\/categories\";i:14;s:14:\"core\/shortcode\";}s:8:\"uag_flag\";b:0;s:11:\"uag_version\";s:10:\"1776869369\";s:6:\"gfonts\";a:0:{}s:10:\"gfonts_url\";s:0:\"\";s:12:\"gfonts_files\";a:0:{}s:14:\"uag_faq_layout\";b:0;}"],"_wc_gla_mc_status":["approved"]},"uagb_featured_image_src":{"full":["https:\/\/pophaw.com\/wp-content\/uploads\/2025\/01\/Main-image-1-17.webp",1600,1600,false],"thumbnail":["https:\/\/pophaw.com\/wp-content\/uploads\/2025\/01\/Main-image-1-17-150x150.webp",150,150,true],"medium":["https:\/\/pophaw.com\/wp-content\/uploads\/2025\/01\/Main-image-1-17-300x300.webp",300,300,true],"medium_large":["https:\/\/pophaw.com\/wp-content\/uploads\/2025\/01\/Main-image-1-17-768x768.webp",768,768,true],"large":["https:\/\/pophaw.com\/wp-content\/uploads\/2025\/01\/Main-image-1-17-1024x1024.webp",1024,1024,true],"ryviu-small":["https:\/\/pophaw.com\/wp-content\/uploads\/2025\/01\/Main-image-1-17.webp",40,40,false],"ryviu-medium":["https:\/\/pophaw.com\/wp-content\/uploads\/2025\/01\/Main-image-1-17.webp",132,132,false],"1536x1536":["https:\/\/pophaw.com\/wp-content\/uploads\/2025\/01\/Main-image-1-17-1536x1536.webp",1536,1536,true],"2048x2048":["https:\/\/pophaw.com\/wp-content\/uploads\/2025\/01\/Main-image-1-17.webp",1600,1600,false],"trp-custom-language-flag":["https:\/\/pophaw.com\/wp-content\/uploads\/2025\/01\/Main-image-1-17.webp",12,12,false],"woocommerce_thumbnail":["https:\/\/pophaw.com\/wp-content\/uploads\/2025\/01\/Main-image-1-17-300x300.webp",300,300,true],"woocommerce_single":["https:\/\/pophaw.com\/wp-content\/uploads\/2025\/01\/Main-image-1-17-600x600.webp",600,600,true],"woocommerce_gallery_thumbnail":["https:\/\/pophaw.com\/wp-content\/uploads\/2025\/01\/Main-image-1-17-100x100.webp",100,100,true]},"uagb_author_info":{"display_name":"Dr. Rowan","author_link":"https:\/\/pophaw.com\/de\/author\/"},"uagb_comment_info":0,"uagb_excerpt":"Lower leg injuries such as foot and ankle fractures and sprains, Achilles rupture, tibia and fibula fractures.","_links":{"self":[{"href":"https:\/\/pophaw.com\/de\/wp-json\/wp\/v2\/product\/10740","targetHints":{"allow":["GET"]}}],"collection":[{"href":"https:\/\/pophaw.com\/de\/wp-json\/wp\/v2\/product"}],"about":[{"href":"https:\/\/pophaw.com\/de\/wp-json\/wp\/v2\/types\/product"}],"wp:featuredmedia":[{"embeddable":true,"href":"https:\/\/pophaw.com\/de\/wp-json\/wp\/v2\/media\/10741"}],"wp:attachment":[{"href":"https:\/\/pophaw.com\/de\/wp-json\/wp\/v2\/media?parent=10740"}],"wp:term":[{"taxonomy":"product_brand","embeddable":true,"href":"https:\/\/pophaw.com\/de\/wp-json\/wp\/v2\/product_brand?post=10740"},{"taxonomy":"product_cat","embeddable":true,"href":"https:\/\/pophaw.com\/de\/wp-json\/wp\/v2\/product_cat?post=10740"},{"taxonomy":"product_tag","embeddable":true,"href":"https:\/\/pophaw.com\/de\/wp-json\/wp\/v2\/product_tag?post=10740"}],"curies":[{"name":"wp","href":"https:\/\/api.w.org\/{rel}","templated":true}]}}