{"id":11380,"date":"2025-01-31T18:53:24","date_gmt":"2025-02-01T02:53:24","guid":{"rendered":"https:\/\/pophaw.com\/?post_type=product&#038;p=11380"},"modified":"2025-02-05T18:42:29","modified_gmt":"2025-02-06T02:42:29","slug":"thyrotain-120-kapseln","status":"publish","type":"product","link":"https:\/\/pophaw.com\/de\/produkt\/thyrotain-120-kapseln\/","title":{"rendered":"Thyrotain - 120 Kapseln"},"content":{"rendered":"<p>Thyrotain ist eine umfassende Formulierung, die eine Mischung aus N\u00e4hrstoffen und pflanzlichen Stoffen enth\u00e4lt, die in Synergie zur Unterst\u00fctzung der Schilddr\u00fcsengesundheit wirken. Thyrotain enth\u00e4lt L-Tyrosin und Jod, die das Grundger\u00fcst der Schilddr\u00fcsenhormone Thyroxin (T4) und Trijodthyronin (T3) bilden. Der Zusatz von Zink, Selen, Vitamin A und der pflanzlichen Substanz Guggulipid aktiviert Enzyme, die die Umwandlung von T4 in das aktive Schilddr\u00fcsenhormon T3 f\u00f6rdern. Vitamin A und Zink tragen auch dazu bei, die Empfindlichkeit der Zellen gegen\u00fcber Schilddr\u00fcsenhormonen zu verbessern. Kurkuma bildet zusammen mit den Antioxidantien Vitamin C und E sowie N-Acetylcystein (NAC) eine wirkungsvolle Kombination von Antioxidantien, die die Schilddr\u00fcsengesundheit f\u00f6rdern, indem sie den Stress durch freie Radikale reduzieren.<\/p>\n<h3><\/h3>\n<h2>Wie es funktioniert<\/h2>\n<ul>\n<li>Hilft bei der Erhaltung einer gesunden Schilddr\u00fcsenfunktion<\/li>\n<li>F\u00f6rdert die Synthese von Schilddr\u00fcsenhormonen<\/li>\n<li>Hilft bei der Umwandlung von T4 in T3<\/li>\n<li>Verbessert die zellul\u00e4re Empfindlichkeit gegen\u00fcber Schilddr\u00fcsenhormonen<\/li>\n<li>Unterst\u00fctzt ein gesundes Gleichgewicht von Entz\u00fcndungen und Antioxidantien<\/li>\n<\/ul>\n<p>&nbsp;<\/p>\n<p><strong>Empfohlene Verwendung:<\/strong><\/p>\n<p>4 Thyrotain-Kapseln pro Tag oder wie von Ihrem Arzt oder Ihrer \u00c4rztin empfohlen.<\/p>\n<p>&nbsp;<\/p>\n<p><strong>Vitamine und Mineralien<\/strong><\/p>\n<p>Schilddr\u00fcsenhormone werden aus der Aminos\u00e4ure L-Tyrosin und Jod hergestellt. Jod ist ein essentielles Spurenelement und f\u00fcr die Synthese von Schilddr\u00fcsenhormonen notwendig, da es einer der wichtigsten Bestandteile der Hormone T4 und T3 ist. Die Schilddr\u00fcse nimmt Jod aus dem Blut auf und baut es in Schilddr\u00fcsenhormone ein. Neben der Unterst\u00fctzung der Schilddr\u00fcsenhormonproduktion hat die Forschung gezeigt, dass Jod als Antioxidans wirkt, eine gesunde Schilddr\u00fcse unterst\u00fctzt und eine Vielzahl von Geweben sch\u00fctzt, darunter das Brustgewebe, die Augen und die Magen-Darm-Schicht.<\/p>\n<p>Ein normaler Schilddr\u00fcsenstatus h\u00e4ngt von einem ausreichenden Gehalt an vielen Spurenelementen f\u00fcr die Synthese und den Stoffwechsel der Schilddr\u00fcsenhormone ab. Die Mineralien Zink und Selen sind notwendige Kofaktoren f\u00fcr die Enzyme, die T4 in T3 umwandeln. Es ist erwiesen, dass Selenmangel zu einer verminderten Umwandlung von T4 in T3 beitr\u00e4gt. Eine Selenerg\u00e4nzung kann auch dazu beitragen, die Thyreoperoxidase-Antik\u00f6rper (TPO) bei Autoimmunit\u00e4t der Schilddr\u00fcse zu verringern. Es hat sich gezeigt, dass eine Supplementierung mit Zink den T3-Spiegel bei Patienten mit normalem T4 und niedrigem T3 wiederherstellen kann, was seine Rolle im Umwandlungsprozess belegt. Auch Vitamin A und Vitamin E sind f\u00fcr eine normale Produktion von Schilddr\u00fcsenhormonen notwendig.<\/p>\n<p><strong>Antioxidantien (Kurkuma, Vitamine C und E sowie N-Acetylcystein)<\/strong><\/p>\n<p>Eine erh\u00f6hte Aktivit\u00e4t freier Radikale kann die gesunde Umwandlung von T4 in T3 beeintr\u00e4chtigen. N-Acetylcystein (NAC), eine Vorstufe des k\u00f6rpereigenen Hauptantioxidans Glutathion, f\u00f6rdert die Gesundheit der Schilddr\u00fcse, indem es die antioxidative Aktivit\u00e4t in der Schilddr\u00fcse beschleunigt. Die komplette Kurkuma-Matrix f\u00f6rdert zusammen mit den Antioxidantien Vitamin C und E nachweislich die Gesundheit der Schilddr\u00fcse durch eine direkte antioxidative Wirkung.<\/p>\n<p><strong>Ashwagandha<\/strong><\/p>\n<p>Ashwagandha (<em>Withania somnifera<\/em>) wird in aryuvedischen und indigenen Medizinsystemen seit \u00fcber 3.000 Jahren verwendet und wurde in Forschungsstudien auf seine stressreduzierende Wirkung hin untersucht. Es wurde festgestellt, dass Ashwagandha eine GABA-Agonisten-Aktivit\u00e4t aufweist, die f\u00fcr seine F\u00e4higkeit, das Nervensystem zu entspannen, verantwortlich ist. Ashwagandha kann auch indirekt die Schilddr\u00fcsenaktivit\u00e4t stimulieren, und zwar \u00fcber seine Auswirkungen auf die zellul\u00e4ren antioxidativen Systeme, insbesondere durch die Erh\u00f6hung der antioxidativen Enzyme Superoxiddismutase und Katalase und die Reduzierung der Lipidperoxidation.<\/p>\n<p><strong>Guggulipid<\/strong><\/p>\n<p>Das Gummiharz der Guggul-Pflanze wird seit fast 3.000 Jahren in der ayurvedischen Medizin in Indien verwendet. Guggulipid (<em>Commiphora mukul<\/em>) unterst\u00fctzt nachweislich die Schilddr\u00fcsenfunktion, vor allem durch die Verringerung der Lipidperoxidation in der Leber, dem Hauptort der T3-Bildung. Der Guggul-Extrakt hat auch eine schilddr\u00fcsenstimulierende Wirkung gezeigt, indem er die Jodaufnahme durch die Schilddr\u00fcse erh\u00f6ht und die Aktivit\u00e4ten der Schilddr\u00fcsenperoxidase und der Protease steigert.<\/p>\n<p>&nbsp;<\/p>\n<p>Ortho Molecular Products\u2019 Logo, Text, Markenzeichen, Grafiken, Videos und Fotos sind Eigentum von Ortho Molecular Products, Inc. und werden mit Genehmigung verwendet. Copyright \u00a9 2024<\/p>\n<p><strong>Dieses Produkt ist dazu bestimmt, unter der Anleitung Ihres medizinischen Fachpersonals verwendet zu werden und darf nicht weiterverkauft werden. Ortho Molecular verwendet nur autorisierte Wiederverk\u00e4ufer und kann rechtliche Schritte gegen diejenigen einleiten, die dieses Produkt weiterverkaufen.<\/strong><\/p>\n<p>*FDA Disclaimer: Die Informationen \u00fcber dieses Produkt und die gemachten Aussagen werden vom Hersteller zur Verf\u00fcgung gestellt, mit Ausnahme von Kundenrezensionen, die nicht bewertet werden. Siehe www.orthomolecularproducts.com f\u00fcr Informationen \u00fcber die Beziehung zwischen diesem Produkt und den gemachten Angaben.\u00a0<em>Die Ergebnisse k\u00f6nnen je nach K\u00f6rpergr\u00f6\u00dfe und anderen Faktoren von Person zu Person variieren, und die Wirksamkeit ist nicht garantiert.<\/em>\u00a0Lassen Sie sich bei der Einnahme von di\u00e4tetischen, ern\u00e4hrungsphysiologischen, pflanzlichen oder hom\u00f6opathischen Nahrungserg\u00e4nzungsmitteln immer von Ihrem Arzt beraten.<\/p>\n<p>Diese Aussagen wurden von der Food and Drug Administration nicht bewertet. Dieses Produkt ist nicht dazu bestimmt, Krankheiten zu diagnostizieren, zu behandeln, zu heilen oder zu verhindern.<\/p>","protected":false},"excerpt":{"rendered":"<p>Hilft bei der Erhaltung einer gesunden Schilddr\u00fcsenfunktion<\/p>","protected":false},"featured_media":11381,"template":"","meta":{"bwfblock_default_font":"","_uag_custom_page_level_css":"","site-sidebar-layout":"default","site-content-layout":"","ast-site-content-layout":"default","site-content-style":"default","site-sidebar-style":"default","ast-global-header-display":"","ast-banner-title-visibility":"","ast-main-header-display":"","ast-hfb-above-header-display":"","ast-hfb-below-header-display":"","ast-hfb-mobile-header-display":"","site-post-title":"","ast-breadcrumbs-content":"","ast-featured-img":"","footer-sml-layout":"","ast-disable-related-posts":"","theme-transparent-header-meta":"default","adv-header-id-meta":"","stick-header-meta":"default","header-above-stick-meta":"","header-main-stick-meta":"","header-below-stick-meta":"","astra-migrate-meta-layouts":"set","ast-page-background-enabled":"default","ast-page-background-meta":{"desktop":{"background-color":"","background-image":"","background-repeat":"repeat","background-position":"center center","background-size":"auto","background-attachment":"scroll","background-type":"","background-media":"","overlay-type":"","overlay-color":"","overlay-opacity":"","overlay-gradient":""},"tablet":{"background-color":"","background-image":"","background-repeat":"repeat","background-position":"center center","background-size":"auto","background-attachment":"scroll","background-type":"","background-media":"","overlay-type":"","overlay-color":"","overlay-opacity":"","overlay-gradient":""},"mobile":{"background-color":"","background-image":"","background-repeat":"repeat","background-position":"center center","background-size":"auto","background-attachment":"scroll","background-type":"","background-media":"","overlay-type":"","overlay-color":"","overlay-opacity":"","overlay-gradient":""}},"ast-content-background-meta":{"desktop":{"background-color":"var(--ast-global-color-5)","background-image":"","background-repeat":"repeat","background-position":"center center","background-size":"auto","background-attachment":"scroll","background-type":"","background-media":"","overlay-type":"","overlay-color":"","overlay-opacity":"","overlay-gradient":""},"tablet":{"background-color":"var(--ast-global-color-5)","background-image":"","background-repeat":"repeat","background-position":"center center","background-size":"auto","background-attachment":"scroll","background-type":"","background-media":"","overlay-type":"","overlay-color":"","overlay-opacity":"","overlay-gradient":""},"mobile":{"background-color":"var(--ast-global-color-5)","background-image":"","background-repeat":"repeat","background-position":"center center","background-size":"auto","background-attachment":"scroll","background-type":"","background-media":"","overlay-type":"","overlay-color":"","overlay-opacity":"","overlay-gradient":""}}},"product_brand":[170],"product_cat":[127],"product_tag":[],"class_list":{"0":"post-11380","1":"product","2":"type-product","3":"status-publish","4":"has-post-thumbnail","6":"product_brand-ortho-molecular-products","7":"product_cat-dietary-supplements","8":"desktop-align-center","9":"tablet-align-center","10":"mobile-align-center","11":"ast-product-gallery-layout-horizontal-slider","12":"ast-magnify-disabled","13":"ast-product-tabs-layout-horizontal","15":"first","16":"instock","17":"shipping-taxable","18":"purchasable","19":"product-type-simple"},"spectra_custom_meta":{"classic-editor-remember":["classic-editor"],"_edit_lock":["1738903647:1"],"_edit_last":["1"],"wpil_sync_report3":["1"],"rank_math_seo_score":["82"],"rank_math_focus_keyword":["Thyrotain"],"rank_math_description":["Thyrotain is a comprehensive formulation that provides a blend of nutrients and botanicals working in synergy to support thyroid health."],"_thumbnail_id":["11381"],"_custom_product_field":[""],"_admin_notes":[""],"_sku":["NRT071"],"_global_unique_id":["17841900187961"],"_regular_price":["48"],"total_sales":["0"],"_tax_status":["taxable"],"_tax_class":[""],"_manage_stock":["no"],"_backorders":["no"],"_sold_individually":["no"],"_virtual":["no"],"_downloadable":["no"],"_download_limit":["-1"],"_download_expiry":["-1"],"_stock":[null],"_stock_status":["instock"],"_wc_average_rating":["0"],"_wc_review_count":["0"],"_product_version":["9.6.1"],"_price":["48"],"_wc_gla_visibility":["dont-sync-and-show"],"_product_image_gallery":["11382"],"_wc_facebook_sync_enabled":["yes"],"fb_visibility":["yes"],"fb_product_description":[""],"_wc_facebook_product_image_source":["product"],"_wc_facebook_google_product_category":[""],"fb_product_group_id":["10007494035933525"],"rank_math_primary_product_brand":["170"],"rank_math_primary_product_cat":["127"],"rank_math_primary_fb_product_set":["0"],"site-sidebar-layout":["default"],"ast-site-content-layout":["default"],"site-content-style":["default"],"site-sidebar-style":["default"],"theme-transparent-header-meta":["default"],"stick-header-meta":["default"],"rank_math_analytic_object_id":["266"],"fb_product_item_id":["10007494182600177"],"_wc_facebook_enhanced_catalog_attributes_capacity":[""],"_wc_facebook_enhanced_catalog_attributes_age_group":[""],"_wc_facebook_enhanced_catalog_attributes_gender":[""],"_wc_facebook_enhanced_catalog_attributes_ingredients":[""],"_wc_facebook_enhanced_catalog_attributes_health_concern":[""],"_wc_facebook_enhanced_catalog_attributes_pattern":[""],"_wc_facebook_enhanced_catalog_attributes_power_type":[""],"_wc_facebook_enhanced_catalog_attributes_product_form":[""],"_wc_facebook_enhanced_catalog_attributes_result_time":[""],"_wc_facebook_enhanced_catalog_attributes_scent":[""],"_wc_facebook_enhanced_catalog_attributes_absorbency":[""],"_wc_facebook_enhanced_catalog_attributes_material":[""],"_wc_facebook_enhanced_catalog_attributes_serving_size":[""],"_wc_facebook_enhanced_catalog_attributes_size":[""],"_wc_facebook_enhanced_catalog_attributes_skin_care_concern":[""],"_wc_facebook_enhanced_catalog_attributes_skin_type":[""],"_wc_facebook_enhanced_catalog_attributes_spf_value":[""],"_wc_facebook_enhanced_catalog_attributes_standard_features":[""],"_wc_facebook_enhanced_catalog_attributes_stop_use_indications":[""],"_wc_facebook_enhanced_catalog_attributes_package_quantity":[""],"_wc_facebook_enhanced_catalog_attributes_lens_material":[""],"_wc_facebook_enhanced_catalog_attributes_lens_type":[""],"_wc_facebook_enhanced_catalog_attributes_lens_tint":[""],"_wc_facebook_enhanced_catalog_attributes_keywords":[""],"_wc_facebook_enhanced_catalog_attributes_is_powered":[""],"_wc_facebook_enhanced_catalog_attributes_instructions":[""],"_wc_facebook_enhanced_catalog_attributes_ingredients_composition":[""],"_wc_facebook_enhanced_catalog_attributes_inactive_ingredients":[""],"_wc_facebook_enhanced_catalog_attributes_flavor":[""],"_wc_facebook_enhanced_catalog_attributes_eyewear_rim":[""],"_wc_facebook_enhanced_catalog_attributes_dosage":[""],"_wc_facebook_enhanced_catalog_attributes_color":[""],"_wc_facebook_enhanced_catalog_attributes_brand":[""],"_wc_facebook_enhanced_catalog_attributes_body_part":[""],"_wc_facebook_enhanced_catalog_attributes_batteries_required":[""],"_wc_facebook_enhanced_catalog_attributes_u_v_rating":[""],"_fz_country_restriction_type":["specific"],"_restricted_countries":["a:1:{i:0;s:2:\"US\";}"],"astra-migrate-meta-layouts":["set"],"omnisend_last_sync":["2025-05-16T11:05:10+00:00"],"surerank_settings_general":["a:7:{s:9:\"separator\";s:1:\"-\";s:10:\"page_title\";s:21:\"%title% - %site_name%\";s:25:\"auto_generate_description\";b:1;s:16:\"page_description\";s:136:\"Thyrotain is a comprehensive formulation that provides a blend of nutrients and botanicals working in synergy to support thyroid health.\";s:16:\"auto_description\";s:155:\"Thyrotain is a comprehensive formulation that provides a blend of nutrients and botanicals working in synergy to support thyroid health. Thyrotain includes\";s:14:\"fallback_image\";s:0:\"\";s:13:\"canonical_url\";s:50:\"https:\/\/pophaw.com\/product\/thyrotain-120-capsules\/\";}"],"surerank_settings_post_no_index":["no"],"surerank_settings_post_no_follow":["no"],"surerank_settings_post_no_archive":["no"],"surerank_settings_social":["a:23:{s:15:\"open_graph_tags\";b:1;s:18:\"facebook_meta_tags\";b:1;s:17:\"twitter_meta_tags\";b:1;s:16:\"oembeded_scripts\";b:1;s:17:\"oembeded_og_title\";b:1;s:22:\"oembeded_social_images\";b:1;s:27:\"oembeded_remove_author_name\";b:1;s:17:\"facebook_page_url\";s:54:\"https:\/\/www.facebook.com\/profile.php?id=61571207938497\";s:24:\"facebook_author_fallback\";s:0:\"\";s:17:\"twitter_card_type\";s:19:\"summary_large_image\";s:24:\"twitter_same_as_facebook\";b:1;s:24:\"twitter_profile_username\";s:0:\"\";s:24:\"twitter_profile_fallback\";s:0:\"\";s:14:\"facebook_title\";s:21:\"%title% - %site_name%\";s:20:\"facebook_description\";s:9:\"%content%\";s:18:\"facebook_image_url\";s:60:\"https:\/\/pophaw.com\/wp-content\/uploads\/2025\/01\/Thyrotain.webp\";s:17:\"facebook_image_id\";i:11381;s:20:\"facebook_image_width\";i:565;s:21:\"facebook_image_height\";i:565;s:13:\"twitter_title\";s:21:\"%title% - %site_name%\";s:19:\"twitter_description\";s:9:\"%content%\";s:17:\"twitter_image_url\";s:60:\"https:\/\/pophaw.com\/wp-content\/uploads\/2025\/01\/Thyrotain.webp\";s:16:\"twitter_image_id\";i:11381;}"],"surerank_migration":["1"],"astra_style_timestamp_css":["1777347917"],"wwpp_product_wholesale_visibility_filter":["all"],"_uag_css_file_name":["uag-css-11380.css"],"rank_math_internal_links_processed":["1"],"_uag_page_assets":["a:9:{s:3:\"css\";s:260:\".uag-blocks-common-selector{z-index:var(--z-index-desktop) !important}@media(max-width: 976px){.uag-blocks-common-selector{z-index:var(--z-index-tablet) !important}}@media(max-width: 767px){.uag-blocks-common-selector{z-index:var(--z-index-mobile) !important}}\";s:2:\"js\";s:0:\"\";s:18:\"current_block_list\";a:15:{i:0;s:23:\"surecart\/slide-out-cart\";i:1;s:30:\"surecart\/slide-out-cart-header\";i:2;s:29:\"surecart\/slide-out-cart-items\";i:3;s:30:\"surecart\/slide-out-cart-coupon\";i:4;s:32:\"surecart\/slide-out-cart-subtotal\";i:5;s:38:\"surecart\/slide-out-cart-bump-line-item\";i:6;s:30:\"surecart\/slide-out-cart-submit\";i:7;s:11:\"core\/search\";i:8;s:10:\"core\/group\";i:9;s:12:\"core\/heading\";i:10;s:17:\"core\/latest-posts\";i:11;s:20:\"core\/latest-comments\";i:12;s:13:\"core\/archives\";i:13;s:15:\"core\/categories\";i:14;s:14:\"core\/shortcode\";}s:8:\"uag_flag\";b:0;s:11:\"uag_version\";s:10:\"1777339036\";s:6:\"gfonts\";a:0:{}s:10:\"gfonts_url\";s:0:\"\";s:12:\"gfonts_files\";a:0:{}s:14:\"uag_faq_layout\";b:0;}"]},"uagb_featured_image_src":{"full":["https:\/\/pophaw.com\/wp-content\/uploads\/2025\/01\/Thyrotain.webp",565,565,false],"thumbnail":["https:\/\/pophaw.com\/wp-content\/uploads\/2025\/01\/Thyrotain-150x150.webp",150,150,true],"medium":["https:\/\/pophaw.com\/wp-content\/uploads\/2025\/01\/Thyrotain-300x300.webp",300,300,true],"medium_large":["https:\/\/pophaw.com\/wp-content\/uploads\/2025\/01\/Thyrotain.webp",565,565,false],"large":["https:\/\/pophaw.com\/wp-content\/uploads\/2025\/01\/Thyrotain.webp",565,565,false],"ryviu-small":["https:\/\/pophaw.com\/wp-content\/uploads\/2025\/01\/Thyrotain.webp",40,40,false],"ryviu-medium":["https:\/\/pophaw.com\/wp-content\/uploads\/2025\/01\/Thyrotain.webp",132,132,false],"1536x1536":["https:\/\/pophaw.com\/wp-content\/uploads\/2025\/01\/Thyrotain.webp",565,565,false],"2048x2048":["https:\/\/pophaw.com\/wp-content\/uploads\/2025\/01\/Thyrotain.webp",565,565,false],"trp-custom-language-flag":["https:\/\/pophaw.com\/wp-content\/uploads\/2025\/01\/Thyrotain.webp",12,12,false],"woocommerce_thumbnail":["https:\/\/pophaw.com\/wp-content\/uploads\/2025\/01\/Thyrotain-300x300.webp",300,300,true],"woocommerce_single":["https:\/\/pophaw.com\/wp-content\/uploads\/2025\/01\/Thyrotain.webp",565,565,false],"woocommerce_gallery_thumbnail":["https:\/\/pophaw.com\/wp-content\/uploads\/2025\/01\/Thyrotain-100x100.webp",100,100,true]},"uagb_author_info":{"display_name":"Dr. Rowan","author_link":"https:\/\/pophaw.com\/de\/author\/"},"uagb_comment_info":0,"uagb_excerpt":"Helps to Maintain Healthy Thyroid Function","_links":{"self":[{"href":"https:\/\/pophaw.com\/de\/wp-json\/wp\/v2\/product\/11380","targetHints":{"allow":["GET"]}}],"collection":[{"href":"https:\/\/pophaw.com\/de\/wp-json\/wp\/v2\/product"}],"about":[{"href":"https:\/\/pophaw.com\/de\/wp-json\/wp\/v2\/types\/product"}],"wp:featuredmedia":[{"embeddable":true,"href":"https:\/\/pophaw.com\/de\/wp-json\/wp\/v2\/media\/11381"}],"wp:attachment":[{"href":"https:\/\/pophaw.com\/de\/wp-json\/wp\/v2\/media?parent=11380"}],"wp:term":[{"taxonomy":"product_brand","embeddable":true,"href":"https:\/\/pophaw.com\/de\/wp-json\/wp\/v2\/product_brand?post=11380"},{"taxonomy":"product_cat","embeddable":true,"href":"https:\/\/pophaw.com\/de\/wp-json\/wp\/v2\/product_cat?post=11380"},{"taxonomy":"product_tag","embeddable":true,"href":"https:\/\/pophaw.com\/de\/wp-json\/wp\/v2\/product_tag?post=11380"}],"curies":[{"name":"wp","href":"https:\/\/api.w.org\/{rel}","templated":true}]}}