{"id":13489,"date":"2025-10-12T08:58:35","date_gmt":"2025-10-12T15:58:35","guid":{"rendered":"https:\/\/pophaw.com\/?post_type=product&#038;p=13489"},"modified":"2025-10-21T20:34:47","modified_gmt":"2025-10-22T03:34:47","slug":"elektrischer-fuswarmer-fur-buro-und-wohnung","status":"publish","type":"product","link":"https:\/\/pophaw.com\/de\/produkt\/elektrischer-fuswarmer-fur-buro-und-wohnung\/","title":{"rendered":"Elektrischer Fu\u00dfw\u00e4rmer f\u00fcr B\u00fcro und Zuhause"},"content":{"rendered":"<ul class=\"wp-block-list\">\n<li>Schnelle 360\u00b0-Umgebungsheizung: Dank der Graphen-Strahlungstechnologie heizt der Untertischw\u00e4rmer in nur 30 Sekunden auf bis zu 150\u00b0F auf und sorgt so f\u00fcr schnellen und effizienten Komfort. Das 360\u00b0 omnidirektionale Design des Fu\u00dfw\u00e4rmers unter dem Schreibtisch bietet 3D-Heizung f\u00fcr Ihre F\u00fc\u00dfe und Beine und gew\u00e4hrleistet gleichm\u00e4\u00dfige, schnelle W\u00e4rme aus jedem Winkel. Egal, ob Sie zu Hause oder im B\u00fcro sind, dieser Fu\u00dfw\u00e4rmer h\u00e4lt Sie auch an den k\u00e4ltesten Tagen k\u00fchl<\/li>\n\n\n\n<li>Ultra-bequem: Die pers\u00f6nliche Heizung f\u00fcr den Schreibtisch verf\u00fcgt \u00fcber einen Schalter an der Oberseite und einen Magnetverschluss f\u00fcr eine einfache Bedienung, w\u00e4hrend das digitale Display die Einstellung der Temperatur und des Timers zu einem Kinderspiel macht. Die abnehmbare beheizte Fu\u00dfmatte sorgt f\u00fcr zus\u00e4tzlichen Komfort bei der Reinigung und Aufbewahrung. Ideal f\u00fcr zu Hause, im Arbeitszimmer oder im B\u00fcro<\/li>\n\n\n\n<li>Leicht zu verstauender Fu\u00dfw\u00e4rmer: Unsere Untertischheizung f\u00fcr das B\u00fcro misst 20 x 4 Zoll, wenn sie gefaltet ist, so dass sie leicht zu verstauen ist. Im Lieferumfang enthalten sind eine spezielle Aufbewahrungstasche, eine beheizte Fu\u00dfmatte, eine feste Halterung * 3 und eine Bedienungsanleitung. Egal, ob Sie an Ihrem Schreibtisch arbeiten oder sich zu Hause entspannen, der Easy Store Panel Heater h\u00e4lt Ihre F\u00fc\u00dfe warm und kuschelig, wo immer Sie hingehen<\/li>\n\n\n\n<li>Energiesparende B\u00fcroheizung unter dem Schreibtisch Leise: Bleiben Sie warm ohne hohe Energiekosten! Dieser beheizte Fu\u00dfw\u00e4rmer nutzt die Graphen-Heiztechnologie, um eine Temperatur von 150\u00b0F zu erreichen und dabei nur 170 W zu verbrauchen. Das vollst\u00e4ndig geschlossene Design maximiert die W\u00e4rmeeffizienz und hilft Ihnen, in den kalten Monaten Heizkosten zu sparen. Au\u00dferdem ist die B\u00fcroheizung unter dem leisen Schreibtisch so konzipiert, dass sie ger\u00e4uschlos und windstill arbeitet, was sie perfekt f\u00fcr Ihren Schreibtisch oder Arbeitsbereich macht.<\/li>\n\n\n\n<li>Mehrere Sicherheitsmerkmale: V0-zertifizierte flammenhemmende Materialien, Kipp- und \u00dcberhitzungsschutz und ber\u00fchrungssichere Oberfl\u00e4che. Unser Heizstrahler verf\u00fcgt \u00fcber 5 Temperaturstufen (P1 - 110\u00b0F bis P5 - 150\u00b0F) und 4 Timer-Modi (2, 4, 6, 8 Stunden) f\u00fcr anpassbaren Komfort. Beim Einschalten ist die Standardeinstellung P5 f\u00fcr sofortige W\u00e4rme. Das Untertisch-Heizsystem schaltet sich aus Sicherheitsgr\u00fcnden nach 4 Stunden automatisch ab. Geeignet f\u00fcr Erwachsene, Kinder, Senioren und Haustiere, die es bedenkenlos benutzen k\u00f6nnen<\/li>\n<\/ul>","protected":false},"excerpt":{"rendered":"<p>Under Desk Heater, tragbare Raumheizung mit beheizter Fu\u00dfmatte, leise Fu\u00dfheizung mit Thermostat und Timer, Heizstrahler f\u00fcr Fu\u00df\/Bein im Innenbereich<\/p>","protected":false},"featured_media":13491,"template":"","meta":{"bwfblock_default_font":"","_uag_custom_page_level_css":"","site-sidebar-layout":"default","site-content-layout":"","ast-site-content-layout":"default","site-content-style":"default","site-sidebar-style":"default","ast-global-header-display":"","ast-banner-title-visibility":"","ast-main-header-display":"","ast-hfb-above-header-display":"","ast-hfb-below-header-display":"","ast-hfb-mobile-header-display":"","site-post-title":"","ast-breadcrumbs-content":"","ast-featured-img":"","footer-sml-layout":"","ast-disable-related-posts":"","theme-transparent-header-meta":"","adv-header-id-meta":"","stick-header-meta":"","header-above-stick-meta":"","header-main-stick-meta":"","header-below-stick-meta":"","astra-migrate-meta-layouts":"set","ast-page-background-enabled":"default","ast-page-background-meta":{"desktop":{"background-color":"","background-image":"","background-repeat":"repeat","background-position":"center center","background-size":"auto","background-attachment":"scroll","background-type":"","background-media":"","overlay-type":"","overlay-color":"","overlay-opacity":"","overlay-gradient":""},"tablet":{"background-color":"","background-image":"","background-repeat":"repeat","background-position":"center center","background-size":"auto","background-attachment":"scroll","background-type":"","background-media":"","overlay-type":"","overlay-color":"","overlay-opacity":"","overlay-gradient":""},"mobile":{"background-color":"","background-image":"","background-repeat":"repeat","background-position":"center center","background-size":"auto","background-attachment":"scroll","background-type":"","background-media":"","overlay-type":"","overlay-color":"","overlay-opacity":"","overlay-gradient":""}},"ast-content-background-meta":{"desktop":{"background-color":"var(--ast-global-color-5)","background-image":"","background-repeat":"repeat","background-position":"center center","background-size":"auto","background-attachment":"scroll","background-type":"","background-media":"","overlay-type":"","overlay-color":"","overlay-opacity":"","overlay-gradient":""},"tablet":{"background-color":"var(--ast-global-color-5)","background-image":"","background-repeat":"repeat","background-position":"center center","background-size":"auto","background-attachment":"scroll","background-type":"","background-media":"","overlay-type":"","overlay-color":"","overlay-opacity":"","overlay-gradient":""},"mobile":{"background-color":"var(--ast-global-color-5)","background-image":"","background-repeat":"repeat","background-position":"center center","background-size":"auto","background-attachment":"scroll","background-type":"","background-media":"","overlay-type":"","overlay-color":"","overlay-opacity":"","overlay-gradient":""}}},"product_brand":[73],"product_cat":[336,340,338],"product_tag":[],"class_list":{"0":"post-13489","1":"product","2":"type-product","3":"status-publish","4":"has-post-thumbnail","6":"product_brand-pophaw","7":"product_cat-healthcare-products","8":"product_cat-massager","9":"product_cat-personal-care","10":"desktop-align-center","11":"tablet-align-center","12":"mobile-align-center","13":"ast-product-gallery-layout-horizontal-slider","14":"ast-magnify-disabled","15":"ast-product-tabs-layout-horizontal","17":"first","18":"instock","19":"sale","20":"shipping-taxable","21":"purchasable","22":"product-type-simple"},"spectra_custom_meta":{"_uagb_previous_block_counts":["a:90:{s:21:\"uagb\/advanced-heading\";i:0;s:15:\"uagb\/blockquote\";i:0;s:12:\"uagb\/buttons\";i:0;s:18:\"uagb\/buttons-child\";i:0;s:19:\"uagb\/call-to-action\";i:0;s:15:\"uagb\/cf7-styler\";i:0;s:11:\"uagb\/column\";i:0;s:12:\"uagb\/columns\";i:0;s:14:\"uagb\/container\";i:0;s:21:\"uagb\/content-timeline\";i:0;s:27:\"uagb\/content-timeline-child\";i:0;s:14:\"uagb\/countdown\";i:0;s:12:\"uagb\/counter\";i:0;s:8:\"uagb\/faq\";i:0;s:14:\"uagb\/faq-child\";i:0;s:10:\"uagb\/forms\";i:0;s:17:\"uagb\/forms-accept\";i:0;s:19:\"uagb\/forms-checkbox\";i:0;s:15:\"uagb\/forms-date\";i:0;s:16:\"uagb\/forms-email\";i:0;s:17:\"uagb\/forms-hidden\";i:0;s:15:\"uagb\/forms-name\";i:0;s:16:\"uagb\/forms-phone\";i:0;s:16:\"uagb\/forms-radio\";i:0;s:17:\"uagb\/forms-select\";i:0;s:19:\"uagb\/forms-textarea\";i:0;s:17:\"uagb\/forms-toggle\";i:0;s:14:\"uagb\/forms-url\";i:0;s:14:\"uagb\/gf-styler\";i:0;s:15:\"uagb\/google-map\";i:0;s:11:\"uagb\/how-to\";i:0;s:16:\"uagb\/how-to-step\";i:0;s:9:\"uagb\/icon\";i:0;s:14:\"uagb\/icon-list\";i:0;s:20:\"uagb\/icon-list-child\";i:0;s:10:\"uagb\/image\";i:0;s:18:\"uagb\/image-gallery\";i:0;s:13:\"uagb\/info-box\";i:0;s:18:\"uagb\/inline-notice\";i:0;s:11:\"uagb\/lottie\";i:0;s:21:\"uagb\/marketing-button\";i:0;s:10:\"uagb\/modal\";i:0;s:18:\"uagb\/popup-builder\";i:0;s:16:\"uagb\/post-button\";i:0;s:18:\"uagb\/post-carousel\";i:0;s:17:\"uagb\/post-excerpt\";i:0;s:14:\"uagb\/post-grid\";i:0;s:15:\"uagb\/post-image\";i:0;s:17:\"uagb\/post-masonry\";i:0;s:14:\"uagb\/post-meta\";i:0;s:18:\"uagb\/post-taxonomy\";i:0;s:18:\"uagb\/post-timeline\";i:0;s:15:\"uagb\/post-title\";i:0;s:20:\"uagb\/restaurant-menu\";i:0;s:26:\"uagb\/restaurant-menu-child\";i:0;s:11:\"uagb\/review\";i:0;s:12:\"uagb\/section\";i:0;s:14:\"uagb\/separator\";i:0;s:11:\"uagb\/slider\";i:0;s:17:\"uagb\/slider-child\";i:0;s:17:\"uagb\/social-share\";i:0;s:23:\"uagb\/social-share-child\";i:0;s:16:\"uagb\/star-rating\";i:0;s:23:\"uagb\/sure-cart-checkout\";i:0;s:22:\"uagb\/sure-cart-product\";i:0;s:15:\"uagb\/sure-forms\";i:0;s:22:\"uagb\/table-of-contents\";i:0;s:9:\"uagb\/tabs\";i:0;s:15:\"uagb\/tabs-child\";i:0;s:18:\"uagb\/taxonomy-list\";i:0;s:9:\"uagb\/team\";i:0;s:16:\"uagb\/testimonial\";i:0;s:14:\"uagb\/wp-search\";i:0;s:19:\"uagb\/instagram-feed\";i:0;s:10:\"uagb\/login\";i:0;s:17:\"uagb\/loop-builder\";i:0;s:18:\"uagb\/loop-category\";i:0;s:20:\"uagb\/loop-pagination\";i:0;s:15:\"uagb\/loop-reset\";i:0;s:16:\"uagb\/loop-search\";i:0;s:14:\"uagb\/loop-sort\";i:0;s:17:\"uagb\/loop-wrapper\";i:0;s:13:\"uagb\/register\";i:0;s:19:\"uagb\/register-email\";i:0;s:24:\"uagb\/register-first-name\";i:0;s:23:\"uagb\/register-last-name\";i:0;s:22:\"uagb\/register-password\";i:0;s:30:\"uagb\/register-reenter-password\";i:0;s:19:\"uagb\/register-terms\";i:0;s:22:\"uagb\/register-username\";i:0;}"],"_edit_lock":["1761104350:1"],"rank_math_primary_product_cat":["336"],"rank_math_seo_score":["76"],"rank_math_focus_keyword":["Electric Foot Warmer"],"bwfblock_default_font":[""],"_uag_custom_page_level_css":[""],"site-sidebar-layout":["default"],"site-content-layout":[""],"ast-site-content-layout":["default"],"site-content-style":["default"],"site-sidebar-style":["default"],"ast-global-header-display":[""],"ast-banner-title-visibility":[""],"ast-main-header-display":[""],"ast-hfb-above-header-display":[""],"ast-hfb-below-header-display":[""],"ast-hfb-mobile-header-display":[""],"site-post-title":[""],"ast-breadcrumbs-content":[""],"ast-featured-img":[""],"footer-sml-layout":[""],"theme-transparent-header-meta":[""],"adv-header-id-meta":[""],"stick-header-meta":[""],"header-above-stick-meta":[""],"header-main-stick-meta":[""],"header-below-stick-meta":[""],"astra-migrate-meta-layouts":["set"],"ast-page-background-enabled":["default"],"ast-page-background-meta":["a:3:{s:7:\"desktop\";a:12:{s:16:\"background-color\";s:0:\"\";s:16:\"background-image\";s:0:\"\";s:17:\"background-repeat\";s:6:\"repeat\";s:19:\"background-position\";s:13:\"center center\";s:15:\"background-size\";s:4:\"auto\";s:21:\"background-attachment\";s:6:\"scroll\";s:15:\"background-type\";s:0:\"\";s:16:\"background-media\";s:0:\"\";s:12:\"overlay-type\";s:0:\"\";s:13:\"overlay-color\";s:0:\"\";s:15:\"overlay-opacity\";s:0:\"\";s:16:\"overlay-gradient\";s:0:\"\";}s:6:\"tablet\";a:12:{s:16:\"background-color\";s:0:\"\";s:16:\"background-image\";s:0:\"\";s:17:\"background-repeat\";s:6:\"repeat\";s:19:\"background-position\";s:13:\"center center\";s:15:\"background-size\";s:4:\"auto\";s:21:\"background-attachment\";s:6:\"scroll\";s:15:\"background-type\";s:0:\"\";s:16:\"background-media\";s:0:\"\";s:12:\"overlay-type\";s:0:\"\";s:13:\"overlay-color\";s:0:\"\";s:15:\"overlay-opacity\";s:0:\"\";s:16:\"overlay-gradient\";s:0:\"\";}s:6:\"mobile\";a:12:{s:16:\"background-color\";s:0:\"\";s:16:\"background-image\";s:0:\"\";s:17:\"background-repeat\";s:6:\"repeat\";s:19:\"background-position\";s:13:\"center center\";s:15:\"background-size\";s:4:\"auto\";s:21:\"background-attachment\";s:6:\"scroll\";s:15:\"background-type\";s:0:\"\";s:16:\"background-media\";s:0:\"\";s:12:\"overlay-type\";s:0:\"\";s:13:\"overlay-color\";s:0:\"\";s:15:\"overlay-opacity\";s:0:\"\";s:16:\"overlay-gradient\";s:0:\"\";}}"],"ast-content-background-meta":["a:3:{s:7:\"desktop\";a:12:{s:16:\"background-color\";s:25:\"var(--ast-global-color-5)\";s:16:\"background-image\";s:0:\"\";s:17:\"background-repeat\";s:6:\"repeat\";s:19:\"background-position\";s:13:\"center center\";s:15:\"background-size\";s:4:\"auto\";s:21:\"background-attachment\";s:6:\"scroll\";s:15:\"background-type\";s:0:\"\";s:16:\"background-media\";s:0:\"\";s:12:\"overlay-type\";s:0:\"\";s:13:\"overlay-color\";s:0:\"\";s:15:\"overlay-opacity\";s:0:\"\";s:16:\"overlay-gradient\";s:0:\"\";}s:6:\"tablet\";a:12:{s:16:\"background-color\";s:25:\"var(--ast-global-color-5)\";s:16:\"background-image\";s:0:\"\";s:17:\"background-repeat\";s:6:\"repeat\";s:19:\"background-position\";s:13:\"center center\";s:15:\"background-size\";s:4:\"auto\";s:21:\"background-attachment\";s:6:\"scroll\";s:15:\"background-type\";s:0:\"\";s:16:\"background-media\";s:0:\"\";s:12:\"overlay-type\";s:0:\"\";s:13:\"overlay-color\";s:0:\"\";s:15:\"overlay-opacity\";s:0:\"\";s:16:\"overlay-gradient\";s:0:\"\";}s:6:\"mobile\";a:12:{s:16:\"background-color\";s:25:\"var(--ast-global-color-5)\";s:16:\"background-image\";s:0:\"\";s:17:\"background-repeat\";s:6:\"repeat\";s:19:\"background-position\";s:13:\"center center\";s:15:\"background-size\";s:4:\"auto\";s:21:\"background-attachment\";s:6:\"scroll\";s:15:\"background-type\";s:0:\"\";s:16:\"background-media\";s:0:\"\";s:12:\"overlay-type\";s:0:\"\";s:13:\"overlay-color\";s:0:\"\";s:15:\"overlay-opacity\";s:0:\"\";s:16:\"overlay-gradient\";s:0:\"\";}}"],"_edit_last":["1"],"_admin_notes":[""],"_custom_product_field":[""],"_ppcp_button_position":["bottom"],"_regular_price":["99.99"],"_sale_price":["79.99"],"total_sales":["0"],"_tax_status":["taxable"],"_tax_class":[""],"_manage_stock":["no"],"_backorders":["no"],"_sold_individually":["no"],"_virtual":["no"],"_downloadable":["no"],"_download_limit":["-1"],"_download_expiry":["-1"],"_stock":[null],"_stock_status":["instock"],"_wc_average_rating":["5"],"_wc_review_count":["3"],"_product_version":["10.2.2"],"_price":["79.99"],"_wc_gla_visibility":["sync-and-show"],"_thumbnail_id":["13491"],"_sku":["PH11335038"],"_wc_gla_sync_status":["synced"],"rank_math_analytic_object_id":["319"],"astra_style_timestamp_css":["1775193003"],"_wc_gla_synced_at":["1774926044"],"_wc_gla_google_ids":["a:1:{s:2:\"US\";s:22:\"online:en:US:gla_13489\";}"],"_product_image_gallery":["13492,13493,13494,13495,13496,13498,13499"],"ryviu_product_reviews_info":["3;5"],"_wc_rating_count":["a:1:{i:0;i:3;}"],"wholesale_customer_wholesale_price":[""],"wwpp_product_wholesale_visibility_filter":["all"],"_uag_css_file_name":["uag-css-13489.css"],"rank_math_internal_links_processed":["1"],"_uag_page_assets":["a:9:{s:3:\"css\";s:263:\".uag-blocks-common-selector{z-index:var(--z-index-desktop) !important}@media (max-width: 976px){.uag-blocks-common-selector{z-index:var(--z-index-tablet) !important}}@media (max-width: 767px){.uag-blocks-common-selector{z-index:var(--z-index-mobile) !important}}\n\";s:2:\"js\";s:0:\"\";s:18:\"current_block_list\";a:17:{i:0;s:9:\"core\/list\";i:1;s:14:\"core\/list-item\";i:2;s:23:\"surecart\/slide-out-cart\";i:3;s:30:\"surecart\/slide-out-cart-header\";i:4;s:29:\"surecart\/slide-out-cart-items\";i:5;s:30:\"surecart\/slide-out-cart-coupon\";i:6;s:32:\"surecart\/slide-out-cart-subtotal\";i:7;s:38:\"surecart\/slide-out-cart-bump-line-item\";i:8;s:30:\"surecart\/slide-out-cart-submit\";i:9;s:11:\"core\/search\";i:10;s:10:\"core\/group\";i:11;s:12:\"core\/heading\";i:12;s:17:\"core\/latest-posts\";i:13;s:20:\"core\/latest-comments\";i:14;s:13:\"core\/archives\";i:15;s:15:\"core\/categories\";i:16;s:14:\"core\/shortcode\";}s:8:\"uag_flag\";b:0;s:11:\"uag_version\";s:10:\"1775168599\";s:6:\"gfonts\";a:0:{}s:10:\"gfonts_url\";s:0:\"\";s:12:\"gfonts_files\";a:0:{}s:14:\"uag_faq_layout\";b:0;}"],"_wc_gla_mc_status":["approved"]},"uagb_featured_image_src":{"full":["https:\/\/pophaw.com\/wp-content\/uploads\/2025\/10\/image_1-3.webp",600,600,false],"thumbnail":["https:\/\/pophaw.com\/wp-content\/uploads\/2025\/10\/image_1-3-150x150.webp",150,150,true],"medium":["https:\/\/pophaw.com\/wp-content\/uploads\/2025\/10\/image_1-3-300x300.webp",300,300,true],"medium_large":["https:\/\/pophaw.com\/wp-content\/uploads\/2025\/10\/image_1-3.webp",600,600,false],"large":["https:\/\/pophaw.com\/wp-content\/uploads\/2025\/10\/image_1-3.webp",600,600,false],"ryviu-small":["https:\/\/pophaw.com\/wp-content\/uploads\/2025\/10\/image_1-3-40x40.webp",40,40,true],"ryviu-medium":["https:\/\/pophaw.com\/wp-content\/uploads\/2025\/10\/image_1-3-132x132.webp",132,132,true],"1536x1536":["https:\/\/pophaw.com\/wp-content\/uploads\/2025\/10\/image_1-3.webp",600,600,false],"2048x2048":["https:\/\/pophaw.com\/wp-content\/uploads\/2025\/10\/image_1-3.webp",600,600,false],"trp-custom-language-flag":["https:\/\/pophaw.com\/wp-content\/uploads\/2025\/10\/image_1-3.webp",12,12,false],"woocommerce_thumbnail":["https:\/\/pophaw.com\/wp-content\/uploads\/2025\/10\/image_1-3-300x300.webp",300,300,true],"woocommerce_single":["https:\/\/pophaw.com\/wp-content\/uploads\/2025\/10\/image_1-3.webp",600,600,false],"woocommerce_gallery_thumbnail":["https:\/\/pophaw.com\/wp-content\/uploads\/2025\/10\/image_1-3-100x100.webp",100,100,true]},"uagb_author_info":{"display_name":"Dr. Rowan","author_link":"https:\/\/pophaw.com\/de\/author\/"},"uagb_comment_info":0,"uagb_excerpt":"Under Desk Heater, Portable Space Heater with Heated Floor Mat, Quiet Foot heater with Thermostat and Timer, Radiant Heater Indoor Use for Foot\/Leg","_links":{"self":[{"href":"https:\/\/pophaw.com\/de\/wp-json\/wp\/v2\/product\/13489","targetHints":{"allow":["GET"]}}],"collection":[{"href":"https:\/\/pophaw.com\/de\/wp-json\/wp\/v2\/product"}],"about":[{"href":"https:\/\/pophaw.com\/de\/wp-json\/wp\/v2\/types\/product"}],"wp:featuredmedia":[{"embeddable":true,"href":"https:\/\/pophaw.com\/de\/wp-json\/wp\/v2\/media\/13491"}],"wp:attachment":[{"href":"https:\/\/pophaw.com\/de\/wp-json\/wp\/v2\/media?parent=13489"}],"wp:term":[{"taxonomy":"product_brand","embeddable":true,"href":"https:\/\/pophaw.com\/de\/wp-json\/wp\/v2\/product_brand?post=13489"},{"taxonomy":"product_cat","embeddable":true,"href":"https:\/\/pophaw.com\/de\/wp-json\/wp\/v2\/product_cat?post=13489"},{"taxonomy":"product_tag","embeddable":true,"href":"https:\/\/pophaw.com\/de\/wp-json\/wp\/v2\/product_tag?post=13489"}],"curies":[{"name":"wp","href":"https:\/\/api.w.org\/{rel}","templated":true}]}}