{"id":2211,"date":"2019-12-01T14:00:37","date_gmt":"2019-12-01T14:00:37","guid":{"rendered":"https:\/\/pophaw.com\/product\/focus-factor\/"},"modified":"2025-03-23T23:41:46","modified_gmt":"2025-03-24T06:41:46","slug":"boswellia-komplex-120-tabletten","status":"publish","type":"product","link":"https:\/\/pophaw.com\/de\/produkt\/boswellia-komplex-120-tabletten\/","title":{"rendered":"Boswellia-Komplex 120 Tabletten"},"content":{"rendered":"<div>\n<p><span style=\"font-family: arial, helvetica, sans-serif; color: #000000;\">Boswellia Complex enth\u00e4lt Boswellia, Selleriesamen, Ingwer und Kurkuma zur Unterst\u00fctzung einer gesunden Gelenkfunktion.<\/span><span style=\"font-family: arial, helvetica, sans-serif; color: #000000;\">Diese Kr\u00e4uter werden traditionell in pflanzlichen Zubereitungen verwendet, um:<\/span><\/p>\n<ul>\n<li><span style=\"font-family: arial, helvetica, sans-serif; color: #000000;\">Erh\u00e4lt und unterst\u00fctzt gesunde Gelenke*<\/span><\/li>\n<li><span style=\"font-family: arial, helvetica, sans-serif; color: #000000;\">Unterst\u00fctzung eines gesunden Kreislaufs*<\/span><\/li>\n<li><span style=\"font-family: arial, helvetica, sans-serif; color: #000000;\">Unterst\u00fctzung der normalen Funktion der Nieren*<\/span><\/li>\n<li><span style=\"font-family: arial, helvetica, sans-serif; color: #000000;\">Bieten antioxidative Aktivit\u00e4t*<\/span><\/li>\n<\/ul>\n<p><span style=\"font-family: arial, helvetica, sans-serif; color: #000000;\">Diese Kr\u00e4uterkombination enth\u00e4lt zahlreiche sekund\u00e4re Pflanzenstoffe, darunter Triterpens\u00e4uren (insbesondere die Boswellias\u00e4uren), mehrere \u00e4therische \u00d6le (von denen eines Terpene und Phthalide enth\u00e4lt), Cumarine, Flavonoide, Scharfstoffe (einschlie\u00dflich Gingerole) und gelbe Pigmente, die als Diarylheptanoide bezeichnet werden (einschlie\u00dflich Curcumin). Diese Tablette enth\u00e4lt zwei Kr\u00e4uter mit standardisierten Gehalten an wichtigen Phytochemikalien, um eine optimale St\u00e4rke und Qualit\u00e4t zu gew\u00e4hrleisten. Die Boswellia-Komponente ist standardisiert und enth\u00e4lt 180 mg Boswellias\u00e4uren pro Tablette, und die Kurkuma-Komponente enth\u00e4lt 70,4 mg Curcuminoide pro Tablette.<\/span><\/p>\n<\/div>\n<hr \/>\n<div>\n<p><span style=\"font-family: arial, helvetica, sans-serif; color: #000000;\"><strong>Empfohlene Verwendung:<\/strong><\/span><\/p>\n<p><span style=\"font-family: arial, helvetica, sans-serif; color: #000000;\">1 Tablette 2 - 4 mal t\u00e4glich, oder wie verordnet.<\/span><\/p>\n<p>&nbsp;<\/p>\n<p><span style=\"font-family: arial, helvetica, sans-serif; color: #000000;\">Vorsicht! Nicht w\u00e4hrend der Schwangerschaft und Stillzeit verwenden, es sei denn, dies wird von einem qualifizierten Arzt verordnet. F\u00fcr andere Kontraindikationen und Vorsichtshinweise konsultieren Sie Ihren Arzt. Au\u00dferhalb der Reichweite von Kindern aufbewahren. An einem k\u00fchlen, trockenen Ort ohne direkte Sonneneinstrahlung aufbewahren.<\/span><\/p>\n<\/div>\n<hr \/>\n<div>\n<h4><span style=\"font-family: arial, helvetica, sans-serif; color: #000000;\">N\u00e4hrstoffe &amp; Inhaltsstoffe<\/span><\/h4>\n<p>&nbsp;<\/p>\n<p><span style=\"font-family: arial, helvetica, sans-serif; color: #000000;\">Jede Portionsgr\u00f6\u00dfe (1 Tablette) enth\u00e4lt: Kalorien 5, Kalzium 37 mg, Boswellia gum oleoresin 7:1 Extrakt 277 mg (aus<em>\u00a0Boswellia serrata<\/em>\u00a0Gummi-Oleoresin 1,9 g, enth\u00e4lt Boswellias\u00e4uren 180 mg), Selleriesamenfrucht 6:1-Extrakt 166,7 mg (aus\u00a0<em id=\"isPasted\">Apium graveolens<\/em>\u00a0Frucht 1,0 g), Ingwer-Rhizom 10:1 Extrakt 30 mg (aus\u00a0<em>Zingiber officinale<\/em>\u00a0Rhizom 300 mg), Kurkuma-Rhizom 25:1-Extrakt 84,4 mg (aus\u00a0<em>Curcuma longa<\/em>\u00a0Rhizom 2,1 g, enth\u00e4lt Curcuminoide 70,4 mg). Andere Zutaten: Dibasisches Calciumphosphat-Dihydrat, mikrokristalline Cellulose, Croscarmellose-Natrium, Natriumst\u00e4rkeglykolat, Siliziumdioxid, Hypromellose und Magnesiumstearat.<\/span><\/p>\n<p>&nbsp;<\/p>\n<\/div>\n<hr \/>\n<div>\n<p><span style=\"font-family: arial, helvetica, sans-serif; color: #000000;\">Weitere Kontraindikationen und Vorsichtsma\u00dfnahmen entnehmen Sie bitte dem\u00a0<a style=\"color: #000000;\" href=\"https:\/\/my.standardprocess.com\/MediHerb-Document-Library\/Catalog-Files\/herb-drug-interaction-chart.pdf\" target=\"_blank\" rel=\"noopener\">Tabelle mit m\u00f6glichen Wechselwirkungen zwischen Kr\u00e4utern und Medikamenten<\/a>.<\/span><\/p>\n<p><span style=\"font-family: arial, helvetica, sans-serif; color: #000000;\">Bitte konsultieren Sie das aktuelle Produktetikett, um die genauesten Produktinformationen zu erhalten.<\/span><\/p>\n<p><span style=\"font-family: arial, helvetica, sans-serif; color: #000000;\">*Diese Aussagen wurden nicht von der Food and Drug Administration bewertet. Diese Produkte sind nicht dazu bestimmt, Krankheiten zu diagnostizieren, zu behandeln, zu heilen oder zu verhindern.<\/span><\/p>\n<\/div>","protected":false},"excerpt":{"rendered":"<p>Unterst\u00fctzung einer gesunden Gelenkfunktion.<\/p>","protected":false},"featured_media":12067,"template":"","meta":{"bwfblock_default_font":"","_uag_custom_page_level_css":"","site-sidebar-layout":"default","site-content-layout":"","ast-site-content-layout":"default","site-content-style":"default","site-sidebar-style":"default","ast-global-header-display":"","ast-banner-title-visibility":"","ast-main-header-display":"","ast-hfb-above-header-display":"","ast-hfb-below-header-display":"","ast-hfb-mobile-header-display":"","site-post-title":"","ast-breadcrumbs-content":"","ast-featured-img":"","footer-sml-layout":"","ast-disable-related-posts":"","theme-transparent-header-meta":"default","adv-header-id-meta":"","stick-header-meta":"default","header-above-stick-meta":"","header-main-stick-meta":"","header-below-stick-meta":"","astra-migrate-meta-layouts":"set","ast-page-background-enabled":"default","ast-page-background-meta":{"desktop":{"background-color":"","background-image":"","background-repeat":"repeat","background-position":"center center","background-size":"auto","background-attachment":"scroll","background-type":"","background-media":"","overlay-type":"","overlay-color":"","overlay-opacity":"","overlay-gradient":""},"tablet":{"background-color":"","background-image":"","background-repeat":"repeat","background-position":"center center","background-size":"auto","background-attachment":"scroll","background-type":"","background-media":"","overlay-type":"","overlay-color":"","overlay-opacity":"","overlay-gradient":""},"mobile":{"background-color":"","background-image":"","background-repeat":"repeat","background-position":"center center","background-size":"auto","background-attachment":"scroll","background-type":"","background-media":"","overlay-type":"","overlay-color":"","overlay-opacity":"","overlay-gradient":""}},"ast-content-background-meta":{"desktop":{"background-color":"var(--ast-global-color-5)","background-image":"","background-repeat":"repeat","background-position":"center center","background-size":"auto","background-attachment":"scroll","background-type":"","background-media":"","overlay-type":"","overlay-color":"","overlay-opacity":"","overlay-gradient":""},"tablet":{"background-color":"var(--ast-global-color-5)","background-image":"","background-repeat":"repeat","background-position":"center center","background-size":"auto","background-attachment":"scroll","background-type":"","background-media":"","overlay-type":"","overlay-color":"","overlay-opacity":"","overlay-gradient":""},"mobile":{"background-color":"var(--ast-global-color-5)","background-image":"","background-repeat":"repeat","background-position":"center center","background-size":"auto","background-attachment":"scroll","background-type":"","background-media":"","overlay-type":"","overlay-color":"","overlay-opacity":"","overlay-gradient":""}}},"product_brand":[108],"product_cat":[127],"product_tag":[],"class_list":{"0":"post-2211","1":"product","2":"type-product","3":"status-publish","4":"has-post-thumbnail","6":"product_brand-mediherb","7":"product_cat-dietary-supplements","8":"desktop-align-center","9":"tablet-align-center","10":"mobile-align-center","11":"ast-product-gallery-layout-horizontal-slider","12":"ast-magnify-disabled","13":"ast-product-tabs-layout-horizontal","15":"first","16":"instock","17":"featured","18":"shipping-taxable","19":"purchasable","20":"product-type-simple"},"spectra_custom_meta":{"_sku":["NRT036"],"_regular_price":["109.99"],"_tax_status":["taxable"],"_manage_stock":["no"],"_backorders":["no"],"_sold_individually":["no"],"_virtual":["no"],"_downloadable":["no"],"_download_limit":["-1"],"_download_expiry":["-1"],"_thumbnail_id":["12067"],"_stock_status":["instock"],"_product_version":["9.7.1"],"_price":["109.99"],"insight_product_options":["s:1358:\"a:38:{s:27:\"single_product_layout_style\";s:0:\"\";s:11:\"site_layout\";s:0:\"\";s:10:\"site_width\";s:0:\"\";s:16:\"site_top_spacing\";s:0:\"\";s:19:\"site_bottom_spacing\";s:0:\"\";s:10:\"site_class\";s:0:\"\";s:21:\"site_background_color\";s:0:\"\";s:21:\"site_background_image\";s:0:\"\";s:22:\"site_background_repeat\";s:9:\"no-repeat\";s:26:\"site_background_attachment\";s:0:\"\";s:24:\"site_background_position\";s:0:\"\";s:20:\"site_background_size\";s:0:\"\";s:24:\"content_background_color\";s:0:\"\";s:24:\"content_background_image\";s:0:\"\";s:25:\"content_background_repeat\";s:9:\"no-repeat\";s:27:\"content_background_position\";s:0:\"\";s:12:\"top_bar_type\";s:0:\"\";s:11:\"header_type\";s:0:\"\";s:14:\"header_overlay\";s:0:\"\";s:11:\"header_skin\";s:0:\"\";s:12:\"menu_display\";s:0:\"\";s:13:\"menu_one_page\";s:1:\"0\";s:16:\"custom_dark_logo\";s:0:\"\";s:17:\"custom_light_logo\";s:0:\"\";s:17:\"custom_logo_width\";s:0:\"\";s:24:\"custom_sticky_logo_width\";s:0:\"\";s:21:\"page_title_bar_layout\";s:0:\"\";s:29:\"page_title_bar_bottom_spacing\";s:0:\"\";s:31:\"page_title_bar_background_color\";s:0:\"\";s:25:\"page_title_bar_background\";s:0:\"\";s:33:\"page_title_bar_background_overlay\";s:0:\"\";s:29:\"page_title_bar_custom_heading\";s:0:\"\";s:14:\"page_sidebar_1\";s:7:\"default\";s:14:\"page_sidebar_2\";s:7:\"default\";s:21:\"page_sidebar_position\";s:7:\"default\";s:17:\"revolution_slider\";s:0:\"\";s:15:\"slider_position\";s:5:\"below\";s:13:\"footer_enable\";s:0:\"\";}\";"],"woosw_count":["3"],"woosw_add":["1626781170"],"_edit_last":["1"],"_wp_old_date":["2020-12-01"],"total_sales":["0"],"_tax_class":[""],"_stock":[null],"_wc_average_rating":["0"],"_wc_review_count":["0"],"_edit_lock":["1742800664:1"],"_wp_old_slug":["focus-factor"],"_product_image_gallery":["7580"],"rs_page_bg_color":[""],"rank_math_focus_keyword":["Boswellia Complex"],"rank_math_analytic_object_id":["76"],"rank_math_seo_score":["82"],"rank_math_description":["Boswellia Complex contains Boswellia, Celery Seed, Ginger and Turmeric to support healthy joint function."],"_admin_notes":[""],"_custom_product_field":[""],"rank_math_primary_product_cat":["127"],"rank_math_primary_product_brand":["0"],"site-sidebar-layout":["default"],"ast-site-content-layout":["default"],"site-content-style":["default"],"site-sidebar-style":["default"],"theme-transparent-header-meta":["default"],"stick-header-meta":["default"],"_wc_gla_synced_at":["1776308466"],"_wc_gla_sync_status":["synced"],"_wc_gla_visibility":["sync-and-show"],"_wc_gla_google_ids":["a:1:{s:2:\"US\";s:21:\"online:en:US:gla_2211\";}"],"fb_product_item_id":["9232924913429668"],"_global_unique_id":["10888621913759"],"_wc_facebook_sync_enabled":["yes"],"fb_visibility":["yes"],"fb_product_description":[""],"_wc_facebook_product_image_source":["product"],"_wc_facebook_enhanced_catalog_attributes_capacity":[""],"_wc_facebook_enhanced_catalog_attributes_age_group":[""],"_wc_facebook_enhanced_catalog_attributes_gender":[""],"_wc_facebook_enhanced_catalog_attributes_ingredients":[""],"_wc_facebook_enhanced_catalog_attributes_health_concern":[""],"_wc_facebook_enhanced_catalog_attributes_pattern":[""],"_wc_facebook_enhanced_catalog_attributes_power_type":[""],"_wc_facebook_enhanced_catalog_attributes_product_form":[""],"_wc_facebook_enhanced_catalog_attributes_result_time":[""],"_wc_facebook_enhanced_catalog_attributes_scent":[""],"_wc_facebook_enhanced_catalog_attributes_absorbency":[""],"_wc_facebook_enhanced_catalog_attributes_material":[""],"_wc_facebook_enhanced_catalog_attributes_serving_size":[""],"_wc_facebook_enhanced_catalog_attributes_size":[""],"_wc_facebook_enhanced_catalog_attributes_skin_care_concern":[""],"_wc_facebook_enhanced_catalog_attributes_skin_type":[""],"_wc_facebook_enhanced_catalog_attributes_spf_value":[""],"_wc_facebook_enhanced_catalog_attributes_standard_features":[""],"_wc_facebook_enhanced_catalog_attributes_stop_use_indications":[""],"_wc_facebook_enhanced_catalog_attributes_package_quantity":[""],"_wc_facebook_enhanced_catalog_attributes_lens_material":[""],"_wc_facebook_enhanced_catalog_attributes_lens_type":[""],"_wc_facebook_enhanced_catalog_attributes_lens_tint":[""],"_wc_facebook_enhanced_catalog_attributes_keywords":[""],"_wc_facebook_enhanced_catalog_attributes_is_powered":[""],"_wc_facebook_enhanced_catalog_attributes_instructions":[""],"_wc_facebook_enhanced_catalog_attributes_ingredients_composition":[""],"_wc_facebook_enhanced_catalog_attributes_inactive_ingredients":[""],"_wc_facebook_enhanced_catalog_attributes_flavor":[""],"_wc_facebook_enhanced_catalog_attributes_eyewear_rim":[""],"_wc_facebook_enhanced_catalog_attributes_dosage":[""],"_wc_facebook_enhanced_catalog_attributes_color":[""],"_wc_facebook_enhanced_catalog_attributes_brand":[""],"_wc_facebook_enhanced_catalog_attributes_body_part":[""],"_wc_facebook_enhanced_catalog_attributes_batteries_required":[""],"_wc_facebook_enhanced_catalog_attributes_u_v_rating":[""],"_wc_facebook_commerce_enabled":["no"],"rank_math_primary_fb_product_set":["0"],"wpil_sync_report3":["1"],"wpil_links_inbound_internal_count":["0"],"wpil_links_inbound_internal_count_data":["eJxLtDKwqq4FAAZPAf4="],"wpil_links_outbound_internal_count":["0"],"wpil_links_outbound_internal_count_data":["eJxLtDKwqq4FAAZPAf4="],"wpil_links_outbound_external_count":["1"],"wpil_links_outbound_external_count_data":["eJxtkU9PwzAMxb\/KlHvXteOfvOMQAmkDbhwjNwlttDSpElcwTfvuON2AIXGLnWe\/X14QKjhYWKxeoLoG8TZYJ7dBGyc31u8EVEs4JLgF4biUVotVFidYghijE3yqFjWIjmhIUJb9fp4IvcaohxiUSWmuQl9ujbaPJjbFfVBjbzwVG9tEjPtyjYQutMWDdSaVXdboOLaF9WQiKrLBF6rDSPNBv2e7KzYLifKxZuP\/DfPtHYhpiUfGbCZonh2m2WcubkCgV12IWbxk9WsgJrPoZidUxpg9\/WKk2TpzTE\/mpFBro2Wzl4MbW+u\/LXiPCwrzQFZycCr4vHcCXpxz\/OhsGkyUKhok8xNqVTFzkjhSyLLLNjHFzvr24gtyuw96dEb+Uddnk8n4k0794\/ELEnikpQ=="],"wpil_sync_report2_time":["2025-01-27T07:29:11+00:00"],"classic-editor-remember":["classic-editor"],"fb_brand":[""],"fb_mpn":[""],"wp_statistics_words_count":["303"],"_fixed_price_rules":["a:0:{}"],"fb_rich_text_description":[""],"fb_product_video":["a:0:{}"],"astra-migrate-meta-layouts":["set"],"omnisend_last_sync":["2025-05-16T11:05:10+00:00"],"surerank_settings_general":["a:7:{s:9:\"separator\";s:1:\"-\";s:10:\"page_title\";s:21:\"%title% - %site_name%\";s:25:\"auto_generate_description\";b:1;s:16:\"page_description\";s:105:\"Boswellia Complex contains Boswellia, Celery Seed, Ginger and Turmeric to support healthy joint function.\";s:16:\"auto_description\";s:156:\"Boswellia Complex contains Boswellia, Celery Seed, Ginger and Turmeric to support healthy joint function.*These herbs have been traditionally used in herbal\";s:14:\"fallback_image\";s:0:\"\";s:13:\"canonical_url\";s:57:\"https:\/\/pophaw.com\/product\/boswellia-complex-120-tablets\/\";}"],"surerank_settings_post_no_index":["no"],"surerank_settings_post_no_follow":["no"],"surerank_settings_post_no_archive":["no"],"surerank_settings_social":["a:23:{s:15:\"open_graph_tags\";b:1;s:18:\"facebook_meta_tags\";b:1;s:17:\"twitter_meta_tags\";b:1;s:16:\"oembeded_scripts\";b:1;s:17:\"oembeded_og_title\";b:1;s:22:\"oembeded_social_images\";b:1;s:27:\"oembeded_remove_author_name\";b:1;s:17:\"facebook_page_url\";s:54:\"https:\/\/www.facebook.com\/profile.php?id=61571207938497\";s:24:\"facebook_author_fallback\";s:0:\"\";s:17:\"twitter_card_type\";s:19:\"summary_large_image\";s:24:\"twitter_same_as_facebook\";b:1;s:24:\"twitter_profile_username\";s:0:\"\";s:24:\"twitter_profile_fallback\";s:0:\"\";s:14:\"facebook_title\";s:21:\"%title% - %site_name%\";s:20:\"facebook_description\";s:9:\"%content%\";s:18:\"facebook_image_url\";s:60:\"https:\/\/pophaw.com\/wp-content\/uploads\/2019\/12\/Boswellia.webp\";s:17:\"facebook_image_id\";i:12067;s:20:\"facebook_image_width\";i:1242;s:21:\"facebook_image_height\";i:1242;s:13:\"twitter_title\";s:21:\"%title% - %site_name%\";s:19:\"twitter_description\";s:9:\"%content%\";s:17:\"twitter_image_url\";s:60:\"https:\/\/pophaw.com\/wp-content\/uploads\/2019\/12\/Boswellia.webp\";s:16:\"twitter_image_id\";i:12067;}"],"surerank_migration":["1"],"astra_style_timestamp_css":["1777445397"],"wwpp_product_wholesale_visibility_filter":["all"],"_uag_css_file_name":["uag-css-2211.css"],"rank_math_internal_links_processed":["1"],"_wc_gla_mc_status":["approved"],"_uag_page_assets":["a:9:{s:3:\"css\";s:260:\".uag-blocks-common-selector{z-index:var(--z-index-desktop) !important}@media(max-width: 976px){.uag-blocks-common-selector{z-index:var(--z-index-tablet) !important}}@media(max-width: 767px){.uag-blocks-common-selector{z-index:var(--z-index-mobile) !important}}\";s:2:\"js\";s:0:\"\";s:18:\"current_block_list\";a:15:{i:0;s:23:\"surecart\/slide-out-cart\";i:1;s:30:\"surecart\/slide-out-cart-header\";i:2;s:29:\"surecart\/slide-out-cart-items\";i:3;s:30:\"surecart\/slide-out-cart-coupon\";i:4;s:32:\"surecart\/slide-out-cart-subtotal\";i:5;s:38:\"surecart\/slide-out-cart-bump-line-item\";i:6;s:30:\"surecart\/slide-out-cart-submit\";i:7;s:11:\"core\/search\";i:8;s:10:\"core\/group\";i:9;s:12:\"core\/heading\";i:10;s:17:\"core\/latest-posts\";i:11;s:20:\"core\/latest-comments\";i:12;s:13:\"core\/archives\";i:13;s:15:\"core\/categories\";i:14;s:14:\"core\/shortcode\";}s:8:\"uag_flag\";b:0;s:11:\"uag_version\";s:10:\"1777339036\";s:6:\"gfonts\";a:0:{}s:10:\"gfonts_url\";s:0:\"\";s:12:\"gfonts_files\";a:0:{}s:14:\"uag_faq_layout\";b:0;}"]},"uagb_featured_image_src":{"full":["https:\/\/pophaw.com\/wp-content\/uploads\/2019\/12\/Boswellia.webp",1242,1242,false],"thumbnail":["https:\/\/pophaw.com\/wp-content\/uploads\/2019\/12\/Boswellia-150x150.webp",150,150,true],"medium":["https:\/\/pophaw.com\/wp-content\/uploads\/2019\/12\/Boswellia-300x300.webp",300,300,true],"medium_large":["https:\/\/pophaw.com\/wp-content\/uploads\/2019\/12\/Boswellia-768x768.webp",768,768,true],"large":["https:\/\/pophaw.com\/wp-content\/uploads\/2019\/12\/Boswellia-1024x1024.webp",1024,1024,true],"ryviu-small":["https:\/\/pophaw.com\/wp-content\/uploads\/2019\/12\/Boswellia-40x40.webp",40,40,true],"ryviu-medium":["https:\/\/pophaw.com\/wp-content\/uploads\/2019\/12\/Boswellia-132x132.webp",132,132,true],"1536x1536":["https:\/\/pophaw.com\/wp-content\/uploads\/2019\/12\/Boswellia.webp",1242,1242,false],"2048x2048":["https:\/\/pophaw.com\/wp-content\/uploads\/2019\/12\/Boswellia.webp",1242,1242,false],"trp-custom-language-flag":["https:\/\/pophaw.com\/wp-content\/uploads\/2019\/12\/Boswellia.webp",12,12,false],"woocommerce_thumbnail":["https:\/\/pophaw.com\/wp-content\/uploads\/2019\/12\/Boswellia-300x300.webp",300,300,true],"woocommerce_single":["https:\/\/pophaw.com\/wp-content\/uploads\/2019\/12\/Boswellia-600x600.webp",600,600,true],"woocommerce_gallery_thumbnail":["https:\/\/pophaw.com\/wp-content\/uploads\/2019\/12\/Boswellia-100x100.webp",100,100,true]},"uagb_author_info":{"display_name":"Dr. Rowan","author_link":"https:\/\/pophaw.com\/de\/author\/"},"uagb_comment_info":0,"uagb_excerpt":"Support healthy joint function.","_links":{"self":[{"href":"https:\/\/pophaw.com\/de\/wp-json\/wp\/v2\/product\/2211","targetHints":{"allow":["GET"]}}],"collection":[{"href":"https:\/\/pophaw.com\/de\/wp-json\/wp\/v2\/product"}],"about":[{"href":"https:\/\/pophaw.com\/de\/wp-json\/wp\/v2\/types\/product"}],"wp:featuredmedia":[{"embeddable":true,"href":"https:\/\/pophaw.com\/de\/wp-json\/wp\/v2\/media\/12067"}],"wp:attachment":[{"href":"https:\/\/pophaw.com\/de\/wp-json\/wp\/v2\/media?parent=2211"}],"wp:term":[{"taxonomy":"product_brand","embeddable":true,"href":"https:\/\/pophaw.com\/de\/wp-json\/wp\/v2\/product_brand?post=2211"},{"taxonomy":"product_cat","embeddable":true,"href":"https:\/\/pophaw.com\/de\/wp-json\/wp\/v2\/product_cat?post=2211"},{"taxonomy":"product_tag","embeddable":true,"href":"https:\/\/pophaw.com\/de\/wp-json\/wp\/v2\/product_tag?post=2211"}],"curies":[{"name":"wp","href":"https:\/\/api.w.org\/{rel}","templated":true}]}}