{"id":284,"date":"2019-04-17T07:02:49","date_gmt":"2019-04-17T07:02:49","guid":{"rendered":"https:\/\/pophaw.com\/product\/premium-first-aid-kit\/"},"modified":"2025-01-10T06:01:51","modified_gmt":"2025-01-10T14:01:51","slug":"alpha-base-kapseln-mit-eisen-240ct","status":"publish","type":"product","link":"https:\/\/pophaw.com\/de\/produkt\/alpha-base-kapseln-mit-eisen-240ct\/","title":{"rendered":"Alpha Base Kapseln mit Eisen 240ct"},"content":{"rendered":"<p><span style=\"font-family: arial, helvetica, sans-serif; color: #000000;\">Mit den besten Vitamin- und Mineralstoffen und nach den h\u00f6chsten Standards formuliert, \u00fcbertreffen Alpha Base Kapseln mit Eisen Multivitamin alle anderen, indem sie eine sichere und effektive lebenslange Ern\u00e4hrungsunterst\u00fctzung bieten.<\/span><\/p>\n<h3><span style=\"font-family: arial, helvetica, sans-serif; color: #000000;\">KLINISCHE ANWENDUNGEN<\/span><\/h3>\n<ul>\n<li><span style=\"font-family: arial, helvetica, sans-serif; color: #000000;\">Bietet eine Grundnahrung f\u00fcr eine Vielzahl von Protokollen<\/span><\/li>\n<li><span style=\"font-family: arial, helvetica, sans-serif; color: #000000;\">Vollst\u00e4ndiger Schutz durch Antioxidantien<\/span><\/li>\n<li><span style=\"font-family: arial, helvetica, sans-serif; color: #000000;\">Baut Stoffwechselreserven auf und sch\u00fctzt vor Mangelerscheinungen in der Ern\u00e4hrung<\/span><\/li>\n<li><span style=\"font-family: arial, helvetica, sans-serif; color: #000000;\">Sch\u00fctzt vor stressbedingter N\u00e4hrstoffverarmung<\/span><\/li>\n<li><span style=\"font-family: arial, helvetica, sans-serif; color: #000000;\">Unterst\u00fctzt einen gesunden Stoffwechsel<\/span><\/li>\n<\/ul>\n<h3><span style=\"font-family: arial, helvetica, sans-serif; color: #000000;\">\u00dcBERBLICK<\/span><\/h3>\n<p>Alpha Base Kapseln mit Eisen ist bekannt, dass eine gute Ern\u00e4hrung die Gesundheit f\u00f6rdert, w\u00e4hrend ein Mangel an N\u00e4hrstoffen zu vielen chronischen Krankheiten f\u00fchren kann. Dennoch untersch\u00e4tzen viele Menschen, wie wichtig es ist, jeden Tag die richtige Menge an Mikron\u00e4hrstoffen zu sich zu nehmen. Damit der menschliche K\u00f6rper die lebenswichtigen t\u00e4glichen Aufgaben erf\u00fcllen kann, muss er mit einer breiten und komplexen Vielfalt an wichtigen Mikron\u00e4hrstoffen versorgt werden.<br \/>\nMikron\u00e4hrstoffe spielen eine Rolle bei der St\u00e4rkung der Immunfunktion und der Umwandlung von Nahrung in Energie. Sie entgiften Chemikalien und Medikamente und stellen Neurotransmitter, Hormone und andere wichtige Signalmolek\u00fcle im K\u00f6rper her. Mikron\u00e4hrstoffe sorgen auch f\u00fcr die Gewebereparatur und Zellregeneration. Ein Mangel an einem dieser essenziellen Vitamine oder Mineralien kann zu einem Zusammenbruch der Stoffwechselprozesse f\u00fchren, die die Gesundheit sch\u00fctzen.<br \/>\nUmfassende Studien des Landwirtschaftsministeriums der Vereinigten Staaten haben ergeben, dass die durchschnittliche amerikanische Ern\u00e4hrung einen Mangel an Mikron\u00e4hrstoffen aufweist. N\u00e4hrstoffm\u00e4ngel k\u00f6nnen durch einen schlechten N\u00e4hrstoffgehalt im Boden, durch die Transport- und Lagerungsmethoden und die Verarbeitungstechniken von Lebensmitteln verursacht werden. Dar\u00fcber hinaus kann ein Mangel auch durch stark verarbeitete und raffinierte Lebensmittel, Lebensmittelzusatzstoffe, Medikamente, Alkoholkonsum, Rauchen, Schwermetallbelastung und hohe Stressbelastung verursacht werden. Was auch immer der Grund sein mag, ein erheblicher Teil der US-Bev\u00f6lkerung leidet unter N\u00e4hrstoffmangel, und bei ausgew\u00e4hlten N\u00e4hrstoffen nehmen mehr als 80% der Amerikaner weniger als die empfohlene Tagesdosis (RDA) zu sich.<br \/>\nObwohl die empfohlene N\u00e4hrstoffzufuhr als Mindestrichtlinien f\u00fcr gesunde Menschen festgelegt wurde, sind diese Richtlinien nicht dazu gedacht, den Mikron\u00e4hrstoffbedarf aller Menschen zu decken, insbesondere derer mit chronischen Gesundheitsproblemen. Diese Richtlinien k\u00f6nnen zwar dazu beitragen, einen schweren N\u00e4hrstoffmangel zu verhindern, doch spiegeln Standards wie die RDA nicht die optimale t\u00e4gliche Zufuhr wider. Aus diesen Gr\u00fcnden ist ein t\u00e4gliches Multivitaminpr\u00e4parat f\u00fcr die meisten Menschen eine vern\u00fcnftige Wahl.<br \/>\nAlpha Base ist ein hochwertiges Multivitaminpr\u00e4parat, das die ideale t\u00e4gliche Zufuhr von Vitaminen und Mineralien unterst\u00fctzt, indem es eine qualitativ hochwertige Quelle von N\u00e4hrstoffen in der am besten bioverf\u00fcgbaren Form bietet.<\/p>\n<p><span style=\"font-family: arial, helvetica, sans-serif; color: #000000;\">Alpha Base Kapseln mit Eisen ist eine umfassende, hypoallergene Multivitamin- und Mineralstoffmischung. Als komplettes Multivitamin liefert Alpha Base hochwertige N\u00e4hrstoffe zum Aufbau einer gesunden Mikron\u00e4hrstoffreserve. USP* B-Vitamine unterst\u00fctzen die Energieproduktion, und Folat (als QuatrefolicTM, 100% 5-MTHF), die biologisch aktive Form der Fols\u00e4ure, verbessert die Methylierung. Die chelatierten Mineralienkomplexe Albion\u00ae TRAACS\u00ae verbessern die Bioverf\u00fcgbarkeit. Alpha Base enth\u00e4lt ein optimales Verh\u00e4ltnis von Magnesium zu Kalzium von 2:1. Das wichtige antioxidative Vitamin C und das nat\u00fcrliche Vitamin E, gemischte Tocopherole und Carotinoide, sch\u00fctzen die Zellen vor Sch\u00e4den durch freie Radikale. Alpha Base enth\u00e4lt au\u00dferdem eine synergistische Mischung aus Vitamin K2 (als MK-7) und D3, die f\u00fcr die Unterst\u00fctzung der Knochenst\u00e4rke und der kardiovaskul\u00e4ren Gesundheit entscheidend sind.<\/span><br \/>\n<span style=\"font-family: arial, helvetica, sans-serif; color: #000000;\"><strong>Empfohlene Verwendung:<\/strong><\/span><br \/>\n<span style=\"font-family: arial, helvetica, sans-serif; color: #000000;\">4-8 Kapseln pro Tag mit einer Mahlzeit oder wie von Ihrem Arzt oder Ihrer \u00c4rztin empfohlen.<\/span><\/p>\n<h3><span style=\"font-family: arial, helvetica, sans-serif; color: #000000;\">VORTEILE DER INHALTSSTOFFE<\/span><\/h3>\n<p><span style=\"font-family: arial, helvetica, sans-serif; color: #000000;\">Unter Verwendung der besten verf\u00fcgbaren Vitamin- und Mineralstoffe und unter Einhaltung h\u00f6chster Standards zu einem wirksamen Super-Supplement formuliert, \u00fcbertrifft Alpha Base Multivitamin alle anderen, indem es ein sicheres, wirksames Programm zur lebenslangen Unterst\u00fctzung der Ern\u00e4hrung bietet.<\/span><br \/>\n<span style=\"font-family: arial, helvetica, sans-serif; color: #000000;\"><strong>Der Alpha Base-Unterschied:<\/strong><\/span><\/p>\n<ul>\n<li><span style=\"font-family: arial, helvetica, sans-serif; color: #000000;\">Ausgezeichnete Mineralstoffquellen und ein Verh\u00e4ltnis von Magnesium zu Kalzium von 2:1.<\/span><\/li>\n<li><span style=\"font-family: arial, helvetica, sans-serif; color: #000000;\">USP\/NF-Inhaltsstoffe, soweit verf\u00fcgbar.<\/span><\/li>\n<li><span style=\"font-family: arial, helvetica, sans-serif; color: #000000;\">Vollst\u00e4ndig umgesetzte Mineralien haben eine h\u00f6here Assimilationsrate als andere.<\/span><\/li>\n<li><span style=\"font-family: arial, helvetica, sans-serif; color: #000000;\">Ein hoher Gehalt an Antioxidantien reduziert Sch\u00e4den durch freie Radikale.<\/span><\/li>\n<li><span style=\"font-family: arial, helvetica, sans-serif; color: #000000;\">Es wurde als Basisregime f\u00fcr alle anderen Ortho Molecular-Produkte formuliert, um sicherzustellen, dass die Patienten bei korrekter Einnahme keine widerspr\u00fcchlichen Dosierungen erhalten.<\/span><\/li>\n<\/ul>","protected":false},"excerpt":{"rendered":"<p>Mit den besten Vitamin- und Mineralienbestandteilen und nach den h\u00f6chsten Standards formuliert, \u00fcbertrifft Alpha Base Kapseln mit Eisen-Multivitamin alle anderen, indem es eine sichere und effektive lebenslange Ern\u00e4hrungsunterst\u00fctzung bietet.<\/p>","protected":false},"featured_media":7179,"template":"","meta":{"bwfblock_default_font":"","_uag_custom_page_level_css":"","site-sidebar-layout":"default","site-content-layout":"","ast-site-content-layout":"default","site-content-style":"default","site-sidebar-style":"default","ast-global-header-display":"","ast-banner-title-visibility":"","ast-main-header-display":"","ast-hfb-above-header-display":"","ast-hfb-below-header-display":"","ast-hfb-mobile-header-display":"","site-post-title":"","ast-breadcrumbs-content":"","ast-featured-img":"","footer-sml-layout":"","ast-disable-related-posts":"","theme-transparent-header-meta":"default","adv-header-id-meta":"","stick-header-meta":"default","header-above-stick-meta":"","header-main-stick-meta":"","header-below-stick-meta":"","astra-migrate-meta-layouts":"set","ast-page-background-enabled":"default","ast-page-background-meta":{"desktop":{"background-color":"","background-image":"","background-repeat":"repeat","background-position":"center center","background-size":"auto","background-attachment":"scroll","background-type":"","background-media":"","overlay-type":"","overlay-color":"","overlay-opacity":"","overlay-gradient":""},"tablet":{"background-color":"","background-image":"","background-repeat":"repeat","background-position":"center center","background-size":"auto","background-attachment":"scroll","background-type":"","background-media":"","overlay-type":"","overlay-color":"","overlay-opacity":"","overlay-gradient":""},"mobile":{"background-color":"","background-image":"","background-repeat":"repeat","background-position":"center center","background-size":"auto","background-attachment":"scroll","background-type":"","background-media":"","overlay-type":"","overlay-color":"","overlay-opacity":"","overlay-gradient":""}},"ast-content-background-meta":{"desktop":{"background-color":"var(--ast-global-color-5)","background-image":"","background-repeat":"repeat","background-position":"center center","background-size":"auto","background-attachment":"scroll","background-type":"","background-media":"","overlay-type":"","overlay-color":"","overlay-opacity":"","overlay-gradient":""},"tablet":{"background-color":"var(--ast-global-color-5)","background-image":"","background-repeat":"repeat","background-position":"center center","background-size":"auto","background-attachment":"scroll","background-type":"","background-media":"","overlay-type":"","overlay-color":"","overlay-opacity":"","overlay-gradient":""},"mobile":{"background-color":"var(--ast-global-color-5)","background-image":"","background-repeat":"repeat","background-position":"center center","background-size":"auto","background-attachment":"scroll","background-type":"","background-media":"","overlay-type":"","overlay-color":"","overlay-opacity":"","overlay-gradient":""}}},"product_brand":[170],"product_cat":[127],"product_tag":[],"class_list":{"0":"post-284","1":"product","2":"type-product","3":"status-publish","4":"has-post-thumbnail","6":"product_brand-ortho-molecular-products","7":"product_cat-dietary-supplements","8":"desktop-align-center","9":"tablet-align-center","10":"mobile-align-center","11":"ast-product-gallery-layout-horizontal-slider","12":"ast-magnify-disabled","13":"ast-product-tabs-layout-horizontal","15":"first","16":"instock","17":"shipping-taxable","18":"purchasable","19":"product-type-simple"},"spectra_custom_meta":{"_edit_last":["1"],"total_sales":["2"],"_tax_status":["taxable"],"_manage_stock":["yes"],"_backorders":["no"],"_sold_individually":["no"],"_virtual":["no"],"_downloadable":["no"],"_download_limit":["-1"],"_download_expiry":["-1"],"_stock":["6.000000"],"_stock_status":["instock"],"_wc_average_rating":["5.00"],"_wc_review_count":["2"],"_product_version":["9.5.2"],"_thumbnail_id":["7179"],"_wp_old_date":["2020-04-17"],"insight_product_options":["s:1358:\"a:38:{s:27:\"single_product_layout_style\";s:0:\"\";s:11:\"site_layout\";s:0:\"\";s:10:\"site_width\";s:0:\"\";s:16:\"site_top_spacing\";s:0:\"\";s:19:\"site_bottom_spacing\";s:0:\"\";s:10:\"site_class\";s:0:\"\";s:21:\"site_background_color\";s:0:\"\";s:21:\"site_background_image\";s:0:\"\";s:22:\"site_background_repeat\";s:9:\"no-repeat\";s:26:\"site_background_attachment\";s:0:\"\";s:24:\"site_background_position\";s:0:\"\";s:20:\"site_background_size\";s:0:\"\";s:24:\"content_background_color\";s:0:\"\";s:24:\"content_background_image\";s:0:\"\";s:25:\"content_background_repeat\";s:9:\"no-repeat\";s:27:\"content_background_position\";s:0:\"\";s:12:\"top_bar_type\";s:0:\"\";s:11:\"header_type\";s:0:\"\";s:14:\"header_overlay\";s:0:\"\";s:11:\"header_skin\";s:0:\"\";s:12:\"menu_display\";s:0:\"\";s:13:\"menu_one_page\";s:1:\"0\";s:16:\"custom_dark_logo\";s:0:\"\";s:17:\"custom_light_logo\";s:0:\"\";s:17:\"custom_logo_width\";s:0:\"\";s:24:\"custom_sticky_logo_width\";s:0:\"\";s:21:\"page_title_bar_layout\";s:0:\"\";s:29:\"page_title_bar_bottom_spacing\";s:0:\"\";s:31:\"page_title_bar_background_color\";s:0:\"\";s:25:\"page_title_bar_background\";s:0:\"\";s:33:\"page_title_bar_background_overlay\";s:0:\"\";s:29:\"page_title_bar_custom_heading\";s:0:\"\";s:14:\"page_sidebar_1\";s:7:\"default\";s:14:\"page_sidebar_2\";s:7:\"default\";s:21:\"page_sidebar_position\";s:7:\"default\";s:17:\"revolution_slider\";s:0:\"\";s:15:\"slider_position\";s:5:\"below\";s:13:\"footer_enable\";s:0:\"\";}\";"],"_sku":["NRT021"],"_product_image_gallery":["7180"],"_price":["64"],"_wc_rating_count":["a:1:{i:5;i:2;}"],"woosw_count":["3"],"woosw_add":["1596875205"],"_tax_class":[""],"_edit_lock":["1738377413:1"],"_wp_old_slug":["premium-first-aid-kit"],"_regular_price":["64"],"rank_math_focus_keyword":["Alpha Base Capsules with Iron"],"rank_math_analytic_object_id":["106"],"rank_math_seo_score":["81"],"rank_math_contentai_score":["a:5:{s:8:\"keywords\";s:5:\"74.51\";s:9:\"wordCount\";s:1:\"0\";s:9:\"linkCount\";s:1:\"0\";s:12:\"headingCount\";s:1:\"0\";s:10:\"mediaCount\";s:1:\"0\";}"],"rank_math_primary_product_brand":["0"],"rank_math_primary_product_cat":["127"],"rs_page_bg_color":[""],"_wc_gla_synced_at":["1776826868"],"_wc_gla_sync_status":["synced"],"_wc_gla_visibility":["sync-and-show"],"_wc_gla_google_ids":["a:1:{s:2:\"US\";s:20:\"online:en:US:gla_284\";}"],"fb_product_item_id":["9204827602872305"],"_admin_notes":[""],"_custom_product_field":[""],"_global_unique_id":["10888621913452"],"_wc_facebook_sync_enabled":["yes"],"fb_visibility":["yes"],"fb_product_description":[""],"_wc_facebook_product_image_source":["product"],"_wc_facebook_enhanced_catalog_attributes_capacity":[""],"_wc_facebook_enhanced_catalog_attributes_age_group":[""],"_wc_facebook_enhanced_catalog_attributes_gender":[""],"_wc_facebook_enhanced_catalog_attributes_ingredients":[""],"_wc_facebook_enhanced_catalog_attributes_health_concern":[""],"_wc_facebook_enhanced_catalog_attributes_pattern":[""],"_wc_facebook_enhanced_catalog_attributes_power_type":[""],"_wc_facebook_enhanced_catalog_attributes_product_form":[""],"_wc_facebook_enhanced_catalog_attributes_result_time":[""],"_wc_facebook_enhanced_catalog_attributes_scent":[""],"_wc_facebook_enhanced_catalog_attributes_absorbency":[""],"_wc_facebook_enhanced_catalog_attributes_serving_size":[""],"_wc_facebook_enhanced_catalog_attributes_size":[""],"_wc_facebook_enhanced_catalog_attributes_skin_care_concern":[""],"_wc_facebook_enhanced_catalog_attributes_skin_type":[""],"_wc_facebook_enhanced_catalog_attributes_spf_value":[""],"_wc_facebook_enhanced_catalog_attributes_standard_features":[""],"_wc_facebook_enhanced_catalog_attributes_stop_use_indications":[""],"_wc_facebook_enhanced_catalog_attributes_package_quantity":[""],"_wc_facebook_enhanced_catalog_attributes_lens_material":[""],"_wc_facebook_enhanced_catalog_attributes_lens_type":[""],"_wc_facebook_enhanced_catalog_attributes_lens_tint":[""],"_wc_facebook_enhanced_catalog_attributes_keywords":[""],"_wc_facebook_enhanced_catalog_attributes_is_powered":[""],"_wc_facebook_enhanced_catalog_attributes_instructions":[""],"_wc_facebook_enhanced_catalog_attributes_ingredients_composition":[""],"_wc_facebook_enhanced_catalog_attributes_inactive_ingredients":[""],"_wc_facebook_enhanced_catalog_attributes_flavor":[""],"_wc_facebook_enhanced_catalog_attributes_eyewear_rim":[""],"_wc_facebook_enhanced_catalog_attributes_dosage":[""],"_wc_facebook_enhanced_catalog_attributes_brand":[""],"_wc_facebook_enhanced_catalog_attributes_body_part":[""],"_wc_facebook_enhanced_catalog_attributes_batteries_required":[""],"_wc_facebook_enhanced_catalog_attributes_u_v_rating":[""],"_wc_facebook_commerce_enabled":["no"],"rank_math_primary_fb_product_set":["0"],"site-sidebar-layout":["default"],"ast-site-content-layout":["default"],"site-content-style":["default"],"site-sidebar-style":["default"],"theme-transparent-header-meta":["default"],"stick-header-meta":["default"],"_wc_facebook_enhanced_catalog_attributes_material":["Inox"],"_wc_facebook_enhanced_catalog_attributes_color":["Green, Red"],"astra-migrate-meta-layouts":["set"],"wpil_sync_report3":["1"],"wpil_links_inbound_internal_count":["0"],"wpil_links_inbound_internal_count_data":["eJxLtDKwqq4FAAZPAf4="],"wpil_links_outbound_internal_count":["0"],"wpil_links_outbound_internal_count_data":["eJxLtDKwqq4FAAZPAf4="],"wpil_links_outbound_external_count":["0"],"wpil_links_outbound_external_count_data":["eJxLtDKwqq4FAAZPAf4="],"wpil_sync_report2_time":["2025-01-27T07:29:11+00:00"],"classic-editor-remember":["classic-editor"],"omnisend_last_sync":["2025-05-16T11:05:10+00:00"],"fb_color":["Green, Red"],"fb_material":["Inox"],"surerank_settings_general":["a:7:{s:9:\"separator\";s:1:\"-\";s:10:\"page_title\";s:21:\"%title% - %site_name%\";s:25:\"auto_generate_description\";b:1;s:16:\"page_description\";s:9:\"%excerpt%\";s:16:\"auto_description\";s:155:\"Using the best vitamin and mineral ingredients and formulated using the highest standards, Alpha Base Capsules with Iron Multivitamin surpass all others in\";s:14:\"fallback_image\";s:0:\"\";s:13:\"canonical_url\";s:63:\"https:\/\/pophaw.com\/product\/alpha-base-capsules-with-iron-240ct\/\";}"],"surerank_settings_post_no_index":["no"],"surerank_settings_post_no_follow":["no"],"surerank_settings_post_no_archive":["no"],"surerank_settings_social":["a:23:{s:15:\"open_graph_tags\";b:1;s:18:\"facebook_meta_tags\";b:1;s:17:\"twitter_meta_tags\";b:1;s:16:\"oembeded_scripts\";b:1;s:17:\"oembeded_og_title\";b:1;s:22:\"oembeded_social_images\";b:1;s:27:\"oembeded_remove_author_name\";b:1;s:17:\"facebook_page_url\";s:54:\"https:\/\/www.facebook.com\/profile.php?id=61571207938497\";s:24:\"facebook_author_fallback\";s:0:\"\";s:17:\"twitter_card_type\";s:19:\"summary_large_image\";s:24:\"twitter_same_as_facebook\";b:1;s:24:\"twitter_profile_username\";s:0:\"\";s:24:\"twitter_profile_fallback\";s:0:\"\";s:14:\"facebook_title\";s:21:\"%title% - %site_name%\";s:20:\"facebook_description\";s:9:\"%content%\";s:18:\"facebook_image_url\";s:85:\"https:\/\/pophaw.com\/wp-content\/uploads\/2019\/04\/Alpha-Base-Capsules-with-Iron-240ct.png\";s:17:\"facebook_image_id\";i:7179;s:20:\"facebook_image_width\";i:565;s:21:\"facebook_image_height\";i:565;s:13:\"twitter_title\";s:21:\"%title% - %site_name%\";s:19:\"twitter_description\";s:9:\"%content%\";s:17:\"twitter_image_url\";s:85:\"https:\/\/pophaw.com\/wp-content\/uploads\/2019\/04\/Alpha-Base-Capsules-with-Iron-240ct.png\";s:16:\"twitter_image_id\";i:7179;}"],"surerank_migration":["1"],"astra_style_timestamp_css":["1777362016"],"wwpp_product_wholesale_visibility_filter":["all"],"_uag_css_file_name":["uag-css-284.css"],"rank_math_internal_links_processed":["1"],"_wc_gla_mc_status":["approved"],"_uag_page_assets":["a:9:{s:3:\"css\";s:260:\".uag-blocks-common-selector{z-index:var(--z-index-desktop) !important}@media(max-width: 976px){.uag-blocks-common-selector{z-index:var(--z-index-tablet) !important}}@media(max-width: 767px){.uag-blocks-common-selector{z-index:var(--z-index-mobile) !important}}\";s:2:\"js\";s:0:\"\";s:18:\"current_block_list\";a:15:{i:0;s:23:\"surecart\/slide-out-cart\";i:1;s:30:\"surecart\/slide-out-cart-header\";i:2;s:29:\"surecart\/slide-out-cart-items\";i:3;s:30:\"surecart\/slide-out-cart-coupon\";i:4;s:32:\"surecart\/slide-out-cart-subtotal\";i:5;s:38:\"surecart\/slide-out-cart-bump-line-item\";i:6;s:30:\"surecart\/slide-out-cart-submit\";i:7;s:11:\"core\/search\";i:8;s:10:\"core\/group\";i:9;s:12:\"core\/heading\";i:10;s:17:\"core\/latest-posts\";i:11;s:20:\"core\/latest-comments\";i:12;s:13:\"core\/archives\";i:13;s:15:\"core\/categories\";i:14;s:14:\"core\/shortcode\";}s:8:\"uag_flag\";b:0;s:11:\"uag_version\";s:10:\"1777339036\";s:6:\"gfonts\";a:0:{}s:10:\"gfonts_url\";s:0:\"\";s:12:\"gfonts_files\";a:0:{}s:14:\"uag_faq_layout\";b:0;}"]},"uagb_featured_image_src":{"full":["https:\/\/pophaw.com\/wp-content\/uploads\/2019\/04\/Alpha-Base-Capsules-with-Iron-240ct.png",565,565,false],"thumbnail":["https:\/\/pophaw.com\/wp-content\/uploads\/2019\/04\/Alpha-Base-Capsules-with-Iron-240ct-150x150.png",150,150,true],"medium":["https:\/\/pophaw.com\/wp-content\/uploads\/2019\/04\/Alpha-Base-Capsules-with-Iron-240ct-300x300.png",300,300,true],"medium_large":["https:\/\/pophaw.com\/wp-content\/uploads\/2019\/04\/Alpha-Base-Capsules-with-Iron-240ct.png",565,565,false],"large":["https:\/\/pophaw.com\/wp-content\/uploads\/2019\/04\/Alpha-Base-Capsules-with-Iron-240ct.png",565,565,false],"ryviu-small":["https:\/\/pophaw.com\/wp-content\/uploads\/2019\/04\/Alpha-Base-Capsules-with-Iron-240ct.png",40,40,false],"ryviu-medium":["https:\/\/pophaw.com\/wp-content\/uploads\/2019\/04\/Alpha-Base-Capsules-with-Iron-240ct.png",132,132,false],"1536x1536":["https:\/\/pophaw.com\/wp-content\/uploads\/2019\/04\/Alpha-Base-Capsules-with-Iron-240ct.png",565,565,false],"2048x2048":["https:\/\/pophaw.com\/wp-content\/uploads\/2019\/04\/Alpha-Base-Capsules-with-Iron-240ct.png",565,565,false],"trp-custom-language-flag":["https:\/\/pophaw.com\/wp-content\/uploads\/2019\/04\/Alpha-Base-Capsules-with-Iron-240ct.png",12,12,false],"woocommerce_thumbnail":["https:\/\/pophaw.com\/wp-content\/uploads\/2019\/04\/Alpha-Base-Capsules-with-Iron-240ct-300x300.png",300,300,true],"woocommerce_single":["https:\/\/pophaw.com\/wp-content\/uploads\/2019\/04\/Alpha-Base-Capsules-with-Iron-240ct.png",565,565,false],"woocommerce_gallery_thumbnail":["https:\/\/pophaw.com\/wp-content\/uploads\/2019\/04\/Alpha-Base-Capsules-with-Iron-240ct-100x100.png",100,100,true]},"uagb_author_info":{"display_name":"Dr. Rowan","author_link":"https:\/\/pophaw.com\/de\/author\/"},"uagb_comment_info":1,"uagb_excerpt":"Using the best vitamin and mineral ingredients, and formulated using the highest standards,Alpha Base Capsules with Iron multivitamin surpasses all others in providing safe and effective life-long nutritional support.","_links":{"self":[{"href":"https:\/\/pophaw.com\/de\/wp-json\/wp\/v2\/product\/284","targetHints":{"allow":["GET"]}}],"collection":[{"href":"https:\/\/pophaw.com\/de\/wp-json\/wp\/v2\/product"}],"about":[{"href":"https:\/\/pophaw.com\/de\/wp-json\/wp\/v2\/types\/product"}],"wp:featuredmedia":[{"embeddable":true,"href":"https:\/\/pophaw.com\/de\/wp-json\/wp\/v2\/media\/7179"}],"wp:attachment":[{"href":"https:\/\/pophaw.com\/de\/wp-json\/wp\/v2\/media?parent=284"}],"wp:term":[{"taxonomy":"product_brand","embeddable":true,"href":"https:\/\/pophaw.com\/de\/wp-json\/wp\/v2\/product_brand?post=284"},{"taxonomy":"product_cat","embeddable":true,"href":"https:\/\/pophaw.com\/de\/wp-json\/wp\/v2\/product_cat?post=284"},{"taxonomy":"product_tag","embeddable":true,"href":"https:\/\/pophaw.com\/de\/wp-json\/wp\/v2\/product_tag?post=284"}],"curies":[{"name":"wp","href":"https:\/\/api.w.org\/{rel}","templated":true}]}}