{"id":567,"date":"2019-04-22T07:26:34","date_gmt":"2019-04-22T07:26:34","guid":{"rendered":"https:\/\/pophaw.com\/product\/anti-virus-carbon-mask\/"},"modified":"2025-01-04T03:36:09","modified_gmt":"2025-01-04T11:36:09","slug":"candicid-forte-180ct","status":"publish","type":"product","link":"https:\/\/pophaw.com\/de\/produkt\/candicid-forte-180ct\/","title":{"rendered":"Candicid Forte 180ct"},"content":{"rendered":"<p><span style=\"font-family: arial, helvetica, sans-serif; color: #000000;\">Candicid Forte unterst\u00fctzt das optimale Gleichgewicht der GI-Mikroflora durch eine Mischung aus N\u00e4hrstoffen, nat\u00fcrlichen Pflanzenextrakten und Fetts\u00e4uren.<\/span><\/p>\n<h3><\/h3>\n<h3><span style=\"font-family: arial, helvetica, sans-serif; color: #000000;\">KLINISCHE ANWENDUNGEN<\/span><\/h3>\n<ul>\n<li><span style=\"font-family: arial, helvetica, sans-serif; color: #000000;\">F\u00f6rdert ein gesundes mikrobielles Gleichgewicht<\/span><\/li>\n<li><span style=\"font-family: arial, helvetica, sans-serif; color: #000000;\">Hilft bei der Aufrechterhaltung des gastrointestinalen Komforts<\/span><\/li>\n<li><span style=\"font-family: arial, helvetica, sans-serif; color: #000000;\">Liefert N\u00e4hrstoffe, die den antioxidativen Schutz erh\u00f6hen<\/span><\/li>\n<li><span style=\"font-family: arial, helvetica, sans-serif; color: #000000;\">Verbessert die Immunfunktion<\/span><\/li>\n<\/ul>\n<h3><span style=\"font-family: arial, helvetica, sans-serif; color: #000000;\">\u00dcBERBLICK<\/span><\/h3>\n<p><span style=\"font-family: arial, helvetica, sans-serif; color: #000000;\">Die Gesundheit des Magen-Darm-Trakts wird durch Faktoren wie schlechte Ern\u00e4hrung und einen stressigen Lebensstil direkt beeinflusst. Die Pr\u00e4valenz von raffinierten Zuckern und Kohlenhydraten und der Mangel an Ballaststoffen in der westlichen Ern\u00e4hrung stehen in direktem Zusammenhang mit Ver\u00e4nderungen im Darm- und Dickdarmmilieu. Da mehr als 70% des k\u00f6rpereigenen Immunsystems im Darm angesiedelt sind, ist die Herstellung eines gesunden mikrobiellen Gleichgewichts von entscheidender Bedeutung f\u00fcr die Verringerung von Immunproblemen und die Aufrechterhaltung des Entz\u00fcndungsgleichgewichts.<\/span><br \/>\n<span style=\"font-family: arial, helvetica, sans-serif; color: #000000;\">Candicid Forte enth\u00e4lt eine Mischung aus N\u00e4hrstoffen, wirksamen pflanzlichen Stoffen und \u00e4therischen \u00d6len zur F\u00f6rderung eines gesunden mikrobiellen Gleichgewichts und zur Unterst\u00fctzung des Immunsystems. Candicid Forte enth\u00e4lt Biotin, einen N\u00e4hrstoff, der die Hefe daran hindert, sich in die aggressivere Pilzform umzuwandeln, und wurde mit dem Ziel formuliert, eine gesunde Magen-Darm-Flora (GI) aufzubauen. Dar\u00fcber hinaus ist Natriumcaprylat enthalten, um den Stoffwechsel von\u00a0<em>Candida<\/em>und schaffen eine feindliche Umgebung f\u00fcr die Kolonisierung. Es enth\u00e4lt auch wirksame pflanzliche Stoffe wie Berberin HCl, Pau d'Arco, Oregano, Rosmarin, Zimt und Ingwer, um den Magen-Darm-Trakt zu beruhigen, starke antioxidative Unterst\u00fctzung zu bieten und das mikrobielle Gleichgewicht sicherzustellen.<\/span><br \/>\n<span style=\"font-family: arial, helvetica, sans-serif; color: #000000;\"><strong>Empfohlene Verwendung:<\/strong><\/span><br \/>\n<span style=\"font-family: arial, helvetica, sans-serif; color: #000000;\">2 Kapseln dreimal t\u00e4glich oder wie von Ihrem Arzt oder Ihrer \u00c4rztin empfohlen.<\/span><\/p>\n<h3><span style=\"font-family: arial, helvetica, sans-serif; color: #000000;\">VORTEILE DER INHALTSSTOFFE<\/span><\/h3>\n<p><span style=\"font-family: arial, helvetica, sans-serif; color: #000000;\"><strong>Biotin<\/strong><\/span><br \/>\n<span style=\"font-family: arial, helvetica, sans-serif; color: #000000;\">Biotin ist ein wasserl\u00f6sliches Vitamin und Cofaktor f\u00fcr Carboxylasen; der N\u00e4hrstoff beeinflusst mehrere wichtige Systemfunktionen wie Gewebewachstum, Entwicklung, Immunit\u00e4t und Stoffwechsel. Ein Mangel an Biotin wurde auch mit einer leichten Beeintr\u00e4chtigung des Immunsystems in Verbindung gebracht. Die Rolle, die Biotin im Magen-Darm-Trakt spielen kann, beruht in erster Linie auf seiner F\u00e4higkeit, das Gleichgewicht der Mikroflora herzustellen, indem es Hefepilze verhindert, insbesondere\u00a0<em>Candida albicans<\/em>, die Hefe daran hindert, sich in ihre invasivere Pilzform umzuwandeln. In Anwesenheit von Biotin ist die Hefe nicht in der Lage, sich in die Myzelform zu verwandeln.<\/span><br \/>\n<span style=\"font-family: arial, helvetica, sans-serif; color: #000000;\"><strong>Oregano<\/strong><\/span><br \/>\n<span style=\"font-family: arial, helvetica, sans-serif; color: #000000;\">Phyton\u00e4hrstoffe aus Oregano, wie Rosmarins\u00e4ure und Quercetin, spielen nachweislich eine Rolle bei der Unterst\u00fctzung antioxidativer Mechanismen und eines gesunden mikrobiellen Gleichgewichts im K\u00f6rper. Dar\u00fcber hinaus weist der hohe ORAC-Wert (Oxygen Radical Absorbance Capacity, eine von Wissenschaftlern des National Institute of Aging entwickelte Skala) von Oregano auf seine bedeutende antioxidative F\u00e4higkeit hin, freie Radikale, die oxidativen Stress verursachen, zu bek\u00e4mpfen. Oregano-\u00d6l enth\u00e4lt auch zwei nat\u00fcrlich vorkommende mikrobielle Ausgleichsstoffe, Carvacrol und Thymol. Forschungsergebnisse deuten darauf hin, dass diese Verbindungen die Dysbiose im Magen-Darm-Trakt lindern und eine gesunde Mikroflora f\u00f6rdern.<\/span><br \/>\n<span style=\"font-family: arial, helvetica, sans-serif; color: #000000;\"><strong>Pau d'Arco<\/strong><\/span><br \/>\n<span style=\"font-family: arial, helvetica, sans-serif; color: #000000;\">Der innere Teil der Pau d'Arco-Rinde wird von den amerikanischen Ureinwohnern seit Tausenden von Jahren zur Unterst\u00fctzung der mikrobiellen Gesundheit des Darms verwendet. Das Kraut hat sich bei der F\u00f6rderung einer gesunden Darmflora als wirksam erwiesen und wird von Kr\u00e4uterkundigen bei einer Vielzahl von gastrointestinalen Problemen empfohlen. Studien haben gezeigt, dass Pau d'Arco auch Entz\u00fcndungen des Bewegungsapparats ausgleichen kann, und In-vitro-Studien haben gezeigt, dass Fraktionen von Pau d'Arco das mikrobielle Gleichgewicht unterst\u00fctzen.<\/span><br \/>\n<span style=\"font-family: arial, helvetica, sans-serif; color: #000000;\"><strong>Natrium-Caprylat<\/strong><\/span><br \/>\n<span style=\"font-family: arial, helvetica, sans-serif; color: #000000;\">Natriumcaprylat ist das stabile Natriumsalz der Capryls\u00e4ure, einer Fetts\u00e4ure aus der Kokosnuss. In-vitro-Studien zeigen, dass Natriumcaprylat das aerobe und anaerobe Wachstum hemmt, den Verlust der Zytoplasmaorganisation und der Organellen provoziert, die Knospung hemmt, den Kaliumverlust ausl\u00f6st und die zellul\u00e4re Integrit\u00e4t von\u00a0<em>Candida albicans<\/em>. Capryls\u00e4ure tr\u00e4gt nachweislich zum mikrobiellen Gleichgewicht bei.<\/span><br \/>\n<span style=\"font-family: arial, helvetica, sans-serif; color: #000000;\"><strong>Berberin HCl<\/strong><\/span><br \/>\n<span style=\"font-family: arial, helvetica, sans-serif; color: #000000;\">Berberin, ein aus Pflanzenwurzeln extrahiertes Alkaloid, hat in vitro eine starke ausgleichende Wirkung auf Mikroben, und es erwies sich als das beste von vier untersuchten Mitteln zur Hemmung von\u00a0<em>Candida albicans<\/em>\u2019die Anhaftung an HT-29-Epithelzellen. Es wurde auch festgestellt, dass Berberin die Aktivit\u00e4t von SAP (sekretierte Aspartylproteinasen) um 70,2% +\/-6% hemmt, ein Marker f\u00fcr die Umwandlung von Hefe in die aggressive Pilzform. In einer In-vitro-Studie hatte Berberin, das M\u00e4usen in einer Dosierung von 1 mg\/kg K\u00f6rpergewicht verabreicht wurde, eine starke Wirkung auf das mikrobielle Gleichgewicht und zeigte synergistische Effekte mit ausgleichenden Pilzmitteln.<\/span><br \/>\n<span style=\"font-family: arial, helvetica, sans-serif; color: #000000;\"><strong>Rosemary<\/strong><\/span><br \/>\n<span style=\"font-family: arial, helvetica, sans-serif; color: #000000;\">Das \u00e4therische \u00d6l des Rosmarins hat nachweislich ein breites Spektrum an mikrobiell ausgleichenden Wirkungen. Das \u00d6l wurde in vitro auf seine mikrobiell ausgleichende und antioxidative Wirkung hin untersucht, und es wurde eine starke Aktivit\u00e4t festgestellt. Rosmarinextrakt verringert nachweislich auch den oxidativen Stress in verschiedenen Geweben.<\/span><br \/>\n<span style=\"font-family: arial, helvetica, sans-serif; color: #000000;\"><strong>Zimtrindenextrakt<\/strong><\/span><br \/>\n<span style=\"font-family: arial, helvetica, sans-serif; color: #000000;\">In einer In-vitro-Studie, in der verschiedene St\u00e4mme von Mikroben, darunter MRSA und\u00a0<em>Candida-Arten<\/em>, Das \u00e4therische \u00d6l von Zimt zeigte eine best\u00e4ndige F\u00e4higkeit, das mikrobielle Gleichgewicht zu erhalten. In-vitro-Forschungen haben gezeigt, dass Zimtextrakt eine Ver\u00e4nderung der Zellmorphologie, die Zerst\u00f6rung von Organellen und das Platzen von Zellen verursacht, wenn Mikroben den \u00e4therischen \u00d6len von Zimt ausgesetzt sind.<\/span><\/p>","protected":false},"excerpt":{"rendered":"<p>Candicid Forte unterst\u00fctzt das optimale Gleichgewicht der GI-Mikroflora durch eine Mischung aus N\u00e4hrstoffen, nat\u00fcrlichen Pflanzenextrakten und Fetts\u00e4uren.<\/p>","protected":false},"featured_media":7207,"template":"","meta":{"bwfblock_default_font":"","_uag_custom_page_level_css":"","site-sidebar-layout":"default","site-content-layout":"","ast-site-content-layout":"default","site-content-style":"default","site-sidebar-style":"default","ast-global-header-display":"","ast-banner-title-visibility":"","ast-main-header-display":"","ast-hfb-above-header-display":"","ast-hfb-below-header-display":"","ast-hfb-mobile-header-display":"","site-post-title":"","ast-breadcrumbs-content":"","ast-featured-img":"","footer-sml-layout":"","ast-disable-related-posts":"","theme-transparent-header-meta":"default","adv-header-id-meta":"","stick-header-meta":"default","header-above-stick-meta":"","header-main-stick-meta":"","header-below-stick-meta":"","astra-migrate-meta-layouts":"set","ast-page-background-enabled":"default","ast-page-background-meta":{"desktop":{"background-color":"","background-image":"","background-repeat":"repeat","background-position":"center center","background-size":"auto","background-attachment":"scroll","background-type":"","background-media":"","overlay-type":"","overlay-color":"","overlay-opacity":"","overlay-gradient":""},"tablet":{"background-color":"","background-image":"","background-repeat":"repeat","background-position":"center center","background-size":"auto","background-attachment":"scroll","background-type":"","background-media":"","overlay-type":"","overlay-color":"","overlay-opacity":"","overlay-gradient":""},"mobile":{"background-color":"","background-image":"","background-repeat":"repeat","background-position":"center center","background-size":"auto","background-attachment":"scroll","background-type":"","background-media":"","overlay-type":"","overlay-color":"","overlay-opacity":"","overlay-gradient":""}},"ast-content-background-meta":{"desktop":{"background-color":"var(--ast-global-color-5)","background-image":"","background-repeat":"repeat","background-position":"center center","background-size":"auto","background-attachment":"scroll","background-type":"","background-media":"","overlay-type":"","overlay-color":"","overlay-opacity":"","overlay-gradient":""},"tablet":{"background-color":"var(--ast-global-color-5)","background-image":"","background-repeat":"repeat","background-position":"center center","background-size":"auto","background-attachment":"scroll","background-type":"","background-media":"","overlay-type":"","overlay-color":"","overlay-opacity":"","overlay-gradient":""},"mobile":{"background-color":"var(--ast-global-color-5)","background-image":"","background-repeat":"repeat","background-position":"center center","background-size":"auto","background-attachment":"scroll","background-type":"","background-media":"","overlay-type":"","overlay-color":"","overlay-opacity":"","overlay-gradient":""}}},"product_brand":[170],"product_cat":[127],"product_tag":[],"class_list":{"0":"post-567","1":"product","2":"type-product","3":"status-publish","4":"has-post-thumbnail","6":"product_brand-ortho-molecular-products","7":"product_cat-dietary-supplements","8":"desktop-align-center","9":"tablet-align-center","10":"mobile-align-center","11":"ast-product-gallery-layout-horizontal-slider","12":"ast-magnify-disabled","13":"ast-product-tabs-layout-horizontal","15":"first","16":"instock","17":"shipping-taxable","18":"purchasable","19":"product-type-simple"},"spectra_custom_meta":{"_edit_last":["1"],"insight_product_options":["s:1358:\"a:38:{s:27:\"single_product_layout_style\";s:0:\"\";s:11:\"site_layout\";s:0:\"\";s:10:\"site_width\";s:0:\"\";s:16:\"site_top_spacing\";s:0:\"\";s:19:\"site_bottom_spacing\";s:0:\"\";s:10:\"site_class\";s:0:\"\";s:21:\"site_background_color\";s:0:\"\";s:21:\"site_background_image\";s:0:\"\";s:22:\"site_background_repeat\";s:9:\"no-repeat\";s:26:\"site_background_attachment\";s:0:\"\";s:24:\"site_background_position\";s:0:\"\";s:20:\"site_background_size\";s:0:\"\";s:24:\"content_background_color\";s:0:\"\";s:24:\"content_background_image\";s:0:\"\";s:25:\"content_background_repeat\";s:9:\"no-repeat\";s:27:\"content_background_position\";s:0:\"\";s:12:\"top_bar_type\";s:0:\"\";s:11:\"header_type\";s:0:\"\";s:14:\"header_overlay\";s:0:\"\";s:11:\"header_skin\";s:0:\"\";s:12:\"menu_display\";s:0:\"\";s:13:\"menu_one_page\";s:1:\"0\";s:16:\"custom_dark_logo\";s:0:\"\";s:17:\"custom_light_logo\";s:0:\"\";s:17:\"custom_logo_width\";s:0:\"\";s:24:\"custom_sticky_logo_width\";s:0:\"\";s:21:\"page_title_bar_layout\";s:0:\"\";s:29:\"page_title_bar_bottom_spacing\";s:0:\"\";s:31:\"page_title_bar_background_color\";s:0:\"\";s:25:\"page_title_bar_background\";s:0:\"\";s:33:\"page_title_bar_background_overlay\";s:0:\"\";s:29:\"page_title_bar_custom_heading\";s:0:\"\";s:14:\"page_sidebar_1\";s:7:\"default\";s:14:\"page_sidebar_2\";s:7:\"default\";s:21:\"page_sidebar_position\";s:7:\"default\";s:17:\"revolution_slider\";s:0:\"\";s:15:\"slider_position\";s:5:\"below\";s:13:\"footer_enable\";s:0:\"\";}\";"],"_sku":["NRT024"],"_regular_price":["84"],"total_sales":["17"],"_tax_status":["taxable"],"_manage_stock":["yes"],"_backorders":["no"],"_sold_individually":["no"],"_virtual":["no"],"_downloadable":["no"],"_download_limit":["-1"],"_download_expiry":["-1"],"_stock_status":["instock"],"_product_version":["9.5.1"],"_price":["84"],"_wp_old_date":["2020-04-22"],"woosw_count":["58"],"woosw_add":["1624461142"],"woosw_remove":["1590014898"],"_thumbnail_id":["7207"],"_edit_lock":["1735990527:1"],"_wp_old_slug":["anti-virus-carbon-mask"],"_tax_class":[""],"_stock":["1"],"_wc_average_rating":["0"],"_wc_review_count":["0"],"_product_image_gallery":["7208"],"rs_page_bg_color":[""],"rank_math_focus_keyword":["Candicid Forte"],"rank_math_analytic_object_id":["103"],"rank_math_seo_score":["81"],"_admin_notes":[""],"_custom_product_field":[""],"rank_math_primary_product_cat":["127"],"rank_math_primary_product_brand":["0"],"site-sidebar-layout":["default"],"ast-site-content-layout":["default"],"site-content-style":["default"],"site-sidebar-style":["default"],"theme-transparent-header-meta":["default"],"stick-header-meta":["default"],"_wc_gla_visibility":["dont-sync-and-show"],"_global_unique_id":["10888621913476"],"_wc_facebook_sync_enabled":["yes"],"fb_visibility":["yes"],"fb_product_description":[""],"_wc_facebook_product_image_source":["product"],"_wc_facebook_enhanced_catalog_attributes_capacity":[""],"_wc_facebook_enhanced_catalog_attributes_age_group":[""],"_wc_facebook_enhanced_catalog_attributes_gender":[""],"_wc_facebook_enhanced_catalog_attributes_ingredients":[""],"_wc_facebook_enhanced_catalog_attributes_health_concern":[""],"_wc_facebook_enhanced_catalog_attributes_pattern":[""],"_wc_facebook_enhanced_catalog_attributes_power_type":[""],"_wc_facebook_enhanced_catalog_attributes_product_form":[""],"_wc_facebook_enhanced_catalog_attributes_result_time":[""],"_wc_facebook_enhanced_catalog_attributes_scent":[""],"_wc_facebook_enhanced_catalog_attributes_absorbency":[""],"_wc_facebook_enhanced_catalog_attributes_material":[""],"_wc_facebook_enhanced_catalog_attributes_serving_size":[""],"_wc_facebook_enhanced_catalog_attributes_size":[""],"_wc_facebook_enhanced_catalog_attributes_skin_care_concern":[""],"_wc_facebook_enhanced_catalog_attributes_skin_type":[""],"_wc_facebook_enhanced_catalog_attributes_spf_value":[""],"_wc_facebook_enhanced_catalog_attributes_standard_features":[""],"_wc_facebook_enhanced_catalog_attributes_stop_use_indications":[""],"_wc_facebook_enhanced_catalog_attributes_package_quantity":[""],"_wc_facebook_enhanced_catalog_attributes_lens_material":[""],"_wc_facebook_enhanced_catalog_attributes_lens_type":[""],"_wc_facebook_enhanced_catalog_attributes_lens_tint":[""],"_wc_facebook_enhanced_catalog_attributes_keywords":[""],"_wc_facebook_enhanced_catalog_attributes_is_powered":[""],"_wc_facebook_enhanced_catalog_attributes_instructions":[""],"_wc_facebook_enhanced_catalog_attributes_ingredients_composition":[""],"_wc_facebook_enhanced_catalog_attributes_inactive_ingredients":[""],"_wc_facebook_enhanced_catalog_attributes_flavor":[""],"_wc_facebook_enhanced_catalog_attributes_eyewear_rim":[""],"_wc_facebook_enhanced_catalog_attributes_dosage":[""],"_wc_facebook_enhanced_catalog_attributes_color":[""],"_wc_facebook_enhanced_catalog_attributes_brand":[""],"_wc_facebook_enhanced_catalog_attributes_body_part":[""],"_wc_facebook_enhanced_catalog_attributes_batteries_required":[""],"_wc_facebook_enhanced_catalog_attributes_u_v_rating":[""],"_wc_facebook_commerce_enabled":["no"],"rank_math_primary_fb_product_set":["0"],"astra-migrate-meta-layouts":["set"],"wpil_sync_report3":["1"],"wpil_links_inbound_internal_count":["0"],"wpil_links_inbound_internal_count_data":["eJxLtDKwqq4FAAZPAf4="],"wpil_links_outbound_internal_count":["0"],"wpil_links_outbound_internal_count_data":["eJxLtDKwqq4FAAZPAf4="],"wpil_links_outbound_external_count":["0"],"wpil_links_outbound_external_count_data":["eJxLtDKwqq4FAAZPAf4="],"wpil_sync_report2_time":["2025-01-27T07:29:11+00:00"],"omnisend_last_sync":["2025-05-16T11:05:10+00:00"],"surerank_settings_general":["a:7:{s:9:\"separator\";s:1:\"-\";s:10:\"page_title\";s:21:\"%title% - %site_name%\";s:25:\"auto_generate_description\";b:1;s:16:\"page_description\";s:9:\"%excerpt%\";s:16:\"auto_description\";s:158:\"Candicid Forte supports optimal GI microflora balance through a blend of nutrients, natural botanical extracts and fatty acids. CLINICAL APPLICATIONS OVERVIEW\";s:14:\"fallback_image\";s:0:\"\";s:13:\"canonical_url\";s:48:\"https:\/\/pophaw.com\/product\/candicid-forte-180ct\/\";}"],"surerank_settings_post_no_index":["no"],"surerank_settings_post_no_follow":["no"],"surerank_settings_post_no_archive":["no"],"surerank_settings_social":["a:23:{s:15:\"open_graph_tags\";b:1;s:18:\"facebook_meta_tags\";b:1;s:17:\"twitter_meta_tags\";b:1;s:16:\"oembeded_scripts\";b:1;s:17:\"oembeded_og_title\";b:1;s:22:\"oembeded_social_images\";b:1;s:27:\"oembeded_remove_author_name\";b:1;s:17:\"facebook_page_url\";s:54:\"https:\/\/www.facebook.com\/profile.php?id=61571207938497\";s:24:\"facebook_author_fallback\";s:0:\"\";s:17:\"twitter_card_type\";s:19:\"summary_large_image\";s:24:\"twitter_same_as_facebook\";b:1;s:24:\"twitter_profile_username\";s:0:\"\";s:24:\"twitter_profile_fallback\";s:0:\"\";s:14:\"facebook_title\";s:21:\"%title% - %site_name%\";s:20:\"facebook_description\";s:9:\"%content%\";s:18:\"facebook_image_url\";s:70:\"https:\/\/pophaw.com\/wp-content\/uploads\/2019\/04\/Candicid-Forte-180ct.png\";s:17:\"facebook_image_id\";i:7207;s:20:\"facebook_image_width\";i:565;s:21:\"facebook_image_height\";i:565;s:13:\"twitter_title\";s:21:\"%title% - %site_name%\";s:19:\"twitter_description\";s:9:\"%content%\";s:17:\"twitter_image_url\";s:70:\"https:\/\/pophaw.com\/wp-content\/uploads\/2019\/04\/Candicid-Forte-180ct.png\";s:16:\"twitter_image_id\";i:7207;}"],"surerank_migration":["1"],"astra_style_timestamp_css":["1777361842"],"wwpp_product_wholesale_visibility_filter":["all"],"_uag_css_file_name":["uag-css-567.css"],"rank_math_internal_links_processed":["1"],"_uag_page_assets":["a:9:{s:3:\"css\";s:0:\"\";s:2:\"js\";s:0:\"\";s:18:\"current_block_list\";a:15:{i:0;s:23:\"surecart\/slide-out-cart\";i:1;s:30:\"surecart\/slide-out-cart-header\";i:2;s:29:\"surecart\/slide-out-cart-items\";i:3;s:30:\"surecart\/slide-out-cart-coupon\";i:4;s:32:\"surecart\/slide-out-cart-subtotal\";i:5;s:38:\"surecart\/slide-out-cart-bump-line-item\";i:6;s:30:\"surecart\/slide-out-cart-submit\";i:7;s:11:\"core\/search\";i:8;s:10:\"core\/group\";i:9;s:12:\"core\/heading\";i:10;s:17:\"core\/latest-posts\";i:11;s:20:\"core\/latest-comments\";i:12;s:13:\"core\/archives\";i:13;s:15:\"core\/categories\";i:14;s:14:\"core\/shortcode\";}s:8:\"uag_flag\";b:0;s:11:\"uag_version\";s:10:\"1777339036\";s:6:\"gfonts\";a:0:{}s:10:\"gfonts_url\";s:0:\"\";s:12:\"gfonts_files\";a:0:{}s:14:\"uag_faq_layout\";b:0;}"]},"uagb_featured_image_src":{"full":["https:\/\/pophaw.com\/wp-content\/uploads\/2019\/04\/Candicid-Forte-180ct.png",565,565,false],"thumbnail":["https:\/\/pophaw.com\/wp-content\/uploads\/2019\/04\/Candicid-Forte-180ct-150x150.png",150,150,true],"medium":["https:\/\/pophaw.com\/wp-content\/uploads\/2019\/04\/Candicid-Forte-180ct-300x300.png",300,300,true],"medium_large":["https:\/\/pophaw.com\/wp-content\/uploads\/2019\/04\/Candicid-Forte-180ct.png",565,565,false],"large":["https:\/\/pophaw.com\/wp-content\/uploads\/2019\/04\/Candicid-Forte-180ct.png",565,565,false],"ryviu-small":["https:\/\/pophaw.com\/wp-content\/uploads\/2019\/04\/Candicid-Forte-180ct.png",40,40,false],"ryviu-medium":["https:\/\/pophaw.com\/wp-content\/uploads\/2019\/04\/Candicid-Forte-180ct.png",132,132,false],"1536x1536":["https:\/\/pophaw.com\/wp-content\/uploads\/2019\/04\/Candicid-Forte-180ct.png",565,565,false],"2048x2048":["https:\/\/pophaw.com\/wp-content\/uploads\/2019\/04\/Candicid-Forte-180ct.png",565,565,false],"trp-custom-language-flag":["https:\/\/pophaw.com\/wp-content\/uploads\/2019\/04\/Candicid-Forte-180ct.png",12,12,false],"woocommerce_thumbnail":["https:\/\/pophaw.com\/wp-content\/uploads\/2019\/04\/Candicid-Forte-180ct-300x300.png",300,300,true],"woocommerce_single":["https:\/\/pophaw.com\/wp-content\/uploads\/2019\/04\/Candicid-Forte-180ct.png",565,565,false],"woocommerce_gallery_thumbnail":["https:\/\/pophaw.com\/wp-content\/uploads\/2019\/04\/Candicid-Forte-180ct-100x100.png",100,100,true]},"uagb_author_info":{"display_name":"Dr. Rowan","author_link":"https:\/\/pophaw.com\/de\/author\/"},"uagb_comment_info":0,"uagb_excerpt":"Candicid Forte supports optimal GI microflora balance through a blend of nutrients, natural botanical extracts and fatty acids.","_links":{"self":[{"href":"https:\/\/pophaw.com\/de\/wp-json\/wp\/v2\/product\/567","targetHints":{"allow":["GET"]}}],"collection":[{"href":"https:\/\/pophaw.com\/de\/wp-json\/wp\/v2\/product"}],"about":[{"href":"https:\/\/pophaw.com\/de\/wp-json\/wp\/v2\/types\/product"}],"wp:featuredmedia":[{"embeddable":true,"href":"https:\/\/pophaw.com\/de\/wp-json\/wp\/v2\/media\/7207"}],"wp:attachment":[{"href":"https:\/\/pophaw.com\/de\/wp-json\/wp\/v2\/media?parent=567"}],"wp:term":[{"taxonomy":"product_brand","embeddable":true,"href":"https:\/\/pophaw.com\/de\/wp-json\/wp\/v2\/product_brand?post=567"},{"taxonomy":"product_cat","embeddable":true,"href":"https:\/\/pophaw.com\/de\/wp-json\/wp\/v2\/product_cat?post=567"},{"taxonomy":"product_tag","embeddable":true,"href":"https:\/\/pophaw.com\/de\/wp-json\/wp\/v2\/product_tag?post=567"}],"curies":[{"name":"wp","href":"https:\/\/api.w.org\/{rel}","templated":true}]}}