{"id":770,"date":"2019-04-28T07:17:20","date_gmt":"2019-04-28T07:17:20","guid":{"rendered":"https:\/\/pophaw.com\/product\/automatic-digital-arm-blood-pressure\/"},"modified":"2025-03-16T03:09:30","modified_gmt":"2025-03-16T10:09:30","slug":"cpap-kissen-fur-seiten-und-ruckenschlafer","status":"publish","type":"product","link":"https:\/\/pophaw.com\/de\/produkt\/cpap-kissen-fur-seiten-und-ruckenschlafer\/","title":{"rendered":"CPAP-Kissen f\u00fcr Seiten- und R\u00fcckenschl\u00e4fer"},"content":{"rendered":"<ul class=\"a-unordered-list a-vertical a-spacing-mini\">\n<li class=\"a-spacing-mini\"><span class=\"a-list-item\" style=\"font-family: arial, helvetica, sans-serif; color: #000000;\">Komfortables CPAP-Kissen f\u00fcr die ganze Nacht - hochwertiges, geruchsneutrales Memory Foam-Kissen, das weichen Komfort bietet und den Nacken besser st\u00fctzt als ein herk\u00f6mmliches Federkissen. Genie\u00dfen Sie das weiche, aber st\u00fctzende Kissen, das Ihren Kopf und Nacken in Ausrichtung wiegt.wachen Sie an einem schmerzfreien Morgen auf, keine Kopfschmerzen, keine Nackenschmerzen, keine Schulterschmerzen...<\/span><\/li>\n<li class=\"a-spacing-mini\"><span class=\"a-list-item\" style=\"font-family: arial, helvetica, sans-serif; color: #000000;\">Gro\u00dfartig f\u00fcr Seiten- und R\u00fcckenschl\u00e4fer - Die Form bietet Platz f\u00fcr eine CPAP-Maske und einen Schlauch, au\u00dferdem gibt es vier Aussparungen, um den Druck von der Schulter zu nehmen, auf der Sie schlafen.Schlauchhalterung an der Oberseite, Sie k\u00f6nnen sich einfach umdrehen, ohne dass der Schlauch zieht<\/span><\/li>\n<li class=\"a-spacing-mini\"><span class=\"a-list-item\" style=\"font-family: arial, helvetica, sans-serif; color: #000000;\">Erleichtern Sie den Schmerz des Tragens einer Maske - Dieses Kissen hilft auch, den Druck der Maske auf das Gesicht zu verringern und die H\u00e4ufigkeit von Luftlecks zu reduzieren, was Ihnen eine bessere Schlafqualit\u00e4t bringt.<\/span><\/li>\n<li class=\"a-spacing-mini\"><span class=\"a-list-item\" style=\"font-family: arial, helvetica, sans-serif; color: #000000;\">Zwei H\u00f6hen f\u00fcr Ihre Schlafbed\u00fcrfnisse: Dieses CPAP-Kissen ist mit mittelfestem Memory Foam gef\u00fcllt. Die h\u00f6here Seitenh\u00f6he betr\u00e4gt 3,93 Zoll, die andere niedrige H\u00f6he ist 3,07 Zoll. Die Gr\u00f6\u00dfe des Kissens betr\u00e4gt 23,6\u00d715,7\u00d73,93\/3,07 Zoll.<\/span><\/li>\n<li class=\"a-spacing-mini\"><span class=\"a-list-item\" style=\"font-family: arial, helvetica, sans-serif; color: #000000;\">Atmungsaktive und waschbare Kissenh\u00fclle-leicht abnehmbar und in der Maschine waschbar.der Stoffbezug auf der Oberseite ist sehr angenehm auf der Haut; es wird den bequemen Schlaf geben, den Sie sich immer gew\u00fcnscht haben! Das Kissen kann mit allen Masken arbeiten: Nasenmaske, Nasenkissen, Mundmaske, Vollgesichtsmaske<\/span><\/li>\n<\/ul>\n<p><img loading=\"lazy\" decoding=\"async\" class=\"alignnone wp-image-7439 size-full\" src=\"http:\/\/pophaw.com\/wp-content\/uploads\/2019\/04\/CPAP-Pillow_11.jpg\" alt=\"\" width=\"970\" height=\"600\" srcset=\"https:\/\/pophaw.com\/wp-content\/uploads\/2019\/04\/CPAP-Pillow_11.jpg 970w, https:\/\/pophaw.com\/wp-content\/uploads\/2019\/04\/CPAP-Pillow_11-600x371.jpg 600w, https:\/\/pophaw.com\/wp-content\/uploads\/2019\/04\/CPAP-Pillow_11-300x186.jpg 300w, https:\/\/pophaw.com\/wp-content\/uploads\/2019\/04\/CPAP-Pillow_11-768x475.jpg 768w\" sizes=\"auto, (max-width: 970px) 100vw, 970px\" \/> <img loading=\"lazy\" decoding=\"async\" class=\"alignnone wp-image-7440 size-full\" src=\"http:\/\/pophaw.com\/wp-content\/uploads\/2019\/04\/CPAP-Pillow_12.jpg\" alt=\"\" width=\"970\" height=\"600\" srcset=\"https:\/\/pophaw.com\/wp-content\/uploads\/2019\/04\/CPAP-Pillow_12.jpg 970w, https:\/\/pophaw.com\/wp-content\/uploads\/2019\/04\/CPAP-Pillow_12-600x371.jpg 600w, https:\/\/pophaw.com\/wp-content\/uploads\/2019\/04\/CPAP-Pillow_12-300x186.jpg 300w, https:\/\/pophaw.com\/wp-content\/uploads\/2019\/04\/CPAP-Pillow_12-768x475.jpg 768w\" sizes=\"auto, (max-width: 970px) 100vw, 970px\" \/> <img loading=\"lazy\" decoding=\"async\" class=\"alignnone wp-image-7441 size-full\" src=\"http:\/\/pophaw.com\/wp-content\/uploads\/2019\/04\/CPAP-Pillow_13.jpg\" alt=\"\" width=\"970\" height=\"600\" srcset=\"https:\/\/pophaw.com\/wp-content\/uploads\/2019\/04\/CPAP-Pillow_13.jpg 970w, https:\/\/pophaw.com\/wp-content\/uploads\/2019\/04\/CPAP-Pillow_13-600x371.jpg 600w, https:\/\/pophaw.com\/wp-content\/uploads\/2019\/04\/CPAP-Pillow_13-300x186.jpg 300w, https:\/\/pophaw.com\/wp-content\/uploads\/2019\/04\/CPAP-Pillow_13-768x475.jpg 768w\" sizes=\"auto, (max-width: 970px) 100vw, 970px\" \/><\/p>","protected":false},"excerpt":{"rendered":"<p>Transformation der Suchlabortechnologie, Sorge f\u00fcr die menschliche Gesundheit<\/p>","protected":false},"featured_media":10498,"template":"","meta":{"bwfblock_default_font":"","_uag_custom_page_level_css":"","site-sidebar-layout":"default","site-content-layout":"","ast-site-content-layout":"default","site-content-style":"default","site-sidebar-style":"default","ast-global-header-display":"","ast-banner-title-visibility":"","ast-main-header-display":"","ast-hfb-above-header-display":"","ast-hfb-below-header-display":"","ast-hfb-mobile-header-display":"","site-post-title":"","ast-breadcrumbs-content":"","ast-featured-img":"","footer-sml-layout":"","ast-disable-related-posts":"","theme-transparent-header-meta":"default","adv-header-id-meta":"","stick-header-meta":"default","header-above-stick-meta":"","header-main-stick-meta":"","header-below-stick-meta":"","astra-migrate-meta-layouts":"set","ast-page-background-enabled":"default","ast-page-background-meta":{"desktop":{"background-color":"","background-image":"","background-repeat":"repeat","background-position":"center center","background-size":"auto","background-attachment":"scroll","background-type":"","background-media":"","overlay-type":"","overlay-color":"","overlay-opacity":"","overlay-gradient":""},"tablet":{"background-color":"","background-image":"","background-repeat":"repeat","background-position":"center center","background-size":"auto","background-attachment":"scroll","background-type":"","background-media":"","overlay-type":"","overlay-color":"","overlay-opacity":"","overlay-gradient":""},"mobile":{"background-color":"","background-image":"","background-repeat":"repeat","background-position":"center center","background-size":"auto","background-attachment":"scroll","background-type":"","background-media":"","overlay-type":"","overlay-color":"","overlay-opacity":"","overlay-gradient":""}},"ast-content-background-meta":{"desktop":{"background-color":"var(--ast-global-color-5)","background-image":"","background-repeat":"repeat","background-position":"center center","background-size":"auto","background-attachment":"scroll","background-type":"","background-media":"","overlay-type":"","overlay-color":"","overlay-opacity":"","overlay-gradient":""},"tablet":{"background-color":"var(--ast-global-color-5)","background-image":"","background-repeat":"repeat","background-position":"center center","background-size":"auto","background-attachment":"scroll","background-type":"","background-media":"","overlay-type":"","overlay-color":"","overlay-opacity":"","overlay-gradient":""},"mobile":{"background-color":"var(--ast-global-color-5)","background-image":"","background-repeat":"repeat","background-position":"center center","background-size":"auto","background-attachment":"scroll","background-type":"","background-media":"","overlay-type":"","overlay-color":"","overlay-opacity":"","overlay-gradient":""}}},"product_brand":[73],"product_cat":[343,307,336,305],"product_tag":[],"class_list":{"0":"post-770","1":"product","2":"type-product","3":"status-publish","4":"has-post-thumbnail","6":"product_brand-pophaw","7":"product_cat-cpap-machine","8":"product_cat-cpap-machines-accessories","9":"product_cat-healthcare-products","10":"product_cat-respiratory-care-products","11":"desktop-align-center","12":"tablet-align-center","13":"mobile-align-center","14":"ast-product-gallery-layout-horizontal-slider","15":"ast-magnify-disabled","16":"ast-product-tabs-layout-horizontal","18":"first","19":"instock","20":"shipping-taxable","21":"purchasable","22":"product-type-simple"},"spectra_custom_meta":{"_edit_last":["1"],"total_sales":["5"],"_tax_status":["taxable"],"_manage_stock":["yes"],"_backorders":["no"],"_sold_individually":["no"],"_virtual":["no"],"_downloadable":["no"],"_download_limit":["-1"],"_download_expiry":["-1"],"_stock":["19"],"_stock_status":["instock"],"_product_version":["9.7.1"],"insight_product_options":["s:1358:\"a:38:{s:27:\"single_product_layout_style\";s:0:\"\";s:11:\"site_layout\";s:0:\"\";s:10:\"site_width\";s:0:\"\";s:16:\"site_top_spacing\";s:0:\"\";s:19:\"site_bottom_spacing\";s:0:\"\";s:10:\"site_class\";s:0:\"\";s:21:\"site_background_color\";s:0:\"\";s:21:\"site_background_image\";s:0:\"\";s:22:\"site_background_repeat\";s:9:\"no-repeat\";s:26:\"site_background_attachment\";s:0:\"\";s:24:\"site_background_position\";s:0:\"\";s:20:\"site_background_size\";s:0:\"\";s:24:\"content_background_color\";s:0:\"\";s:24:\"content_background_image\";s:0:\"\";s:25:\"content_background_repeat\";s:9:\"no-repeat\";s:27:\"content_background_position\";s:0:\"\";s:12:\"top_bar_type\";s:0:\"\";s:11:\"header_type\";s:0:\"\";s:14:\"header_overlay\";s:0:\"\";s:11:\"header_skin\";s:0:\"\";s:12:\"menu_display\";s:0:\"\";s:13:\"menu_one_page\";s:1:\"0\";s:16:\"custom_dark_logo\";s:0:\"\";s:17:\"custom_light_logo\";s:0:\"\";s:17:\"custom_logo_width\";s:0:\"\";s:24:\"custom_sticky_logo_width\";s:0:\"\";s:21:\"page_title_bar_layout\";s:0:\"\";s:29:\"page_title_bar_bottom_spacing\";s:0:\"\";s:31:\"page_title_bar_background_color\";s:0:\"\";s:25:\"page_title_bar_background\";s:0:\"\";s:33:\"page_title_bar_background_overlay\";s:0:\"\";s:29:\"page_title_bar_custom_heading\";s:0:\"\";s:14:\"page_sidebar_1\";s:7:\"default\";s:14:\"page_sidebar_2\";s:7:\"default\";s:21:\"page_sidebar_position\";s:7:\"default\";s:17:\"revolution_slider\";s:0:\"\";s:15:\"slider_position\";s:5:\"below\";s:13:\"footer_enable\";s:0:\"\";}\";"],"_sku":["EB218003"],"_regular_price":["38.98"],"_price":["38.98"],"_wp_old_date":["2020-04-28"],"woosw_count":["11"],"woosw_add":["1611501111"],"_thumbnail_id":["10498"],"_edit_lock":["1742119773:1"],"_wp_old_slug":["automatic-digital-arm-blood-pressure"],"_tax_class":[""],"_wc_average_rating":["0"],"_wc_review_count":["0"],"_product_image_gallery":["7443,7444,7445,7446,7447"],"rs_page_bg_color":[""],"rank_math_focus_keyword":["CPAP Pillow"],"rank_math_analytic_object_id":["96"],"rank_math_seo_score":["90"],"rank_math_description":["This CPAP pillow is filled to medium-firm with memory foam."],"_admin_notes":[""],"_custom_product_field":[""],"rank_math_primary_product_cat":["343"],"rank_math_primary_product_brand":["0"],"site-sidebar-layout":["default"],"ast-site-content-layout":["default"],"site-content-style":["default"],"site-sidebar-style":["default"],"theme-transparent-header-meta":["default"],"stick-header-meta":["default"],"_wc_gla_synced_at":["1776049266"],"_wc_gla_sync_status":["synced"],"_wc_gla_visibility":["sync-and-show"],"_wc_gla_google_ids":["a:1:{s:2:\"US\";s:20:\"online:en:US:gla_770\";}"],"fb_product_item_id":["9777440318938532"],"_global_unique_id":["10888621913544"],"_wc_facebook_sync_enabled":["yes"],"fb_visibility":["yes"],"fb_product_description":[""],"_wc_facebook_product_image_source":["product"],"_wc_facebook_commerce_enabled":["no"],"rank_math_primary_fb_product_set":["0"],"classic-editor-remember":["classic-editor"],"astra-migrate-meta-layouts":["set"],"wp_statistics_words_count":["203"],"wpil_sync_report3":["1"],"wpil_links_inbound_internal_count":["0"],"wpil_links_inbound_internal_count_data":["eJxLtDKwqq4FAAZPAf4="],"wpil_links_outbound_internal_count":["0"],"wpil_links_outbound_internal_count_data":["eJxLtDKwqq4FAAZPAf4="],"wpil_links_outbound_external_count":["0"],"wpil_links_outbound_external_count_data":["eJxLtDKwqq4FAAZPAf4="],"wpil_sync_report2_time":["2025-01-27T07:29:11+00:00"],"omnisend_last_sync":["2025-05-16T11:05:10+00:00"],"surerank_settings_general":["a:7:{s:9:\"separator\";s:1:\"-\";s:10:\"page_title\";s:21:\"%title% - %site_name%\";s:25:\"auto_generate_description\";b:1;s:16:\"page_description\";s:59:\"This CPAP pillow is filled to medium-firm with memory foam.\";s:16:\"auto_description\";s:0:\"\";s:14:\"fallback_image\";s:0:\"\";s:13:\"canonical_url\";s:66:\"https:\/\/pophaw.com\/product\/cpap-pillow-for-side-and-back-sleepers\/\";}"],"surerank_settings_post_no_index":["no"],"surerank_settings_post_no_follow":["no"],"surerank_settings_post_no_archive":["no"],"surerank_settings_social":["a:23:{s:15:\"open_graph_tags\";b:1;s:18:\"facebook_meta_tags\";b:1;s:17:\"twitter_meta_tags\";b:1;s:16:\"oembeded_scripts\";b:1;s:17:\"oembeded_og_title\";b:1;s:22:\"oembeded_social_images\";b:1;s:27:\"oembeded_remove_author_name\";b:1;s:17:\"facebook_page_url\";s:54:\"https:\/\/www.facebook.com\/profile.php?id=61571207938497\";s:24:\"facebook_author_fallback\";s:0:\"\";s:17:\"twitter_card_type\";s:19:\"summary_large_image\";s:24:\"twitter_same_as_facebook\";b:1;s:24:\"twitter_profile_username\";s:0:\"\";s:24:\"twitter_profile_fallback\";s:0:\"\";s:14:\"facebook_title\";s:21:\"%title% - %site_name%\";s:20:\"facebook_description\";s:9:\"%content%\";s:18:\"facebook_image_url\";s:55:\"https:\/\/pophaw.com\/wp-content\/uploads\/2019\/04\/CPAP.webp\";s:17:\"facebook_image_id\";i:10498;s:20:\"facebook_image_width\";i:1474;s:21:\"facebook_image_height\";i:1474;s:13:\"twitter_title\";s:21:\"%title% - %site_name%\";s:19:\"twitter_description\";s:9:\"%content%\";s:17:\"twitter_image_url\";s:55:\"https:\/\/pophaw.com\/wp-content\/uploads\/2019\/04\/CPAP.webp\";s:16:\"twitter_image_id\";i:10498;}"],"surerank_migration":["1"],"astra_style_timestamp_css":["1776935581"],"wwpp_product_wholesale_visibility_filter":["all"],"_uag_css_file_name":["uag-css-770.css"],"rank_math_internal_links_processed":["1"],"_uag_page_assets":["a:9:{s:3:\"css\";s:0:\"\";s:2:\"js\";s:0:\"\";s:18:\"current_block_list\";a:15:{i:0;s:23:\"surecart\/slide-out-cart\";i:1;s:30:\"surecart\/slide-out-cart-header\";i:2;s:29:\"surecart\/slide-out-cart-items\";i:3;s:30:\"surecart\/slide-out-cart-coupon\";i:4;s:32:\"surecart\/slide-out-cart-subtotal\";i:5;s:38:\"surecart\/slide-out-cart-bump-line-item\";i:6;s:30:\"surecart\/slide-out-cart-submit\";i:7;s:11:\"core\/search\";i:8;s:10:\"core\/group\";i:9;s:12:\"core\/heading\";i:10;s:17:\"core\/latest-posts\";i:11;s:20:\"core\/latest-comments\";i:12;s:13:\"core\/archives\";i:13;s:15:\"core\/categories\";i:14;s:14:\"core\/shortcode\";}s:8:\"uag_flag\";b:0;s:11:\"uag_version\";s:10:\"1776869369\";s:6:\"gfonts\";a:0:{}s:10:\"gfonts_url\";s:0:\"\";s:12:\"gfonts_files\";a:0:{}s:14:\"uag_faq_layout\";b:0;}"],"_wc_gla_mc_status":["approved"]},"uagb_featured_image_src":{"full":["https:\/\/pophaw.com\/wp-content\/uploads\/2019\/04\/CPAP.webp",1474,1474,false],"thumbnail":["https:\/\/pophaw.com\/wp-content\/uploads\/2019\/04\/CPAP-150x150.webp",150,150,true],"medium":["https:\/\/pophaw.com\/wp-content\/uploads\/2019\/04\/CPAP-300x300.webp",300,300,true],"medium_large":["https:\/\/pophaw.com\/wp-content\/uploads\/2019\/04\/CPAP-768x768.webp",768,768,true],"large":["https:\/\/pophaw.com\/wp-content\/uploads\/2019\/04\/CPAP-1024x1024.webp",1024,1024,true],"ryviu-small":["https:\/\/pophaw.com\/wp-content\/uploads\/2019\/04\/CPAP.webp",40,40,false],"ryviu-medium":["https:\/\/pophaw.com\/wp-content\/uploads\/2019\/04\/CPAP.webp",132,132,false],"1536x1536":["https:\/\/pophaw.com\/wp-content\/uploads\/2019\/04\/CPAP.webp",1474,1474,false],"2048x2048":["https:\/\/pophaw.com\/wp-content\/uploads\/2019\/04\/CPAP.webp",1474,1474,false],"trp-custom-language-flag":["https:\/\/pophaw.com\/wp-content\/uploads\/2019\/04\/CPAP.webp",12,12,false],"woocommerce_thumbnail":["https:\/\/pophaw.com\/wp-content\/uploads\/2019\/04\/CPAP-300x300.webp",300,300,true],"woocommerce_single":["https:\/\/pophaw.com\/wp-content\/uploads\/2019\/04\/CPAP-600x600.webp",600,600,true],"woocommerce_gallery_thumbnail":["https:\/\/pophaw.com\/wp-content\/uploads\/2019\/04\/CPAP-100x100.webp",100,100,true]},"uagb_author_info":{"display_name":"Dr. Rowan","author_link":"https:\/\/pophaw.com\/de\/author\/"},"uagb_comment_info":0,"uagb_excerpt":"Transforming Search Lab Technology, Care for Human Health","_links":{"self":[{"href":"https:\/\/pophaw.com\/de\/wp-json\/wp\/v2\/product\/770","targetHints":{"allow":["GET"]}}],"collection":[{"href":"https:\/\/pophaw.com\/de\/wp-json\/wp\/v2\/product"}],"about":[{"href":"https:\/\/pophaw.com\/de\/wp-json\/wp\/v2\/types\/product"}],"wp:featuredmedia":[{"embeddable":true,"href":"https:\/\/pophaw.com\/de\/wp-json\/wp\/v2\/media\/10498"}],"wp:attachment":[{"href":"https:\/\/pophaw.com\/de\/wp-json\/wp\/v2\/media?parent=770"}],"wp:term":[{"taxonomy":"product_brand","embeddable":true,"href":"https:\/\/pophaw.com\/de\/wp-json\/wp\/v2\/product_brand?post=770"},{"taxonomy":"product_cat","embeddable":true,"href":"https:\/\/pophaw.com\/de\/wp-json\/wp\/v2\/product_cat?post=770"},{"taxonomy":"product_tag","embeddable":true,"href":"https:\/\/pophaw.com\/de\/wp-json\/wp\/v2\/product_tag?post=770"}],"curies":[{"name":"wp","href":"https:\/\/api.w.org\/{rel}","templated":true}]}}