{"id":799,"date":"2019-04-28T08:14:13","date_gmt":"2019-04-28T08:14:13","guid":{"rendered":"https:\/\/pophaw.com\/product\/surgical-sponge\/"},"modified":"2025-01-25T23:10:16","modified_gmt":"2025-01-26T07:10:16","slug":"nasen-kissen-maske-universal","status":"publish","type":"product","link":"https:\/\/pophaw.com\/de\/produkt\/nasen-kissen-maske-universal\/","title":{"rendered":"Nasenkissen-Maske Universal"},"content":{"rendered":"<p><b>Nasenkissen Maske Universal Universal PM1 Schlaf-Apnoe-Nasenmaske f\u00fcr Cpap&amp;Bipap mit S\/M\/L 3 Gr\u00f6\u00dfen Silikon-Kissen<\/b><\/p>\n<div>BITTE BEACHTEN SIE<\/div>\n<div><\/div>\n<div>1. Nasale Kissen-Maske, die Rohr-Durchmesser ist 22mm, die f\u00fcr jede Marke von Cpap &amp; Bipap Maschine geeignet ist, bitte kaufen Sie mit Vertrauen!<\/div>\n<div>2. Unser Nasenkissen Maske ist ein komplettes Set, einschlie\u00dflich Nasenkissen (S, M, L) und ein 45cm Schlauch Maske und Anweisungen.<\/div>\n<div><\/div>\n<div>Sanfte Mahnung\uff1a<\/div>\n<div><\/div>\n<div>Nasenkissenmasken sind medizinische Verbrauchsmaterialien. F\u00fcr Ihre Gesundheit sollten Sie sie regelm\u00e4\u00dfig pflegen (jede Woche sauberes Wasser herausnehmen und alle sechs Monate austauschen).<\/div>\n<div>Die Marken der CPAP-Maschinen f\u00fcr Resoxy-Nasenkissenmasken sind wie folgt:<\/div>\n<div>Resmed, Philips, Resmart, Luna, Yuwell, COFOE, Curative, Fisher &amp; Paykel, Weinmann, Micome.<\/div>\n<div><\/div>\n<div>CPAP-Nasenkissenmaske \u00dcbersicht:<\/div>\n<div><\/div>\n<div>Die Nasenkissenmaske ist eine Maske mit minimalem Kontakt, die maximale Freiheit bietet! Mit ihrem d\u00fcnnen Silikonrahmen und den doppelwandigen Kissen ist die RESOXY leicht und bequem, aber dennoch sicher und effektiv. F\u00fcr den Kauf dieser Maskenkomponenten ist kein Rezept erforderlich.<\/div>\n<div><\/div>\n<div>CPAP-Maske mit Nasenkissen Merkmale:<\/div>\n<div><\/div>\n<div>1. Por\u00f6ser Auspuff: Einfach und bequem: Verbessertes Auspuff-Loch-Design, um L\u00e4rm w\u00e4hrend des Gebrauchs zu reduzieren<\/div>\n<div>2. Komfortabel ohne Druckstellen: Geeignet f\u00fcr Patienten, die Brillen tragen. Ultraleichte und weiche Stirnband, so dass Sie fast unmerklich von seiner Existenz, mit kleineren Hautkontakt, Multi-Level-Behandlung bietet mit Freiheit und Komfort<\/div>\n<div>3. Flexible Biegung Rohr: Mit einem Au\u00dfendurchmesser von 22 mm, ist es f\u00fcr alle Cpap-Maschinen geeignet. Ultra leichte und ultra weiche gebogene Rohre sind leicht, flexibel, nicht leicht verformt, abnehmbar und leicht zu reinigen.<\/div>\n<div>4. 360\u00b0 drehbarer Ellbogen sorgt f\u00fcr Komfort und mehr Freiheit. Nicht auf feste Positionen beschr\u00e4nkt.<\/div>\n<div>5. Design drei-Gr\u00f6\u00dfe Spezifikationen f\u00fcr verschiedene Gruppen von Menschen: Erh\u00e4ltlich in den Kissengr\u00f6\u00dfen S, M und L<\/div>\n<div>6. Weiches Silikon-Pad Bequem und leicht zu ersetzen Weiches und gesundes Silikon-Material, zufriedenstellend Ihre \u201cPicky Touch\u201d<\/div>\n<div>7. Leichter und komfortabler: Leichte Qualit\u00e4t bietet eine komfortable Trageerfahrung mit ergonomischen Designs bem\u00fchen, um Benutzer mit Wir sind in der Lage zu f\u00fchlen.<\/div>\n<div><\/div>\n<div>\u00dcberblick \u00fcber die Konfiguration:<\/div>\n<div><\/div>\n<div>Konfigurations\u00fcbersicht: Kopfband, Skletalarm, Silikonpolster (S, M,<\/div>\n<div>L),Knochentr\u00e4ger-Set<\/div>\n<div><\/div>\n<div>Betriebsanleitung\uff1a<\/div>\n<div><\/div>\n<div>1. Flexible Rohrschnittstelle: Check pipe interface Kein weiteres Zubeh\u00f6r<\/div>\n<div>2. Schlie\u00dfen Sie die Maske an: Richten Sie den Schlauch auf die Nasenmaske aus und stecken Sie den Anschluss<\/div>\n<div>3. Abschlusseffekt: Verbindung abgeschlossen, Effektanzeigebild<\/div>\n<div><\/div>\n<div><\/div>\n<div>H\u00e4ufige Probleme mit abnormalen Pipeline-Verbindungen<\/div>\n<div>1. Die vom alten Nasenmaskenanschluss \u00fcbrig gebliebene Pipelineschnalle ist blockiert und kann nicht verbunden werden. 2. Entfernen Sie den Fremdk\u00f6rper in der Rohrleitung 3. Das Fleisch der Rohrm\u00fcndung ist weich und l\u00e4sst sich zusammendr\u00fccken 4. Vor dem Verbinden befinden sich keine Fremdk\u00f6rper an der Rohrm\u00fcndung<\/div>\n<div><\/div>\n<div>Wie reinige und pflege ich mein Produkt?<\/div>\n<div><\/div>\n<div>Reinigung der Masken und des Zubeh\u00f6rs<\/div>\n<div><\/div>\n<div>1. Waschen Sie das Stirnband mit warmem Seifenwasser<\/div>\n<div>2. Nicht l\u00e4nger als 10 Minuten einweichen<\/div>\n<div>3. Mit Wasser absp\u00fclen<\/div>\n<div>4. Direkte Sonneneinstrahlung vermeiden und nat\u00fcrlich trocknen.<\/div>\n<div><\/div>\n<div>Vor der ersten Benutzung<\/div>\n<div><\/div>\n<div>1. Wischen Sie die Komponenten vorsichtig mit warmer Seifenlauge ab.<\/div>\n<div>2. Nicht l\u00e4nger als 10 Minuten einweichen<\/div>\n<div>3. Saubere Teile mit Trinkwasser absp\u00fclen<\/div>\n<div>4. An einem dunklen Ort an der Luft trocknen lassen<\/div>\n<div><\/div>\n<div>Vorschl\u00e4ge f\u00fcr den Austausch von Produkten<\/div>\n<div><\/div>\n<div>Filterwatte -1-2 Wochen<\/div>\n<div>Silikon-Nasenmaske - 6 Monate<\/div>\n<div>Stirnband - 6 Monate<\/div>\n<div>Maskenhalter - 12-18 Monate<\/div>\n<div><\/div>\n<div>T\u00e4glich\/nach jedem Gebrauch<\/div>\n<div><\/div>\n<div>1. Waschen Sie die Teile der Maske (au\u00dfer dem Kopfband) von Hand mit warmem Seifenwasser.<\/div>\n<div>2. Gr\u00fcndlich mit Trinkwasser aussp\u00fclen<\/div>\n<div>3. Vermeiden Sie Licht und trocknen Sie an der Luft<\/div>\n<div>4. Reinigen Sie die L\u00fcftungsschlitze mit einer weichen B\u00fcrste<\/div>","protected":false},"excerpt":{"rendered":"<p>Wir legen Wert darauf, Ihnen mit jedem Produkt so viel Wert und Nutzen wie m\u00f6glich zu bieten, w\u00e4hrend wir die Kosten im Zaum halten, ohne die Qualit\u00e4t zu beeintr\u00e4chtigen.<\/p>","protected":false},"featured_media":9676,"template":"","meta":{"bwfblock_default_font":"","_uag_custom_page_level_css":"","site-sidebar-layout":"default","site-content-layout":"","ast-site-content-layout":"default","site-content-style":"default","site-sidebar-style":"default","ast-global-header-display":"","ast-banner-title-visibility":"","ast-main-header-display":"","ast-hfb-above-header-display":"","ast-hfb-below-header-display":"","ast-hfb-mobile-header-display":"","site-post-title":"","ast-breadcrumbs-content":"","ast-featured-img":"","footer-sml-layout":"","ast-disable-related-posts":"","theme-transparent-header-meta":"default","adv-header-id-meta":"","stick-header-meta":"default","header-above-stick-meta":"","header-main-stick-meta":"","header-below-stick-meta":"","astra-migrate-meta-layouts":"set","ast-page-background-enabled":"default","ast-page-background-meta":{"desktop":{"background-color":"","background-image":"","background-repeat":"repeat","background-position":"center center","background-size":"auto","background-attachment":"scroll","background-type":"","background-media":"","overlay-type":"","overlay-color":"","overlay-opacity":"","overlay-gradient":""},"tablet":{"background-color":"","background-image":"","background-repeat":"repeat","background-position":"center center","background-size":"auto","background-attachment":"scroll","background-type":"","background-media":"","overlay-type":"","overlay-color":"","overlay-opacity":"","overlay-gradient":""},"mobile":{"background-color":"","background-image":"","background-repeat":"repeat","background-position":"center center","background-size":"auto","background-attachment":"scroll","background-type":"","background-media":"","overlay-type":"","overlay-color":"","overlay-opacity":"","overlay-gradient":""}},"ast-content-background-meta":{"desktop":{"background-color":"var(--ast-global-color-5)","background-image":"","background-repeat":"repeat","background-position":"center center","background-size":"auto","background-attachment":"scroll","background-type":"","background-media":"","overlay-type":"","overlay-color":"","overlay-opacity":"","overlay-gradient":""},"tablet":{"background-color":"var(--ast-global-color-5)","background-image":"","background-repeat":"repeat","background-position":"center center","background-size":"auto","background-attachment":"scroll","background-type":"","background-media":"","overlay-type":"","overlay-color":"","overlay-opacity":"","overlay-gradient":""},"mobile":{"background-color":"var(--ast-global-color-5)","background-image":"","background-repeat":"repeat","background-position":"center center","background-size":"auto","background-attachment":"scroll","background-type":"","background-media":"","overlay-type":"","overlay-color":"","overlay-opacity":"","overlay-gradient":""}}},"product_brand":[73],"product_cat":[343,307,336,309,305],"product_tag":[],"class_list":{"0":"post-799","1":"product","2":"type-product","3":"status-publish","4":"has-post-thumbnail","6":"product_brand-pophaw","7":"product_cat-cpap-machine","8":"product_cat-cpap-machines-accessories","9":"product_cat-healthcare-products","10":"product_cat-nasal-oral-masks","11":"product_cat-respiratory-care-products","12":"desktop-align-center","13":"tablet-align-center","14":"mobile-align-center","15":"ast-product-gallery-layout-horizontal-slider","16":"ast-magnify-disabled","17":"ast-product-tabs-layout-horizontal","19":"first","20":"instock","21":"shipping-taxable","22":"purchasable","23":"product-type-simple"},"spectra_custom_meta":{"_edit_last":["1"],"_wp_old_date":["2020-04-28"],"insight_product_options":["s:1358:\"a:38:{s:27:\"single_product_layout_style\";s:0:\"\";s:11:\"site_layout\";s:0:\"\";s:10:\"site_width\";s:0:\"\";s:16:\"site_top_spacing\";s:0:\"\";s:19:\"site_bottom_spacing\";s:0:\"\";s:10:\"site_class\";s:0:\"\";s:21:\"site_background_color\";s:0:\"\";s:21:\"site_background_image\";s:0:\"\";s:22:\"site_background_repeat\";s:9:\"no-repeat\";s:26:\"site_background_attachment\";s:0:\"\";s:24:\"site_background_position\";s:0:\"\";s:20:\"site_background_size\";s:0:\"\";s:24:\"content_background_color\";s:0:\"\";s:24:\"content_background_image\";s:0:\"\";s:25:\"content_background_repeat\";s:9:\"no-repeat\";s:27:\"content_background_position\";s:0:\"\";s:12:\"top_bar_type\";s:0:\"\";s:11:\"header_type\";s:0:\"\";s:14:\"header_overlay\";s:0:\"\";s:11:\"header_skin\";s:0:\"\";s:12:\"menu_display\";s:0:\"\";s:13:\"menu_one_page\";s:1:\"0\";s:16:\"custom_dark_logo\";s:0:\"\";s:17:\"custom_light_logo\";s:0:\"\";s:17:\"custom_logo_width\";s:0:\"\";s:24:\"custom_sticky_logo_width\";s:0:\"\";s:21:\"page_title_bar_layout\";s:0:\"\";s:29:\"page_title_bar_bottom_spacing\";s:0:\"\";s:31:\"page_title_bar_background_color\";s:0:\"\";s:25:\"page_title_bar_background\";s:0:\"\";s:33:\"page_title_bar_background_overlay\";s:0:\"\";s:29:\"page_title_bar_custom_heading\";s:0:\"\";s:14:\"page_sidebar_1\";s:7:\"default\";s:14:\"page_sidebar_2\";s:7:\"default\";s:21:\"page_sidebar_position\";s:7:\"default\";s:17:\"revolution_slider\";s:0:\"\";s:15:\"slider_position\";s:5:\"below\";s:13:\"footer_enable\";s:0:\"\";}\";"],"_sku":["PH11335010"],"_regular_price":["52.99"],"_tax_status":["taxable"],"_manage_stock":["yes"],"_backorders":["no"],"_sold_individually":["no"],"_virtual":["no"],"_downloadable":["no"],"_download_limit":["-1"],"_download_expiry":["-1"],"_stock":["35"],"_stock_status":["instock"],"_product_version":["9.6.0"],"_price":["52.99"],"_product_image_gallery":["9447,9437,9438,9439,9440,9441,9442,9443,9444,9445,9446"],"woosw_count":["2"],"woosw_add":["1597393580"],"total_sales":["0"],"_tax_class":[""],"_wc_average_rating":["0"],"_wc_review_count":["0"],"rs_page_bg_color":[""],"rank_math_focus_keyword":["Nasal Pillow Mask"],"_edit_lock":["1737875417:1"],"rank_math_analytic_object_id":["84"],"rank_math_auto_redirect":["a:1:{i:0;i:25;}"],"_wp_old_slug":["surgical-sponge","nasal-pillows-mask-universal"],"rank_math_seo_score":["93"],"rank_math_description":["Nasal Pillow Mask Universal Universal PM1 Sleep Apnea Nasal Mask For Cpap&Bipap With S\/M\/L 3 Sizes Silicone Cushions"],"_admin_notes":["https:\/\/www.ebay.com\/itm\/387641661290\r\nhttps:\/\/detail.1688.com\/offer\/847546167457.html?spm=a261y.7663282.3002526303362591.2.7f483e54ffTWko&sk=order"],"_custom_product_field":[""],"rank_math_primary_product_cat":["343"],"rank_math_primary_product_brand":["0"],"site-sidebar-layout":["default"],"ast-site-content-layout":["default"],"site-content-style":["default"],"site-sidebar-style":["default"],"theme-transparent-header-meta":["default"],"stick-header-meta":["default"],"_thumbnail_id":["9676"],"_wc_gla_synced_at":["1778295666"],"_wc_gla_sync_status":["synced"],"_wc_gla_visibility":["sync-and-show"],"_wc_gla_google_ids":["a:1:{s:2:\"US\";s:20:\"online:en:US:gla_799\";}"],"fb_product_item_id":["9921082447908860"],"_wc_facebook_sync_enabled":["yes"],"fb_visibility":["yes"],"fb_product_description":[""],"_wc_facebook_product_image_source":["product"],"_wc_facebook_commerce_enabled":["no"],"rank_math_primary_fb_product_set":["0"],"_global_unique_id":["10888621913674"],"astra-migrate-meta-layouts":["set"],"wp_statistics_words_count":["515"],"wpil_sync_report3":["1"],"wpil_links_inbound_internal_count":["0"],"wpil_links_inbound_internal_count_data":["eJxLtDKwqq4FAAZPAf4="],"wpil_links_outbound_internal_count":["0"],"wpil_links_outbound_internal_count_data":["eJxLtDKwqq4FAAZPAf4="],"wpil_links_outbound_external_count":["0"],"wpil_links_outbound_external_count_data":["eJxLtDKwqq4FAAZPAf4="],"wpil_sync_report2_time":["2025-01-27T07:29:11+00:00"],"omnisend_last_sync":["2025-05-16T11:05:10+00:00"],"surerank_settings_general":["a:7:{s:9:\"separator\";s:1:\"-\";s:10:\"page_title\";s:21:\"%title% - %site_name%\";s:25:\"auto_generate_description\";b:1;s:16:\"page_description\";s:116:\"Nasal Pillow Mask Universal Universal PM1 Sleep Apnea Nasal Mask For Cpap&Bipap With S\/M\/L 3 Sizes Silicone Cushions\";s:16:\"auto_description\";s:158:\"Nasal Pillow Mask Universal Universal PM1 Sleep Apnea Nasal Mask For Cpap&Bipap With S\/M\/L 3 Sizes Silicone Cushions PLEASE PAY ATTENTION 1. Nasal Pillow Mask\";s:14:\"fallback_image\";s:0:\"\";s:13:\"canonical_url\";s:55:\"https:\/\/pophaw.com\/product\/nasal-pillow-mask-universal\/\";}"],"surerank_settings_post_no_index":["no"],"surerank_settings_post_no_follow":["no"],"surerank_settings_post_no_archive":["no"],"surerank_settings_social":["a:23:{s:15:\"open_graph_tags\";b:1;s:18:\"facebook_meta_tags\";b:1;s:17:\"twitter_meta_tags\";b:1;s:16:\"oembeded_scripts\";b:1;s:17:\"oembeded_og_title\";b:1;s:22:\"oembeded_social_images\";b:1;s:27:\"oembeded_remove_author_name\";b:1;s:17:\"facebook_page_url\";s:54:\"https:\/\/www.facebook.com\/profile.php?id=61571207938497\";s:24:\"facebook_author_fallback\";s:0:\"\";s:17:\"twitter_card_type\";s:19:\"summary_large_image\";s:24:\"twitter_same_as_facebook\";b:1;s:24:\"twitter_profile_username\";s:0:\"\";s:24:\"twitter_profile_fallback\";s:0:\"\";s:14:\"facebook_title\";s:21:\"%title% - %site_name%\";s:20:\"facebook_description\";s:9:\"%content%\";s:18:\"facebook_image_url\";s:57:\"https:\/\/pophaw.com\/wp-content\/uploads\/2019\/04\/10001-5.jpg\";s:17:\"facebook_image_id\";i:9676;s:20:\"facebook_image_width\";i:800;s:21:\"facebook_image_height\";i:800;s:13:\"twitter_title\";s:21:\"%title% - %site_name%\";s:19:\"twitter_description\";s:9:\"%content%\";s:17:\"twitter_image_url\";s:57:\"https:\/\/pophaw.com\/wp-content\/uploads\/2019\/04\/10001-5.jpg\";s:16:\"twitter_image_id\";i:9676;}"],"surerank_migration":["1"],"astra_style_timestamp_css":["1777346875"],"wwpp_product_wholesale_visibility_filter":["all"],"_uag_css_file_name":["uag-css-799.css"],"rank_math_internal_links_processed":["1"],"_uag_page_assets":["a:9:{s:3:\"css\";s:260:\".uag-blocks-common-selector{z-index:var(--z-index-desktop) !important}@media(max-width: 976px){.uag-blocks-common-selector{z-index:var(--z-index-tablet) !important}}@media(max-width: 767px){.uag-blocks-common-selector{z-index:var(--z-index-mobile) !important}}\";s:2:\"js\";s:0:\"\";s:18:\"current_block_list\";a:15:{i:0;s:23:\"surecart\/slide-out-cart\";i:1;s:30:\"surecart\/slide-out-cart-header\";i:2;s:29:\"surecart\/slide-out-cart-items\";i:3;s:30:\"surecart\/slide-out-cart-coupon\";i:4;s:32:\"surecart\/slide-out-cart-subtotal\";i:5;s:38:\"surecart\/slide-out-cart-bump-line-item\";i:6;s:30:\"surecart\/slide-out-cart-submit\";i:7;s:11:\"core\/search\";i:8;s:10:\"core\/group\";i:9;s:12:\"core\/heading\";i:10;s:17:\"core\/latest-posts\";i:11;s:20:\"core\/latest-comments\";i:12;s:13:\"core\/archives\";i:13;s:15:\"core\/categories\";i:14;s:14:\"core\/shortcode\";}s:8:\"uag_flag\";b:0;s:11:\"uag_version\";s:10:\"1777973618\";s:6:\"gfonts\";a:0:{}s:10:\"gfonts_url\";s:0:\"\";s:12:\"gfonts_files\";a:0:{}s:14:\"uag_faq_layout\";b:0;}"],"_wc_gla_mc_status":["approved"]},"uagb_featured_image_src":{"full":["https:\/\/pophaw.com\/wp-content\/uploads\/2019\/04\/10001-5.jpg",800,800,false],"thumbnail":["https:\/\/pophaw.com\/wp-content\/uploads\/2019\/04\/10001-5-150x150.jpg",150,150,true],"medium":["https:\/\/pophaw.com\/wp-content\/uploads\/2019\/04\/10001-5-300x300.jpg",300,300,true],"medium_large":["https:\/\/pophaw.com\/wp-content\/uploads\/2019\/04\/10001-5-768x768.jpg",768,768,true],"large":["https:\/\/pophaw.com\/wp-content\/uploads\/2019\/04\/10001-5.jpg",800,800,false],"ryviu-small":["https:\/\/pophaw.com\/wp-content\/uploads\/2019\/04\/10001-5.jpg",40,40,false],"ryviu-medium":["https:\/\/pophaw.com\/wp-content\/uploads\/2019\/04\/10001-5.jpg",132,132,false],"1536x1536":["https:\/\/pophaw.com\/wp-content\/uploads\/2019\/04\/10001-5.jpg",800,800,false],"2048x2048":["https:\/\/pophaw.com\/wp-content\/uploads\/2019\/04\/10001-5.jpg",800,800,false],"trp-custom-language-flag":["https:\/\/pophaw.com\/wp-content\/uploads\/2019\/04\/10001-5.jpg",12,12,false],"woocommerce_thumbnail":["https:\/\/pophaw.com\/wp-content\/uploads\/2019\/04\/10001-5-300x300.jpg",300,300,true],"woocommerce_single":["https:\/\/pophaw.com\/wp-content\/uploads\/2019\/04\/10001-5-600x600.jpg",600,600,true],"woocommerce_gallery_thumbnail":["https:\/\/pophaw.com\/wp-content\/uploads\/2019\/04\/10001-5-100x100.jpg",100,100,true]},"uagb_author_info":{"display_name":"Dr. Rowan","author_link":"https:\/\/pophaw.com\/de\/author\/"},"uagb_comment_info":0,"uagb_excerpt":"We make a point by bringing you as much value &amp; usability with each product, while keeping the costs in check, without sacrificing quality.","_links":{"self":[{"href":"https:\/\/pophaw.com\/de\/wp-json\/wp\/v2\/product\/799","targetHints":{"allow":["GET"]}}],"collection":[{"href":"https:\/\/pophaw.com\/de\/wp-json\/wp\/v2\/product"}],"about":[{"href":"https:\/\/pophaw.com\/de\/wp-json\/wp\/v2\/types\/product"}],"wp:featuredmedia":[{"embeddable":true,"href":"https:\/\/pophaw.com\/de\/wp-json\/wp\/v2\/media\/9676"}],"wp:attachment":[{"href":"https:\/\/pophaw.com\/de\/wp-json\/wp\/v2\/media?parent=799"}],"wp:term":[{"taxonomy":"product_brand","embeddable":true,"href":"https:\/\/pophaw.com\/de\/wp-json\/wp\/v2\/product_brand?post=799"},{"taxonomy":"product_cat","embeddable":true,"href":"https:\/\/pophaw.com\/de\/wp-json\/wp\/v2\/product_cat?post=799"},{"taxonomy":"product_tag","embeddable":true,"href":"https:\/\/pophaw.com\/de\/wp-json\/wp\/v2\/product_tag?post=799"}],"curies":[{"name":"wp","href":"https:\/\/api.w.org\/{rel}","templated":true}]}}