{"id":809,"date":"2019-04-28T08:27:30","date_gmt":"2019-04-28T08:27:30","guid":{"rendered":"https:\/\/pophaw.com\/product\/ice-cold-water-therapy\/"},"modified":"2025-06-11T08:29:40","modified_gmt":"2025-06-11T15:29:40","slug":"ihealth-gluco","status":"publish","type":"product","link":"https:\/\/pophaw.com\/de\/produkt\/ihealth-gluco\/","title":{"rendered":"iHealth Gluco+ Wireless Smart Blutzuckermessger\u00e4t Kit"},"content":{"rendered":"<p><span style=\"font-family: arial, helvetica, sans-serif; color: #000000;\">Das iHealth Gluco+ Wireless Smart Glucose Meter bietet mit der kostenlosen App iGluco eine umfassende L\u00f6sung f\u00fcr proaktives Blutzuckermanagement. Sie erm\u00f6glicht es Ihnen, Ihre Blutzuckermesswerte zu speichern, zu verfolgen und zu teilen. Mit iGluco k\u00f6nnen Sie die Kontrolle \u00fcber Ihre Gesundheit \u00fcbernehmen, indem Sie personalisierte Zielbereiche und Erinnerungen festlegen und so sicherstellen, dass Sie Ihre Blutzuckerziele einhalten.<\/span><\/p>\n<ul>\n<li class=\"a-spacing-mini\"><span class=\"a-list-item\" style=\"font-family: arial, helvetica, sans-serif; color: #000000;\">M\u00fchelose drahtlose Synchronisierung f\u00fcr die Verwaltung zu jeder Zeit und an jedem Ort: Speichern Sie bis zu 500 Messwerte im iHealth Blutzuckermessger\u00e4teset und greifen Sie auf eine unbegrenzte Anzahl von Messwerten auf Ihrem iOS- oder Android-Ger\u00e4t \u00fcber die kostenlose iHealth Gluco-Smart-App zu. Der nahtlos integrierte Speicher und die App erm\u00f6glichen einen einfachen Zugriff auf Ihren kompletten Blutzuckerverlauf. Teilen Sie Ihre Ergebnisse mit Ihrem medizinischen Team und verwalten Sie Ihren Diabetes besser, egal wo Sie sind.<\/span><\/li>\n<li class=\"a-spacing-mini\"><span class=\"a-list-item\" style=\"font-family: arial, helvetica, sans-serif; color: #000000;\">Schnelles und schonendes Testen in nur 5 Sekunden: Das iHealth Blutzuckertest-Kit wurde f\u00fcr Ihren Komfort entwickelt und liefert genaue Ergebnisse in nur 5 Sekunden mit einer winzigen Blutprobe von 0,7 \u00b5l. Die einstellbare Lanzette mit 9 Einstichtiefen sorgt f\u00fcr ein nahezu schmerzfreies Testerlebnis (5. Einstichtiefe empfohlen), minimiert den Schmerz und liefert jedes Mal schnelle, zuverl\u00e4ssige Ergebnisse.<\/span><\/li>\n<li class=\"a-spacing-mini\"><span class=\"a-list-item\" style=\"font-family: arial, helvetica, sans-serif; color: #000000;\">Tragbar und wiederaufladbar f\u00fcr einfaches Blutzuckermanagement: Das iHealth BG5S100 ist ein schlankes, kompaktes Messger\u00e4t mit einem zuverl\u00e4ssigen, wiederaufladbaren Akku, perfekt f\u00fcr den Einsatz unterwegs. Seine Tragetasche bietet Ihnen mehr Komfort und Sicherheit bei der t\u00e4glichen Kontrolle Ihres Blutzuckerspiegels.<\/span><\/li>\n<li class=\"a-spacing-mini\"><span class=\"a-list-item\" style=\"font-family: arial, helvetica, sans-serif; color: #000000;\">M\u00fcheloses Testen im Handumdrehen: Das BG5S100 verf\u00fcgt \u00fcber ein benutzerfreundliches Design mit eingebauten Warnhinweisen f\u00fcr hohe und niedrige Blutzuckerwerte, damit Sie schnell und unverz\u00fcglich handeln k\u00f6nnen, um Ihre Gesundheit zu erhalten. F\u00fchren Sie einfach den Streifen ein, nehmen Sie die Daten auf und sehen Sie die Ergebnisse auf dem hellen, klaren Display, auch bei schlechten Lichtverh\u00e4ltnissen.<\/span><\/li>\n<li class=\"a-spacing-mini\"><span class=\"a-list-item\" style=\"font-family: arial, helvetica, sans-serif; color: #000000;\">Was Sie erhalten: 1 x 510K Cleared &amp; Medical CE Approved Blutzuckermessger\u00e4teset, 1 Stechhilfe, 100 Lanzetten, 100 Teststreifen, 1 USB-Ladekabel, 1 Tragetasche, 1 Gebrauchsanweisung &amp; 1 Kurzanleitung (in Englisch und Spanisch), unsere 12-monatige Garantie und ein freundlicher Kundendienst in Kalifornien.<\/span><\/li>\n<\/ul>\n<p><img loading=\"lazy\" decoding=\"async\" class=\"alignnone wp-image-7483 size-full\" src=\"http:\/\/pophaw.com\/wp-content\/uploads\/2019\/04\/1-1.png\" alt=\"\" width=\"1464\" height=\"1200\" srcset=\"https:\/\/pophaw.com\/wp-content\/uploads\/2019\/04\/1-1.png 1464w, https:\/\/pophaw.com\/wp-content\/uploads\/2019\/04\/1-1-600x492.png 600w, https:\/\/pophaw.com\/wp-content\/uploads\/2019\/04\/1-1-300x246.png 300w, https:\/\/pophaw.com\/wp-content\/uploads\/2019\/04\/1-1-1024x839.png 1024w, https:\/\/pophaw.com\/wp-content\/uploads\/2019\/04\/1-1-768x630.png 768w, https:\/\/pophaw.com\/wp-content\/uploads\/2019\/04\/1-1-1320x1082.png 1320w\" sizes=\"auto, (max-width: 1464px) 100vw, 1464px\" \/><\/p>\n<p><img loading=\"lazy\" decoding=\"async\" class=\"alignnone wp-image-7484 size-full\" src=\"http:\/\/pophaw.com\/wp-content\/uploads\/2019\/04\/3-1.png\" alt=\"\" width=\"1132\" height=\"600\" srcset=\"https:\/\/pophaw.com\/wp-content\/uploads\/2019\/04\/3-1.png 1132w, https:\/\/pophaw.com\/wp-content\/uploads\/2019\/04\/3-1-600x318.png 600w, https:\/\/pophaw.com\/wp-content\/uploads\/2019\/04\/3-1-300x159.png 300w, https:\/\/pophaw.com\/wp-content\/uploads\/2019\/04\/3-1-1024x543.png 1024w, https:\/\/pophaw.com\/wp-content\/uploads\/2019\/04\/3-1-768x407.png 768w\" sizes=\"auto, (max-width: 1132px) 100vw, 1132px\" \/><\/p>\n<p><img loading=\"lazy\" decoding=\"async\" class=\"alignnone size-full wp-image-7473\" src=\"http:\/\/pophaw.com\/wp-content\/uploads\/2019\/04\/4.jpg\" alt=\"\" width=\"700\" height=\"384\" srcset=\"https:\/\/pophaw.com\/wp-content\/uploads\/2019\/04\/4.jpg 700w, https:\/\/pophaw.com\/wp-content\/uploads\/2019\/04\/4-600x329.jpg 600w, https:\/\/pophaw.com\/wp-content\/uploads\/2019\/04\/4-300x165.jpg 300w\" sizes=\"auto, (max-width: 700px) 100vw, 700px\" \/><\/p>\n<p><img loading=\"lazy\" decoding=\"async\" class=\"alignnone size-full wp-image-7474\" src=\"http:\/\/pophaw.com\/wp-content\/uploads\/2019\/04\/5.jpg\" alt=\"\" width=\"700\" height=\"384\" srcset=\"https:\/\/pophaw.com\/wp-content\/uploads\/2019\/04\/5.jpg 700w, https:\/\/pophaw.com\/wp-content\/uploads\/2019\/04\/5-600x329.jpg 600w, https:\/\/pophaw.com\/wp-content\/uploads\/2019\/04\/5-300x165.jpg 300w\" sizes=\"auto, (max-width: 700px) 100vw, 700px\" \/><\/p>","protected":false},"excerpt":{"rendered":"<p>100 Glucometer-Streifen, 100 Lanzetten, 1 Blutzuckermessger\u00e4t, 1 Stechhilfe, tragbares Diabetes-Testkit f\u00fcr den Heimgebrauch<\/p>","protected":false},"featured_media":7475,"template":"","meta":{"bwfblock_default_font":"","_uag_custom_page_level_css":"","site-sidebar-layout":"default","site-content-layout":"","ast-site-content-layout":"default","site-content-style":"default","site-sidebar-style":"default","ast-global-header-display":"","ast-banner-title-visibility":"","ast-main-header-display":"","ast-hfb-above-header-display":"","ast-hfb-below-header-display":"","ast-hfb-mobile-header-display":"","site-post-title":"","ast-breadcrumbs-content":"","ast-featured-img":"","footer-sml-layout":"","ast-disable-related-posts":"","theme-transparent-header-meta":"default","adv-header-id-meta":"","stick-header-meta":"default","header-above-stick-meta":"","header-main-stick-meta":"","header-below-stick-meta":"","astra-migrate-meta-layouts":"set","ast-page-background-enabled":"default","ast-page-background-meta":{"desktop":{"background-color":"","background-image":"","background-repeat":"repeat","background-position":"center center","background-size":"auto","background-attachment":"scroll","background-type":"","background-media":"","overlay-type":"","overlay-color":"","overlay-opacity":"","overlay-gradient":""},"tablet":{"background-color":"","background-image":"","background-repeat":"repeat","background-position":"center center","background-size":"auto","background-attachment":"scroll","background-type":"","background-media":"","overlay-type":"","overlay-color":"","overlay-opacity":"","overlay-gradient":""},"mobile":{"background-color":"","background-image":"","background-repeat":"repeat","background-position":"center center","background-size":"auto","background-attachment":"scroll","background-type":"","background-media":"","overlay-type":"","overlay-color":"","overlay-opacity":"","overlay-gradient":""}},"ast-content-background-meta":{"desktop":{"background-color":"var(--ast-global-color-5)","background-image":"","background-repeat":"repeat","background-position":"center center","background-size":"auto","background-attachment":"scroll","background-type":"","background-media":"","overlay-type":"","overlay-color":"","overlay-opacity":"","overlay-gradient":""},"tablet":{"background-color":"var(--ast-global-color-5)","background-image":"","background-repeat":"repeat","background-position":"center center","background-size":"auto","background-attachment":"scroll","background-type":"","background-media":"","overlay-type":"","overlay-color":"","overlay-opacity":"","overlay-gradient":""},"mobile":{"background-color":"var(--ast-global-color-5)","background-image":"","background-repeat":"repeat","background-position":"center center","background-size":"auto","background-attachment":"scroll","background-type":"","background-media":"","overlay-type":"","overlay-color":"","overlay-opacity":"","overlay-gradient":""}}},"product_brand":[97],"product_cat":[339,336,189,99,190],"product_tag":[],"class_list":{"0":"post-809","1":"product","2":"type-product","3":"status-publish","4":"has-post-thumbnail","6":"product_brand-ihealth","7":"product_cat-monitoring","8":"product_cat-healthcare-products","9":"product_cat-home-diagnostics","10":"product_cat-home-medical-supplies","11":"product_cat-wellness-monitoring","12":"desktop-align-center","13":"tablet-align-center","14":"mobile-align-center","15":"ast-product-gallery-layout-horizontal-slider","16":"ast-magnify-disabled","17":"ast-product-tabs-layout-horizontal","19":"first","20":"instock","21":"shipping-taxable","22":"purchasable","23":"product-type-simple"},"spectra_custom_meta":{"_edit_last":["1"],"total_sales":["11"],"_tax_status":["taxable"],"_manage_stock":["yes"],"_backorders":["no"],"_sold_individually":["no"],"_virtual":["no"],"_downloadable":["no"],"_download_limit":["-1"],"_download_expiry":["-1"],"_stock":["10"],"_stock_status":["instock"],"_product_version":["9.9.3"],"_wp_old_date":["2020-04-28"],"insight_product_options":["s:1358:\"a:38:{s:27:\"single_product_layout_style\";s:0:\"\";s:11:\"site_layout\";s:0:\"\";s:10:\"site_width\";s:0:\"\";s:16:\"site_top_spacing\";s:0:\"\";s:19:\"site_bottom_spacing\";s:0:\"\";s:10:\"site_class\";s:0:\"\";s:21:\"site_background_color\";s:0:\"\";s:21:\"site_background_image\";s:0:\"\";s:22:\"site_background_repeat\";s:9:\"no-repeat\";s:26:\"site_background_attachment\";s:0:\"\";s:24:\"site_background_position\";s:0:\"\";s:20:\"site_background_size\";s:0:\"\";s:24:\"content_background_color\";s:0:\"\";s:24:\"content_background_image\";s:0:\"\";s:25:\"content_background_repeat\";s:9:\"no-repeat\";s:27:\"content_background_position\";s:0:\"\";s:12:\"top_bar_type\";s:0:\"\";s:11:\"header_type\";s:0:\"\";s:14:\"header_overlay\";s:0:\"\";s:11:\"header_skin\";s:0:\"\";s:12:\"menu_display\";s:0:\"\";s:13:\"menu_one_page\";s:1:\"0\";s:16:\"custom_dark_logo\";s:0:\"\";s:17:\"custom_light_logo\";s:0:\"\";s:17:\"custom_logo_width\";s:0:\"\";s:24:\"custom_sticky_logo_width\";s:0:\"\";s:21:\"page_title_bar_layout\";s:0:\"\";s:29:\"page_title_bar_bottom_spacing\";s:0:\"\";s:31:\"page_title_bar_background_color\";s:0:\"\";s:25:\"page_title_bar_background\";s:0:\"\";s:33:\"page_title_bar_background_overlay\";s:0:\"\";s:29:\"page_title_bar_custom_heading\";s:0:\"\";s:14:\"page_sidebar_1\";s:7:\"default\";s:14:\"page_sidebar_2\";s:7:\"default\";s:21:\"page_sidebar_position\";s:7:\"default\";s:17:\"revolution_slider\";s:0:\"\";s:15:\"slider_position\";s:5:\"below\";s:13:\"footer_enable\";s:0:\"\";}\";"],"_sku":["EB218005"],"_regular_price":["49.99"],"_price":["49.99"],"woosw_count":["6"],"woosw_add":["1613555744"],"_thumbnail_id":["7475"],"_tax_class":[""],"_wc_average_rating":["0"],"_wc_review_count":["0"],"_edit_lock":["1740888068:1"],"_product_image_gallery":["7476,7477,7478,7479,7480,7481,7482"],"_wp_old_slug":["ice-cold-water-therapy","ihealth-gluco-wireless-smart-blood-glucose-monitor-kit"],"rs_page_bg_color":[""],"rank_math_focus_keyword":["iHealth Gluco+"],"rank_math_analytic_object_id":["82"],"rank_math_seo_score":["88"],"rank_math_description":["The iHealth Gluco+ Wireless Smart Glucose Meter offers a comprehensive solution for proactive glucose management with the free app iGluco. "],"_admin_notes":[""],"_custom_product_field":[""],"rank_math_primary_product_cat":["339"],"rank_math_primary_product_brand":["0"],"site-sidebar-layout":["default"],"ast-site-content-layout":["default"],"site-content-style":["default"],"site-sidebar-style":["default"],"theme-transparent-header-meta":["default"],"stick-header-meta":["default"],"_wc_gla_visibility":["dont-sync-and-show"],"fb_product_item_id":["8942688275820660"],"_global_unique_id":["10888621913698"],"_wc_facebook_sync_enabled":["yes"],"fb_visibility":["yes"],"fb_product_description":[""],"_wc_facebook_product_image_source":["product"],"_wc_facebook_commerce_enabled":["no"],"rank_math_primary_fb_product_set":["0"],"classic-editor-remember":["classic-editor"],"rank_math_auto_redirect":["a:1:{i:0;i:59;}"],"wp_statistics_words_count":["320"],"_wc_pinterest_condition":["new"],"astra-migrate-meta-layouts":["set"],"wpil_sync_report3":["1"],"wpil_links_inbound_internal_count":["0"],"wpil_links_inbound_internal_count_data":["eJxLtDKwqq4FAAZPAf4="],"wpil_links_outbound_internal_count":["0"],"wpil_links_outbound_internal_count_data":["eJxLtDKwqq4FAAZPAf4="],"wpil_links_outbound_external_count":["0"],"wpil_links_outbound_external_count_data":["eJxLtDKwqq4FAAZPAf4="],"wpil_sync_report2_time":["2025-01-27T07:29:11+00:00"],"omnisend_last_sync":["2025-06-11T15:29:40+00:00"],"surerank_settings_general":["a:7:{s:9:\"separator\";s:1:\"-\";s:10:\"page_title\";s:21:\"%title% - %site_name%\";s:25:\"auto_generate_description\";b:1;s:16:\"page_description\";s:139:\"The iHealth Gluco+ Wireless Smart Glucose Meter offers a comprehensive solution for proactive glucose management with the free app iGluco. \";s:16:\"auto_description\";s:156:\"The iHealth Gluco+ Wireless Smart Glucose Meter offers a comprehensive solution for proactive glucose management with the free app iGluco. It enables you to\";s:14:\"fallback_image\";s:0:\"\";s:13:\"canonical_url\";s:41:\"https:\/\/pophaw.com\/product\/ihealth-gluco\/\";}"],"surerank_settings_post_no_index":["no"],"surerank_settings_post_no_follow":["no"],"surerank_settings_post_no_archive":["no"],"surerank_settings_social":["a:23:{s:15:\"open_graph_tags\";b:1;s:18:\"facebook_meta_tags\";b:1;s:17:\"twitter_meta_tags\";b:1;s:16:\"oembeded_scripts\";b:1;s:17:\"oembeded_og_title\";b:1;s:22:\"oembeded_social_images\";b:1;s:27:\"oembeded_remove_author_name\";b:1;s:17:\"facebook_page_url\";s:54:\"https:\/\/www.facebook.com\/profile.php?id=61571207938497\";s:24:\"facebook_author_fallback\";s:0:\"\";s:17:\"twitter_card_type\";s:19:\"summary_large_image\";s:24:\"twitter_same_as_facebook\";b:1;s:24:\"twitter_profile_username\";s:0:\"\";s:24:\"twitter_profile_fallback\";s:0:\"\";s:14:\"facebook_title\";s:21:\"%title% - %site_name%\";s:20:\"facebook_description\";s:9:\"%content%\";s:18:\"facebook_image_url\";s:59:\"https:\/\/pophaw.com\/wp-content\/uploads\/2019\/04\/image_1-1.jpg\";s:17:\"facebook_image_id\";i:7475;s:20:\"facebook_image_width\";i:1600;s:21:\"facebook_image_height\";i:1600;s:13:\"twitter_title\";s:21:\"%title% - %site_name%\";s:19:\"twitter_description\";s:9:\"%content%\";s:17:\"twitter_image_url\";s:59:\"https:\/\/pophaw.com\/wp-content\/uploads\/2019\/04\/image_1-1.jpg\";s:16:\"twitter_image_id\";i:7475;}"],"surerank_migration":["1"],"astra_style_timestamp_css":["1776905625"],"wwpp_product_wholesale_visibility_filter":["all"],"_uag_css_file_name":["uag-css-809.css"],"rank_math_internal_links_processed":["1"],"_uag_page_assets":["a:9:{s:3:\"css\";s:0:\"\";s:2:\"js\";s:0:\"\";s:18:\"current_block_list\";a:15:{i:0;s:23:\"surecart\/slide-out-cart\";i:1;s:30:\"surecart\/slide-out-cart-header\";i:2;s:29:\"surecart\/slide-out-cart-items\";i:3;s:30:\"surecart\/slide-out-cart-coupon\";i:4;s:32:\"surecart\/slide-out-cart-subtotal\";i:5;s:38:\"surecart\/slide-out-cart-bump-line-item\";i:6;s:30:\"surecart\/slide-out-cart-submit\";i:7;s:11:\"core\/search\";i:8;s:10:\"core\/group\";i:9;s:12:\"core\/heading\";i:10;s:17:\"core\/latest-posts\";i:11;s:20:\"core\/latest-comments\";i:12;s:13:\"core\/archives\";i:13;s:15:\"core\/categories\";i:14;s:14:\"core\/shortcode\";}s:8:\"uag_flag\";b:0;s:11:\"uag_version\";s:10:\"1776869369\";s:6:\"gfonts\";a:0:{}s:10:\"gfonts_url\";s:0:\"\";s:12:\"gfonts_files\";a:0:{}s:14:\"uag_faq_layout\";b:0;}"]},"uagb_featured_image_src":{"full":["https:\/\/pophaw.com\/wp-content\/uploads\/2019\/04\/image_1-1.jpg",1600,1600,false],"thumbnail":["https:\/\/pophaw.com\/wp-content\/uploads\/2019\/04\/image_1-1-150x150.jpg",150,150,true],"medium":["https:\/\/pophaw.com\/wp-content\/uploads\/2019\/04\/image_1-1-300x300.jpg",300,300,true],"medium_large":["https:\/\/pophaw.com\/wp-content\/uploads\/2019\/04\/image_1-1-768x768.jpg",768,768,true],"large":["https:\/\/pophaw.com\/wp-content\/uploads\/2019\/04\/image_1-1-1024x1024.jpg",1024,1024,true],"ryviu-small":["https:\/\/pophaw.com\/wp-content\/uploads\/2019\/04\/image_1-1.jpg",40,40,false],"ryviu-medium":["https:\/\/pophaw.com\/wp-content\/uploads\/2019\/04\/image_1-1.jpg",132,132,false],"1536x1536":["https:\/\/pophaw.com\/wp-content\/uploads\/2019\/04\/image_1-1-1536x1536.jpg",1536,1536,true],"2048x2048":["https:\/\/pophaw.com\/wp-content\/uploads\/2019\/04\/image_1-1.jpg",1600,1600,false],"trp-custom-language-flag":["https:\/\/pophaw.com\/wp-content\/uploads\/2019\/04\/image_1-1.jpg",12,12,false],"woocommerce_thumbnail":["https:\/\/pophaw.com\/wp-content\/uploads\/2019\/04\/image_1-1-300x300.jpg",300,300,true],"woocommerce_single":["https:\/\/pophaw.com\/wp-content\/uploads\/2019\/04\/image_1-1-600x600.jpg",600,600,true],"woocommerce_gallery_thumbnail":["https:\/\/pophaw.com\/wp-content\/uploads\/2019\/04\/image_1-1-100x100.jpg",100,100,true]},"uagb_author_info":{"display_name":"Dr. Rowan","author_link":"https:\/\/pophaw.com\/de\/author\/"},"uagb_comment_info":0,"uagb_excerpt":"100 Glucometer Strips, 100 Lancets, 1 Blood Sugar Monitor, 1 Lancing Device, Portable Diabetes Testing Kit for Home Use","_links":{"self":[{"href":"https:\/\/pophaw.com\/de\/wp-json\/wp\/v2\/product\/809","targetHints":{"allow":["GET"]}}],"collection":[{"href":"https:\/\/pophaw.com\/de\/wp-json\/wp\/v2\/product"}],"about":[{"href":"https:\/\/pophaw.com\/de\/wp-json\/wp\/v2\/types\/product"}],"wp:featuredmedia":[{"embeddable":true,"href":"https:\/\/pophaw.com\/de\/wp-json\/wp\/v2\/media\/7475"}],"wp:attachment":[{"href":"https:\/\/pophaw.com\/de\/wp-json\/wp\/v2\/media?parent=809"}],"wp:term":[{"taxonomy":"product_brand","embeddable":true,"href":"https:\/\/pophaw.com\/de\/wp-json\/wp\/v2\/product_brand?post=809"},{"taxonomy":"product_cat","embeddable":true,"href":"https:\/\/pophaw.com\/de\/wp-json\/wp\/v2\/product_cat?post=809"},{"taxonomy":"product_tag","embeddable":true,"href":"https:\/\/pophaw.com\/de\/wp-json\/wp\/v2\/product_tag?post=809"}],"curies":[{"name":"wp","href":"https:\/\/api.w.org\/{rel}","templated":true}]}}