{"id":8494,"date":"2024-12-15T03:25:07","date_gmt":"2024-12-15T11:25:07","guid":{"rendered":"https:\/\/pophaw.com\/?post_type=product&#038;p=8494"},"modified":"2025-01-25T23:19:41","modified_gmt":"2025-01-26T07:19:41","slug":"ohrenschmalzentferner-mit-kamera","status":"publish","type":"product","link":"https:\/\/pophaw.com\/de\/produkt\/ohrenschmalzentferner-mit-kamera\/","title":{"rendered":"Ohrenschmalzentferner mit Kamera"},"content":{"rendered":"<div id=\"aplus_feature_div\" class=\"celwidget\" data-feature-name=\"aplus\" data-csa-c-type=\"widget\" data-csa-c-content-id=\"aplus\" data-csa-c-slot-id=\"aplus_feature_div\" data-csa-c-asin=\"\" data-csa-c-is-in-initial-active-row=\"false\" data-csa-c-id=\"x8c2ci-99gnv7-q9ttzj-ex7n1p\" data-cel-widget=\"aplus_feature_div\">\n<div id=\"aplus\" class=\"a-section a-spacing-large bucket\">\n<div class=\"aplus-v2 desktop celwidget\" data-csa-c-id=\"n5pklr-6d5ulb-irb4st-e8u4ab\" data-cel-widget=\"aplus\">\n<div class=\"celwidget aplus-module 3p-module-b aplus-standard\" data-csa-c-id=\"4gzqke-9nwmbn-p50ez6-vbi6eo\" data-cel-widget=\"aplus-3p-module-b\">\n<div class=\"aplus-module-wrapper aplus-3p-fixed-width\">\n<h3 class=\"a-spacing-mini\"><span style=\"font-size: 14pt; font-family: arial, helvetica, sans-serif; color: #000000;\">Entdecken Sie die klarere Welt mit 1080P HD Kamera Ohrenschmalz Entferner Werkzeug<\/span><\/h3>\n<p class=\"a-spacing-base\"><span style=\"font-family: arial, helvetica, sans-serif; color: #000000;\">Sind Sie es leid, sich mit l\u00e4stigen Ohrenschmalzablagerungen herumzuschlagen, die Ihr Geh\u00f6r und Ihren Komfort beeintr\u00e4chtigen? Verabschieden Sie sich von diesen Problemen mit unserem innovativen 1080P HD Kamera Ohrenschmalz-Entfernungsger\u00e4t. Dieses innovative Ger\u00e4t wurde entwickelt, um Ihnen eine problemlose und effektive L\u00f6sung f\u00fcr die Entfernung von Ohrenschmalz zu bieten und ein klares und angenehmes H\u00f6rerlebnis zu gew\u00e4hrleisten.<\/span><\/p>\n<\/div>\n<\/div>\n<div class=\"celwidget aplus-module 3p-module-b aplus-standard\" data-csa-c-id=\"x4mjll-pyfxhp-jeg6jl-vgbf3j\" data-cel-widget=\"aplus-3p-module-b\">\n<div class=\"aplus-module-wrapper aplus-3p-fixed-width\">\n<h3 class=\"a-spacing-mini\"><span style=\"font-size: 14pt; font-family: arial, helvetica, sans-serif; color: #000000;\">Ohrenschmalz-Entfernung mit HD-Kamera<\/span><\/h3>\n<p class=\"a-spacing-base\"><span style=\"font-family: arial, helvetica, sans-serif; color: #000000;\">Die Kraft der 1080P HD-Kamera Ausgestattet mit einer hochmodernen 1080P HD-Kamera bietet dieses Ger\u00e4t zur Entfernung von Ohrenschmalz eine unvergleichliche Klarheit und Pr\u00e4zision bei der Inspektion und Entfernung von Ohrenschmalz. Verabschieden Sie sich vom R\u00e4tselraten und freuen Sie sich auf kristallklare Bilder, mit denen Sie jedes Detail in Ihrem Geh\u00f6rgang sehen k\u00f6nnen.<\/span><\/p>\n<\/div>\n<\/div>\n<div class=\"celwidget aplus-module 3p-module-b aplus-standard\" data-csa-c-id=\"mzcqb8-j993gv-ud6i1-y64gas\" data-cel-widget=\"aplus-3p-module-b\">\n<div class=\"aplus-module-wrapper aplus-3p-fixed-width\">\n<h3 class=\"a-spacing-mini\"><span style=\"font-size: 14pt; font-family: arial, helvetica, sans-serif; color: #000000;\">1080P HD Kamera-Ohrkamera<\/span><\/h3>\n<p class=\"a-spacing-base\"><span style=\"font-family: arial, helvetica, sans-serif; color: #000000;\">Verbessern Sie Ihr Geh\u00f6r, erh\u00f6hen Sie Ihren Komfort Mit unserem Ohrschmalz-Reinigungsset 1080P HD Ear Scope verabschieden Sie sich von Beschwerden, die durch \u00fcbersch\u00fcssiges Ohrenschmalz verursacht werden, und freuen sich auf eine Welt mit klarem und scharfem Klang. Lassen Sie nicht zu, dass Ohrenschmalz Ihrer Lebensqualit\u00e4t im Wege steht - probieren Sie noch heute unsere Ohrenkamera mit 8 Ohrensets aus und erleben Sie den Unterschied. Investieren Sie in Ihre Ohrengesundheit und Ihr allgemeines Wohlbefinden mit dem Ear Pick mit Otoskop, der modernste Technologie mit benutzerfreundlichem Design kombiniert. Verabschieden Sie sich vom R\u00e4tselraten und begr\u00fc\u00dfen Sie eine klarere, komfortablere Welt mit unserem revolution\u00e4ren Ohrenschmalzentferner. Erleben Sie noch heute den Unterschied und setzen Sie Ihre Ohrengesundheit in den Vordergrund wie nie zuvor!<\/span><\/p>\n<\/div>\n<\/div>\n<div class=\"celwidget aplus-module 3p-module-b aplus-standard\" data-csa-c-id=\"qr8ks2-geutoe-4j13l5-qb2j8q\" data-cel-widget=\"aplus-3p-module-b\">\n<div class=\"aplus-module-wrapper aplus-3p-fixed-width\">\n<h3 class=\"a-spacing-mini\"><span style=\"font-size: 14pt; font-family: arial, helvetica, sans-serif; color: #000000;\">Integriertes All-in-One-Ohrl\u00f6ffeldesign<\/span><\/h3>\n<p class=\"a-spacing-base\"><span style=\"font-family: arial, helvetica, sans-serif; color: #000000;\">Als Reaktion auf das Problem, dass Ohrl\u00f6ffel auf dem Markt herunterfallen, haben wir das Design der Ohrkamera und des Cerumenentferners verbessert, indem wir die Kamera und den L\u00f6ffel sicher integriert haben. Dies vereinfacht die Installation und verringert das Risiko, dass die Schaufel versehentlich in Ihr Ohr f\u00e4llt. Es wird empfohlen, das Produkt nicht zu verwenden, w\u00e4hrend es aufgeladen wird.<\/span><\/p>\n<\/div>\n<\/div>\n<div class=\"celwidget aplus-module 3p-module-b aplus-standard\" data-csa-c-id=\"cldzif-bb8njq-ubdir3-ro1v3p\" data-cel-widget=\"aplus-3p-module-b\">\n<div class=\"aplus-module-wrapper aplus-3p-fixed-width\">\n<h3 class=\"a-spacing-mini\"><span style=\"font-size: 14pt; font-family: arial, helvetica, sans-serif; color: #000000;\">Ohrenschmalz-Kamera-Kit<\/span><\/h3>\n<p class=\"a-spacing-base\"><span style=\"font-family: arial, helvetica, sans-serif; color: #000000;\">Umfassende Ohrreinigungsl\u00f6sung Unser Ohrenschmalz-Entferner verf\u00fcgt \u00fcber 8 Ohrensatz-Optionen, mit denen Sie Ihr Reinigungserlebnis an Ihre Bed\u00fcrfnisse anpassen k\u00f6nnen. Egal, ob Sie eine sanfte oder eine gr\u00fcndlichere Reinigung bevorzugen, mit diesem Ger\u00e4t sind Sie bestens ger\u00fcstet. Die 6 Ohrl\u00f6ffelaufs\u00e4tze sorgen daf\u00fcr, dass Sie jeden Winkel erreichen und sich Ihre Ohren frisch und sauber anf\u00fchlen.<\/span><\/p>\n<p class=\"a-spacing-base\"><span style=\"font-family: arial, helvetica, sans-serif; color: #000000;\">Otoskop mit Licht X 1.<\/span><\/p>\n<p class=\"a-spacing-base\"><span style=\"font-family: arial, helvetica, sans-serif; color: #000000;\">Typ-C-Ladekabel X 1,<\/span><\/p>\n<p class=\"a-spacing-base\"><span style=\"font-family: arial, helvetica, sans-serif; color: #000000;\">Silikon-Ohrl\u00f6ffel X 6,<\/span><\/p>\n<p class=\"a-spacing-base\"><span style=\"font-family: arial, helvetica, sans-serif; color: #000000;\">8 St\u00fcck Ohrschmalzentfernungswerkzeug X 1<\/span><\/p>\n<p class=\"a-spacing-base\"><span style=\"font-family: arial, helvetica, sans-serif; color: #000000;\">Handbuch X 1<\/span><\/p>\n<\/div>\n<\/div>\n<div class=\"celwidget aplus-module 3p-module-b aplus-standard\" data-csa-c-id=\"mqrfen-79qpu8-eqkb2c-ukw67x\" data-cel-widget=\"aplus-3p-module-b\">\n<div class=\"aplus-module-wrapper aplus-3p-fixed-width\">\n<h3 class=\"a-spacing-mini\"><span style=\"font-size: 14pt; font-family: arial, helvetica, sans-serif; color: #000000;\">Unterst\u00fctzung von Android- und iOS-Ger\u00e4ten<\/span><\/h3>\n<p class=\"a-spacing-base\"><span style=\"font-family: arial, helvetica, sans-serif; color: #000000;\">Scannen Sie den QR-Code, um die \u201cCooleer\u201d-App herunterzuladen. Halten Sie die Ein-\/Ausschalttaste des Cerumenreinigers 1~2 Sekunden lang gedr\u00fcckt, um ihn einzuschalten, verbinden Sie das Wifi-Ger\u00e4t \u201cCooleer-xxxx\u201d und beginnen Sie mit der Verwendung. Es ist normal, dass beim Verbinden die Meldung \u201cNetzwerk nicht verf\u00fcgbar\u201d erscheint, da es keine Netzwerkunterst\u00fctzung bietet.<\/span><\/p>\n<p class=\"a-spacing-base\"><span style=\"font-family: arial, helvetica, sans-serif; color: #000000;\">Einfach zu bedienen und kompatibel Dieser Ohrreiniger mit Kamera ist sowohl mit iOS- als auch mit Android-Ger\u00e4ten kompatibel und bietet Ihnen Flexibilit\u00e4t und Benutzerfreundlichkeit. Verbinden Sie das Ger\u00e4t einfach mit Ihrem Smartphone oder Tablet, und schon k\u00f6nnen Sie mit der Ohrenschmalzentfernung beginnen.<\/span><\/p>\n<\/div>\n<\/div>\n<\/div>\n<\/div>\n<\/div>\n<div id=\"legal_feature_div\" class=\"celwidget\" data-feature-name=\"legal\" data-csa-c-type=\"widget\" data-csa-c-content-id=\"legal\" data-csa-c-slot-id=\"legal_feature_div\" data-csa-c-asin=\"\" data-csa-c-is-in-initial-active-row=\"false\" data-csa-c-id=\"czbmp-8fy1tt-6qmdwx-d55fou\" data-cel-widget=\"legal_feature_div\"><\/div>\n<div id=\"productDescription_feature_div\" class=\"celwidget\" data-feature-name=\"productDescription\" data-csa-c-type=\"widget\" data-csa-c-content-id=\"productDescription\" data-csa-c-slot-id=\"productDescription_feature_div\" data-csa-c-asin=\"\" data-csa-c-is-in-initial-active-row=\"false\" data-csa-c-id=\"pbk1t2-p4c1pg-l0f52k-fytd8z\" data-cel-widget=\"productDescription_feature_div\">\n<div><span style=\"font-family: arial, helvetica, sans-serif; color: #000000;\"><img decoding=\"async\" class=\"a-spacing-base\" src=\"https:\/\/m.media-amazon.com\/images\/S\/aplus-media-library-service-media\/74a9eeab-974a-427c-b952-b08f5c7e8e12.__CR0,0,970,600_PT0_SX970_V1___.jpg\" alt=\"Ohrreinigungs-Sets\" data-src=\"https:\/\/m.media-amazon.com\/images\/S\/aplus-media-library-service-media\/74a9eeab-974a-427c-b952-b08f5c7e8e12.__CR0,0,970,600_PT0_SX970_V1___.jpg\" \/><\/span><\/div>\n<\/div>","protected":false},"excerpt":{"rendered":"<p>Ohrenschmalz-Entferner mit 8 Ohren-Set, Ohrreiniger mit Kamera<\/p>","protected":false},"featured_media":8495,"template":"","meta":{"bwfblock_default_font":"","_uag_custom_page_level_css":"","site-sidebar-layout":"default","site-content-layout":"","ast-site-content-layout":"default","site-content-style":"default","site-sidebar-style":"default","ast-global-header-display":"","ast-banner-title-visibility":"","ast-main-header-display":"","ast-hfb-above-header-display":"","ast-hfb-below-header-display":"","ast-hfb-mobile-header-display":"","site-post-title":"","ast-breadcrumbs-content":"","ast-featured-img":"","footer-sml-layout":"","ast-disable-related-posts":"","theme-transparent-header-meta":"default","adv-header-id-meta":"","stick-header-meta":"default","header-above-stick-meta":"","header-main-stick-meta":"","header-below-stick-meta":"","astra-migrate-meta-layouts":"set","ast-page-background-enabled":"default","ast-page-background-meta":{"desktop":{"background-color":"","background-image":"","background-repeat":"repeat","background-position":"center center","background-size":"auto","background-attachment":"scroll","background-type":"","background-media":"","overlay-type":"","overlay-color":"","overlay-opacity":"","overlay-gradient":""},"tablet":{"background-color":"","background-image":"","background-repeat":"repeat","background-position":"center center","background-size":"auto","background-attachment":"scroll","background-type":"","background-media":"","overlay-type":"","overlay-color":"","overlay-opacity":"","overlay-gradient":""},"mobile":{"background-color":"","background-image":"","background-repeat":"repeat","background-position":"center center","background-size":"auto","background-attachment":"scroll","background-type":"","background-media":"","overlay-type":"","overlay-color":"","overlay-opacity":"","overlay-gradient":""}},"ast-content-background-meta":{"desktop":{"background-color":"var(--ast-global-color-5)","background-image":"","background-repeat":"repeat","background-position":"center center","background-size":"auto","background-attachment":"scroll","background-type":"","background-media":"","overlay-type":"","overlay-color":"","overlay-opacity":"","overlay-gradient":""},"tablet":{"background-color":"var(--ast-global-color-5)","background-image":"","background-repeat":"repeat","background-position":"center center","background-size":"auto","background-attachment":"scroll","background-type":"","background-media":"","overlay-type":"","overlay-color":"","overlay-opacity":"","overlay-gradient":""},"mobile":{"background-color":"var(--ast-global-color-5)","background-image":"","background-repeat":"repeat","background-position":"center center","background-size":"auto","background-attachment":"scroll","background-type":"","background-media":"","overlay-type":"","overlay-color":"","overlay-opacity":"","overlay-gradient":""}}},"product_brand":[73],"product_cat":[338,336,93,99],"product_tag":[],"class_list":{"0":"post-8494","1":"product","2":"type-product","3":"status-publish","4":"has-post-thumbnail","6":"product_brand-pophaw","7":"product_cat-personal-care","8":"product_cat-healthcare-products","9":"product_cat-hearing-vision-care","10":"product_cat-home-medical-supplies","11":"desktop-align-center","12":"tablet-align-center","13":"mobile-align-center","14":"ast-product-gallery-layout-horizontal-slider","15":"ast-magnify-disabled","16":"ast-product-tabs-layout-horizontal","18":"first","19":"instock","20":"shipping-taxable","21":"purchasable","22":"product-type-simple"},"spectra_custom_meta":{"_edit_lock":["1737875983:1"],"_edit_last":["1"],"rank_math_seo_score":["93"],"rank_math_focus_keyword":["Ear Wax Remover"],"_wp_old_slug":["ear-cleaner-with-camera"],"insight_product_options":["s:1358:\"a:38:{s:27:\"single_product_layout_style\";s:0:\"\";s:11:\"site_layout\";s:0:\"\";s:10:\"site_width\";s:0:\"\";s:16:\"site_top_spacing\";s:0:\"\";s:19:\"site_bottom_spacing\";s:0:\"\";s:10:\"site_class\";s:0:\"\";s:21:\"site_background_color\";s:0:\"\";s:21:\"site_background_image\";s:0:\"\";s:22:\"site_background_repeat\";s:9:\"no-repeat\";s:26:\"site_background_attachment\";s:0:\"\";s:24:\"site_background_position\";s:0:\"\";s:20:\"site_background_size\";s:0:\"\";s:24:\"content_background_color\";s:0:\"\";s:24:\"content_background_image\";s:0:\"\";s:25:\"content_background_repeat\";s:9:\"no-repeat\";s:27:\"content_background_position\";s:0:\"\";s:12:\"top_bar_type\";s:0:\"\";s:11:\"header_type\";s:0:\"\";s:14:\"header_overlay\";s:0:\"\";s:11:\"header_skin\";s:0:\"\";s:12:\"menu_display\";s:0:\"\";s:13:\"menu_one_page\";s:1:\"0\";s:16:\"custom_dark_logo\";s:0:\"\";s:17:\"custom_light_logo\";s:0:\"\";s:17:\"custom_logo_width\";s:0:\"\";s:24:\"custom_sticky_logo_width\";s:0:\"\";s:21:\"page_title_bar_layout\";s:0:\"\";s:29:\"page_title_bar_bottom_spacing\";s:0:\"\";s:31:\"page_title_bar_background_color\";s:0:\"\";s:25:\"page_title_bar_background\";s:0:\"\";s:33:\"page_title_bar_background_overlay\";s:0:\"\";s:29:\"page_title_bar_custom_heading\";s:0:\"\";s:14:\"page_sidebar_1\";s:7:\"default\";s:14:\"page_sidebar_2\";s:7:\"default\";s:21:\"page_sidebar_position\";s:7:\"default\";s:17:\"revolution_slider\";s:0:\"\";s:15:\"slider_position\";s:5:\"below\";s:13:\"footer_enable\";s:0:\"\";}\";"],"_admin_notes":["https:\/\/www.ebay.com\/itm\/364969902261"],"_sku":["EB218009"],"_regular_price":["16.99"],"total_sales":["0"],"_tax_status":["taxable"],"_tax_class":[""],"_manage_stock":["no"],"_backorders":["no"],"_sold_individually":["no"],"_virtual":["no"],"_downloadable":["no"],"_download_limit":["-1"],"_download_expiry":["-1"],"_stock":[null],"_stock_status":["instock"],"_wc_average_rating":["0"],"_wc_review_count":["0"],"_product_version":["9.6.0"],"_price":["16.99"],"rank_math_primary_product_brand":["73"],"rank_math_primary_product_cat":["338"],"rank_math_analytic_object_id":["140"],"rank_math_og_content_image":["a:2:{s:5:\"check\";s:32:\"7124ab62008e7d78767919854b33fb6c\";s:6:\"images\";a:0:{}}"],"_thumbnail_id":["8495"],"_product_image_gallery":["8496,8497,8498,8499,8500,8501"],"_wc_gla_synced_at":["1776049266"],"_wc_gla_sync_status":["synced"],"_wc_gla_visibility":["sync-and-show"],"_wc_gla_google_ids":["a:1:{s:2:\"US\";s:21:\"online:en:US:gla_8494\";}"],"fb_product_item_id":["9498492986868860"],"_custom_product_field":[""],"_global_unique_id":["10888621914077"],"_wc_facebook_sync_enabled":["yes"],"fb_visibility":["yes"],"fb_product_description":[""],"_wc_facebook_product_image_source":["product"],"_wc_facebook_commerce_enabled":["no"],"rank_math_primary_fb_product_set":["0"],"site-sidebar-layout":["default"],"ast-site-content-layout":["default"],"site-content-style":["default"],"site-sidebar-style":["default"],"theme-transparent-header-meta":["default"],"astra-migrate-meta-layouts":["set"],"stick-header-meta":["default"],"wp_statistics_words_count":["484"],"wpil_sync_report3":["1"],"wpil_links_inbound_internal_count":["0"],"wpil_links_inbound_internal_count_data":["eJxLtDKwqq4FAAZPAf4="],"wpil_links_outbound_internal_count":["0"],"wpil_links_outbound_internal_count_data":["eJxLtDKwqq4FAAZPAf4="],"wpil_links_outbound_external_count":["0"],"wpil_links_outbound_external_count_data":["eJxLtDKwqq4FAAZPAf4="],"wpil_sync_report2_time":["2025-01-27T07:29:11+00:00"],"omnisend_last_sync":["2025-05-16T11:05:10+00:00"],"surerank_settings_general":["a:7:{s:9:\"separator\";s:1:\"-\";s:10:\"page_title\";s:21:\"%title% - %site_name%\";s:25:\"auto_generate_description\";b:1;s:16:\"page_description\";s:9:\"%excerpt%\";s:16:\"auto_description\";s:153:\"Discover the Clearer World with 1080P HD Camera Ear Wax Remover Tool Are you tired of dealing with annoying ear wax buildup that affects your hearing and\";s:14:\"fallback_image\";s:0:\"\";s:13:\"canonical_url\";s:60:\"https:\/\/pophaw.com\/product\/ear-wax-remover-tool-with-camera\/\";}"],"surerank_settings_post_no_index":["no"],"surerank_settings_post_no_follow":["no"],"surerank_settings_post_no_archive":["no"],"surerank_settings_social":["a:23:{s:15:\"open_graph_tags\";b:1;s:18:\"facebook_meta_tags\";b:1;s:17:\"twitter_meta_tags\";b:1;s:16:\"oembeded_scripts\";b:1;s:17:\"oembeded_og_title\";b:1;s:22:\"oembeded_social_images\";b:1;s:27:\"oembeded_remove_author_name\";b:1;s:17:\"facebook_page_url\";s:54:\"https:\/\/www.facebook.com\/profile.php?id=61571207938497\";s:24:\"facebook_author_fallback\";s:0:\"\";s:17:\"twitter_card_type\";s:19:\"summary_large_image\";s:24:\"twitter_same_as_facebook\";b:1;s:24:\"twitter_profile_username\";s:0:\"\";s:24:\"twitter_profile_fallback\";s:0:\"\";s:14:\"facebook_title\";s:21:\"%title% - %site_name%\";s:20:\"facebook_description\";s:9:\"%content%\";s:18:\"facebook_image_url\";s:52:\"https:\/\/pophaw.com\/wp-content\/uploads\/2024\/12\/1.webp\";s:17:\"facebook_image_id\";i:8495;s:20:\"facebook_image_width\";i:1432;s:21:\"facebook_image_height\";i:1500;s:13:\"twitter_title\";s:21:\"%title% - %site_name%\";s:19:\"twitter_description\";s:9:\"%content%\";s:17:\"twitter_image_url\";s:52:\"https:\/\/pophaw.com\/wp-content\/uploads\/2024\/12\/1.webp\";s:16:\"twitter_image_id\";i:8495;}"],"surerank_migration":["1"],"astra_style_timestamp_css":["1776904725"],"wwpp_product_wholesale_visibility_filter":["all"],"_uag_css_file_name":["uag-css-8494.css"],"rank_math_internal_links_processed":["1"],"_uag_page_assets":["a:9:{s:3:\"css\";s:260:\".uag-blocks-common-selector{z-index:var(--z-index-desktop) !important}@media(max-width: 976px){.uag-blocks-common-selector{z-index:var(--z-index-tablet) !important}}@media(max-width: 767px){.uag-blocks-common-selector{z-index:var(--z-index-mobile) !important}}\";s:2:\"js\";s:0:\"\";s:18:\"current_block_list\";a:15:{i:0;s:23:\"surecart\/slide-out-cart\";i:1;s:30:\"surecart\/slide-out-cart-header\";i:2;s:29:\"surecart\/slide-out-cart-items\";i:3;s:30:\"surecart\/slide-out-cart-coupon\";i:4;s:32:\"surecart\/slide-out-cart-subtotal\";i:5;s:38:\"surecart\/slide-out-cart-bump-line-item\";i:6;s:30:\"surecart\/slide-out-cart-submit\";i:7;s:11:\"core\/search\";i:8;s:10:\"core\/group\";i:9;s:12:\"core\/heading\";i:10;s:17:\"core\/latest-posts\";i:11;s:20:\"core\/latest-comments\";i:12;s:13:\"core\/archives\";i:13;s:15:\"core\/categories\";i:14;s:14:\"core\/shortcode\";}s:8:\"uag_flag\";b:0;s:11:\"uag_version\";s:10:\"1776869369\";s:6:\"gfonts\";a:0:{}s:10:\"gfonts_url\";s:0:\"\";s:12:\"gfonts_files\";a:0:{}s:14:\"uag_faq_layout\";b:0;}"],"_wc_gla_mc_status":["approved"]},"uagb_featured_image_src":{"full":["https:\/\/pophaw.com\/wp-content\/uploads\/2024\/12\/1.webp",1432,1500,false],"thumbnail":["https:\/\/pophaw.com\/wp-content\/uploads\/2024\/12\/1.webp",143,150,false],"medium":["https:\/\/pophaw.com\/wp-content\/uploads\/2024\/12\/1.webp",286,300,false],"medium_large":["https:\/\/pophaw.com\/wp-content\/uploads\/2024\/12\/1.webp",768,804,false],"large":["https:\/\/pophaw.com\/wp-content\/uploads\/2024\/12\/1.webp",978,1024,false],"ryviu-small":["https:\/\/pophaw.com\/wp-content\/uploads\/2024\/12\/1.webp",38,40,false],"ryviu-medium":["https:\/\/pophaw.com\/wp-content\/uploads\/2024\/12\/1.webp",126,132,false],"1536x1536":["https:\/\/pophaw.com\/wp-content\/uploads\/2024\/12\/1.webp",1432,1500,false],"2048x2048":["https:\/\/pophaw.com\/wp-content\/uploads\/2024\/12\/1.webp",1432,1500,false],"trp-custom-language-flag":["https:\/\/pophaw.com\/wp-content\/uploads\/2024\/12\/1.webp",11,12,false],"woocommerce_thumbnail":["https:\/\/pophaw.com\/wp-content\/uploads\/2024\/12\/1-300x300.webp",300,300,true],"woocommerce_single":["https:\/\/pophaw.com\/wp-content\/uploads\/2024\/12\/1-600x628.webp",600,628,true],"woocommerce_gallery_thumbnail":["https:\/\/pophaw.com\/wp-content\/uploads\/2024\/12\/1-100x100.webp",100,100,true]},"uagb_author_info":{"display_name":"Dr. Rowan","author_link":"https:\/\/pophaw.com\/de\/author\/"},"uagb_comment_info":0,"uagb_excerpt":"Ear Wax Remover Tool with 8 Ear Set, Ear Cleaner with Camera","_links":{"self":[{"href":"https:\/\/pophaw.com\/de\/wp-json\/wp\/v2\/product\/8494","targetHints":{"allow":["GET"]}}],"collection":[{"href":"https:\/\/pophaw.com\/de\/wp-json\/wp\/v2\/product"}],"about":[{"href":"https:\/\/pophaw.com\/de\/wp-json\/wp\/v2\/types\/product"}],"wp:featuredmedia":[{"embeddable":true,"href":"https:\/\/pophaw.com\/de\/wp-json\/wp\/v2\/media\/8495"}],"wp:attachment":[{"href":"https:\/\/pophaw.com\/de\/wp-json\/wp\/v2\/media?parent=8494"}],"wp:term":[{"taxonomy":"product_brand","embeddable":true,"href":"https:\/\/pophaw.com\/de\/wp-json\/wp\/v2\/product_brand?post=8494"},{"taxonomy":"product_cat","embeddable":true,"href":"https:\/\/pophaw.com\/de\/wp-json\/wp\/v2\/product_cat?post=8494"},{"taxonomy":"product_tag","embeddable":true,"href":"https:\/\/pophaw.com\/de\/wp-json\/wp\/v2\/product_tag?post=8494"}],"curies":[{"name":"wp","href":"https:\/\/api.w.org\/{rel}","templated":true}]}}