{"id":8504,"date":"2024-12-15T03:48:40","date_gmt":"2024-12-15T11:48:40","guid":{"rendered":"https:\/\/pophaw.com\/?post_type=product&#038;p=8504"},"modified":"2025-01-25T23:19:52","modified_gmt":"2025-01-26T07:19:52","slug":"wellue-o2ring-oximeter","status":"publish","type":"product","link":"https:\/\/pophaw.com\/de\/produkt\/wellue-o2ring-oximeter\/","title":{"rendered":"Wellue O2Ring Oximeter Kontinuierlicher Sauerstoffmonitor"},"content":{"rendered":"<p><span style=\"font-family: arial, helvetica, sans-serif; color: #000000;\">Wenn Sie den Wellue O2Ring tragen, beginnt er automatisch damit, Ihre Blutsauerstoffs\u00e4ttigung, Ihre Pulsfrequenz und Ihre K\u00f6rperbewegung \u00fcber Nacht kontinuierlich zu messen.<\/span><\/p>\n<ul>\n<li><span style=\"font-family: arial, helvetica, sans-serif; color: #000000;\">MODELL\uff1aO2Ring<\/span><\/li>\n<li><span style=\"font-family: arial, helvetica, sans-serif; color: #000000;\">Ringma\u00df: 2,0\u201d - 3,2\u201d\/ 50-82mm<\/span><\/li>\n<li><span style=\"font-family: arial, helvetica, sans-serif; color: #000000;\">GEWICHT: 15 g \/ 0,53 oz<\/span><\/li>\n<li><span style=\"font-family: arial, helvetica, sans-serif; color: #000000;\">GER\u00c4TEABMESSUNGEN: 1,5\u201d x 1,2\u201d x 1,5\u201d<\/span><\/li>\n<li><span style=\"font-family: arial, helvetica, sans-serif; color: #000000;\">GRAD DER STAUB- UND WASSERBELASTUNG<\/span><\/li>\n<li><span style=\"font-family: arial, helvetica, sans-serif; color: #000000;\">WIDERSTAND\uff1aIP24<\/span><\/li>\n<li><span style=\"font-family: arial, helvetica, sans-serif; color: #000000;\">BATTERIE Lebensdauer: Wiederaufladbares Lithium-Polymer, 3,7 Vdc; 16 Stunden bei normalem Gebrauch<\/span><\/li>\n<li><span style=\"font-family: arial, helvetica, sans-serif; color: #000000;\">LADEDauer: 2-3 Stunden<\/span><\/li>\n<li><span style=\"font-family: arial, helvetica, sans-serif; color: #000000;\">WIRELESS: Bluetooth 4.0 BLE<\/span><\/li>\n<li><span style=\"font-family: arial, helvetica, sans-serif; color: #000000;\">Eingebauter Speicher: 4 Sitzungen, bis zu 10 Stunden f\u00fcr jede Sitzung<\/span><\/li>\n<li><span style=\"font-family: arial, helvetica, sans-serif; color: #000000;\">AUFGEZEICHNETE PARAMETER: Sauerstoffgehalt, Pulsfrequenz, Bewegung<\/span><\/li>\n<li><span style=\"font-family: arial, helvetica, sans-serif; color: #000000;\">BEREICH SAUERSTOFFGEHALT: 70%-99%<\/span><\/li>\n<li><span style=\"font-family: arial, helvetica, sans-serif; color: #000000;\">PULSFREQUENZ Bereich: 30 bis 250 bpm<\/span><\/li>\n<li><span style=\"font-family: arial, helvetica, sans-serif; color: #000000;\">SPO2 GENAUIGKEIT: 80%-99%: \u00b12% 70%-79%: \u00b13%<\/span><\/li>\n<li><span style=\"font-family: arial, helvetica, sans-serif; color: #000000;\">Pulsfrequenz-Genauigkeit:\u00b12 bpm oder \u00b12%<\/span><\/li>\n<li><span style=\"font-family: arial, helvetica, sans-serif; color: #000000;\">MESSINTERVALL\uff1a1S<\/span><\/li>\n<li><span style=\"font-family: arial, helvetica, sans-serif; color: #000000;\">ANZEIGEINTERVALL IN DER APP-DATENTABELLE 4S<\/span><\/li>\n<li><span style=\"font-family: arial, helvetica, sans-serif; color: #000000;\">KOMPATIBLES COMPUTERSYSTEM: Windows 7\/8\/10; macOS 10.15.3 oder h\u00f6her<\/span><\/li>\n<li><span style=\"font-family: arial, helvetica, sans-serif; color: #000000;\">KOMPATIBEL MIT: iOS 9.0 oder h\u00f6her, iPhone 4s\/iPad 3 oder h\u00f6her; Android 5.0 oder h\u00f6her, mit Bluetooth 4.0 BLE<\/span><\/li>\n<\/ul>\n<div><span style=\"color: #000000;\"><strong><span style=\"font-family: arial, helvetica, sans-serif; font-size: 14pt;\">\u00dcber den Artikel<\/span><\/strong><\/span><\/div>\n<div><span style=\"font-family: arial, helvetica, sans-serif; color: #000000;\">\u2705\u3010Kontinuierliche \u00dcberwachung\u3011 Wellue O2Ring kann kontinuierlich Ihre Blutsauerstoffs\u00e4ttigung und Herzfrequenz \u00fcberwachen, Trendberichte auf APP oder PC-Software generieren, und intuitive Berichte zeigen Ihren Gesundheitszustand im Detail. Sie k\u00f6nnen Ihre Berichte in PDF\/CSV-Form teilen.<\/span><br \/>\n<span style=\"font-family: arial, helvetica, sans-serif; color: #000000;\">\u2705\u3010Smart Notification\u3011Wellue O2Ring benachrichtigt Sie durch Vibration Ihres Fingers oder Piepton auf Ihrem Telefon (bei Verbindung); wenn es eine abnormale Sauerstoffs\u00e4ttigung oder Herzfrequenz erkennt, dann k\u00f6nnen Sie eine Pause machen, um sich zu erholen. Sie k\u00f6nnen den Schwellenwert in der APP einstellen.<\/span><br \/>\n<span style=\"font-family: arial, helvetica, sans-serif; color: #000000;\">\u2705\u3010Wearability &amp; Portability\u3011Der patentierte Ringsensor aus weichem Silikon befreit Ihren Finger vollst\u00e4ndig und sorgt f\u00fcr genaue Messungen; er rutscht nie vom Finger. Sie k\u00f6nnen Ihren Gesundheitszustand jederzeit und \u00fcberall \u00fcberpr\u00fcfen. Es ist der leichteste und kleinste Sauerstoffmonitor.<\/span><br \/>\n<span style=\"font-family: arial, helvetica, sans-serif; color: #000000;\">\u2705\u3010Intelligentes Datenmanagement\u3011Der eingebaute Speicher kann es erm\u00f6glichen, unabh\u00e4ngig ohne ein Telefon zu arbeiten. Die Daten werden automatisch mit Ihrer APP synchronisiert, wenn Sie mit Ihrem Telefon verbunden sind, und Sie k\u00f6nnen die Daten auch mit Ihrem PC \u00fcber das mitgelieferte Kabel synchronisieren. Unbegrenzter Speicherplatz ohne zus\u00e4tzliche Kosten.<\/span><br \/>\n<span style=\"font-family: arial, helvetica, sans-serif; color: #000000;\">\u2705\u3010Hinweis\u3011Genaue Messwerte werden innerhalb von 10 Sekunden angezeigt, nachdem Sie mit dem Training aufgeh\u00f6rt haben und sich beruhigt haben. Es wird \u201c-\u201d angezeigt, wenn sich Ihr Finger zu sehr bewegt.<\/span><br \/>\n<span style=\"font-family: arial, helvetica, sans-serif; color: #000000;\">\u2705Hinweis: Es ist kein medizinisches Ger\u00e4t. Dieses Ger\u00e4t ist nur f\u00fcr den Sport- und Luftfahrtgebrauch und nicht f\u00fcr den medizinischen Gebrauch bestimmt.<\/span><\/div>\n<div><\/div>\n<div><\/div>\n<div><span style=\"font-family: arial, helvetica, sans-serif; color: #000000; font-size: 14pt;\"><strong>Paket enthalten<\/strong><\/span><\/div>\n<ul>\n<li><span style=\"font-family: arial, helvetica, sans-serif; color: #000000;\">1X O2Ring Pulsoximeter<\/span><\/li>\n<li><span style=\"font-family: arial, helvetica, sans-serif; color: #000000;\">1X Micro-USB-Kabel<\/span><\/li>\n<li><span style=\"font-family: arial, helvetica, sans-serif; color: #000000;\">1X Benutzerhandbuch<\/span><\/li>\n<\/ul>\n<p>&nbsp;<\/p>","protected":false},"excerpt":{"rendered":"<p>Verfolgen Sie Ihr Sauerstoffniveau jede Sekunde mit O2Ring<\/p>","protected":false},"featured_media":8506,"template":"","meta":{"bwfblock_default_font":"","_uag_custom_page_level_css":"","site-sidebar-layout":"default","site-content-layout":"","ast-site-content-layout":"default","site-content-style":"default","site-sidebar-style":"default","ast-global-header-display":"","ast-banner-title-visibility":"","ast-main-header-display":"","ast-hfb-above-header-display":"","ast-hfb-below-header-display":"","ast-hfb-mobile-header-display":"","site-post-title":"","ast-breadcrumbs-content":"","ast-featured-img":"","footer-sml-layout":"","ast-disable-related-posts":"","theme-transparent-header-meta":"default","adv-header-id-meta":"","stick-header-meta":"default","header-above-stick-meta":"","header-main-stick-meta":"","header-below-stick-meta":"","astra-migrate-meta-layouts":"set","ast-page-background-enabled":"default","ast-page-background-meta":{"desktop":{"background-color":"","background-image":"","background-repeat":"repeat","background-position":"center center","background-size":"auto","background-attachment":"scroll","background-type":"","background-media":"","overlay-type":"","overlay-color":"","overlay-opacity":"","overlay-gradient":""},"tablet":{"background-color":"","background-image":"","background-repeat":"repeat","background-position":"center center","background-size":"auto","background-attachment":"scroll","background-type":"","background-media":"","overlay-type":"","overlay-color":"","overlay-opacity":"","overlay-gradient":""},"mobile":{"background-color":"","background-image":"","background-repeat":"repeat","background-position":"center center","background-size":"auto","background-attachment":"scroll","background-type":"","background-media":"","overlay-type":"","overlay-color":"","overlay-opacity":"","overlay-gradient":""}},"ast-content-background-meta":{"desktop":{"background-color":"var(--ast-global-color-5)","background-image":"","background-repeat":"repeat","background-position":"center center","background-size":"auto","background-attachment":"scroll","background-type":"","background-media":"","overlay-type":"","overlay-color":"","overlay-opacity":"","overlay-gradient":""},"tablet":{"background-color":"var(--ast-global-color-5)","background-image":"","background-repeat":"repeat","background-position":"center center","background-size":"auto","background-attachment":"scroll","background-type":"","background-media":"","overlay-type":"","overlay-color":"","overlay-opacity":"","overlay-gradient":""},"mobile":{"background-color":"var(--ast-global-color-5)","background-image":"","background-repeat":"repeat","background-position":"center center","background-size":"auto","background-attachment":"scroll","background-type":"","background-media":"","overlay-type":"","overlay-color":"","overlay-opacity":"","overlay-gradient":""}}},"product_brand":[229],"product_cat":[339,336,99,305,312,190],"product_tag":[],"class_list":{"0":"post-8504","1":"product","2":"type-product","3":"status-publish","4":"has-post-thumbnail","6":"product_brand-wellue","7":"product_cat-monitoring","8":"product_cat-healthcare-products","9":"product_cat-home-medical-supplies","10":"product_cat-respiratory-care-products","11":"product_cat-respiratory-monitors","12":"product_cat-wellness-monitoring","13":"desktop-align-center","14":"tablet-align-center","15":"mobile-align-center","16":"ast-product-gallery-layout-horizontal-slider","17":"ast-magnify-disabled","18":"ast-product-tabs-layout-horizontal","20":"first","21":"instock","22":"shipping-taxable","23":"purchasable","24":"product-type-simple"},"spectra_custom_meta":{"_edit_lock":["1737875994:1"],"_edit_last":["1"],"total_sales":["0"],"_tax_status":["taxable"],"_tax_class":[""],"_manage_stock":["no"],"_backorders":["no"],"_sold_individually":["no"],"_virtual":["no"],"_downloadable":["no"],"_download_limit":["-1"],"_download_expiry":["-1"],"_stock":[null],"_stock_status":["instock"],"_wc_average_rating":["4.67"],"_wc_review_count":["3"],"_product_version":["9.6.0"],"rank_math_seo_score":["90"],"insight_product_options":["s:1358:\"a:38:{s:27:\"single_product_layout_style\";s:0:\"\";s:11:\"site_layout\";s:0:\"\";s:10:\"site_width\";s:0:\"\";s:16:\"site_top_spacing\";s:0:\"\";s:19:\"site_bottom_spacing\";s:0:\"\";s:10:\"site_class\";s:0:\"\";s:21:\"site_background_color\";s:0:\"\";s:21:\"site_background_image\";s:0:\"\";s:22:\"site_background_repeat\";s:9:\"no-repeat\";s:26:\"site_background_attachment\";s:0:\"\";s:24:\"site_background_position\";s:0:\"\";s:20:\"site_background_size\";s:0:\"\";s:24:\"content_background_color\";s:0:\"\";s:24:\"content_background_image\";s:0:\"\";s:25:\"content_background_repeat\";s:9:\"no-repeat\";s:27:\"content_background_position\";s:0:\"\";s:12:\"top_bar_type\";s:0:\"\";s:11:\"header_type\";s:0:\"\";s:14:\"header_overlay\";s:0:\"\";s:11:\"header_skin\";s:0:\"\";s:12:\"menu_display\";s:0:\"\";s:13:\"menu_one_page\";s:1:\"0\";s:16:\"custom_dark_logo\";s:0:\"\";s:17:\"custom_light_logo\";s:0:\"\";s:17:\"custom_logo_width\";s:0:\"\";s:24:\"custom_sticky_logo_width\";s:0:\"\";s:21:\"page_title_bar_layout\";s:0:\"\";s:29:\"page_title_bar_bottom_spacing\";s:0:\"\";s:31:\"page_title_bar_background_color\";s:0:\"\";s:25:\"page_title_bar_background\";s:0:\"\";s:33:\"page_title_bar_background_overlay\";s:0:\"\";s:29:\"page_title_bar_custom_heading\";s:0:\"\";s:14:\"page_sidebar_1\";s:7:\"default\";s:14:\"page_sidebar_2\";s:7:\"default\";s:21:\"page_sidebar_position\";s:7:\"default\";s:17:\"revolution_slider\";s:0:\"\";s:15:\"slider_position\";s:5:\"below\";s:13:\"footer_enable\";s:0:\"\";}\";"],"_admin_notes":["https:\/\/www.ebay.com\/itm\/394116446729"],"rank_math_primary_product_brand":["0"],"rank_math_primary_product_cat":["339"],"rank_math_analytic_object_id":["141"],"_custom_product_field":["Condition: Seller refurbished"],"_sku":["EB218010"],"_regular_price":["98"],"_price":["98"],"rank_math_focus_keyword":["Wellue O2Ring"],"rank_math_description":["Wearing the Wellue O2Ring, it will automatically start tracking your overnight blood oxygen saturation, pulse rate, and body movement continuously."],"_thumbnail_id":["8506"],"_product_image_gallery":["8507,8508,8509,8510,8511"],"_wc_rating_count":["a:2:{i:4;i:1;i:5;i:2;}"],"_wc_gla_synced_at":["1776049266"],"_wc_gla_sync_status":["synced"],"_wc_gla_visibility":["sync-and-show"],"_wc_gla_google_ids":["a:1:{s:2:\"US\";s:21:\"online:en:US:gla_8504\";}"],"fb_product_item_id":["8916604658392473"],"_global_unique_id":["10888621914084"],"_wc_facebook_sync_enabled":["yes"],"fb_visibility":["yes"],"fb_product_description":[""],"_wc_facebook_product_image_source":["product"],"_wc_facebook_commerce_enabled":["no"],"rank_math_primary_fb_product_set":["0"],"site-sidebar-layout":["default"],"ast-site-content-layout":["default"],"site-content-style":["default"],"site-sidebar-style":["default"],"theme-transparent-header-meta":["default"],"stick-header-meta":["default"],"classic-editor-remember":["classic-editor"],"rank_math_auto_redirect":["a:1:{i:0;i:54;}"],"_wp_old_slug":["o2ring-oximeter-continuous-oxygen-monitor"],"astra-migrate-meta-layouts":["set"],"wp_statistics_words_count":["366"],"wpil_sync_report3":["1"],"wpil_links_inbound_internal_count":["0"],"wpil_links_inbound_internal_count_data":["eJxLtDKwqq4FAAZPAf4="],"wpil_links_outbound_internal_count":["0"],"wpil_links_outbound_internal_count_data":["eJxLtDKwqq4FAAZPAf4="],"wpil_links_outbound_external_count":["0"],"wpil_links_outbound_external_count_data":["eJxLtDKwqq4FAAZPAf4="],"wpil_sync_report2_time":["2025-01-27T07:29:11+00:00"],"omnisend_last_sync":["2025-05-16T11:05:10+00:00"],"surerank_settings_general":["a:7:{s:9:\"separator\";s:1:\"-\";s:10:\"page_title\";s:21:\"%title% - %site_name%\";s:25:\"auto_generate_description\";b:1;s:16:\"page_description\";s:147:\"Wearing the Wellue O2Ring, it will automatically start tracking your overnight blood oxygen saturation, pulse rate, and body movement continuously.\";s:16:\"auto_description\";s:157:\"Wearing the Wellue O2Ring, it will automatically start tracking your overnight blood oxygen saturation, pulse rate, and body movement continuously. About the\";s:14:\"fallback_image\";s:0:\"\";s:13:\"canonical_url\";s:50:\"https:\/\/pophaw.com\/product\/wellue-o2ring-oximeter\/\";}"],"surerank_settings_post_no_index":["no"],"surerank_settings_post_no_follow":["no"],"surerank_settings_post_no_archive":["no"],"surerank_settings_social":["a:23:{s:15:\"open_graph_tags\";b:1;s:18:\"facebook_meta_tags\";b:1;s:17:\"twitter_meta_tags\";b:1;s:16:\"oembeded_scripts\";b:1;s:17:\"oembeded_og_title\";b:1;s:22:\"oembeded_social_images\";b:1;s:27:\"oembeded_remove_author_name\";b:1;s:17:\"facebook_page_url\";s:54:\"https:\/\/www.facebook.com\/profile.php?id=61571207938497\";s:24:\"facebook_author_fallback\";s:0:\"\";s:17:\"twitter_card_type\";s:19:\"summary_large_image\";s:24:\"twitter_same_as_facebook\";b:1;s:24:\"twitter_profile_username\";s:0:\"\";s:24:\"twitter_profile_fallback\";s:0:\"\";s:14:\"facebook_title\";s:21:\"%title% - %site_name%\";s:20:\"facebook_description\";s:9:\"%content%\";s:18:\"facebook_image_url\";s:60:\"https:\/\/pophaw.com\/wp-content\/uploads\/2024\/12\/image_1-4.webp\";s:17:\"facebook_image_id\";i:8506;s:20:\"facebook_image_width\";i:1600;s:21:\"facebook_image_height\";i:1600;s:13:\"twitter_title\";s:21:\"%title% - %site_name%\";s:19:\"twitter_description\";s:9:\"%content%\";s:17:\"twitter_image_url\";s:60:\"https:\/\/pophaw.com\/wp-content\/uploads\/2024\/12\/image_1-4.webp\";s:16:\"twitter_image_id\";i:8506;}"],"surerank_migration":["1"],"astra_style_timestamp_css":["1776900769"],"wwpp_product_wholesale_visibility_filter":["all"],"_uag_css_file_name":["uag-css-8504.css"],"rank_math_internal_links_processed":["1"],"_wc_gla_mc_status":["approved"],"_uag_page_assets":["a:9:{s:3:\"css\";s:260:\".uag-blocks-common-selector{z-index:var(--z-index-desktop) !important}@media(max-width: 976px){.uag-blocks-common-selector{z-index:var(--z-index-tablet) !important}}@media(max-width: 767px){.uag-blocks-common-selector{z-index:var(--z-index-mobile) !important}}\";s:2:\"js\";s:0:\"\";s:18:\"current_block_list\";a:15:{i:0;s:23:\"surecart\/slide-out-cart\";i:1;s:30:\"surecart\/slide-out-cart-header\";i:2;s:29:\"surecart\/slide-out-cart-items\";i:3;s:30:\"surecart\/slide-out-cart-coupon\";i:4;s:32:\"surecart\/slide-out-cart-subtotal\";i:5;s:38:\"surecart\/slide-out-cart-bump-line-item\";i:6;s:30:\"surecart\/slide-out-cart-submit\";i:7;s:11:\"core\/search\";i:8;s:10:\"core\/group\";i:9;s:12:\"core\/heading\";i:10;s:17:\"core\/latest-posts\";i:11;s:20:\"core\/latest-comments\";i:12;s:13:\"core\/archives\";i:13;s:15:\"core\/categories\";i:14;s:14:\"core\/shortcode\";}s:8:\"uag_flag\";b:0;s:11:\"uag_version\";s:10:\"1776869369\";s:6:\"gfonts\";a:0:{}s:10:\"gfonts_url\";s:0:\"\";s:12:\"gfonts_files\";a:0:{}s:14:\"uag_faq_layout\";b:0;}"]},"uagb_featured_image_src":{"full":["https:\/\/pophaw.com\/wp-content\/uploads\/2024\/12\/image_1-4.webp",1600,1600,false],"thumbnail":["https:\/\/pophaw.com\/wp-content\/uploads\/2024\/12\/image_1-4-150x150.webp",150,150,true],"medium":["https:\/\/pophaw.com\/wp-content\/uploads\/2024\/12\/image_1-4-300x300.webp",300,300,true],"medium_large":["https:\/\/pophaw.com\/wp-content\/uploads\/2024\/12\/image_1-4-768x768.webp",768,768,true],"large":["https:\/\/pophaw.com\/wp-content\/uploads\/2024\/12\/image_1-4-1024x1024.webp",1024,1024,true],"ryviu-small":["https:\/\/pophaw.com\/wp-content\/uploads\/2024\/12\/image_1-4.webp",40,40,false],"ryviu-medium":["https:\/\/pophaw.com\/wp-content\/uploads\/2024\/12\/image_1-4.webp",132,132,false],"1536x1536":["https:\/\/pophaw.com\/wp-content\/uploads\/2024\/12\/image_1-4-1536x1536.webp",1536,1536,true],"2048x2048":["https:\/\/pophaw.com\/wp-content\/uploads\/2024\/12\/image_1-4.webp",1600,1600,false],"trp-custom-language-flag":["https:\/\/pophaw.com\/wp-content\/uploads\/2024\/12\/image_1-4.webp",12,12,false],"woocommerce_thumbnail":["https:\/\/pophaw.com\/wp-content\/uploads\/2024\/12\/image_1-4-300x300.webp",300,300,true],"woocommerce_single":["https:\/\/pophaw.com\/wp-content\/uploads\/2024\/12\/image_1-4-600x600.webp",600,600,true],"woocommerce_gallery_thumbnail":["https:\/\/pophaw.com\/wp-content\/uploads\/2024\/12\/image_1-4-100x100.webp",100,100,true]},"uagb_author_info":{"display_name":"Dr. Rowan","author_link":"https:\/\/pophaw.com\/de\/author\/"},"uagb_comment_info":3,"uagb_excerpt":"Track Your Oxygen Level Every Second with O2Ring","_links":{"self":[{"href":"https:\/\/pophaw.com\/de\/wp-json\/wp\/v2\/product\/8504","targetHints":{"allow":["GET"]}}],"collection":[{"href":"https:\/\/pophaw.com\/de\/wp-json\/wp\/v2\/product"}],"about":[{"href":"https:\/\/pophaw.com\/de\/wp-json\/wp\/v2\/types\/product"}],"wp:featuredmedia":[{"embeddable":true,"href":"https:\/\/pophaw.com\/de\/wp-json\/wp\/v2\/media\/8506"}],"wp:attachment":[{"href":"https:\/\/pophaw.com\/de\/wp-json\/wp\/v2\/media?parent=8504"}],"wp:term":[{"taxonomy":"product_brand","embeddable":true,"href":"https:\/\/pophaw.com\/de\/wp-json\/wp\/v2\/product_brand?post=8504"},{"taxonomy":"product_cat","embeddable":true,"href":"https:\/\/pophaw.com\/de\/wp-json\/wp\/v2\/product_cat?post=8504"},{"taxonomy":"product_tag","embeddable":true,"href":"https:\/\/pophaw.com\/de\/wp-json\/wp\/v2\/product_tag?post=8504"}],"curies":[{"name":"wp","href":"https:\/\/api.w.org\/{rel}","templated":true}]}}