{"id":8899,"date":"2024-12-20T06:07:28","date_gmt":"2024-12-20T14:07:28","guid":{"rendered":"https:\/\/pophaw.com\/?post_type=product&#038;p=8899"},"modified":"2025-01-25T23:20:09","modified_gmt":"2025-01-26T07:20:09","slug":"digitales-blutdruckmessgerat-fur-das-handgelenk","status":"publish","type":"product","link":"https:\/\/pophaw.com\/de\/produkt\/digitales-blutdruckmessgerat-fur-das-handgelenk\/","title":{"rendered":"Digitales Blutdruckmessger\u00e4t f\u00fcr das Handgelenk"},"content":{"rendered":"<p><span style=\"color: #000000;\">Warum ist ein digitales Blutdruckmessger\u00e4t f\u00fcr das Handgelenk so wichtig? Bluthochdruck ist ein bedeutender kardiovaskul\u00e4rer Risikofaktor. T\u00e4gliche Messungen k\u00f6nnen Ihnen helfen zu verstehen, wie Sie Ihre Gesundheit und Ihren Bluthochdruck in den Griff bekommen k\u00f6nnen; die \u00dcberwachung Ihrer Messwerte kann Ihrem Arzt helfen, die Wirkung der Behandlung zu \u00fcberwachen. Die Verwendung eines Blutdruckmessger\u00e4ts f\u00fcr zu Hause ist einfach und bequem. Das Handgelenk-Blutdruckmessger\u00e4t von Sejoy liefert auf Knopfdruck schnelle und genaue Ergebnisse und \u00fcberwacht kontinuierlich Ihren systolischen und oberen Blutdruck, Ihren diastolischen und unteren Blutdruck sowie Ihre Herzfrequenz. Es zeigt nach jeder Messung deutlich den Monat, den Tag, die Stunde und die Minute an und zeigt au\u00dferdem den Durchschnitt der letzten drei Messungen auf einem gro\u00dfen digitalen Bildschirm an. Schnell und genau: Das Blutdruckmessger\u00e4t verf\u00fcgt \u00fcber einen erweiterten Speicher f\u00fcr bis zu 120 Messwerte f\u00fcr einen Benutzer. Dieses Handgelenk-Blutdruckmessger\u00e4t f\u00fcr zu Hause ist leicht, tragbar, bequem und einfach zu bedienen. Ideal, wenn Sie Ihren Blutdruck unterwegs messen m\u00f6chten.<\/span><\/p>\n<ul>\n<li><span style=\"color: #000000;\"><b>Klinisch genau<\/b>: Sejoy-Blutdruckmessger\u00e4te f\u00fcr zu Hause verwenden die oszillometrische Messmethode, die eine pr\u00e4zise Messung von Blutdruck und Pulsfrequenz mit hoher Genauigkeit erm\u00f6glicht.<\/span><\/li>\n<li><span style=\"color: #000000;\"><b>Vollautomatisch<\/b>: F\u00fcr eine einfache Bedienung beginnt das Blutdruckmessger\u00e4t mit einem Tastendruck zu arbeiten und ermittelt Ihre Blutdruck- und Herzschlagwerte; der Messwert erscheint innerhalb einer halben Minute auf dem Display, was die \u00dcberwachung einfach, schnell und unkompliziert macht.<\/span><\/li>\n<li><span style=\"color: #000000;\"><b>Indikator f\u00fcr den Gesundheitszustand<\/b>: Bei der Messung des Blutdrucks verf\u00fcgt das Ger\u00e4t \u00fcber einen Blutdruckklassifizierungsindikator der Weltgesundheitsorganisation (WHO), um Ihnen eine m\u00f6glichst genaue Messung zu erm\u00f6glichen. Es erkennt auch Ihre Herzfrequenz und warnt Sie, wenn ein unregelm\u00e4\u00dfiger Herzschlag festgestellt wird.<\/span><\/li>\n<li><span style=\"color: #000000;\"><b>2 Benutzer Modus<\/b>: Dieses Blutdruckmessger\u00e4t speichert unabh\u00e4ngig bis zu 60 Messungen f\u00fcr jeden Benutzer mit Datum und Uhrzeit und zeigt den Durchschnitt der letzten 3 Messwerte an. Die Speicherfunktion erm\u00f6glicht es Ihnen, Ihren Gesundheitszustand im Auge zu behalten; Sie k\u00f6nnen den Speicher durch Dr\u00fccken der Taste \u201cM.\u201d abrufen.<\/span><\/li>\n<li><span style=\"color: #000000;\"><b>Einstellbare gro\u00dfe Manschette<\/b>: Unser elektronisches Blutdruckmessger\u00e4t ist mit einer verstellbaren Handgelenkmanschette ausgestattet, die f\u00fcr Personen mit einem Handgelenkumfang von 5,3\u2033-8,5\u2033 geeignet ist und den meisten Erwachsenen passt.<\/span><\/li>\n<li><span style=\"color: #000000;\"><b>Tragbares Design<\/b>: Einfaches, exquisites Design mit einer Tragetasche, so dass Sie es \u00fcberallhin mitnehmen k\u00f6nnen.<\/span><\/li>\n<\/ul>\n<div>\n<div><span style=\"color: #000000;\"><b>Alles, was Sie brauchen, in einem Paket:<\/b><\/span><\/div>\n<div>\n<ul>\n<li><span style=\"color: #000000;\">1* Blutdruckmessger\u00e4t<\/span><\/li>\n<li><span style=\"color: #000000;\">1* Benutzerhandbuch<\/span><\/li>\n<li><span style=\"color: #000000;\">1* Aufbewahrungskoffer<\/span><\/li>\n<li><span style=\"color: #000000;\">2* AAA-Batterien<\/span><\/li>\n<\/ul>\n<\/div>\n<\/div>","protected":false},"excerpt":{"rendered":"<p><span style=\"color: #808080;\">Ihnen helfen, den Umgang mit Gesundheit und Bluthochdruck zu verstehen<\/span><\/p>","protected":false},"featured_media":8900,"template":"","meta":{"bwfblock_default_font":"","_uag_custom_page_level_css":"","site-sidebar-layout":"default","site-content-layout":"","ast-site-content-layout":"default","site-content-style":"default","site-sidebar-style":"default","ast-global-header-display":"","ast-banner-title-visibility":"","ast-main-header-display":"","ast-hfb-above-header-display":"","ast-hfb-below-header-display":"","ast-hfb-mobile-header-display":"","site-post-title":"","ast-breadcrumbs-content":"","ast-featured-img":"","footer-sml-layout":"","ast-disable-related-posts":"","theme-transparent-header-meta":"default","adv-header-id-meta":"","stick-header-meta":"default","header-above-stick-meta":"","header-main-stick-meta":"","header-below-stick-meta":"","astra-migrate-meta-layouts":"set","ast-page-background-enabled":"default","ast-page-background-meta":{"desktop":{"background-color":"","background-image":"","background-repeat":"repeat","background-position":"center center","background-size":"auto","background-attachment":"scroll","background-type":"","background-media":"","overlay-type":"","overlay-color":"","overlay-opacity":"","overlay-gradient":""},"tablet":{"background-color":"","background-image":"","background-repeat":"repeat","background-position":"center center","background-size":"auto","background-attachment":"scroll","background-type":"","background-media":"","overlay-type":"","overlay-color":"","overlay-opacity":"","overlay-gradient":""},"mobile":{"background-color":"","background-image":"","background-repeat":"repeat","background-position":"center center","background-size":"auto","background-attachment":"scroll","background-type":"","background-media":"","overlay-type":"","overlay-color":"","overlay-opacity":"","overlay-gradient":""}},"ast-content-background-meta":{"desktop":{"background-color":"var(--ast-global-color-5)","background-image":"","background-repeat":"repeat","background-position":"center center","background-size":"auto","background-attachment":"scroll","background-type":"","background-media":"","overlay-type":"","overlay-color":"","overlay-opacity":"","overlay-gradient":""},"tablet":{"background-color":"var(--ast-global-color-5)","background-image":"","background-repeat":"repeat","background-position":"center center","background-size":"auto","background-attachment":"scroll","background-type":"","background-media":"","overlay-type":"","overlay-color":"","overlay-opacity":"","overlay-gradient":""},"mobile":{"background-color":"var(--ast-global-color-5)","background-image":"","background-repeat":"repeat","background-position":"center center","background-size":"auto","background-attachment":"scroll","background-type":"","background-media":"","overlay-type":"","overlay-color":"","overlay-opacity":"","overlay-gradient":""}}},"product_brand":[],"product_cat":[339,336,99,190],"product_tag":[],"class_list":{"0":"post-8899","1":"product","2":"type-product","3":"status-publish","4":"has-post-thumbnail","6":"product_cat-monitoring","7":"product_cat-healthcare-products","8":"product_cat-home-medical-supplies","9":"product_cat-wellness-monitoring","10":"desktop-align-center","11":"tablet-align-center","12":"mobile-align-center","13":"ast-product-gallery-layout-horizontal-slider","14":"ast-magnify-disabled","15":"ast-product-tabs-layout-horizontal","17":"first","18":"instock","19":"shipping-taxable","20":"purchasable","21":"product-type-simple"},"spectra_custom_meta":{"_edit_lock":["1737876011:1"],"_edit_last":["1"],"rank_math_seo_score":["85"],"rank_math_focus_keyword":["Digital Wrist Blood Pressure Monitor"],"rank_math_description":["Digital Wrist Blood Pressure Monitor can help you understand how to manage health and hypertension, tracking your readings can help your doctor monitor the treatment effect."],"_thumbnail_id":["8900"],"_admin_notes":["https:\/\/www.ebay.com\/itm\/225452548843"],"_custom_product_field":[""],"_sku":["EB218012"],"_regular_price":["18.88"],"total_sales":["0"],"_tax_status":["taxable"],"_tax_class":[""],"_manage_stock":["no"],"_backorders":["no"],"_sold_individually":["no"],"_virtual":["no"],"_downloadable":["no"],"_download_limit":["-1"],"_download_expiry":["-1"],"_stock":[null],"_stock_status":["instock"],"_wc_average_rating":["5.00"],"_wc_review_count":["1"],"_product_version":["9.6.0"],"_price":["18.88"],"_product_image_gallery":["8901,8902,8903,8904,8905,8906,8907"],"rank_math_primary_product_cat":["339"],"site-sidebar-layout":["default"],"ast-site-content-layout":["default"],"site-content-style":["default"],"site-sidebar-style":["default"],"theme-transparent-header-meta":["default"],"stick-header-meta":["default"],"rank_math_analytic_object_id":["149"],"_wc_rating_count":["a:1:{i:5;i:1;}"],"_wc_gla_synced_at":["1776049266"],"_wc_gla_sync_status":["synced"],"_wc_gla_visibility":["sync-and-show"],"_wc_gla_google_ids":["a:1:{s:2:\"US\";s:21:\"online:en:US:gla_8899\";}"],"fb_product_item_id":["28040486152261834"],"_global_unique_id":["10888621914091"],"_wc_facebook_sync_enabled":["yes"],"fb_visibility":["yes"],"fb_product_description":[""],"_wc_facebook_product_image_source":["product"],"_wc_facebook_commerce_enabled":["no"],"rank_math_primary_product_brand":["0"],"rank_math_primary_fb_product_set":["0"],"astra-migrate-meta-layouts":["set"],"wp_statistics_words_count":["404"],"wpil_sync_report3":["1"],"wpil_links_inbound_internal_count":["0"],"wpil_links_inbound_internal_count_data":["eJxLtDKwqq4FAAZPAf4="],"wpil_links_outbound_internal_count":["0"],"wpil_links_outbound_internal_count_data":["eJxLtDKwqq4FAAZPAf4="],"wpil_links_outbound_external_count":["0"],"wpil_links_outbound_external_count_data":["eJxLtDKwqq4FAAZPAf4="],"wpil_sync_report2_time":["2025-01-27T07:29:11+00:00"],"omnisend_last_sync":["2025-05-16T11:05:10+00:00"],"surerank_settings_general":["a:7:{s:9:\"separator\";s:1:\"-\";s:10:\"page_title\";s:21:\"%title% - %site_name%\";s:25:\"auto_generate_description\";b:1;s:16:\"page_description\";s:173:\"Digital Wrist Blood Pressure Monitor can help you understand how to manage health and hypertension, tracking your readings can help your doctor monitor the treatment effect.\";s:16:\"auto_description\";s:153:\"Why is it important to have a digital wrist blood pressure monitor? High blood pressure is a significant cardiovascular risk factor. It can cause serious\";s:14:\"fallback_image\";s:0:\"\";s:13:\"canonical_url\";s:64:\"https:\/\/pophaw.com\/product\/digital-wrist-blood-pressure-monitor\/\";}"],"surerank_settings_post_no_index":["no"],"surerank_settings_post_no_follow":["no"],"surerank_settings_post_no_archive":["no"],"surerank_settings_social":["a:23:{s:15:\"open_graph_tags\";b:1;s:18:\"facebook_meta_tags\";b:1;s:17:\"twitter_meta_tags\";b:1;s:16:\"oembeded_scripts\";b:1;s:17:\"oembeded_og_title\";b:1;s:22:\"oembeded_social_images\";b:1;s:27:\"oembeded_remove_author_name\";b:1;s:17:\"facebook_page_url\";s:54:\"https:\/\/www.facebook.com\/profile.php?id=61571207938497\";s:24:\"facebook_author_fallback\";s:0:\"\";s:17:\"twitter_card_type\";s:19:\"summary_large_image\";s:24:\"twitter_same_as_facebook\";b:1;s:24:\"twitter_profile_username\";s:0:\"\";s:24:\"twitter_profile_fallback\";s:0:\"\";s:14:\"facebook_title\";s:21:\"%title% - %site_name%\";s:20:\"facebook_description\";s:9:\"%content%\";s:18:\"facebook_image_url\";s:56:\"https:\/\/pophaw.com\/wp-content\/uploads\/2024\/12\/10002.webp\";s:17:\"facebook_image_id\";i:8900;s:20:\"facebook_image_width\";i:1600;s:21:\"facebook_image_height\";i:1600;s:13:\"twitter_title\";s:21:\"%title% - %site_name%\";s:19:\"twitter_description\";s:9:\"%content%\";s:17:\"twitter_image_url\";s:56:\"https:\/\/pophaw.com\/wp-content\/uploads\/2024\/12\/10002.webp\";s:16:\"twitter_image_id\";i:8900;}"],"surerank_migration":["1"],"astra_style_timestamp_css":["1777353957"],"wwpp_product_wholesale_visibility_filter":["all"],"_uag_css_file_name":["uag-css-8899.css"],"rank_math_internal_links_processed":["1"],"_uag_page_assets":["a:9:{s:3:\"css\";s:260:\".uag-blocks-common-selector{z-index:var(--z-index-desktop) !important}@media(max-width: 976px){.uag-blocks-common-selector{z-index:var(--z-index-tablet) !important}}@media(max-width: 767px){.uag-blocks-common-selector{z-index:var(--z-index-mobile) !important}}\";s:2:\"js\";s:0:\"\";s:18:\"current_block_list\";a:15:{i:0;s:23:\"surecart\/slide-out-cart\";i:1;s:30:\"surecart\/slide-out-cart-header\";i:2;s:29:\"surecart\/slide-out-cart-items\";i:3;s:30:\"surecart\/slide-out-cart-coupon\";i:4;s:32:\"surecart\/slide-out-cart-subtotal\";i:5;s:38:\"surecart\/slide-out-cart-bump-line-item\";i:6;s:30:\"surecart\/slide-out-cart-submit\";i:7;s:11:\"core\/search\";i:8;s:10:\"core\/group\";i:9;s:12:\"core\/heading\";i:10;s:17:\"core\/latest-posts\";i:11;s:20:\"core\/latest-comments\";i:12;s:13:\"core\/archives\";i:13;s:15:\"core\/categories\";i:14;s:14:\"core\/shortcode\";}s:8:\"uag_flag\";b:0;s:11:\"uag_version\";s:10:\"1777339036\";s:6:\"gfonts\";a:0:{}s:10:\"gfonts_url\";s:0:\"\";s:12:\"gfonts_files\";a:0:{}s:14:\"uag_faq_layout\";b:0;}"],"_wc_gla_mc_status":["approved"]},"uagb_featured_image_src":{"full":["https:\/\/pophaw.com\/wp-content\/uploads\/2024\/12\/10002.webp",1600,1600,false],"thumbnail":["https:\/\/pophaw.com\/wp-content\/uploads\/2024\/12\/10002-150x150.webp",150,150,true],"medium":["https:\/\/pophaw.com\/wp-content\/uploads\/2024\/12\/10002-300x300.webp",300,300,true],"medium_large":["https:\/\/pophaw.com\/wp-content\/uploads\/2024\/12\/10002-768x768.webp",768,768,true],"large":["https:\/\/pophaw.com\/wp-content\/uploads\/2024\/12\/10002-1024x1024.webp",1024,1024,true],"ryviu-small":["https:\/\/pophaw.com\/wp-content\/uploads\/2024\/12\/10002.webp",40,40,false],"ryviu-medium":["https:\/\/pophaw.com\/wp-content\/uploads\/2024\/12\/10002.webp",132,132,false],"1536x1536":["https:\/\/pophaw.com\/wp-content\/uploads\/2024\/12\/10002-1536x1536.webp",1536,1536,true],"2048x2048":["https:\/\/pophaw.com\/wp-content\/uploads\/2024\/12\/10002.webp",1600,1600,false],"trp-custom-language-flag":["https:\/\/pophaw.com\/wp-content\/uploads\/2024\/12\/10002.webp",12,12,false],"woocommerce_thumbnail":["https:\/\/pophaw.com\/wp-content\/uploads\/2024\/12\/10002-300x300.webp",300,300,true],"woocommerce_single":["https:\/\/pophaw.com\/wp-content\/uploads\/2024\/12\/10002-600x600.webp",600,600,true],"woocommerce_gallery_thumbnail":["https:\/\/pophaw.com\/wp-content\/uploads\/2024\/12\/10002-100x100.webp",100,100,true]},"uagb_author_info":{"display_name":"Dr. Rowan","author_link":"https:\/\/pophaw.com\/de\/author\/"},"uagb_comment_info":1,"uagb_excerpt":"Help you understand how to manage health and hypertension","_links":{"self":[{"href":"https:\/\/pophaw.com\/de\/wp-json\/wp\/v2\/product\/8899","targetHints":{"allow":["GET"]}}],"collection":[{"href":"https:\/\/pophaw.com\/de\/wp-json\/wp\/v2\/product"}],"about":[{"href":"https:\/\/pophaw.com\/de\/wp-json\/wp\/v2\/types\/product"}],"wp:featuredmedia":[{"embeddable":true,"href":"https:\/\/pophaw.com\/de\/wp-json\/wp\/v2\/media\/8900"}],"wp:attachment":[{"href":"https:\/\/pophaw.com\/de\/wp-json\/wp\/v2\/media?parent=8899"}],"wp:term":[{"taxonomy":"product_brand","embeddable":true,"href":"https:\/\/pophaw.com\/de\/wp-json\/wp\/v2\/product_brand?post=8899"},{"taxonomy":"product_cat","embeddable":true,"href":"https:\/\/pophaw.com\/de\/wp-json\/wp\/v2\/product_cat?post=8899"},{"taxonomy":"product_tag","embeddable":true,"href":"https:\/\/pophaw.com\/de\/wp-json\/wp\/v2\/product_tag?post=8899"}],"curies":[{"name":"wp","href":"https:\/\/api.w.org\/{rel}","templated":true}]}}