{"id":9268,"date":"2024-12-22T01:27:51","date_gmt":"2024-12-22T09:27:51","guid":{"rendered":"https:\/\/pophaw.com\/?post_type=product&#038;p=9268"},"modified":"2025-02-14T23:39:33","modified_gmt":"2025-02-15T07:39:33","slug":"kollagen-generator-ch-osa-30ml","status":"publish","type":"product","link":"https:\/\/pophaw.com\/de\/produkt\/kollagen-generator-ch-osa-30ml\/","title":{"rendered":"Kollagen-Generator ch-OSA 30ml NF Liq Biosil"},"content":{"rendered":"<p><strong><span style=\"font-size: 14pt;\">Kollagen-Generator ch-OSA 30ml NF Liq Biosil<\/span><\/strong><\/p>\n<p>Wenn wir 21 Jahre alt sind, nimmt unser Kollagengehalt kontinuierlich um etwa 1% pro Jahr ab. Das bedeutet, dass wir beginnen, sichtbar zu altern, was sich in Falten, feinen Linien, schlaffer Haut, Haarausfall oder stumpfem Haar und br\u00fcchigeren N\u00e4geln \u00e4u\u00dfert. Aber Ihr K\u00f6rper ist ein Regenerationswunder. Er wei\u00df, wie er sich selbst reparieren und verj\u00fcngen kann.<\/p>\n<p>Der einzigartige 2-in-1 ch-OSA\u00ae-Komplex von Biosil unterst\u00fctzt diese F\u00e4higkeit, indem er die k\u00f6rpereigene Kollagenproduktion aktiviert und sch\u00fctzt und gleichzeitig die Elastin- und Keratinproduktion ankurbelt. Biosil\u00ae ist die einzige klinisch nachgewiesene Erg\u00e4nzung, die dies kann! Dar\u00fcber hinaus erzeugt ch-OSA\u00ae Kollagen mit Ihrem DNA-Fingerabdruck - und das ist wirklich einzigartig. Nutzen Sie Ihre nat\u00fcrliche Kraft, um mit Biosil\u00ae besser auszusehen und sich besser zu f\u00fchlen.<\/p>\n<p>Der klinisch erprobte 2-IN-1-Effekt von Biosil unterst\u00fctzt und aktiviert die nat\u00fcrliche F\u00e4higkeit Ihres K\u00f6rpers, Ihr eigenes Kollagen, Elastin und Keratin zu sch\u00fctzen und zu bilden. Diese drei Proteine sind Ihre besten Freunde, wenn es um Haare, Haut und N\u00e4gel geht - sie sorgen daf\u00fcr, dass alles w\u00e4chst, leuchtet und stark ist. Wenn wir \u00e4lter werden, produzieren wir weniger von diesen Proteinen. Sie werden durch Umwelt- und Lebensstilfaktoren leicht besch\u00e4digt, was zu Falten, feinen Linien, br\u00fcchigen N\u00e4geln und d\u00fcnnerem Haar f\u00fchrt.<\/p>\n<p>F\u00fcr optimale Ergebnisse nehmen Sie Biosil\u00ae zweimal t\u00e4glich ein: einmal morgens und einmal abends. Auf diese Weise verteilen Sie Ihre ch-OSA\u00ae-Dosis gleichm\u00e4\u00dfig \u00fcber den Tag. Sie k\u00f6nnen Biosil\u00ae auf n\u00fcchternen Magen oder mit einer Mahlzeit und mit einem beliebigen Getr\u00e4nk, hei\u00df oder kalt, einnehmen.<\/p>\n<p><strong>Zutaten:<\/strong><\/p>\n<p>Cholin<\/p>\n<p>Silizium<\/p>\n<p>Diese Aussagen wurden nicht von der Food and Drug Administration bewertet. Dieses Produkt ist nicht dazu bestimmt, Krankheiten zu diagnostizieren, zu behandeln, zu heilen oder zu verhindern.<\/p>","protected":false},"excerpt":{"rendered":"<p>Der einzigartige 2-in-1 ch-OSA\u00ae-Komplex von Biosil unterst\u00fctzt diese F\u00e4higkeit, indem er die k\u00f6rpereigene Kollagenproduktion aktiviert und sch\u00fctzt, w\u00e4hrend er gleichzeitig die Elastin- und Keratinproduktion ankurbelt.<\/p>","protected":false},"featured_media":9269,"template":"","meta":{"bwfblock_default_font":"","_uag_custom_page_level_css":"","site-sidebar-layout":"default","site-content-layout":"","ast-site-content-layout":"default","site-content-style":"default","site-sidebar-style":"default","ast-global-header-display":"","ast-banner-title-visibility":"","ast-main-header-display":"","ast-hfb-above-header-display":"","ast-hfb-below-header-display":"","ast-hfb-mobile-header-display":"","site-post-title":"","ast-breadcrumbs-content":"","ast-featured-img":"","footer-sml-layout":"","ast-disable-related-posts":"","theme-transparent-header-meta":"default","adv-header-id-meta":"","stick-header-meta":"default","header-above-stick-meta":"","header-main-stick-meta":"","header-below-stick-meta":"","astra-migrate-meta-layouts":"set","ast-page-background-enabled":"default","ast-page-background-meta":{"desktop":{"background-color":"","background-image":"","background-repeat":"repeat","background-position":"center center","background-size":"auto","background-attachment":"scroll","background-type":"","background-media":"","overlay-type":"","overlay-color":"","overlay-opacity":"","overlay-gradient":""},"tablet":{"background-color":"","background-image":"","background-repeat":"repeat","background-position":"center center","background-size":"auto","background-attachment":"scroll","background-type":"","background-media":"","overlay-type":"","overlay-color":"","overlay-opacity":"","overlay-gradient":""},"mobile":{"background-color":"","background-image":"","background-repeat":"repeat","background-position":"center center","background-size":"auto","background-attachment":"scroll","background-type":"","background-media":"","overlay-type":"","overlay-color":"","overlay-opacity":"","overlay-gradient":""}},"ast-content-background-meta":{"desktop":{"background-color":"var(--ast-global-color-5)","background-image":"","background-repeat":"repeat","background-position":"center center","background-size":"auto","background-attachment":"scroll","background-type":"","background-media":"","overlay-type":"","overlay-color":"","overlay-opacity":"","overlay-gradient":""},"tablet":{"background-color":"var(--ast-global-color-5)","background-image":"","background-repeat":"repeat","background-position":"center center","background-size":"auto","background-attachment":"scroll","background-type":"","background-media":"","overlay-type":"","overlay-color":"","overlay-opacity":"","overlay-gradient":""},"mobile":{"background-color":"var(--ast-global-color-5)","background-image":"","background-repeat":"repeat","background-position":"center center","background-size":"auto","background-attachment":"scroll","background-type":"","background-media":"","overlay-type":"","overlay-color":"","overlay-opacity":"","overlay-gradient":""}}},"product_brand":[175],"product_cat":[127],"product_tag":[],"class_list":{"0":"post-9268","1":"product","2":"type-product","3":"status-publish","4":"has-post-thumbnail","6":"product_brand-natural-factors","7":"product_cat-dietary-supplements","8":"desktop-align-center","9":"tablet-align-center","10":"mobile-align-center","11":"ast-product-gallery-layout-horizontal-slider","12":"ast-magnify-disabled","13":"ast-product-tabs-layout-horizontal","15":"first","16":"instock","17":"shipping-taxable","18":"purchasable","19":"product-type-simple"},"spectra_custom_meta":{"_edit_lock":["1739605399:1"],"_edit_last":["1"],"rank_math_seo_score":["82"],"rank_math_focus_keyword":["Collagen Generator ch-OSA"],"rank_math_description":["Biosil's Collagen Generator ch-OSA complex supports that ability by activating and protecting your body's collagen production, while at the same time boosting your elastin and keratin production."],"_thumbnail_id":["9269"],"_admin_notes":[""],"_custom_product_field":[""],"_regular_price":["38.99"],"total_sales":["0"],"_tax_status":["taxable"],"_tax_class":[""],"_manage_stock":["no"],"_backorders":["no"],"_sold_individually":["no"],"_virtual":["no"],"_downloadable":["no"],"_download_limit":["-1"],"_download_expiry":["-1"],"_stock":[null],"_stock_status":["instock"],"_wc_average_rating":["0"],"_wc_review_count":["0"],"_product_version":["9.6.2"],"_price":["38.99"],"_product_image_gallery":["9270"],"rank_math_primary_product_cat":["127"],"rank_math_primary_product_brand":["175"],"site-sidebar-layout":["default"],"ast-site-content-layout":["default"],"site-content-style":["default"],"site-sidebar-style":["default"],"theme-transparent-header-meta":["default"],"stick-header-meta":["default"],"rank_math_analytic_object_id":["167"],"_sku":["NRT057"],"_wc_gla_synced_at":["1776049266"],"_wc_gla_sync_status":["synced"],"_wc_gla_visibility":["sync-and-show"],"_wc_gla_google_ids":["a:1:{s:2:\"US\";s:21:\"online:en:US:gla_9268\";}"],"fb_product_item_id":["9007714099344979"],"_global_unique_id":["10888621914237"],"_wc_facebook_sync_enabled":["yes"],"fb_visibility":["yes"],"fb_product_description":[""],"_wc_facebook_product_image_source":["product"],"_wc_facebook_enhanced_catalog_attributes_capacity":[""],"_wc_facebook_enhanced_catalog_attributes_age_group":[""],"_wc_facebook_enhanced_catalog_attributes_gender":[""],"_wc_facebook_enhanced_catalog_attributes_ingredients":[""],"_wc_facebook_enhanced_catalog_attributes_health_concern":[""],"_wc_facebook_enhanced_catalog_attributes_pattern":[""],"_wc_facebook_enhanced_catalog_attributes_power_type":[""],"_wc_facebook_enhanced_catalog_attributes_product_form":[""],"_wc_facebook_enhanced_catalog_attributes_result_time":[""],"_wc_facebook_enhanced_catalog_attributes_scent":[""],"_wc_facebook_enhanced_catalog_attributes_absorbency":[""],"_wc_facebook_enhanced_catalog_attributes_material":[""],"_wc_facebook_enhanced_catalog_attributes_serving_size":[""],"_wc_facebook_enhanced_catalog_attributes_size":[""],"_wc_facebook_enhanced_catalog_attributes_skin_care_concern":[""],"_wc_facebook_enhanced_catalog_attributes_skin_type":[""],"_wc_facebook_enhanced_catalog_attributes_spf_value":[""],"_wc_facebook_enhanced_catalog_attributes_standard_features":[""],"_wc_facebook_enhanced_catalog_attributes_stop_use_indications":[""],"_wc_facebook_enhanced_catalog_attributes_package_quantity":[""],"_wc_facebook_enhanced_catalog_attributes_lens_material":[""],"_wc_facebook_enhanced_catalog_attributes_lens_type":[""],"_wc_facebook_enhanced_catalog_attributes_lens_tint":[""],"_wc_facebook_enhanced_catalog_attributes_keywords":[""],"_wc_facebook_enhanced_catalog_attributes_is_powered":[""],"_wc_facebook_enhanced_catalog_attributes_instructions":[""],"_wc_facebook_enhanced_catalog_attributes_ingredients_composition":[""],"_wc_facebook_enhanced_catalog_attributes_inactive_ingredients":[""],"_wc_facebook_enhanced_catalog_attributes_flavor":[""],"_wc_facebook_enhanced_catalog_attributes_eyewear_rim":[""],"_wc_facebook_enhanced_catalog_attributes_dosage":[""],"_wc_facebook_enhanced_catalog_attributes_color":[""],"_wc_facebook_enhanced_catalog_attributes_brand":[""],"_wc_facebook_enhanced_catalog_attributes_body_part":[""],"_wc_facebook_enhanced_catalog_attributes_batteries_required":[""],"_wc_facebook_enhanced_catalog_attributes_u_v_rating":[""],"_wc_facebook_commerce_enabled":["no"],"rank_math_primary_fb_product_set":["0"],"classic-editor-remember":["classic-editor"],"rank_math_auto_redirect":["a:1:{i:0;i:68;}"],"_wp_old_slug":["collagen-generator-ch-osa-30ml-nf-liq-biosil"],"wp_statistics_words_count":["259"],"wpil_sync_report3":["1"],"wpil_links_inbound_internal_count":["0"],"wpil_links_inbound_internal_count_data":["eJxLtDKwqq4FAAZPAf4="],"wpil_links_outbound_internal_count":["0"],"wpil_links_outbound_internal_count_data":["eJxLtDKwqq4FAAZPAf4="],"wpil_links_outbound_external_count":["0"],"wpil_links_outbound_external_count_data":["eJxLtDKwqq4FAAZPAf4="],"wpil_sync_report2_time":["2025-01-27T07:29:10+00:00"],"fb_brand":[""],"fb_mpn":[""],"astra-migrate-meta-layouts":["set"],"omnisend_last_sync":["2025-05-16T11:05:10+00:00"],"surerank_settings_general":["a:7:{s:9:\"separator\";s:1:\"-\";s:10:\"page_title\";s:21:\"%title% - %site_name%\";s:25:\"auto_generate_description\";b:1;s:16:\"page_description\";s:195:\"Biosil's Collagen Generator ch-OSA complex supports that ability by activating and protecting your body's collagen production, while at the same time boosting your elastin and keratin production.\";s:16:\"auto_description\";s:153:\"Collagen Generator ch-OSA 30ml NF Liq Biosil When we hit 21, our collagen levels decline steadily at about 1% per year. It means we start to age visibly,\";s:14:\"fallback_image\";s:0:\"\";s:13:\"canonical_url\";s:58:\"https:\/\/pophaw.com\/product\/collagen-generator-ch-osa-30ml\/\";}"],"surerank_settings_post_no_index":["no"],"surerank_settings_post_no_follow":["no"],"surerank_settings_post_no_archive":["no"],"surerank_settings_social":["a:23:{s:15:\"open_graph_tags\";b:1;s:18:\"facebook_meta_tags\";b:1;s:17:\"twitter_meta_tags\";b:1;s:16:\"oembeded_scripts\";b:1;s:17:\"oembeded_og_title\";b:1;s:22:\"oembeded_social_images\";b:1;s:27:\"oembeded_remove_author_name\";b:1;s:17:\"facebook_page_url\";s:54:\"https:\/\/www.facebook.com\/profile.php?id=61571207938497\";s:24:\"facebook_author_fallback\";s:0:\"\";s:17:\"twitter_card_type\";s:19:\"summary_large_image\";s:24:\"twitter_same_as_facebook\";b:1;s:24:\"twitter_profile_username\";s:0:\"\";s:24:\"twitter_profile_fallback\";s:0:\"\";s:14:\"facebook_title\";s:21:\"%title% - %site_name%\";s:20:\"facebook_description\";s:9:\"%content%\";s:18:\"facebook_image_url\";s:83:\"https:\/\/pophaw.com\/wp-content\/uploads\/2024\/12\/Collagen-Generator-ch-OSA-30ml_1.webp\";s:17:\"facebook_image_id\";i:9269;s:20:\"facebook_image_width\";i:1652;s:21:\"facebook_image_height\";i:1652;s:13:\"twitter_title\";s:21:\"%title% - %site_name%\";s:19:\"twitter_description\";s:9:\"%content%\";s:17:\"twitter_image_url\";s:83:\"https:\/\/pophaw.com\/wp-content\/uploads\/2024\/12\/Collagen-Generator-ch-OSA-30ml_1.webp\";s:16:\"twitter_image_id\";i:9269;}"],"surerank_migration":["1"],"astra_style_timestamp_css":["1777413799"],"wwpp_product_wholesale_visibility_filter":["all"],"_uag_css_file_name":["uag-css-9268.css"],"rank_math_internal_links_processed":["1"],"_uag_page_assets":["a:9:{s:3:\"css\";s:0:\"\";s:2:\"js\";s:0:\"\";s:18:\"current_block_list\";a:15:{i:0;s:23:\"surecart\/slide-out-cart\";i:1;s:30:\"surecart\/slide-out-cart-header\";i:2;s:29:\"surecart\/slide-out-cart-items\";i:3;s:30:\"surecart\/slide-out-cart-coupon\";i:4;s:32:\"surecart\/slide-out-cart-subtotal\";i:5;s:38:\"surecart\/slide-out-cart-bump-line-item\";i:6;s:30:\"surecart\/slide-out-cart-submit\";i:7;s:11:\"core\/search\";i:8;s:10:\"core\/group\";i:9;s:12:\"core\/heading\";i:10;s:17:\"core\/latest-posts\";i:11;s:20:\"core\/latest-comments\";i:12;s:13:\"core\/archives\";i:13;s:15:\"core\/categories\";i:14;s:14:\"core\/shortcode\";}s:8:\"uag_flag\";b:0;s:11:\"uag_version\";s:10:\"1777339036\";s:6:\"gfonts\";a:0:{}s:10:\"gfonts_url\";s:0:\"\";s:12:\"gfonts_files\";a:0:{}s:14:\"uag_faq_layout\";b:0;}"],"_wc_gla_mc_status":["approved"]},"uagb_featured_image_src":{"full":["https:\/\/pophaw.com\/wp-content\/uploads\/2024\/12\/Collagen-Generator-ch-OSA-30ml_1.webp",1652,1652,false],"thumbnail":["https:\/\/pophaw.com\/wp-content\/uploads\/2024\/12\/Collagen-Generator-ch-OSA-30ml_1-150x150.webp",150,150,true],"medium":["https:\/\/pophaw.com\/wp-content\/uploads\/2024\/12\/Collagen-Generator-ch-OSA-30ml_1-300x300.webp",300,300,true],"medium_large":["https:\/\/pophaw.com\/wp-content\/uploads\/2024\/12\/Collagen-Generator-ch-OSA-30ml_1-768x768.webp",768,768,true],"large":["https:\/\/pophaw.com\/wp-content\/uploads\/2024\/12\/Collagen-Generator-ch-OSA-30ml_1-1024x1024.webp",1024,1024,true],"ryviu-small":["https:\/\/pophaw.com\/wp-content\/uploads\/2024\/12\/Collagen-Generator-ch-OSA-30ml_1.webp",40,40,false],"ryviu-medium":["https:\/\/pophaw.com\/wp-content\/uploads\/2024\/12\/Collagen-Generator-ch-OSA-30ml_1.webp",132,132,false],"1536x1536":["https:\/\/pophaw.com\/wp-content\/uploads\/2024\/12\/Collagen-Generator-ch-OSA-30ml_1-1536x1536.webp",1536,1536,true],"2048x2048":["https:\/\/pophaw.com\/wp-content\/uploads\/2024\/12\/Collagen-Generator-ch-OSA-30ml_1.webp",1652,1652,false],"trp-custom-language-flag":["https:\/\/pophaw.com\/wp-content\/uploads\/2024\/12\/Collagen-Generator-ch-OSA-30ml_1.webp",12,12,false],"woocommerce_thumbnail":["https:\/\/pophaw.com\/wp-content\/uploads\/2024\/12\/Collagen-Generator-ch-OSA-30ml_1-300x300.webp",300,300,true],"woocommerce_single":["https:\/\/pophaw.com\/wp-content\/uploads\/2024\/12\/Collagen-Generator-ch-OSA-30ml_1-600x600.webp",600,600,true],"woocommerce_gallery_thumbnail":["https:\/\/pophaw.com\/wp-content\/uploads\/2024\/12\/Collagen-Generator-ch-OSA-30ml_1-100x100.webp",100,100,true]},"uagb_author_info":{"display_name":"Dr. Rowan","author_link":"https:\/\/pophaw.com\/de\/author\/"},"uagb_comment_info":0,"uagb_excerpt":"Biosil's unique 2-in-1 ch-OSA\u00ae complex supports that ability by activating and protecting your body's collagen production, while at the same time boosting your elastin and keratin production.","_links":{"self":[{"href":"https:\/\/pophaw.com\/de\/wp-json\/wp\/v2\/product\/9268","targetHints":{"allow":["GET"]}}],"collection":[{"href":"https:\/\/pophaw.com\/de\/wp-json\/wp\/v2\/product"}],"about":[{"href":"https:\/\/pophaw.com\/de\/wp-json\/wp\/v2\/types\/product"}],"wp:featuredmedia":[{"embeddable":true,"href":"https:\/\/pophaw.com\/de\/wp-json\/wp\/v2\/media\/9269"}],"wp:attachment":[{"href":"https:\/\/pophaw.com\/de\/wp-json\/wp\/v2\/media?parent=9268"}],"wp:term":[{"taxonomy":"product_brand","embeddable":true,"href":"https:\/\/pophaw.com\/de\/wp-json\/wp\/v2\/product_brand?post=9268"},{"taxonomy":"product_cat","embeddable":true,"href":"https:\/\/pophaw.com\/de\/wp-json\/wp\/v2\/product_cat?post=9268"},{"taxonomy":"product_tag","embeddable":true,"href":"https:\/\/pophaw.com\/de\/wp-json\/wp\/v2\/product_tag?post=9268"}],"curies":[{"name":"wp","href":"https:\/\/api.w.org\/{rel}","templated":true}]}}