{"id":9304,"date":"2024-12-22T04:00:18","date_gmt":"2024-12-22T12:00:18","guid":{"rendered":"https:\/\/pophaw.com\/?post_type=product&#038;p=9304"},"modified":"2025-01-25T23:22:00","modified_gmt":"2025-01-26T07:22:00","slug":"reisekoffer-fur-tragbare-handvernebler-nur-koffer","status":"publish","type":"product","link":"https:\/\/pophaw.com\/de\/produkt\/reisekoffer-fur-tragbare-handvernebler-nur-koffer\/","title":{"rendered":"Reiseetui f\u00fcr tragbaren Handvernebler (nur Etui)"},"content":{"rendered":"<div>\n<h1><span style=\"font-size: 14pt;\">Reiseetui f\u00fcr tragbaren Handvernebler f\u00fcr Erwachsene und Kinder<\/span><\/h1>\n<div>\n<p>Diese einfache und praktische Reisetasche f\u00fcr Handvernebler sch\u00fctzt Ihren Vernebler, Ihre Maske und anderes Zubeh\u00f6r vor St\u00f6\u00dfen, Kratzern und Schl\u00e4gen. Hergestellt aus PU und harter EVA-Schale, langlebig, leichtes Gewicht. Kommen Sie mit einem Silikongriff f\u00fcr einfaches Tragen auf dem Sprung, so dass Ihr Leben einfacher und tragbarer.<\/p>\n<\/div>\n<\/div>\n<div>\n<div>\n<div>\n<div>\n<div>\n<div>\n<div>\n<div>\n<ol>\n<li>\n<div>\n<div>\n<h1><span style=\"font-size: 14pt;\">Kompatibel mit<\/span><\/h1>\n<p>Tragbarer Vernebler Handvernebler Ger\u00e4t f\u00fcr Erwachsene &amp; Kinder<\/p>\n<p>Maske, Medizin, Inhalator, USB-Kabel und anderes Zubeh\u00f6r<\/p>\n<p>(Nur Etui!!)<\/p>\n<\/div>\n<\/div>\n<\/li>\n<li>\n<div>\n<div>\n<h1><span style=\"font-size: 14pt;\">Gr\u00f6\u00dfe des Produkts<\/span><\/h1>\n<p>Au\u00dfenma\u00dfe: 8,75 x 4,85 x 2,81 Zoll (L * B * H).<\/p>\n<p>Perfekte Kompatibilit\u00e4t mit pers\u00f6nlichen Asthma-Inhalatoren, Verneblern und USB-Kabeln, kompakt und tragbar, ohne Platz zu beanspruchen.<\/p>\n<\/div>\n<\/div>\n<\/li>\n<\/ol>\n<\/div>\n<\/div>\n<\/div>\n<\/div>\n<\/div>\n<\/div>\n<\/div>\n<\/div>\n<div>\n<div>\n<div>\n<div>\n<div>\n<div>\n<div>\n<div>\n<ol>\n<li>\n<div>\n<div>\n<h1><span style=\"font-size: 14pt;\">Rundumschutz<\/span><\/h1>\n<p>Die tragbare Vernebler-Tasche besteht aus PU-Material und einer hochwertigen EVA-Hartschale, ist halb wasserdicht, sturzsicher und leicht zu reinigen. Im Inneren ist ein weiches Futter zu schockieren und Sch\u00e4den an der Vernebler Maschine zu verhindern. Es bietet eine vollst\u00e4ndige Palette von Schutz f\u00fcr die apowus tragbaren Vernebler.<\/p>\n<\/div>\n<\/div>\n<\/li>\n<li>\n<div>\n<div>\n<h1><span style=\"font-size: 14pt;\">Als Geschenk<\/span><\/h1>\n<p>Der kompakte tragbare Vernebler Fall ist leicht zu tragen und ist sehr geeignet f\u00fcr zu Hause, Reisen, Outdoor-Camping und Gesch\u00e4ft. Das Asthma Vernebler Maschine Tasche ist auch das beste Geschenk f\u00fcr Thanksgiving, Weihnachten, Neujahr, Gedenktag, Geburtstag, Vatertag und Muttertag.<\/p>\n<\/div>\n<\/div>\n<\/li>\n<\/ol>\n<\/div>\n<\/div>\n<\/div>\n<\/div>\n<\/div>\n<\/div>\n<\/div>\n<\/div>\n<div>\n<div>\n<h1><span style=\"font-size: 14pt;\">Einfaches und praktisches Design<\/span><\/h1>\n<div>\n<p>Die innere Netztasche Stauraum h\u00e4lt die Elemente gut organisiert. Built-in Gummiband kann tragbare Vernebler f\u00fcr Kinder und Erwachsene zu beheben. Ein doppelter Rei\u00dfverschluss erm\u00f6glicht es Ihnen, leicht zu entfernen oder f\u00fcr dornvap Vernebler aus dem kompakten und tragbaren Vernebler Maschine Box setzen.<\/p>\n<\/div>\n<\/div>\n<\/div>\n<div>\n<div>\n<div>\n<p>Kommt mit einem Silikongriff Design, bietet bequemes Tragen jederzeit und \u00fcberall. Sie k\u00f6nnen einen tragbaren Vernebler Halter in der Hand halten, h\u00e4ngen Sie es auf Ihre Tasche, oder setzen Sie es in Ihrem Rucksack.<\/p>\n<\/div>\n<\/div>\n<\/div>\n<div>\n<div>\n<div>\n<p>Der tragbare Verneblerhalter ist leicht und tragbar. Es kann perfekt sch\u00fctzen Sie Ihre Handheld-Mesh-Zerst\u00e4uber w\u00e4hrend zu Hause, kurze Reisen oder Outdoor-Aktivit\u00e4ten. Machen Sie sich keine Sorgen \u00fcber die Besch\u00e4digung der handgehaltenen tragbaren Mesh-Zerst\u00e4uber.<\/p>\n<\/div>\n<\/div>\n<\/div>","protected":false},"excerpt":{"rendered":"<p>Tragbare Vernebler Tasche f\u00fcr Reisen Slim DesignIdeal Geschenk f\u00fcr jeden Anlass<\/p>","protected":false},"featured_media":9305,"template":"","meta":{"bwfblock_default_font":"","_uag_custom_page_level_css":"","site-sidebar-layout":"default","site-content-layout":"","ast-site-content-layout":"default","site-content-style":"default","site-sidebar-style":"default","ast-global-header-display":"","ast-banner-title-visibility":"","ast-main-header-display":"","ast-hfb-above-header-display":"","ast-hfb-below-header-display":"","ast-hfb-mobile-header-display":"","site-post-title":"","ast-breadcrumbs-content":"","ast-featured-img":"","footer-sml-layout":"","ast-disable-related-posts":"","theme-transparent-header-meta":"default","adv-header-id-meta":"","stick-header-meta":"default","header-above-stick-meta":"","header-main-stick-meta":"","header-below-stick-meta":"","astra-migrate-meta-layouts":"set","ast-page-background-enabled":"default","ast-page-background-meta":{"desktop":{"background-color":"","background-image":"","background-repeat":"repeat","background-position":"center center","background-size":"auto","background-attachment":"scroll","background-type":"","background-media":"","overlay-type":"","overlay-color":"","overlay-opacity":"","overlay-gradient":""},"tablet":{"background-color":"","background-image":"","background-repeat":"repeat","background-position":"center center","background-size":"auto","background-attachment":"scroll","background-type":"","background-media":"","overlay-type":"","overlay-color":"","overlay-opacity":"","overlay-gradient":""},"mobile":{"background-color":"","background-image":"","background-repeat":"repeat","background-position":"center center","background-size":"auto","background-attachment":"scroll","background-type":"","background-media":"","overlay-type":"","overlay-color":"","overlay-opacity":"","overlay-gradient":""}},"ast-content-background-meta":{"desktop":{"background-color":"var(--ast-global-color-5)","background-image":"","background-repeat":"repeat","background-position":"center center","background-size":"auto","background-attachment":"scroll","background-type":"","background-media":"","overlay-type":"","overlay-color":"","overlay-opacity":"","overlay-gradient":""},"tablet":{"background-color":"var(--ast-global-color-5)","background-image":"","background-repeat":"repeat","background-position":"center center","background-size":"auto","background-attachment":"scroll","background-type":"","background-media":"","overlay-type":"","overlay-color":"","overlay-opacity":"","overlay-gradient":""},"mobile":{"background-color":"var(--ast-global-color-5)","background-image":"","background-repeat":"repeat","background-position":"center center","background-size":"auto","background-attachment":"scroll","background-type":"","background-media":"","overlay-type":"","overlay-color":"","overlay-opacity":"","overlay-gradient":""}}},"product_brand":[73],"product_cat":[342,336,310,305],"product_tag":[],"class_list":{"0":"post-9304","1":"product","2":"type-product","3":"status-publish","4":"has-post-thumbnail","6":"product_brand-pophaw","7":"product_cat-respiratory-care","8":"product_cat-healthcare-products","9":"product_cat-nebulizers-inhalers","10":"product_cat-respiratory-care-products","11":"desktop-align-center","12":"tablet-align-center","13":"mobile-align-center","14":"ast-product-gallery-layout-horizontal-slider","15":"ast-magnify-disabled","16":"ast-product-tabs-layout-horizontal","18":"first","19":"instock","20":"shipping-taxable","21":"purchasable","22":"product-type-simple"},"spectra_custom_meta":{"_edit_lock":["1737876122:1"],"_edit_last":["1"],"rank_math_seo_score":["85"],"rank_math_focus_keyword":["Travel Case"],"rank_math_description":["This simple and practical handheld nebulizer travel case protects your nebulizer, mask, and other accessories from any bumps, scrapes, and knocks."],"_thumbnail_id":["9305"],"_admin_notes":["https:\/\/www.ebay.com\/itm\/156483743732"],"_custom_product_field":[""],"_regular_price":["25.99"],"total_sales":["0"],"_tax_status":["taxable"],"_tax_class":[""],"_manage_stock":["no"],"_backorders":["no"],"_sold_individually":["no"],"_virtual":["no"],"_downloadable":["no"],"_download_limit":["-1"],"_download_expiry":["-1"],"_stock":[null],"_stock_status":["instock"],"_wc_average_rating":["0"],"_wc_review_count":["0"],"_product_version":["9.6.0"],"_price":["25.99"],"_product_image_gallery":["9311,9306,9307,9308,9309,9310,9312"],"rank_math_primary_product_cat":["342"],"rank_math_primary_product_brand":["73"],"site-sidebar-layout":["default"],"ast-site-content-layout":["default"],"site-content-style":["default"],"site-sidebar-style":["default"],"theme-transparent-header-meta":["default"],"stick-header-meta":["default"],"rank_math_analytic_object_id":["170"],"_sku":["EB218017"],"_wc_gla_synced_at":["1776049267"],"_wc_gla_sync_status":["synced"],"_wc_gla_visibility":["sync-and-show"],"_wc_gla_google_ids":["a:1:{s:2:\"US\";s:21:\"online:en:US:gla_9304\";}"],"fb_product_item_id":["9517135498317334"],"_global_unique_id":["17841900187299"],"_wc_facebook_sync_enabled":["yes"],"fb_visibility":["yes"],"fb_product_description":[""],"_wc_facebook_product_image_source":["product"],"_wc_facebook_commerce_enabled":["no"],"rank_math_primary_fb_product_set":["0"],"astra-migrate-meta-layouts":["set"],"wp_statistics_words_count":["310"],"wpil_sync_report3":["1"],"wpil_links_inbound_internal_count":["0"],"wpil_links_inbound_internal_count_data":["eJxLtDKwqq4FAAZPAf4="],"wpil_links_outbound_internal_count":["0"],"wpil_links_outbound_internal_count_data":["eJxLtDKwqq4FAAZPAf4="],"wpil_links_outbound_external_count":["0"],"wpil_links_outbound_external_count_data":["eJxLtDKwqq4FAAZPAf4="],"wpil_sync_report2_time":["2025-01-27T07:29:10+00:00"],"omnisend_last_sync":["2025-05-16T11:05:10+00:00"],"surerank_settings_general":["a:7:{s:9:\"separator\";s:1:\"-\";s:10:\"page_title\";s:21:\"%title% - %site_name%\";s:25:\"auto_generate_description\";b:1;s:16:\"page_description\";s:146:\"This simple and practical handheld nebulizer travel case protects your nebulizer, mask, and other accessories from any bumps, scrapes, and knocks.\";s:16:\"auto_description\";s:155:\"Travel Case for Portable Handheld Nebulizer for Adults and Kids This simple and practical handheld nebulizer travel case protects your nebulizer, mask, and\";s:14:\"fallback_image\";s:0:\"\";s:13:\"canonical_url\";s:81:\"https:\/\/pophaw.com\/product\/travel-case-for-portable-handheld-nebulizer-case-only\/\";}"],"surerank_settings_post_no_index":["no"],"surerank_settings_post_no_follow":["no"],"surerank_settings_post_no_archive":["no"],"surerank_settings_social":["a:23:{s:15:\"open_graph_tags\";b:1;s:18:\"facebook_meta_tags\";b:1;s:17:\"twitter_meta_tags\";b:1;s:16:\"oembeded_scripts\";b:1;s:17:\"oembeded_og_title\";b:1;s:22:\"oembeded_social_images\";b:1;s:27:\"oembeded_remove_author_name\";b:1;s:17:\"facebook_page_url\";s:54:\"https:\/\/www.facebook.com\/profile.php?id=61571207938497\";s:24:\"facebook_author_fallback\";s:0:\"\";s:17:\"twitter_card_type\";s:19:\"summary_large_image\";s:24:\"twitter_same_as_facebook\";b:1;s:24:\"twitter_profile_username\";s:0:\"\";s:24:\"twitter_profile_fallback\";s:0:\"\";s:14:\"facebook_title\";s:21:\"%title% - %site_name%\";s:20:\"facebook_description\";s:9:\"%content%\";s:18:\"facebook_image_url\";s:64:\"https:\/\/pophaw.com\/wp-content\/uploads\/2024\/12\/Travel-Case_1.webp\";s:17:\"facebook_image_id\";i:9305;s:20:\"facebook_image_width\";i:1600;s:21:\"facebook_image_height\";i:1600;s:13:\"twitter_title\";s:21:\"%title% - %site_name%\";s:19:\"twitter_description\";s:9:\"%content%\";s:17:\"twitter_image_url\";s:64:\"https:\/\/pophaw.com\/wp-content\/uploads\/2024\/12\/Travel-Case_1.webp\";s:16:\"twitter_image_id\";i:9305;}"],"surerank_migration":["1"],"astra_style_timestamp_css":["1776886799"],"wwpp_product_wholesale_visibility_filter":["all"],"_uag_css_file_name":["uag-css-9304.css"],"rank_math_internal_links_processed":["1"],"_uag_page_assets":["a:9:{s:3:\"css\";s:260:\".uag-blocks-common-selector{z-index:var(--z-index-desktop) !important}@media(max-width: 976px){.uag-blocks-common-selector{z-index:var(--z-index-tablet) !important}}@media(max-width: 767px){.uag-blocks-common-selector{z-index:var(--z-index-mobile) !important}}\";s:2:\"js\";s:0:\"\";s:18:\"current_block_list\";a:15:{i:0;s:23:\"surecart\/slide-out-cart\";i:1;s:30:\"surecart\/slide-out-cart-header\";i:2;s:29:\"surecart\/slide-out-cart-items\";i:3;s:30:\"surecart\/slide-out-cart-coupon\";i:4;s:32:\"surecart\/slide-out-cart-subtotal\";i:5;s:38:\"surecart\/slide-out-cart-bump-line-item\";i:6;s:30:\"surecart\/slide-out-cart-submit\";i:7;s:11:\"core\/search\";i:8;s:10:\"core\/group\";i:9;s:12:\"core\/heading\";i:10;s:17:\"core\/latest-posts\";i:11;s:20:\"core\/latest-comments\";i:12;s:13:\"core\/archives\";i:13;s:15:\"core\/categories\";i:14;s:14:\"core\/shortcode\";}s:8:\"uag_flag\";b:0;s:11:\"uag_version\";s:10:\"1776869369\";s:6:\"gfonts\";a:0:{}s:10:\"gfonts_url\";s:0:\"\";s:12:\"gfonts_files\";a:0:{}s:14:\"uag_faq_layout\";b:0;}"],"_wc_gla_mc_status":["approved"]},"uagb_featured_image_src":{"full":["https:\/\/pophaw.com\/wp-content\/uploads\/2024\/12\/Travel-Case_1.webp",1600,1600,false],"thumbnail":["https:\/\/pophaw.com\/wp-content\/uploads\/2024\/12\/Travel-Case_1-150x150.webp",150,150,true],"medium":["https:\/\/pophaw.com\/wp-content\/uploads\/2024\/12\/Travel-Case_1-300x300.webp",300,300,true],"medium_large":["https:\/\/pophaw.com\/wp-content\/uploads\/2024\/12\/Travel-Case_1-768x768.webp",768,768,true],"large":["https:\/\/pophaw.com\/wp-content\/uploads\/2024\/12\/Travel-Case_1-1024x1024.webp",1024,1024,true],"ryviu-small":["https:\/\/pophaw.com\/wp-content\/uploads\/2024\/12\/Travel-Case_1.webp",40,40,false],"ryviu-medium":["https:\/\/pophaw.com\/wp-content\/uploads\/2024\/12\/Travel-Case_1.webp",132,132,false],"1536x1536":["https:\/\/pophaw.com\/wp-content\/uploads\/2024\/12\/Travel-Case_1-1536x1536.webp",1536,1536,true],"2048x2048":["https:\/\/pophaw.com\/wp-content\/uploads\/2024\/12\/Travel-Case_1.webp",1600,1600,false],"trp-custom-language-flag":["https:\/\/pophaw.com\/wp-content\/uploads\/2024\/12\/Travel-Case_1.webp",12,12,false],"woocommerce_thumbnail":["https:\/\/pophaw.com\/wp-content\/uploads\/2024\/12\/Travel-Case_1-300x300.webp",300,300,true],"woocommerce_single":["https:\/\/pophaw.com\/wp-content\/uploads\/2024\/12\/Travel-Case_1-600x600.webp",600,600,true],"woocommerce_gallery_thumbnail":["https:\/\/pophaw.com\/wp-content\/uploads\/2024\/12\/Travel-Case_1-100x100.webp",100,100,true]},"uagb_author_info":{"display_name":"Dr. Rowan","author_link":"https:\/\/pophaw.com\/de\/author\/"},"uagb_comment_info":0,"uagb_excerpt":"Portable Nebulizer Bag for Travel Slim DesignIdeal Gift for Any Occasion","_links":{"self":[{"href":"https:\/\/pophaw.com\/de\/wp-json\/wp\/v2\/product\/9304","targetHints":{"allow":["GET"]}}],"collection":[{"href":"https:\/\/pophaw.com\/de\/wp-json\/wp\/v2\/product"}],"about":[{"href":"https:\/\/pophaw.com\/de\/wp-json\/wp\/v2\/types\/product"}],"wp:featuredmedia":[{"embeddable":true,"href":"https:\/\/pophaw.com\/de\/wp-json\/wp\/v2\/media\/9305"}],"wp:attachment":[{"href":"https:\/\/pophaw.com\/de\/wp-json\/wp\/v2\/media?parent=9304"}],"wp:term":[{"taxonomy":"product_brand","embeddable":true,"href":"https:\/\/pophaw.com\/de\/wp-json\/wp\/v2\/product_brand?post=9304"},{"taxonomy":"product_cat","embeddable":true,"href":"https:\/\/pophaw.com\/de\/wp-json\/wp\/v2\/product_cat?post=9304"},{"taxonomy":"product_tag","embeddable":true,"href":"https:\/\/pophaw.com\/de\/wp-json\/wp\/v2\/product_tag?post=9304"}],"curies":[{"name":"wp","href":"https:\/\/api.w.org\/{rel}","templated":true}]}}