{"id":9364,"date":"2024-12-24T02:04:30","date_gmt":"2024-12-24T10:04:30","guid":{"rendered":"https:\/\/pophaw.com\/?post_type=product&#038;p=9364"},"modified":"2025-01-25T23:22:40","modified_gmt":"2025-01-26T07:22:40","slug":"endversiegelung-matte-versiegelung","status":"publish","type":"product","link":"https:\/\/pophaw.com\/de\/produkt\/endversiegelung-matte-versiegelung\/","title":{"rendered":"Final Seal Matte Versiegelung 4oz"},"content":{"rendered":"<p>Das kultige Final Seal Fixierspray bietet maximale Haltbarkeit und verl\u00e4ngert die Tragedauer jedes Make-ups. Die auf Alkohol basierende Formel umh\u00fcllt das Make-up mit einer hochwirksamen kosmetischen Versiegelung, die ein l\u00e4ngeres Tragen erm\u00f6glicht und die Auswirkungen von \u00d6l und Schwei\u00df, die auf der Hautoberfl\u00e4che vorhanden sein k\u00f6nnen, reduziert. Es trocknet schnell zu einem matten, wischfesten Finish.<\/p>\n<p>Dieses unentbehrliche Fixierspray ist ein absolutes Muss im Make-up-Kit eines jeden Visagisten, Schauspielers oder Darstellers. Erh\u00e4ltlich in einer breiten Palette von kit-freundlichen Gr\u00f6\u00dfen. Es hat einen minzigen Duft, der ein k\u00fchlendes Gef\u00fchl vermittelt, w\u00e4hrend das Make-up auf Gesicht und K\u00f6rper fixiert wird.<br \/>\nIn einem gut bel\u00fcfteten Bereich verwenden. Rechnen Sie mit 20-50 Anwendungen pro Unze.<\/p>\n<p><span style=\"font-size: 12pt;\">Vervollst\u00e4ndigen Sie Ihren Look, indem Sie ihn wischfest und wasserabweisend machen! Ben Nye Final Seal Matte Sealer fixiert Ihren Look f\u00fcr stundenlange Auftritte, Unterhaltungen oder wenn Sie dem Wetter trotzen. H\u00e4lt das Make-up an Ort und Stelle, selbst bei starkem Schwitzen!<\/span><\/p>\n<p><span style=\"font-size: 12pt;\">Verf\u00fcgbare Gr\u00f6\u00dfen:<\/span><\/p>\n<ul>\n<li><span style=\"font-size: 12pt;\">1 oz. Spr\u00fchflasche (FY-0)<\/span><\/li>\n<li><span style=\"font-size: 12pt;\">2 oz. Spr\u00fchflasche (FY-2)<\/span><\/li>\n<li><span style=\"font-size: 12pt;\">4 oz. Spr\u00fchflasche (FY-4)<\/span><\/li>\n<li><span style=\"font-size: 12pt;\">8 oz. Flasche (ohne Spr\u00fchkappe) (FY-8)<\/span><\/li>\n<li><span style=\"font-size: 12pt;\">16 oz. Flasche (ohne Spr\u00fchkappe) (FY-16)<\/span><\/li>\n<\/ul>\n<p><span style=\"font-size: 12pt;\">*Die Spr\u00fchkappe ist bei den Nachf\u00fcllgr\u00f6\u00dfen 8oz. und 16oz. nicht enthalten.<\/span><\/p>\n<p>&nbsp;<\/p>\n<p><span style=\"font-size: 12pt;\"><strong>FAQ<\/strong><\/span><\/p>\n<div>\n<div>\n<h3><span style=\"font-size: 12pt;\">Wonach riecht das Ben Nye Final Seal?<\/span><\/h3>\n<div>\n<div>\n<p><span style=\"font-size: 12pt;\">Ben Nye Final Seal hat einen minzigen, erfrischenden Duft.<\/span><\/p>\n<\/div>\n<\/div>\n<\/div>\n<div>\n<h3><span style=\"font-size: 12pt;\">Ist Ben Nye Final Seal ein mattierendes Spray?<\/span><\/h3>\n<div>\n<div>\n<p><span style=\"font-size: 12pt;\">Ja, Ben Nye Final Seal ist ein wischfester, wasserfester Versiegler, der ein mattes Finish hinterl\u00e4sst.<\/span><\/p>\n<\/div>\n<\/div>\n<\/div>\n<div>\n<h3><span style=\"font-size: 12pt;\">Kann Ben Nye Final Seal jeden Tag verwendet werden?<\/span><\/h3>\n<div>\n<div>\n<p><span style=\"font-size: 12pt;\">Ja! Ben Nye Final Seal kann t\u00e4glich verwendet werden, um ein makelloses Make-up f\u00fcr den ganzen Tag zu erhalten.<\/span><\/p>\n<\/div>\n<\/div>\n<\/div>\n<div>\n<h3><span style=\"font-size: 12pt;\">Wie lange h\u00e4lt das Ben Nye Final Seal?<\/span><\/h3>\n<div>\n<div>\n<p><span style=\"font-size: 12pt;\">Ben Nye Final Seal fixiert das Make-up f\u00fcr 24 Stunden.<\/span><\/p>\n<\/div>\n<\/div>\n<\/div>\n<div>\n<h3><span style=\"font-size: 12pt;\">Wie viele Spr\u00fchst\u00f6\u00dfe von Ben Nye Final Seal ben\u00f6tigen Sie?<\/span><\/h3>\n<div>\n<div>\n<p><span style=\"font-size: 12pt;\">F\u00fcr maximale Ergebnisse 1-2 Spr\u00fchst\u00f6\u00dfe Ben Nye Final Seal auftragen.<\/span><\/p>\n<\/div>\n<\/div>\n<\/div>\n<div>\n<h3><span style=\"font-size: 12pt;\">Ist Ben Nye Final Seal gut f\u00fcr fettige Haut?<\/span><\/h3>\n<div>\n<div>\n<p><span style=\"font-size: 12pt;\">Ja! Ben Nye Final Seal ist perfekt f\u00fcr fettige, kombinierte und empfindliche Hauttypen.<\/span><\/p>\n<\/div>\n<\/div>\n<\/div>\n<\/div>","protected":false},"excerpt":{"rendered":"<p>Vervollst\u00e4ndigen Sie Ihren Look, indem Sie ihn mit Ben Nye Final Seal Matte Sealer wisch- und wasserfest machen.<\/p>","protected":false},"featured_media":9379,"template":"","meta":{"bwfblock_default_font":"","_uag_custom_page_level_css":"","site-sidebar-layout":"default","site-content-layout":"","ast-site-content-layout":"default","site-content-style":"default","site-sidebar-style":"default","ast-global-header-display":"","ast-banner-title-visibility":"","ast-main-header-display":"","ast-hfb-above-header-display":"","ast-hfb-below-header-display":"","ast-hfb-mobile-header-display":"","site-post-title":"","ast-breadcrumbs-content":"","ast-featured-img":"","footer-sml-layout":"","ast-disable-related-posts":"","theme-transparent-header-meta":"default","adv-header-id-meta":"","stick-header-meta":"default","header-above-stick-meta":"","header-main-stick-meta":"","header-below-stick-meta":"","astra-migrate-meta-layouts":"set","ast-page-background-enabled":"default","ast-page-background-meta":{"desktop":{"background-color":"","background-image":"","background-repeat":"repeat","background-position":"center center","background-size":"auto","background-attachment":"scroll","background-type":"","background-media":"","overlay-type":"","overlay-color":"","overlay-opacity":"","overlay-gradient":""},"tablet":{"background-color":"","background-image":"","background-repeat":"repeat","background-position":"center center","background-size":"auto","background-attachment":"scroll","background-type":"","background-media":"","overlay-type":"","overlay-color":"","overlay-opacity":"","overlay-gradient":""},"mobile":{"background-color":"","background-image":"","background-repeat":"repeat","background-position":"center center","background-size":"auto","background-attachment":"scroll","background-type":"","background-media":"","overlay-type":"","overlay-color":"","overlay-opacity":"","overlay-gradient":""}},"ast-content-background-meta":{"desktop":{"background-color":"var(--ast-global-color-5)","background-image":"","background-repeat":"repeat","background-position":"center center","background-size":"auto","background-attachment":"scroll","background-type":"","background-media":"","overlay-type":"","overlay-color":"","overlay-opacity":"","overlay-gradient":""},"tablet":{"background-color":"var(--ast-global-color-5)","background-image":"","background-repeat":"repeat","background-position":"center center","background-size":"auto","background-attachment":"scroll","background-type":"","background-media":"","overlay-type":"","overlay-color":"","overlay-opacity":"","overlay-gradient":""},"mobile":{"background-color":"var(--ast-global-color-5)","background-image":"","background-repeat":"repeat","background-position":"center center","background-size":"auto","background-attachment":"scroll","background-type":"","background-media":"","overlay-type":"","overlay-color":"","overlay-opacity":"","overlay-gradient":""}}},"product_brand":[73],"product_cat":[336,232],"product_tag":[],"class_list":{"0":"post-9364","1":"product","2":"type-product","3":"status-publish","4":"has-post-thumbnail","6":"product_brand-pophaw","7":"product_cat-healthcare-products","8":"product_cat-uncategorized","9":"desktop-align-center","10":"tablet-align-center","11":"mobile-align-center","12":"ast-product-gallery-layout-horizontal-slider","13":"ast-product-gallery-with-no-image","14":"ast-magnify-disabled","15":"ast-product-tabs-layout-horizontal","17":"first","18":"instock","19":"shipping-taxable","20":"purchasable","21":"product-type-simple"},"spectra_custom_meta":{"_edit_lock":["1737876161:1"],"_edit_last":["1"],"rank_math_seo_score":["85"],"rank_math_focus_keyword":["Final Seal Matte Sealer"],"_admin_notes":[""],"_custom_product_field":[""],"_regular_price":["28"],"total_sales":["0"],"_tax_status":["taxable"],"_tax_class":[""],"_manage_stock":["no"],"_backorders":["no"],"_sold_individually":["no"],"_virtual":["no"],"_downloadable":["no"],"_download_limit":["-1"],"_download_expiry":["-1"],"_stock":[null],"_stock_status":["instock"],"_wc_average_rating":["0"],"_wc_review_count":["0"],"_product_version":["9.6.0"],"_price":["28"],"rank_math_primary_product_cat":["336"],"rank_math_primary_product_brand":["73"],"site-sidebar-layout":["default"],"ast-site-content-layout":["default"],"site-content-style":["default"],"site-sidebar-style":["default"],"theme-transparent-header-meta":["default"],"stick-header-meta":["default"],"rank_math_analytic_object_id":["173"],"_thumbnail_id":["9379"],"_sku":["EB218025"],"_wc_gla_synced_at":["1776049267"],"_wc_gla_sync_status":["synced"],"_wc_gla_visibility":["sync-and-show"],"_wc_gla_google_ids":["a:1:{s:2:\"US\";s:21:\"online:en:US:gla_9364\";}"],"fb_product_item_id":["9104035086302536"],"_global_unique_id":["17841900187312"],"_wc_facebook_sync_enabled":["yes"],"fb_visibility":["yes"],"fb_product_description":[""],"_wc_facebook_product_image_source":["product"],"_wc_facebook_commerce_enabled":["no"],"rank_math_primary_fb_product_set":["0"],"astra-migrate-meta-layouts":["set"],"classic-editor-remember":["classic-editor"],"wp_statistics_words_count":["297"],"wpil_sync_report3":["1"],"wpil_links_inbound_internal_count":["0"],"wpil_links_inbound_internal_count_data":["eJxLtDKwqq4FAAZPAf4="],"wpil_links_outbound_internal_count":["0"],"wpil_links_outbound_internal_count_data":["eJxLtDKwqq4FAAZPAf4="],"wpil_links_outbound_external_count":["0"],"wpil_links_outbound_external_count_data":["eJxLtDKwqq4FAAZPAf4="],"wpil_sync_report2_time":["2025-01-27T07:29:10+00:00"],"omnisend_last_sync":["2025-05-16T11:05:10+00:00"],"surerank_settings_general":["a:7:{s:9:\"separator\";s:1:\"-\";s:10:\"page_title\";s:21:\"%title% - %site_name%\";s:25:\"auto_generate_description\";b:1;s:16:\"page_description\";s:9:\"%excerpt%\";s:16:\"auto_description\";s:157:\"The iconic Final Seal setting spray provides maximum durability and extends the wear time of any makeup. Its alcohol-based formula coats makeup in heavy duty\";s:14:\"fallback_image\";s:0:\"\";s:13:\"canonical_url\";s:51:\"https:\/\/pophaw.com\/product\/final-seal-matte-sealer\/\";}"],"surerank_settings_post_no_index":["no"],"surerank_settings_post_no_follow":["no"],"surerank_settings_post_no_archive":["no"],"surerank_settings_social":["a:23:{s:15:\"open_graph_tags\";b:1;s:18:\"facebook_meta_tags\";b:1;s:17:\"twitter_meta_tags\";b:1;s:16:\"oembeded_scripts\";b:1;s:17:\"oembeded_og_title\";b:1;s:22:\"oembeded_social_images\";b:1;s:27:\"oembeded_remove_author_name\";b:1;s:17:\"facebook_page_url\";s:54:\"https:\/\/www.facebook.com\/profile.php?id=61571207938497\";s:24:\"facebook_author_fallback\";s:0:\"\";s:17:\"twitter_card_type\";s:19:\"summary_large_image\";s:24:\"twitter_same_as_facebook\";b:1;s:24:\"twitter_profile_username\";s:0:\"\";s:24:\"twitter_profile_fallback\";s:0:\"\";s:14:\"facebook_title\";s:21:\"%title% - %site_name%\";s:20:\"facebook_description\";s:9:\"%content%\";s:18:\"facebook_image_url\";s:79:\"https:\/\/pophaw.com\/wp-content\/uploads\/2024\/12\/ben-nye-final-seal-4oz-spray.webp\";s:17:\"facebook_image_id\";i:9379;s:20:\"facebook_image_width\";i:720;s:21:\"facebook_image_height\";i:720;s:13:\"twitter_title\";s:21:\"%title% - %site_name%\";s:19:\"twitter_description\";s:9:\"%content%\";s:17:\"twitter_image_url\";s:79:\"https:\/\/pophaw.com\/wp-content\/uploads\/2024\/12\/ben-nye-final-seal-4oz-spray.webp\";s:16:\"twitter_image_id\";i:9379;}"],"surerank_migration":["1"],"astra_style_timestamp_css":["1776974101"],"wwpp_product_wholesale_visibility_filter":["all"],"_uag_css_file_name":["uag-css-9364.css"],"rank_math_internal_links_processed":["1"],"_uag_page_assets":["a:9:{s:3:\"css\";s:0:\"\";s:2:\"js\";s:0:\"\";s:18:\"current_block_list\";a:15:{i:0;s:23:\"surecart\/slide-out-cart\";i:1;s:30:\"surecart\/slide-out-cart-header\";i:2;s:29:\"surecart\/slide-out-cart-items\";i:3;s:30:\"surecart\/slide-out-cart-coupon\";i:4;s:32:\"surecart\/slide-out-cart-subtotal\";i:5;s:38:\"surecart\/slide-out-cart-bump-line-item\";i:6;s:30:\"surecart\/slide-out-cart-submit\";i:7;s:11:\"core\/search\";i:8;s:10:\"core\/group\";i:9;s:12:\"core\/heading\";i:10;s:17:\"core\/latest-posts\";i:11;s:20:\"core\/latest-comments\";i:12;s:13:\"core\/archives\";i:13;s:15:\"core\/categories\";i:14;s:14:\"core\/shortcode\";}s:8:\"uag_flag\";b:0;s:11:\"uag_version\";s:10:\"1776869369\";s:6:\"gfonts\";a:0:{}s:10:\"gfonts_url\";s:0:\"\";s:12:\"gfonts_files\";a:0:{}s:14:\"uag_faq_layout\";b:0;}"],"_wc_gla_mc_status":["approved"]},"uagb_featured_image_src":{"full":["https:\/\/pophaw.com\/wp-content\/uploads\/2024\/12\/ben-nye-final-seal-4oz-spray.webp",720,720,false],"thumbnail":["https:\/\/pophaw.com\/wp-content\/uploads\/2024\/12\/ben-nye-final-seal-4oz-spray-150x150.webp",150,150,true],"medium":["https:\/\/pophaw.com\/wp-content\/uploads\/2024\/12\/ben-nye-final-seal-4oz-spray-300x300.webp",300,300,true],"medium_large":["https:\/\/pophaw.com\/wp-content\/uploads\/2024\/12\/ben-nye-final-seal-4oz-spray.webp",720,720,false],"large":["https:\/\/pophaw.com\/wp-content\/uploads\/2024\/12\/ben-nye-final-seal-4oz-spray.webp",720,720,false],"ryviu-small":["https:\/\/pophaw.com\/wp-content\/uploads\/2024\/12\/ben-nye-final-seal-4oz-spray.webp",40,40,false],"ryviu-medium":["https:\/\/pophaw.com\/wp-content\/uploads\/2024\/12\/ben-nye-final-seal-4oz-spray.webp",132,132,false],"1536x1536":["https:\/\/pophaw.com\/wp-content\/uploads\/2024\/12\/ben-nye-final-seal-4oz-spray.webp",720,720,false],"2048x2048":["https:\/\/pophaw.com\/wp-content\/uploads\/2024\/12\/ben-nye-final-seal-4oz-spray.webp",720,720,false],"trp-custom-language-flag":["https:\/\/pophaw.com\/wp-content\/uploads\/2024\/12\/ben-nye-final-seal-4oz-spray.webp",12,12,false],"woocommerce_thumbnail":["https:\/\/pophaw.com\/wp-content\/uploads\/2024\/12\/ben-nye-final-seal-4oz-spray-300x300.webp",300,300,true],"woocommerce_single":["https:\/\/pophaw.com\/wp-content\/uploads\/2024\/12\/ben-nye-final-seal-4oz-spray-600x600.webp",600,600,true],"woocommerce_gallery_thumbnail":["https:\/\/pophaw.com\/wp-content\/uploads\/2024\/12\/ben-nye-final-seal-4oz-spray-100x100.webp",100,100,true]},"uagb_author_info":{"display_name":"Dr. Rowan","author_link":"https:\/\/pophaw.com\/de\/author\/"},"uagb_comment_info":0,"uagb_excerpt":"Finish your look by making it smudge proof and water resistant with Ben Nye Final Seal Matte Sealer.","_links":{"self":[{"href":"https:\/\/pophaw.com\/de\/wp-json\/wp\/v2\/product\/9364","targetHints":{"allow":["GET"]}}],"collection":[{"href":"https:\/\/pophaw.com\/de\/wp-json\/wp\/v2\/product"}],"about":[{"href":"https:\/\/pophaw.com\/de\/wp-json\/wp\/v2\/types\/product"}],"wp:featuredmedia":[{"embeddable":true,"href":"https:\/\/pophaw.com\/de\/wp-json\/wp\/v2\/media\/9379"}],"wp:attachment":[{"href":"https:\/\/pophaw.com\/de\/wp-json\/wp\/v2\/media?parent=9364"}],"wp:term":[{"taxonomy":"product_brand","embeddable":true,"href":"https:\/\/pophaw.com\/de\/wp-json\/wp\/v2\/product_brand?post=9364"},{"taxonomy":"product_cat","embeddable":true,"href":"https:\/\/pophaw.com\/de\/wp-json\/wp\/v2\/product_cat?post=9364"},{"taxonomy":"product_tag","embeddable":true,"href":"https:\/\/pophaw.com\/de\/wp-json\/wp\/v2\/product_tag?post=9364"}],"curies":[{"name":"wp","href":"https:\/\/api.w.org\/{rel}","templated":true}]}}