{"id":9584,"date":"2024-12-30T22:27:44","date_gmt":"2024-12-31T06:27:44","guid":{"rendered":"https:\/\/pophaw.com\/?post_type=product&#038;p=9584"},"modified":"2025-02-05T06:18:32","modified_gmt":"2025-02-05T14:18:32","slug":"zehnereinheiten-muskelstimulator-4-kanal","status":"publish","type":"product","link":"https:\/\/pophaw.com\/de\/produkt\/zehnereinheiten-muskelstimulator-4-kanal\/","title":{"rendered":"Tens-Ger\u00e4te Muskelstimulator 4 Kanal"},"content":{"rendered":"<ul>\n<li><span style=\"color: #000000;\">Unsere Tens-Ger\u00e4te haben sich bei der Linderung dieser schrecklichen chronischen Nervenschmerzen im Nacken oder R\u00fccken bew\u00e4hrt.\u00a0<\/span><\/li>\n<li><span style=\"color: #000000;\">Es gibt verschiedene Modi, in denen Sie die elektrischen Impulse einstellen k\u00f6nnen, um die f\u00fcr Sie angenehmste Einstellung zu finden.\u00a0<\/span><\/li>\n<li><span style=\"color: #000000;\">Die digitale Anzeige erleichtert das Ablesen von Modulationsinformationen wie der Rate in Hertz und einem Timer.\u00a0<\/span><\/li>\n<li><span style=\"color: #000000;\">Au\u00dferdem ist das Ger\u00e4t sehr klein und daher leicht zu handhaben.<\/span><\/li>\n<li><span style=\"color: #000000;\">Bitte lesen Sie das Benutzerhandbuch, bevor Sie das Ger\u00e4t zum ersten Mal benutzen.\u00a0<\/span><\/li>\n<li><span style=\"color: #000000;\">Wenn Sie das Ger\u00e4t zum ersten Mal benutzen, laden Sie es bitte mindestens 10 Stunden lang auf.<\/span><\/li>\n<li><span style=\"color: #000000;\">Wenn Sie das Ger\u00e4t nicht zu oft benutzen, laden Sie es bitte zweimal im Monat auf, um die Lebensdauer der Batterie zu verl\u00e4ngern.<\/span><\/li>\n<li><span style=\"color: #000000;\">Das Ger\u00e4t verf\u00fcgt \u00fcber Sicherheitsfunktionen. Das Ger\u00e4t beginnt nicht zu arbeiten, bevor Sie die Pads auf Ihren K\u00f6rper legen. Schalten Sie das Ger\u00e4t aus, bevor Sie die Pads auflegen, schalten Sie das Ger\u00e4t ein und w\u00e4hlen Sie einen der Massagemodi. Nachdem Sie den Modus ausgew\u00e4hlt haben, dr\u00fccken Sie bitte das \u201c+\u201d, um die Intensit\u00e4t zu erh\u00f6hen. Wenn Sie die Kan\u00e4le A und B gleichzeitig verwenden, m\u00fcssen Sie die Intensit\u00e4t f\u00fcr jeden Kanal erh\u00f6hen. Bitte dr\u00fccken Sie die Taste \u201cA=B\u201d, um den Kanal zu wechseln.<\/span><\/li>\n<li><span style=\"color: #000000;\">HINWEIS: Jedes Mal, wenn Sie den Massagemodus \u00e4ndern, wird die Intensit\u00e4t automatisch verringert.<\/span><\/li>\n<li><span style=\"color: #000000;\">Der Timer schaltet das Ger\u00e4t aus, wenn die eingestellte Zeit abgelaufen ist.<\/span><\/li>\n<\/ul>\n<ul>\n<li><span style=\"color: #000000;\">Wiederaufladbare eingebaute Lithium-Batterie<\/span><\/li>\n<li><span style=\"color: #000000;\">Tens Ems Massage Modi Optionen<\/span><\/li>\n<li><span style=\"color: #000000;\">Verschiedene Multi-Massage-Modi<\/span><\/li>\n<li><span style=\"color: #000000;\">4-Kanal-Tens-Ger\u00e4te<\/span><\/li>\n<li><span style=\"color: #000000;\">Einstellbare 20 verschiedene Intensit\u00e4tsstufen<\/span><\/li>\n<li><span style=\"color: #000000;\">Automatische Abschaltung<\/span><\/li>\n<li><span style=\"color: #000000;\">Verbesserung der Blutzirkulation<\/span><\/li>\n<li><span style=\"color: #000000;\">Leicht zu bedienen und einfach<\/span><\/li>\n<li><span style=\"color: #000000;\">Taschenformat<\/span><\/li>\n<li><span style=\"color: #000000;\">Tragbar<\/span><\/li>\n<li><span style=\"color: #000000;\">FSA\/HSA-f\u00e4hig<\/span><\/li>\n<li><span style=\"color: #000000;\">4 Schmerzpunkte gleichzeitig behandeln<\/span><\/li>\n<li><span style=\"color: #000000;\">Nat\u00fcrliche Schmerzlinderung<\/span><\/li>\n<li><span style=\"color: #000000;\">Arzneimittelfreie Therapie<\/span><\/li>\n<li><span style=\"color: #000000;\">Sicherheit und Effektivit\u00e4t<\/span><\/li>\n<li><span style=\"color: #000000;\">Leichtgewicht<\/span><\/li>\n<li><span style=\"color: #000000;\">Lebenslange Garantie<\/span><\/li>\n<li><span style=\"color: #000000;\">Tens und Ems Kombi-Ger\u00e4t<\/span><\/li>\n<\/ul>","protected":false},"excerpt":{"rendered":"<p><span style=\"color: #000000;\">Linderung der schrecklichen chronischen Nervenschmerzen im Nacken oder R\u00fccken.<\/span><\/p>","protected":false},"featured_media":9585,"template":"","meta":{"bwfblock_default_font":"","_uag_custom_page_level_css":"","site-sidebar-layout":"default","site-content-layout":"","ast-site-content-layout":"default","site-content-style":"default","site-sidebar-style":"default","ast-global-header-display":"","ast-banner-title-visibility":"","ast-main-header-display":"","ast-hfb-above-header-display":"","ast-hfb-below-header-display":"","ast-hfb-mobile-header-display":"","site-post-title":"","ast-breadcrumbs-content":"","ast-featured-img":"","footer-sml-layout":"","ast-disable-related-posts":"","theme-transparent-header-meta":"default","adv-header-id-meta":"","stick-header-meta":"default","header-above-stick-meta":"","header-main-stick-meta":"","header-below-stick-meta":"","astra-migrate-meta-layouts":"set","ast-page-background-enabled":"default","ast-page-background-meta":{"desktop":{"background-color":"","background-image":"","background-repeat":"repeat","background-position":"center center","background-size":"auto","background-attachment":"scroll","background-type":"","background-media":"","overlay-type":"","overlay-color":"","overlay-opacity":"","overlay-gradient":""},"tablet":{"background-color":"","background-image":"","background-repeat":"repeat","background-position":"center center","background-size":"auto","background-attachment":"scroll","background-type":"","background-media":"","overlay-type":"","overlay-color":"","overlay-opacity":"","overlay-gradient":""},"mobile":{"background-color":"","background-image":"","background-repeat":"repeat","background-position":"center center","background-size":"auto","background-attachment":"scroll","background-type":"","background-media":"","overlay-type":"","overlay-color":"","overlay-opacity":"","overlay-gradient":""}},"ast-content-background-meta":{"desktop":{"background-color":"var(--ast-global-color-5)","background-image":"","background-repeat":"repeat","background-position":"center center","background-size":"auto","background-attachment":"scroll","background-type":"","background-media":"","overlay-type":"","overlay-color":"","overlay-opacity":"","overlay-gradient":""},"tablet":{"background-color":"var(--ast-global-color-5)","background-image":"","background-repeat":"repeat","background-position":"center center","background-size":"auto","background-attachment":"scroll","background-type":"","background-media":"","overlay-type":"","overlay-color":"","overlay-opacity":"","overlay-gradient":""},"mobile":{"background-color":"var(--ast-global-color-5)","background-image":"","background-repeat":"repeat","background-position":"center center","background-size":"auto","background-attachment":"scroll","background-type":"","background-media":"","overlay-type":"","overlay-color":"","overlay-opacity":"","overlay-gradient":""}}},"product_brand":[73],"product_cat":[344,336,99,124],"product_tag":[],"class_list":{"0":"post-9584","1":"product","2":"type-product","3":"status-publish","4":"has-post-thumbnail","6":"product_brand-pophaw","7":"product_cat-pain-management","8":"product_cat-healthcare-products","9":"product_cat-home-medical-supplies","10":"product_cat-pain-management-therapy","11":"desktop-align-center","12":"tablet-align-center","13":"mobile-align-center","14":"ast-product-gallery-layout-horizontal-slider","15":"ast-magnify-disabled","16":"ast-product-tabs-layout-horizontal","18":"first","19":"instock","20":"shipping-taxable","21":"purchasable","22":"product-type-simple"},"spectra_custom_meta":{"_edit_lock":["1738765707:1"],"_edit_last":["1"],"rank_math_seo_score":["89"],"rank_math_focus_keyword":["Tens Units"],"rank_math_description":["Our Tens Units have been proven in providing relief for that terrible chronic nerve pain in your neck or back.\u00a0"],"_thumbnail_id":["9585"],"_admin_notes":["https:\/\/www.ebay.com\/itm\/364917109289"],"_custom_product_field":[""],"_sku":["EB218029"],"_regular_price":["24.99"],"total_sales":["0"],"_tax_status":["taxable"],"_tax_class":[""],"_manage_stock":["no"],"_backorders":["no"],"_sold_individually":["no"],"_virtual":["no"],"_downloadable":["no"],"_download_limit":["-1"],"_download_expiry":["-1"],"_stock":[null],"_stock_status":["instock"],"_wc_average_rating":["0"],"_wc_review_count":["0"],"_product_version":["9.6.1"],"_price":["24.99"],"_wc_gla_visibility":["sync-and-show"],"_wc_gla_sync_status":["synced"],"_product_image_gallery":["9586,9587,9588,9589,9590"],"_wc_facebook_sync_enabled":["yes"],"fb_visibility":["yes"],"fb_product_description":[""],"_wc_facebook_product_image_source":["product"],"_wc_facebook_commerce_enabled":["no"],"fb_product_group_id":["9295466317151025"],"rank_math_primary_product_brand":["73"],"rank_math_primary_product_cat":["344"],"rank_math_primary_fb_product_set":["0"],"site-sidebar-layout":["default"],"ast-site-content-layout":["default"],"site-content-style":["default"],"site-sidebar-style":["default"],"theme-transparent-header-meta":["default"],"stick-header-meta":["default"],"rank_math_analytic_object_id":["181"],"fb_product_item_id":["9295466597150997"],"_wc_gla_synced_at":["1776826868"],"_wc_gla_google_ids":["a:1:{s:2:\"US\";s:21:\"online:en:US:gla_9584\";}"],"_global_unique_id":["17841900187343"],"wpil_sync_report3":["1"],"wpil_links_inbound_internal_count":["0"],"wpil_links_inbound_internal_count_data":["eJxLtDKwqq4FAAZPAf4="],"wpil_links_outbound_internal_count":["0"],"wpil_links_outbound_internal_count_data":["eJxLtDKwqq4FAAZPAf4="],"wpil_links_outbound_external_count":["0"],"wpil_links_outbound_external_count_data":["eJxLtDKwqq4FAAZPAf4="],"wpil_sync_report2_time":["2025-01-27T07:29:10+00:00"],"classic-editor-remember":["classic-editor"],"astra-migrate-meta-layouts":["set"],"omnisend_last_sync":["2025-05-16T11:05:10+00:00"],"surerank_settings_general":["a:7:{s:9:\"separator\";s:1:\"-\";s:10:\"page_title\";s:21:\"%title% - %site_name%\";s:25:\"auto_generate_description\";b:1;s:16:\"page_description\";s:112:\"Our Tens Units have been proven in providing relief for that terrible chronic nerve pain in your neck or back.\u00a0\";s:16:\"auto_description\";s:0:\"\";s:14:\"fallback_image\";s:0:\"\";s:13:\"canonical_url\";s:66:\"https:\/\/pophaw.com\/product\/tens-units-muscle-stimulator-4-channel\/\";}"],"surerank_settings_post_no_index":["no"],"surerank_settings_post_no_follow":["no"],"surerank_settings_post_no_archive":["no"],"surerank_settings_social":["a:23:{s:15:\"open_graph_tags\";b:1;s:18:\"facebook_meta_tags\";b:1;s:17:\"twitter_meta_tags\";b:1;s:16:\"oembeded_scripts\";b:1;s:17:\"oembeded_og_title\";b:1;s:22:\"oembeded_social_images\";b:1;s:27:\"oembeded_remove_author_name\";b:1;s:17:\"facebook_page_url\";s:54:\"https:\/\/www.facebook.com\/profile.php?id=61571207938497\";s:24:\"facebook_author_fallback\";s:0:\"\";s:17:\"twitter_card_type\";s:19:\"summary_large_image\";s:24:\"twitter_same_as_facebook\";b:1;s:24:\"twitter_profile_username\";s:0:\"\";s:24:\"twitter_profile_fallback\";s:0:\"\";s:14:\"facebook_title\";s:21:\"%title% - %site_name%\";s:20:\"facebook_description\";s:9:\"%content%\";s:18:\"facebook_image_url\";s:58:\"https:\/\/pophaw.com\/wp-content\/uploads\/2024\/12\/10001-6.webp\";s:17:\"facebook_image_id\";i:9585;s:20:\"facebook_image_width\";i:1600;s:21:\"facebook_image_height\";i:1600;s:13:\"twitter_title\";s:21:\"%title% - %site_name%\";s:19:\"twitter_description\";s:9:\"%content%\";s:17:\"twitter_image_url\";s:58:\"https:\/\/pophaw.com\/wp-content\/uploads\/2024\/12\/10001-6.webp\";s:16:\"twitter_image_id\";i:9585;}"],"surerank_migration":["1"],"astra_style_timestamp_css":["1777352759"],"wwpp_product_wholesale_visibility_filter":["all"],"_uag_css_file_name":["uag-css-9584.css"],"rank_math_internal_links_processed":["1"],"_uag_page_assets":["a:9:{s:3:\"css\";s:260:\".uag-blocks-common-selector{z-index:var(--z-index-desktop) !important}@media(max-width: 976px){.uag-blocks-common-selector{z-index:var(--z-index-tablet) !important}}@media(max-width: 767px){.uag-blocks-common-selector{z-index:var(--z-index-mobile) !important}}\";s:2:\"js\";s:0:\"\";s:18:\"current_block_list\";a:15:{i:0;s:23:\"surecart\/slide-out-cart\";i:1;s:30:\"surecart\/slide-out-cart-header\";i:2;s:29:\"surecart\/slide-out-cart-items\";i:3;s:30:\"surecart\/slide-out-cart-coupon\";i:4;s:32:\"surecart\/slide-out-cart-subtotal\";i:5;s:38:\"surecart\/slide-out-cart-bump-line-item\";i:6;s:30:\"surecart\/slide-out-cart-submit\";i:7;s:11:\"core\/search\";i:8;s:10:\"core\/group\";i:9;s:12:\"core\/heading\";i:10;s:17:\"core\/latest-posts\";i:11;s:20:\"core\/latest-comments\";i:12;s:13:\"core\/archives\";i:13;s:15:\"core\/categories\";i:14;s:14:\"core\/shortcode\";}s:8:\"uag_flag\";b:0;s:11:\"uag_version\";s:10:\"1777973618\";s:6:\"gfonts\";a:0:{}s:10:\"gfonts_url\";s:0:\"\";s:12:\"gfonts_files\";a:0:{}s:14:\"uag_faq_layout\";b:0;}"],"_wc_gla_mc_status":["approved"]},"uagb_featured_image_src":{"full":["https:\/\/pophaw.com\/wp-content\/uploads\/2024\/12\/10001-6.webp",1600,1600,false],"thumbnail":["https:\/\/pophaw.com\/wp-content\/uploads\/2024\/12\/10001-6-150x150.webp",150,150,true],"medium":["https:\/\/pophaw.com\/wp-content\/uploads\/2024\/12\/10001-6-300x300.webp",300,300,true],"medium_large":["https:\/\/pophaw.com\/wp-content\/uploads\/2024\/12\/10001-6-768x768.webp",768,768,true],"large":["https:\/\/pophaw.com\/wp-content\/uploads\/2024\/12\/10001-6-1024x1024.webp",1024,1024,true],"ryviu-small":["https:\/\/pophaw.com\/wp-content\/uploads\/2024\/12\/10001-6.webp",40,40,false],"ryviu-medium":["https:\/\/pophaw.com\/wp-content\/uploads\/2024\/12\/10001-6.webp",132,132,false],"1536x1536":["https:\/\/pophaw.com\/wp-content\/uploads\/2024\/12\/10001-6-1536x1536.webp",1536,1536,true],"2048x2048":["https:\/\/pophaw.com\/wp-content\/uploads\/2024\/12\/10001-6.webp",1600,1600,false],"trp-custom-language-flag":["https:\/\/pophaw.com\/wp-content\/uploads\/2024\/12\/10001-6.webp",12,12,false],"woocommerce_thumbnail":["https:\/\/pophaw.com\/wp-content\/uploads\/2024\/12\/10001-6-300x300.webp",300,300,true],"woocommerce_single":["https:\/\/pophaw.com\/wp-content\/uploads\/2024\/12\/10001-6-600x600.webp",600,600,true],"woocommerce_gallery_thumbnail":["https:\/\/pophaw.com\/wp-content\/uploads\/2024\/12\/10001-6-100x100.webp",100,100,true]},"uagb_author_info":{"display_name":"Dr. Rowan","author_link":"https:\/\/pophaw.com\/de\/author\/"},"uagb_comment_info":0,"uagb_excerpt":"Providing relief for that terrible chronic nerve pain in your neck or back.","_links":{"self":[{"href":"https:\/\/pophaw.com\/de\/wp-json\/wp\/v2\/product\/9584","targetHints":{"allow":["GET"]}}],"collection":[{"href":"https:\/\/pophaw.com\/de\/wp-json\/wp\/v2\/product"}],"about":[{"href":"https:\/\/pophaw.com\/de\/wp-json\/wp\/v2\/types\/product"}],"wp:featuredmedia":[{"embeddable":true,"href":"https:\/\/pophaw.com\/de\/wp-json\/wp\/v2\/media\/9585"}],"wp:attachment":[{"href":"https:\/\/pophaw.com\/de\/wp-json\/wp\/v2\/media?parent=9584"}],"wp:term":[{"taxonomy":"product_brand","embeddable":true,"href":"https:\/\/pophaw.com\/de\/wp-json\/wp\/v2\/product_brand?post=9584"},{"taxonomy":"product_cat","embeddable":true,"href":"https:\/\/pophaw.com\/de\/wp-json\/wp\/v2\/product_cat?post=9584"},{"taxonomy":"product_tag","embeddable":true,"href":"https:\/\/pophaw.com\/de\/wp-json\/wp\/v2\/product_tag?post=9584"}],"curies":[{"name":"wp","href":"https:\/\/api.w.org\/{rel}","templated":true}]}}