{"id":9592,"date":"2024-12-30T22:40:11","date_gmt":"2024-12-31T06:40:11","guid":{"rendered":"https:\/\/pophaw.com\/?post_type=product&#038;p=9592"},"modified":"2025-01-25T23:24:14","modified_gmt":"2025-01-26T07:24:14","slug":"kabelloses-tens-gerat-muskelstimulator","status":"publish","type":"product","link":"https:\/\/pophaw.com\/de\/produkt\/kabelloses-tens-gerat-muskelstimulator\/","title":{"rendered":"Kabelloses TENS-Ger\u00e4t Muskelstimulator"},"content":{"rendered":"<ul>\n<li>MASTOGO ver\u00e4ndert das LebenSind Sie oft durch den Kabelsalat des Zehnerger\u00e4ts genervt? Sehen Sie hier! Das kabellose Mastogo Tens-Ger\u00e4t sorgt f\u00fcr Bewegungsfreiheit. Der Benutzer kann das Ger\u00e4t bei der Hausarbeit, bei Spazierg\u00e4ngen und auf Reisen tragen, ohne dass er durch Kabel behindert oder gest\u00f6rt wird. Dieser Komfort ist besonders wertvoll f\u00fcr Menschen, die jederzeit und \u00fcberall eine Elektrotherapie zur Schmerzlinderung ben\u00f6tigen. Verabschieden Sie sich von l\u00e4stigen Kabeln und leicht zu verlierenden Fernbedienungen!<\/li>\n<\/ul>\n<ul>\n<li>Einfach zu verwenden: Nur 3 Schritte M\u00f6chten Sie Ihre Schmerzen einfach lindern, sind aber von komplizierten Schritten genervt? Das drahtlose Tens-Ger\u00e4t bietet Ihnen eine einfache und effektive L\u00f6sung! Nur 3 Schritte: W\u00e4hlen Sie Ihre Lieblings-Modus und Intensit\u00e4t auf dem Tens-Ger\u00e4t Host, rei\u00dfen Sie die Elektrode Blatt, kleben Sie es auf den Teil, der Massage-Behandlung ben\u00f6tigt, und dann beginnen, das Vergn\u00fcgen und den Komfort der Tens-Ger\u00e4t Muskelstimulator in Schmerzlinderung zu erleben!<\/li>\n<\/ul>\n<ul>\n<li>Voreingestellte 6 Modi und 19 Intensit\u00e4tenUm den unterschiedlichen Bed\u00fcrfnissen der Kunden bei der Behandlung verschiedener K\u00f6rperteile gerecht zu werden, haben wir 6 personalisierte Modi f\u00fcr Klopfen, Training, H\u00e4mmern, Quetschen, Aktivierung und Kneten voreingestellt. Die Kunden k\u00f6nnen frei w\u00e4hlen, pr\u00e4zisere elektrische Stimulation Muskel-Behandlung Pl\u00e4ne f\u00fcr verschiedene schmerzhafte Teile. Die Intensit\u00e4t kann frei von Stufe 1 bis Stufe 19 umgeschaltet werden, und das Tens-Ger\u00e4t verf\u00fcgt \u00fcber eine Bildschirmanzeige, die es Ihnen erm\u00f6glicht, Ihren bevorzugten Modus und die Intensit\u00e4t einzustellen, ohne sich Sorgen zu machen, dass die Intensit\u00e4t zu hoch oder zu niedrig ist!<\/li>\n<\/ul>\n<ul>\n<li>Professionelles TENS-Ger\u00e4t zur SchmerzlinderungDas nat\u00fcrliche, arzneimittelfreie und effiziente neue elektronische TENS-Ger\u00e4t kombiniert traditionelle Massagetechnik mit moderner bioelektrischer Technologie, um die Muskeln zu stimulieren und verschiedene K\u00f6rperteile mit Impulsstrom zu massieren, wodurch Schmerzen in verschiedenen K\u00f6rperteilen wie Gelenkschmerzen, R\u00fcckenschmerzen, Knieschmerzen usw. effektiv gelindert werden. Es ist besonders geeignet f\u00fcr Kunden, die lange Zeit unter hohem Druck gearbeitet haben!<\/li>\n<\/ul>\n<ul>\n<li>Bequem, USBSind Sie der komplizierten Bedienung von kabelgebundenen Tens-Ger\u00e4ten \u00fcberdr\u00fcssig? Das Mastogo Tens-Ger\u00e4t verf\u00fcgt \u00fcber einen super saugf\u00e4higen Schnappanschluss und hochwertige, selbstklebende Gel-Elektrodenpads, so dass das Tens-Ger\u00e4t und die Elektrodenpads stabil und fest auf der Haut angebracht werden k\u00f6nnen und nicht so leicht abfallen, selbst w\u00e4hrend des Trainings. Genie\u00dfen Sie den Charme der drahtlosen Tens-Ger\u00e4t beim Laufen, Fitness, Basketball und anderen Sportarten! Weit verbreitet TYPE-C-Schnittstelle aufladen, 110mAh Lithium-Batterie unterst\u00fctzt 2,5 Stunden der Nutzung, keine Notwendigkeit, \u00fcber den Wechsel der Batterien zu k\u00fcmmern!<\/li>\n<\/ul>","protected":false},"excerpt":{"rendered":"<p>Sorgt f\u00fcr Bewegungsfreiheit.<\/p>","protected":false},"featured_media":9593,"template":"","meta":{"bwfblock_default_font":"","_uag_custom_page_level_css":"","site-sidebar-layout":"default","site-content-layout":"","ast-site-content-layout":"default","site-content-style":"default","site-sidebar-style":"default","ast-global-header-display":"","ast-banner-title-visibility":"","ast-main-header-display":"","ast-hfb-above-header-display":"","ast-hfb-below-header-display":"","ast-hfb-mobile-header-display":"","site-post-title":"","ast-breadcrumbs-content":"","ast-featured-img":"","footer-sml-layout":"","ast-disable-related-posts":"","theme-transparent-header-meta":"default","adv-header-id-meta":"","stick-header-meta":"default","header-above-stick-meta":"","header-main-stick-meta":"","header-below-stick-meta":"","astra-migrate-meta-layouts":"set","ast-page-background-enabled":"default","ast-page-background-meta":{"desktop":{"background-color":"","background-image":"","background-repeat":"repeat","background-position":"center center","background-size":"auto","background-attachment":"scroll","background-type":"","background-media":"","overlay-type":"","overlay-color":"","overlay-opacity":"","overlay-gradient":""},"tablet":{"background-color":"","background-image":"","background-repeat":"repeat","background-position":"center center","background-size":"auto","background-attachment":"scroll","background-type":"","background-media":"","overlay-type":"","overlay-color":"","overlay-opacity":"","overlay-gradient":""},"mobile":{"background-color":"","background-image":"","background-repeat":"repeat","background-position":"center center","background-size":"auto","background-attachment":"scroll","background-type":"","background-media":"","overlay-type":"","overlay-color":"","overlay-opacity":"","overlay-gradient":""}},"ast-content-background-meta":{"desktop":{"background-color":"var(--ast-global-color-5)","background-image":"","background-repeat":"repeat","background-position":"center center","background-size":"auto","background-attachment":"scroll","background-type":"","background-media":"","overlay-type":"","overlay-color":"","overlay-opacity":"","overlay-gradient":""},"tablet":{"background-color":"var(--ast-global-color-5)","background-image":"","background-repeat":"repeat","background-position":"center center","background-size":"auto","background-attachment":"scroll","background-type":"","background-media":"","overlay-type":"","overlay-color":"","overlay-opacity":"","overlay-gradient":""},"mobile":{"background-color":"var(--ast-global-color-5)","background-image":"","background-repeat":"repeat","background-position":"center center","background-size":"auto","background-attachment":"scroll","background-type":"","background-media":"","overlay-type":"","overlay-color":"","overlay-opacity":"","overlay-gradient":""}}},"product_brand":[73],"product_cat":[344,336,99,124],"product_tag":[],"class_list":{"0":"post-9592","1":"product","2":"type-product","3":"status-publish","4":"has-post-thumbnail","6":"product_brand-pophaw","7":"product_cat-pain-management","8":"product_cat-healthcare-products","9":"product_cat-home-medical-supplies","10":"product_cat-pain-management-therapy","11":"desktop-align-center","12":"tablet-align-center","13":"mobile-align-center","14":"ast-product-gallery-layout-horizontal-slider","15":"ast-magnify-disabled","16":"ast-product-tabs-layout-horizontal","18":"first","19":"instock","20":"shipping-taxable","21":"purchasable","22":"product-type-simple"},"spectra_custom_meta":{"_edit_lock":["1737876256:1"],"_edit_last":["1"],"rank_math_seo_score":["93"],"rank_math_focus_keyword":["Wireless TENS Unit"],"rank_math_description":["The Mastogo wireless tens unit ensures freedom of movement. Users can easily wear it to do housework, walks, and travel without being bound and embarrassed by wires."],"_thumbnail_id":["9593"],"_admin_notes":["https:\/\/www.ebay.com\/itm\/205024702497"],"_custom_product_field":[""],"_sku":["EB218030"],"_global_unique_id":["17841900187350"],"_regular_price":["37.99"],"total_sales":["0"],"_tax_status":["taxable"],"_tax_class":[""],"_manage_stock":["no"],"_backorders":["no"],"_sold_individually":["no"],"_virtual":["no"],"_downloadable":["no"],"_download_limit":["-1"],"_download_expiry":["-1"],"_stock":[null],"_stock_status":["instock"],"_wc_average_rating":["0"],"_wc_review_count":["0"],"_product_version":["9.6.0"],"_price":["37.99"],"_wc_gla_visibility":["sync-and-show"],"_wc_gla_sync_status":["synced"],"_product_image_gallery":["9594,9595,9596,9597,9598,9599,9600"],"_wc_facebook_sync_enabled":["yes"],"fb_visibility":["yes"],"fb_product_description":[""],"_wc_facebook_product_image_source":["product"],"_wc_facebook_commerce_enabled":["no"],"fb_product_group_id":["28912761018322723"],"rank_math_primary_product_brand":["73"],"rank_math_primary_product_cat":["344"],"rank_math_primary_fb_product_set":["0"],"site-sidebar-layout":["default"],"ast-site-content-layout":["default"],"site-content-style":["default"],"site-sidebar-style":["default"],"theme-transparent-header-meta":["default"],"stick-header-meta":["default"],"rank_math_analytic_object_id":["182"],"fb_product_item_id":["28912761558322669"],"_wc_gla_synced_at":["1776049267"],"_wc_gla_google_ids":["a:1:{s:2:\"US\";s:21:\"online:en:US:gla_9592\";}"],"astra-migrate-meta-layouts":["set"],"wp_statistics_words_count":["394"],"wpil_sync_report3":["1"],"wpil_links_inbound_internal_count":["0"],"wpil_links_inbound_internal_count_data":["eJxLtDKwqq4FAAZPAf4="],"wpil_links_outbound_internal_count":["0"],"wpil_links_outbound_internal_count_data":["eJxLtDKwqq4FAAZPAf4="],"wpil_links_outbound_external_count":["0"],"wpil_links_outbound_external_count_data":["eJxLtDKwqq4FAAZPAf4="],"wpil_sync_report2_time":["2025-01-27T07:29:10+00:00"],"omnisend_last_sync":["2025-05-16T11:05:10+00:00"],"surerank_settings_general":["a:7:{s:9:\"separator\";s:1:\"-\";s:10:\"page_title\";s:21:\"%title% - %site_name%\";s:25:\"auto_generate_description\";b:1;s:16:\"page_description\";s:165:\"The Mastogo wireless tens unit ensures freedom of movement. Users can easily wear it to do housework, walks, and travel without being bound and embarrassed by wires.\";s:16:\"auto_description\";s:0:\"\";s:14:\"fallback_image\";s:0:\"\";s:13:\"canonical_url\";s:64:\"https:\/\/pophaw.com\/product\/wireless-tens-unit-muscle-stimulator\/\";}"],"surerank_settings_post_no_index":["no"],"surerank_settings_post_no_follow":["no"],"surerank_settings_post_no_archive":["no"],"surerank_settings_social":["a:23:{s:15:\"open_graph_tags\";b:1;s:18:\"facebook_meta_tags\";b:1;s:17:\"twitter_meta_tags\";b:1;s:16:\"oembeded_scripts\";b:1;s:17:\"oembeded_og_title\";b:1;s:22:\"oembeded_social_images\";b:1;s:27:\"oembeded_remove_author_name\";b:1;s:17:\"facebook_page_url\";s:54:\"https:\/\/www.facebook.com\/profile.php?id=61571207938497\";s:24:\"facebook_author_fallback\";s:0:\"\";s:17:\"twitter_card_type\";s:19:\"summary_large_image\";s:24:\"twitter_same_as_facebook\";b:1;s:24:\"twitter_profile_username\";s:0:\"\";s:24:\"twitter_profile_fallback\";s:0:\"\";s:14:\"facebook_title\";s:21:\"%title% - %site_name%\";s:20:\"facebook_description\";s:9:\"%content%\";s:18:\"facebook_image_url\";s:58:\"https:\/\/pophaw.com\/wp-content\/uploads\/2024\/12\/10001-7.webp\";s:17:\"facebook_image_id\";i:9593;s:20:\"facebook_image_width\";i:1600;s:21:\"facebook_image_height\";i:1600;s:13:\"twitter_title\";s:21:\"%title% - %site_name%\";s:19:\"twitter_description\";s:9:\"%content%\";s:17:\"twitter_image_url\";s:58:\"https:\/\/pophaw.com\/wp-content\/uploads\/2024\/12\/10001-7.webp\";s:16:\"twitter_image_id\";i:9593;}"],"surerank_migration":["1"],"astra_style_timestamp_css":["1776884926"],"wwpp_product_wholesale_visibility_filter":["all"],"_uag_css_file_name":["uag-css-9592.css"],"rank_math_internal_links_processed":["1"],"_uag_page_assets":["a:9:{s:3:\"css\";s:260:\".uag-blocks-common-selector{z-index:var(--z-index-desktop) !important}@media(max-width: 976px){.uag-blocks-common-selector{z-index:var(--z-index-tablet) !important}}@media(max-width: 767px){.uag-blocks-common-selector{z-index:var(--z-index-mobile) !important}}\";s:2:\"js\";s:0:\"\";s:18:\"current_block_list\";a:15:{i:0;s:23:\"surecart\/slide-out-cart\";i:1;s:30:\"surecart\/slide-out-cart-header\";i:2;s:29:\"surecart\/slide-out-cart-items\";i:3;s:30:\"surecart\/slide-out-cart-coupon\";i:4;s:32:\"surecart\/slide-out-cart-subtotal\";i:5;s:38:\"surecart\/slide-out-cart-bump-line-item\";i:6;s:30:\"surecart\/slide-out-cart-submit\";i:7;s:11:\"core\/search\";i:8;s:10:\"core\/group\";i:9;s:12:\"core\/heading\";i:10;s:17:\"core\/latest-posts\";i:11;s:20:\"core\/latest-comments\";i:12;s:13:\"core\/archives\";i:13;s:15:\"core\/categories\";i:14;s:14:\"core\/shortcode\";}s:8:\"uag_flag\";b:0;s:11:\"uag_version\";s:10:\"1776869369\";s:6:\"gfonts\";a:0:{}s:10:\"gfonts_url\";s:0:\"\";s:12:\"gfonts_files\";a:0:{}s:14:\"uag_faq_layout\";b:0;}"],"_wc_gla_mc_status":["approved"]},"uagb_featured_image_src":{"full":["https:\/\/pophaw.com\/wp-content\/uploads\/2024\/12\/10001-7.webp",1600,1600,false],"thumbnail":["https:\/\/pophaw.com\/wp-content\/uploads\/2024\/12\/10001-7-150x150.webp",150,150,true],"medium":["https:\/\/pophaw.com\/wp-content\/uploads\/2024\/12\/10001-7-300x300.webp",300,300,true],"medium_large":["https:\/\/pophaw.com\/wp-content\/uploads\/2024\/12\/10001-7-768x768.webp",768,768,true],"large":["https:\/\/pophaw.com\/wp-content\/uploads\/2024\/12\/10001-7-1024x1024.webp",1024,1024,true],"ryviu-small":["https:\/\/pophaw.com\/wp-content\/uploads\/2024\/12\/10001-7.webp",40,40,false],"ryviu-medium":["https:\/\/pophaw.com\/wp-content\/uploads\/2024\/12\/10001-7.webp",132,132,false],"1536x1536":["https:\/\/pophaw.com\/wp-content\/uploads\/2024\/12\/10001-7-1536x1536.webp",1536,1536,true],"2048x2048":["https:\/\/pophaw.com\/wp-content\/uploads\/2024\/12\/10001-7.webp",1600,1600,false],"trp-custom-language-flag":["https:\/\/pophaw.com\/wp-content\/uploads\/2024\/12\/10001-7.webp",12,12,false],"woocommerce_thumbnail":["https:\/\/pophaw.com\/wp-content\/uploads\/2024\/12\/10001-7-300x300.webp",300,300,true],"woocommerce_single":["https:\/\/pophaw.com\/wp-content\/uploads\/2024\/12\/10001-7-600x600.webp",600,600,true],"woocommerce_gallery_thumbnail":["https:\/\/pophaw.com\/wp-content\/uploads\/2024\/12\/10001-7-100x100.webp",100,100,true]},"uagb_author_info":{"display_name":"Dr. Rowan","author_link":"https:\/\/pophaw.com\/de\/author\/"},"uagb_comment_info":0,"uagb_excerpt":"Ensures freedom of movement.","_links":{"self":[{"href":"https:\/\/pophaw.com\/de\/wp-json\/wp\/v2\/product\/9592","targetHints":{"allow":["GET"]}}],"collection":[{"href":"https:\/\/pophaw.com\/de\/wp-json\/wp\/v2\/product"}],"about":[{"href":"https:\/\/pophaw.com\/de\/wp-json\/wp\/v2\/types\/product"}],"wp:featuredmedia":[{"embeddable":true,"href":"https:\/\/pophaw.com\/de\/wp-json\/wp\/v2\/media\/9593"}],"wp:attachment":[{"href":"https:\/\/pophaw.com\/de\/wp-json\/wp\/v2\/media?parent=9592"}],"wp:term":[{"taxonomy":"product_brand","embeddable":true,"href":"https:\/\/pophaw.com\/de\/wp-json\/wp\/v2\/product_brand?post=9592"},{"taxonomy":"product_cat","embeddable":true,"href":"https:\/\/pophaw.com\/de\/wp-json\/wp\/v2\/product_cat?post=9592"},{"taxonomy":"product_tag","embeddable":true,"href":"https:\/\/pophaw.com\/de\/wp-json\/wp\/v2\/product_tag?post=9592"}],"curies":[{"name":"wp","href":"https:\/\/api.w.org\/{rel}","templated":true}]}}