{"id":9884,"date":"2025-01-06T23:41:57","date_gmt":"2025-01-07T07:41:57","guid":{"rendered":"https:\/\/pophaw.com\/?post_type=product&#038;p=9884"},"modified":"2025-01-25T23:25:49","modified_gmt":"2025-01-26T07:25:49","slug":"shiatsu-massagegerat-fur-rucken-und-nacken","status":"publish","type":"product","link":"https:\/\/pophaw.com\/de\/produkt\/shiatsu-massagegerat-fur-rucken-und-nacken\/","title":{"rendered":"Shiatsu-Massageger\u00e4t f\u00fcr R\u00fccken und Nacken"},"content":{"rendered":"<p><span style=\"font-size: 12pt;\">Shiatsu R\u00fccken- und Nackenmassageger\u00e4t Beheiztes R\u00fcckenmassageger\u00e4t U-Form tief knetendes elektrisches Massagekissen f\u00fcr Nacken Taille Bein K\u00f6rper<\/span><\/p>\n<ul class=\"a-unordered-list a-vertical a-spacing-mini\">\n<li class=\"a-spacing-mini\"><span class=\"a-list-item\" style=\"font-size: 12pt;\">EINFACHE &amp; SICHERE BEDIENUNG &amp; DREI ANGEPASSTE GESCHWINDIGKEITSMODUSEN R\u00fcckenmassageger\u00e4t: ein einfacher Druck auf den Einschaltknopf und Sie genie\u00dfen echten Komfort und Erleichterung. Nackenmassageger\u00e4t mit einem einzigartigen und flexiblen Band, k\u00f6nnen Sie leicht einstellen. Drei benutzerdefinierte Geschwindigkeit Modi gebenSie brauchen, um Ihren Hals zu massieren. Shiatsu Nacken- und R\u00fcckenmassageger\u00e4t \u00dcberhitzungsschutz und 10-Minuten-Auto-Shutdown-Funktion sorgen f\u00fcr eine sichere Nutzung (m\u00fcssen an das Stromnetz angeschlossen werden, um zu verwenden). (Kann manuell ausgeschaltet werden.)<\/span><\/li>\n<li class=\"a-spacing-mini\"><span class=\"a-list-item\" style=\"font-size: 12pt;\">TIEFERE KNEADENMASSAGE Das Nackenmassageger\u00e4t verf\u00fcgt \u00fcber acht in zwei Richtungen drehbare Knetmassagek\u00f6pfe. Das R\u00fcckenmassageger\u00e4t kann bei Bedarf auch in zwei Richtungen massieren und l\u00e4sst sich mit einem einfachen Schalter in eine Richtung umschalten. Wie Sie es von einem R\u00fcckenmassageger\u00e4t erwarten w\u00fcrden, kann das R\u00fccken- und Nackenmassageger\u00e4t auch den R\u00fccken, die Taille, die Gliedma\u00dfen und die Schultern massieren und dar\u00fcber hinaus sehr effektiv Ihren Nacken mit Komfort versorgen.<\/span><\/li>\n<li class=\"a-spacing-mini\"><span class=\"a-list-item\" style=\"font-size: 12pt;\">W\u00c4RMEFUNKTION Es ist wichtig, dass ein Nackenmassageger\u00e4t, das Sie kaufen m\u00f6chten, nicht nur einfach zu bedienen, sondern auch bequem ist. Unser Shiatsu-Nackenmassageger\u00e4t Pillow hat diese Eigenschaft. Ein Nackenmassageger\u00e4t ist leicht und \u00fcber einen langen Zeitraum hinweg bequem zu tragen. Dank der eingebauten Heizfunktion und des Nackenmassagekissens f\u00fcr zu Hause, im B\u00fcro, im Auto und auf Reisen, verf\u00fcgt es \u00fcber einen AC-Adapter und einen Autoadapter, die f\u00fcr Sie bequemer sind.<\/span><\/li>\n<li class=\"a-spacing-mini\"><span class=\"a-list-item\" style=\"font-size: 12pt;\">HALTBAR UND KOMFORTABEL Materialien Nacken- und Schultermassageger\u00e4t sind aus hochwertigem Leder und atmungsaktivem Mesh-Gewebe, und das R\u00fcckenmassageger\u00e4t ist einfach zu bedienen und zu reinigen. und erm\u00f6glichen es Ihnen, eine entspannende Massage zu genie\u00dfen. R\u00fcckenmassageger\u00e4t als Geschenk, das Nackenmassageger\u00e4t ist gut gestaltet. Ein R\u00fcckenmassageger\u00e4t ist ein guter Helfer f\u00fcr zu Hause und auf Reisen.<\/span><\/li>\n<li class=\"a-spacing-mini\"><span class=\"a-list-item\" style=\"font-size: 12pt;\">GREAT GIFT IDEA CHOICE&amp; WARRANTY SERVICE Perfekte Massageger\u00e4t Geschenke f\u00fcr Frauen\/M\u00e4nner\/Mutter\/Vater: einfach dieses Massageger\u00e4t an Ihre Freunde und Familien! Wenn Sie Fragen haben, z\u00f6gern Sie bitte nicht, uns zu kontaktieren, und wir werden innerhalb von 24 Stunden antworten. Genie\u00dfen Sie Ihren Kauf!<\/span><\/li>\n<\/ul>\n<p align=\"start\"><span style=\"font-size: 12pt;\"><strong>Spezifikation<\/strong><\/span><\/p>\n<p align=\"start\"><span style=\"font-size: 12pt;\">Anwendung: Ganzk\u00f6rper<\/span><\/p>\n<p align=\"start\"><span style=\"font-size: 12pt;\">Artikel-Typ: Massage &amp; Entspannung<\/span><\/p>\n<p align=\"start\"><span style=\"font-size: 12pt;\">Anwendungen: Zuhause, Auto, B\u00fcro<\/span><\/p>\n<p align=\"start\"><span style=\"font-size: 12pt;\">Stromversorgung: 12V Autoadapter, 110-220V Standardstecker<\/span><\/p>\n<p align=\"start\"><span style=\"font-size: 12pt;\">Aussehen des Massageger\u00e4ts: Massageger\u00e4t mit langen Griffen<\/span><\/p>\n<p align=\"start\"><span style=\"font-size: 12pt;\">Material: hochwertiges PU-Leder und atmungsaktives Netzgewebe<\/span><\/p>\n<p align=\"start\"><span style=\"font-size: 12pt;\">Spannung: 110-220V<\/span><\/p>\n<p align=\"start\"><span style=\"font-size: 12pt;\"><strong>Paket enthalten:\u00a0<\/strong><strong>(Ohne Box)<\/strong><\/span><\/p>\n<p align=\"start\"><span style=\"font-size: 12pt;\">1 x Massageger\u00e4t<\/span><\/p>\n<p align=\"start\"><span style=\"font-size: 12pt;\">1 x Adapter<\/span><\/p>\n<p align=\"start\"><span style=\"font-size: 12pt;\">1 x Autostromkabel<\/span><\/p>\n<p align=\"start\"><span style=\"font-size: 12pt;\">1 x Benutzerhandbuch<\/span><\/p>","protected":false},"excerpt":{"rendered":"<p>Elektrisches 4D Massage Kissen Vatertag Papa Geschenke von Tochter<\/p>","protected":false},"featured_media":9885,"template":"","meta":{"bwfblock_default_font":"","_uag_custom_page_level_css":"","site-sidebar-layout":"default","site-content-layout":"","ast-site-content-layout":"default","site-content-style":"default","site-sidebar-style":"default","ast-global-header-display":"","ast-banner-title-visibility":"","ast-main-header-display":"","ast-hfb-above-header-display":"","ast-hfb-below-header-display":"","ast-hfb-mobile-header-display":"","site-post-title":"","ast-breadcrumbs-content":"","ast-featured-img":"","footer-sml-layout":"","ast-disable-related-posts":"","theme-transparent-header-meta":"default","adv-header-id-meta":"","stick-header-meta":"default","header-above-stick-meta":"","header-main-stick-meta":"","header-below-stick-meta":"","astra-migrate-meta-layouts":"set","ast-page-background-enabled":"default","ast-page-background-meta":{"desktop":{"background-color":"","background-image":"","background-repeat":"repeat","background-position":"center center","background-size":"auto","background-attachment":"scroll","background-type":"","background-media":"","overlay-type":"","overlay-color":"","overlay-opacity":"","overlay-gradient":""},"tablet":{"background-color":"","background-image":"","background-repeat":"repeat","background-position":"center center","background-size":"auto","background-attachment":"scroll","background-type":"","background-media":"","overlay-type":"","overlay-color":"","overlay-opacity":"","overlay-gradient":""},"mobile":{"background-color":"","background-image":"","background-repeat":"repeat","background-position":"center center","background-size":"auto","background-attachment":"scroll","background-type":"","background-media":"","overlay-type":"","overlay-color":"","overlay-opacity":"","overlay-gradient":""}},"ast-content-background-meta":{"desktop":{"background-color":"var(--ast-global-color-5)","background-image":"","background-repeat":"repeat","background-position":"center center","background-size":"auto","background-attachment":"scroll","background-type":"","background-media":"","overlay-type":"","overlay-color":"","overlay-opacity":"","overlay-gradient":""},"tablet":{"background-color":"var(--ast-global-color-5)","background-image":"","background-repeat":"repeat","background-position":"center center","background-size":"auto","background-attachment":"scroll","background-type":"","background-media":"","overlay-type":"","overlay-color":"","overlay-opacity":"","overlay-gradient":""},"mobile":{"background-color":"var(--ast-global-color-5)","background-image":"","background-repeat":"repeat","background-position":"center center","background-size":"auto","background-attachment":"scroll","background-type":"","background-media":"","overlay-type":"","overlay-color":"","overlay-opacity":"","overlay-gradient":""}}},"product_brand":[73],"product_cat":[340,103,336],"product_tag":[],"class_list":{"0":"post-9884","1":"product","2":"type-product","3":"status-publish","4":"has-post-thumbnail","6":"product_brand-pophaw","7":"product_cat-massager","8":"product_cat-fitness-weight-management","9":"product_cat-healthcare-products","10":"desktop-align-center","11":"tablet-align-center","12":"mobile-align-center","13":"ast-product-gallery-layout-horizontal-slider","14":"ast-magnify-disabled","15":"ast-product-tabs-layout-horizontal","17":"first","18":"instock","19":"shipping-taxable","20":"purchasable","21":"product-type-simple"},"spectra_custom_meta":{"_edit_lock":["1738908818:1"],"_edit_last":["1"],"rank_math_seo_score":["84"],"rank_math_focus_keyword":["Back and Neck Massager"],"rank_math_description":["Shiatsu Back and Neck Massager Heated Back Massager U Shape Deep Kneading Electric Massage Pillow For Neck Waist Leg Body"],"_thumbnail_id":["9885"],"_admin_notes":["https:\/\/detail.1688.com\/offer\/781305792690.html?spm=a261y.7663282.1081181309812.1.15811fc2JteABl&sk=consign"],"_custom_product_field":[""],"_sku":["PH11335016"],"_global_unique_id":["17841900187459"],"_regular_price":["29.99"],"total_sales":["0"],"_tax_status":["taxable"],"_tax_class":[""],"_manage_stock":["no"],"_backorders":["no"],"_sold_individually":["no"],"_virtual":["no"],"_downloadable":["no"],"_download_limit":["-1"],"_download_expiry":["-1"],"_stock":[null],"_stock_status":["instock"],"_wc_average_rating":["0"],"_wc_review_count":["0"],"_product_version":["9.6.0"],"_price":["29.99"],"_wc_gla_visibility":["sync-and-show"],"_wc_gla_sync_status":["synced"],"_product_image_gallery":["9886,9887,9888,9889,9890"],"_wc_facebook_sync_enabled":["yes"],"fb_visibility":["yes"],"fb_product_description":[""],"_wc_facebook_product_image_source":["product"],"_wc_facebook_commerce_enabled":["no"],"fb_product_group_id":["28292300303717537"],"rank_math_primary_product_brand":["73"],"rank_math_primary_product_cat":["340"],"rank_math_primary_fb_product_set":["0"],"site-sidebar-layout":["default"],"ast-site-content-layout":["default"],"site-content-style":["default"],"site-sidebar-style":["default"],"theme-transparent-header-meta":["default"],"astra-migrate-meta-layouts":["set"],"stick-header-meta":["default"],"rank_math_analytic_object_id":["192"],"fb_product_item_id":["28292300763717491"],"_wc_gla_synced_at":["1776049267"],"_wc_gla_google_ids":["a:1:{s:2:\"US\";s:21:\"online:en:US:gla_9884\";}"],"wp_statistics_words_count":["378"],"wpil_sync_report3":["1"],"wpil_links_inbound_internal_count":["0"],"wpil_links_inbound_internal_count_data":["eJxLtDKwqq4FAAZPAf4="],"wpil_links_outbound_internal_count":["0"],"wpil_links_outbound_internal_count_data":["eJxLtDKwqq4FAAZPAf4="],"wpil_links_outbound_external_count":["0"],"wpil_links_outbound_external_count_data":["eJxLtDKwqq4FAAZPAf4="],"wpil_sync_report2_time":["2025-01-27T07:29:10+00:00"],"classic-editor-remember":["classic-editor"],"omnisend_last_sync":["2025-05-16T11:05:10+00:00"],"surerank_settings_general":["a:7:{s:9:\"separator\";s:1:\"-\";s:10:\"page_title\";s:21:\"%title% - %site_name%\";s:25:\"auto_generate_description\";b:1;s:16:\"page_description\";s:121:\"Shiatsu Back and Neck Massager Heated Back Massager U Shape Deep Kneading Electric Massage Pillow For Neck Waist Leg Body\";s:16:\"auto_description\";s:158:\"Shiatsu Back and Neck Massager Heated Back Massager U Shape Deep Kneading Electric Massage Pillow For Neck Waist Leg Body Specification Application: Full body\";s:14:\"fallback_image\";s:0:\"\";s:13:\"canonical_url\";s:58:\"https:\/\/pophaw.com\/product\/shiatsu-back-and-neck-massager\/\";}"],"surerank_settings_post_no_index":["no"],"surerank_settings_post_no_follow":["no"],"surerank_settings_post_no_archive":["no"],"surerank_settings_social":["a:23:{s:15:\"open_graph_tags\";b:1;s:18:\"facebook_meta_tags\";b:1;s:17:\"twitter_meta_tags\";b:1;s:16:\"oembeded_scripts\";b:1;s:17:\"oembeded_og_title\";b:1;s:22:\"oembeded_social_images\";b:1;s:27:\"oembeded_remove_author_name\";b:1;s:17:\"facebook_page_url\";s:54:\"https:\/\/www.facebook.com\/profile.php?id=61571207938497\";s:24:\"facebook_author_fallback\";s:0:\"\";s:17:\"twitter_card_type\";s:19:\"summary_large_image\";s:24:\"twitter_same_as_facebook\";b:1;s:24:\"twitter_profile_username\";s:0:\"\";s:24:\"twitter_profile_fallback\";s:0:\"\";s:14:\"facebook_title\";s:21:\"%title% - %site_name%\";s:20:\"facebook_description\";s:9:\"%content%\";s:18:\"facebook_image_url\";s:58:\"https:\/\/pophaw.com\/wp-content\/uploads\/2025\/01\/image_1.webp\";s:17:\"facebook_image_id\";i:9885;s:20:\"facebook_image_width\";i:1500;s:21:\"facebook_image_height\";i:1468;s:13:\"twitter_title\";s:21:\"%title% - %site_name%\";s:19:\"twitter_description\";s:9:\"%content%\";s:17:\"twitter_image_url\";s:58:\"https:\/\/pophaw.com\/wp-content\/uploads\/2025\/01\/image_1.webp\";s:16:\"twitter_image_id\";i:9885;}"],"surerank_migration":["1"],"astra_style_timestamp_css":["1776892945"],"wwpp_product_wholesale_visibility_filter":["all"],"_uag_css_file_name":["uag-css-9884.css"],"rank_math_internal_links_processed":["1"],"_wc_gla_mc_status":["approved"],"_uag_page_assets":["a:9:{s:3:\"css\";s:0:\"\";s:2:\"js\";s:0:\"\";s:18:\"current_block_list\";a:15:{i:0;s:23:\"surecart\/slide-out-cart\";i:1;s:30:\"surecart\/slide-out-cart-header\";i:2;s:29:\"surecart\/slide-out-cart-items\";i:3;s:30:\"surecart\/slide-out-cart-coupon\";i:4;s:32:\"surecart\/slide-out-cart-subtotal\";i:5;s:38:\"surecart\/slide-out-cart-bump-line-item\";i:6;s:30:\"surecart\/slide-out-cart-submit\";i:7;s:11:\"core\/search\";i:8;s:10:\"core\/group\";i:9;s:12:\"core\/heading\";i:10;s:17:\"core\/latest-posts\";i:11;s:20:\"core\/latest-comments\";i:12;s:13:\"core\/archives\";i:13;s:15:\"core\/categories\";i:14;s:14:\"core\/shortcode\";}s:8:\"uag_flag\";b:0;s:11:\"uag_version\";s:10:\"1776869369\";s:6:\"gfonts\";a:0:{}s:10:\"gfonts_url\";s:0:\"\";s:12:\"gfonts_files\";a:0:{}s:14:\"uag_faq_layout\";b:0;}"]},"uagb_featured_image_src":{"full":["https:\/\/pophaw.com\/wp-content\/uploads\/2025\/01\/image_1.webp",1500,1468,false],"thumbnail":["https:\/\/pophaw.com\/wp-content\/uploads\/2025\/01\/image_1-150x150.webp",150,150,true],"medium":["https:\/\/pophaw.com\/wp-content\/uploads\/2025\/01\/image_1-300x294.webp",300,294,true],"medium_large":["https:\/\/pophaw.com\/wp-content\/uploads\/2025\/01\/image_1-768x752.webp",768,752,true],"large":["https:\/\/pophaw.com\/wp-content\/uploads\/2025\/01\/image_1-1024x1002.webp",1024,1002,true],"ryviu-small":["https:\/\/pophaw.com\/wp-content\/uploads\/2025\/01\/image_1.webp",40,40,false],"ryviu-medium":["https:\/\/pophaw.com\/wp-content\/uploads\/2025\/01\/image_1.webp",132,129,false],"1536x1536":["https:\/\/pophaw.com\/wp-content\/uploads\/2025\/01\/image_1.webp",1500,1468,false],"2048x2048":["https:\/\/pophaw.com\/wp-content\/uploads\/2025\/01\/image_1.webp",1500,1468,false],"trp-custom-language-flag":["https:\/\/pophaw.com\/wp-content\/uploads\/2025\/01\/image_1.webp",12,12,false],"woocommerce_thumbnail":["https:\/\/pophaw.com\/wp-content\/uploads\/2025\/01\/image_1-300x300.webp",300,300,true],"woocommerce_single":["https:\/\/pophaw.com\/wp-content\/uploads\/2025\/01\/image_1-600x587.webp",600,587,true],"woocommerce_gallery_thumbnail":["https:\/\/pophaw.com\/wp-content\/uploads\/2025\/01\/image_1-100x100.webp",100,100,true]},"uagb_author_info":{"display_name":"Dr. Rowan","author_link":"https:\/\/pophaw.com\/de\/author\/"},"uagb_comment_info":0,"uagb_excerpt":"Electric 4D Massage Pillow Fathers Day Dad Gifts from Daughter","_links":{"self":[{"href":"https:\/\/pophaw.com\/de\/wp-json\/wp\/v2\/product\/9884","targetHints":{"allow":["GET"]}}],"collection":[{"href":"https:\/\/pophaw.com\/de\/wp-json\/wp\/v2\/product"}],"about":[{"href":"https:\/\/pophaw.com\/de\/wp-json\/wp\/v2\/types\/product"}],"wp:featuredmedia":[{"embeddable":true,"href":"https:\/\/pophaw.com\/de\/wp-json\/wp\/v2\/media\/9885"}],"wp:attachment":[{"href":"https:\/\/pophaw.com\/de\/wp-json\/wp\/v2\/media?parent=9884"}],"wp:term":[{"taxonomy":"product_brand","embeddable":true,"href":"https:\/\/pophaw.com\/de\/wp-json\/wp\/v2\/product_brand?post=9884"},{"taxonomy":"product_cat","embeddable":true,"href":"https:\/\/pophaw.com\/de\/wp-json\/wp\/v2\/product_cat?post=9884"},{"taxonomy":"product_tag","embeddable":true,"href":"https:\/\/pophaw.com\/de\/wp-json\/wp\/v2\/product_tag?post=9884"}],"curies":[{"name":"wp","href":"https:\/\/api.w.org\/{rel}","templated":true}]}}