{"id":9921,"date":"2025-01-07T19:05:51","date_gmt":"2025-01-08T03:05:51","guid":{"rendered":"https:\/\/pophaw.com\/?post_type=product&#038;p=9921"},"modified":"2025-01-25T23:26:20","modified_gmt":"2025-01-26T07:26:20","slug":"35w-einweg-hautklammergerat","status":"publish","type":"product","link":"https:\/\/pophaw.com\/de\/produkt\/35w-einweg-hautklammergerat\/","title":{"rendered":"35W Einweg-Hautklammerger\u00e4t"},"content":{"rendered":"<h2><strong>Was ist ein Einweg-Hautklammerger\u00e4t?<\/strong><\/h2>\n<p>Ein Einweg-Hautklammerger\u00e4t ist ein medizinisches Ger\u00e4t f\u00fcr den einmaligen Gebrauch, mit dem Wunden schnell und effizient durch Einsetzen von chirurgischen Klammern in die Haut verschlossen werden k\u00f6nnen. Im Gegensatz zu herk\u00f6mmlichen Nahtmethoden verk\u00fcrzen Hautklammerger\u00e4te die Verschlusszeit erheblich, minimieren das Infektionsrisiko und liefern konsistente Ergebnisse.<\/p>\n<p>Die <strong>35W Einweg <a href=\"https:\/\/pophaw.com\/de\/produkt\/medizinisches-hautklammergerat-35w\/\">Hautklammerger\u00e4t<\/a><\/strong> ist ein kompaktes und leichtes Instrument, das mit 35 sterilen Klammern best\u00fcckt ist. Es wird h\u00e4ufig in Notaufnahmen, Operationss\u00e4len und sogar bei tier\u00e4rztlichen Eingriffen verwendet. Das Ger\u00e4t ist ergonomisch gestaltet und gew\u00e4hrleistet Komfort und Pr\u00e4zision f\u00fcr medizinisches Fachpersonal und eine einfache Handhabung f\u00fcr nichtmedizinisches Personal in bestimmten Situationen.<\/p>\n<h2>Hauptmerkmale des 35W Skin Staplers<\/h2>\n<p>Der 35W Einweg-Hautklammerer zeichnet sich durch seine Zuverl\u00e4ssigkeit, Sterilit\u00e4t und Leistung aus. Die wichtigsten Merkmale sind:<\/p>\n<ol>\n<li><strong>Vorgeladen mit 35 sterilen Heftklammern<\/strong>:<br \/>\nJeder Hefter ist mit 35 hochwertigen Klammern vorgeladen, was die Vorbereitungszeit reduziert und eine sterile Anwendung gew\u00e4hrleistet.<\/li>\n<li><strong>Ergonomisches Design<\/strong>:<br \/>\nDurch sein geringes Gewicht und sein konturiertes Design ist der Hefter auch bei l\u00e4ngeren Arbeiten leicht zu handhaben. Der Griff sorgt f\u00fcr Stabilit\u00e4t und Pr\u00e4zision bei der Anwendung.<\/li>\n<li><strong>Einmalgebrauch f\u00fcr die Hygiene<\/strong>:<br \/>\nEntwickelt f\u00fcr den einmaligen Gebrauch, um Kreuzkontaminationen zu vermeiden und maximale Sterilit\u00e4t zu gew\u00e4hrleisten, ist es ideal f\u00fcr medizinische und Notfallbereiche.<\/li>\n<li><strong>Konsistente Heftklammerplatzierung<\/strong>:<br \/>\nDas Ger\u00e4t erm\u00f6glicht eine gleichm\u00e4\u00dfige Platzierung der Klammern und gew\u00e4hrleistet einen effektiven Wundverschluss mit minimaler Narbenbildung.<\/li>\n<li><strong>Kosteneffiziente L\u00f6sung<\/strong>:<br \/>\nDa es sich um ein Einwegger\u00e4t handelt, entf\u00e4llt der Bedarf an Sterilisationsger\u00e4ten, was Zeit und Ressourcen f\u00fcr medizinische Einrichtungen spart.<\/li>\n<\/ol>\n<h2>Anwendungen: Wer sollte diesen Hefter verwenden?<\/h2>\n<p>Die <strong>35W Einweg-Hautklammerger\u00e4t<\/strong> ist vielseitig und wird in verschiedenen medizinischen und veterin\u00e4rmedizinischen Bereichen eingesetzt. Es ist ideal f\u00fcr:<\/p>\n<ol>\n<li><strong>Medizinische Fachkr\u00e4fte f\u00fcr Notf\u00e4lle<\/strong>:<\/li>\n<li><strong>Chirurgen und Gesundheitsdienstleister<\/strong>:<\/li>\n<li><strong>Tier\u00e4rztinnen und Tier\u00e4rzte<\/strong>:<\/li>\n<li><strong>Ersthelfer und Sanit\u00e4ter vor Ort<\/strong>:<\/li>\n<li><strong>DIY Medizinische Bereitschaft<\/strong>:<\/li>\n<\/ol>\n<p>&nbsp;<\/p>\n<table>\n<thead>\n<tr>\n<th>Merkmal<\/th>\n<th>35W Einweg-Hautklammerger\u00e4t<\/th>\n<th>Traditionelle Methoden des Hautverschlusses<\/th>\n<\/tr>\n<\/thead>\n<tbody>\n<tr>\n<td>Sterilit\u00e4t<\/td>\n<td>Ja<\/td>\n<td>Variiert<\/td>\n<\/tr>\n<tr>\n<td>Einweg-Convenience<\/td>\n<td>Ja<\/td>\n<td>Nein<\/td>\n<\/tr>\n<tr>\n<td>Kosteng\u00fcnstig<\/td>\n<td>Ja<\/td>\n<td>M\u00e4\u00dfig<\/td>\n<\/tr>\n<\/tbody>\n<\/table>\n<p>&nbsp;<\/p>\n<p><strong>Beschreibung:<\/strong><\/p>\n<p>Material:Kunststoff<\/p>\n<p>Nahtklammerger\u00e4t Gr\u00f6\u00dfe: 15*8cm\/5.9*3.15<\/p>\n<p>Farbe:Wei\u00df<\/p>\n<p>Menge:1St\u00fcck<\/p>\n<div style=\"width: 1024px;\" class=\"wp-video\"><video class=\"wp-video-shortcode\" id=\"video-9921-1\" width=\"1024\" height=\"576\" preload=\"metadata\" controls=\"controls\"><source type=\"video\/mp4\" src=\"https:\/\/pophaw.com\/wp-content\/uploads\/2025\/01\/skin-stapler.mp4?_=1\" \/><a href=\"https:\/\/pophaw.com\/wp-content\/uploads\/2025\/01\/skin-stapler.mp4\">https:\/\/pophaw.com\/wp-content\/uploads\/2025\/01\/skin-stapler.mp4<\/a><\/video><\/div>\n<p>&nbsp;<\/p>\n<h2><strong>FAQ<\/strong><\/h2>\n<h3><strong>1. Kann ich das 35-W-Heftger\u00e4t f\u00fcr tier\u00e4rztliche Zwecke verwenden?<\/strong><\/h3>\n<p>Ja, der 35W Einweg-Hautklammerer ist f\u00fcr tier\u00e4rztliche Anwendungen geeignet. Er wird von Tier\u00e4rzten h\u00e4ufig f\u00fcr den Wundverschluss bei Tieren nach chirurgischen Eingriffen oder Verletzungen verwendet. Das sterile Einwegdesign gew\u00e4hrleistet Hygiene und minimiert das Infektionsrisiko, so dass es sowohl f\u00fcr kleine als auch f\u00fcr gro\u00dfe Tiere eine zuverl\u00e4ssige Wahl ist. Es wird jedoch empfohlen, einen Tierarzt zu konsultieren, um sich \u00fcber die richtige Anwendung und Technik zu informieren.<\/p>\n<h3><strong>2. Wie entferne ich mit diesem Ger\u00e4t angebrachte Heftklammern?<\/strong><\/h3>\n<p>Zum sicheren Entfernen von Klammern, die mit dem 35W Einweg-Hautklammerger\u00e4t angebracht wurden, ben\u00f6tigen Sie einen <strong>Heftklammerentferner<\/strong> speziell f\u00fcr chirurgische Klammern entwickelt. Befolgen Sie diese Schritte:<\/p>\n<ol>\n<li>\n<h4><strong>Bereiten Sie den Bereich vor<\/strong>:<\/h4>\n<ul>\n<li>Reinigen Sie den Wundbereich mit einer antiseptischen L\u00f6sung, um das Risiko einer Infektion zu verringern.<\/li>\n<li>Vergewissern Sie sich, dass die Wunde ausreichend verheilt ist, bevor Sie die Klammern entfernen (ziehen Sie im Zweifelsfall einen Arzt zu Rate).<\/li>\n<\/ul>\n<\/li>\n<li>\n<h4><strong>Positionieren Sie die <a href=\"https:\/\/pophaw.com\/de\/produkt\/kit-zur-entfernung-von-hautklammern\/\">Klammerentferner<\/a><\/strong>:<\/h4>\n<ul>\n<li>Schieben Sie die Spitze des Heftklammerentferners unter die Mitte der Heftklammer.<\/li>\n<li>Dr\u00fccken Sie leicht auf den Griff, um die Klammerenden aus der Haut zu heben.<\/li>\n<\/ul>\n<\/li>\n<li>\n<h4><strong>Entfernen Sie die Heftklammer<\/strong>:<\/h4>\n<ul>\n<li>Sobald die Klammer gel\u00f6st ist, heben Sie sie vorsichtig von der Wunde ab.<\/li>\n<li>Wiederholen Sie den Vorgang f\u00fcr jede Klammer, bis alle entfernt sind.<\/li>\n<\/ul>\n<\/li>\n<li>\n<h4><strong>Pflege nach der Entnahme<\/strong>:<\/h4>\n<ul>\n<li>Reinigen Sie die Wunde erneut und legen Sie gegebenenfalls einen Verband an.<\/li>\n<li>\u00dcberwachen Sie den Bereich auf Anzeichen einer Infektion, wie R\u00f6tung, Schwellung oder Ausfluss.<\/li>\n<\/ul>\n<\/li>\n<\/ol>\n<p>Wenn Sie in der Entfernung von Klammern nicht ge\u00fcbt sind, sollten Sie sich unbedingt von einem Arzt oder Tierarzt helfen lassen, um Komplikationen zu vermeiden.<\/p>","protected":false},"excerpt":{"rendered":"<p id=\"title\" class=\"a-size-large a-spacing-none\"><span id=\"productTitle\" class=\"a-size-large product-title-word-break\">35 W Tier\u00e4rztliche und medizinische Erste-Hilfe-Leistungen<\/span><\/p>","protected":false},"featured_media":9922,"template":"","meta":{"bwfblock_default_font":"","_uag_custom_page_level_css":"","site-sidebar-layout":"default","site-content-layout":"","ast-site-content-layout":"default","site-content-style":"default","site-sidebar-style":"default","ast-global-header-display":"","ast-banner-title-visibility":"","ast-main-header-display":"","ast-hfb-above-header-display":"","ast-hfb-below-header-display":"","ast-hfb-mobile-header-display":"","site-post-title":"","ast-breadcrumbs-content":"","ast-featured-img":"","footer-sml-layout":"","ast-disable-related-posts":"","theme-transparent-header-meta":"default","adv-header-id-meta":"","stick-header-meta":"default","header-above-stick-meta":"","header-main-stick-meta":"","header-below-stick-meta":"","astra-migrate-meta-layouts":"set","ast-page-background-enabled":"default","ast-page-background-meta":{"desktop":{"background-color":"","background-image":"","background-repeat":"repeat","background-position":"center center","background-size":"auto","background-attachment":"scroll","background-type":"","background-media":"","overlay-type":"","overlay-color":"","overlay-opacity":"","overlay-gradient":""},"tablet":{"background-color":"","background-image":"","background-repeat":"repeat","background-position":"center center","background-size":"auto","background-attachment":"scroll","background-type":"","background-media":"","overlay-type":"","overlay-color":"","overlay-opacity":"","overlay-gradient":""},"mobile":{"background-color":"","background-image":"","background-repeat":"repeat","background-position":"center center","background-size":"auto","background-attachment":"scroll","background-type":"","background-media":"","overlay-type":"","overlay-color":"","overlay-opacity":"","overlay-gradient":""}},"ast-content-background-meta":{"desktop":{"background-color":"var(--ast-global-color-5)","background-image":"","background-repeat":"repeat","background-position":"center center","background-size":"auto","background-attachment":"scroll","background-type":"","background-media":"","overlay-type":"","overlay-color":"","overlay-opacity":"","overlay-gradient":""},"tablet":{"background-color":"var(--ast-global-color-5)","background-image":"","background-repeat":"repeat","background-position":"center center","background-size":"auto","background-attachment":"scroll","background-type":"","background-media":"","overlay-type":"","overlay-color":"","overlay-opacity":"","overlay-gradient":""},"mobile":{"background-color":"var(--ast-global-color-5)","background-image":"","background-repeat":"repeat","background-position":"center center","background-size":"auto","background-attachment":"scroll","background-type":"","background-media":"","overlay-type":"","overlay-color":"","overlay-opacity":"","overlay-gradient":""}}},"product_brand":[73],"product_cat":[337,102,336],"product_tag":[],"class_list":{"0":"post-9921","1":"product","2":"type-product","3":"status-publish","4":"has-post-thumbnail","6":"product_brand-pophaw","7":"product_cat-first-aid","8":"product_cat-first-aid-emergency-kits","9":"product_cat-healthcare-products","10":"desktop-align-center","11":"tablet-align-center","12":"mobile-align-center","13":"ast-product-gallery-layout-horizontal-slider","14":"ast-magnify-disabled","15":"ast-product-single-variable","16":"ast-product-tabs-layout-horizontal","18":"first","19":"instock","20":"sale","21":"shipping-taxable","22":"purchasable","23":"product-type-variable"},"spectra_custom_meta":{"_edit_lock":["1737876380:1"],"_edit_last":["1"],"rank_math_seo_score":["93"],"rank_math_focus_keyword":["Disposable Skin Stapler"],"rank_math_description":["This is an individual single-use sterile disposable skin stapler containing 35 wide staples. We sell them individually and also in cases of 2 or 3."],"_thumbnail_id":["9922"],"_admin_notes":[""],"_custom_product_field":[""],"total_sales":["3"],"_tax_status":["taxable"],"_tax_class":[""],"_manage_stock":["no"],"_backorders":["no"],"_sold_individually":["no"],"_virtual":["no"],"_downloadable":["no"],"_download_limit":["-1"],"_download_expiry":["-1"],"_stock":[null],"_stock_status":["instock"],"_wc_average_rating":["5.00"],"_wc_review_count":["2"],"_product_version":["9.6.0"],"_wc_gla_visibility":["sync-and-show"],"_product_image_gallery":["9923,9924,9925,9926,9927"],"_wc_facebook_sync_enabled":["yes"],"fb_visibility":["yes"],"fb_product_description":[""],"_wc_facebook_product_image_source":["product"],"_wc_facebook_commerce_enabled":["no"],"fb_product_group_id":["8767061670090024"],"rank_math_primary_product_brand":["73"],"rank_math_primary_product_cat":["337"],"rank_math_primary_fb_product_set":["0"],"site-sidebar-layout":["default"],"ast-site-content-layout":["default"],"site-content-style":["default"],"site-sidebar-style":["default"],"theme-transparent-header-meta":["default"],"stick-header-meta":["default"],"rank_math_analytic_object_id":["197"],"fb_product_item_id":["8767062073423317"],"_product_attributes":["a:1:{s:20:\"pa_quantity-per-case\";a:6:{s:4:\"name\";s:20:\"pa_quantity-per-case\";s:5:\"value\";s:0:\"\";s:8:\"position\";i:0;s:10:\"is_visible\";i:0;s:12:\"is_variation\";i:1;s:11:\"is_taxonomy\";i:1;}}"],"_wc_gla_sync_status":["synced"],"_wc_gla_synced_at":["1776049267"],"_wc_gla_google_ids":["a:1:{s:2:\"US\";s:21:\"online:en:US:gla_9930\";}"],"_sku":["PH11335020"],"_global_unique_id":["17841900187688"],"classic-editor-remember":["classic-editor"],"_wc_gla_brand":["Pophaw"],"_price":["6.95","13.4","19.5"],"rank_math_schema_WooCommerceProduct":["a:2:{s:8:\"metadata\";a:4:{s:4:\"type\";s:8:\"template\";s:9:\"shortcode\";s:38:\"s-25712791-a508-421c-a1f8-1f6a3b052111\";s:9:\"isPrimary\";s:1:\"1\";s:5:\"title\";s:19:\"WooCommerce Product\";}s:5:\"@type\";s:18:\"WooCommerceProduct\";}"],"rank_math_shortcode_schema_s-25712791-a508-421c-a1f8-1f6a3b052111":["77903"],"_ppcp_button_position":["bottom"],"_upsell_ids":["a:1:{i:0;i:9942;}"],"wp_statistics_words_count":["508"],"rank_math_schema_VideoObject":["a:12:{s:5:\"@type\";s:11:\"VideoObject\";s:8:\"metadata\";a:8:{s:5:\"title\";s:5:\"Video\";s:4:\"type\";s:8:\"template\";s:9:\"shortcode\";s:15:\"s-679354cb075c3\";s:9:\"isPrimary\";b:0;s:23:\"reviewLocationShortcode\";s:24:\"[rank_math_rich_snippet]\";s:8:\"category\";s:12:\"%categories%\";s:4:\"tags\";s:6:\"%tags%\";s:15:\"isAutoGenerated\";b:1;}s:4:\"name\";s:11:\"%seo_title%\";s:11:\"description\";s:17:\"%seo_description%\";s:10:\"uploadDate\";s:20:\"%date(Y-m-dTH:i:sP)%\";s:12:\"thumbnailUrl\";s:16:\"%post_thumbnail%\";s:8:\"embedUrl\";s:0:\"\";s:10:\"contentUrl\";s:62:\"https:\/\/pophaw.com\/wp-content\/uploads\/2025\/01\/skin-stapler.mp4\";s:8:\"duration\";s:0:\"\";s:5:\"width\";i:1024;s:6:\"height\";i:576;s:16:\"isFamilyFriendly\";b:1;}"],"_wc_rating_count":["a:1:{i:5;i:1;}"],"astra-migrate-meta-layouts":["set"],"wpil_sync_report3":["1"],"wpil_links_inbound_internal_count":["0"],"wpil_links_inbound_internal_count_data":["eJxLtDKwqq4FAAZPAf4="],"wpil_links_outbound_internal_count":["3"],"wpil_links_outbound_internal_count_data":["eJzdVE1v2zAM\/SuF7q5sN+5a5S\/sC+1hR0GVlYSILAkSvbQY8t9HWV7qrkUP6zCgu4kUH\/n4SFCJC\/EDRL3+IppOsG8BrPzke2PlR3B7Jhr6TuKDYJZMCT1b5+BEKDZGy+jVtYLtEEMSnAcfdupwrv3AQ\/T9qJEPpgetbJX24KqEKlgTq4vuwDN2RVCfMD+bWrBHePZcCQYOTXSK6tyJpsSHKf4Z26\/ZPbMlQoXo9XXTZoaCIaA1bP255MCHYNgyXRKXghE5HFMJooa1p+IOi90VAdIpRbLjthiE1Bb0r7+rKScgeFccmaiPW+VAS4xqswF9ApI26OMc1wim9Eb+Xtd5pyfqxwminN5lCAGoz1tS9ey2qMrmYqrvTS\/vHmQgjuCydnUhZr1WhdjTDkmyep7wYQcpmCh1NArNadyZHCSpRvQ5bOmmnjSx2C6WI7sHGr818kl0OxeZCt9j8R+BRvvH23f58vYdQjV3x8dgveoTb+u243XDl4t4PoTVm\/ZwnuPjUP4On\/c5xvYNR6R59YgsNKqiGfx3Oih7wH9zQ1b\/8w0hGuV8nN1kXd\/vFTn+BK38Mh0="],"wpil_links_outbound_external_count":["0"],"wpil_links_outbound_external_count_data":["eJxLtDKwqq4FAAZPAf4="],"wpil_sync_report2_time":["2025-01-27T07:29:10+00:00"],"omnisend_last_sync":["2025-05-16T11:05:10+00:00"],"_wc_facebook_sync_enabled_v2":["yes"],"surerank_settings_general":["a:7:{s:9:\"separator\";s:1:\"-\";s:10:\"page_title\";s:21:\"%title% - %site_name%\";s:25:\"auto_generate_description\";b:1;s:16:\"page_description\";s:147:\"This is an individual single-use sterile disposable skin stapler containing 35 wide staples. We sell them individually and also in cases of 2 or 3.\";s:16:\"auto_description\";s:153:\"What is a Disposable Skin Stapler? A disposable skin stapler is a single-use medical device designed to close wounds quickly and efficiently by inserting\";s:14:\"fallback_image\";s:0:\"\";s:13:\"canonical_url\";s:55:\"https:\/\/pophaw.com\/product\/35w-disposable-skin-stapler\/\";}"],"surerank_settings_post_no_index":["no"],"surerank_settings_post_no_follow":["no"],"surerank_settings_post_no_archive":["no"],"surerank_settings_social":["a:23:{s:15:\"open_graph_tags\";b:1;s:18:\"facebook_meta_tags\";b:1;s:17:\"twitter_meta_tags\";b:1;s:16:\"oembeded_scripts\";b:1;s:17:\"oembeded_og_title\";b:1;s:22:\"oembeded_social_images\";b:1;s:27:\"oembeded_remove_author_name\";b:1;s:17:\"facebook_page_url\";s:54:\"https:\/\/www.facebook.com\/profile.php?id=61571207938497\";s:24:\"facebook_author_fallback\";s:0:\"\";s:17:\"twitter_card_type\";s:19:\"summary_large_image\";s:24:\"twitter_same_as_facebook\";b:1;s:24:\"twitter_profile_username\";s:0:\"\";s:24:\"twitter_profile_fallback\";s:0:\"\";s:14:\"facebook_title\";s:21:\"%title% - %site_name%\";s:20:\"facebook_description\";s:9:\"%content%\";s:18:\"facebook_image_url\";s:58:\"https:\/\/pophaw.com\/wp-content\/uploads\/2025\/01\/10006-2.webp\";s:17:\"facebook_image_id\";i:9922;s:20:\"facebook_image_width\";i:800;s:21:\"facebook_image_height\";i:800;s:13:\"twitter_title\";s:21:\"%title% - %site_name%\";s:19:\"twitter_description\";s:9:\"%content%\";s:17:\"twitter_image_url\";s:58:\"https:\/\/pophaw.com\/wp-content\/uploads\/2025\/01\/10006-2.webp\";s:16:\"twitter_image_id\";i:9922;}"],"surerank_migration":["1"],"astra_style_timestamp_css":["1776912194"],"wwpp_product_wholesale_visibility_filter":["all"],"_uag_css_file_name":["uag-css-9921.css"],"rank_math_internal_links_processed":["1"],"_uag_page_assets":["a:9:{s:3:\"css\";s:0:\"\";s:2:\"js\";s:0:\"\";s:18:\"current_block_list\";a:15:{i:0;s:23:\"surecart\/slide-out-cart\";i:1;s:30:\"surecart\/slide-out-cart-header\";i:2;s:29:\"surecart\/slide-out-cart-items\";i:3;s:30:\"surecart\/slide-out-cart-coupon\";i:4;s:32:\"surecart\/slide-out-cart-subtotal\";i:5;s:38:\"surecart\/slide-out-cart-bump-line-item\";i:6;s:30:\"surecart\/slide-out-cart-submit\";i:7;s:11:\"core\/search\";i:8;s:10:\"core\/group\";i:9;s:12:\"core\/heading\";i:10;s:17:\"core\/latest-posts\";i:11;s:20:\"core\/latest-comments\";i:12;s:13:\"core\/archives\";i:13;s:15:\"core\/categories\";i:14;s:14:\"core\/shortcode\";}s:8:\"uag_flag\";b:0;s:11:\"uag_version\";s:10:\"1776869369\";s:6:\"gfonts\";a:0:{}s:10:\"gfonts_url\";s:0:\"\";s:12:\"gfonts_files\";a:0:{}s:14:\"uag_faq_layout\";b:0;}"],"_wc_gla_mc_status":["approved"]},"uagb_featured_image_src":{"full":["https:\/\/pophaw.com\/wp-content\/uploads\/2025\/01\/10006-2.webp",800,800,false],"thumbnail":["https:\/\/pophaw.com\/wp-content\/uploads\/2025\/01\/10006-2-150x150.webp",150,150,true],"medium":["https:\/\/pophaw.com\/wp-content\/uploads\/2025\/01\/10006-2-300x300.webp",300,300,true],"medium_large":["https:\/\/pophaw.com\/wp-content\/uploads\/2025\/01\/10006-2-768x768.webp",768,768,true],"large":["https:\/\/pophaw.com\/wp-content\/uploads\/2025\/01\/10006-2.webp",800,800,false],"ryviu-small":["https:\/\/pophaw.com\/wp-content\/uploads\/2025\/01\/10006-2.webp",40,40,false],"ryviu-medium":["https:\/\/pophaw.com\/wp-content\/uploads\/2025\/01\/10006-2.webp",132,132,false],"1536x1536":["https:\/\/pophaw.com\/wp-content\/uploads\/2025\/01\/10006-2.webp",800,800,false],"2048x2048":["https:\/\/pophaw.com\/wp-content\/uploads\/2025\/01\/10006-2.webp",800,800,false],"trp-custom-language-flag":["https:\/\/pophaw.com\/wp-content\/uploads\/2025\/01\/10006-2.webp",12,12,false],"woocommerce_thumbnail":["https:\/\/pophaw.com\/wp-content\/uploads\/2025\/01\/10006-2-300x300.webp",300,300,true],"woocommerce_single":["https:\/\/pophaw.com\/wp-content\/uploads\/2025\/01\/10006-2-600x600.webp",600,600,true],"woocommerce_gallery_thumbnail":["https:\/\/pophaw.com\/wp-content\/uploads\/2025\/01\/10006-2-100x100.webp",100,100,true]},"uagb_author_info":{"display_name":"Dr. Rowan","author_link":"https:\/\/pophaw.com\/de\/author\/"},"uagb_comment_info":2,"uagb_excerpt":"35 W Vet and Medical First Aid Use","_links":{"self":[{"href":"https:\/\/pophaw.com\/de\/wp-json\/wp\/v2\/product\/9921","targetHints":{"allow":["GET"]}}],"collection":[{"href":"https:\/\/pophaw.com\/de\/wp-json\/wp\/v2\/product"}],"about":[{"href":"https:\/\/pophaw.com\/de\/wp-json\/wp\/v2\/types\/product"}],"wp:featuredmedia":[{"embeddable":true,"href":"https:\/\/pophaw.com\/de\/wp-json\/wp\/v2\/media\/9922"}],"wp:attachment":[{"href":"https:\/\/pophaw.com\/de\/wp-json\/wp\/v2\/media?parent=9921"}],"wp:term":[{"taxonomy":"product_brand","embeddable":true,"href":"https:\/\/pophaw.com\/de\/wp-json\/wp\/v2\/product_brand?post=9921"},{"taxonomy":"product_cat","embeddable":true,"href":"https:\/\/pophaw.com\/de\/wp-json\/wp\/v2\/product_cat?post=9921"},{"taxonomy":"product_tag","embeddable":true,"href":"https:\/\/pophaw.com\/de\/wp-json\/wp\/v2\/product_tag?post=9921"}],"curies":[{"name":"wp","href":"https:\/\/api.w.org\/{rel}","templated":true}]}}