{"id":9993,"date":"2025-01-08T00:52:34","date_gmt":"2025-01-08T08:52:34","guid":{"rendered":"https:\/\/pophaw.com\/?post_type=product&#038;p=9993"},"modified":"2025-01-25T23:28:37","modified_gmt":"2025-01-26T07:28:37","slug":"bauch-und-lendenmassagegerat-mit-warme","status":"publish","type":"product","link":"https:\/\/pophaw.com\/de\/produkt\/bauch-und-lendenmassagegerat-mit-warme\/","title":{"rendered":"Bauch-Lenden-Massageger\u00e4t mit W\u00e4rme"},"content":{"rendered":"<p>Schnurloser Heizg\u00fcrtel zur Linderung von R\u00fcckenschmerzen, Bauch-Lenden-Massageger\u00e4t mit W\u00e4rme<\/p>\n<p><strong>Merkmale:<\/strong><\/p>\n<p>1. Lendenwirbels\u00e4ule Health Care: Dual-Infrarot-Licht Heizung, drei einstellbare Temperaturen; Dual-Motor-Vibrationsmassage, drei einstellbare Intensit\u00e4ten, effektiv zu entlasten Lendenwirbels\u00e4ule Schmerzen, reduzieren Lendenwirbels\u00e4ule Druck, und zur Verbesserung der lumbalen Probleme.<br \/>\n2. BEQUEM ZU BEDIENEN: Hergestellt aus hochwertigem Taucherstoff, leicht, weich und elastisch, mit guter W\u00e4rmeschutzleistung, angenehmes Handgef\u00fchl, nicht leicht zu pillen, leicht zu tragen.<br \/>\n3. Beifu\u00df Hot Compress: Mesh Tasche Design; Sie k\u00f6nnen die Beifu\u00df Tasche in die Mesh-Tasche setzen, um komfortable Beifu\u00df hei\u00dfe Kompresse Physiotherapie zu genie\u00dfen.<br \/>\n4. USB-Laden: Der eingebaute 5000mAh-Akku mit hoher Kapazit\u00e4t unterst\u00fctzt die drahtlose Nutzung, so dass Sie Ihre Lendenwirbels\u00e4ule jederzeit und \u00fcberall entspannen k\u00f6nnen.<br \/>\n5. DIGITAL DISPLAY CONTROLLER: Exklusive Patentschutz, Touchscreen-Taste Design, \u2103\/\u00b0F Dual-Temperatur-Einheit, innovative Anti-Fehler-Touch-Modus, einfach und bequem zu bedienen.<br \/>\n6. Breiter Anwendungsbereich: Dieser G\u00fcrtel unterst\u00fctzt die Einstellung des Tragewinkels und der Elastizit\u00e4t, die f\u00fcr die meisten Menschen mit unterschiedlichen K\u00f6rperformen geeignet ist.<\/p>\n<p><strong>Spezifikationen:<\/strong><\/p>\n<p>Material: Neopren<br \/>\nFarbe: grau<br \/>\nBetriebsspannung: 5V<br \/>\nAkku-Kapazit\u00e4t: 5000mAh<br \/>\nLadestrom: 2000 mA<br \/>\nAufladezeit: 2-3 Stunden<br \/>\nLebensdauer der Batterie:<br \/>\nMassage (h\u00f6chste Stufe): 1440Min<br \/>\nErw\u00e4rmung (h\u00f6chste Stufe): 102 Min<br \/>\nMassage + Heizung (h\u00f6chste Stufe): 66 Minuten<br \/>\nNettogewicht: 670g<br \/>\nG\u00fcrtelgr\u00f6\u00dfe: 118*20cm<br \/>\nLanger Gurt: 92*7.8cm<br \/>\nVerpackungsgr\u00f6\u00dfe: 26.7*20.2*8.5cm<\/p>\n<p><img loading=\"lazy\" decoding=\"async\" class=\"alignnone size-full wp-image-10008\" src=\"https:\/\/pophaw.com\/wp-content\/uploads\/2025\/01\/Main-image-15-1.webp\" alt=\"\" width=\"1000\" height=\"1000\" srcset=\"https:\/\/pophaw.com\/wp-content\/uploads\/2025\/01\/Main-image-15-1.webp 1000w, https:\/\/pophaw.com\/wp-content\/uploads\/2025\/01\/Main-image-15-1-300x300.webp 300w, https:\/\/pophaw.com\/wp-content\/uploads\/2025\/01\/Main-image-15-1-100x100.webp 100w, https:\/\/pophaw.com\/wp-content\/uploads\/2025\/01\/Main-image-15-1-600x600.webp 600w, https:\/\/pophaw.com\/wp-content\/uploads\/2025\/01\/Main-image-15-1-150x150.webp 150w, https:\/\/pophaw.com\/wp-content\/uploads\/2025\/01\/Main-image-15-1-768x768.webp 768w\" sizes=\"auto, (max-width: 1000px) 100vw, 1000px\" \/> \u00a0<img loading=\"lazy\" decoding=\"async\" class=\"alignnone size-full wp-image-10009\" src=\"https:\/\/pophaw.com\/wp-content\/uploads\/2025\/01\/Main-image-16-1.webp\" alt=\"\" width=\"1000\" height=\"1000\" srcset=\"https:\/\/pophaw.com\/wp-content\/uploads\/2025\/01\/Main-image-16-1.webp 1000w, https:\/\/pophaw.com\/wp-content\/uploads\/2025\/01\/Main-image-16-1-300x300.webp 300w, https:\/\/pophaw.com\/wp-content\/uploads\/2025\/01\/Main-image-16-1-100x100.webp 100w, https:\/\/pophaw.com\/wp-content\/uploads\/2025\/01\/Main-image-16-1-600x600.webp 600w, https:\/\/pophaw.com\/wp-content\/uploads\/2025\/01\/Main-image-16-1-150x150.webp 150w, https:\/\/pophaw.com\/wp-content\/uploads\/2025\/01\/Main-image-16-1-768x768.webp 768w\" sizes=\"auto, (max-width: 1000px) 100vw, 1000px\" \/> <img loading=\"lazy\" decoding=\"async\" class=\"alignnone size-full wp-image-10010\" src=\"https:\/\/pophaw.com\/wp-content\/uploads\/2025\/01\/Main-image-17-1.webp\" alt=\"\" width=\"1000\" height=\"1000\" srcset=\"https:\/\/pophaw.com\/wp-content\/uploads\/2025\/01\/Main-image-17-1.webp 1000w, https:\/\/pophaw.com\/wp-content\/uploads\/2025\/01\/Main-image-17-1-300x300.webp 300w, https:\/\/pophaw.com\/wp-content\/uploads\/2025\/01\/Main-image-17-1-100x100.webp 100w, https:\/\/pophaw.com\/wp-content\/uploads\/2025\/01\/Main-image-17-1-600x600.webp 600w, https:\/\/pophaw.com\/wp-content\/uploads\/2025\/01\/Main-image-17-1-150x150.webp 150w, https:\/\/pophaw.com\/wp-content\/uploads\/2025\/01\/Main-image-17-1-768x768.webp 768w\" sizes=\"auto, (max-width: 1000px) 100vw, 1000px\" \/> <img loading=\"lazy\" decoding=\"async\" class=\"alignnone size-full wp-image-10011\" src=\"https:\/\/pophaw.com\/wp-content\/uploads\/2025\/01\/Main-image-19.webp\" alt=\"\" width=\"1000\" height=\"1000\" srcset=\"https:\/\/pophaw.com\/wp-content\/uploads\/2025\/01\/Main-image-19.webp 1000w, https:\/\/pophaw.com\/wp-content\/uploads\/2025\/01\/Main-image-19-300x300.webp 300w, https:\/\/pophaw.com\/wp-content\/uploads\/2025\/01\/Main-image-19-100x100.webp 100w, https:\/\/pophaw.com\/wp-content\/uploads\/2025\/01\/Main-image-19-600x600.webp 600w, https:\/\/pophaw.com\/wp-content\/uploads\/2025\/01\/Main-image-19-150x150.webp 150w, https:\/\/pophaw.com\/wp-content\/uploads\/2025\/01\/Main-image-19-768x768.webp 768w\" sizes=\"auto, (max-width: 1000px) 100vw, 1000px\" \/><img loading=\"lazy\" decoding=\"async\" class=\"alignnone size-full wp-image-10006\" src=\"https:\/\/pophaw.com\/wp-content\/uploads\/2025\/01\/Main-image-13-1.webp\" alt=\"\" width=\"1000\" height=\"1000\" srcset=\"https:\/\/pophaw.com\/wp-content\/uploads\/2025\/01\/Main-image-13-1.webp 1000w, https:\/\/pophaw.com\/wp-content\/uploads\/2025\/01\/Main-image-13-1-300x300.webp 300w, https:\/\/pophaw.com\/wp-content\/uploads\/2025\/01\/Main-image-13-1-100x100.webp 100w, https:\/\/pophaw.com\/wp-content\/uploads\/2025\/01\/Main-image-13-1-600x600.webp 600w, https:\/\/pophaw.com\/wp-content\/uploads\/2025\/01\/Main-image-13-1-150x150.webp 150w, https:\/\/pophaw.com\/wp-content\/uploads\/2025\/01\/Main-image-13-1-768x768.webp 768w\" sizes=\"auto, (max-width: 1000px) 100vw, 1000px\" \/><\/p>","protected":false},"excerpt":{"rendered":"<p>Zur Linderung von R\u00fcckenschmerzen mit W\u00e4rme<\/p>","protected":false},"featured_media":9994,"template":"","meta":{"bwfblock_default_font":"","_uag_custom_page_level_css":"","site-sidebar-layout":"default","site-content-layout":"","ast-site-content-layout":"default","site-content-style":"default","site-sidebar-style":"default","ast-global-header-display":"","ast-banner-title-visibility":"","ast-main-header-display":"","ast-hfb-above-header-display":"","ast-hfb-below-header-display":"","ast-hfb-mobile-header-display":"","site-post-title":"","ast-breadcrumbs-content":"","ast-featured-img":"","footer-sml-layout":"","ast-disable-related-posts":"","theme-transparent-header-meta":"default","adv-header-id-meta":"","stick-header-meta":"default","header-above-stick-meta":"","header-main-stick-meta":"","header-below-stick-meta":"","astra-migrate-meta-layouts":"set","ast-page-background-enabled":"default","ast-page-background-meta":{"desktop":{"background-color":"","background-image":"","background-repeat":"repeat","background-position":"center center","background-size":"auto","background-attachment":"scroll","background-type":"","background-media":"","overlay-type":"","overlay-color":"","overlay-opacity":"","overlay-gradient":""},"tablet":{"background-color":"","background-image":"","background-repeat":"repeat","background-position":"center center","background-size":"auto","background-attachment":"scroll","background-type":"","background-media":"","overlay-type":"","overlay-color":"","overlay-opacity":"","overlay-gradient":""},"mobile":{"background-color":"","background-image":"","background-repeat":"repeat","background-position":"center center","background-size":"auto","background-attachment":"scroll","background-type":"","background-media":"","overlay-type":"","overlay-color":"","overlay-opacity":"","overlay-gradient":""}},"ast-content-background-meta":{"desktop":{"background-color":"var(--ast-global-color-5)","background-image":"","background-repeat":"repeat","background-position":"center center","background-size":"auto","background-attachment":"scroll","background-type":"","background-media":"","overlay-type":"","overlay-color":"","overlay-opacity":"","overlay-gradient":""},"tablet":{"background-color":"var(--ast-global-color-5)","background-image":"","background-repeat":"repeat","background-position":"center center","background-size":"auto","background-attachment":"scroll","background-type":"","background-media":"","overlay-type":"","overlay-color":"","overlay-opacity":"","overlay-gradient":""},"mobile":{"background-color":"var(--ast-global-color-5)","background-image":"","background-repeat":"repeat","background-position":"center center","background-size":"auto","background-attachment":"scroll","background-type":"","background-media":"","overlay-type":"","overlay-color":"","overlay-opacity":"","overlay-gradient":""}}},"product_brand":[73],"product_cat":[340,103,336],"product_tag":[],"class_list":{"0":"post-9993","1":"product","2":"type-product","3":"status-publish","4":"has-post-thumbnail","6":"product_brand-pophaw","7":"product_cat-massager","8":"product_cat-fitness-weight-management","9":"product_cat-healthcare-products","10":"desktop-align-center","11":"tablet-align-center","12":"mobile-align-center","13":"ast-product-gallery-layout-horizontal-slider","14":"ast-magnify-disabled","15":"ast-product-tabs-layout-horizontal","17":"first","18":"instock","19":"shipping-taxable","20":"purchasable","21":"product-type-simple"},"spectra_custom_meta":{"_edit_lock":["1750174419:1"],"_edit_last":["1"],"rank_math_seo_score":["84"],"rank_math_focus_keyword":["Lumbar Massager"],"rank_math_description":["Cordless Heating Belt for Back Pain Relief, Abdomen Lumbar Massager with Heat"],"_thumbnail_id":["9994"],"_admin_notes":["https:\/\/www.ebay.com\/itm\/387313121484\r\n\r\nhttps:\/\/detail.1688.com\/offer\/687973912404.html?spm=a261y.7663282.1081181309812.1.5ac96b09MUGTFM&sk=consign"],"_custom_product_field":[""],"_sku":["PH11335025"],"_global_unique_id":["17841900187589"],"_regular_price":["47.95"],"total_sales":["0"],"_tax_status":["taxable"],"_tax_class":[""],"_manage_stock":["no"],"_backorders":["no"],"_sold_individually":["no"],"_virtual":["no"],"_downloadable":["no"],"_download_limit":["-1"],"_download_expiry":["-1"],"_stock":[null],"_stock_status":["instock"],"_wc_average_rating":["0"],"_wc_review_count":["0"],"_product_version":["9.6.0"],"_price":["47.95"],"_wc_gla_visibility":["sync-and-show"],"_wc_gla_sync_status":["synced"],"_product_image_gallery":["9995,9996,9997,9998,9999,10000,10001,10002,10003,10004,10005,10007"],"_wc_facebook_sync_enabled":["yes"],"fb_visibility":["yes"],"fb_product_description":[""],"_wc_facebook_product_image_source":["product"],"_wc_facebook_commerce_enabled":["no"],"fb_product_group_id":["8861003413967688"],"rank_math_primary_product_brand":["73"],"rank_math_primary_product_cat":["340"],"rank_math_primary_fb_product_set":["0"],"site-sidebar-layout":["default"],"ast-site-content-layout":["default"],"site-content-style":["default"],"site-sidebar-style":["default"],"theme-transparent-header-meta":["default"],"astra-migrate-meta-layouts":["set"],"stick-header-meta":["default"],"rank_math_analytic_object_id":["206"],"fb_product_item_id":["8861003820634314"],"_wc_gla_synced_at":["1778295666"],"_wc_gla_google_ids":["a:1:{s:2:\"US\";s:21:\"online:en:US:gla_9993\";}"],"wp_statistics_words_count":["189"],"wpil_sync_report3":["1"],"wpil_links_inbound_internal_count":["0"],"wpil_links_inbound_internal_count_data":["eJxLtDKwqq4FAAZPAf4="],"wpil_links_outbound_internal_count":["0"],"wpil_links_outbound_internal_count_data":["eJxLtDKwqq4FAAZPAf4="],"wpil_links_outbound_external_count":["0"],"wpil_links_outbound_external_count_data":["eJxLtDKwqq4FAAZPAf4="],"wpil_sync_report2_time":["2025-01-27T07:29:10+00:00"],"classic-editor-remember":["classic-editor"],"omnisend_last_sync":["2025-05-16T11:05:10+00:00"],"surerank_settings_general":["a:7:{s:9:\"separator\";s:1:\"-\";s:10:\"page_title\";s:21:\"%title% - %site_name%\";s:25:\"auto_generate_description\";b:1;s:16:\"page_description\";s:77:\"Cordless Heating Belt for Back Pain Relief, Abdomen Lumbar Massager with Heat\";s:16:\"auto_description\";s:156:\"Cordless Heating Belt for Back Pain Relief, Abdomen Lumbar Massager with Heat Features: 1. Lumbar Health Care: dual infrared light heating, three adjustable\";s:14:\"fallback_image\";s:0:\"\";s:13:\"canonical_url\";s:61:\"https:\/\/pophaw.com\/product\/abdomen-lumbar-massager-with-heat\/\";}"],"surerank_settings_post_no_index":["no"],"surerank_settings_post_no_follow":["no"],"surerank_settings_post_no_archive":["no"],"surerank_settings_social":["a:23:{s:15:\"open_graph_tags\";b:1;s:18:\"facebook_meta_tags\";b:1;s:17:\"twitter_meta_tags\";b:1;s:16:\"oembeded_scripts\";b:1;s:17:\"oembeded_og_title\";b:1;s:22:\"oembeded_social_images\";b:1;s:27:\"oembeded_remove_author_name\";b:1;s:17:\"facebook_page_url\";s:54:\"https:\/\/www.facebook.com\/profile.php?id=61571207938497\";s:24:\"facebook_author_fallback\";s:0:\"\";s:17:\"twitter_card_type\";s:19:\"summary_large_image\";s:24:\"twitter_same_as_facebook\";b:1;s:24:\"twitter_profile_username\";s:0:\"\";s:24:\"twitter_profile_fallback\";s:0:\"\";s:14:\"facebook_title\";s:21:\"%title% - %site_name%\";s:20:\"facebook_description\";s:9:\"%content%\";s:18:\"facebook_image_url\";s:65:\"https:\/\/pophaw.com\/wp-content\/uploads\/2025\/01\/Main-image-1-1.webp\";s:17:\"facebook_image_id\";i:9994;s:20:\"facebook_image_width\";i:1000;s:21:\"facebook_image_height\";i:1000;s:13:\"twitter_title\";s:21:\"%title% - %site_name%\";s:19:\"twitter_description\";s:9:\"%content%\";s:17:\"twitter_image_url\";s:65:\"https:\/\/pophaw.com\/wp-content\/uploads\/2025\/01\/Main-image-1-1.webp\";s:16:\"twitter_image_id\";i:9994;}"],"surerank_migration":["1"],"astra_style_timestamp_css":["1778686541"],"wwpp_product_wholesale_visibility_filter":["all"],"_uag_css_file_name":["uag-css-9993.css"],"rank_math_internal_links_processed":["1"],"_wc_gla_mc_status":["approved"],"_uag_page_assets":["a:9:{s:3:\"css\";s:0:\"\";s:2:\"js\";s:0:\"\";s:18:\"current_block_list\";a:15:{i:0;s:23:\"surecart\/slide-out-cart\";i:1;s:30:\"surecart\/slide-out-cart-header\";i:2;s:29:\"surecart\/slide-out-cart-items\";i:3;s:30:\"surecart\/slide-out-cart-coupon\";i:4;s:32:\"surecart\/slide-out-cart-subtotal\";i:5;s:38:\"surecart\/slide-out-cart-bump-line-item\";i:6;s:30:\"surecart\/slide-out-cart-submit\";i:7;s:11:\"core\/search\";i:8;s:10:\"core\/group\";i:9;s:12:\"core\/heading\";i:10;s:17:\"core\/latest-posts\";i:11;s:20:\"core\/latest-comments\";i:12;s:13:\"core\/archives\";i:13;s:15:\"core\/categories\";i:14;s:14:\"core\/shortcode\";}s:8:\"uag_flag\";b:0;s:11:\"uag_version\";s:10:\"1778680346\";s:6:\"gfonts\";a:0:{}s:10:\"gfonts_url\";s:0:\"\";s:12:\"gfonts_files\";a:0:{}s:14:\"uag_faq_layout\";b:0;}"]},"uagb_featured_image_src":{"full":["https:\/\/pophaw.com\/wp-content\/uploads\/2025\/01\/Main-image-1-1.webp",1000,1000,false],"thumbnail":["https:\/\/pophaw.com\/wp-content\/uploads\/2025\/01\/Main-image-1-1-150x150.webp",150,150,true],"medium":["https:\/\/pophaw.com\/wp-content\/uploads\/2025\/01\/Main-image-1-1-300x300.webp",300,300,true],"medium_large":["https:\/\/pophaw.com\/wp-content\/uploads\/2025\/01\/Main-image-1-1-768x768.webp",768,768,true],"large":["https:\/\/pophaw.com\/wp-content\/uploads\/2025\/01\/Main-image-1-1.webp",1000,1000,false],"ryviu-small":["https:\/\/pophaw.com\/wp-content\/uploads\/2025\/01\/Main-image-1-1.webp",40,40,false],"ryviu-medium":["https:\/\/pophaw.com\/wp-content\/uploads\/2025\/01\/Main-image-1-1.webp",132,132,false],"1536x1536":["https:\/\/pophaw.com\/wp-content\/uploads\/2025\/01\/Main-image-1-1.webp",1000,1000,false],"2048x2048":["https:\/\/pophaw.com\/wp-content\/uploads\/2025\/01\/Main-image-1-1.webp",1000,1000,false],"trp-custom-language-flag":["https:\/\/pophaw.com\/wp-content\/uploads\/2025\/01\/Main-image-1-1.webp",12,12,false],"woocommerce_thumbnail":["https:\/\/pophaw.com\/wp-content\/uploads\/2025\/01\/Main-image-1-1-300x300.webp",300,300,true],"woocommerce_single":["https:\/\/pophaw.com\/wp-content\/uploads\/2025\/01\/Main-image-1-1-600x600.webp",600,600,true],"woocommerce_gallery_thumbnail":["https:\/\/pophaw.com\/wp-content\/uploads\/2025\/01\/Main-image-1-1-100x100.webp",100,100,true]},"uagb_author_info":{"display_name":"Dr. Rowan","author_link":"https:\/\/pophaw.com\/de\/author\/"},"uagb_comment_info":0,"uagb_excerpt":"For Back Pain Relief with Heat","_links":{"self":[{"href":"https:\/\/pophaw.com\/de\/wp-json\/wp\/v2\/product\/9993","targetHints":{"allow":["GET"]}}],"collection":[{"href":"https:\/\/pophaw.com\/de\/wp-json\/wp\/v2\/product"}],"about":[{"href":"https:\/\/pophaw.com\/de\/wp-json\/wp\/v2\/types\/product"}],"wp:featuredmedia":[{"embeddable":true,"href":"https:\/\/pophaw.com\/de\/wp-json\/wp\/v2\/media\/9994"}],"wp:attachment":[{"href":"https:\/\/pophaw.com\/de\/wp-json\/wp\/v2\/media?parent=9993"}],"wp:term":[{"taxonomy":"product_brand","embeddable":true,"href":"https:\/\/pophaw.com\/de\/wp-json\/wp\/v2\/product_brand?post=9993"},{"taxonomy":"product_cat","embeddable":true,"href":"https:\/\/pophaw.com\/de\/wp-json\/wp\/v2\/product_cat?post=9993"},{"taxonomy":"product_tag","embeddable":true,"href":"https:\/\/pophaw.com\/de\/wp-json\/wp\/v2\/product_tag?post=9993"}],"curies":[{"name":"wp","href":"https:\/\/api.w.org\/{rel}","templated":true}]}}