{"id":852,"date":"2020-04-29T06:53:41","date_gmt":"2020-04-29T06:53:41","guid":{"rendered":"https:\/\/pophaw.com\/return-policy\/"},"modified":"2025-11-30T07:04:35","modified_gmt":"2025-11-30T15:04:35","slug":"politica-de-devoluciones","status":"publish","type":"page","link":"https:\/\/pophaw.com\/es\/politica-de-devoluciones\/","title":{"rendered":"Pol\u00edtica de devoluciones"},"content":{"rendered":"<p><img loading=\"lazy\" decoding=\"async\" class=\"wp-image-9658 size-full aligncenter\" src=\"https:\/\/pophaw.com\/wp-content\/uploads\/2025\/01\/online-marketing-hIgeoQjS_iE-unsplash-ooc4iyaevx3n6tisixftupafg8ycfh6o7574532nni.jpg\" alt=\"Devoluci\u00f3n\" width=\"900\" height=\"467\" srcset=\"https:\/\/pophaw.com\/wp-content\/uploads\/2025\/01\/online-marketing-hIgeoQjS_iE-unsplash-ooc4iyaevx3n6tisixftupafg8ycfh6o7574532nni.jpg 900w, https:\/\/pophaw.com\/wp-content\/uploads\/2025\/01\/online-marketing-hIgeoQjS_iE-unsplash-ooc4iyaevx3n6tisixftupafg8ycfh6o7574532nni-600x311.jpg 600w, https:\/\/pophaw.com\/wp-content\/uploads\/2025\/01\/online-marketing-hIgeoQjS_iE-unsplash-ooc4iyaevx3n6tisixftupafg8ycfh6o7574532nni-300x156.jpg 300w, https:\/\/pophaw.com\/wp-content\/uploads\/2025\/01\/online-marketing-hIgeoQjS_iE-unsplash-ooc4iyaevx3n6tisixftupafg8ycfh6o7574532nni-768x399.jpg 768w\" sizes=\"auto, (max-width: 900px) 100vw, 900px\" \/><\/p>\n<h2>Devuelve<\/h2>\n<ul style=\"list-style-type: disc;\">\n<li>Se aceptan devoluciones durante 60 d\u00edas<\/li>\n<li>El cliente corre con los gastos de devoluci\u00f3n<\/li>\n<li>Sin gastos de reposici\u00f3n<\/li>\n<li>No hay art\u00edculos en venta final<\/li>\n<\/ul>\n<p>Nuestra pol\u00edtica dura 60 d\u00edas. Si han pasado 60 d\u00edas desde su compra, lamentablemente no podemos ofrecerle un reembolso o cambio.<\/p>\n<p>Para poder realizar una devoluci\u00f3n, el art\u00edculo debe estar sin usar y en las mismas condiciones en las que lo recibi\u00f3. Tambi\u00e9n debe estar en su embalaje original con las etiquetas de precio puestas.<\/p>\n<p>Varios tipos de mercanc\u00edas est\u00e1n exentos de devoluci\u00f3n. Los productos perecederos, como alimentos, flores, peri\u00f3dicos o revistas, no pueden devolverse. Tampoco aceptamos productos que sean art\u00edculos \u00edntimos o sanitarios, materiales peligrosos o l\u00edquidos o gases inflamables.<\/p>\n<p>Art\u00edculos adicionales no retornables:<br \/>\nTarjetas regalo<br \/>\nAlgunos art\u00edculos de salud y cuidado personal<\/p>\n<p>Para completar su devoluci\u00f3n, necesitamos un recibo o prueba de compra.<\/p>\n<p>Por favor, no devuelva su compra al fabricante.<\/p>\n<p>Hay determinadas situaciones en las que s\u00f3lo se conceden devoluciones parciales (si procede)<br \/>\nLibro con signos evidentes de uso<br \/>\nCualquier art\u00edculo que no se encuentre en su estado original, est\u00e9 da\u00f1ado o le falten piezas por motivos que no se deban a un error nuestro.<br \/>\nCualquier art\u00edculo que se devuelva m\u00e1s de 60 d\u00edas despu\u00e9s de la entrega<\/p>\n<p>Reembolsos (si procede)<br \/>\nUna vez recibida e inspeccionada su devoluci\u00f3n, le enviaremos un correo electr\u00f3nico para notificarle que hemos recibido su art\u00edculo devuelto. Su reembolso ser\u00e1 procesado, y un cr\u00e9dito se aplicar\u00e1 autom\u00e1ticamente a su tarjeta de cr\u00e9dito o m\u00e9todo original de pago, dentro de un plazo de 4 d\u00edas.<\/p>\n<p>Reembolsos atrasados o no efectuados (si procede)<br \/>\nSi a\u00fan no ha recibido el reembolso, compruebe primero de nuevo su cuenta bancaria.<br \/>\nA continuaci\u00f3n, p\u00f3ngase en contacto con la entidad emisora de su tarjeta de cr\u00e9dito, ya que el reembolso puede tardar alg\u00fan tiempo en hacerse efectivo oficialmente.<br \/>\nA continuaci\u00f3n, p\u00f3ngase en contacto con su banco. A menudo transcurre alg\u00fan tiempo antes de que se contabilice el reembolso.<br \/>\nSi ha hecho todo esto y a\u00fan no ha recibido el reembolso, p\u00f3ngase en contacto con nosotros en return@pophaw.com.<\/p>\n<p>Art\u00edculos en venta (si procede)<br \/>\nS\u00f3lo se reembolsar\u00e1n los art\u00edculos de precio normal; lamentablemente, no se reembolsar\u00e1n los art\u00edculos en oferta.<\/p>\n<p>Intercambios (si procede)<br \/>\nS\u00f3lo cambiamos art\u00edculos si est\u00e1n defectuosos o da\u00f1ados. Si necesita cambiarlo por el mismo art\u00edculo, env\u00edenos un correo electr\u00f3nico a return@pophaw.com y env\u00ede su art\u00edculo a: 8301 Brooklyn Blvd, Ste 900, Brooklyn Park, MN 55445-2589, USA.<\/p>\n<p>Regalos<br \/>\nSi el art\u00edculo estaba marcado como regalo cuando se compr\u00f3 y se le envi\u00f3 directamente, recibir\u00e1 un cr\u00e9dito de regalo por el valor de su devoluci\u00f3n. Una vez recibido el art\u00edculo devuelto, se le enviar\u00e1 por correo un cheque regalo.<\/p>\n<p>Si el art\u00edculo no estaba marcado como regalo en el momento de la compra, o si la persona que hizo el regalo se envi\u00f3 a s\u00ed misma el pedido para entreg\u00e1rtelo a ti m\u00e1s tarde, enviaremos un reembolso a la persona que hizo el regalo y ella se enterar\u00e1 de tu devoluci\u00f3n.<\/p>\n<p>Env\u00edo<br \/>\nPara devolver su producto, debe enviarlo por correo a 8301 Brooklyn Blvd, Ste 900, Brooklyn Park, MN 55445-2589, EE.UU.<\/p>\n<p>Los gastos de env\u00edo de la devoluci\u00f3n correr\u00e1n por su cuenta. Los gastos de env\u00edo no son reembolsables. Si recibe un reembolso, el coste del env\u00edo de devoluci\u00f3n se deducir\u00e1 de su reembolso.<\/p>\n<p>Dependiendo de d\u00f3nde viva, el tiempo que puede tardar en llegarle el producto intercambiado puede variar.<\/p>\n<p>Si va a enviar un art\u00edculo de m\u00e1s de $75, deber\u00eda considerar utilizar un servicio de env\u00edo con seguimiento o contratar un seguro de env\u00edo. No garantizamos la recepci\u00f3n del art\u00edculo devuelto.<\/p>\n<p>Ortho Molecular<\/p>\n<p>Tenemos un contrato con Ortho Molecular para vender sus productos. Nos adherimos estrictamente a sus pol\u00edticas y no podemos vender a empresas o personas que compran y revenden en otras plataformas de comercializaci\u00f3n en l\u00ednea. Esto incluye Amazon, Walmart, Ebay, e incluye cualquier sitio de marketing social. Por favor, respete nuestro camino para trabajar con individuos, pacientes y clientes que realmente necesitan ayuda con los productos Ortho Molecular. Le devolveremos amablemente su dinero a su forma original de pago.<\/p>","protected":false},"excerpt":{"rendered":"<p>Returns Returns accepted for 60 days Customer provides return shipping No restocking fee No final sale items Our policy lasts 60 days. If 60 days have gone by since your purchase, unfortunately we can\u2019t offer you a refund or exchange. To be eligible for a return, your item must be unused and in the same [&hellip;]<\/p>\n","protected":false},"author":1,"featured_media":0,"parent":0,"menu_order":0,"comment_status":"closed","ping_status":"open","template":"","meta":{"bwfblock_default_font":"","_uag_custom_page_level_css":"","site-sidebar-layout":"default","site-content-layout":"","ast-site-content-layout":"default","site-content-style":"default","site-sidebar-style":"default","ast-global-header-display":"","ast-banner-title-visibility":"","ast-main-header-display":"","ast-hfb-above-header-display":"","ast-hfb-below-header-display":"","ast-hfb-mobile-header-display":"","site-post-title":"","ast-breadcrumbs-content":"","ast-featured-img":"","footer-sml-layout":"","ast-disable-related-posts":"","theme-transparent-header-meta":"default","adv-header-id-meta":"","stick-header-meta":"default","header-above-stick-meta":"","header-main-stick-meta":"","header-below-stick-meta":"","astra-migrate-meta-layouts":"set","ast-page-background-enabled":"default","ast-page-background-meta":{"desktop":{"background-color":"","background-image":"","background-repeat":"repeat","background-position":"center center","background-size":"auto","background-attachment":"scroll","background-type":"","background-media":"","overlay-type":"","overlay-color":"","overlay-opacity":"","overlay-gradient":""},"tablet":{"background-color":"","background-image":"","background-repeat":"repeat","background-position":"center center","background-size":"auto","background-attachment":"scroll","background-type":"","background-media":"","overlay-type":"","overlay-color":"","overlay-opacity":"","overlay-gradient":""},"mobile":{"background-color":"","background-image":"","background-repeat":"repeat","background-position":"center center","background-size":"auto","background-attachment":"scroll","background-type":"","background-media":"","overlay-type":"","overlay-color":"","overlay-opacity":"","overlay-gradient":""}},"ast-content-background-meta":{"desktop":{"background-color":"var(--ast-global-color-5)","background-image":"","background-repeat":"repeat","background-position":"center center","background-size":"auto","background-attachment":"scroll","background-type":"","background-media":"","overlay-type":"","overlay-color":"","overlay-opacity":"","overlay-gradient":""},"tablet":{"background-color":"var(--ast-global-color-5)","background-image":"","background-repeat":"repeat","background-position":"center center","background-size":"auto","background-attachment":"scroll","background-type":"","background-media":"","overlay-type":"","overlay-color":"","overlay-opacity":"","overlay-gradient":""},"mobile":{"background-color":"var(--ast-global-color-5)","background-image":"","background-repeat":"repeat","background-position":"center center","background-size":"auto","background-attachment":"scroll","background-type":"","background-media":"","overlay-type":"","overlay-color":"","overlay-opacity":"","overlay-gradient":""}},"footnotes":""},"class_list":["post-852","page","type-page","status-publish","hentry"],"spectra_custom_meta":{"_wp_page_template":["default"],"insight_page_options":["s:1316:\"a:37:{s:11:\"site_layout\";s:0:\"\";s:10:\"site_width\";s:0:\"\";s:16:\"site_top_spacing\";s:0:\"\";s:19:\"site_bottom_spacing\";s:0:\"\";s:10:\"site_class\";s:0:\"\";s:21:\"site_background_color\";s:0:\"\";s:21:\"site_background_image\";s:0:\"\";s:22:\"site_background_repeat\";s:9:\"no-repeat\";s:26:\"site_background_attachment\";s:0:\"\";s:24:\"site_background_position\";s:0:\"\";s:20:\"site_background_size\";s:0:\"\";s:24:\"content_background_color\";s:0:\"\";s:24:\"content_background_image\";s:0:\"\";s:25:\"content_background_repeat\";s:9:\"no-repeat\";s:27:\"content_background_position\";s:0:\"\";s:12:\"top_bar_type\";s:0:\"\";s:11:\"header_type\";s:0:\"\";s:14:\"header_overlay\";s:0:\"\";s:11:\"header_skin\";s:0:\"\";s:12:\"menu_display\";s:0:\"\";s:13:\"menu_one_page\";s:1:\"0\";s:16:\"custom_dark_logo\";s:0:\"\";s:17:\"custom_light_logo\";s:0:\"\";s:17:\"custom_logo_width\";s:0:\"\";s:24:\"custom_sticky_logo_width\";s:0:\"\";s:21:\"page_title_bar_layout\";s:0:\"\";s:29:\"page_title_bar_bottom_spacing\";s:0:\"\";s:31:\"page_title_bar_background_color\";s:0:\"\";s:25:\"page_title_bar_background\";s:0:\"\";s:33:\"page_title_bar_background_overlay\";s:0:\"\";s:29:\"page_title_bar_custom_heading\";s:0:\"\";s:14:\"page_sidebar_1\";s:7:\"default\";s:14:\"page_sidebar_2\";s:7:\"default\";s:21:\"page_sidebar_position\";s:7:\"default\";s:17:\"revolution_slider\";s:0:\"\";s:15:\"slider_position\";s:5:\"below\";s:13:\"footer_enable\";s:0:\"\";}\";"],"_dp_original":["3"],"_edit_last":["1"],"_wxr_import_has_attachment_refs":["1"],"_edit_lock":["1764515258:1"],"rank_math_seo_score":["63"],"rank_math_og_content_image":["a:2:{s:5:\"check\";s:32:\"f099eb967a8cac1d82d6e3f99520935f\";s:6:\"images\";a:1:{i:0;i:9658;}}"],"rank_math_contentai_score":["a:5:{s:8:\"keywords\";s:5:\"74.51\";s:9:\"wordCount\";s:1:\"0\";s:9:\"linkCount\";s:1:\"0\";s:12:\"headingCount\";s:1:\"0\";s:10:\"mediaCount\";s:1:\"0\";}"],"rank_math_focus_keyword":["Return"],"rank_math_analytic_object_id":["35"],"rank_math_robots":["a:2:{i:0;s:5:\"index\";i:1;s:6:\"follow\";}"],"site-sidebar-layout":["default"],"ast-site-content-layout":["default"],"site-content-style":["default"],"site-sidebar-style":["default"],"theme-transparent-header-meta":["default"],"astra-migrate-meta-layouts":["set"],"stick-header-meta":["default"],"surerank_settings_general":["a:7:{s:9:\"separator\";s:1:\"-\";s:10:\"page_title\";s:21:\"%title% - %site_name%\";s:25:\"auto_generate_description\";b:1;s:16:\"page_description\";s:9:\"%excerpt%\";s:16:\"auto_description\";s:156:\"Returns Our policy lasts 30 days. If 30 days have gone by since your purchase, unfortunately we can\u2019t offer you a refund or exchange. To be eligible for a\";s:14:\"fallback_image\";s:0:\"\";s:13:\"canonical_url\";s:33:\"https:\/\/pophaw.com\/return-policy\/\";}"],"surerank_settings_post_no_index":["no"],"surerank_settings_post_no_follow":["no"],"surerank_settings_post_no_archive":["no"],"surerank_settings_social":["a:23:{s:15:\"open_graph_tags\";b:1;s:18:\"facebook_meta_tags\";b:1;s:17:\"twitter_meta_tags\";b:1;s:16:\"oembeded_scripts\";b:1;s:17:\"oembeded_og_title\";b:1;s:22:\"oembeded_social_images\";b:1;s:27:\"oembeded_remove_author_name\";b:1;s:17:\"facebook_page_url\";s:54:\"https:\/\/www.facebook.com\/profile.php?id=61571207938497\";s:24:\"facebook_author_fallback\";s:0:\"\";s:17:\"twitter_card_type\";s:19:\"summary_large_image\";s:24:\"twitter_same_as_facebook\";b:1;s:24:\"twitter_profile_username\";s:0:\"\";s:24:\"twitter_profile_fallback\";s:0:\"\";s:14:\"facebook_title\";s:21:\"%title% - %site_name%\";s:20:\"facebook_description\";s:9:\"%content%\";s:18:\"facebook_image_url\";s:0:\"\";s:17:\"facebook_image_id\";i:0;s:20:\"facebook_image_width\";i:0;s:21:\"facebook_image_height\";i:0;s:13:\"twitter_title\";s:21:\"%title% - %site_name%\";s:19:\"twitter_description\";s:9:\"%content%\";s:17:\"twitter_image_url\";s:0:\"\";s:16:\"twitter_image_id\";i:0;}"],"surerank_migration":["1"],"astra_style_timestamp_css":["1775181063"],"_uagb_previous_block_counts":["a:90:{s:21:\"uagb\/advanced-heading\";i:0;s:15:\"uagb\/blockquote\";i:0;s:12:\"uagb\/buttons\";i:0;s:18:\"uagb\/buttons-child\";i:0;s:19:\"uagb\/call-to-action\";i:0;s:15:\"uagb\/cf7-styler\";i:0;s:11:\"uagb\/column\";i:0;s:12:\"uagb\/columns\";i:0;s:14:\"uagb\/container\";i:0;s:21:\"uagb\/content-timeline\";i:0;s:27:\"uagb\/content-timeline-child\";i:0;s:14:\"uagb\/countdown\";i:0;s:12:\"uagb\/counter\";i:0;s:8:\"uagb\/faq\";i:0;s:14:\"uagb\/faq-child\";i:0;s:10:\"uagb\/forms\";i:0;s:17:\"uagb\/forms-accept\";i:0;s:19:\"uagb\/forms-checkbox\";i:0;s:15:\"uagb\/forms-date\";i:0;s:16:\"uagb\/forms-email\";i:0;s:17:\"uagb\/forms-hidden\";i:0;s:15:\"uagb\/forms-name\";i:0;s:16:\"uagb\/forms-phone\";i:0;s:16:\"uagb\/forms-radio\";i:0;s:17:\"uagb\/forms-select\";i:0;s:19:\"uagb\/forms-textarea\";i:0;s:17:\"uagb\/forms-toggle\";i:0;s:14:\"uagb\/forms-url\";i:0;s:14:\"uagb\/gf-styler\";i:0;s:15:\"uagb\/google-map\";i:0;s:11:\"uagb\/how-to\";i:0;s:16:\"uagb\/how-to-step\";i:0;s:9:\"uagb\/icon\";i:0;s:14:\"uagb\/icon-list\";i:0;s:20:\"uagb\/icon-list-child\";i:0;s:10:\"uagb\/image\";i:0;s:18:\"uagb\/image-gallery\";i:0;s:13:\"uagb\/info-box\";i:0;s:18:\"uagb\/inline-notice\";i:0;s:11:\"uagb\/lottie\";i:0;s:21:\"uagb\/marketing-button\";i:0;s:10:\"uagb\/modal\";i:0;s:18:\"uagb\/popup-builder\";i:0;s:16:\"uagb\/post-button\";i:0;s:18:\"uagb\/post-carousel\";i:0;s:17:\"uagb\/post-excerpt\";i:0;s:14:\"uagb\/post-grid\";i:0;s:15:\"uagb\/post-image\";i:0;s:17:\"uagb\/post-masonry\";i:0;s:14:\"uagb\/post-meta\";i:0;s:18:\"uagb\/post-taxonomy\";i:0;s:18:\"uagb\/post-timeline\";i:0;s:15:\"uagb\/post-title\";i:0;s:20:\"uagb\/restaurant-menu\";i:0;s:26:\"uagb\/restaurant-menu-child\";i:0;s:11:\"uagb\/review\";i:0;s:12:\"uagb\/section\";i:0;s:14:\"uagb\/separator\";i:0;s:11:\"uagb\/slider\";i:0;s:17:\"uagb\/slider-child\";i:0;s:17:\"uagb\/social-share\";i:0;s:23:\"uagb\/social-share-child\";i:0;s:16:\"uagb\/star-rating\";i:0;s:23:\"uagb\/sure-cart-checkout\";i:0;s:22:\"uagb\/sure-cart-product\";i:0;s:15:\"uagb\/sure-forms\";i:0;s:22:\"uagb\/table-of-contents\";i:0;s:9:\"uagb\/tabs\";i:0;s:15:\"uagb\/tabs-child\";i:0;s:18:\"uagb\/taxonomy-list\";i:0;s:9:\"uagb\/team\";i:0;s:16:\"uagb\/testimonial\";i:0;s:14:\"uagb\/wp-search\";i:0;s:19:\"uagb\/instagram-feed\";i:0;s:10:\"uagb\/login\";i:0;s:17:\"uagb\/loop-builder\";i:0;s:18:\"uagb\/loop-category\";i:0;s:20:\"uagb\/loop-pagination\";i:0;s:15:\"uagb\/loop-reset\";i:0;s:16:\"uagb\/loop-search\";i:0;s:14:\"uagb\/loop-sort\";i:0;s:17:\"uagb\/loop-wrapper\";i:0;s:13:\"uagb\/register\";i:0;s:19:\"uagb\/register-email\";i:0;s:24:\"uagb\/register-first-name\";i:0;s:23:\"uagb\/register-last-name\";i:0;s:22:\"uagb\/register-password\";i:0;s:30:\"uagb\/register-reenter-password\";i:0;s:19:\"uagb\/register-terms\";i:0;s:22:\"uagb\/register-username\";i:0;}"],"_uag_css_file_name":["uag-css-852.css"],"_uag_page_assets":["a:9:{s:3:\"css\";s:263:\".uag-blocks-common-selector{z-index:var(--z-index-desktop) !important}@media (max-width: 976px){.uag-blocks-common-selector{z-index:var(--z-index-tablet) !important}}@media (max-width: 767px){.uag-blocks-common-selector{z-index:var(--z-index-mobile) !important}}\n\";s:2:\"js\";s:0:\"\";s:18:\"current_block_list\";a:15:{i:0;s:23:\"surecart\/slide-out-cart\";i:1;s:30:\"surecart\/slide-out-cart-header\";i:2;s:29:\"surecart\/slide-out-cart-items\";i:3;s:30:\"surecart\/slide-out-cart-coupon\";i:4;s:32:\"surecart\/slide-out-cart-subtotal\";i:5;s:38:\"surecart\/slide-out-cart-bump-line-item\";i:6;s:30:\"surecart\/slide-out-cart-submit\";i:7;s:11:\"core\/search\";i:8;s:10:\"core\/group\";i:9;s:12:\"core\/heading\";i:10;s:17:\"core\/latest-posts\";i:11;s:20:\"core\/latest-comments\";i:12;s:13:\"core\/archives\";i:13;s:15:\"core\/categories\";i:14;s:14:\"core\/shortcode\";}s:8:\"uag_flag\";b:0;s:11:\"uag_version\";s:10:\"1775168599\";s:6:\"gfonts\";a:0:{}s:10:\"gfonts_url\";s:0:\"\";s:12:\"gfonts_files\";a:0:{}s:14:\"uag_faq_layout\";b:0;}"],"rank_math_internal_links_processed":["1"]},"uagb_featured_image_src":{"full":false,"thumbnail":false,"medium":false,"medium_large":false,"large":false,"ryviu-small":false,"ryviu-medium":false,"1536x1536":false,"2048x2048":false,"trp-custom-language-flag":false,"woocommerce_thumbnail":false,"woocommerce_single":false,"woocommerce_gallery_thumbnail":false},"uagb_author_info":{"display_name":"Dr. Rowan","author_link":"https:\/\/pophaw.com\/es\/author\/xiaoxi99201\/"},"uagb_comment_info":0,"uagb_excerpt":"Returns Returns accepted for 60 days Customer provides return shipping No restocking fee No final sale items Our policy lasts 60 days. If 60 days have gone by since your purchase, unfortunately we can\u2019t offer you a refund or exchange. To be eligible for a return, your item must be unused and in the same&hellip;","_links":{"self":[{"href":"https:\/\/pophaw.com\/es\/wp-json\/wp\/v2\/pages\/852","targetHints":{"allow":["GET"]}}],"collection":[{"href":"https:\/\/pophaw.com\/es\/wp-json\/wp\/v2\/pages"}],"about":[{"href":"https:\/\/pophaw.com\/es\/wp-json\/wp\/v2\/types\/page"}],"author":[{"embeddable":true,"href":"https:\/\/pophaw.com\/es\/wp-json\/wp\/v2\/users\/1"}],"replies":[{"embeddable":true,"href":"https:\/\/pophaw.com\/es\/wp-json\/wp\/v2\/comments?post=852"}],"version-history":[{"count":0,"href":"https:\/\/pophaw.com\/es\/wp-json\/wp\/v2\/pages\/852\/revisions"}],"wp:attachment":[{"href":"https:\/\/pophaw.com\/es\/wp-json\/wp\/v2\/media?parent=852"}],"curies":[{"name":"wp","href":"https:\/\/api.w.org\/{rel}","templated":true}]}}