{"id":858,"date":"2020-04-29T07:09:07","date_gmt":"2020-04-29T07:09:07","guid":{"rendered":"https:\/\/pophaw.com\/shipping-options\/"},"modified":"2025-02-27T02:18:40","modified_gmt":"2025-02-27T10:18:40","slug":"opciones-de-envio","status":"publish","type":"page","link":"https:\/\/pophaw.com\/es\/opciones-de-envio\/","title":{"rendered":"Opciones de env\u00edo"},"content":{"rendered":"<p><img loading=\"lazy\" decoding=\"async\" class=\"alignnone wp-image-9654 size-full\" src=\"https:\/\/pophaw.com\/wp-content\/uploads\/2025\/01\/clay-banks-cEzMOp5FtV4-unsplash-scaled-oodkubksljahvhtmz0x3tfvchq2fau134yf0w6l0e6.jpg\" alt=\"Env\u00edo\" width=\"900\" height=\"467\" srcset=\"https:\/\/pophaw.com\/wp-content\/uploads\/2025\/01\/clay-banks-cEzMOp5FtV4-unsplash-scaled-oodkubksljahvhtmz0x3tfvchq2fau134yf0w6l0e6.jpg 900w, https:\/\/pophaw.com\/wp-content\/uploads\/2025\/01\/clay-banks-cEzMOp5FtV4-unsplash-scaled-oodkubksljahvhtmz0x3tfvchq2fau134yf0w6l0e6-600x311.jpg 600w, https:\/\/pophaw.com\/wp-content\/uploads\/2025\/01\/clay-banks-cEzMOp5FtV4-unsplash-scaled-oodkubksljahvhtmz0x3tfvchq2fau134yf0w6l0e6-300x156.jpg 300w, https:\/\/pophaw.com\/wp-content\/uploads\/2025\/01\/clay-banks-cEzMOp5FtV4-unsplash-scaled-oodkubksljahvhtmz0x3tfvchq2fau134yf0w6l0e6-768x399.jpg 768w\" sizes=\"auto, (max-width: 900px) 100vw, 900px\" \/><\/p>\n<p>&nbsp;<\/p>\n<h2 data-start=\"81\" data-end=\"111\"><strong data-start=\"84\" data-end=\"109\">Tiempo de tramitaci\u00f3n del pedido<\/strong><\/h2>\n<p>Por favor, espere 1-2 d\u00edas h\u00e1biles para que procesemos su pedido para el env\u00edo. A menudo realizamos entregas en el mismo d\u00eda, pero comprenda que somos un equipo de personas que trabajan con manos y cerebros humanos. No somos perfectos, pero hacemos todo lo posible para enviar su pedido r\u00e1pidamente. En las raras ocasiones en que estamos jugando ponerse al d\u00eda y estamos esperando en nuestro inventario para ponerse al d\u00eda, haremos todo lo posible para ponerse en contacto con usted y mantenerlo al tanto de su pedido.<\/p>\n<p>&nbsp;<\/p>\n<h2>Informaci\u00f3n de env\u00edo<\/h2>\n<h3 data-start=\"334\" data-end=\"362\"><strong data-start=\"338\" data-end=\"355\">Estados Unidos<\/strong> \ud83c\uddfa\ud83c\uddf8<\/h3>\n<ul data-start=\"363\" data-end=\"496\">\n<li data-start=\"363\" data-end=\"418\"><strong data-start=\"365\" data-end=\"382\">Gastos de env\u00edo:<\/strong> $5.95 (Los pedidos superiores a $99 se env\u00edan GRATIS)<\/li>\n<li data-start=\"419\" data-end=\"459\"><strong data-start=\"421\" data-end=\"439\">Plazo de entrega:<\/strong> 3-6 d\u00edas laborables<\/li>\n<li data-start=\"460\" data-end=\"496\"><strong data-start=\"462\" data-end=\"474\">Transportista:<\/strong> USPS, UPS o FedEx<\/li>\n<\/ul>\n<h3 data-start=\"498\" data-end=\"533\"><strong data-start=\"502\" data-end=\"528\">Env\u00edos internacionales<\/strong> \ud83c\udf0d<\/h3>\n<ul data-start=\"534\" data-end=\"688\">\n<li data-start=\"534\" data-end=\"560\"><strong data-start=\"536\" data-end=\"553\">Gastos de env\u00edo:<\/strong> GRATIS<\/li>\n<li data-start=\"561\" data-end=\"602\"><strong data-start=\"563\" data-end=\"581\">Plazo de entrega:<\/strong> 8-11 d\u00edas laborables<\/li>\n<li data-start=\"603\" data-end=\"688\"><strong data-start=\"605\" data-end=\"623\">Env\u00edo desde:<\/strong> Reino Unido, Alemania, Jap\u00f3n o China (seg\u00fan disponibilidad de existencias)<\/li>\n<\/ul>\n<p>Los d\u00edas laborables son de lunes a viernes, excepto los festivos importantes.<\/p>\n<p>&nbsp;<\/p>\n<h2 data-start=\"690\" data-end=\"721\"><strong data-start=\"693\" data-end=\"719\">Informaci\u00f3n adicional<\/strong><\/h2>\n<h3><strong>Informaci\u00f3n de seguimiento:<\/strong><\/h3>\n<p>Todos los pedidos son rastreables. Recibir\u00e1 un n\u00famero de seguimiento una vez que su pedido haya sido enviado. Los productos pueden enviarse desde varios centros de distribuci\u00f3n internacionales.<\/p>\n<h3><strong>Retrasos en los env\u00edos:<\/strong><\/h3>\n<p>Tenga en cuenta que los plazos de env\u00edo pueden variar debido a factores que escapan a nuestro control, como condiciones meteorol\u00f3gicas, cat\u00e1strofes naturales o periodos vacacionales de m\u00e1xima afluencia. Aunque nos esforzamos por garantizar una entrega puntual, no se puede garantizar la hora exacta de llegada, que depende del transportista.<\/p>\n<h3><strong>Confirmaci\u00f3n de env\u00edo:<\/strong><\/h3>\n<p>Recibir\u00e1 un correo electr\u00f3nico de confirmaci\u00f3n de env\u00edo con un n\u00famero de seguimiento en cuanto se env\u00ede su pedido. Si no recibe este correo electr\u00f3nico de inmediato, puede estar seguro de que sus art\u00edculos llegar\u00e1n dentro del plazo de entrega estimado que se indica al realizar el pago.<\/p>\n<h3><strong>Modificaciones de pedido:<\/strong><\/h3>\n<p>Si necesita cancelar o modificar su pedido, p\u00f3ngase en contacto inmediatamente con nuestro servicio de atenci\u00f3n al cliente.<\/p>\n<h3><strong>Problemas con la entrega:<\/strong><\/h3>\n<p>Si su pedido aparece como entregado pero no lo ha recibido, p\u00f3ngase en contacto directamente con el transportista para resolver el problema. En caso de problemas persistentes, p\u00f3ngase en contacto con nuestro servicio de atenci\u00f3n al cliente en info@pophaw.com.<\/p>\n<h3><strong>Atenci\u00f3n al cliente:<\/strong><\/h3>\n<p>Nuestro equipo est\u00e1 disponible 24 horas al d\u00eda, 7 d\u00edas a la semana, para ayudarle con cualquier pregunta o duda relacionada con su pedido. Estamos comprometidos a garantizar una experiencia de compra sin problemas.<\/p>\n<p>&nbsp;<\/p>\n<h2 data-immersive-translate-walked=\"2a0cf61a-a638-4a8b-9c6b-be1f7aea4831\"><strong data-immersive-translate-walked=\"2a0cf61a-a638-4a8b-9c6b-be1f7aea4831\" data-immersive-translate-paragraph=\"1\">SEGUIMIENTO DEL PEDIDO<\/strong><\/h2>\n<p data-immersive-translate-walked=\"2a0cf61a-a638-4a8b-9c6b-be1f7aea4831\" data-immersive-translate-paragraph=\"1\">Puede seguir el estado de su pedido aqu\u00ed: <a href=\"https:\/\/pophaw.com\/es\/panel-de-parcelas\/\">https:\/\/pophaw.com\/parcel-panel\/.<\/a><\/p>","protected":false},"excerpt":{"rendered":"<p>&nbsp; Order Processing Time Please allow 1-2 business days for us to process your order for shipping. We quite often do same day delivery, but, understand, we are a team of humans, working with human hands and human brains. We are not perfect, but, we make every effort to get your order out quickly. In [&hellip;]<\/p>\n","protected":false},"author":1,"featured_media":0,"parent":0,"menu_order":0,"comment_status":"closed","ping_status":"open","template":"","meta":{"bwfblock_default_font":"","_uag_custom_page_level_css":"","site-sidebar-layout":"default","site-content-layout":"","ast-site-content-layout":"default","site-content-style":"default","site-sidebar-style":"default","ast-global-header-display":"","ast-banner-title-visibility":"","ast-main-header-display":"","ast-hfb-above-header-display":"","ast-hfb-below-header-display":"","ast-hfb-mobile-header-display":"","site-post-title":"","ast-breadcrumbs-content":"","ast-featured-img":"","footer-sml-layout":"","ast-disable-related-posts":"","theme-transparent-header-meta":"default","adv-header-id-meta":"","stick-header-meta":"default","header-above-stick-meta":"","header-main-stick-meta":"","header-below-stick-meta":"","astra-migrate-meta-layouts":"set","ast-page-background-enabled":"default","ast-page-background-meta":{"desktop":{"background-color":"","background-image":"","background-repeat":"repeat","background-position":"center center","background-size":"auto","background-attachment":"scroll","background-type":"","background-media":"","overlay-type":"","overlay-color":"","overlay-opacity":"","overlay-gradient":""},"tablet":{"background-color":"","background-image":"","background-repeat":"repeat","background-position":"center center","background-size":"auto","background-attachment":"scroll","background-type":"","background-media":"","overlay-type":"","overlay-color":"","overlay-opacity":"","overlay-gradient":""},"mobile":{"background-color":"","background-image":"","background-repeat":"repeat","background-position":"center center","background-size":"auto","background-attachment":"scroll","background-type":"","background-media":"","overlay-type":"","overlay-color":"","overlay-opacity":"","overlay-gradient":""}},"ast-content-background-meta":{"desktop":{"background-color":"var(--ast-global-color-5)","background-image":"","background-repeat":"repeat","background-position":"center center","background-size":"auto","background-attachment":"scroll","background-type":"","background-media":"","overlay-type":"","overlay-color":"","overlay-opacity":"","overlay-gradient":""},"tablet":{"background-color":"var(--ast-global-color-5)","background-image":"","background-repeat":"repeat","background-position":"center center","background-size":"auto","background-attachment":"scroll","background-type":"","background-media":"","overlay-type":"","overlay-color":"","overlay-opacity":"","overlay-gradient":""},"mobile":{"background-color":"var(--ast-global-color-5)","background-image":"","background-repeat":"repeat","background-position":"center center","background-size":"auto","background-attachment":"scroll","background-type":"","background-media":"","overlay-type":"","overlay-color":"","overlay-opacity":"","overlay-gradient":""}},"footnotes":""},"class_list":["post-858","page","type-page","status-publish","hentry"],"spectra_custom_meta":{"_wp_page_template":["default"],"insight_page_options":["s:1316:\"a:37:{s:11:\"site_layout\";s:0:\"\";s:10:\"site_width\";s:0:\"\";s:16:\"site_top_spacing\";s:0:\"\";s:19:\"site_bottom_spacing\";s:0:\"\";s:10:\"site_class\";s:0:\"\";s:21:\"site_background_color\";s:0:\"\";s:21:\"site_background_image\";s:0:\"\";s:22:\"site_background_repeat\";s:9:\"no-repeat\";s:26:\"site_background_attachment\";s:0:\"\";s:24:\"site_background_position\";s:0:\"\";s:20:\"site_background_size\";s:0:\"\";s:24:\"content_background_color\";s:0:\"\";s:24:\"content_background_image\";s:0:\"\";s:25:\"content_background_repeat\";s:9:\"no-repeat\";s:27:\"content_background_position\";s:0:\"\";s:12:\"top_bar_type\";s:0:\"\";s:11:\"header_type\";s:0:\"\";s:14:\"header_overlay\";s:0:\"\";s:11:\"header_skin\";s:0:\"\";s:12:\"menu_display\";s:0:\"\";s:13:\"menu_one_page\";s:1:\"0\";s:16:\"custom_dark_logo\";s:0:\"\";s:17:\"custom_light_logo\";s:0:\"\";s:17:\"custom_logo_width\";s:0:\"\";s:24:\"custom_sticky_logo_width\";s:0:\"\";s:21:\"page_title_bar_layout\";s:0:\"\";s:29:\"page_title_bar_bottom_spacing\";s:0:\"\";s:31:\"page_title_bar_background_color\";s:0:\"\";s:25:\"page_title_bar_background\";s:0:\"\";s:33:\"page_title_bar_background_overlay\";s:0:\"\";s:29:\"page_title_bar_custom_heading\";s:0:\"\";s:14:\"page_sidebar_1\";s:7:\"default\";s:14:\"page_sidebar_2\";s:7:\"default\";s:21:\"page_sidebar_position\";s:7:\"default\";s:17:\"revolution_slider\";s:0:\"\";s:15:\"slider_position\";s:5:\"below\";s:13:\"footer_enable\";s:0:\"\";}\";"],"_dp_original":["852"],"_edit_last":["1"],"_wxr_import_has_attachment_refs":["1"],"rank_math_og_content_image":["a:2:{s:5:\"check\";s:32:\"8b551fa25815f0b13c70f528dd221a82\";s:6:\"images\";a:1:{i:0;i:9654;}}"],"_edit_lock":["1740651594:1"],"rank_math_seo_score":["69"],"rank_math_contentai_score":["a:5:{s:8:\"keywords\";s:5:\"74.51\";s:9:\"wordCount\";s:1:\"0\";s:9:\"linkCount\";s:1:\"0\";s:12:\"headingCount\";s:1:\"0\";s:10:\"mediaCount\";s:1:\"0\";}"],"rank_math_focus_keyword":["Shipping"],"rank_math_analytic_object_id":["34"],"rank_math_robots":["a:2:{i:0;s:5:\"index\";i:1;s:6:\"follow\";}"],"site-sidebar-layout":["default"],"ast-site-content-layout":["default"],"site-content-style":["default"],"site-sidebar-style":["default"],"theme-transparent-header-meta":["default"],"stick-header-meta":["default"],"classic-editor-remember":["classic-editor"],"astra-migrate-meta-layouts":["set"],"surerank_settings_general":["a:7:{s:9:\"separator\";s:1:\"-\";s:10:\"page_title\";s:21:\"%title% - %site_name%\";s:25:\"auto_generate_description\";b:1;s:16:\"page_description\";s:9:\"%excerpt%\";s:16:\"auto_description\";s:159:\"\u00a0 Order Processing Time Please allow 1-2 business days for us to process your order for shipping. We quite often do same day delivery, but, understand, we are\";s:14:\"fallback_image\";s:0:\"\";s:13:\"canonical_url\";s:36:\"https:\/\/pophaw.com\/shipping-options\/\";}"],"surerank_settings_post_no_index":["no"],"surerank_settings_post_no_follow":["no"],"surerank_settings_post_no_archive":["no"],"surerank_settings_social":["a:23:{s:15:\"open_graph_tags\";b:1;s:18:\"facebook_meta_tags\";b:1;s:17:\"twitter_meta_tags\";b:1;s:16:\"oembeded_scripts\";b:1;s:17:\"oembeded_og_title\";b:1;s:22:\"oembeded_social_images\";b:1;s:27:\"oembeded_remove_author_name\";b:1;s:17:\"facebook_page_url\";s:54:\"https:\/\/www.facebook.com\/profile.php?id=61571207938497\";s:24:\"facebook_author_fallback\";s:0:\"\";s:17:\"twitter_card_type\";s:19:\"summary_large_image\";s:24:\"twitter_same_as_facebook\";b:1;s:24:\"twitter_profile_username\";s:0:\"\";s:24:\"twitter_profile_fallback\";s:0:\"\";s:14:\"facebook_title\";s:21:\"%title% - %site_name%\";s:20:\"facebook_description\";s:9:\"%content%\";s:18:\"facebook_image_url\";s:0:\"\";s:17:\"facebook_image_id\";i:0;s:20:\"facebook_image_width\";i:0;s:21:\"facebook_image_height\";i:0;s:13:\"twitter_title\";s:21:\"%title% - %site_name%\";s:19:\"twitter_description\";s:9:\"%content%\";s:17:\"twitter_image_url\";s:0:\"\";s:16:\"twitter_image_id\";i:0;}"],"surerank_migration":["1"],"astra_style_timestamp_css":["1775181395"],"_uag_css_file_name":["uag-css-858.css"],"rank_math_internal_links_processed":["1"],"_uag_page_assets":["a:9:{s:3:\"css\";s:263:\".uag-blocks-common-selector{z-index:var(--z-index-desktop) !important}@media (max-width: 976px){.uag-blocks-common-selector{z-index:var(--z-index-tablet) !important}}@media (max-width: 767px){.uag-blocks-common-selector{z-index:var(--z-index-mobile) !important}}\n\";s:2:\"js\";s:0:\"\";s:18:\"current_block_list\";a:15:{i:0;s:23:\"surecart\/slide-out-cart\";i:1;s:30:\"surecart\/slide-out-cart-header\";i:2;s:29:\"surecart\/slide-out-cart-items\";i:3;s:30:\"surecart\/slide-out-cart-coupon\";i:4;s:32:\"surecart\/slide-out-cart-subtotal\";i:5;s:38:\"surecart\/slide-out-cart-bump-line-item\";i:6;s:30:\"surecart\/slide-out-cart-submit\";i:7;s:11:\"core\/search\";i:8;s:10:\"core\/group\";i:9;s:12:\"core\/heading\";i:10;s:17:\"core\/latest-posts\";i:11;s:20:\"core\/latest-comments\";i:12;s:13:\"core\/archives\";i:13;s:15:\"core\/categories\";i:14;s:14:\"core\/shortcode\";}s:8:\"uag_flag\";b:0;s:11:\"uag_version\";s:10:\"1775168599\";s:6:\"gfonts\";a:0:{}s:10:\"gfonts_url\";s:0:\"\";s:12:\"gfonts_files\";a:0:{}s:14:\"uag_faq_layout\";b:0;}"]},"uagb_featured_image_src":{"full":false,"thumbnail":false,"medium":false,"medium_large":false,"large":false,"ryviu-small":false,"ryviu-medium":false,"1536x1536":false,"2048x2048":false,"trp-custom-language-flag":false,"woocommerce_thumbnail":false,"woocommerce_single":false,"woocommerce_gallery_thumbnail":false},"uagb_author_info":{"display_name":"Dr. Rowan","author_link":"https:\/\/pophaw.com\/es\/author\/xiaoxi99201\/"},"uagb_comment_info":0,"uagb_excerpt":"&nbsp; Order Processing Time Please allow 1-2 business days for us to process your order for shipping. We quite often do same day delivery, but, understand, we are a team of humans, working with human hands and human brains. We are not perfect, but, we make every effort to get your order out quickly. In&hellip;","_links":{"self":[{"href":"https:\/\/pophaw.com\/es\/wp-json\/wp\/v2\/pages\/858","targetHints":{"allow":["GET"]}}],"collection":[{"href":"https:\/\/pophaw.com\/es\/wp-json\/wp\/v2\/pages"}],"about":[{"href":"https:\/\/pophaw.com\/es\/wp-json\/wp\/v2\/types\/page"}],"author":[{"embeddable":true,"href":"https:\/\/pophaw.com\/es\/wp-json\/wp\/v2\/users\/1"}],"replies":[{"embeddable":true,"href":"https:\/\/pophaw.com\/es\/wp-json\/wp\/v2\/comments?post=858"}],"version-history":[{"count":0,"href":"https:\/\/pophaw.com\/es\/wp-json\/wp\/v2\/pages\/858\/revisions"}],"wp:attachment":[{"href":"https:\/\/pophaw.com\/es\/wp-json\/wp\/v2\/media?parent=858"}],"curies":[{"name":"wp","href":"https:\/\/api.w.org\/{rel}","templated":true}]}}