{"id":10113,"date":"2025-01-08T20:09:13","date_gmt":"2025-01-09T04:09:13","guid":{"rendered":"https:\/\/pophaw.com\/?post_type=product&#038;p=10113"},"modified":"2025-01-25T23:30:27","modified_gmt":"2025-01-26T07:30:27","slug":"nano-humidificador-portatil-para-ojos-secos","status":"publish","type":"product","link":"https:\/\/pophaw.com\/es\/producto\/nano-humidificador-portatil-para-ojos-secos\/","title":{"rendered":"Humidificador port\u00e1til nano para ojos secos"},"content":{"rendered":"<div class=\"detailmodule_text\">\n<p><strong>Caracter\u00edsticas:<\/strong><\/p>\n<\/div>\n<div class=\"detailmodule_text\">\n<p>1. Nano Dry Eye Humidifier, compresa fr\u00eda + compresa caliente dos en uno, hidrata profundamente los ojos, alivia eficazmente la fatiga ocular y mantiene los ojos alejados de la sequedad y las molestias.<\/p>\n<\/div>\n<div class=\"detailmodule_text\">\n<p>2. El calentamiento r\u00e1pido, el ajuste de temperatura de tres niveles y la compresa caliente de temperatura constante pueden aliviar f\u00e1cilmente el dolor y las molestias oculares y relajar completamente los ojos.<\/p>\n<\/div>\n<div class=\"detailmodule_text\">\n<p>3. Nano-atomizaci\u00f3n de un bot\u00f3n, ajuste de tres niveles, fina niebla de agua penetra r\u00e1pidamente en los ojos, nutre los ojos 360\u00b0, deja que tus ojos disfruten del SPA hidratante.<\/p>\n<\/div>\n<div class=\"detailmodule_text\">\n<p>4. Doble hidrataci\u00f3n de ojos y rostro, limpieza y cuidado dos en uno, hidratando la piel, favoreciendo la absorci\u00f3n de nutrientes y rejuveneciendo la piel.<\/p>\n<\/div>\n<div class=\"detailmodule_text\">\n<p>5. Este humectante ocular puede utilizarse con diversos l\u00edquidos, como colirio, soluci\u00f3n salina, humectante ocular, etc. (No se permiten l\u00edquidos coloidales ni viscosos).<\/p>\n<p><strong>Funcionamiento sencillo: <\/strong>Modo de temperatura de 3 velocidades (100\u2109, 104\u2109, 108\u2109) y dos modos de hidrataci\u00f3n (modo de temperatura apagado autom\u00e1tico cada 10 minutos) y modo de hidrataci\u00f3n apagado autom\u00e1tico cada 5 minutos. El 500mAh incorporado se puede utilizar durante 20-40 minutos con una carga completa.<br \/>\n<strong>\u00bfQui\u00e9n necesita este producto?<\/strong> Si usted tiene MGD, blefaritis, orzuelo, cataratas, o el uso a largo plazo de los productos electr\u00f3nicos y, a menudo se sienten los ojos cansados, este producto es realmente \u00fatil para usted.<\/p>\n<table border=\"1\">\n<tbody>\n<tr>\n<td><strong>Capacidad de la bater\u00eda<\/strong><\/td>\n<td>\u00a03,7V\/600mAh<\/td>\n<\/tr>\n<tr>\n<td><strong>\u00a0Tiempos de carga<\/strong><\/td>\n<td>\u00a01,5 horas<\/td>\n<\/tr>\n<tr>\n<td><strong>\u00a0Tiempo de uso<\/strong><\/td>\n<td>\u00a0110 minutos<\/td>\n<\/tr>\n<tr>\n<td><strong><span data-spm-anchor-id=\"a2700.details.0.i73.30bf531asTcrpc\">\u00a0Capacidad del dep\u00f3sito de agua<\/span><\/strong><\/td>\n<td data-spm-anchor-id=\"a2700.details.0.i74.30bf531asTcrpc\">\u00a015ML<\/td>\n<\/tr>\n<\/tbody>\n<\/table>\n<\/div>","protected":false},"excerpt":{"rendered":"<p>Efecto tres en uno: lavar, lsostener, proteger<\/p>","protected":false},"featured_media":10124,"template":"","meta":{"bwfblock_default_font":"","_uag_custom_page_level_css":"","site-sidebar-layout":"default","site-content-layout":"","ast-site-content-layout":"default","site-content-style":"default","site-sidebar-style":"default","ast-global-header-display":"","ast-banner-title-visibility":"","ast-main-header-display":"","ast-hfb-above-header-display":"","ast-hfb-below-header-display":"","ast-hfb-mobile-header-display":"","site-post-title":"","ast-breadcrumbs-content":"","ast-featured-img":"","footer-sml-layout":"","ast-disable-related-posts":"","theme-transparent-header-meta":"default","adv-header-id-meta":"","stick-header-meta":"default","header-above-stick-meta":"","header-main-stick-meta":"","header-below-stick-meta":"","astra-migrate-meta-layouts":"set","ast-page-background-enabled":"default","ast-page-background-meta":{"desktop":{"background-color":"","background-image":"","background-repeat":"repeat","background-position":"center center","background-size":"auto","background-attachment":"scroll","background-type":"","background-media":"","overlay-type":"","overlay-color":"","overlay-opacity":"","overlay-gradient":""},"tablet":{"background-color":"","background-image":"","background-repeat":"repeat","background-position":"center center","background-size":"auto","background-attachment":"scroll","background-type":"","background-media":"","overlay-type":"","overlay-color":"","overlay-opacity":"","overlay-gradient":""},"mobile":{"background-color":"","background-image":"","background-repeat":"repeat","background-position":"center center","background-size":"auto","background-attachment":"scroll","background-type":"","background-media":"","overlay-type":"","overlay-color":"","overlay-opacity":"","overlay-gradient":""}},"ast-content-background-meta":{"desktop":{"background-color":"var(--ast-global-color-5)","background-image":"","background-repeat":"repeat","background-position":"center center","background-size":"auto","background-attachment":"scroll","background-type":"","background-media":"","overlay-type":"","overlay-color":"","overlay-opacity":"","overlay-gradient":""},"tablet":{"background-color":"var(--ast-global-color-5)","background-image":"","background-repeat":"repeat","background-position":"center center","background-size":"auto","background-attachment":"scroll","background-type":"","background-media":"","overlay-type":"","overlay-color":"","overlay-opacity":"","overlay-gradient":""},"mobile":{"background-color":"var(--ast-global-color-5)","background-image":"","background-repeat":"repeat","background-position":"center center","background-size":"auto","background-attachment":"scroll","background-type":"","background-media":"","overlay-type":"","overlay-color":"","overlay-opacity":"","overlay-gradient":""}}},"product_brand":[73],"product_cat":[338,336,93],"product_tag":[],"class_list":{"0":"post-10113","1":"product","2":"type-product","3":"status-publish","4":"has-post-thumbnail","6":"product_brand-pophaw","7":"product_cat-personal-care","8":"product_cat-healthcare-products","9":"product_cat-hearing-vision-care","10":"desktop-align-center","11":"tablet-align-center","12":"mobile-align-center","13":"ast-product-gallery-layout-horizontal-slider","14":"ast-magnify-disabled","15":"ast-product-tabs-layout-horizontal","17":"first","18":"instock","19":"shipping-taxable","20":"purchasable","21":"product-type-simple"},"spectra_custom_meta":{"_edit_lock":["1737876628:1"],"_edit_last":["1"],"rank_math_seo_score":["87"],"rank_math_focus_keyword":["Dry Eye Humidifier"],"rank_math_description":["Nano Dry Eye Humidifier, cold compress + hot compress two-in-one, deeply hydrates the eyes, effectively relieves eye fatigue, and keeps your eyes away from dryness and discomfort."],"_thumbnail_id":["10124"],"_admin_notes":["https:\/\/detail.1688.com\/offer\/859177439831.html?spm=a261y.7663282.1081181309812.1.4cff1feaiWAqo1&sk=consign"],"_custom_product_field":[""],"_sku":["PH11335027"],"_global_unique_id":["17841900187657"],"_regular_price":["19.98"],"total_sales":["0"],"_tax_status":["taxable"],"_tax_class":[""],"_manage_stock":["no"],"_backorders":["no"],"_sold_individually":["no"],"_virtual":["no"],"_downloadable":["no"],"_download_limit":["-1"],"_download_expiry":["-1"],"_stock":[null],"_stock_status":["instock"],"_wc_average_rating":["0"],"_wc_review_count":["0"],"_product_version":["9.6.0"],"_price":["19.98"],"_wc_gla_visibility":["sync-and-show"],"_wc_gla_sync_status":["synced"],"_product_image_gallery":["10128,10127,10121,10122,10126,10125"],"_wc_facebook_sync_enabled":["yes"],"fb_visibility":["yes"],"fb_product_description":[""],"_wc_facebook_product_image_source":["product"],"_wc_facebook_commerce_enabled":["no"],"fb_product_group_id":["9110368379049351"],"rank_math_primary_product_brand":["73"],"rank_math_primary_product_cat":["338"],"rank_math_primary_fb_product_set":["0"],"site-sidebar-layout":["default"],"ast-site-content-layout":["default"],"site-content-style":["default"],"site-sidebar-style":["default"],"theme-transparent-header-meta":["default"],"stick-header-meta":["default"],"rank_math_analytic_object_id":["213"],"_wc_gla_synced_at":["1773802835"],"_wc_gla_google_ids":["a:1:{s:2:\"US\";s:22:\"online:en:US:gla_10113\";}"],"fb_product_item_id":["9110368499049339"],"astra-migrate-meta-layouts":["set"],"wp_statistics_words_count":["195"],"wpil_sync_report3":["1"],"wpil_links_inbound_internal_count":["0"],"wpil_links_inbound_internal_count_data":["eJxLtDKwqq4FAAZPAf4="],"wpil_links_outbound_internal_count":["0"],"wpil_links_outbound_internal_count_data":["eJxLtDKwqq4FAAZPAf4="],"wpil_links_outbound_external_count":["0"],"wpil_links_outbound_external_count_data":["eJxLtDKwqq4FAAZPAf4="],"wpil_sync_report2_time":["2025-01-27T07:29:10+00:00"],"omnisend_last_sync":["2025-05-16T11:05:10+00:00"],"surerank_settings_general":["a:7:{s:9:\"separator\";s:1:\"-\";s:10:\"page_title\";s:21:\"%title% - %site_name%\";s:25:\"auto_generate_description\";b:1;s:16:\"page_description\";s:179:\"Nano Dry Eye Humidifier, cold compress + hot compress two-in-one, deeply hydrates the eyes, effectively relieves eye fatigue, and keeps your eyes away from dryness and discomfort.\";s:16:\"auto_description\";s:158:\"Features: 1. Nano Dry Eye Humidifier, cold compress + hot compress two-in-one, deeply hydrates the eyes, effectively relieves eye fatigue, and keeps your eyes\";s:14:\"fallback_image\";s:0:\"\";s:13:\"canonical_url\";s:60:\"https:\/\/pophaw.com\/product\/portable-nano-dry-eye-humidifier\/\";}"],"surerank_settings_post_no_index":["no"],"surerank_settings_post_no_follow":["no"],"surerank_settings_post_no_archive":["no"],"surerank_settings_social":["a:23:{s:15:\"open_graph_tags\";b:1;s:18:\"facebook_meta_tags\";b:1;s:17:\"twitter_meta_tags\";b:1;s:16:\"oembeded_scripts\";b:1;s:17:\"oembeded_og_title\";b:1;s:22:\"oembeded_social_images\";b:1;s:27:\"oembeded_remove_author_name\";b:1;s:17:\"facebook_page_url\";s:54:\"https:\/\/www.facebook.com\/profile.php?id=61571207938497\";s:24:\"facebook_author_fallback\";s:0:\"\";s:17:\"twitter_card_type\";s:19:\"summary_large_image\";s:24:\"twitter_same_as_facebook\";b:1;s:24:\"twitter_profile_username\";s:0:\"\";s:24:\"twitter_profile_fallback\";s:0:\"\";s:14:\"facebook_title\";s:21:\"%title% - %site_name%\";s:20:\"facebook_description\";s:9:\"%content%\";s:18:\"facebook_image_url\";s:91:\"https:\/\/pophaw.com\/wp-content\/uploads\/2025\/01\/Heated-Nano-Eye-Mist-Sprayer-Portable-Mi.webp\";s:17:\"facebook_image_id\";i:10124;s:20:\"facebook_image_width\";i:1200;s:21:\"facebook_image_height\";i:1200;s:13:\"twitter_title\";s:21:\"%title% - %site_name%\";s:19:\"twitter_description\";s:9:\"%content%\";s:17:\"twitter_image_url\";s:91:\"https:\/\/pophaw.com\/wp-content\/uploads\/2025\/01\/Heated-Nano-Eye-Mist-Sprayer-Portable-Mi.webp\";s:16:\"twitter_image_id\";i:10124;}"],"surerank_migration":["1"],"astra_style_timestamp_css":["1775174632"],"wwpp_product_wholesale_visibility_filter":["all"],"_uag_css_file_name":["uag-css-10113.css"],"rank_math_internal_links_processed":["1"],"_uag_page_assets":["a:9:{s:3:\"css\";s:263:\".uag-blocks-common-selector{z-index:var(--z-index-desktop) !important}@media (max-width: 976px){.uag-blocks-common-selector{z-index:var(--z-index-tablet) !important}}@media (max-width: 767px){.uag-blocks-common-selector{z-index:var(--z-index-mobile) !important}}\n\";s:2:\"js\";s:0:\"\";s:18:\"current_block_list\";a:15:{i:0;s:23:\"surecart\/slide-out-cart\";i:1;s:30:\"surecart\/slide-out-cart-header\";i:2;s:29:\"surecart\/slide-out-cart-items\";i:3;s:30:\"surecart\/slide-out-cart-coupon\";i:4;s:32:\"surecart\/slide-out-cart-subtotal\";i:5;s:38:\"surecart\/slide-out-cart-bump-line-item\";i:6;s:30:\"surecart\/slide-out-cart-submit\";i:7;s:11:\"core\/search\";i:8;s:10:\"core\/group\";i:9;s:12:\"core\/heading\";i:10;s:17:\"core\/latest-posts\";i:11;s:20:\"core\/latest-comments\";i:12;s:13:\"core\/archives\";i:13;s:15:\"core\/categories\";i:14;s:14:\"core\/shortcode\";}s:8:\"uag_flag\";b:0;s:11:\"uag_version\";s:10:\"1775168599\";s:6:\"gfonts\";a:0:{}s:10:\"gfonts_url\";s:0:\"\";s:12:\"gfonts_files\";a:0:{}s:14:\"uag_faq_layout\";b:0;}"],"_wc_gla_mc_status":["approved"]},"uagb_featured_image_src":{"full":["https:\/\/pophaw.com\/wp-content\/uploads\/2025\/01\/Heated-Nano-Eye-Mist-Sprayer-Portable-Mi.webp",1200,1200,false],"thumbnail":["https:\/\/pophaw.com\/wp-content\/uploads\/2025\/01\/Heated-Nano-Eye-Mist-Sprayer-Portable-Mi-150x150.webp",150,150,true],"medium":["https:\/\/pophaw.com\/wp-content\/uploads\/2025\/01\/Heated-Nano-Eye-Mist-Sprayer-Portable-Mi-300x300.webp",300,300,true],"medium_large":["https:\/\/pophaw.com\/wp-content\/uploads\/2025\/01\/Heated-Nano-Eye-Mist-Sprayer-Portable-Mi-768x768.webp",768,768,true],"large":["https:\/\/pophaw.com\/wp-content\/uploads\/2025\/01\/Heated-Nano-Eye-Mist-Sprayer-Portable-Mi-1024x1024.webp",1024,1024,true],"ryviu-small":["https:\/\/pophaw.com\/wp-content\/uploads\/2025\/01\/Heated-Nano-Eye-Mist-Sprayer-Portable-Mi.webp",40,40,false],"ryviu-medium":["https:\/\/pophaw.com\/wp-content\/uploads\/2025\/01\/Heated-Nano-Eye-Mist-Sprayer-Portable-Mi.webp",132,132,false],"1536x1536":["https:\/\/pophaw.com\/wp-content\/uploads\/2025\/01\/Heated-Nano-Eye-Mist-Sprayer-Portable-Mi.webp",1200,1200,false],"2048x2048":["https:\/\/pophaw.com\/wp-content\/uploads\/2025\/01\/Heated-Nano-Eye-Mist-Sprayer-Portable-Mi.webp",1200,1200,false],"trp-custom-language-flag":["https:\/\/pophaw.com\/wp-content\/uploads\/2025\/01\/Heated-Nano-Eye-Mist-Sprayer-Portable-Mi.webp",12,12,false],"woocommerce_thumbnail":["https:\/\/pophaw.com\/wp-content\/uploads\/2025\/01\/Heated-Nano-Eye-Mist-Sprayer-Portable-Mi-300x300.webp",300,300,true],"woocommerce_single":["https:\/\/pophaw.com\/wp-content\/uploads\/2025\/01\/Heated-Nano-Eye-Mist-Sprayer-Portable-Mi-600x600.webp",600,600,true],"woocommerce_gallery_thumbnail":["https:\/\/pophaw.com\/wp-content\/uploads\/2025\/01\/Heated-Nano-Eye-Mist-Sprayer-Portable-Mi-100x100.webp",100,100,true]},"uagb_author_info":{"display_name":"Dr. Rowan","author_link":"https:\/\/pophaw.com\/es\/author\/"},"uagb_comment_info":0,"uagb_excerpt":"Three in one effect: wash, lsupport, protect","_links":{"self":[{"href":"https:\/\/pophaw.com\/es\/wp-json\/wp\/v2\/product\/10113","targetHints":{"allow":["GET"]}}],"collection":[{"href":"https:\/\/pophaw.com\/es\/wp-json\/wp\/v2\/product"}],"about":[{"href":"https:\/\/pophaw.com\/es\/wp-json\/wp\/v2\/types\/product"}],"wp:featuredmedia":[{"embeddable":true,"href":"https:\/\/pophaw.com\/es\/wp-json\/wp\/v2\/media\/10124"}],"wp:attachment":[{"href":"https:\/\/pophaw.com\/es\/wp-json\/wp\/v2\/media?parent=10113"}],"wp:term":[{"taxonomy":"product_brand","embeddable":true,"href":"https:\/\/pophaw.com\/es\/wp-json\/wp\/v2\/product_brand?post=10113"},{"taxonomy":"product_cat","embeddable":true,"href":"https:\/\/pophaw.com\/es\/wp-json\/wp\/v2\/product_cat?post=10113"},{"taxonomy":"product_tag","embeddable":true,"href":"https:\/\/pophaw.com\/es\/wp-json\/wp\/v2\/product_tag?post=10113"}],"curies":[{"name":"wp","href":"https:\/\/api.w.org\/{rel}","templated":true}]}}