{"id":10210,"date":"2025-01-10T05:28:58","date_gmt":"2025-01-10T13:28:58","guid":{"rendered":"https:\/\/pophaw.com\/?post_type=product&#038;p=10210"},"modified":"2025-01-25T23:33:48","modified_gmt":"2025-01-26T07:33:48","slug":"cpap-a-pilas","status":"publish","type":"product","link":"https:\/\/pophaw.com\/es\/producto\/cpap-a-pilas\/","title":{"rendered":"Cpap Bater\u00eda 96000mAh"},"content":{"rendered":"<p>El banco de alimentaci\u00f3n CPAP Battery Operated es una soluci\u00f3n fiable y de alta capacidad para alimentar su m\u00e1quina CPAP durante viajes, acampadas o emergencias. Con su enorme capacidad de 96000mAh, proporciona una mayor autonom\u00eda para dispositivos como las m\u00e1quinas CPAP DreamStation y ResMed AirSense. Esta bater\u00eda cuenta con varios puertos de salida, incluidos CC y USB, para cargar otros dispositivos electr\u00f3nicos como tel\u00e9fonos y tabletas. Compacta, ligera y aprobada por las aerol\u00edneas, garantiza comodidad y portabilidad. Ya sea en casa o de viaje, el banco de energ\u00eda CPAP Battery Operated ofrece energ\u00eda fiable para mantener sus dispositivos funcionando sin problemas.<\/p>\n<ul class=\"a-unordered-list a-vertical a-spacing-mini\">\n<li class=\"a-spacing-mini\"><span class=\"a-list-item\">CPAP Off-Grid Power: Esta bater\u00eda de reserva para CPAP viene con cuatro cables y cuatro voltajes de salida de CC ajustables: 12 V, 16,5 V, 20 V y 24 V. Compatible con ResMed S9, AirSense 10, AirCurve 10, AirSense11, AirMini, Philips DreamStation y DreamStation 2.<\/span><\/li>\n<li class=\"a-spacing-mini\"><span class=\"a-list-item\">Gran capacidad de 297,6 Wh: La capacidad de 297,6Wh permite varias noches de uso continuo del CPAP durante apagones o acampadas, con el cable correcto, puede alimentar a la mayor\u00eda de otros modelos de CPAP, apagando el humidificador y el tubo calefactado puede ampliar el tiempo de funcionamiento del CPAP.<\/span><\/li>\n<li class=\"a-spacing-mini\"><span class=\"a-list-item\">Para otros CPAP: Conectar a un inversor a trav\u00e9s de la toma del encendedor de cigarrillos, puede ser compatible con casi todos los CPAP, incluyendo F &amp; P, SleepStyle, Luna G3, iBreeze, Lowenstein Prisma, Breas Z1\/Z2, DreamStation GO, Transcend Micro Auto, Transcend 3 Auto, etc.<\/span><\/li>\n<li class=\"a-spacing-mini\"><span class=\"a-list-item\">Estaci\u00f3n de energ\u00eda vers\u00e1til: El pack de bater\u00edas cuenta con 7 puertos y carga inal\u00e1mbrica de 10W, alimenta todos los dispositivos port\u00e1tiles, como frigor\u00edficos de coche, bombas de aire, y otros dispositivos bajo la potencia de 180W, port\u00e1tiles, tablets, tel\u00e9fonos, drones, Steam Deck, Switch, etc.<\/span><\/li>\n<li class=\"a-spacing-mini\"><span class=\"a-list-item\">Seguro y estable: C\u00e9lulas LiFePO4 incorporadas que no se encienden en condiciones de sobrecarga, sobredescarga, sobrecorriente o cortocircuito y pueden soportar altas temperaturas sin descomponerse, 3000 ciclos de bater\u00eda.<\/span><\/li>\n<li class=\"a-spacing-mini\"><span class=\"a-list-item\">Tres opciones de recarga: 1. Cargar con un cargador PD de tipo C de 60 W (de 6 a 8 horas hasta la carga completa), 2. Cargar con el adaptador de CA de 72 W incluido (de 5 a 6 horas hasta la carga completa), 3. Utilizar un panel solar con una salida de 100 W o m\u00e1s (no incluido).<\/span><\/li>\n<li class=\"a-spacing-mini\"><span class=\"a-list-item\">Lista de paquetes: 1 \u00d7 Bater\u00eda CPAP, 1 \u00d7 Adaptador de CA, 1 \u00d7 Cable de CC para ResMed S9, 1 \u00d7 Cable de CC para AirSense 10\/AirCurve 10, 1 \u00d7 Cable de CC para AirMini\/AirSense 11, 1 \u00d7 Cable de CC para Philips DreamStation 2, 1 \u00d7 Cable USB C-USB C, 1 \u00d7 Bolsa de mano, 1 \u00d7 Manual de usuario<\/span><\/li>\n<\/ul>","protected":false},"excerpt":{"rendered":"<p>Para ResMed S9, AirSense 10, AirSense 11, AirCurve 10, AirMini, Philips DreamStation<\/p>","protected":false},"featured_media":10212,"template":"","meta":{"bwfblock_default_font":"","_uag_custom_page_level_css":"","site-sidebar-layout":"default","site-content-layout":"","ast-site-content-layout":"default","site-content-style":"default","site-sidebar-style":"default","ast-global-header-display":"","ast-banner-title-visibility":"","ast-main-header-display":"","ast-hfb-above-header-display":"","ast-hfb-below-header-display":"","ast-hfb-mobile-header-display":"","site-post-title":"","ast-breadcrumbs-content":"","ast-featured-img":"","footer-sml-layout":"","ast-disable-related-posts":"","theme-transparent-header-meta":"default","adv-header-id-meta":"","stick-header-meta":"default","header-above-stick-meta":"","header-main-stick-meta":"","header-below-stick-meta":"","astra-migrate-meta-layouts":"set","ast-page-background-enabled":"default","ast-page-background-meta":{"desktop":{"background-color":"","background-image":"","background-repeat":"repeat","background-position":"center center","background-size":"auto","background-attachment":"scroll","background-type":"","background-media":"","overlay-type":"","overlay-color":"","overlay-opacity":"","overlay-gradient":""},"tablet":{"background-color":"","background-image":"","background-repeat":"repeat","background-position":"center center","background-size":"auto","background-attachment":"scroll","background-type":"","background-media":"","overlay-type":"","overlay-color":"","overlay-opacity":"","overlay-gradient":""},"mobile":{"background-color":"","background-image":"","background-repeat":"repeat","background-position":"center center","background-size":"auto","background-attachment":"scroll","background-type":"","background-media":"","overlay-type":"","overlay-color":"","overlay-opacity":"","overlay-gradient":""}},"ast-content-background-meta":{"desktop":{"background-color":"var(--ast-global-color-5)","background-image":"","background-repeat":"repeat","background-position":"center center","background-size":"auto","background-attachment":"scroll","background-type":"","background-media":"","overlay-type":"","overlay-color":"","overlay-opacity":"","overlay-gradient":""},"tablet":{"background-color":"var(--ast-global-color-5)","background-image":"","background-repeat":"repeat","background-position":"center center","background-size":"auto","background-attachment":"scroll","background-type":"","background-media":"","overlay-type":"","overlay-color":"","overlay-opacity":"","overlay-gradient":""},"mobile":{"background-color":"var(--ast-global-color-5)","background-image":"","background-repeat":"repeat","background-position":"center center","background-size":"auto","background-attachment":"scroll","background-type":"","background-media":"","overlay-type":"","overlay-color":"","overlay-opacity":"","overlay-gradient":""}}},"product_brand":[73],"product_cat":[343,307,336,305],"product_tag":[],"class_list":{"0":"post-10210","1":"product","2":"type-product","3":"status-publish","4":"has-post-thumbnail","6":"product_brand-pophaw","7":"product_cat-cpap-machine","8":"product_cat-cpap-machines-accessories","9":"product_cat-healthcare-products","10":"product_cat-respiratory-care-products","11":"desktop-align-center","12":"tablet-align-center","13":"mobile-align-center","14":"ast-product-gallery-layout-horizontal-slider","15":"ast-magnify-disabled","16":"ast-product-tabs-layout-horizontal","18":"first","19":"instock","20":"shipping-taxable","21":"purchasable","22":"product-type-simple"},"spectra_custom_meta":{"_edit_lock":["1737876830:1"],"_edit_last":["1"],"rank_math_seo_score":["84"],"rank_math_focus_keyword":["Cpap Battery Operated"],"rank_math_description":["The CPAP Battery Operated power bank is a reliable and high-capacity solution for powering your CPAP machine during travel, camping, or emergencies."],"_thumbnail_id":["10212"],"_admin_notes":["https:\/\/www.temu.com\/us-zh-Hans\/-es400-air-cpap-148wh-resmed-s9-philips---usb-c--g-601099750837897.html?_oak_mp_inf=EImdoin1ogBGiBhM2M2NTNmZGQ0ODY0ZDUxOGVjZDRjZmUyYjQyZGRjYyClGCxTI&top_gallery_url=httpsimg.kwcdn.comproductfancybaff762a-8099-4ec1-9388-bb9dbee7e5be.jpg&spec_gallery_id=2738260808&refer_page_sn=10009&refer_source=0&freesia_scene=2&_oak_freesia_scene=2&_oak_rec_ext_1=MTQwNDQ&_oak_gallery_order=58217848816989534595072389461113133278232709415&search_key=cpap&refer_page_el_sn=200049&refer_page_name=search_result&refer_page_id=10009_1736514754913_sgcxi0jw35&_x_sessn_id=06h751l3oq&_x_enter_scene_type=cate_tab"],"_custom_product_field":[""],"_sku":["EB218045"],"_global_unique_id":["17841900187770"],"_regular_price":["199"],"total_sales":["0"],"_tax_status":["taxable"],"_tax_class":[""],"_manage_stock":["no"],"_backorders":["no"],"_sold_individually":["no"],"_virtual":["no"],"_downloadable":["no"],"_download_limit":["-1"],"_download_expiry":["-1"],"_stock":[null],"_stock_status":["instock"],"_wc_average_rating":["0"],"_wc_review_count":["0"],"_product_version":["9.6.0"],"_price":["199"],"_wc_gla_visibility":["sync-and-show"],"_wc_gla_sync_status":["synced"],"_product_image_gallery":["10213,10214,10215,10216,10217,10218,10219,10220"],"_wc_facebook_sync_enabled":["yes"],"fb_visibility":["yes"],"fb_product_description":[""],"_wc_facebook_product_image_source":["product"],"_wc_facebook_commerce_enabled":["no"],"fb_product_group_id":["8887134158020568"],"rank_math_primary_product_brand":["73"],"rank_math_primary_product_cat":["343"],"rank_math_primary_fb_product_set":["0"],"site-sidebar-layout":["default"],"ast-site-content-layout":["default"],"site-content-style":["default"],"site-sidebar-style":["default"],"theme-transparent-header-meta":["default"],"astra-migrate-meta-layouts":["set"],"stick-header-meta":["default"],"rank_math_analytic_object_id":["224"],"fb_product_item_id":["8887134471353870"],"_wc_gla_synced_at":["1773802835"],"_wc_gla_google_ids":["a:1:{s:2:\"US\";s:22:\"online:en:US:gla_10210\";}"],"wp_statistics_words_count":["369"],"wpil_sync_report3":["1"],"wpil_links_inbound_internal_count":["0"],"wpil_links_inbound_internal_count_data":["eJxLtDKwqq4FAAZPAf4="],"wpil_links_outbound_internal_count":["0"],"wpil_links_outbound_internal_count_data":["eJxLtDKwqq4FAAZPAf4="],"wpil_links_outbound_external_count":["0"],"wpil_links_outbound_external_count_data":["eJxLtDKwqq4FAAZPAf4="],"wpil_sync_report2_time":["2025-01-27T07:29:10+00:00"],"omnisend_last_sync":["2025-05-16T11:05:10+00:00"],"surerank_settings_general":["a:7:{s:9:\"separator\";s:1:\"-\";s:10:\"page_title\";s:21:\"%title% - %site_name%\";s:25:\"auto_generate_description\";b:1;s:16:\"page_description\";s:148:\"The CPAP Battery Operated power bank is a reliable and high-capacity solution for powering your CPAP machine during travel, camping, or emergencies.\";s:16:\"auto_description\";s:157:\"The CPAP Battery Operated power bank is a reliable and high-capacity solution for powering your CPAP machine during travel, camping, or emergencies. With its\";s:14:\"fallback_image\";s:0:\"\";s:13:\"canonical_url\";s:49:\"https:\/\/pophaw.com\/product\/cpap-battery-operated\/\";}"],"surerank_settings_post_no_index":["no"],"surerank_settings_post_no_follow":["no"],"surerank_settings_post_no_archive":["no"],"surerank_settings_social":["a:23:{s:15:\"open_graph_tags\";b:1;s:18:\"facebook_meta_tags\";b:1;s:17:\"twitter_meta_tags\";b:1;s:16:\"oembeded_scripts\";b:1;s:17:\"oembeded_og_title\";b:1;s:22:\"oembeded_social_images\";b:1;s:27:\"oembeded_remove_author_name\";b:1;s:17:\"facebook_page_url\";s:54:\"https:\/\/www.facebook.com\/profile.php?id=61571207938497\";s:24:\"facebook_author_fallback\";s:0:\"\";s:17:\"twitter_card_type\";s:19:\"summary_large_image\";s:24:\"twitter_same_as_facebook\";b:1;s:24:\"twitter_profile_username\";s:0:\"\";s:24:\"twitter_profile_fallback\";s:0:\"\";s:14:\"facebook_title\";s:21:\"%title% - %site_name%\";s:20:\"facebook_description\";s:9:\"%content%\";s:18:\"facebook_image_url\";s:60:\"https:\/\/pophaw.com\/wp-content\/uploads\/2025\/01\/image_1-3.webp\";s:17:\"facebook_image_id\";i:10212;s:20:\"facebook_image_width\";i:1600;s:21:\"facebook_image_height\";i:1600;s:13:\"twitter_title\";s:21:\"%title% - %site_name%\";s:19:\"twitter_description\";s:9:\"%content%\";s:17:\"twitter_image_url\";s:60:\"https:\/\/pophaw.com\/wp-content\/uploads\/2025\/01\/image_1-3.webp\";s:16:\"twitter_image_id\";i:10212;}"],"surerank_migration":["1"],"astra_style_timestamp_css":["1775192770"],"wwpp_product_wholesale_visibility_filter":["all"],"_uag_css_file_name":["uag-css-10210.css"],"rank_math_internal_links_processed":["1"],"_uag_page_assets":["a:9:{s:3:\"css\";s:0:\"\";s:2:\"js\";s:0:\"\";s:18:\"current_block_list\";a:15:{i:0;s:23:\"surecart\/slide-out-cart\";i:1;s:30:\"surecart\/slide-out-cart-header\";i:2;s:29:\"surecart\/slide-out-cart-items\";i:3;s:30:\"surecart\/slide-out-cart-coupon\";i:4;s:32:\"surecart\/slide-out-cart-subtotal\";i:5;s:38:\"surecart\/slide-out-cart-bump-line-item\";i:6;s:30:\"surecart\/slide-out-cart-submit\";i:7;s:11:\"core\/search\";i:8;s:10:\"core\/group\";i:9;s:12:\"core\/heading\";i:10;s:17:\"core\/latest-posts\";i:11;s:20:\"core\/latest-comments\";i:12;s:13:\"core\/archives\";i:13;s:15:\"core\/categories\";i:14;s:14:\"core\/shortcode\";}s:8:\"uag_flag\";b:0;s:11:\"uag_version\";s:10:\"1775168599\";s:6:\"gfonts\";a:0:{}s:10:\"gfonts_url\";s:0:\"\";s:12:\"gfonts_files\";a:0:{}s:14:\"uag_faq_layout\";b:0;}"],"_wc_gla_mc_status":["approved"]},"uagb_featured_image_src":{"full":["https:\/\/pophaw.com\/wp-content\/uploads\/2025\/01\/image_1-3.webp",1600,1600,false],"thumbnail":["https:\/\/pophaw.com\/wp-content\/uploads\/2025\/01\/image_1-3-150x150.webp",150,150,true],"medium":["https:\/\/pophaw.com\/wp-content\/uploads\/2025\/01\/image_1-3-300x300.webp",300,300,true],"medium_large":["https:\/\/pophaw.com\/wp-content\/uploads\/2025\/01\/image_1-3-768x768.webp",768,768,true],"large":["https:\/\/pophaw.com\/wp-content\/uploads\/2025\/01\/image_1-3-1024x1024.webp",1024,1024,true],"ryviu-small":["https:\/\/pophaw.com\/wp-content\/uploads\/2025\/01\/image_1-3.webp",40,40,false],"ryviu-medium":["https:\/\/pophaw.com\/wp-content\/uploads\/2025\/01\/image_1-3.webp",132,132,false],"1536x1536":["https:\/\/pophaw.com\/wp-content\/uploads\/2025\/01\/image_1-3-1536x1536.webp",1536,1536,true],"2048x2048":["https:\/\/pophaw.com\/wp-content\/uploads\/2025\/01\/image_1-3.webp",1600,1600,false],"trp-custom-language-flag":["https:\/\/pophaw.com\/wp-content\/uploads\/2025\/01\/image_1-3.webp",12,12,false],"woocommerce_thumbnail":["https:\/\/pophaw.com\/wp-content\/uploads\/2025\/01\/image_1-3-300x300.webp",300,300,true],"woocommerce_single":["https:\/\/pophaw.com\/wp-content\/uploads\/2025\/01\/image_1-3-600x600.webp",600,600,true],"woocommerce_gallery_thumbnail":["https:\/\/pophaw.com\/wp-content\/uploads\/2025\/01\/image_1-3-100x100.webp",100,100,true]},"uagb_author_info":{"display_name":"Dr. Rowan","author_link":"https:\/\/pophaw.com\/es\/author\/"},"uagb_comment_info":0,"uagb_excerpt":"For ResMed S9, AirSense 10, AirSense 11, AirCurve 10, AirMini, Philips DreamStation","_links":{"self":[{"href":"https:\/\/pophaw.com\/es\/wp-json\/wp\/v2\/product\/10210","targetHints":{"allow":["GET"]}}],"collection":[{"href":"https:\/\/pophaw.com\/es\/wp-json\/wp\/v2\/product"}],"about":[{"href":"https:\/\/pophaw.com\/es\/wp-json\/wp\/v2\/types\/product"}],"wp:featuredmedia":[{"embeddable":true,"href":"https:\/\/pophaw.com\/es\/wp-json\/wp\/v2\/media\/10212"}],"wp:attachment":[{"href":"https:\/\/pophaw.com\/es\/wp-json\/wp\/v2\/media?parent=10210"}],"wp:term":[{"taxonomy":"product_brand","embeddable":true,"href":"https:\/\/pophaw.com\/es\/wp-json\/wp\/v2\/product_brand?post=10210"},{"taxonomy":"product_cat","embeddable":true,"href":"https:\/\/pophaw.com\/es\/wp-json\/wp\/v2\/product_cat?post=10210"},{"taxonomy":"product_tag","embeddable":true,"href":"https:\/\/pophaw.com\/es\/wp-json\/wp\/v2\/product_tag?post=10210"}],"curies":[{"name":"wp","href":"https:\/\/api.w.org\/{rel}","templated":true}]}}