{"id":10276,"date":"2025-01-11T04:17:44","date_gmt":"2025-01-11T12:17:44","guid":{"rendered":"https:\/\/pophaw.com\/?post_type=product&#038;p=10276"},"modified":"2025-01-25T23:34:03","modified_gmt":"2025-01-26T07:34:03","slug":"estimulador-muscular-tens-unit","status":"publish","type":"product","link":"https:\/\/pophaw.com\/es\/producto\/estimulador-muscular-tens-unit\/","title":{"rendered":"Estimulador muscular Tens Unit"},"content":{"rendered":"<p><strong>Tens Unidad Estimulador Muscular Cuerpo Circulaci\u00f3n Alivio del Dolor Terapia M\u00e1quina Dispositivo<\/strong><\/p>\n<ul data-immersive-translate-walked=\"1aa85f84-c85f-4901-96d7-35103d5ada9c\">\n<li data-immersive-translate-walked=\"1aa85f84-c85f-4901-96d7-35103d5ada9c\">\n<div data-immersive-translate-walked=\"1aa85f84-c85f-4901-96d7-35103d5ada9c\"><span data-immersive-translate-walked=\"1aa85f84-c85f-4901-96d7-35103d5ada9c\">Se trata de una combinaci\u00f3n de dispositivos TENS y PMS, un m\u00e9todo de alivio del dolor sin f\u00e1rmacos utilizado por fisioterapeutas y prescrito a m\u00e9dicos desde hace m\u00e1s de 40 a\u00f1os.<\/span><\/div>\n<\/li>\n<li data-immersive-translate-walked=\"1aa85f84-c85f-4901-96d7-35103d5ada9c\">\n<div data-immersive-translate-walked=\"1aa85f84-c85f-4901-96d7-35103d5ada9c\"><span data-immersive-translate-walked=\"1aa85f84-c85f-4901-96d7-35103d5ada9c\">Los masajeadores TechCare emiten impulsos de bajo voltaje sobre la piel para estimular las fibras nerviosas, bloqueando eficazmente la se\u00f1al de dolor que llega al cerebro.<\/span><\/div>\n<\/li>\n<li data-immersive-translate-walked=\"1aa85f84-c85f-4901-96d7-35103d5ada9c\">\n<div data-immersive-translate-walked=\"1aa85f84-c85f-4901-96d7-35103d5ada9c\"><span data-immersive-translate-walked=\"1aa85f84-c85f-4901-96d7-35103d5ada9c\">Tambi\u00e9n aumenta las endorfinas naturales. No habr\u00e1 necesidad de pastillas para el dolor \u00a1Ya no!<\/span><\/div>\n<\/li>\n<li data-immersive-translate-walked=\"1aa85f84-c85f-4901-96d7-35103d5ada9c\">\n<div data-immersive-translate-walked=\"1aa85f84-c85f-4901-96d7-35103d5ada9c\"><span data-immersive-translate-walked=\"1aa85f84-c85f-4901-96d7-35103d5ada9c\">Bater\u00eda de litio integrada recargable\u00a0<\/span><\/div>\n<\/li>\n<li data-immersive-translate-walked=\"1aa85f84-c85f-4901-96d7-35103d5ada9c\">\n<div data-immersive-translate-walked=\"1aa85f84-c85f-4901-96d7-35103d5ada9c\"><span data-immersive-translate-walked=\"1aa85f84-c85f-4901-96d7-35103d5ada9c\">Tens Ems Modos de Masaje Opciones<\/span><\/div>\n<\/li>\n<li data-immersive-translate-walked=\"1aa85f84-c85f-4901-96d7-35103d5ada9c\">\n<div data-immersive-translate-walked=\"1aa85f84-c85f-4901-96d7-35103d5ada9c\"><span data-immersive-translate-walked=\"1aa85f84-c85f-4901-96d7-35103d5ada9c\">24 modos de multimasaje diferentes<\/span><\/div>\n<\/li>\n<li data-immersive-translate-walked=\"1aa85f84-c85f-4901-96d7-35103d5ada9c\">\n<div data-immersive-translate-walked=\"1aa85f84-c85f-4901-96d7-35103d5ada9c\"><span data-immersive-translate-walked=\"1aa85f84-c85f-4901-96d7-35103d5ada9c\">2 canales, diez unidades<\/span><\/div>\n<\/li>\n<li data-immersive-translate-walked=\"1aa85f84-c85f-4901-96d7-35103d5ada9c\">\n<div data-immersive-translate-walked=\"1aa85f84-c85f-4901-96d7-35103d5ada9c\"><span data-immersive-translate-walked=\"1aa85f84-c85f-4901-96d7-35103d5ada9c\">20 niveles de intensidad ajustables<\/span><\/div>\n<\/li>\n<li data-immersive-translate-walked=\"1aa85f84-c85f-4901-96d7-35103d5ada9c\">\n<div data-immersive-translate-walked=\"1aa85f84-c85f-4901-96d7-35103d5ada9c\"><span data-immersive-translate-walked=\"1aa85f84-c85f-4901-96d7-35103d5ada9c\">Apagado autom\u00e1tico\u00a0<\/span><\/div>\n<\/li>\n<li data-immersive-translate-walked=\"1aa85f84-c85f-4901-96d7-35103d5ada9c\">\n<div data-immersive-translate-walked=\"1aa85f84-c85f-4901-96d7-35103d5ada9c\"><span data-immersive-translate-walked=\"1aa85f84-c85f-4901-96d7-35103d5ada9c\">Mejorar la circulaci\u00f3n sangu\u00ednea<\/span><\/div>\n<\/li>\n<li data-immersive-translate-walked=\"1aa85f84-c85f-4901-96d7-35103d5ada9c\">\n<div data-immersive-translate-walked=\"1aa85f84-c85f-4901-96d7-35103d5ada9c\"><span data-immersive-translate-walked=\"1aa85f84-c85f-4901-96d7-35103d5ada9c\">Tan f\u00e1cil de usar como sencillo<\/span><\/div>\n<\/li>\n<li data-immersive-translate-walked=\"1aa85f84-c85f-4901-96d7-35103d5ada9c\">\n<div data-immersive-translate-walked=\"1aa85f84-c85f-4901-96d7-35103d5ada9c\"><span data-immersive-translate-walked=\"1aa85f84-c85f-4901-96d7-35103d5ada9c\">Modos de masaje multipreprogramados. Tapping, Acupuntura, Tejido Profundo, Pies, Ventosas, Combo.<\/span><\/div>\n<\/li>\n<li data-immersive-translate-walked=\"1aa85f84-c85f-4901-96d7-35103d5ada9c\">\n<div data-immersive-translate-walked=\"1aa85f84-c85f-4901-96d7-35103d5ada9c\"><span data-immersive-translate-walked=\"1aa85f84-c85f-4901-96d7-35103d5ada9c\">Temporizador ajustable de 10 a 60 minutos mediante el bot\u00f3n \u201cT\u201d.<\/span><\/div>\n<\/li>\n<li data-immersive-translate-walked=\"1aa85f84-c85f-4901-96d7-35103d5ada9c\">\n<div data-immersive-translate-walked=\"1aa85f84-c85f-4901-96d7-35103d5ada9c\"><span data-immersive-translate-walked=\"1aa85f84-c85f-4901-96d7-35103d5ada9c\">Bater\u00eda interna de litio recargable.<\/span><\/div>\n<\/li>\n<li data-immersive-translate-walked=\"1aa85f84-c85f-4901-96d7-35103d5ada9c\">\n<div data-immersive-translate-walked=\"1aa85f84-c85f-4901-96d7-35103d5ada9c\"><span data-immersive-translate-walked=\"1aa85f84-c85f-4901-96d7-35103d5ada9c\">Hasta 20 horas de uso continuado.<\/span><\/div>\n<\/li>\n<li data-immersive-translate-walked=\"1aa85f84-c85f-4901-96d7-35103d5ada9c\">\n<div data-immersive-translate-walked=\"1aa85f84-c85f-4901-96d7-35103d5ada9c\"><span data-immersive-translate-walked=\"1aa85f84-c85f-4901-96d7-35103d5ada9c\">La salida A-B te permitir\u00e1 utilizarla como 2 usuarios distintos.<\/span><\/div>\n<\/li>\n<li data-immersive-translate-walked=\"1aa85f84-c85f-4901-96d7-35103d5ada9c\">\n<div data-immersive-translate-walked=\"1aa85f84-c85f-4901-96d7-35103d5ada9c\"><span data-immersive-translate-walked=\"1aa85f84-c85f-4901-96d7-35103d5ada9c\" data-immersive-translate-paragraph=\"1\">Tama\u00f1o bolsillo<\/span><\/div>\n<\/li>\n<li data-immersive-translate-walked=\"1aa85f84-c85f-4901-96d7-35103d5ada9c\">\n<div data-immersive-translate-walked=\"1aa85f84-c85f-4901-96d7-35103d5ada9c\"><span data-immersive-translate-walked=\"1aa85f84-c85f-4901-96d7-35103d5ada9c\" data-immersive-translate-paragraph=\"1\">Port\u00e1til<\/span><\/div>\n<\/li>\n<li data-immersive-translate-walked=\"1aa85f84-c85f-4901-96d7-35103d5ada9c\">\n<div data-immersive-translate-walked=\"1aa85f84-c85f-4901-96d7-35103d5ada9c\"><span data-immersive-translate-walked=\"1aa85f84-c85f-4901-96d7-35103d5ada9c\" data-immersive-translate-paragraph=\"1\">Elegible para FSA\/HSA<\/span><\/div>\n<\/li>\n<li data-immersive-translate-walked=\"1aa85f84-c85f-4901-96d7-35103d5ada9c\">\n<div data-immersive-translate-walked=\"1aa85f84-c85f-4901-96d7-35103d5ada9c\"><span data-immersive-translate-walked=\"1aa85f84-c85f-4901-96d7-35103d5ada9c\" data-immersive-translate-paragraph=\"1\">Tratar 2 localizaciones del dolor al mismo tiempo<\/span><\/div>\n<\/li>\n<li data-immersive-translate-walked=\"1aa85f84-c85f-4901-96d7-35103d5ada9c\">\n<div data-immersive-translate-walked=\"1aa85f84-c85f-4901-96d7-35103d5ada9c\"><span data-immersive-translate-walked=\"1aa85f84-c85f-4901-96d7-35103d5ada9c\" data-immersive-translate-paragraph=\"1\">Analg\u00e9sico natural<\/span><\/div>\n<\/li>\n<li data-immersive-translate-walked=\"1aa85f84-c85f-4901-96d7-35103d5ada9c\">\n<div data-immersive-translate-walked=\"1aa85f84-c85f-4901-96d7-35103d5ada9c\"><span data-immersive-translate-walked=\"1aa85f84-c85f-4901-96d7-35103d5ada9c\" data-immersive-translate-paragraph=\"1\">Terapia sin f\u00e1rmacos<\/span><\/div>\n<\/li>\n<li data-immersive-translate-walked=\"1aa85f84-c85f-4901-96d7-35103d5ada9c\">\n<div data-immersive-translate-walked=\"1aa85f84-c85f-4901-96d7-35103d5ada9c\"><span data-immersive-translate-walked=\"1aa85f84-c85f-4901-96d7-35103d5ada9c\" data-immersive-translate-paragraph=\"1\">Seguridad y eficacia<\/span><\/div>\n<\/li>\n<li data-immersive-translate-walked=\"1aa85f84-c85f-4901-96d7-35103d5ada9c\">\n<div data-immersive-translate-walked=\"1aa85f84-c85f-4901-96d7-35103d5ada9c\"><span data-immersive-translate-walked=\"1aa85f84-c85f-4901-96d7-35103d5ada9c\" data-immersive-translate-paragraph=\"1\">Ligero<\/span><\/div>\n<\/li>\n<li data-immersive-translate-walked=\"1aa85f84-c85f-4901-96d7-35103d5ada9c\">\n<div data-immersive-translate-walked=\"1aa85f84-c85f-4901-96d7-35103d5ada9c\"><span data-immersive-translate-walked=\"1aa85f84-c85f-4901-96d7-35103d5ada9c\" data-immersive-translate-paragraph=\"1\">Garant\u00eda de por vida<\/span><\/div>\n<\/li>\n<li data-immersive-translate-walked=\"1aa85f84-c85f-4901-96d7-35103d5ada9c\">\n<div data-immersive-translate-walked=\"1aa85f84-c85f-4901-96d7-35103d5ada9c\"><span data-immersive-translate-walked=\"1aa85f84-c85f-4901-96d7-35103d5ada9c\" data-immersive-translate-paragraph=\"1\">Tens y Ems Combo Device<\/span><\/div>\n<\/li>\n<\/ul>\n<p data-immersive-translate-walked=\"1aa85f84-c85f-4901-96d7-35103d5ada9c\"><strong>El paquete del estimulador muscular Tens incluye\u00a0<\/strong><\/p>\n<p data-immersive-translate-walked=\"1aa85f84-c85f-4901-96d7-35103d5ada9c\">1x Controlador de modelo m\u00e1s reciente,<br \/>\n6 Electrodos Grandes ( Almohadillas ),<br \/>\n2 Cables Electrodos,<br \/>\n1 par de zapatillas masajeadoras<br \/>\n1 Cintur\u00f3n masajeador<br \/>\nManual del usuario,<br \/>\nUSB y cargador de pared,<br \/>\n1 almohadilla de electrodo peque\u00f1a y soporte de cable,<br \/>\n1 Tabla de puntos de tratamiento<br \/>\nTodos vienen con GARANT\u00cdA LIMITADA DE POR VIDA.<\/p>\n<p>TechCare Massager Plus es un dispositivo multifunci\u00f3n de doble canal alimentado por pilas, que ofrece las cualidades de un estimulador nervioso el\u00e9ctrico transcut\u00e1neo (TENS) y de un simulador muscular motorizado (PMS) en un solo aparato. Pro ofrece una gran pantalla LCD, modos multimasaje y 2 salidas A-B. Esta unidad cuenta con un temporizador ajustable, un indicador de duraci\u00f3n de la bater\u00eda y una bater\u00eda de litio incorporada.<\/p>\n<p>GARANT\u00cdA: Tens Unit Muscle Stimulator Massager respaldado con garant\u00eda limitada de por vida y garant\u00eda de devoluci\u00f3n del dinero de 30 d\u00edas.<\/p>\n<p>Los zapatos masajeadores ajustables de alta calidad se adaptan a la mayor\u00eda de los pies.<br \/>\nS\u00f3lo tienes que sentarte y relajarte mientras unos zapatos masajean tus pies.<br \/>\n2 electrodos de silicona integrados que eliminan la necesidad de comprar almohadillas de electrodos de repuesto<br \/>\nAlivia el dolor en los pies y la pierna y los m\u00fasculos doloridos de la pierna mientras trabaja o disfruta de la televisi\u00f3n. Proporciona un impulso el\u00e9ctrico en una superficie mayor bajo los pies para que puedas utilizarlo mientras est\u00e1s sentado en tu escritorio o viendo la televisi\u00f3n.<\/p>\n<p>Alivio del dolor espec\u00edfico de alta tecnolog\u00eda para los m\u00fasculos lumbares doloridos y ayuda a quemar grasa en la zona abdominal.<br \/>\nCompatible con las mejores unidades TENS del mercado, como TechCare Massagers, iRest Massagers, Unimed Massagers y otras unidades TENS populares.<br \/>\n2 electrodos de silicona integrados que eliminan la necesidad de comprar almohadillas de electrodos de repuesto<br \/>\nCintur\u00f3n extralargo ajustable de 34\u2033 de largo. Talla \u00fanica.<\/p>\n<p><strong>POR FAVOR LEA EL MANUAL DEL USUARIO ANTES DE COMENZAR A UTILIZAR LA M\u00c1QUINA.<\/strong><br \/>\nSi es la primera vez que utiliza el dispositivo, d\u00e9jelo cargando durante al menos 10 horas.<br \/>\nSi no utilizas mucho el aparato, c\u00e1rgalo dos veces al mes para alargar la duraci\u00f3n de la bater\u00eda.<br \/>\nEl aparato tiene funciones de seguridad. El aparato no empezar\u00e1 a funcionar antes de que usted se coloque las almohadillas en el cuerpo.<\/p>","protected":false},"excerpt":{"rendered":"<p>1x Nuevo Modelo de Controlador, 6 Electrodos Grandes ( Almohadillas ), 2 Cables de Electrodos, 1 Par de Zapatillas de Masaje, 1 Cintur\u00f3n de Masaje, Manual de Usuario, USB y Cargador de Pared, 1 Almohadilla de Electrodo Peque\u00f1a y Soporte de Alambre, 1 Tabla de Puntos de Tratamiento<\/p>","protected":false},"featured_media":10278,"template":"","meta":{"bwfblock_default_font":"","_uag_custom_page_level_css":"","site-sidebar-layout":"default","site-content-layout":"","ast-site-content-layout":"default","site-content-style":"default","site-sidebar-style":"default","ast-global-header-display":"","ast-banner-title-visibility":"","ast-main-header-display":"","ast-hfb-above-header-display":"","ast-hfb-below-header-display":"","ast-hfb-mobile-header-display":"","site-post-title":"","ast-breadcrumbs-content":"","ast-featured-img":"","footer-sml-layout":"","ast-disable-related-posts":"","theme-transparent-header-meta":"default","adv-header-id-meta":"","stick-header-meta":"default","header-above-stick-meta":"","header-main-stick-meta":"","header-below-stick-meta":"","astra-migrate-meta-layouts":"set","ast-page-background-enabled":"default","ast-page-background-meta":{"desktop":{"background-color":"","background-image":"","background-repeat":"repeat","background-position":"center center","background-size":"auto","background-attachment":"scroll","background-type":"","background-media":"","overlay-type":"","overlay-color":"","overlay-opacity":"","overlay-gradient":""},"tablet":{"background-color":"","background-image":"","background-repeat":"repeat","background-position":"center center","background-size":"auto","background-attachment":"scroll","background-type":"","background-media":"","overlay-type":"","overlay-color":"","overlay-opacity":"","overlay-gradient":""},"mobile":{"background-color":"","background-image":"","background-repeat":"repeat","background-position":"center center","background-size":"auto","background-attachment":"scroll","background-type":"","background-media":"","overlay-type":"","overlay-color":"","overlay-opacity":"","overlay-gradient":""}},"ast-content-background-meta":{"desktop":{"background-color":"var(--ast-global-color-5)","background-image":"","background-repeat":"repeat","background-position":"center center","background-size":"auto","background-attachment":"scroll","background-type":"","background-media":"","overlay-type":"","overlay-color":"","overlay-opacity":"","overlay-gradient":""},"tablet":{"background-color":"var(--ast-global-color-5)","background-image":"","background-repeat":"repeat","background-position":"center center","background-size":"auto","background-attachment":"scroll","background-type":"","background-media":"","overlay-type":"","overlay-color":"","overlay-opacity":"","overlay-gradient":""},"mobile":{"background-color":"var(--ast-global-color-5)","background-image":"","background-repeat":"repeat","background-position":"center center","background-size":"auto","background-attachment":"scroll","background-type":"","background-media":"","overlay-type":"","overlay-color":"","overlay-opacity":"","overlay-gradient":""}}},"product_brand":[73],"product_cat":[344,336,99,124],"product_tag":[],"class_list":{"0":"post-10276","1":"product","2":"type-product","3":"status-publish","4":"has-post-thumbnail","6":"product_brand-pophaw","7":"product_cat-pain-management","8":"product_cat-healthcare-products","9":"product_cat-home-medical-supplies","10":"product_cat-pain-management-therapy","11":"desktop-align-center","12":"tablet-align-center","13":"mobile-align-center","14":"ast-product-gallery-layout-horizontal-slider","15":"ast-product-gallery-with-no-image","16":"ast-magnify-disabled","17":"ast-product-tabs-layout-horizontal","19":"first","20":"instock","21":"shipping-taxable","22":"purchasable","23":"product-type-simple"},"spectra_custom_meta":{"classic-editor-remember":["classic-editor"],"_edit_lock":["1737876845:1"],"_edit_last":["1"],"rank_math_seo_score":["84"],"rank_math_focus_keyword":["Tens Unit Muscle Stimulator"],"rank_math_description":["Tens Unit Muscle Stimulator Body Circulation Pain Relief Therapy Machine Device. 1x Newest Model Controller, 6 Large Electrodes ( Pads ), 2 Electrodes Cables, 1 Pair of Massager Slipper, 1 Massager Belt, User's Manual, USB and Wall Charger, 1 Small Electrode Pad and Wire Holder, 1 Treatment Points Chart"],"_thumbnail_id":["10278"],"_admin_notes":["https:\/\/www.ebay.com\/itm\/363650789228"],"_custom_product_field":[""],"_sku":["EB218046"],"_global_unique_id":["17841900187787"],"_regular_price":["59.99"],"total_sales":["0"],"_tax_status":["taxable"],"_tax_class":[""],"_manage_stock":["no"],"_backorders":["no"],"_sold_individually":["no"],"_virtual":["no"],"_downloadable":["no"],"_download_limit":["-1"],"_download_expiry":["-1"],"_stock":[null],"_stock_status":["instock"],"_wc_average_rating":["0"],"_wc_review_count":["0"],"_product_version":["9.6.0"],"_price":["59.99"],"_wc_gla_visibility":["sync-and-show"],"_wc_gla_sync_status":["synced"],"_wc_facebook_sync_enabled":["yes"],"fb_visibility":["yes"],"fb_product_description":[""],"_wc_facebook_product_image_source":["product"],"_wc_facebook_commerce_enabled":["no"],"fb_product_group_id":["28126110150337387"],"rank_math_primary_product_brand":["73"],"rank_math_primary_product_cat":["344"],"rank_math_primary_fb_product_set":["0"],"site-sidebar-layout":["default"],"ast-site-content-layout":["default"],"site-content-style":["default"],"site-sidebar-style":["default"],"theme-transparent-header-meta":["default"],"astra-migrate-meta-layouts":["set"],"stick-header-meta":["default"],"rank_math_analytic_object_id":["228"],"_wc_gla_synced_at":["1773802835"],"_wc_gla_google_ids":["a:1:{s:2:\"US\";s:22:\"online:en:US:gla_10276\";}"],"fb_product_item_id":["28126110570337345"],"wp_statistics_words_count":["483"],"wpil_sync_report3":["1"],"wpil_links_inbound_internal_count":["0"],"wpil_links_inbound_internal_count_data":["eJxLtDKwqq4FAAZPAf4="],"wpil_links_outbound_internal_count":["0"],"wpil_links_outbound_internal_count_data":["eJxLtDKwqq4FAAZPAf4="],"wpil_links_outbound_external_count":["0"],"wpil_links_outbound_external_count_data":["eJxLtDKwqq4FAAZPAf4="],"wpil_sync_report2_time":["2025-01-27T07:29:10+00:00"],"omnisend_last_sync":["2025-05-16T11:05:10+00:00"],"surerank_settings_general":["a:7:{s:9:\"separator\";s:1:\"-\";s:10:\"page_title\";s:21:\"%title% - %site_name%\";s:25:\"auto_generate_description\";b:1;s:16:\"page_description\";s:304:\"Tens Unit Muscle Stimulator Body Circulation Pain Relief Therapy Machine Device. 1x Newest Model Controller, 6 Large Electrodes ( Pads ), 2 Electrodes Cables, 1 Pair of Massager Slipper, 1 Massager Belt, User's Manual, USB and Wall Charger, 1 Small Electrode Pad and Wire Holder, 1 Treatment Points Chart\";s:16:\"auto_description\";s:156:\"Tens Unit Muscle Stimulator Body Circulation Pain Relief Therapy Machine Device Tens Unit Muscle Stimulator Package Includes\u00a0 1x Newest Model Controller, 6\";s:14:\"fallback_image\";s:0:\"\";s:13:\"canonical_url\";s:55:\"https:\/\/pophaw.com\/product\/tens-unit-muscle-stimulator\/\";}"],"surerank_settings_post_no_index":["no"],"surerank_settings_post_no_follow":["no"],"surerank_settings_post_no_archive":["no"],"surerank_settings_social":["a:23:{s:15:\"open_graph_tags\";b:1;s:18:\"facebook_meta_tags\";b:1;s:17:\"twitter_meta_tags\";b:1;s:16:\"oembeded_scripts\";b:1;s:17:\"oembeded_og_title\";b:1;s:22:\"oembeded_social_images\";b:1;s:27:\"oembeded_remove_author_name\";b:1;s:17:\"facebook_page_url\";s:54:\"https:\/\/www.facebook.com\/profile.php?id=61571207938497\";s:24:\"facebook_author_fallback\";s:0:\"\";s:17:\"twitter_card_type\";s:19:\"summary_large_image\";s:24:\"twitter_same_as_facebook\";b:1;s:24:\"twitter_profile_username\";s:0:\"\";s:24:\"twitter_profile_fallback\";s:0:\"\";s:14:\"facebook_title\";s:21:\"%title% - %site_name%\";s:20:\"facebook_description\";s:9:\"%content%\";s:18:\"facebook_image_url\";s:66:\"https:\/\/pophaw.com\/wp-content\/uploads\/2025\/01\/Main-image-1-13.webp\";s:17:\"facebook_image_id\";i:10278;s:20:\"facebook_image_width\";i:1080;s:21:\"facebook_image_height\";i:1080;s:13:\"twitter_title\";s:21:\"%title% - %site_name%\";s:19:\"twitter_description\";s:9:\"%content%\";s:17:\"twitter_image_url\";s:66:\"https:\/\/pophaw.com\/wp-content\/uploads\/2025\/01\/Main-image-1-13.webp\";s:16:\"twitter_image_id\";i:10278;}"],"surerank_migration":["1"],"astra_style_timestamp_css":["1775194092"],"wwpp_product_wholesale_visibility_filter":["all"],"_uag_css_file_name":["uag-css-10276.css"],"rank_math_internal_links_processed":["1"],"_uag_page_assets":["a:9:{s:3:\"css\";s:0:\"\";s:2:\"js\";s:0:\"\";s:18:\"current_block_list\";a:15:{i:0;s:23:\"surecart\/slide-out-cart\";i:1;s:30:\"surecart\/slide-out-cart-header\";i:2;s:29:\"surecart\/slide-out-cart-items\";i:3;s:30:\"surecart\/slide-out-cart-coupon\";i:4;s:32:\"surecart\/slide-out-cart-subtotal\";i:5;s:38:\"surecart\/slide-out-cart-bump-line-item\";i:6;s:30:\"surecart\/slide-out-cart-submit\";i:7;s:11:\"core\/search\";i:8;s:10:\"core\/group\";i:9;s:12:\"core\/heading\";i:10;s:17:\"core\/latest-posts\";i:11;s:20:\"core\/latest-comments\";i:12;s:13:\"core\/archives\";i:13;s:15:\"core\/categories\";i:14;s:14:\"core\/shortcode\";}s:8:\"uag_flag\";b:0;s:11:\"uag_version\";s:10:\"1775168599\";s:6:\"gfonts\";a:0:{}s:10:\"gfonts_url\";s:0:\"\";s:12:\"gfonts_files\";a:0:{}s:14:\"uag_faq_layout\";b:0;}"],"_wc_gla_mc_status":["approved"]},"uagb_featured_image_src":{"full":["https:\/\/pophaw.com\/wp-content\/uploads\/2025\/01\/Main-image-1-13.webp",1080,1080,false],"thumbnail":["https:\/\/pophaw.com\/wp-content\/uploads\/2025\/01\/Main-image-1-13-150x150.webp",150,150,true],"medium":["https:\/\/pophaw.com\/wp-content\/uploads\/2025\/01\/Main-image-1-13-300x300.webp",300,300,true],"medium_large":["https:\/\/pophaw.com\/wp-content\/uploads\/2025\/01\/Main-image-1-13-768x768.webp",768,768,true],"large":["https:\/\/pophaw.com\/wp-content\/uploads\/2025\/01\/Main-image-1-13-1024x1024.webp",1024,1024,true],"ryviu-small":["https:\/\/pophaw.com\/wp-content\/uploads\/2025\/01\/Main-image-1-13.webp",40,40,false],"ryviu-medium":["https:\/\/pophaw.com\/wp-content\/uploads\/2025\/01\/Main-image-1-13.webp",132,132,false],"1536x1536":["https:\/\/pophaw.com\/wp-content\/uploads\/2025\/01\/Main-image-1-13.webp",1080,1080,false],"2048x2048":["https:\/\/pophaw.com\/wp-content\/uploads\/2025\/01\/Main-image-1-13.webp",1080,1080,false],"trp-custom-language-flag":["https:\/\/pophaw.com\/wp-content\/uploads\/2025\/01\/Main-image-1-13.webp",12,12,false],"woocommerce_thumbnail":["https:\/\/pophaw.com\/wp-content\/uploads\/2025\/01\/Main-image-1-13-300x300.webp",300,300,true],"woocommerce_single":["https:\/\/pophaw.com\/wp-content\/uploads\/2025\/01\/Main-image-1-13-600x600.webp",600,600,true],"woocommerce_gallery_thumbnail":["https:\/\/pophaw.com\/wp-content\/uploads\/2025\/01\/Main-image-1-13-100x100.webp",100,100,true]},"uagb_author_info":{"display_name":"Dr. Rowan","author_link":"https:\/\/pophaw.com\/es\/author\/"},"uagb_comment_info":0,"uagb_excerpt":"1x Newest Model Controller, 6 Large Electrodes ( Pads ), 2 Electrodes Cables, 1 Pair of Massager Slipper, 1 Massager Belt, User's Manual, USB and Wall Charger, 1 Small Electrode Pad and Wire Holder, 1 Treatment Points Chart","_links":{"self":[{"href":"https:\/\/pophaw.com\/es\/wp-json\/wp\/v2\/product\/10276","targetHints":{"allow":["GET"]}}],"collection":[{"href":"https:\/\/pophaw.com\/es\/wp-json\/wp\/v2\/product"}],"about":[{"href":"https:\/\/pophaw.com\/es\/wp-json\/wp\/v2\/types\/product"}],"wp:featuredmedia":[{"embeddable":true,"href":"https:\/\/pophaw.com\/es\/wp-json\/wp\/v2\/media\/10278"}],"wp:attachment":[{"href":"https:\/\/pophaw.com\/es\/wp-json\/wp\/v2\/media?parent=10276"}],"wp:term":[{"taxonomy":"product_brand","embeddable":true,"href":"https:\/\/pophaw.com\/es\/wp-json\/wp\/v2\/product_brand?post=10276"},{"taxonomy":"product_cat","embeddable":true,"href":"https:\/\/pophaw.com\/es\/wp-json\/wp\/v2\/product_cat?post=10276"},{"taxonomy":"product_tag","embeddable":true,"href":"https:\/\/pophaw.com\/es\/wp-json\/wp\/v2\/product_tag?post=10276"}],"curies":[{"name":"wp","href":"https:\/\/api.w.org\/{rel}","templated":true}]}}