{"id":10300,"date":"2025-01-11T05:53:34","date_gmt":"2025-01-11T13:53:34","guid":{"rendered":"https:\/\/pophaw.com\/?post_type=product&#038;p=10300"},"modified":"2025-01-25T23:34:52","modified_gmt":"2025-01-26T07:34:52","slug":"mejor-dispositivo-de-traccion-cervical","status":"publish","type":"product","link":"https:\/\/pophaw.com\/es\/producto\/mejor-dispositivo-de-traccion-cervical\/","title":{"rendered":"El mejor dispositivo de tracci\u00f3n cervical"},"content":{"rendered":"<p id=\"title\" class=\"a-size-large a-spacing-none\" data-immersive-translate-walked=\"9a6cedf9-d888-429c-b4b7-745f31946e27\"><span id=\"productTitle\" class=\"a-size-large product-title-word-break\" data-immersive-translate-walked=\"9a6cedf9-d888-429c-b4b7-745f31946e27\" data-immersive-translate-paragraph=\"1\">Dispositivo de Tracci\u00f3n Cervical para el Cuello, Camilla Ajustable con Bomba de Aire para el Cuello con 3 Potencias de Tracci\u00f3n y 8 Airbags de Soporte, Tracci\u00f3n Cervical en Casa, Dispositivo de Descompresi\u00f3n Cervical para el Alivio del Dolor de Cuello<\/span><\/p>\n<ul class=\"a-unordered-list a-vertical a-spacing-mini\" data-immersive-translate-walked=\"9a6cedf9-d888-429c-b4b7-745f31946e27\">\n<li class=\"a-spacing-mini\" data-immersive-translate-walked=\"9a6cedf9-d888-429c-b4b7-745f31946e27\"><span class=\"a-list-item\" data-immersive-translate-walked=\"9a6cedf9-d888-429c-b4b7-745f31946e27\" data-immersive-translate-paragraph=\"1\">\u3010Dispositivo de tracci\u00f3n cervical ajustable\u3011: Los dispositivos de tracci\u00f3n cervical tradicionales estiran el cuello levantando la cabeza o la barbilla hacia arriba. El dispositivo de tracci\u00f3n cervical Alphay permite una tracci\u00f3n sim\u00e9trica para diferentes curvaturas de la columna vertebral. El dispositivo de tracci\u00f3n cervical empuja vigorosamente las v\u00e9rtebras a trav\u00e9s de los brazos mec\u00e1nicos en ambos lados y coopera con 3 tracciones de potencia y 8 soportes de airbag incorporados para abrir completamente el espacio intervertebral y liberar el nervio comprimido.<\/span><\/li>\n<li class=\"a-spacing-mini\" data-immersive-translate-walked=\"9a6cedf9-d888-429c-b4b7-745f31946e27\"><span class=\"a-list-item\" data-immersive-translate-walked=\"9a6cedf9-d888-429c-b4b7-745f31946e27\" data-immersive-translate-paragraph=\"1\">\u3010Mejorando varios problemas cervicales y Conveniente de usar\u3011: El reductor de presi\u00f3n del cuello puede aliviar varias molestias y dolores en el cuello. Al comenzar a usarlo, puede elegir la altura y la frecuencia de uso de acuerdo con su situaci\u00f3n real. Se recomienda usar el collar\u00edn cervical 2-3 veces al d\u00eda durante 10-20 d\u00edas, ya que las molestias como la rigidez y la tensi\u00f3n del cuello desaparecer\u00e1n gradualmente.<\/span><\/li>\n<li class=\"a-spacing-mini\" data-immersive-translate-walked=\"9a6cedf9-d888-429c-b4b7-745f31946e27\"><span class=\"a-list-item\" data-immersive-translate-walked=\"9a6cedf9-d888-429c-b4b7-745f31946e27\" data-immersive-translate-paragraph=\"1\">\u3010Dise\u00f1o de seguridad y material transpirable \u3011: El collar de tracci\u00f3n cervical tiene El dise\u00f1o de presi\u00f3n limitada de la bolsa de aire de seguridad evita que estalle y garantiza su seguridad. Saque la bomba de aire r\u00e1pidamente despu\u00e9s de que est\u00e9 completamente llena para evitar fugas de aire (no olvide cargar la bomba de aire el\u00e9ctrica). Collar\u00edn fabricado con acolchado ultrasuave y transpirable para reducir cualquier roce con la piel, molestias o sobrecalentamiento.<\/span><\/li>\n<li class=\"a-spacing-mini\" data-immersive-translate-walked=\"9a6cedf9-d888-429c-b4b7-745f31946e27\"><span class=\"a-list-item\" data-immersive-translate-walked=\"9a6cedf9-d888-429c-b4b7-745f31946e27\" data-immersive-translate-paragraph=\"1\">\u3010Soporte diario para el cuello y f\u00e1cil de llevar\u3011: Se permite la m\u00e1xima movilidad en lugar de estar confinado en la puerta; puede usar el dispositivo de tracci\u00f3n cervical del cuello mientras trabaja, hace las tareas dom\u00e9sticas, ve la televisi\u00f3n y usa el tel\u00e9fono. Al mismo tiempo, tambi\u00e9n ahorra tiempo para visitar al fisioterapeuta.<\/span><\/li>\n<li class=\"a-spacing-mini\" data-immersive-translate-walked=\"9a6cedf9-d888-429c-b4b7-745f31946e27\"><span class=\"a-list-item\" data-immersive-translate-walked=\"9a6cedf9-d888-429c-b4b7-745f31946e27\" data-immersive-translate-paragraph=\"1\">\u3010Un regalo sobre la salud\u3011: El dispositivo de tracci\u00f3n cervical del cuello puede ser un regalo especial para su familia y amigos. Si tienen los siguientes s\u00edntomas: 1) El m\u00e9dico recomienda tracci\u00f3n y estiramiento de la columna cervical (diagn\u00f3stico de espondilosis cervical por resonancia magn\u00e9tica, radiograf\u00eda o tomograf\u00eda computarizada). 2) Dolor por compresi\u00f3n de la columna cervical de larga duraci\u00f3n. 3) Entumecimiento de hombros y brazos. 4) O\u00edr ruidos o sentirse mareado al rotar la columna cervical. 5) Tracci\u00f3n de los c\u00f3ndilos de la columna cervical, no fija.<\/span><\/li>\n<\/ul>\n<div style=\"width: 854px;\" class=\"wp-video\"><video class=\"wp-video-shortcode\" id=\"video-10300-1\" width=\"854\" height=\"480\" preload=\"metadata\" controls=\"controls\"><source type=\"video\/mp4\" src=\"https:\/\/pophaw.com\/wp-content\/uploads\/2025\/01\/video_1-1.mp4?_=1\" \/><a href=\"https:\/\/pophaw.com\/wp-content\/uploads\/2025\/01\/video_1-1.mp4\">https:\/\/pophaw.com\/wp-content\/uploads\/2025\/01\/video_1-1.mp4<\/a><\/video><\/div>","protected":false},"excerpt":{"rendered":"<p>3 Tracci\u00f3n asistida y 8 Airbag de apoyo<\/p>","protected":false},"featured_media":10302,"template":"","meta":{"bwfblock_default_font":"","_uag_custom_page_level_css":"","site-sidebar-layout":"default","site-content-layout":"","ast-site-content-layout":"default","site-content-style":"default","site-sidebar-style":"default","ast-global-header-display":"","ast-banner-title-visibility":"","ast-main-header-display":"","ast-hfb-above-header-display":"","ast-hfb-below-header-display":"","ast-hfb-mobile-header-display":"","site-post-title":"","ast-breadcrumbs-content":"","ast-featured-img":"","footer-sml-layout":"","ast-disable-related-posts":"","theme-transparent-header-meta":"default","adv-header-id-meta":"","stick-header-meta":"default","header-above-stick-meta":"","header-main-stick-meta":"","header-below-stick-meta":"","astra-migrate-meta-layouts":"set","ast-page-background-enabled":"default","ast-page-background-meta":{"desktop":{"background-color":"","background-image":"","background-repeat":"repeat","background-position":"center center","background-size":"auto","background-attachment":"scroll","background-type":"","background-media":"","overlay-type":"","overlay-color":"","overlay-opacity":"","overlay-gradient":""},"tablet":{"background-color":"","background-image":"","background-repeat":"repeat","background-position":"center center","background-size":"auto","background-attachment":"scroll","background-type":"","background-media":"","overlay-type":"","overlay-color":"","overlay-opacity":"","overlay-gradient":""},"mobile":{"background-color":"","background-image":"","background-repeat":"repeat","background-position":"center center","background-size":"auto","background-attachment":"scroll","background-type":"","background-media":"","overlay-type":"","overlay-color":"","overlay-opacity":"","overlay-gradient":""}},"ast-content-background-meta":{"desktop":{"background-color":"var(--ast-global-color-5)","background-image":"","background-repeat":"repeat","background-position":"center center","background-size":"auto","background-attachment":"scroll","background-type":"","background-media":"","overlay-type":"","overlay-color":"","overlay-opacity":"","overlay-gradient":""},"tablet":{"background-color":"var(--ast-global-color-5)","background-image":"","background-repeat":"repeat","background-position":"center center","background-size":"auto","background-attachment":"scroll","background-type":"","background-media":"","overlay-type":"","overlay-color":"","overlay-opacity":"","overlay-gradient":""},"mobile":{"background-color":"var(--ast-global-color-5)","background-image":"","background-repeat":"repeat","background-position":"center center","background-size":"auto","background-attachment":"scroll","background-type":"","background-media":"","overlay-type":"","overlay-color":"","overlay-opacity":"","overlay-gradient":""}}},"product_brand":[73],"product_cat":[344,336,99,124],"product_tag":[],"class_list":{"0":"post-10300","1":"product","2":"type-product","3":"status-publish","4":"has-post-thumbnail","6":"product_brand-pophaw","7":"product_cat-pain-management","8":"product_cat-healthcare-products","9":"product_cat-home-medical-supplies","10":"product_cat-pain-management-therapy","11":"desktop-align-center","12":"tablet-align-center","13":"mobile-align-center","14":"ast-product-gallery-layout-horizontal-slider","15":"ast-magnify-disabled","16":"ast-product-tabs-layout-horizontal","18":"first","19":"instock","20":"shipping-taxable","21":"purchasable","22":"product-type-simple"},"spectra_custom_meta":{"classic-editor-remember":["classic-editor"],"_edit_lock":["1738841158:1"],"_edit_last":["1"],"rank_math_seo_score":["95"],"rank_math_focus_keyword":["Cervical Neck Traction Device"],"rank_math_description":["Cervical Neck Traction Device, Adjustable Air Pump Neck Stretcher with 3 Power Traction and 8 Airbag Support, Neck Traction at Home, Neck Decompression Device for Neck Pain Relief"],"_thumbnail_id":["10302"],"_admin_notes":["https:\/\/www.ebay.com\/itm\/186694082289\r\n\r\nhttps:\/\/www.alibaba.com\/product-detail\/Cervical-Traction-Support-Device-Inflatable-Neck_1601036453087.html?xp=7x6stEa2MdzQ11Rmt7sqbiGwMTZBic-baa1QkPOE5ckjwAABlH-TFi-_typAkxwbVINzMRryXzd6wOwjC9yzxy95o0XySSo1fTcafosymj8sMbeanHAIqwcTEART57S-&cps_sk=lksj3ojd&bm=cps&src=saf&url=httpswww.alibaba.comproduct-detailCervical-Traction-Support-Device-Inflatable-Neck_1601036453087.html"],"_custom_product_field":[""],"_sku":["PH11335031"],"_global_unique_id":["17841900187817"],"_regular_price":["109.99"],"total_sales":["0"],"_tax_status":["taxable"],"_tax_class":[""],"_manage_stock":["no"],"_backorders":["no"],"_sold_individually":["no"],"_virtual":["no"],"_downloadable":["no"],"_download_limit":["-1"],"_download_expiry":["-1"],"_stock":[null],"_stock_status":["instock"],"_wc_average_rating":["0"],"_wc_review_count":["0"],"_product_version":["9.6.0"],"_price":["109.99"],"_wc_gla_visibility":["sync-and-show"],"_wc_gla_sync_status":["synced"],"_product_image_gallery":["10303,10304,10305,10306,10307"],"_wc_facebook_sync_enabled":["yes"],"fb_visibility":["yes"],"fb_product_description":[""],"_wc_facebook_product_image_source":["product"],"_wc_facebook_commerce_enabled":["no"],"fb_product_group_id":["8344598925640585"],"rank_math_primary_product_brand":["73"],"rank_math_primary_product_cat":["344"],"rank_math_primary_fb_product_set":["0"],"site-sidebar-layout":["default"],"ast-site-content-layout":["default"],"site-content-style":["default"],"site-sidebar-style":["default"],"theme-transparent-header-meta":["default"],"stick-header-meta":["default"],"rank_math_analytic_object_id":["231"],"fb_product_item_id":["8344599202307224"],"_wc_gla_synced_at":["1773802835"],"_wc_gla_google_ids":["a:1:{s:2:\"US\";s:22:\"online:en:US:gla_10300\";}"],"rank_math_schema_WooCommerceProduct":["a:2:{s:5:\"@type\";s:18:\"WooCommerceProduct\";s:8:\"metadata\";a:3:{s:5:\"title\";s:19:\"WooCommerce Product\";s:4:\"type\";s:8:\"template\";s:9:\"isPrimary\";b:1;}}"],"rank_math_schema_VideoObject":["a:12:{s:5:\"@type\";s:11:\"VideoObject\";s:8:\"metadata\";a:8:{s:5:\"title\";s:5:\"Video\";s:4:\"type\";s:8:\"template\";s:9:\"shortcode\";s:15:\"s-6782798644f32\";s:9:\"isPrimary\";b:1;s:23:\"reviewLocationShortcode\";s:24:\"[rank_math_rich_snippet]\";s:8:\"category\";s:12:\"%categories%\";s:4:\"tags\";s:6:\"%tags%\";s:15:\"isAutoGenerated\";b:1;}s:4:\"name\";s:11:\"%seo_title%\";s:11:\"description\";s:17:\"%seo_description%\";s:10:\"uploadDate\";s:20:\"%date(Y-m-dTH:i:sP)%\";s:12:\"thumbnailUrl\";s:16:\"%post_thumbnail%\";s:8:\"embedUrl\";s:0:\"\";s:10:\"contentUrl\";s:59:\"https:\/\/pophaw.com\/wp-content\/uploads\/2025\/01\/video_1-1.mp4\";s:8:\"duration\";s:0:\"\";s:5:\"width\";i:854;s:6:\"height\";i:480;s:16:\"isFamilyFriendly\";b:1;}"],"astra-migrate-meta-layouts":["set"],"wp_statistics_words_count":["355"],"wpil_sync_report3":["1"],"wpil_links_inbound_internal_count":["0"],"wpil_links_inbound_internal_count_data":["eJxLtDKwqq4FAAZPAf4="],"wpil_links_outbound_internal_count":["1"],"wpil_links_outbound_internal_count_data":["eJytkM1uwyAQhN+FewI4cX82r5A2xx4RARSjYBbxE7eK8u6F2GrTe2+7o08zuyOBw9UC2x2A90A+gnXiDbVxYm\/9mQDfwDXBMxBXV2E12TU4wQZIiY7UqX8FMuQcElAaMAxyWisc6RRWCn02PtMSHEqdaMe6njJOL1YbFHzF12PYNottdcCU28gZkF+XprwAsdUnelnjjsBnPtz597o8AZFeDRj\/6ZhWg9TaaHH8EsGVk\/Utl82nOFQyW\/SNrK0srm3r2FLSNNgUTBQqGpnNT2Oc10eSkCVjwx7lHKU6W3966LfJI+rijPhDd0vIPfgzz\/rt9g3bjZNf"],"wpil_links_outbound_external_count":["0"],"wpil_links_outbound_external_count_data":["eJxLtDKwqq4FAAZPAf4="],"wpil_sync_report2_time":["2025-01-27T07:29:10+00:00"],"omnisend_last_sync":["2025-05-16T11:05:10+00:00"],"surerank_settings_general":["a:7:{s:9:\"separator\";s:1:\"-\";s:10:\"page_title\";s:21:\"%title% - %site_name%\";s:25:\"auto_generate_description\";b:1;s:16:\"page_description\";s:179:\"Cervical Neck Traction Device, Adjustable Air Pump Neck Stretcher with 3 Power Traction and 8 Airbag Support, Neck Traction at Home, Neck Decompression Device for Neck Pain Relief\";s:16:\"auto_description\";s:158:\"Cervical Neck Traction Device, Adjustable Air Pump Neck Stretcher with 3 Power Traction and 8 Airbag Support, Neck Traction at Home, Neck Decompression Device\";s:14:\"fallback_image\";s:0:\"\";s:13:\"canonical_url\";s:62:\"https:\/\/pophaw.com\/product\/best-cervical-neck-traction-device\/\";}"],"surerank_settings_post_no_index":["no"],"surerank_settings_post_no_follow":["no"],"surerank_settings_post_no_archive":["no"],"surerank_settings_social":["a:23:{s:15:\"open_graph_tags\";b:1;s:18:\"facebook_meta_tags\";b:1;s:17:\"twitter_meta_tags\";b:1;s:16:\"oembeded_scripts\";b:1;s:17:\"oembeded_og_title\";b:1;s:22:\"oembeded_social_images\";b:1;s:27:\"oembeded_remove_author_name\";b:1;s:17:\"facebook_page_url\";s:54:\"https:\/\/www.facebook.com\/profile.php?id=61571207938497\";s:24:\"facebook_author_fallback\";s:0:\"\";s:17:\"twitter_card_type\";s:19:\"summary_large_image\";s:24:\"twitter_same_as_facebook\";b:1;s:24:\"twitter_profile_username\";s:0:\"\";s:24:\"twitter_profile_fallback\";s:0:\"\";s:14:\"facebook_title\";s:21:\"%title% - %site_name%\";s:20:\"facebook_description\";s:9:\"%content%\";s:18:\"facebook_image_url\";s:60:\"https:\/\/pophaw.com\/wp-content\/uploads\/2025\/01\/image_1-5.webp\";s:17:\"facebook_image_id\";i:10302;s:20:\"facebook_image_width\";i:1600;s:21:\"facebook_image_height\";i:1600;s:13:\"twitter_title\";s:21:\"%title% - %site_name%\";s:19:\"twitter_description\";s:9:\"%content%\";s:17:\"twitter_image_url\";s:60:\"https:\/\/pophaw.com\/wp-content\/uploads\/2025\/01\/image_1-5.webp\";s:16:\"twitter_image_id\";i:10302;}"],"surerank_migration":["1"],"astra_style_timestamp_css":["1775192922"],"wwpp_product_wholesale_visibility_filter":["all"],"_uag_css_file_name":["uag-css-10300.css"],"rank_math_internal_links_processed":["1"],"_uag_page_assets":["a:9:{s:3:\"css\";s:263:\".uag-blocks-common-selector{z-index:var(--z-index-desktop) !important}@media (max-width: 976px){.uag-blocks-common-selector{z-index:var(--z-index-tablet) !important}}@media (max-width: 767px){.uag-blocks-common-selector{z-index:var(--z-index-mobile) !important}}\n\";s:2:\"js\";s:0:\"\";s:18:\"current_block_list\";a:15:{i:0;s:23:\"surecart\/slide-out-cart\";i:1;s:30:\"surecart\/slide-out-cart-header\";i:2;s:29:\"surecart\/slide-out-cart-items\";i:3;s:30:\"surecart\/slide-out-cart-coupon\";i:4;s:32:\"surecart\/slide-out-cart-subtotal\";i:5;s:38:\"surecart\/slide-out-cart-bump-line-item\";i:6;s:30:\"surecart\/slide-out-cart-submit\";i:7;s:11:\"core\/search\";i:8;s:10:\"core\/group\";i:9;s:12:\"core\/heading\";i:10;s:17:\"core\/latest-posts\";i:11;s:20:\"core\/latest-comments\";i:12;s:13:\"core\/archives\";i:13;s:15:\"core\/categories\";i:14;s:14:\"core\/shortcode\";}s:8:\"uag_flag\";b:0;s:11:\"uag_version\";s:10:\"1775168599\";s:6:\"gfonts\";a:0:{}s:10:\"gfonts_url\";s:0:\"\";s:12:\"gfonts_files\";a:0:{}s:14:\"uag_faq_layout\";b:0;}"],"_wc_gla_mc_status":["approved"]},"uagb_featured_image_src":{"full":["https:\/\/pophaw.com\/wp-content\/uploads\/2025\/01\/image_1-5.webp",1600,1600,false],"thumbnail":["https:\/\/pophaw.com\/wp-content\/uploads\/2025\/01\/image_1-5-150x150.webp",150,150,true],"medium":["https:\/\/pophaw.com\/wp-content\/uploads\/2025\/01\/image_1-5-300x300.webp",300,300,true],"medium_large":["https:\/\/pophaw.com\/wp-content\/uploads\/2025\/01\/image_1-5-768x768.webp",768,768,true],"large":["https:\/\/pophaw.com\/wp-content\/uploads\/2025\/01\/image_1-5-1024x1024.webp",1024,1024,true],"ryviu-small":["https:\/\/pophaw.com\/wp-content\/uploads\/2025\/01\/image_1-5.webp",40,40,false],"ryviu-medium":["https:\/\/pophaw.com\/wp-content\/uploads\/2025\/01\/image_1-5.webp",132,132,false],"1536x1536":["https:\/\/pophaw.com\/wp-content\/uploads\/2025\/01\/image_1-5-1536x1536.webp",1536,1536,true],"2048x2048":["https:\/\/pophaw.com\/wp-content\/uploads\/2025\/01\/image_1-5.webp",1600,1600,false],"trp-custom-language-flag":["https:\/\/pophaw.com\/wp-content\/uploads\/2025\/01\/image_1-5.webp",12,12,false],"woocommerce_thumbnail":["https:\/\/pophaw.com\/wp-content\/uploads\/2025\/01\/image_1-5-300x300.webp",300,300,true],"woocommerce_single":["https:\/\/pophaw.com\/wp-content\/uploads\/2025\/01\/image_1-5-600x600.webp",600,600,true],"woocommerce_gallery_thumbnail":["https:\/\/pophaw.com\/wp-content\/uploads\/2025\/01\/image_1-5-100x100.webp",100,100,true]},"uagb_author_info":{"display_name":"Dr. Rowan","author_link":"https:\/\/pophaw.com\/es\/author\/"},"uagb_comment_info":0,"uagb_excerpt":"3 Power Traction and 8 Airbag Support","_links":{"self":[{"href":"https:\/\/pophaw.com\/es\/wp-json\/wp\/v2\/product\/10300","targetHints":{"allow":["GET"]}}],"collection":[{"href":"https:\/\/pophaw.com\/es\/wp-json\/wp\/v2\/product"}],"about":[{"href":"https:\/\/pophaw.com\/es\/wp-json\/wp\/v2\/types\/product"}],"wp:featuredmedia":[{"embeddable":true,"href":"https:\/\/pophaw.com\/es\/wp-json\/wp\/v2\/media\/10302"}],"wp:attachment":[{"href":"https:\/\/pophaw.com\/es\/wp-json\/wp\/v2\/media?parent=10300"}],"wp:term":[{"taxonomy":"product_brand","embeddable":true,"href":"https:\/\/pophaw.com\/es\/wp-json\/wp\/v2\/product_brand?post=10300"},{"taxonomy":"product_cat","embeddable":true,"href":"https:\/\/pophaw.com\/es\/wp-json\/wp\/v2\/product_cat?post=10300"},{"taxonomy":"product_tag","embeddable":true,"href":"https:\/\/pophaw.com\/es\/wp-json\/wp\/v2\/product_tag?post=10300"}],"curies":[{"name":"wp","href":"https:\/\/api.w.org\/{rel}","templated":true}]}}