{"id":11380,"date":"2025-01-31T18:53:24","date_gmt":"2025-02-01T02:53:24","guid":{"rendered":"https:\/\/pophaw.com\/?post_type=product&#038;p=11380"},"modified":"2025-02-05T18:42:29","modified_gmt":"2025-02-06T02:42:29","slug":"thyrotain-120-capsulas","status":"publish","type":"product","link":"https:\/\/pophaw.com\/es\/producto\/thyrotain-120-capsulas\/","title":{"rendered":"Thyrotain - 120 C\u00e1psulas"},"content":{"rendered":"<p>Thyrotain es una formulaci\u00f3n completa que proporciona una mezcla de nutrientes y productos bot\u00e1nicos que trabajan en sinergia para apoyar la salud de la tiroides. Thyrotain incluye L-tirosina y yodo, que constituyen la columna vertebral de las hormonas tiroideas tiroxina (T4) y triyodotironina (T3). La adici\u00f3n de zinc, selenio, vitamina A y el bot\u00e1nico guggulipid activa las enzimas que mejoran la conversi\u00f3n de T4 en la hormona tiroidea activa T3. La vitamina A y el zinc tambi\u00e9n ayudan a mejorar la sensibilidad celular a las hormonas tiroideas. La c\u00farcuma, junto con los antioxidantes vitamina C y E y la N-acetil ciste\u00edna (NAC), proporcionan una potente combinaci\u00f3n de antioxidantes que potencian la salud de la tiroides al reducir el estr\u00e9s de los radicales libres.<\/p>\n<h3><\/h3>\n<h2>C\u00f3mo funciona<\/h2>\n<ul>\n<li>Ayuda a mantener una funci\u00f3n tiroidea saludable<\/li>\n<li>Favorece la s\u00edntesis de hormonas tiroideas<\/li>\n<li>Ayuda a la conversi\u00f3n de T4 en T3<\/li>\n<li>Mejora la sensibilidad celular a las hormonas tiroideas<\/li>\n<li>Favorece un sano equilibrio inflamatorio y antioxidante<\/li>\n<\/ul>\n<p>&nbsp;<\/p>\n<p><strong>Uso recomendado:<\/strong><\/p>\n<p>4 c\u00e1psulas de Thyrotain al d\u00eda o seg\u00fan las recomendaciones de su profesional de la salud.<\/p>\n<p>&nbsp;<\/p>\n<p><strong>Vitaminas y minerales<\/strong><\/p>\n<p>Las hormonas tiroideas se fabrican a partir del amino\u00e1cido L-tirosina y yodo. El yodo es un oligoelemento esencial y es necesario para la s\u00edntesis de las hormonas tiroideas, ya que es uno de los componentes m\u00e1s importantes de las hormonas T4 y T3. La gl\u00e1ndula tiroides absorbe el yodo de la sangre y lo incorpora a las hormonas tiroideas. Adem\u00e1s de contribuir a la producci\u00f3n de hormonas tiroideas, las investigaciones demuestran que el yodo act\u00faa como antioxidante, favoreciendo la salud de la gl\u00e1ndula tiroides y protegiendo diversos tejidos, como el tejido mamario, los ojos y el revestimiento gastrointestinal.<\/p>\n<p>Un estado tiroideo normal depende de unos niveles adecuados de muchos oligoelementos para la s\u00edntesis y el metabolismo de las hormonas tiroideas. Los minerales zinc y selenio son cofactores necesarios para las enzimas que convierten la T4 en T3. Se ha demostrado que la deficiencia de selenio contribuye a reducir la conversi\u00f3n de T4 en T3. La suplementaci\u00f3n con selenio tambi\u00e9n puede ayudar a disminuir los anticuerpos tiroperoxidasa (TPO) en la autoinmunidad tiroidea. Se ha demostrado que la suplementaci\u00f3n con zinc restablece los niveles de T3 en pacientes con T4 normal y T3 baja, lo que demuestra su papel en el proceso de conversi\u00f3n. La vitamina A y la vitamina E tambi\u00e9n son necesarias para la fabricaci\u00f3n normal de hormonas tiroideas.<\/p>\n<p><strong>Antioxidantes (c\u00farcuma, vitaminas C y E y N-acetilciste\u00edna)<\/strong><\/p>\n<p>El aumento de la actividad de los radicales libres puede comprometer la conversi\u00f3n saludable de T4 a T3. La N-acetilciste\u00edna (NAC), un precursor del glutati\u00f3n, el principal antioxidante del cuerpo, mejora la salud de la tiroides acelerando la actividad antioxidante en la gl\u00e1ndula tiroides. Se ha demostrado que la Matriz Completa de C\u00farcuma, junto con los antioxidantes vitamina C y E, promueve la salud de la gl\u00e1ndula tiroides debido a su actividad antioxidante directa.<\/p>\n<p><strong>Ashwagandha<\/strong><\/p>\n<p>Ashwagandha (<em>Withania somn\u00edfera<\/em>) se utiliza desde hace m\u00e1s de 3.000 a\u00f1os en los sistemas m\u00e9dicos aryuv\u00e9dicos e ind\u00edgenas y se ha examinado en estudios de investigaci\u00f3n por sus efectos reductores del estr\u00e9s. Se ha descubierto que la ashwagandha tiene actividad agonista del GABA, lo que explica su capacidad para relajar el sistema nervioso. La ashwagandha tambi\u00e9n puede estimular la actividad tiroidea indirectamente, a trav\u00e9s de sus efectos sobre los sistemas antioxidantes celulares, en concreto aumentando las enzimas antioxidantes super\u00f3xido dismutasa y catalasa y reduciendo la peroxidaci\u00f3n lip\u00eddica.<\/p>\n<p><strong>Guggulipid<\/strong><\/p>\n<p>La resina gomosa de la planta de guggul se utiliza en la medicina ayurv\u00e9dica de la India desde hace casi 3.000 a\u00f1os. El guggulipido (<em>Commiphora mukul<\/em>) ha demostrado favorecer la funci\u00f3n tiroidea, principalmente reduciendo la peroxidaci\u00f3n lip\u00eddica en el h\u00edgado, principal lugar de generaci\u00f3n de T3. Tambi\u00e9n se ha demostrado que el extracto de guggul tiene una acci\u00f3n estimulante de la tiroides al aumentar la captaci\u00f3n de yodo por la gl\u00e1ndula tiroides e incrementar las actividades de la peroxidasa y la proteasa tiroideas.<\/p>\n<p>&nbsp;<\/p>\n<p>El logotipo, el texto, las marcas comerciales, los gr\u00e1ficos, los v\u00eddeos y las im\u00e1genes fotogr\u00e1ficas de Ortho Molecular Products son propiedad de Ortho Molecular Products, Inc. y se utilizan con autorizaci\u00f3n. Derechos de autor \u00a9 2024<\/p>\n<p><strong>Este producto est\u00e1 destinado a ser utilizado con la orientaci\u00f3n de su profesional de la salud y no debe ser revendido. Ortho Molecular utiliza \u00fanicamente revendedores autorizados y puede emprender acciones legales contra quienes revendan este producto.<\/strong><\/p>\n<p>*Exenci\u00f3n de responsabilidad de la FDA: La informaci\u00f3n sobre este producto y las declaraciones realizadas son proporcionadas por el fabricante, excepto las opiniones de los clientes, que no se eval\u00faan. Consulte www.orthomolecularproducts.com para obtener informaci\u00f3n sobre la relaci\u00f3n entre este producto y cualquier afirmaci\u00f3n realizada.\u00a0<em>Los resultados pueden variar de una persona a otra en funci\u00f3n del tama\u00f1o corporal y otros factores, y no se garantiza su eficacia.<\/em>\u00a0Consulte siempre a su m\u00e9dico antes de tomar suplementos diet\u00e9ticos, nutricionales, herbales u homeop\u00e1ticos.<\/p>\n<p>Estas afirmaciones no han sido evaluadas por la Food and Drug Administration. Este producto no est\u00e1 destinado a diagnosticar, tratar, curar o prevenir ninguna enfermedad.<\/p>","protected":false},"excerpt":{"rendered":"<p>Ayuda a mantener una funci\u00f3n tiroidea saludable<\/p>","protected":false},"featured_media":11381,"template":"","meta":{"bwfblock_default_font":"","_uag_custom_page_level_css":"","site-sidebar-layout":"default","site-content-layout":"","ast-site-content-layout":"default","site-content-style":"default","site-sidebar-style":"default","ast-global-header-display":"","ast-banner-title-visibility":"","ast-main-header-display":"","ast-hfb-above-header-display":"","ast-hfb-below-header-display":"","ast-hfb-mobile-header-display":"","site-post-title":"","ast-breadcrumbs-content":"","ast-featured-img":"","footer-sml-layout":"","ast-disable-related-posts":"","theme-transparent-header-meta":"default","adv-header-id-meta":"","stick-header-meta":"default","header-above-stick-meta":"","header-main-stick-meta":"","header-below-stick-meta":"","astra-migrate-meta-layouts":"set","ast-page-background-enabled":"default","ast-page-background-meta":{"desktop":{"background-color":"","background-image":"","background-repeat":"repeat","background-position":"center center","background-size":"auto","background-attachment":"scroll","background-type":"","background-media":"","overlay-type":"","overlay-color":"","overlay-opacity":"","overlay-gradient":""},"tablet":{"background-color":"","background-image":"","background-repeat":"repeat","background-position":"center center","background-size":"auto","background-attachment":"scroll","background-type":"","background-media":"","overlay-type":"","overlay-color":"","overlay-opacity":"","overlay-gradient":""},"mobile":{"background-color":"","background-image":"","background-repeat":"repeat","background-position":"center center","background-size":"auto","background-attachment":"scroll","background-type":"","background-media":"","overlay-type":"","overlay-color":"","overlay-opacity":"","overlay-gradient":""}},"ast-content-background-meta":{"desktop":{"background-color":"var(--ast-global-color-5)","background-image":"","background-repeat":"repeat","background-position":"center center","background-size":"auto","background-attachment":"scroll","background-type":"","background-media":"","overlay-type":"","overlay-color":"","overlay-opacity":"","overlay-gradient":""},"tablet":{"background-color":"var(--ast-global-color-5)","background-image":"","background-repeat":"repeat","background-position":"center center","background-size":"auto","background-attachment":"scroll","background-type":"","background-media":"","overlay-type":"","overlay-color":"","overlay-opacity":"","overlay-gradient":""},"mobile":{"background-color":"var(--ast-global-color-5)","background-image":"","background-repeat":"repeat","background-position":"center center","background-size":"auto","background-attachment":"scroll","background-type":"","background-media":"","overlay-type":"","overlay-color":"","overlay-opacity":"","overlay-gradient":""}}},"product_brand":[170],"product_cat":[127],"product_tag":[],"class_list":{"0":"post-11380","1":"product","2":"type-product","3":"status-publish","4":"has-post-thumbnail","6":"product_brand-ortho-molecular-products","7":"product_cat-dietary-supplements","8":"desktop-align-center","9":"tablet-align-center","10":"mobile-align-center","11":"ast-product-gallery-layout-horizontal-slider","12":"ast-magnify-disabled","13":"ast-product-tabs-layout-horizontal","15":"first","16":"instock","17":"shipping-taxable","18":"purchasable","19":"product-type-simple"},"spectra_custom_meta":{"classic-editor-remember":["classic-editor"],"_edit_lock":["1738903647:1"],"_edit_last":["1"],"wpil_sync_report3":["1"],"rank_math_seo_score":["82"],"rank_math_focus_keyword":["Thyrotain"],"rank_math_description":["Thyrotain is a comprehensive formulation that provides a blend of nutrients and botanicals working in synergy to support thyroid health."],"_thumbnail_id":["11381"],"_custom_product_field":[""],"_admin_notes":[""],"_sku":["NRT071"],"_global_unique_id":["17841900187961"],"_regular_price":["48"],"total_sales":["0"],"_tax_status":["taxable"],"_tax_class":[""],"_manage_stock":["no"],"_backorders":["no"],"_sold_individually":["no"],"_virtual":["no"],"_downloadable":["no"],"_download_limit":["-1"],"_download_expiry":["-1"],"_stock":[null],"_stock_status":["instock"],"_wc_average_rating":["0"],"_wc_review_count":["0"],"_product_version":["9.6.1"],"_price":["48"],"_wc_gla_visibility":["dont-sync-and-show"],"_product_image_gallery":["11382"],"_wc_facebook_sync_enabled":["yes"],"fb_visibility":["yes"],"fb_product_description":[""],"_wc_facebook_product_image_source":["product"],"_wc_facebook_google_product_category":[""],"fb_product_group_id":["10007494035933525"],"rank_math_primary_product_brand":["170"],"rank_math_primary_product_cat":["127"],"rank_math_primary_fb_product_set":["0"],"site-sidebar-layout":["default"],"ast-site-content-layout":["default"],"site-content-style":["default"],"site-sidebar-style":["default"],"theme-transparent-header-meta":["default"],"stick-header-meta":["default"],"rank_math_analytic_object_id":["266"],"fb_product_item_id":["10007494182600177"],"_wc_facebook_enhanced_catalog_attributes_capacity":[""],"_wc_facebook_enhanced_catalog_attributes_age_group":[""],"_wc_facebook_enhanced_catalog_attributes_gender":[""],"_wc_facebook_enhanced_catalog_attributes_ingredients":[""],"_wc_facebook_enhanced_catalog_attributes_health_concern":[""],"_wc_facebook_enhanced_catalog_attributes_pattern":[""],"_wc_facebook_enhanced_catalog_attributes_power_type":[""],"_wc_facebook_enhanced_catalog_attributes_product_form":[""],"_wc_facebook_enhanced_catalog_attributes_result_time":[""],"_wc_facebook_enhanced_catalog_attributes_scent":[""],"_wc_facebook_enhanced_catalog_attributes_absorbency":[""],"_wc_facebook_enhanced_catalog_attributes_material":[""],"_wc_facebook_enhanced_catalog_attributes_serving_size":[""],"_wc_facebook_enhanced_catalog_attributes_size":[""],"_wc_facebook_enhanced_catalog_attributes_skin_care_concern":[""],"_wc_facebook_enhanced_catalog_attributes_skin_type":[""],"_wc_facebook_enhanced_catalog_attributes_spf_value":[""],"_wc_facebook_enhanced_catalog_attributes_standard_features":[""],"_wc_facebook_enhanced_catalog_attributes_stop_use_indications":[""],"_wc_facebook_enhanced_catalog_attributes_package_quantity":[""],"_wc_facebook_enhanced_catalog_attributes_lens_material":[""],"_wc_facebook_enhanced_catalog_attributes_lens_type":[""],"_wc_facebook_enhanced_catalog_attributes_lens_tint":[""],"_wc_facebook_enhanced_catalog_attributes_keywords":[""],"_wc_facebook_enhanced_catalog_attributes_is_powered":[""],"_wc_facebook_enhanced_catalog_attributes_instructions":[""],"_wc_facebook_enhanced_catalog_attributes_ingredients_composition":[""],"_wc_facebook_enhanced_catalog_attributes_inactive_ingredients":[""],"_wc_facebook_enhanced_catalog_attributes_flavor":[""],"_wc_facebook_enhanced_catalog_attributes_eyewear_rim":[""],"_wc_facebook_enhanced_catalog_attributes_dosage":[""],"_wc_facebook_enhanced_catalog_attributes_color":[""],"_wc_facebook_enhanced_catalog_attributes_brand":[""],"_wc_facebook_enhanced_catalog_attributes_body_part":[""],"_wc_facebook_enhanced_catalog_attributes_batteries_required":[""],"_wc_facebook_enhanced_catalog_attributes_u_v_rating":[""],"_fz_country_restriction_type":["specific"],"_restricted_countries":["a:1:{i:0;s:2:\"US\";}"],"astra-migrate-meta-layouts":["set"],"omnisend_last_sync":["2025-05-16T11:05:10+00:00"],"surerank_settings_general":["a:7:{s:9:\"separator\";s:1:\"-\";s:10:\"page_title\";s:21:\"%title% - %site_name%\";s:25:\"auto_generate_description\";b:1;s:16:\"page_description\";s:136:\"Thyrotain is a comprehensive formulation that provides a blend of nutrients and botanicals working in synergy to support thyroid health.\";s:16:\"auto_description\";s:155:\"Thyrotain is a comprehensive formulation that provides a blend of nutrients and botanicals working in synergy to support thyroid health. Thyrotain includes\";s:14:\"fallback_image\";s:0:\"\";s:13:\"canonical_url\";s:50:\"https:\/\/pophaw.com\/product\/thyrotain-120-capsules\/\";}"],"surerank_settings_post_no_index":["no"],"surerank_settings_post_no_follow":["no"],"surerank_settings_post_no_archive":["no"],"surerank_settings_social":["a:23:{s:15:\"open_graph_tags\";b:1;s:18:\"facebook_meta_tags\";b:1;s:17:\"twitter_meta_tags\";b:1;s:16:\"oembeded_scripts\";b:1;s:17:\"oembeded_og_title\";b:1;s:22:\"oembeded_social_images\";b:1;s:27:\"oembeded_remove_author_name\";b:1;s:17:\"facebook_page_url\";s:54:\"https:\/\/www.facebook.com\/profile.php?id=61571207938497\";s:24:\"facebook_author_fallback\";s:0:\"\";s:17:\"twitter_card_type\";s:19:\"summary_large_image\";s:24:\"twitter_same_as_facebook\";b:1;s:24:\"twitter_profile_username\";s:0:\"\";s:24:\"twitter_profile_fallback\";s:0:\"\";s:14:\"facebook_title\";s:21:\"%title% - %site_name%\";s:20:\"facebook_description\";s:9:\"%content%\";s:18:\"facebook_image_url\";s:60:\"https:\/\/pophaw.com\/wp-content\/uploads\/2025\/01\/Thyrotain.webp\";s:17:\"facebook_image_id\";i:11381;s:20:\"facebook_image_width\";i:565;s:21:\"facebook_image_height\";i:565;s:13:\"twitter_title\";s:21:\"%title% - %site_name%\";s:19:\"twitter_description\";s:9:\"%content%\";s:17:\"twitter_image_url\";s:60:\"https:\/\/pophaw.com\/wp-content\/uploads\/2025\/01\/Thyrotain.webp\";s:16:\"twitter_image_id\";i:11381;}"],"surerank_migration":["1"],"astra_style_timestamp_css":["1775874669"],"wwpp_product_wholesale_visibility_filter":["all"],"_uag_css_file_name":["uag-css-11380.css"],"rank_math_internal_links_processed":["1"],"_uag_page_assets":["a:9:{s:3:\"css\";s:263:\".uag-blocks-common-selector{z-index:var(--z-index-desktop) !important}@media (max-width: 976px){.uag-blocks-common-selector{z-index:var(--z-index-tablet) !important}}@media (max-width: 767px){.uag-blocks-common-selector{z-index:var(--z-index-mobile) !important}}\n\";s:2:\"js\";s:0:\"\";s:18:\"current_block_list\";a:15:{i:0;s:23:\"surecart\/slide-out-cart\";i:1;s:30:\"surecart\/slide-out-cart-header\";i:2;s:29:\"surecart\/slide-out-cart-items\";i:3;s:30:\"surecart\/slide-out-cart-coupon\";i:4;s:32:\"surecart\/slide-out-cart-subtotal\";i:5;s:38:\"surecart\/slide-out-cart-bump-line-item\";i:6;s:30:\"surecart\/slide-out-cart-submit\";i:7;s:11:\"core\/search\";i:8;s:10:\"core\/group\";i:9;s:12:\"core\/heading\";i:10;s:17:\"core\/latest-posts\";i:11;s:20:\"core\/latest-comments\";i:12;s:13:\"core\/archives\";i:13;s:15:\"core\/categories\";i:14;s:14:\"core\/shortcode\";}s:8:\"uag_flag\";b:0;s:11:\"uag_version\";s:10:\"1776697765\";s:6:\"gfonts\";a:0:{}s:10:\"gfonts_url\";s:0:\"\";s:12:\"gfonts_files\";a:0:{}s:14:\"uag_faq_layout\";b:0;}"]},"uagb_featured_image_src":{"full":["https:\/\/pophaw.com\/wp-content\/uploads\/2025\/01\/Thyrotain.webp",565,565,false],"thumbnail":["https:\/\/pophaw.com\/wp-content\/uploads\/2025\/01\/Thyrotain-150x150.webp",150,150,true],"medium":["https:\/\/pophaw.com\/wp-content\/uploads\/2025\/01\/Thyrotain-300x300.webp",300,300,true],"medium_large":["https:\/\/pophaw.com\/wp-content\/uploads\/2025\/01\/Thyrotain.webp",565,565,false],"large":["https:\/\/pophaw.com\/wp-content\/uploads\/2025\/01\/Thyrotain.webp",565,565,false],"ryviu-small":["https:\/\/pophaw.com\/wp-content\/uploads\/2025\/01\/Thyrotain.webp",40,40,false],"ryviu-medium":["https:\/\/pophaw.com\/wp-content\/uploads\/2025\/01\/Thyrotain.webp",132,132,false],"1536x1536":["https:\/\/pophaw.com\/wp-content\/uploads\/2025\/01\/Thyrotain.webp",565,565,false],"2048x2048":["https:\/\/pophaw.com\/wp-content\/uploads\/2025\/01\/Thyrotain.webp",565,565,false],"trp-custom-language-flag":["https:\/\/pophaw.com\/wp-content\/uploads\/2025\/01\/Thyrotain.webp",12,12,false],"woocommerce_thumbnail":["https:\/\/pophaw.com\/wp-content\/uploads\/2025\/01\/Thyrotain-300x300.webp",300,300,true],"woocommerce_single":["https:\/\/pophaw.com\/wp-content\/uploads\/2025\/01\/Thyrotain.webp",565,565,false],"woocommerce_gallery_thumbnail":["https:\/\/pophaw.com\/wp-content\/uploads\/2025\/01\/Thyrotain-100x100.webp",100,100,true]},"uagb_author_info":{"display_name":"Dr. Rowan","author_link":"https:\/\/pophaw.com\/es\/author\/"},"uagb_comment_info":0,"uagb_excerpt":"Helps to Maintain Healthy Thyroid Function","_links":{"self":[{"href":"https:\/\/pophaw.com\/es\/wp-json\/wp\/v2\/product\/11380","targetHints":{"allow":["GET"]}}],"collection":[{"href":"https:\/\/pophaw.com\/es\/wp-json\/wp\/v2\/product"}],"about":[{"href":"https:\/\/pophaw.com\/es\/wp-json\/wp\/v2\/types\/product"}],"wp:featuredmedia":[{"embeddable":true,"href":"https:\/\/pophaw.com\/es\/wp-json\/wp\/v2\/media\/11381"}],"wp:attachment":[{"href":"https:\/\/pophaw.com\/es\/wp-json\/wp\/v2\/media?parent=11380"}],"wp:term":[{"taxonomy":"product_brand","embeddable":true,"href":"https:\/\/pophaw.com\/es\/wp-json\/wp\/v2\/product_brand?post=11380"},{"taxonomy":"product_cat","embeddable":true,"href":"https:\/\/pophaw.com\/es\/wp-json\/wp\/v2\/product_cat?post=11380"},{"taxonomy":"product_tag","embeddable":true,"href":"https:\/\/pophaw.com\/es\/wp-json\/wp\/v2\/product_tag?post=11380"}],"curies":[{"name":"wp","href":"https:\/\/api.w.org\/{rel}","templated":true}]}}