{"id":12003,"date":"2025-03-17T22:24:07","date_gmt":"2025-03-18T05:24:07","guid":{"rendered":"https:\/\/pophaw.com\/?post_type=product&#038;p=12003"},"modified":"2025-03-30T20:24:26","modified_gmt":"2025-03-31T03:24:26","slug":"cistatina-60-capsulas","status":"publish","type":"product","link":"https:\/\/pophaw.com\/es\/producto\/cistatina-60-capsulas\/","title":{"rendered":"Cystistatin - 60 C\u00e1psulas"},"content":{"rendered":"<p>Cystistatin es una mezcla bot\u00e1nica \u00fanica formulada para favorecer la salud del tracto urinario.<\/p>\n<h3>C\u00f3mo funciona<\/h3>\n<ul>\n<li>Favorece la funci\u00f3n saludable del tracto urinario<\/li>\n<li>Favorece un equilibrio microbiano saludable en el tracto urinario<\/li>\n<li>Ayuda a mantener sana la superficie mucosa del tracto urinario<\/li>\n<li>Favorece una funci\u00f3n inmunitaria saludable<\/li>\n<\/ul>\n<p>La funci\u00f3n del tracto urinario es producir orina, portadora de los materiales de desecho del torrente sangu\u00edneo, y eliminarla del organismo a trav\u00e9s de la vejiga y los ri\u00f1ones. Las bacterias pueden entrar en el tracto urinario a trav\u00e9s de la uretra o, m\u00e1s raramente, a trav\u00e9s del torrente sangu\u00edneo. Por lo general, las mujeres corren un mayor riesgo de que esto ocurra.<\/p>\n<p>Cystistatin es una mezcla bot\u00e1nica \u00fanica formulada para promover la salud del tracto urinario. Uno de los ingredientes clave de Cystistatin es el extracto de uva ursi, que est\u00e1 estandarizado para incluir 20% arbutina. La arbutina, especialmente cuando se combina con sulfato de berberina, proporciona una potente combinaci\u00f3n para ayudar a mantener un equilibrio microbiano saludable en el tracto urinario y la vejiga. Adem\u00e1s, la ra\u00edz de malvavisco alivia las molestias de la vejiga y del tracto urinario. El extracto de semilla de apio y la hoja de fucus tambi\u00e9n se incluyen en Cystistatin por su capacidad para promover un conducto urinario sano.<\/p>\n<p><strong>Uso recomendado:<\/strong><\/p>\n<p>1-2 c\u00e1psulas tres veces al d\u00eda o seg\u00fan lo recomendado por su profesional de la salud.<\/p>","protected":false},"excerpt":{"rendered":"<p>Favorece un equilibrio microbiano saludable en el tracto urinario<\/p>","protected":false},"featured_media":12008,"template":"","meta":{"bwfblock_default_font":"","_uag_custom_page_level_css":"","site-sidebar-layout":"default","site-content-layout":"","ast-site-content-layout":"default","site-content-style":"default","site-sidebar-style":"default","ast-global-header-display":"","ast-banner-title-visibility":"","ast-main-header-display":"","ast-hfb-above-header-display":"","ast-hfb-below-header-display":"","ast-hfb-mobile-header-display":"","site-post-title":"","ast-breadcrumbs-content":"","ast-featured-img":"","footer-sml-layout":"","ast-disable-related-posts":"","theme-transparent-header-meta":"default","adv-header-id-meta":"","stick-header-meta":"default","header-above-stick-meta":"","header-main-stick-meta":"","header-below-stick-meta":"","astra-migrate-meta-layouts":"set","ast-page-background-enabled":"default","ast-page-background-meta":{"desktop":{"background-color":"","background-image":"","background-repeat":"repeat","background-position":"center center","background-size":"auto","background-attachment":"scroll","background-type":"","background-media":"","overlay-type":"","overlay-color":"","overlay-opacity":"","overlay-gradient":""},"tablet":{"background-color":"","background-image":"","background-repeat":"repeat","background-position":"center center","background-size":"auto","background-attachment":"scroll","background-type":"","background-media":"","overlay-type":"","overlay-color":"","overlay-opacity":"","overlay-gradient":""},"mobile":{"background-color":"","background-image":"","background-repeat":"repeat","background-position":"center center","background-size":"auto","background-attachment":"scroll","background-type":"","background-media":"","overlay-type":"","overlay-color":"","overlay-opacity":"","overlay-gradient":""}},"ast-content-background-meta":{"desktop":{"background-color":"var(--ast-global-color-5)","background-image":"","background-repeat":"repeat","background-position":"center center","background-size":"auto","background-attachment":"scroll","background-type":"","background-media":"","overlay-type":"","overlay-color":"","overlay-opacity":"","overlay-gradient":""},"tablet":{"background-color":"var(--ast-global-color-5)","background-image":"","background-repeat":"repeat","background-position":"center center","background-size":"auto","background-attachment":"scroll","background-type":"","background-media":"","overlay-type":"","overlay-color":"","overlay-opacity":"","overlay-gradient":""},"mobile":{"background-color":"var(--ast-global-color-5)","background-image":"","background-repeat":"repeat","background-position":"center center","background-size":"auto","background-attachment":"scroll","background-type":"","background-media":"","overlay-type":"","overlay-color":"","overlay-opacity":"","overlay-gradient":""}}},"product_brand":[170],"product_cat":[127],"product_tag":[],"class_list":{"0":"post-12003","1":"product","2":"type-product","3":"status-publish","4":"has-post-thumbnail","6":"product_brand-ortho-molecular-products","7":"product_cat-dietary-supplements","8":"desktop-align-center","9":"tablet-align-center","10":"mobile-align-center","11":"ast-product-gallery-layout-horizontal-slider","12":"ast-magnify-disabled","13":"ast-product-tabs-layout-horizontal","15":"first","16":"instock","17":"sale","18":"shipping-taxable","19":"purchasable","20":"product-type-simple"},"spectra_custom_meta":{"_sku":["NRT073"],"_regular_price":["69"],"_sale_price":["50"],"total_sales":["0"],"_tax_status":["taxable"],"_tax_class":[""],"_manage_stock":["no"],"_backorders":["no"],"_sold_individually":["no"],"_virtual":["no"],"_downloadable":["no"],"_product_image_gallery":["12009"],"_download_limit":["-1"],"_download_expiry":["-1"],"_thumbnail_id":["12008"],"_stock":[null],"_stock_status":["instock"],"_wc_average_rating":["0"],"_wc_review_count":["0"],"_product_version":["9.7.1"],"_price":["50"],"insight_product_options":["s:1358:\"a:38:{s:27:\"single_product_layout_style\";s:0:\"\";s:11:\"site_layout\";s:0:\"\";s:10:\"site_width\";s:0:\"\";s:16:\"site_top_spacing\";s:0:\"\";s:19:\"site_bottom_spacing\";s:0:\"\";s:10:\"site_class\";s:0:\"\";s:21:\"site_background_color\";s:0:\"\";s:21:\"site_background_image\";s:0:\"\";s:22:\"site_background_repeat\";s:9:\"no-repeat\";s:26:\"site_background_attachment\";s:0:\"\";s:24:\"site_background_position\";s:0:\"\";s:20:\"site_background_size\";s:0:\"\";s:24:\"content_background_color\";s:0:\"\";s:24:\"content_background_image\";s:0:\"\";s:25:\"content_background_repeat\";s:9:\"no-repeat\";s:27:\"content_background_position\";s:0:\"\";s:12:\"top_bar_type\";s:0:\"\";s:11:\"header_type\";s:0:\"\";s:14:\"header_overlay\";s:0:\"\";s:11:\"header_skin\";s:0:\"\";s:12:\"menu_display\";s:0:\"\";s:13:\"menu_one_page\";s:1:\"0\";s:16:\"custom_dark_logo\";s:0:\"\";s:17:\"custom_light_logo\";s:0:\"\";s:17:\"custom_logo_width\";s:0:\"\";s:24:\"custom_sticky_logo_width\";s:0:\"\";s:21:\"page_title_bar_layout\";s:0:\"\";s:29:\"page_title_bar_bottom_spacing\";s:0:\"\";s:31:\"page_title_bar_background_color\";s:0:\"\";s:25:\"page_title_bar_background\";s:0:\"\";s:33:\"page_title_bar_background_overlay\";s:0:\"\";s:29:\"page_title_bar_custom_heading\";s:0:\"\";s:14:\"page_sidebar_1\";s:7:\"default\";s:14:\"page_sidebar_2\";s:7:\"default\";s:21:\"page_sidebar_position\";s:7:\"default\";s:17:\"revolution_slider\";s:0:\"\";s:15:\"slider_position\";s:5:\"below\";s:13:\"footer_enable\";s:0:\"\";}\";"],"_wp_old_date":["2021-02-19"],"rank_math_analytic_object_id":["276"],"rank_math_seo_score":["89"],"rank_math_contentai_score":["a:5:{s:8:\"keywords\";s:5:\"74.51\";s:9:\"wordCount\";s:1:\"0\";s:9:\"linkCount\";s:1:\"0\";s:12:\"headingCount\";s:1:\"0\";s:10:\"mediaCount\";s:1:\"0\";}"],"rank_math_primary_product_brand":["0"],"rank_math_primary_product_cat":["127"],"_admin_notes":[""],"_custom_product_field":[""],"_wc_facebook_sync_enabled":["yes"],"fb_visibility":["yes"],"fb_product_description":[""],"_wc_facebook_product_image_source":["product"],"_wc_facebook_commerce_enabled":["no"],"rank_math_primary_fb_product_set":["0"],"site-sidebar-layout":["default"],"ast-site-content-layout":["default"],"site-content-style":["default"],"site-sidebar-style":["default"],"theme-transparent-header-meta":["default"],"stick-header-meta":["default"],"_wc_gla_visibility":["sync-and-show"],"_wc_facebook_enhanced_catalog_attributes_capacity":[""],"_wc_facebook_enhanced_catalog_attributes_age_group":[""],"_wc_facebook_enhanced_catalog_attributes_gender":[""],"_wc_facebook_enhanced_catalog_attributes_ingredients":[""],"_wc_facebook_enhanced_catalog_attributes_health_concern":[""],"_wc_facebook_enhanced_catalog_attributes_pattern":[""],"_wc_facebook_enhanced_catalog_attributes_power_type":[""],"_wc_facebook_enhanced_catalog_attributes_product_form":[""],"_wc_facebook_enhanced_catalog_attributes_result_time":[""],"_wc_facebook_enhanced_catalog_attributes_scent":[""],"_wc_facebook_enhanced_catalog_attributes_absorbency":[""],"_wc_facebook_enhanced_catalog_attributes_material":[""],"_wc_facebook_enhanced_catalog_attributes_serving_size":[""],"_wc_facebook_enhanced_catalog_attributes_size":[""],"_wc_facebook_enhanced_catalog_attributes_skin_care_concern":[""],"_wc_facebook_enhanced_catalog_attributes_skin_type":[""],"_wc_facebook_enhanced_catalog_attributes_spf_value":[""],"_wc_facebook_enhanced_catalog_attributes_standard_features":[""],"_wc_facebook_enhanced_catalog_attributes_stop_use_indications":[""],"_wc_facebook_enhanced_catalog_attributes_package_quantity":[""],"_wc_facebook_enhanced_catalog_attributes_lens_material":[""],"_wc_facebook_enhanced_catalog_attributes_lens_type":[""],"_wc_facebook_enhanced_catalog_attributes_lens_tint":[""],"_wc_facebook_enhanced_catalog_attributes_keywords":[""],"_wc_facebook_enhanced_catalog_attributes_is_powered":[""],"_wc_facebook_enhanced_catalog_attributes_instructions":[""],"_wc_facebook_enhanced_catalog_attributes_ingredients_composition":[""],"_wc_facebook_enhanced_catalog_attributes_inactive_ingredients":[""],"_wc_facebook_enhanced_catalog_attributes_flavor":[""],"_wc_facebook_enhanced_catalog_attributes_eyewear_rim":[""],"_wc_facebook_enhanced_catalog_attributes_dosage":[""],"_wc_facebook_enhanced_catalog_attributes_color":[""],"_wc_facebook_enhanced_catalog_attributes_brand":[""],"_wc_facebook_enhanced_catalog_attributes_body_part":[""],"_wc_facebook_enhanced_catalog_attributes_batteries_required":[""],"_wc_facebook_enhanced_catalog_attributes_u_v_rating":[""],"classic-editor-remember":["classic-editor"],"_wc_pinterest_condition":["new"],"rank_math_description":["Cystistatin is a unique botanical blend formulated to promote a healthy urinary tract. "],"rank_math_schema_WooCommerceProduct":["a:2:{s:5:\"@type\";s:18:\"WooCommerceProduct\";s:8:\"metadata\";a:3:{s:5:\"title\";s:19:\"WooCommerce Product\";s:4:\"type\";s:8:\"template\";s:9:\"isPrimary\";b:1;}}"],"_ppcp_button_position":["bottom"],"wpil_sync_report3":["1"],"wpil_links_inbound_internal_count":["0"],"wpil_links_inbound_internal_count_data":["eJxLtDKwqq4FAAZPAf4="],"wpil_links_outbound_internal_count":["1"],"wpil_links_outbound_internal_count_data":["eJy1UUFOwzAQ\/IvvqeO00LI5IiohEYK4cLRc22qsOl4rdhRQ1b9jJxWUB3DbGc3OjscCGJwNlHUL7A7IhzeWN6i05S\/GnQiwNZwDbIHYBLlRpM7iAGsg42BJmrYPQLoYfQBKPfpOTCuJPZ18IdFF7SIdvUWhAq1KtqNlRdvm7bloTMTH9v2p2I9ORoNO2GKPqFa932TbTXLFEPPISiC\/zpnZATHJe0hLpD4AW\/R+1r8mcA9EONnh8I8Bc11CKa344Yt7Ox6Ny1nKJZ5FKfLSHADI9VJGVXktc+pM8HrgctAi6p9mGUuPC1yMEbPslo6DkCfjjjf\/kOke1Wg1\/6Ourkfmw59x4S+XbxsgoZE="],"wpil_links_outbound_external_count":["0"],"wpil_links_outbound_external_count_data":["eJxLtDKwqq4FAAZPAf4="],"wpil_sync_report2_time":["2025-01-27T07:29:11+00:00"],"_g_feedback_shortcode_d208d959c41f2d658befb284054950b0f97bc34b":["\n\t\t\t\t[contact-field label=\"Name\" type=\"name\"  required=\"true\" \/]\n\t\t\t\t[contact-field label=\"Email\" type=\"email\" required=\"true\" \/]\n\t\t\t\t[contact-field label=\"Website\" type=\"url\" \/]\n\t\t\t\t[contact-field label=\"Message\" type=\"textarea\" \/]"],"_g_feedback_shortcode_atts_d208d959c41f2d658befb284054950b0f97bc34b":["a:17:{s:2:\"to\";s:18:\"support@pophaw.com\";s:7:\"subject\";s:23:\"[Pophaw] Mitocore 120ct\";s:12:\"show_subject\";s:2:\"no\";s:6:\"widget\";i:0;s:14:\"block_template\";N;s:19:\"block_template_part\";N;s:2:\"id\";i:7016;s:18:\"submit_button_text\";s:6:\"Submit\";s:14:\"customThankyou\";s:0:\"\";s:21:\"customThankyouHeading\";s:26:\"Your message has been sent\";s:21:\"customThankyouMessage\";s:30:\"Thank you for your submission!\";s:22:\"customThankyouRedirect\";s:0:\"\";s:10:\"jetpackCRM\";b:1;s:9:\"className\";N;s:9:\"postToUrl\";N;s:14:\"salesforceData\";N;s:12:\"hiddenFields\";N;}"],"fb_brand":[""],"fb_mpn":[""],"_edit_lock":["1743999054:1"],"_g_feedback_shortcode_dad83d67cc36ac764324f753ff51632f89ad1000":["\n\t\t\t\t[contact-field label=\"Name\" type=\"name\"  required=\"true\" \/]\n\t\t\t\t[contact-field label=\"Email\" type=\"email\" required=\"true\" \/]\n\t\t\t\t[contact-field label=\"Website\" type=\"url\" \/]\n\t\t\t\t[contact-field label=\"Message\" type=\"textarea\" \/]"],"_g_feedback_shortcode_atts_dad83d67cc36ac764324f753ff51632f89ad1000":["a:17:{s:2:\"to\";s:18:\"support@pophaw.com\";s:7:\"subject\";s:34:\"[Pophaw] Cystistatin - 60 Capsules\";s:12:\"show_subject\";s:2:\"no\";s:6:\"widget\";i:0;s:14:\"block_template\";N;s:19:\"block_template_part\";N;s:2:\"id\";i:12003;s:18:\"submit_button_text\";s:6:\"Submit\";s:14:\"customThankyou\";s:0:\"\";s:21:\"customThankyouHeading\";s:26:\"Your message has been sent\";s:21:\"customThankyouMessage\";s:30:\"Thank you for your submission!\";s:22:\"customThankyouRedirect\";s:0:\"\";s:10:\"jetpackCRM\";b:1;s:9:\"className\";N;s:9:\"postToUrl\";N;s:14:\"salesforceData\";N;s:12:\"hiddenFields\";N;}"],"_edit_last":["1"],"_fixed_price_rules":["a:0:{}"],"fb_rich_text_description":[""],"fb_product_video":["a:0:{}"],"_global_unique_id":["17841900188067"],"_wc_gla_sync_status":["synced"],"fb_product_group_id":["9404310039637045"],"_wc_gla_synced_at":["1774926044"],"_wc_gla_google_ids":["a:1:{s:2:\"US\";s:22:\"online:en:US:gla_12003\";}"],"fb_product_item_id":["9404310249637024"],"rank_math_auto_redirect":["a:1:{i:0;i:77;}"],"_wp_old_slug":["mitocore-120-ct-omp","mito-core-120-ct-omp"],"rank_math_focus_keyword":["Cystistatin"],"astra-migrate-meta-layouts":["set"],"omnisend_last_sync":["2025-05-16T11:05:10+00:00"],"surerank_settings_general":["a:7:{s:9:\"separator\";s:1:\"-\";s:10:\"page_title\";s:21:\"%title% - %site_name%\";s:25:\"auto_generate_description\";b:1;s:16:\"page_description\";s:87:\"Cystistatin is a unique botanical blend formulated to promote a healthy urinary tract. \";s:16:\"auto_description\";s:154:\"Cystistatin is a unique botanical blend formulated to promote a healthy urinary tract. How it Works The role of the urinary tract is to produce urine, the\";s:14:\"fallback_image\";s:0:\"\";s:13:\"canonical_url\";s:51:\"https:\/\/pophaw.com\/product\/cystistatin-60-capsules\/\";}"],"surerank_settings_post_no_index":["no"],"surerank_settings_post_no_follow":["no"],"surerank_settings_post_no_archive":["no"],"surerank_settings_social":["a:23:{s:15:\"open_graph_tags\";b:1;s:18:\"facebook_meta_tags\";b:1;s:17:\"twitter_meta_tags\";b:1;s:16:\"oembeded_scripts\";b:1;s:17:\"oembeded_og_title\";b:1;s:22:\"oembeded_social_images\";b:1;s:27:\"oembeded_remove_author_name\";b:1;s:17:\"facebook_page_url\";s:54:\"https:\/\/www.facebook.com\/profile.php?id=61571207938497\";s:24:\"facebook_author_fallback\";s:0:\"\";s:17:\"twitter_card_type\";s:19:\"summary_large_image\";s:24:\"twitter_same_as_facebook\";b:1;s:24:\"twitter_profile_username\";s:0:\"\";s:24:\"twitter_profile_fallback\";s:0:\"\";s:14:\"facebook_title\";s:21:\"%title% - %site_name%\";s:20:\"facebook_description\";s:9:\"%content%\";s:18:\"facebook_image_url\";s:62:\"https:\/\/pophaw.com\/wp-content\/uploads\/2025\/03\/Cystistatin.webp\";s:17:\"facebook_image_id\";i:12008;s:20:\"facebook_image_width\";i:600;s:21:\"facebook_image_height\";i:600;s:13:\"twitter_title\";s:21:\"%title% - %site_name%\";s:19:\"twitter_description\";s:9:\"%content%\";s:17:\"twitter_image_url\";s:62:\"https:\/\/pophaw.com\/wp-content\/uploads\/2025\/03\/Cystistatin.webp\";s:16:\"twitter_image_id\";i:12008;}"],"surerank_migration":["1"],"astra_style_timestamp_css":["1775872595"],"wwpp_product_wholesale_visibility_filter":["all"],"_uag_css_file_name":["uag-css-12003.css"],"rank_math_internal_links_processed":["1"],"_wc_gla_mc_status":["approved"],"_uag_page_assets":["a:9:{s:3:\"css\";s:0:\"\";s:2:\"js\";s:0:\"\";s:18:\"current_block_list\";a:15:{i:0;s:23:\"surecart\/slide-out-cart\";i:1;s:30:\"surecart\/slide-out-cart-header\";i:2;s:29:\"surecart\/slide-out-cart-items\";i:3;s:30:\"surecart\/slide-out-cart-coupon\";i:4;s:32:\"surecart\/slide-out-cart-subtotal\";i:5;s:38:\"surecart\/slide-out-cart-bump-line-item\";i:6;s:30:\"surecart\/slide-out-cart-submit\";i:7;s:11:\"core\/search\";i:8;s:10:\"core\/group\";i:9;s:12:\"core\/heading\";i:10;s:17:\"core\/latest-posts\";i:11;s:20:\"core\/latest-comments\";i:12;s:13:\"core\/archives\";i:13;s:15:\"core\/categories\";i:14;s:14:\"core\/shortcode\";}s:8:\"uag_flag\";b:0;s:11:\"uag_version\";s:10:\"1776697765\";s:6:\"gfonts\";a:0:{}s:10:\"gfonts_url\";s:0:\"\";s:12:\"gfonts_files\";a:0:{}s:14:\"uag_faq_layout\";b:0;}"]},"uagb_featured_image_src":{"full":["https:\/\/pophaw.com\/wp-content\/uploads\/2025\/03\/Cystistatin.webp",600,600,false],"thumbnail":["https:\/\/pophaw.com\/wp-content\/uploads\/2025\/03\/Cystistatin-150x150.webp",150,150,true],"medium":["https:\/\/pophaw.com\/wp-content\/uploads\/2025\/03\/Cystistatin-300x300.webp",300,300,true],"medium_large":["https:\/\/pophaw.com\/wp-content\/uploads\/2025\/03\/Cystistatin.webp",600,600,false],"large":["https:\/\/pophaw.com\/wp-content\/uploads\/2025\/03\/Cystistatin.webp",600,600,false],"ryviu-small":["https:\/\/pophaw.com\/wp-content\/uploads\/2025\/03\/Cystistatin-40x40.webp",40,40,true],"ryviu-medium":["https:\/\/pophaw.com\/wp-content\/uploads\/2025\/03\/Cystistatin-132x132.webp",132,132,true],"1536x1536":["https:\/\/pophaw.com\/wp-content\/uploads\/2025\/03\/Cystistatin.webp",600,600,false],"2048x2048":["https:\/\/pophaw.com\/wp-content\/uploads\/2025\/03\/Cystistatin.webp",600,600,false],"trp-custom-language-flag":["https:\/\/pophaw.com\/wp-content\/uploads\/2025\/03\/Cystistatin.webp",12,12,false],"woocommerce_thumbnail":["https:\/\/pophaw.com\/wp-content\/uploads\/2025\/03\/Cystistatin-300x300.webp",300,300,true],"woocommerce_single":["https:\/\/pophaw.com\/wp-content\/uploads\/2025\/03\/Cystistatin.webp",600,600,false],"woocommerce_gallery_thumbnail":["https:\/\/pophaw.com\/wp-content\/uploads\/2025\/03\/Cystistatin-100x100.webp",100,100,true]},"uagb_author_info":{"display_name":"Dr. Rowan","author_link":"https:\/\/pophaw.com\/es\/author\/"},"uagb_comment_info":0,"uagb_excerpt":"Supports Healthy Microbial Balance in the Urinary Tract","_links":{"self":[{"href":"https:\/\/pophaw.com\/es\/wp-json\/wp\/v2\/product\/12003","targetHints":{"allow":["GET"]}}],"collection":[{"href":"https:\/\/pophaw.com\/es\/wp-json\/wp\/v2\/product"}],"about":[{"href":"https:\/\/pophaw.com\/es\/wp-json\/wp\/v2\/types\/product"}],"wp:featuredmedia":[{"embeddable":true,"href":"https:\/\/pophaw.com\/es\/wp-json\/wp\/v2\/media\/12008"}],"wp:attachment":[{"href":"https:\/\/pophaw.com\/es\/wp-json\/wp\/v2\/media?parent=12003"}],"wp:term":[{"taxonomy":"product_brand","embeddable":true,"href":"https:\/\/pophaw.com\/es\/wp-json\/wp\/v2\/product_brand?post=12003"},{"taxonomy":"product_cat","embeddable":true,"href":"https:\/\/pophaw.com\/es\/wp-json\/wp\/v2\/product_cat?post=12003"},{"taxonomy":"product_tag","embeddable":true,"href":"https:\/\/pophaw.com\/es\/wp-json\/wp\/v2\/product_tag?post=12003"}],"curies":[{"name":"wp","href":"https:\/\/api.w.org\/{rel}","templated":true}]}}