{"id":194,"date":"2019-04-16T06:55:59","date_gmt":"2019-04-16T06:55:59","guid":{"rendered":"https:\/\/pophaw.com\/product\/stainless-steel-surgical-scissors\/"},"modified":"2025-08-11T01:42:38","modified_gmt":"2025-08-11T08:42:38","slug":"metil-cpg-60ct","status":"publish","type":"product","link":"https:\/\/pophaw.com\/es\/producto\/metil-cpg-60ct\/","title":{"rendered":"Metil CpG 60ct"},"content":{"rendered":"<p><span style=\"font-family: arial, helvetica, sans-serif; color: #000000;\">Methyl CpG es una f\u00f3rmula completa que incluye cantidades espec\u00edficas de cinco nutrientes clave dise\u00f1ados para favorecer la metilaci\u00f3n y el equilibrio de homociste\u00edna en el organismo.<\/span><\/p>\n<h3><span style=\"font-family: arial, helvetica, sans-serif; color: #000000;\">APLICACIONES CL\u00cdNICAS<\/span><\/h3>\n<ul>\n<li><span style=\"font-family: arial, helvetica, sans-serif; color: #000000;\">Favorece la metilaci\u00f3n \u00f3ptima y la salud cardiovascular<\/span><\/li>\n<li><span style=\"font-family: arial, helvetica, sans-serif; color: #000000;\">Favorece niveles saludables de homociste\u00edna<\/span><\/li>\n<li><span style=\"font-family: arial, helvetica, sans-serif; color: #000000;\">Aumenta la producci\u00f3n de neurotransmisores<\/span><\/li>\n<li><span style=\"font-family: arial, helvetica, sans-serif; color: #000000;\">Favorece las v\u00edas primarias de desintoxicaci\u00f3n<\/span><\/li>\n<li><span style=\"font-family: arial, helvetica, sans-serif; color: #000000;\">Favorece la reparaci\u00f3n del ADN<\/span><\/li>\n<\/ul>\n<h3><span style=\"font-family: arial, helvetica, sans-serif; color: #000000;\">VISI\u00d3N GENERAL<\/span><\/h3>\n<p><span style=\"font-family: arial, helvetica, sans-serif; color: #000000;\">La metilaci\u00f3n es un proceso bioqu\u00edmico del organismo que requiere vitaminas y es fundamental para muchos aspectos de la salud mental y f\u00edsica, como la regulaci\u00f3n de la expresi\u00f3n g\u00e9nica. La metilaci\u00f3n se produce miles de millones de veces por segundo y ayuda al organismo a reparar el ADN de forma continua. Sin embargo, cuando los procesos de metilaci\u00f3n en el cuerpo se ralentizan, puede producirse un aumento de la rotura de las cadenas de ADN. Adem\u00e1s de mantener la reparaci\u00f3n del ADN, las reacciones de metilaci\u00f3n ayudan a mantener una producci\u00f3n \u00f3ptima de neurotransmisores, el equilibrio de homociste\u00edna para la salud cardiovascular y el reciclaje de mol\u00e9culas necesarias para la desintoxicaci\u00f3n y una respuesta inflamatoria saludable. La metilaci\u00f3n tambi\u00e9n es necesaria para el correcto metabolismo energ\u00e9tico y el funcionamiento de las c\u00e9lulas inmunitarias y nerviosas. La metilaci\u00f3n adecuada puede verse inhibida por deficiencias de nutrientes como el folato y la vitamina B<sub>2<\/sub>, B<sub>6<\/sub>\u00a0y B<sub>12<\/sub>. Ciertos medicamentos como el paracetamol, la aspirina, el ibuprofeno y los anticonceptivos orales tambi\u00e9n pueden reducir los niveles sangu\u00edneos de estas cruciales vitaminas B.<\/span><\/p>\n<p><span style=\"font-family: arial, helvetica, sans-serif; color: #000000;\">Methyl CpG es una f\u00f3rmula completa que incluye cantidades espec\u00edficas de cinco nutrientes clave dise\u00f1ados para apoyar agresivamente la metilaci\u00f3n y el equilibrio de homociste\u00edna en el cuerpo. Methyl CpG proporciona folato de alta concentraci\u00f3n como Quatrefolic\u00ae - 100% 5-MTHF, la forma biol\u00f3gicamente activa, y trimetilglicina. La f\u00f3rmula incluye vitaminas clave para la metilaci\u00f3n B<sub>2<\/sub>, B<sub>6<\/sub>\u00a0y B<sub>12<\/sub>\u00a0(metilcobalamina). Esta mezcla espec\u00edfica de donantes de metilo favorece la reparaci\u00f3n del ADN, el equilibrio de la homociste\u00edna, la producci\u00f3n de neurotransmisores, el equilibrio hormonal y una desintoxicaci\u00f3n \u00f3ptima.<\/span><br \/>\n<span style=\"font-family: arial, helvetica, sans-serif; color: #000000;\"><strong>Uso recomendado:<\/strong><\/span><br \/>\n<span style=\"font-family: arial, helvetica, sans-serif; color: #000000;\">1 c\u00e1psula al d\u00eda o seg\u00fan las recomendaciones de su m\u00e9dico.<\/span><\/p>\n<h3><span style=\"font-family: arial, helvetica, sans-serif; color: #000000;\">BENEFICIOS DE LOS INGREDIENTES<\/span><\/h3>\n<p><span style=\"font-family: arial, helvetica, sans-serif; color: #000000;\"><strong>Folato<\/strong><\/span><br \/>\n<span style=\"font-family: arial, helvetica, sans-serif; color: #000000;\">El folato es un miembro hidrosoluble de las vitaminas del complejo B que es fundamental para mantener una metilaci\u00f3n \u00f3ptima. El folato se encuentra en abundancia en alimentos como la fruta y las verduras de hoja oscura, pero puede destruirse f\u00e1cilmente al cocinarlo o procesarlo. La forma bioactiva del folato es el 5-metiltetrahidrofolato (5-MTHF). El 5-MTHF es necesario como donante de grupos metilo para varios procesos, como la producci\u00f3n de neurotransmisores que regulan el estado de \u00e1nimo, la s\u00edntesis de melatonina y la producci\u00f3n y reparaci\u00f3n del ADN.<\/span><\/p>\n<p><span style=\"font-family: arial, helvetica, sans-serif; color: #000000;\"><strong>Vitamina B<sub>12<\/sub><\/strong><\/span><br \/>\n<span style=\"font-family: arial, helvetica, sans-serif; color: #000000;\">Vitamina B<sub>12<\/sub>\u00a0trabaja con el folato en muchos procesos corporales, incluida la s\u00edntesis del ADN, los gl\u00f3bulos rojos y el apoyo a la salud de la vaina de mielina, el exterior aislante que rodea las c\u00e9lulas nerviosas. B<sub>12<\/sub>\u00a0se encuentra principalmente en los alimentos de origen animal. Los vegetarianos y las personas mayores corren el mayor riesgo de contraer B<sub>12<\/sub>\u00a0deficiencia. La metilcobalamina es la forma preferida de vitamina B<sub>12<\/sub>, ya que es la forma biol\u00f3gicamente activa de B<sub>12<\/sub>\u00a0y favorece la regulaci\u00f3n al alza de las v\u00edas de metilaci\u00f3n.<\/span><\/p>\n<p><span style=\"font-family: arial, helvetica, sans-serif; color: #000000;\"><strong>Vitamina B<sub>6<\/sub><\/strong><\/span><br \/>\n<span style=\"font-family: arial, helvetica, sans-serif; color: #000000;\">Vitamina B<sub>6<\/sub>\u00a0es una vitamina B crucial que interviene en la producci\u00f3n de prote\u00ednas en el organismo, de neurotransmisores que ayudan a regular el estado de \u00e1nimo, en la formaci\u00f3n de gl\u00f3bulos rojos y en el buen funcionamiento del sistema inmunitario. B<sub>6<\/sub>\u00a0es necesaria para m\u00e1s de 60 reacciones enzim\u00e1ticas diferentes que se producen en el organismo. Vitamina B<sub>6<\/sub>\u00a0act\u00faa junto con el 5-MTHF y la vitamina B<sub>12<\/sub>\u00a0en el reciclaje de la homociste\u00edna. B<sub>6<\/sub>\u00a0tambi\u00e9n contribuye a la salud del sistema cardiovascular, ya que favorece la agregaci\u00f3n plaquetaria y ayuda a mantener una tensi\u00f3n arterial normal.<\/span><\/p>\n<p><span style=\"font-family: arial, helvetica, sans-serif; color: #000000;\"><strong>Vitamina B<sub>2<\/sub><\/strong><\/span><br \/>\n<span style=\"font-family: arial, helvetica, sans-serif; color: #000000;\">Optimizaci\u00f3n de B<sub>2<\/sub>\u00a0ayuda a mantener una presi\u00f3n arterial saludable, especialmente en pacientes con mutaciones gen\u00e9ticas (polimorfismo MTHFR 677 &gt; T).<\/span><\/p>\n<p><span style=\"font-family: arial, helvetica, sans-serif; color: #000000;\"><strong>Beta\u00edna (Trimetilglicina)<\/strong><\/span><\/p>\n<p><span style=\"font-family: arial, helvetica, sans-serif; color: #000000;\">Como donante de metilo, la trimetilglicina favorece la funci\u00f3n hep\u00e1tica, incluidas las v\u00edas de desintoxicaci\u00f3n. La trimetilglicina ha demostrado ser beneficiosa en la protecci\u00f3n contra la acumulaci\u00f3n de grasa en el h\u00edgado, debido a sus propiedades lipotr\u00f3picas (donando un grupo metilo para ayudar en el transporte de grasa fuera del h\u00edgado). La trimetilglicina tambi\u00e9n act\u00faa junto con la vitamina B<sub>2<\/sub>, B<sub>6<\/sub>, B<sub>12<\/sub>\u00a0y folato en el mantenimiento de niveles normales de homociste\u00edna.<\/span><\/p>","protected":false},"excerpt":{"rendered":"<p>Methyl CpG es una f\u00f3rmula completa que incluye cantidades espec\u00edficas de cinco nutrientes clave dise\u00f1ados para favorecer la metilaci\u00f3n y el equilibrio de homociste\u00edna en el organismo.<\/p>","protected":false},"featured_media":7145,"template":"","meta":{"bwfblock_default_font":"","_uag_custom_page_level_css":"","site-sidebar-layout":"default","site-content-layout":"","ast-site-content-layout":"default","site-content-style":"default","site-sidebar-style":"default","ast-global-header-display":"","ast-banner-title-visibility":"","ast-main-header-display":"","ast-hfb-above-header-display":"","ast-hfb-below-header-display":"","ast-hfb-mobile-header-display":"","site-post-title":"","ast-breadcrumbs-content":"","ast-featured-img":"","footer-sml-layout":"","ast-disable-related-posts":"","theme-transparent-header-meta":"default","adv-header-id-meta":"","stick-header-meta":"default","header-above-stick-meta":"","header-main-stick-meta":"","header-below-stick-meta":"","astra-migrate-meta-layouts":"set","ast-page-background-enabled":"default","ast-page-background-meta":{"desktop":{"background-color":"","background-image":"","background-repeat":"repeat","background-position":"center center","background-size":"auto","background-attachment":"scroll","background-type":"","background-media":"","overlay-type":"","overlay-color":"","overlay-opacity":"","overlay-gradient":""},"tablet":{"background-color":"","background-image":"","background-repeat":"repeat","background-position":"center center","background-size":"auto","background-attachment":"scroll","background-type":"","background-media":"","overlay-type":"","overlay-color":"","overlay-opacity":"","overlay-gradient":""},"mobile":{"background-color":"","background-image":"","background-repeat":"repeat","background-position":"center center","background-size":"auto","background-attachment":"scroll","background-type":"","background-media":"","overlay-type":"","overlay-color":"","overlay-opacity":"","overlay-gradient":""}},"ast-content-background-meta":{"desktop":{"background-color":"var(--ast-global-color-5)","background-image":"","background-repeat":"repeat","background-position":"center center","background-size":"auto","background-attachment":"scroll","background-type":"","background-media":"","overlay-type":"","overlay-color":"","overlay-opacity":"","overlay-gradient":""},"tablet":{"background-color":"var(--ast-global-color-5)","background-image":"","background-repeat":"repeat","background-position":"center center","background-size":"auto","background-attachment":"scroll","background-type":"","background-media":"","overlay-type":"","overlay-color":"","overlay-opacity":"","overlay-gradient":""},"mobile":{"background-color":"var(--ast-global-color-5)","background-image":"","background-repeat":"repeat","background-position":"center center","background-size":"auto","background-attachment":"scroll","background-type":"","background-media":"","overlay-type":"","overlay-color":"","overlay-opacity":"","overlay-gradient":""}}},"product_brand":[170],"product_cat":[127],"product_tag":[],"class_list":{"0":"post-194","1":"product","2":"type-product","3":"status-publish","4":"has-post-thumbnail","6":"product_brand-ortho-molecular-products","7":"product_cat-dietary-supplements","8":"desktop-align-center","9":"tablet-align-center","10":"mobile-align-center","11":"ast-product-gallery-layout-horizontal-slider","12":"ast-magnify-disabled","13":"ast-product-tabs-layout-horizontal","15":"first","16":"instock","17":"sale","18":"shipping-taxable","19":"purchasable","20":"product-type-simple"},"spectra_custom_meta":{"_edit_last":["1"],"_thumbnail_id":["7145"],"insight_product_options":["s:1358:\"a:38:{s:27:\"single_product_layout_style\";s:0:\"\";s:11:\"site_layout\";s:0:\"\";s:10:\"site_width\";s:0:\"\";s:16:\"site_top_spacing\";s:0:\"\";s:19:\"site_bottom_spacing\";s:0:\"\";s:10:\"site_class\";s:0:\"\";s:21:\"site_background_color\";s:0:\"\";s:21:\"site_background_image\";s:0:\"\";s:22:\"site_background_repeat\";s:9:\"no-repeat\";s:26:\"site_background_attachment\";s:0:\"\";s:24:\"site_background_position\";s:0:\"\";s:20:\"site_background_size\";s:0:\"\";s:24:\"content_background_color\";s:0:\"\";s:24:\"content_background_image\";s:0:\"\";s:25:\"content_background_repeat\";s:9:\"no-repeat\";s:27:\"content_background_position\";s:0:\"\";s:12:\"top_bar_type\";s:0:\"\";s:11:\"header_type\";s:0:\"\";s:14:\"header_overlay\";s:0:\"\";s:11:\"header_skin\";s:0:\"\";s:12:\"menu_display\";s:0:\"\";s:13:\"menu_one_page\";s:1:\"0\";s:16:\"custom_dark_logo\";s:0:\"\";s:17:\"custom_light_logo\";s:0:\"\";s:17:\"custom_logo_width\";s:0:\"\";s:24:\"custom_sticky_logo_width\";s:0:\"\";s:21:\"page_title_bar_layout\";s:0:\"\";s:29:\"page_title_bar_bottom_spacing\";s:0:\"\";s:31:\"page_title_bar_background_color\";s:0:\"\";s:25:\"page_title_bar_background\";s:0:\"\";s:33:\"page_title_bar_background_overlay\";s:0:\"\";s:29:\"page_title_bar_custom_heading\";s:0:\"\";s:14:\"page_sidebar_1\";s:7:\"default\";s:14:\"page_sidebar_2\";s:7:\"default\";s:21:\"page_sidebar_position\";s:7:\"default\";s:17:\"revolution_slider\";s:0:\"\";s:15:\"slider_position\";s:5:\"below\";s:13:\"footer_enable\";s:0:\"\";}\";"],"_sku":["NRT010"],"total_sales":["9"],"_tax_status":["taxable"],"_manage_stock":["yes"],"_backorders":["no"],"_sold_individually":["no"],"_virtual":["no"],"_downloadable":["no"],"_download_limit":["-1"],"_download_expiry":["-1"],"_stock":["10"],"_stock_status":["instock"],"_wc_average_rating":["4.00"],"_wc_review_count":["1"],"_product_version":["10.0.4"],"_product_image_gallery":["7146"],"_regular_price":["60"],"_price":["49"],"_wc_rating_count":["a:1:{i:4;i:1;}"],"_wp_old_date":["2020-04-16"],"woosw_count":["4"],"woosw_add":["1730965247"],"_tax_class":[""],"_edit_lock":["1737340559:1"],"_wp_old_slug":["stainless-steel-surgical-scissors"],"rs_page_bg_color":[""],"rank_math_focus_keyword":["Methyl CpG"],"rank_math_analytic_object_id":["117"],"rank_math_seo_score":["81"],"_admin_notes":[""],"_custom_product_field":[""],"rank_math_primary_product_cat":["127"],"rank_math_primary_product_brand":["0"],"site-sidebar-layout":["default"],"ast-site-content-layout":["default"],"site-content-style":["default"],"site-sidebar-style":["default"],"theme-transparent-header-meta":["default"],"stick-header-meta":["default"],"_wc_gla_visibility":["dont-sync-and-show"],"fb_product_item_id":["9062096183855596"],"_global_unique_id":["10888621913346"],"_wc_facebook_sync_enabled":["yes"],"fb_visibility":["yes"],"fb_product_description":[""],"_wc_facebook_product_image_source":["product"],"_wc_facebook_enhanced_catalog_attributes_capacity":[""],"_wc_facebook_enhanced_catalog_attributes_age_group":[""],"_wc_facebook_enhanced_catalog_attributes_gender":[""],"_wc_facebook_enhanced_catalog_attributes_ingredients":[""],"_wc_facebook_enhanced_catalog_attributes_health_concern":[""],"_wc_facebook_enhanced_catalog_attributes_pattern":[""],"_wc_facebook_enhanced_catalog_attributes_power_type":[""],"_wc_facebook_enhanced_catalog_attributes_product_form":[""],"_wc_facebook_enhanced_catalog_attributes_result_time":[""],"_wc_facebook_enhanced_catalog_attributes_scent":[""],"_wc_facebook_enhanced_catalog_attributes_absorbency":[""],"_wc_facebook_enhanced_catalog_attributes_material":[""],"_wc_facebook_enhanced_catalog_attributes_serving_size":[""],"_wc_facebook_enhanced_catalog_attributes_size":[""],"_wc_facebook_enhanced_catalog_attributes_skin_care_concern":[""],"_wc_facebook_enhanced_catalog_attributes_skin_type":[""],"_wc_facebook_enhanced_catalog_attributes_spf_value":[""],"_wc_facebook_enhanced_catalog_attributes_standard_features":[""],"_wc_facebook_enhanced_catalog_attributes_stop_use_indications":[""],"_wc_facebook_enhanced_catalog_attributes_package_quantity":[""],"_wc_facebook_enhanced_catalog_attributes_lens_material":[""],"_wc_facebook_enhanced_catalog_attributes_lens_type":[""],"_wc_facebook_enhanced_catalog_attributes_lens_tint":[""],"_wc_facebook_enhanced_catalog_attributes_keywords":[""],"_wc_facebook_enhanced_catalog_attributes_is_powered":[""],"_wc_facebook_enhanced_catalog_attributes_instructions":[""],"_wc_facebook_enhanced_catalog_attributes_ingredients_composition":[""],"_wc_facebook_enhanced_catalog_attributes_inactive_ingredients":[""],"_wc_facebook_enhanced_catalog_attributes_flavor":[""],"_wc_facebook_enhanced_catalog_attributes_eyewear_rim":[""],"_wc_facebook_enhanced_catalog_attributes_dosage":[""],"_wc_facebook_enhanced_catalog_attributes_color":[""],"_wc_facebook_enhanced_catalog_attributes_brand":[""],"_wc_facebook_enhanced_catalog_attributes_body_part":[""],"_wc_facebook_enhanced_catalog_attributes_batteries_required":[""],"_wc_facebook_enhanced_catalog_attributes_u_v_rating":[""],"_wc_facebook_commerce_enabled":["no"],"rank_math_primary_fb_product_set":["0"],"classic-editor-remember":["classic-editor"],"_sale_price":["49"],"astra-migrate-meta-layouts":["set"],"wp_statistics_words_count":["562"],"wpil_sync_report3":["1"],"wpil_links_inbound_internal_count":["0"],"wpil_links_inbound_internal_count_data":["eJxLtDKwqq4FAAZPAf4="],"wpil_links_outbound_internal_count":["0"],"wpil_links_outbound_internal_count_data":["eJxLtDKwqq4FAAZPAf4="],"wpil_links_outbound_external_count":["0"],"wpil_links_outbound_external_count_data":["eJxLtDKwqq4FAAZPAf4="],"wpil_sync_report2_time":["2025-01-27T07:29:11+00:00"],"omnisend_last_sync":["2025-08-11T08:42:38+00:00"],"surerank_settings_general":["a:7:{s:9:\"separator\";s:1:\"-\";s:10:\"page_title\";s:21:\"%title% - %site_name%\";s:25:\"auto_generate_description\";b:1;s:16:\"page_description\";s:9:\"%excerpt%\";s:16:\"auto_description\";s:154:\"Methyl CpG is a comprehensive formula that includes targeted amounts of five key nutrients designed to support methylation and homocysteine balance in the\";s:14:\"fallback_image\";s:0:\"\";s:13:\"canonical_url\";s:43:\"https:\/\/pophaw.com\/product\/methyl-cpg-60ct\/\";}"],"surerank_settings_post_no_index":["no"],"surerank_settings_post_no_follow":["no"],"surerank_settings_post_no_archive":["no"],"surerank_settings_social":["a:23:{s:15:\"open_graph_tags\";b:1;s:18:\"facebook_meta_tags\";b:1;s:17:\"twitter_meta_tags\";b:1;s:16:\"oembeded_scripts\";b:1;s:17:\"oembeded_og_title\";b:1;s:22:\"oembeded_social_images\";b:1;s:27:\"oembeded_remove_author_name\";b:1;s:17:\"facebook_page_url\";s:54:\"https:\/\/www.facebook.com\/profile.php?id=61571207938497\";s:24:\"facebook_author_fallback\";s:0:\"\";s:17:\"twitter_card_type\";s:19:\"summary_large_image\";s:24:\"twitter_same_as_facebook\";b:1;s:24:\"twitter_profile_username\";s:0:\"\";s:24:\"twitter_profile_fallback\";s:0:\"\";s:14:\"facebook_title\";s:21:\"%title% - %site_name%\";s:20:\"facebook_description\";s:9:\"%content%\";s:18:\"facebook_image_url\";s:65:\"https:\/\/pophaw.com\/wp-content\/uploads\/2019\/04\/Methyl-CpG-60ct.png\";s:17:\"facebook_image_id\";i:7145;s:20:\"facebook_image_width\";i:565;s:21:\"facebook_image_height\";i:565;s:13:\"twitter_title\";s:21:\"%title% - %site_name%\";s:19:\"twitter_description\";s:9:\"%content%\";s:17:\"twitter_image_url\";s:65:\"https:\/\/pophaw.com\/wp-content\/uploads\/2019\/04\/Methyl-CpG-60ct.png\";s:16:\"twitter_image_id\";i:7145;}"],"surerank_migration":["1"],"astra_style_timestamp_css":["1775199295"],"wwpp_product_wholesale_visibility_filter":["all"],"_uag_css_file_name":["uag-css-194.css"],"_uag_page_assets":["a:9:{s:3:\"css\";s:0:\"\";s:2:\"js\";s:0:\"\";s:18:\"current_block_list\";a:15:{i:0;s:23:\"surecart\/slide-out-cart\";i:1;s:30:\"surecart\/slide-out-cart-header\";i:2;s:29:\"surecart\/slide-out-cart-items\";i:3;s:30:\"surecart\/slide-out-cart-coupon\";i:4;s:32:\"surecart\/slide-out-cart-subtotal\";i:5;s:38:\"surecart\/slide-out-cart-bump-line-item\";i:6;s:30:\"surecart\/slide-out-cart-submit\";i:7;s:11:\"core\/search\";i:8;s:10:\"core\/group\";i:9;s:12:\"core\/heading\";i:10;s:17:\"core\/latest-posts\";i:11;s:20:\"core\/latest-comments\";i:12;s:13:\"core\/archives\";i:13;s:15:\"core\/categories\";i:14;s:14:\"core\/shortcode\";}s:8:\"uag_flag\";b:0;s:11:\"uag_version\";s:10:\"1775168599\";s:6:\"gfonts\";a:0:{}s:10:\"gfonts_url\";s:0:\"\";s:12:\"gfonts_files\";a:0:{}s:14:\"uag_faq_layout\";b:0;}"]},"uagb_featured_image_src":{"full":["https:\/\/pophaw.com\/wp-content\/uploads\/2019\/04\/Methyl-CpG-60ct.png",565,565,false],"thumbnail":["https:\/\/pophaw.com\/wp-content\/uploads\/2019\/04\/Methyl-CpG-60ct-150x150.png",150,150,true],"medium":["https:\/\/pophaw.com\/wp-content\/uploads\/2019\/04\/Methyl-CpG-60ct-300x300.png",300,300,true],"medium_large":["https:\/\/pophaw.com\/wp-content\/uploads\/2019\/04\/Methyl-CpG-60ct.png",565,565,false],"large":["https:\/\/pophaw.com\/wp-content\/uploads\/2019\/04\/Methyl-CpG-60ct.png",565,565,false],"ryviu-small":["https:\/\/pophaw.com\/wp-content\/uploads\/2019\/04\/Methyl-CpG-60ct.png",40,40,false],"ryviu-medium":["https:\/\/pophaw.com\/wp-content\/uploads\/2019\/04\/Methyl-CpG-60ct.png",132,132,false],"1536x1536":["https:\/\/pophaw.com\/wp-content\/uploads\/2019\/04\/Methyl-CpG-60ct.png",565,565,false],"2048x2048":["https:\/\/pophaw.com\/wp-content\/uploads\/2019\/04\/Methyl-CpG-60ct.png",565,565,false],"trp-custom-language-flag":["https:\/\/pophaw.com\/wp-content\/uploads\/2019\/04\/Methyl-CpG-60ct.png",12,12,false],"woocommerce_thumbnail":["https:\/\/pophaw.com\/wp-content\/uploads\/2019\/04\/Methyl-CpG-60ct-300x300.png",300,300,true],"woocommerce_single":["https:\/\/pophaw.com\/wp-content\/uploads\/2019\/04\/Methyl-CpG-60ct.png",565,565,false],"woocommerce_gallery_thumbnail":["https:\/\/pophaw.com\/wp-content\/uploads\/2019\/04\/Methyl-CpG-60ct-100x100.png",100,100,true]},"uagb_author_info":{"display_name":"Dr. Rowan","author_link":"https:\/\/pophaw.com\/es\/author\/"},"uagb_comment_info":1,"uagb_excerpt":"Methyl CpG is a comprehensive formula that includes targeted amounts of five key nutrients designed to support methylation and homocysteine balance in the body.","_links":{"self":[{"href":"https:\/\/pophaw.com\/es\/wp-json\/wp\/v2\/product\/194","targetHints":{"allow":["GET"]}}],"collection":[{"href":"https:\/\/pophaw.com\/es\/wp-json\/wp\/v2\/product"}],"about":[{"href":"https:\/\/pophaw.com\/es\/wp-json\/wp\/v2\/types\/product"}],"wp:featuredmedia":[{"embeddable":true,"href":"https:\/\/pophaw.com\/es\/wp-json\/wp\/v2\/media\/7145"}],"wp:attachment":[{"href":"https:\/\/pophaw.com\/es\/wp-json\/wp\/v2\/media?parent=194"}],"wp:term":[{"taxonomy":"product_brand","embeddable":true,"href":"https:\/\/pophaw.com\/es\/wp-json\/wp\/v2\/product_brand?post=194"},{"taxonomy":"product_cat","embeddable":true,"href":"https:\/\/pophaw.com\/es\/wp-json\/wp\/v2\/product_cat?post=194"},{"taxonomy":"product_tag","embeddable":true,"href":"https:\/\/pophaw.com\/es\/wp-json\/wp\/v2\/product_tag?post=194"}],"curies":[{"name":"wp","href":"https:\/\/api.w.org\/{rel}","templated":true}]}}