{"id":2206,"date":"2019-12-01T13:54:46","date_gmt":"2019-12-01T13:54:46","guid":{"rendered":"https:\/\/pophaw.com\/product\/philips-respironics-innospire-essence-compressor\/"},"modified":"2025-01-04T03:37:52","modified_gmt":"2025-01-04T11:37:52","slug":"sinus-forte-60-comprimidos","status":"publish","type":"product","link":"https:\/\/pophaw.com\/es\/producto\/sinus-forte-60-comprimidos\/","title":{"rendered":"Sinus Forte 60 Comprimidos"},"content":{"rendered":"<div>\n<p><span style=\"font-family: arial, helvetica, sans-serif; color: #000000;\">Sinus Forte contiene Eufrasia, Vara de Oro, Equin\u00e1cea, Sello de Oro y Cayena para favorecer la salud de la nariz, los senos paranasales y las membranas mucosas de las v\u00edas respiratorias superiores.<\/span><span style=\"font-family: arial, helvetica, sans-serif; color: #000000;\">Estas hierbas se han utilizado tradicionalmente en preparados a base de plantas para:<\/span><\/p>\n<ul>\n<li><span style=\"font-family: arial, helvetica, sans-serif; color: #000000;\">Mantiene una secreci\u00f3n mucosa sana y normal en las fosas nasales*.<\/span><\/li>\n<li><span style=\"font-family: arial, helvetica, sans-serif; color: #000000;\">Favorece la salud de las membranas mucosas (especialmente de la nariz y los senos paranasales)*.<\/span><\/li>\n<li><span style=\"font-family: arial, helvetica, sans-serif; color: #000000;\">Ayuda a mantener las v\u00edas respiratorias sanas para favorecer una respiraci\u00f3n normal*.<\/span><\/li>\n<li><span style=\"font-family: arial, helvetica, sans-serif; color: #000000;\">Favorece la salud ocular externa*.<\/span><\/li>\n<\/ul>\n<p><span style=\"font-family: arial, helvetica, sans-serif; color: #000000;\">Las cinco potentes hierbas de Sinus Forte contienen gluc\u00f3sidos iridoides (especialmente aucubina), saponinas, flavonoides, lactonas diterpenoides, derivados del \u00e1cido cafeico (especialmente \u00e1cido c\u00edtrico), alquilamidas, alcaloides (especialmente hidrastina y berberina), principios picantes (especialmente capsaicina), carotenoides y otros compuestos.<\/span><\/p>\n<p>&nbsp;<\/p>\n<h3><span style=\"font-family: arial, helvetica, sans-serif; color: #000000;\">Historia de calidad del Sello de Oro<\/span><\/h3>\n<p align=\"center\"><span style=\"font-family: arial, helvetica, sans-serif; color: #000000;\"><img decoding=\"async\" class=\"fr-fic fr-dii\" src=\"https:\/\/www.standardprocess.com\/files\/images\/products\/Sinus-Forte\/golden-seal-story-chart.jpg\" alt=\"\"><\/span><\/p>\n<p><span style=\"font-family: arial, helvetica, sans-serif; color: #000000;\">Sello de oro (<em>Hydrastis canadensis<\/em>) es una hierba en peligro de extinci\u00f3n, por lo que es muy cara y a menudo se sustituye por otras hierbas.<\/span><\/p>\n<p><span style=\"font-family: arial, helvetica, sans-serif; color: #000000;\">Las hierbas sustituidas suelen contener la sustancia berberina, que proporciona el color amarillo, pero no contienen hidrastina, que es exclusiva del sello dorado. S\u00f3lo la HPLC permite hacer esta diferenciaci\u00f3n. MediHerb s\u00f3lo compra Golden Seal cultivado para garantizar la sostenibilidad a largo plazo de la hierba. MediHerb analiza cada lote de materia prima y producto acabado de sello dorado para garantizar la presencia de los niveles declarados de hidrastina y berberina. Mediante HPLC, MediHerb puede diferenciar claramente el verdadero sello dorado de otras hierbas que contienen berberina. La tabla muestra la diferencia entre las distintas especies que contienen berberina. El trazo superior es un ejemplo de sustituci\u00f3n en el que un producto profesional que se vende en Australia como sello dorado indio coincide con el trazo de\u00a0<em>Coptis chinensis<\/em>.<\/span><\/p>\n<h3><span style=\"font-family: arial, helvetica, sans-serif; color: #000000;\">Historia de la calidad de la equin\u00e1cea<\/span><\/h3>\n<h4><span style=\"font-family: arial, helvetica, sans-serif; color: #000000;\">Los componentes importantes<\/span><\/h4>\n<p><span style=\"font-family: arial, helvetica, sans-serif; color: #000000;\">La equin\u00e1cea es la hierba m\u00e1s utilizada y la m\u00e1s incomprendida. Durante muchos a\u00f1os, MediHerb ha invertido mucho en la investigaci\u00f3n de la equin\u00e1cea para identificar los marcadores de calidad que son importantes para el uso cl\u00ednico. Muchos fabricantes suelen utilizar los niveles de \u00e9steres de \u00e1cidos fen\u00f3licos, como el equinac\u00f3sido, como compuestos marcadores o indicadores de la calidad de la equin\u00e1cea. Sin embargo, ensayos recientes han puesto de relieve la importancia de las alquilamidas para la eficacia cl\u00ednica, por lo que es importante que los productos de calidad se caractericen tambi\u00e9n por estos fitoqu\u00edmicos. Esto ha llevado a la incorporaci\u00f3n de una especificaci\u00f3n y una metodolog\u00eda de prueba anal\u00edtica para los productos de Echinacea en el proyecto de monograf\u00eda USP26-NF21, que se centra en las alquilamidas probadas mediante HPLC y detecci\u00f3n DAD. Las alquilamidas analizadas son las alquilamidas 2,4-dieno y las alquilamidas 2-eno.<\/span><\/p>\n<p><span style=\"font-family: arial, helvetica, sans-serif; color: #000000;\">Este m\u00e9todo ha sido adoptado por MediHerb y las alquilamidas se determinan como alquilamidas de 2,4-dieno y alquilamidas de 2-eno. Los 2-enos son caracter\u00edsticos de\u00a0<em>Equin\u00e1cea angustifolia<\/em>\u00a0y no se encuentran en las otras especies. Los 2,4-dienos se encuentran tanto en\u00a0<em>E. purpurea<\/em>\u00a0y\u00a0<em>E. angustifolia<\/em>\u00a0y estos fitoqu\u00edmicos son los responsables de la intensa sensaci\u00f3n de hormigueo en la boca al degustar productos de Echinacea de buena calidad.<\/span><\/p>\n<p><span style=\"font-family: arial, helvetica, sans-serif; color: #000000;\">Los \u00e1cidos fen\u00f3licos se determinan como los niveles de \u00e1cido caft\u00e1rico, equinac\u00f3sido y \u00e1cido c\u00edtrico; el equinac\u00f3sido es t\u00edpico del\u00a0<em>E. angustifolia<\/em>\u00a0y\u00a0<em>E. pallida<\/em>\u00a0y no se encuentra en\u00a0<em>E. purpurea<\/em>. El \u00e1cido clorh\u00eddrico no se encuentra en\u00a0<em>E. angustifolia<\/em>\u00a0ra\u00edz, pero se encuentra en las partes a\u00e9reas de todas las especies y, caracter\u00edsticamente, en la ra\u00edz de\u00a0<em>E. purpurea<\/em>.<\/span><\/p>\n<p><span style=\"font-family: arial, helvetica, sans-serif; color: #000000;\">Los productos MediHerb se cuantifican para contener un nivel m\u00ednimo de alquilamidas por el m\u00e9todo HPLC USP26-NF21, los niveles de \u00e1cidos fen\u00f3licos se miden s\u00f3lo a t\u00edtulo informativo y se utilizan para confirmar la identidad del producto y la ausencia de contaminaci\u00f3n por otras especies de Echinacea.<\/span><\/p>\n<h3><span style=\"font-family: arial, helvetica, sans-serif; color: #000000;\">La diferencia de MediHerb<\/span><\/h3>\n<p><span style=\"font-family: arial, helvetica, sans-serif; color: #000000;\">MediHerb ha desarrollado conocimientos especializados en la fabricaci\u00f3n y ensayo de productos de Equin\u00e1cea durante los \u00faltimos 20 a\u00f1os. Esto incluye un estudio de doctorado, un amplio desarrollo de m\u00e9todos anal\u00edticos, el establecimiento de protocolos \u00f3ptimos de recolecci\u00f3n, secado y almacenamiento para maximizar la retenci\u00f3n de activos y un ensayo cl\u00ednico exitoso.<\/span><\/p>\n<\/div>\n<hr \/>\n<div>\n<p><span style=\"font-family: arial, helvetica, sans-serif; color: #000000;\"><strong>Uso recomendado:<\/strong><\/span><\/p>\n<p><span style=\"font-family: arial, helvetica, sans-serif; color: #000000;\">1 comprimido de 3 a 4 veces al d\u00eda, o seguir prescripci\u00f3n m\u00e9dica.<\/span><\/p>\n<p>&nbsp;<\/p>\n<p><span style=\"font-family: arial, helvetica, sans-serif; color: #000000;\"><strong id=\"isPasted\">Precauci\u00f3n:<\/strong>\u00a0Contraindicado en el embarazo y la lactancia. Contraindicado en alergia conocida a Golden Rod. Para otras contraindicaciones y precauciones consulte a su profesional de la salud. Mantener fuera del alcance de los ni\u00f1os. Cons\u00e9rvese en lugar fresco y seco, protegido de la luz solar directa.<\/span><\/p>\n<\/div>\n<hr \/>\n<div>\n<h4><span style=\"font-family: arial, helvetica, sans-serif; color: #000000;\">Nutrientes e ingredientes<\/span><\/h4>\n<p>&nbsp;<\/p>\n<p><span style=\"font-family: arial, helvetica, sans-serif; color: #000000;\">Cada dosis (1 comprimido) contiene: Hierba eufrasia 4:1 extracto 162. 5 mg (de\u00a0<em id=\"isPasted\">Eufrasia officinalis\u00a0<\/em>650 mg), extracto 4:1 de hierba Golden Rod 162,5 mg (de\u00a0<em>Solidago virgaurea\u00a0<\/em>650 mg), extracto 4:1 de ra\u00edz de Echinacea 92,5 mg (de\u00a0<em>Equin\u00e1cea purp\u00farea\u00a0<\/em>370 mg), extracto de ra\u00edz y rizoma de foca dorada 1,8:1 69,5 mg (de\u00a0<em>Hydrastis canadensis\u00a0<\/em>ra\u00edz y rizoma 125 mg), extracto 3:1 de cayena 3,33 mg (de\u00a0<em>Capsicum annuum\u00a0<\/em>fruta 10 mg). Otros ingredientes: Celulosa microcristalina, maltodextrina, fosfato c\u00e1lcico dib\u00e1sico dihidrato, croscarmelosa s\u00f3dica, almid\u00f3n glicolato s\u00f3dico, di\u00f3xido de silicio, estearato de magnesio e hipromelosa.<\/span><\/p>\n<\/div>\n<hr \/>\n<div>\n<p><span style=\"font-family: arial, helvetica, sans-serif; color: #000000;\">Para otras contraindicaciones y precauciones, consulte el\u00a0<a style=\"color: #000000;\" href=\"https:\/\/my.standardprocess.com\/MediHerb-Document-Library\/Catalog-Files\/herb-drug-interaction-chart.pdf\" target=\"_blank\" rel=\"noopener\">Cuadro de posibles interacciones entre hierbas y medicamentos<\/a>.<\/span><\/p>\n<p><span style=\"font-family: arial, helvetica, sans-serif; color: #000000;\">Consulte la etiqueta del producto para obtener la informaci\u00f3n m\u00e1s precisa.<\/span><\/p>\n<p><span style=\"font-family: arial, helvetica, sans-serif; color: #000000;\">*Estas afirmaciones no han sido evaluadas por la Food and Drug Administration. Estos productos no est\u00e1n destinados a diagnosticar, tratar, curar o prevenir ninguna enfermedad.<\/span><\/p>\n<\/div>","protected":false},"excerpt":{"rendered":"<p>Favorece la salud de la nariz, los senos paranasales y las membranas mucosas de las v\u00edas respiratorias superiores.<\/p>","protected":false},"featured_media":7568,"template":"","meta":{"bwfblock_default_font":"","_uag_custom_page_level_css":"","site-sidebar-layout":"default","site-content-layout":"","ast-site-content-layout":"default","site-content-style":"default","site-sidebar-style":"default","ast-global-header-display":"","ast-banner-title-visibility":"","ast-main-header-display":"","ast-hfb-above-header-display":"","ast-hfb-below-header-display":"","ast-hfb-mobile-header-display":"","site-post-title":"","ast-breadcrumbs-content":"","ast-featured-img":"","footer-sml-layout":"","ast-disable-related-posts":"","theme-transparent-header-meta":"default","adv-header-id-meta":"","stick-header-meta":"default","header-above-stick-meta":"","header-main-stick-meta":"","header-below-stick-meta":"","astra-migrate-meta-layouts":"set","ast-page-background-enabled":"default","ast-page-background-meta":{"desktop":{"background-color":"","background-image":"","background-repeat":"repeat","background-position":"center center","background-size":"auto","background-attachment":"scroll","background-type":"","background-media":"","overlay-type":"","overlay-color":"","overlay-opacity":"","overlay-gradient":""},"tablet":{"background-color":"","background-image":"","background-repeat":"repeat","background-position":"center center","background-size":"auto","background-attachment":"scroll","background-type":"","background-media":"","overlay-type":"","overlay-color":"","overlay-opacity":"","overlay-gradient":""},"mobile":{"background-color":"","background-image":"","background-repeat":"repeat","background-position":"center center","background-size":"auto","background-attachment":"scroll","background-type":"","background-media":"","overlay-type":"","overlay-color":"","overlay-opacity":"","overlay-gradient":""}},"ast-content-background-meta":{"desktop":{"background-color":"var(--ast-global-color-5)","background-image":"","background-repeat":"repeat","background-position":"center center","background-size":"auto","background-attachment":"scroll","background-type":"","background-media":"","overlay-type":"","overlay-color":"","overlay-opacity":"","overlay-gradient":""},"tablet":{"background-color":"var(--ast-global-color-5)","background-image":"","background-repeat":"repeat","background-position":"center center","background-size":"auto","background-attachment":"scroll","background-type":"","background-media":"","overlay-type":"","overlay-color":"","overlay-opacity":"","overlay-gradient":""},"mobile":{"background-color":"var(--ast-global-color-5)","background-image":"","background-repeat":"repeat","background-position":"center center","background-size":"auto","background-attachment":"scroll","background-type":"","background-media":"","overlay-type":"","overlay-color":"","overlay-opacity":"","overlay-gradient":""}}},"product_brand":[108],"product_cat":[127],"product_tag":[],"class_list":{"0":"post-2206","1":"product","2":"type-product","3":"status-publish","4":"has-post-thumbnail","6":"product_brand-mediherb","7":"product_cat-dietary-supplements","8":"desktop-align-center","9":"tablet-align-center","10":"mobile-align-center","11":"ast-product-gallery-layout-horizontal-slider","12":"ast-magnify-disabled","13":"ast-product-tabs-layout-horizontal","15":"first","16":"instock","17":"shipping-taxable","18":"purchasable","19":"product-type-simple"},"spectra_custom_meta":{"_sku":["NRT033"],"_regular_price":["81.99"],"_tax_status":["taxable"],"_manage_stock":["no"],"_backorders":["no"],"_sold_individually":["no"],"_virtual":["no"],"_downloadable":["no"],"_download_limit":["-1"],"_download_expiry":["-1"],"_thumbnail_id":["7568"],"_stock_status":["instock"],"_product_version":["9.5.1"],"_price":["81.99"],"insight_product_options":["s:1358:\"a:38:{s:27:\"single_product_layout_style\";s:0:\"\";s:11:\"site_layout\";s:0:\"\";s:10:\"site_width\";s:0:\"\";s:16:\"site_top_spacing\";s:0:\"\";s:19:\"site_bottom_spacing\";s:0:\"\";s:10:\"site_class\";s:0:\"\";s:21:\"site_background_color\";s:0:\"\";s:21:\"site_background_image\";s:0:\"\";s:22:\"site_background_repeat\";s:9:\"no-repeat\";s:26:\"site_background_attachment\";s:0:\"\";s:24:\"site_background_position\";s:0:\"\";s:20:\"site_background_size\";s:0:\"\";s:24:\"content_background_color\";s:0:\"\";s:24:\"content_background_image\";s:0:\"\";s:25:\"content_background_repeat\";s:9:\"no-repeat\";s:27:\"content_background_position\";s:0:\"\";s:12:\"top_bar_type\";s:0:\"\";s:11:\"header_type\";s:0:\"\";s:14:\"header_overlay\";s:0:\"\";s:11:\"header_skin\";s:0:\"\";s:12:\"menu_display\";s:0:\"\";s:13:\"menu_one_page\";s:1:\"0\";s:16:\"custom_dark_logo\";s:0:\"\";s:17:\"custom_light_logo\";s:0:\"\";s:17:\"custom_logo_width\";s:0:\"\";s:24:\"custom_sticky_logo_width\";s:0:\"\";s:21:\"page_title_bar_layout\";s:0:\"\";s:29:\"page_title_bar_bottom_spacing\";s:0:\"\";s:31:\"page_title_bar_background_color\";s:0:\"\";s:25:\"page_title_bar_background\";s:0:\"\";s:33:\"page_title_bar_background_overlay\";s:0:\"\";s:29:\"page_title_bar_custom_heading\";s:0:\"\";s:14:\"page_sidebar_1\";s:7:\"default\";s:14:\"page_sidebar_2\";s:7:\"default\";s:21:\"page_sidebar_position\";s:7:\"default\";s:17:\"revolution_slider\";s:0:\"\";s:15:\"slider_position\";s:5:\"below\";s:13:\"footer_enable\";s:0:\"\";}\";"],"woosw_count":["3"],"woosw_add":["1610691590"],"_edit_last":["1"],"_wp_old_date":["2020-12-01"],"_edit_lock":["1735990696:1"],"_wp_old_slug":["philips-respironics-innospire-essence-compressor"],"total_sales":["1"],"_tax_class":[""],"_stock":[null],"_wc_average_rating":["0"],"_wc_review_count":["0"],"_product_image_gallery":["7574"],"rs_page_bg_color":[""],"rank_math_focus_keyword":["Sinus Forte"],"rank_math_analytic_object_id":["79"],"rank_math_seo_score":["81"],"rank_math_description":["Sinus Forte contains Eyebright, Golden Rod, Echinacea, Golden Seal and Cayenne to support the nose, sinuses and healthy upper respiratory mucous membranes."],"_admin_notes":[""],"_custom_product_field":[""],"rank_math_primary_product_cat":["0"],"rank_math_primary_product_brand":["0"],"site-sidebar-layout":["default"],"ast-site-content-layout":["default"],"site-content-style":["default"],"site-sidebar-style":["default"],"theme-transparent-header-meta":["default"],"stick-header-meta":["default"],"_wc_gla_visibility":["dont-sync-and-show"],"_global_unique_id":["10888621913728"],"_wc_facebook_sync_enabled":["yes"],"fb_visibility":["yes"],"fb_product_description":[""],"_wc_facebook_product_image_source":["product"],"_wc_facebook_enhanced_catalog_attributes_capacity":[""],"_wc_facebook_enhanced_catalog_attributes_age_group":[""],"_wc_facebook_enhanced_catalog_attributes_gender":[""],"_wc_facebook_enhanced_catalog_attributes_ingredients":[""],"_wc_facebook_enhanced_catalog_attributes_health_concern":[""],"_wc_facebook_enhanced_catalog_attributes_pattern":[""],"_wc_facebook_enhanced_catalog_attributes_power_type":[""],"_wc_facebook_enhanced_catalog_attributes_product_form":[""],"_wc_facebook_enhanced_catalog_attributes_result_time":[""],"_wc_facebook_enhanced_catalog_attributes_scent":[""],"_wc_facebook_enhanced_catalog_attributes_absorbency":[""],"_wc_facebook_enhanced_catalog_attributes_material":[""],"_wc_facebook_enhanced_catalog_attributes_serving_size":[""],"_wc_facebook_enhanced_catalog_attributes_size":[""],"_wc_facebook_enhanced_catalog_attributes_skin_care_concern":[""],"_wc_facebook_enhanced_catalog_attributes_skin_type":[""],"_wc_facebook_enhanced_catalog_attributes_spf_value":[""],"_wc_facebook_enhanced_catalog_attributes_standard_features":[""],"_wc_facebook_enhanced_catalog_attributes_stop_use_indications":[""],"_wc_facebook_enhanced_catalog_attributes_package_quantity":[""],"_wc_facebook_enhanced_catalog_attributes_lens_material":[""],"_wc_facebook_enhanced_catalog_attributes_lens_type":[""],"_wc_facebook_enhanced_catalog_attributes_lens_tint":[""],"_wc_facebook_enhanced_catalog_attributes_keywords":[""],"_wc_facebook_enhanced_catalog_attributes_is_powered":[""],"_wc_facebook_enhanced_catalog_attributes_instructions":[""],"_wc_facebook_enhanced_catalog_attributes_ingredients_composition":[""],"_wc_facebook_enhanced_catalog_attributes_inactive_ingredients":[""],"_wc_facebook_enhanced_catalog_attributes_flavor":[""],"_wc_facebook_enhanced_catalog_attributes_eyewear_rim":[""],"_wc_facebook_enhanced_catalog_attributes_dosage":[""],"_wc_facebook_enhanced_catalog_attributes_color":[""],"_wc_facebook_enhanced_catalog_attributes_brand":[""],"_wc_facebook_enhanced_catalog_attributes_body_part":[""],"_wc_facebook_enhanced_catalog_attributes_batteries_required":[""],"_wc_facebook_enhanced_catalog_attributes_u_v_rating":[""],"_wc_facebook_commerce_enabled":["no"],"rank_math_primary_fb_product_set":["0"],"astra-migrate-meta-layouts":["set"],"wpil_sync_report3":["1"],"wpil_links_inbound_internal_count":["0"],"wpil_links_inbound_internal_count_data":["eJxLtDKwqq4FAAZPAf4="],"wpil_links_outbound_internal_count":["0"],"wpil_links_outbound_internal_count_data":["eJxLtDKwqq4FAAZPAf4="],"wpil_links_outbound_external_count":["1"],"wpil_links_outbound_external_count_data":["eJxtkU9PwzAMxb\/KlHvXteOfvOMQAmkDbhwjNwlttDSpElcwTfvuON2AIXGLnWe\/X14QKjhYWKxeoLoG8TZYJ7dBGyc31u8EVEs4JLgF4biUVotVFidYghijE3yqFjWIjmhIUJb9fp4IvcaohxiUSWmuQl9ujbaPJjbFfVBjbzwVG9tEjPtyjYQutMWDdSaVXdboOLaF9WQiKrLBF6rDSPNBv2e7KzYLifKxZuP\/DfPtHYhpiUfGbCZonh2m2WcubkCgV12IWbxk9WsgJrPoZidUxpg9\/WKk2TpzTE\/mpFBro2Wzl4MbW+u\/LXiPCwrzQFZycCr4vHcCXpxz\/OhsGkyUKhok8xNqVTFzkjhSyLLLNjHFzvr24gtyuw96dEb+Uddnk8n4k0794\/ELEnikpQ=="],"wpil_sync_report2_time":["2025-01-27T07:29:11+00:00"],"omnisend_last_sync":["2025-05-16T11:05:10+00:00"],"surerank_settings_general":["a:7:{s:9:\"separator\";s:1:\"-\";s:10:\"page_title\";s:21:\"%title% - %site_name%\";s:25:\"auto_generate_description\";b:1;s:16:\"page_description\";s:155:\"Sinus Forte contains Eyebright, Golden Rod, Echinacea, Golden Seal and Cayenne to support the nose, sinuses and healthy upper respiratory mucous membranes.\";s:16:\"auto_description\";s:144:\"Sinus Forte contains Eyebright, Golden Rod, Echinacea, Golden Seal and Cayenne to support the nose, sinuses and healthy upper respiratory mucous\";s:14:\"fallback_image\";s:0:\"\";s:13:\"canonical_url\";s:50:\"https:\/\/pophaw.com\/product\/sinus-forte-60-tablets\/\";}"],"surerank_settings_post_no_index":["no"],"surerank_settings_post_no_follow":["no"],"surerank_settings_post_no_archive":["no"],"surerank_settings_social":["a:23:{s:15:\"open_graph_tags\";b:1;s:18:\"facebook_meta_tags\";b:1;s:17:\"twitter_meta_tags\";b:1;s:16:\"oembeded_scripts\";b:1;s:17:\"oembeded_og_title\";b:1;s:22:\"oembeded_social_images\";b:1;s:27:\"oembeded_remove_author_name\";b:1;s:17:\"facebook_page_url\";s:54:\"https:\/\/www.facebook.com\/profile.php?id=61571207938497\";s:24:\"facebook_author_fallback\";s:0:\"\";s:17:\"twitter_card_type\";s:19:\"summary_large_image\";s:24:\"twitter_same_as_facebook\";b:1;s:24:\"twitter_profile_username\";s:0:\"\";s:24:\"twitter_profile_fallback\";s:0:\"\";s:14:\"facebook_title\";s:21:\"%title% - %site_name%\";s:20:\"facebook_description\";s:9:\"%content%\";s:18:\"facebook_image_url\";s:74:\"https:\/\/pophaw.com\/wp-content\/uploads\/2019\/12\/Sinus-Forte-60-Tablets-1.png\";s:17:\"facebook_image_id\";i:7568;s:20:\"facebook_image_width\";i:1264;s:21:\"facebook_image_height\";i:1264;s:13:\"twitter_title\";s:21:\"%title% - %site_name%\";s:19:\"twitter_description\";s:9:\"%content%\";s:17:\"twitter_image_url\";s:74:\"https:\/\/pophaw.com\/wp-content\/uploads\/2019\/12\/Sinus-Forte-60-Tablets-1.png\";s:16:\"twitter_image_id\";i:7568;}"],"surerank_migration":["1"],"astra_style_timestamp_css":["1776903782"],"wwpp_product_wholesale_visibility_filter":["all"],"_uag_css_file_name":["uag-css-2206.css"],"rank_math_internal_links_processed":["1"],"_uag_page_assets":["a:9:{s:3:\"css\";s:0:\"\";s:2:\"js\";s:0:\"\";s:18:\"current_block_list\";a:15:{i:0;s:23:\"surecart\/slide-out-cart\";i:1;s:30:\"surecart\/slide-out-cart-header\";i:2;s:29:\"surecart\/slide-out-cart-items\";i:3;s:30:\"surecart\/slide-out-cart-coupon\";i:4;s:32:\"surecart\/slide-out-cart-subtotal\";i:5;s:38:\"surecart\/slide-out-cart-bump-line-item\";i:6;s:30:\"surecart\/slide-out-cart-submit\";i:7;s:11:\"core\/search\";i:8;s:10:\"core\/group\";i:9;s:12:\"core\/heading\";i:10;s:17:\"core\/latest-posts\";i:11;s:20:\"core\/latest-comments\";i:12;s:13:\"core\/archives\";i:13;s:15:\"core\/categories\";i:14;s:14:\"core\/shortcode\";}s:8:\"uag_flag\";b:0;s:11:\"uag_version\";s:10:\"1776869369\";s:6:\"gfonts\";a:0:{}s:10:\"gfonts_url\";s:0:\"\";s:12:\"gfonts_files\";a:0:{}s:14:\"uag_faq_layout\";b:0;}"]},"uagb_featured_image_src":{"full":["https:\/\/pophaw.com\/wp-content\/uploads\/2019\/12\/Sinus-Forte-60-Tablets-1.png",1264,1264,false],"thumbnail":["https:\/\/pophaw.com\/wp-content\/uploads\/2019\/12\/Sinus-Forte-60-Tablets-1-150x150.png",150,150,true],"medium":["https:\/\/pophaw.com\/wp-content\/uploads\/2019\/12\/Sinus-Forte-60-Tablets-1-300x300.png",300,300,true],"medium_large":["https:\/\/pophaw.com\/wp-content\/uploads\/2019\/12\/Sinus-Forte-60-Tablets-1-768x768.png",768,768,true],"large":["https:\/\/pophaw.com\/wp-content\/uploads\/2019\/12\/Sinus-Forte-60-Tablets-1-1024x1024.png",1024,1024,true],"ryviu-small":["https:\/\/pophaw.com\/wp-content\/uploads\/2019\/12\/Sinus-Forte-60-Tablets-1.png",40,40,false],"ryviu-medium":["https:\/\/pophaw.com\/wp-content\/uploads\/2019\/12\/Sinus-Forte-60-Tablets-1.png",132,132,false],"1536x1536":["https:\/\/pophaw.com\/wp-content\/uploads\/2019\/12\/Sinus-Forte-60-Tablets-1.png",1264,1264,false],"2048x2048":["https:\/\/pophaw.com\/wp-content\/uploads\/2019\/12\/Sinus-Forte-60-Tablets-1.png",1264,1264,false],"trp-custom-language-flag":["https:\/\/pophaw.com\/wp-content\/uploads\/2019\/12\/Sinus-Forte-60-Tablets-1.png",12,12,false],"woocommerce_thumbnail":["https:\/\/pophaw.com\/wp-content\/uploads\/2019\/12\/Sinus-Forte-60-Tablets-1-300x300.png",300,300,true],"woocommerce_single":["https:\/\/pophaw.com\/wp-content\/uploads\/2019\/12\/Sinus-Forte-60-Tablets-1-600x600.png",600,600,true],"woocommerce_gallery_thumbnail":["https:\/\/pophaw.com\/wp-content\/uploads\/2019\/12\/Sinus-Forte-60-Tablets-1-100x100.png",100,100,true]},"uagb_author_info":{"display_name":"Dr. Rowan","author_link":"https:\/\/pophaw.com\/es\/author\/"},"uagb_comment_info":0,"uagb_excerpt":"Support the nose, sinuses and healthy upper respiratory mucous membranes.","_links":{"self":[{"href":"https:\/\/pophaw.com\/es\/wp-json\/wp\/v2\/product\/2206","targetHints":{"allow":["GET"]}}],"collection":[{"href":"https:\/\/pophaw.com\/es\/wp-json\/wp\/v2\/product"}],"about":[{"href":"https:\/\/pophaw.com\/es\/wp-json\/wp\/v2\/types\/product"}],"wp:featuredmedia":[{"embeddable":true,"href":"https:\/\/pophaw.com\/es\/wp-json\/wp\/v2\/media\/7568"}],"wp:attachment":[{"href":"https:\/\/pophaw.com\/es\/wp-json\/wp\/v2\/media?parent=2206"}],"wp:term":[{"taxonomy":"product_brand","embeddable":true,"href":"https:\/\/pophaw.com\/es\/wp-json\/wp\/v2\/product_brand?post=2206"},{"taxonomy":"product_cat","embeddable":true,"href":"https:\/\/pophaw.com\/es\/wp-json\/wp\/v2\/product_cat?post=2206"},{"taxonomy":"product_tag","embeddable":true,"href":"https:\/\/pophaw.com\/es\/wp-json\/wp\/v2\/product_tag?post=2206"}],"curies":[{"name":"wp","href":"https:\/\/api.w.org\/{rel}","templated":true}]}}