{"id":225,"date":"2019-04-16T08:38:38","date_gmt":"2019-04-16T08:38:38","guid":{"rendered":"https:\/\/pophaw.com\/product\/search-lab-n95-face-mask\/"},"modified":"2025-02-13T02:46:28","modified_gmt":"2025-02-13T10:46:28","slug":"prostatrol-forte-60ct","status":"publish","type":"product","link":"https:\/\/pophaw.com\/es\/producto\/prostatrol-forte-60ct\/","title":{"rendered":"Prostatrol Forte 60ct"},"content":{"rendered":"<p><span style=\"font-family: arial, helvetica, sans-serif; color: #000000;\">Prostatrol Forte proporciona hierbas y oligoelementos que act\u00faan en sinergia para favorecer la funci\u00f3n saludable de la pr\u00f3stata. El extracto de palma enana americana, el extracto de ra\u00edz de ortiga y el extracto de corteza de pygeum favorecen la salud de la pr\u00f3stata, y su combinaci\u00f3n en una \u00fanica f\u00f3rmula crea un efecto sin\u00e9rgico.<\/span><\/p>\n<h3><span style=\"font-family: arial, helvetica, sans-serif; color: #000000;\">APLICACIONES CL\u00cdNICAS<\/span><\/h3>\n<ul>\n<li><span style=\"font-family: arial, helvetica, sans-serif; color: #000000;\">Favorece un flujo y una frecuencia urinarios sanos<\/span><\/li>\n<li><span style=\"font-family: arial, helvetica, sans-serif; color: #000000;\">Ayuda a mantener el equilibrio hormonal<\/span><\/li>\n<li><span style=\"font-family: arial, helvetica, sans-serif; color: #000000;\">Aporta nutrientes que favorecen la salud de la pr\u00f3stata<\/span><\/li>\n<\/ul>\n<h3><span style=\"font-family: arial, helvetica, sans-serif; color: #000000;\">VISI\u00d3N GENERAL<\/span><\/h3>\n<p><span style=\"font-family: arial, helvetica, sans-serif; color: #000000;\">El agrandamiento de la pr\u00f3stata puede afectar a varios factores de la salud masculina, como el flujo urinario y la salud general de la pr\u00f3stata. La testosterona, su potente metabolito la dihidrotestosterona (DHT) y el estr\u00f3geno son hormonas que afectan a la gl\u00e1ndula prost\u00e1tica. La testosterona se convierte en estr\u00f3geno a trav\u00e9s de la enzima aromatasa. Los niveles de aromatasa aumentan a medida que los hombres envejecen, con la consiguiente disminuci\u00f3n de los niveles de testosterona y el aumento de la producci\u00f3n de estr\u00f3genos. La testosterona tambi\u00e9n se convierte en su forma m\u00e1s potente, DHT, a trav\u00e9s de la enzima conocida como 5-alfa-reductasa. Se cree que la combinaci\u00f3n de un aumento de los niveles de estr\u00f3geno y de DHT es un factor clave en el agrandamiento de la pr\u00f3stata. En Prostatrol Forte se incluyen inhibidores naturales de la aromatasa y productos bot\u00e1nicos que evitan el aumento de los niveles de DHT y estr\u00f3geno para ayudar a mantener la salud del flujo urinario, el metabolismo hormonal y la salud general de la pr\u00f3stata.<\/span><br \/>\n<span style=\"font-family: arial, helvetica, sans-serif; color: #000000;\">Prostatrol Forte proporciona hierbas y oligoelementos que trabajan en sinergia para apoyar la funci\u00f3n saludable de la pr\u00f3stata. El extracto de palma enana americana, el extracto de ra\u00edz de ortiga y el extracto de corteza de pygeum favorecen la salud de la pr\u00f3stata de forma \u00fanica y trabajan juntos para favorecer un flujo urinario saludable, la frecuencia de la micci\u00f3n y mantener un ciclo equilibrado de inflamaci\u00f3n en la pr\u00f3stata.<\/span><br \/>\n<span style=\"font-family: arial, helvetica, sans-serif; color: #000000;\"><strong>Uso recomendado:<\/strong><\/span><br \/>\n<span style=\"font-family: arial, helvetica, sans-serif; color: #000000;\">1 c\u00e1psula al d\u00eda o seg\u00fan las recomendaciones de su m\u00e9dico.<\/span><\/p>\n<h3><span style=\"font-family: arial, helvetica, sans-serif; color: #000000;\">BENEFICIOS DE LOS INGREDIENTES<\/span><\/h3>\n<p><span style=\"font-family: arial, helvetica, sans-serif; color: #000000;\"><strong>Saw Palmetto<\/strong><\/span><br \/>\n<span style=\"font-family: arial, helvetica, sans-serif; color: #000000;\">El extracto liposoluble del fruto del \u00e1rbol de la palma enana americana, originario de Florida, ha sido ampliamente investigado por su capacidad para contribuir a la salud de la pr\u00f3stata. El mecanismo de acci\u00f3n de la palma enana americana incluye la inhibici\u00f3n de la enzima 5-\u03b1-reductasa y la interferencia con los receptores de estr\u00f3geno de la pr\u00f3stata. En un metaan\u00e1lisis de 18 ensayos controlados aleatorizados en los que participaron 2.939 hombres, la palma enana americana tuvo beneficios significativos, favoreciendo el flujo urinario normal, la frecuencia urinaria nocturna y la tasa de flujo urinario m\u00e1ximo. En un ensayo aleatorizado, doble ciego, de 6 meses de duraci\u00f3n con 1.098 pacientes, la palma enana americana favoreci\u00f3 la salud de la pr\u00f3stata, el flujo urinario m\u00e1ximo y la funci\u00f3n sexual.<\/span><br \/>\n<span style=\"font-family: arial, helvetica, sans-serif; color: #000000;\"><strong>Extracto de ra\u00edz de ortiga<\/strong><\/span><br \/>\n<span style=\"font-family: arial, helvetica, sans-serif; color: #000000;\">El extracto de ra\u00edz de ortiga es una planta perenne que crece en abundancia y se ha utilizado en la medicina tradicional de Europa y Asia. Se ha demostrado que varios compuestos activos de la ra\u00edz de ortiga, como los lignanos y los \u00e1cidos trihidroxioctadecenoicos, favorecen la salud de la pr\u00f3stata. Un ensayo doble ciego controlado con placebo demostr\u00f3 que la ra\u00edz de ortiga reduc\u00eda los niveles de globulina fijadora de hormonas sexuales (SHBG) en los hombres. La SHBG, una prote\u00edna producida principalmente en el h\u00edgado, sirve como transportador de estr\u00f3genos y testosterona a los receptores de hormonas sexuales de todo el cuerpo. Con el envejecimiento, los niveles de SHBG pueden aumentar, aunque la producci\u00f3n de hormonas siga disminuyendo. Los niveles elevados de SHBG atrapan la testosterona libre, creando cambios hormonales que afectan negativamente a la salud de la gl\u00e1ndula prost\u00e1tica. Adem\u00e1s de reducir los niveles de SHBG, se ha demostrado que la ra\u00edz de ortiga bloquea el receptor de SHBG, impidiendo un aumento de la actividad del receptor hormonal. Debido a su amplio espectro de efectos sobre el equilibrio hormonal y la salud de la pr\u00f3stata, el extracto de ra\u00edz de ortiga ayuda a mantener el crecimiento y tama\u00f1o normales de la pr\u00f3stata.<\/span><br \/>\n<span style=\"font-family: arial, helvetica, sans-serif; color: #000000;\"><strong>Corteza de pygeum<\/strong><\/span><br \/>\n<span style=\"font-family: arial, helvetica, sans-serif; color: #000000;\"><i>Pygeum africanum<\/i>\u00a0es un \u00e1rbol de hoja perenne originario de \u00c1frica, cuya corteza ha sido utilizada por los nativos para favorecer la salud urinaria. Se ha demostrado que el pygeum bloquea los precursores de andr\u00f3genos y que mantiene el tama\u00f1o normal de la pr\u00f3stata al inhibir los factores de crecimiento responsables del crecimiento de la pr\u00f3stata en los hombres. La corteza de pygeum tambi\u00e9n favorece una respuesta inflamatoria sana al inhibir la enzima lipoxigenasa. En un estudio de 85 pacientes a los que se administr\u00f3 50 mg de pygeum dos veces al d\u00eda durante dos meses, las puntuaciones de calidad de vida mejoraron y se demostr\u00f3 que la corteza de pygeum favorec\u00eda significativamente la frecuencia urinaria normal. Un ensayo de comparaci\u00f3n de dosis con 209 pacientes divididos en dos grupos, que recibieron 100 mg de extracto de corteza de pygeum una vez al d\u00eda o 50 mg dos veces al d\u00eda, mostr\u00f3 que ambos grupos ten\u00edan resultados positivos similares, manteniendo un flujo urinario saludable.<\/span><br \/>\n<span style=\"font-family: arial, helvetica, sans-serif; color: #000000;\"><strong>Zinc, selenio y cobre<\/strong><\/span><br \/>\n<span style=\"font-family: arial, helvetica, sans-serif; color: #000000;\">Garantizar un estado adecuado de zinc es importante en los hombres mayores, en los que los niveles elevados de estr\u00f3genos pueden disminuir la absorci\u00f3n de zinc. El zinc tambi\u00e9n es un potente inhibidor de la 5-alfa-reductasa, lo que reduce la conversi\u00f3n de testosterona en DHT. El cobre se incluye en Prostatrol Forte para evitar el agotamiento del cobre inducido por el zinc. El selenio contribuye a la salud de la pr\u00f3stata al potenciar las v\u00edas que promueven los antioxidantes espec\u00edficamente relacionados con la salud de la pr\u00f3stata.<\/span><\/p>","protected":false},"excerpt":{"rendered":"<p>El extracto de palma enana americana, el extracto de ra\u00edz de ortiga y el extracto de corteza de pygeum favorecen la salud de la pr\u00f3stata, y su combinaci\u00f3n en una \u00fanica f\u00f3rmula crea un efecto sin\u00e9rgico.<\/p>","protected":false},"featured_media":7159,"template":"","meta":{"bwfblock_default_font":"","_uag_custom_page_level_css":"","site-sidebar-layout":"default","site-content-layout":"","ast-site-content-layout":"default","site-content-style":"default","site-sidebar-style":"default","ast-global-header-display":"","ast-banner-title-visibility":"","ast-main-header-display":"","ast-hfb-above-header-display":"","ast-hfb-below-header-display":"","ast-hfb-mobile-header-display":"","site-post-title":"","ast-breadcrumbs-content":"","ast-featured-img":"","footer-sml-layout":"","ast-disable-related-posts":"","theme-transparent-header-meta":"default","adv-header-id-meta":"","stick-header-meta":"default","header-above-stick-meta":"","header-main-stick-meta":"","header-below-stick-meta":"","astra-migrate-meta-layouts":"set","ast-page-background-enabled":"default","ast-page-background-meta":{"desktop":{"background-color":"","background-image":"","background-repeat":"repeat","background-position":"center center","background-size":"auto","background-attachment":"scroll","background-type":"","background-media":"","overlay-type":"","overlay-color":"","overlay-opacity":"","overlay-gradient":""},"tablet":{"background-color":"","background-image":"","background-repeat":"repeat","background-position":"center center","background-size":"auto","background-attachment":"scroll","background-type":"","background-media":"","overlay-type":"","overlay-color":"","overlay-opacity":"","overlay-gradient":""},"mobile":{"background-color":"","background-image":"","background-repeat":"repeat","background-position":"center center","background-size":"auto","background-attachment":"scroll","background-type":"","background-media":"","overlay-type":"","overlay-color":"","overlay-opacity":"","overlay-gradient":""}},"ast-content-background-meta":{"desktop":{"background-color":"var(--ast-global-color-5)","background-image":"","background-repeat":"repeat","background-position":"center center","background-size":"auto","background-attachment":"scroll","background-type":"","background-media":"","overlay-type":"","overlay-color":"","overlay-opacity":"","overlay-gradient":""},"tablet":{"background-color":"var(--ast-global-color-5)","background-image":"","background-repeat":"repeat","background-position":"center center","background-size":"auto","background-attachment":"scroll","background-type":"","background-media":"","overlay-type":"","overlay-color":"","overlay-opacity":"","overlay-gradient":""},"mobile":{"background-color":"var(--ast-global-color-5)","background-image":"","background-repeat":"repeat","background-position":"center center","background-size":"auto","background-attachment":"scroll","background-type":"","background-media":"","overlay-type":"","overlay-color":"","overlay-opacity":"","overlay-gradient":""}}},"product_brand":[170],"product_cat":[127],"product_tag":[],"class_list":{"0":"post-225","1":"product","2":"type-product","3":"status-publish","4":"has-post-thumbnail","6":"product_brand-ortho-molecular-products","7":"product_cat-dietary-supplements","8":"desktop-align-center","9":"tablet-align-center","10":"mobile-align-center","11":"ast-product-gallery-layout-horizontal-slider","12":"ast-magnify-disabled","13":"ast-product-tabs-layout-horizontal","15":"first","16":"instock","17":"shipping-taxable","18":"purchasable","19":"product-type-simple"},"spectra_custom_meta":{"_edit_last":["1"],"_thumbnail_id":["7159"],"insight_product_options":["s:1358:\"a:38:{s:27:\"single_product_layout_style\";s:0:\"\";s:11:\"site_layout\";s:0:\"\";s:10:\"site_width\";s:0:\"\";s:16:\"site_top_spacing\";s:0:\"\";s:19:\"site_bottom_spacing\";s:0:\"\";s:10:\"site_class\";s:0:\"\";s:21:\"site_background_color\";s:0:\"\";s:21:\"site_background_image\";s:0:\"\";s:22:\"site_background_repeat\";s:9:\"no-repeat\";s:26:\"site_background_attachment\";s:0:\"\";s:24:\"site_background_position\";s:0:\"\";s:20:\"site_background_size\";s:0:\"\";s:24:\"content_background_color\";s:0:\"\";s:24:\"content_background_image\";s:0:\"\";s:25:\"content_background_repeat\";s:9:\"no-repeat\";s:27:\"content_background_position\";s:0:\"\";s:12:\"top_bar_type\";s:0:\"\";s:11:\"header_type\";s:0:\"\";s:14:\"header_overlay\";s:0:\"\";s:11:\"header_skin\";s:0:\"\";s:12:\"menu_display\";s:0:\"\";s:13:\"menu_one_page\";s:1:\"0\";s:16:\"custom_dark_logo\";s:0:\"\";s:17:\"custom_light_logo\";s:0:\"\";s:17:\"custom_logo_width\";s:0:\"\";s:24:\"custom_sticky_logo_width\";s:0:\"\";s:21:\"page_title_bar_layout\";s:0:\"\";s:29:\"page_title_bar_bottom_spacing\";s:0:\"\";s:31:\"page_title_bar_background_color\";s:0:\"\";s:25:\"page_title_bar_background\";s:0:\"\";s:33:\"page_title_bar_background_overlay\";s:0:\"\";s:29:\"page_title_bar_custom_heading\";s:0:\"\";s:14:\"page_sidebar_1\";s:7:\"default\";s:14:\"page_sidebar_2\";s:7:\"default\";s:21:\"page_sidebar_position\";s:7:\"default\";s:17:\"revolution_slider\";s:0:\"\";s:15:\"slider_position\";s:5:\"below\";s:13:\"footer_enable\";s:0:\"\";}\";"],"_regular_price":["58"],"total_sales":["22"],"_tax_status":["taxable"],"_manage_stock":["yes"],"_backorders":["no"],"_sold_individually":["no"],"_virtual":["no"],"_downloadable":["no"],"_download_limit":["-1"],"_download_expiry":["-1"],"_stock":["2"],"_stock_status":["instock"],"_product_version":["9.6.1"],"_price":["58"],"_product_image_gallery":["7160"],"_sku":["NRT014"],"_wp_old_date":["2020-04-16"],"woosw_count":["36"],"woosw_add":["1611622654"],"woosw_remove":["1603363764"],"_edit_lock":["1735991159:1"],"_wp_old_slug":["search-lab-n95-face-mask"],"_tax_class":[""],"_wc_average_rating":["0"],"_wc_review_count":["0"],"rs_page_bg_color":[""],"rank_math_focus_keyword":["Prostatrol Forte"],"rank_math_analytic_object_id":["113"],"rank_math_seo_score":["81"],"rank_math_description":["Prostatrol Forte provides herbs and trace minerals that work in synergy to support healthy prostate function."],"_admin_notes":[""],"_custom_product_field":[""],"rank_math_primary_product_cat":["0"],"rank_math_primary_product_brand":["0"],"site-sidebar-layout":["default"],"ast-site-content-layout":["default"],"site-content-style":["default"],"site-sidebar-style":["default"],"theme-transparent-header-meta":["default"],"stick-header-meta":["default"],"_wc_gla_visibility":["dont-sync-and-show"],"fb_product_item_id":["8710784795708043"],"_global_unique_id":["10888621913384"],"_wc_facebook_sync_enabled":["yes"],"fb_visibility":["yes"],"fb_product_description":[""],"_wc_facebook_product_image_source":["product"],"_wc_facebook_enhanced_catalog_attributes_capacity":[""],"_wc_facebook_enhanced_catalog_attributes_age_group":[""],"_wc_facebook_enhanced_catalog_attributes_gender":[""],"_wc_facebook_enhanced_catalog_attributes_ingredients":[""],"_wc_facebook_enhanced_catalog_attributes_health_concern":[""],"_wc_facebook_enhanced_catalog_attributes_pattern":[""],"_wc_facebook_enhanced_catalog_attributes_power_type":[""],"_wc_facebook_enhanced_catalog_attributes_product_form":[""],"_wc_facebook_enhanced_catalog_attributes_result_time":[""],"_wc_facebook_enhanced_catalog_attributes_scent":[""],"_wc_facebook_enhanced_catalog_attributes_absorbency":[""],"_wc_facebook_enhanced_catalog_attributes_material":[""],"_wc_facebook_enhanced_catalog_attributes_serving_size":[""],"_wc_facebook_enhanced_catalog_attributes_size":[""],"_wc_facebook_enhanced_catalog_attributes_skin_care_concern":[""],"_wc_facebook_enhanced_catalog_attributes_skin_type":[""],"_wc_facebook_enhanced_catalog_attributes_spf_value":[""],"_wc_facebook_enhanced_catalog_attributes_standard_features":[""],"_wc_facebook_enhanced_catalog_attributes_stop_use_indications":[""],"_wc_facebook_enhanced_catalog_attributes_package_quantity":[""],"_wc_facebook_enhanced_catalog_attributes_lens_material":[""],"_wc_facebook_enhanced_catalog_attributes_lens_type":[""],"_wc_facebook_enhanced_catalog_attributes_lens_tint":[""],"_wc_facebook_enhanced_catalog_attributes_keywords":[""],"_wc_facebook_enhanced_catalog_attributes_is_powered":[""],"_wc_facebook_enhanced_catalog_attributes_instructions":[""],"_wc_facebook_enhanced_catalog_attributes_ingredients_composition":[""],"_wc_facebook_enhanced_catalog_attributes_inactive_ingredients":[""],"_wc_facebook_enhanced_catalog_attributes_flavor":[""],"_wc_facebook_enhanced_catalog_attributes_eyewear_rim":[""],"_wc_facebook_enhanced_catalog_attributes_dosage":[""],"_wc_facebook_enhanced_catalog_attributes_color":[""],"_wc_facebook_enhanced_catalog_attributes_brand":[""],"_wc_facebook_enhanced_catalog_attributes_body_part":[""],"_wc_facebook_enhanced_catalog_attributes_batteries_required":[""],"_wc_facebook_enhanced_catalog_attributes_u_v_rating":[""],"_wc_facebook_commerce_enabled":["no"],"rank_math_primary_fb_product_set":["0"],"astra-migrate-meta-layouts":["set"],"wpil_sync_report3":["1"],"wpil_links_inbound_internal_count":["0"],"wpil_links_inbound_internal_count_data":["eJxLtDKwqq4FAAZPAf4="],"wpil_links_outbound_internal_count":["0"],"wpil_links_outbound_internal_count_data":["eJxLtDKwqq4FAAZPAf4="],"wpil_links_outbound_external_count":["0"],"wpil_links_outbound_external_count_data":["eJxLtDKwqq4FAAZPAf4="],"wpil_sync_report2_time":["2025-01-27T07:29:11+00:00"],"omnisend_last_sync":["2025-05-16T11:05:10+00:00"],"surerank_settings_general":["a:7:{s:9:\"separator\";s:1:\"-\";s:10:\"page_title\";s:21:\"%title% - %site_name%\";s:25:\"auto_generate_description\";b:1;s:16:\"page_description\";s:109:\"Prostatrol Forte provides herbs and trace minerals that work in synergy to support healthy prostate function.\";s:16:\"auto_description\";s:153:\"Prostatrol Forte provides herbs and trace minerals that work in synergy to support healthy prostate function. Saw palmetto extract, stinging nettles root\";s:14:\"fallback_image\";s:0:\"\";s:13:\"canonical_url\";s:49:\"https:\/\/pophaw.com\/product\/prostatrol-forte-60ct\/\";}"],"surerank_settings_post_no_index":["no"],"surerank_settings_post_no_follow":["no"],"surerank_settings_post_no_archive":["no"],"surerank_settings_social":["a:23:{s:15:\"open_graph_tags\";b:1;s:18:\"facebook_meta_tags\";b:1;s:17:\"twitter_meta_tags\";b:1;s:16:\"oembeded_scripts\";b:1;s:17:\"oembeded_og_title\";b:1;s:22:\"oembeded_social_images\";b:1;s:27:\"oembeded_remove_author_name\";b:1;s:17:\"facebook_page_url\";s:54:\"https:\/\/www.facebook.com\/profile.php?id=61571207938497\";s:24:\"facebook_author_fallback\";s:0:\"\";s:17:\"twitter_card_type\";s:19:\"summary_large_image\";s:24:\"twitter_same_as_facebook\";b:1;s:24:\"twitter_profile_username\";s:0:\"\";s:24:\"twitter_profile_fallback\";s:0:\"\";s:14:\"facebook_title\";s:21:\"%title% - %site_name%\";s:20:\"facebook_description\";s:9:\"%content%\";s:18:\"facebook_image_url\";s:71:\"https:\/\/pophaw.com\/wp-content\/uploads\/2019\/04\/Prostatrol-Forte-60ct.png\";s:17:\"facebook_image_id\";i:7159;s:20:\"facebook_image_width\";i:565;s:21:\"facebook_image_height\";i:565;s:13:\"twitter_title\";s:21:\"%title% - %site_name%\";s:19:\"twitter_description\";s:9:\"%content%\";s:17:\"twitter_image_url\";s:71:\"https:\/\/pophaw.com\/wp-content\/uploads\/2019\/04\/Prostatrol-Forte-60ct.png\";s:16:\"twitter_image_id\";i:7159;}"],"surerank_migration":["1"],"astra_style_timestamp_css":["1775173656"],"wwpp_product_wholesale_visibility_filter":["all"],"_uag_css_file_name":["uag-css-225.css"],"_uag_page_assets":["a:9:{s:3:\"css\";s:263:\".uag-blocks-common-selector{z-index:var(--z-index-desktop) !important}@media (max-width: 976px){.uag-blocks-common-selector{z-index:var(--z-index-tablet) !important}}@media (max-width: 767px){.uag-blocks-common-selector{z-index:var(--z-index-mobile) !important}}\n\";s:2:\"js\";s:0:\"\";s:18:\"current_block_list\";a:15:{i:0;s:23:\"surecart\/slide-out-cart\";i:1;s:30:\"surecart\/slide-out-cart-header\";i:2;s:29:\"surecart\/slide-out-cart-items\";i:3;s:30:\"surecart\/slide-out-cart-coupon\";i:4;s:32:\"surecart\/slide-out-cart-subtotal\";i:5;s:38:\"surecart\/slide-out-cart-bump-line-item\";i:6;s:30:\"surecart\/slide-out-cart-submit\";i:7;s:11:\"core\/search\";i:8;s:10:\"core\/group\";i:9;s:12:\"core\/heading\";i:10;s:17:\"core\/latest-posts\";i:11;s:20:\"core\/latest-comments\";i:12;s:13:\"core\/archives\";i:13;s:15:\"core\/categories\";i:14;s:14:\"core\/shortcode\";}s:8:\"uag_flag\";b:0;s:11:\"uag_version\";s:10:\"1775168599\";s:6:\"gfonts\";a:0:{}s:10:\"gfonts_url\";s:0:\"\";s:12:\"gfonts_files\";a:0:{}s:14:\"uag_faq_layout\";b:0;}"]},"uagb_featured_image_src":{"full":["https:\/\/pophaw.com\/wp-content\/uploads\/2019\/04\/Prostatrol-Forte-60ct.png",565,565,false],"thumbnail":["https:\/\/pophaw.com\/wp-content\/uploads\/2019\/04\/Prostatrol-Forte-60ct-150x150.png",150,150,true],"medium":["https:\/\/pophaw.com\/wp-content\/uploads\/2019\/04\/Prostatrol-Forte-60ct-300x300.png",300,300,true],"medium_large":["https:\/\/pophaw.com\/wp-content\/uploads\/2019\/04\/Prostatrol-Forte-60ct.png",565,565,false],"large":["https:\/\/pophaw.com\/wp-content\/uploads\/2019\/04\/Prostatrol-Forte-60ct.png",565,565,false],"ryviu-small":["https:\/\/pophaw.com\/wp-content\/uploads\/2019\/04\/Prostatrol-Forte-60ct.png",40,40,false],"ryviu-medium":["https:\/\/pophaw.com\/wp-content\/uploads\/2019\/04\/Prostatrol-Forte-60ct.png",132,132,false],"1536x1536":["https:\/\/pophaw.com\/wp-content\/uploads\/2019\/04\/Prostatrol-Forte-60ct.png",565,565,false],"2048x2048":["https:\/\/pophaw.com\/wp-content\/uploads\/2019\/04\/Prostatrol-Forte-60ct.png",565,565,false],"trp-custom-language-flag":["https:\/\/pophaw.com\/wp-content\/uploads\/2019\/04\/Prostatrol-Forte-60ct.png",12,12,false],"woocommerce_thumbnail":["https:\/\/pophaw.com\/wp-content\/uploads\/2019\/04\/Prostatrol-Forte-60ct-300x300.png",300,300,true],"woocommerce_single":["https:\/\/pophaw.com\/wp-content\/uploads\/2019\/04\/Prostatrol-Forte-60ct.png",565,565,false],"woocommerce_gallery_thumbnail":["https:\/\/pophaw.com\/wp-content\/uploads\/2019\/04\/Prostatrol-Forte-60ct-100x100.png",100,100,true]},"uagb_author_info":{"display_name":"Dr. Rowan","author_link":"https:\/\/pophaw.com\/es\/author\/"},"uagb_comment_info":0,"uagb_excerpt":"Saw palmetto extract, stinging nettles root extract and pygeum bark extract each support prostate health, and their combination in a single formula creates a synergistic effect.","_links":{"self":[{"href":"https:\/\/pophaw.com\/es\/wp-json\/wp\/v2\/product\/225","targetHints":{"allow":["GET"]}}],"collection":[{"href":"https:\/\/pophaw.com\/es\/wp-json\/wp\/v2\/product"}],"about":[{"href":"https:\/\/pophaw.com\/es\/wp-json\/wp\/v2\/types\/product"}],"wp:featuredmedia":[{"embeddable":true,"href":"https:\/\/pophaw.com\/es\/wp-json\/wp\/v2\/media\/7159"}],"wp:attachment":[{"href":"https:\/\/pophaw.com\/es\/wp-json\/wp\/v2\/media?parent=225"}],"wp:term":[{"taxonomy":"product_brand","embeddable":true,"href":"https:\/\/pophaw.com\/es\/wp-json\/wp\/v2\/product_brand?post=225"},{"taxonomy":"product_cat","embeddable":true,"href":"https:\/\/pophaw.com\/es\/wp-json\/wp\/v2\/product_cat?post=225"},{"taxonomy":"product_tag","embeddable":true,"href":"https:\/\/pophaw.com\/es\/wp-json\/wp\/v2\/product_tag?post=225"}],"curies":[{"name":"wp","href":"https:\/\/api.w.org\/{rel}","templated":true}]}}