{"id":284,"date":"2019-04-17T07:02:49","date_gmt":"2019-04-17T07:02:49","guid":{"rendered":"https:\/\/pophaw.com\/product\/premium-first-aid-kit\/"},"modified":"2025-01-10T06:01:51","modified_gmt":"2025-01-10T14:01:51","slug":"alpha-base-capsulas-con-hierro-240ct","status":"publish","type":"product","link":"https:\/\/pophaw.com\/es\/producto\/alpha-base-capsulas-con-hierro-240ct\/","title":{"rendered":"Alpha Base C\u00e1psulas con Hierro 240ct"},"content":{"rendered":"<p><span style=\"font-family: arial, helvetica, sans-serif; color: #000000;\">Utilizando los mejores ingredientes vitam\u00ednicos y minerales y formulado con los m\u00e1s altos est\u00e1ndares, Alpha Base C\u00e1psulas con Hierro Multivitam\u00ednico supera a todos los dem\u00e1s al proporcionar un apoyo nutricional seguro y eficaz para toda la vida.<\/span><\/p>\n<h3><span style=\"font-family: arial, helvetica, sans-serif; color: #000000;\">APLICACIONES CL\u00cdNICAS<\/span><\/h3>\n<ul>\n<li><span style=\"font-family: arial, helvetica, sans-serif; color: #000000;\">Proporciona nutrici\u00f3n de referencia para una variedad de protocolos<\/span><\/li>\n<li><span style=\"font-family: arial, helvetica, sans-serif; color: #000000;\">Protecci\u00f3n antioxidante de amplio espectro<\/span><\/li>\n<li><span style=\"font-family: arial, helvetica, sans-serif; color: #000000;\">Aumenta la reserva metab\u00f3lica y protege contra las carencias alimentarias<\/span><\/li>\n<li><span style=\"font-family: arial, helvetica, sans-serif; color: #000000;\">Protege contra el agotamiento de nutrientes inducido por el estr\u00e9s<\/span><\/li>\n<li><span style=\"font-family: arial, helvetica, sans-serif; color: #000000;\">Favorece un metabolismo sano<\/span><\/li>\n<\/ul>\n<h3><span style=\"font-family: arial, helvetica, sans-serif; color: #000000;\">VISI\u00d3N GENERAL<\/span><\/h3>\n<p>Alpha Base C\u00e1psulas con Hierro est\u00e1 bien establecido que una buena nutrici\u00f3n promueve la salud, mientras que las deficiencias nutricionales pueden conducir a muchas enfermedades cr\u00f3nicas. Sin embargo, muchas personas subestiman la importancia de alcanzar niveles adecuados de micronutrientes cada d\u00eda. Para que el cuerpo humano complete las tareas diarias vitales, debe recibir una amplia y compleja variedad de micronutrientes clave.<br \/>\nLos micronutrientes intervienen en el fortalecimiento de la funci\u00f3n inmunitaria y en la conversi\u00f3n de los alimentos en energ\u00eda. Desintoxican sustancias qu\u00edmicas y medicamentos y fabrican neurotransmisores, hormonas y otras mol\u00e9culas de se\u00f1alizaci\u00f3n clave en el organismo. Los micronutrientes tambi\u00e9n mantienen la reparaci\u00f3n de los tejidos y la regeneraci\u00f3n celular. La carencia de cualquiera de estas vitaminas o minerales esenciales puede provocar un fallo en los procesos metab\u00f3licos que protegen la salud.<br \/>\nEstudios exhaustivos realizados por el Departamento de Agricultura de Estados Unidos han revelado que la dieta media estadounidense carece de micronutrientes. Las deficiencias nutricionales pueden deberse a los bajos niveles de nutrientes en el suelo, los m\u00e9todos de transporte y almacenamiento de alimentos y las t\u00e9cnicas de procesamiento de alimentos. Adem\u00e1s, las deficiencias tambi\u00e9n pueden estar causadas por alimentos altamente procesados y refinados, aditivos alimentarios, medicamentos, consumo de alcohol, tabaquismo, exposici\u00f3n a metales pesados y altos niveles de estr\u00e9s. Cualquiera que sea la raz\u00f3n, las deficiencias de nutrientes existen en una parte sustancial de la poblaci\u00f3n estadounidense y, para determinados nutrientes, m\u00e1s del 80% de los estadounidenses consumen menos de la cantidad diaria recomendada (CDR).<br \/>\nAunque las ingestas recomendadas de nutrientes se han establecido como directrices m\u00ednimas para las personas sanas, estas directrices no se dise\u00f1aron para abordar las necesidades de micronutrientes de todas las personas, especialmente de aquellas con problemas de salud cr\u00f3nicos. Aunque estas directrices pueden ayudar a prevenir una carencia grave de nutrientes, normas como la CDR no son un reflejo de la ingesta diaria \u00f3ptima. Por estas razones, un multivitam\u00ednico diario es una opci\u00f3n prudente para la mayor\u00eda de las personas.<br \/>\nAlpha Base es un multivitam\u00ednico superior dise\u00f1ado para apoyar la ingesta diaria ideal de vitaminas y minerales, proporcionando una fuente de nutrientes de alta calidad en la forma m\u00e1s biodisponible.<\/p>\n<p><span style=\"font-family: arial, helvetica, sans-serif; color: #000000;\">Alpha Base C\u00e1psulas con Hierro es una mezcla completa, hipoalerg\u00e9nica, multivitam\u00ednica y mineral. Como multivitam\u00ednico completo, Alpha Base proporciona nutrientes de alta calidad para crear una reserva saludable de micronutrientes. Las vitaminas B USP* contribuyen a la producci\u00f3n de energ\u00eda, y el folato (como QuatrefolicTM, 100% 5-MTHF), la forma biol\u00f3gicamente activa del \u00e1cido f\u00f3lico, mejora la metilaci\u00f3n. Los complejos minerales quelatados TRAACS\u00ae de Albion\u00ae mejoran la biodisponibilidad. Alpha Base incluye una proporci\u00f3n \u00f3ptima de magnesio y calcio de 2:1. La vitamina C antioxidante clave y los tocoferoles y carotenoides mixtos de vitamina E natural protegen las c\u00e9lulas de los da\u00f1os causados por los radicales libres. Alpha Base tambi\u00e9n incluye la mezcla sin\u00e9rgica de vitamina K2 (como MK-7) y D3, que son fundamentales para reforzar los huesos y la salud cardiovascular.<\/span><br \/>\n<span style=\"font-family: arial, helvetica, sans-serif; color: #000000;\"><strong>Uso recomendado:<\/strong><\/span><br \/>\n<span style=\"font-family: arial, helvetica, sans-serif; color: #000000;\">4-8 c\u00e1psulas al d\u00eda con alimentos o seg\u00fan lo recomendado por su profesional de la salud.<\/span><\/p>\n<h3><span style=\"font-family: arial, helvetica, sans-serif; color: #000000;\">BENEFICIOS DE LOS INGREDIENTES<\/span><\/h3>\n<p><span style=\"font-family: arial, helvetica, sans-serif; color: #000000;\">Utilizando los mejores ingredientes vitam\u00ednicos y minerales disponibles y formulado con los m\u00e1s altos est\u00e1ndares en un super suplemento eficaz, el multivitam\u00ednico Alpha Base supera a todos los dem\u00e1s al proporcionar un programa seguro y eficaz para el apoyo nutricional durante toda la vida.<\/span><br \/>\n<span style=\"font-family: arial, helvetica, sans-serif; color: #000000;\"><strong>La diferencia de Alpha Base:<\/strong><\/span><\/p>\n<ul>\n<li><span style=\"font-family: arial, helvetica, sans-serif; color: #000000;\">Excelentes fuentes de minerales y una proporci\u00f3n de magnesio y calcio de 2:1.<\/span><\/li>\n<li><span style=\"font-family: arial, helvetica, sans-serif; color: #000000;\">Ingredientes USP\/NF siempre que est\u00e9n disponibles.<\/span><\/li>\n<li><span style=\"font-family: arial, helvetica, sans-serif; color: #000000;\">Los minerales que reaccionan completamente tienen una tasa de asimilaci\u00f3n mayor que los dem\u00e1s.<\/span><\/li>\n<li><span style=\"font-family: arial, helvetica, sans-serif; color: #000000;\">Los altos niveles de antioxidantes reducen los da\u00f1os causados por los radicales libres.<\/span><\/li>\n<li><span style=\"font-family: arial, helvetica, sans-serif; color: #000000;\">Formulado como r\u00e9gimen de base para todos los dem\u00e1s productos de Ortho Molecular, lo que garantiza que, si se toma correctamente, los pacientes tendr\u00e1n aseguradas dosis no conflictivas.<\/span><\/li>\n<\/ul>","protected":false},"excerpt":{"rendered":"<p>Utilizando los mejores ingredientes vitam\u00ednicos y minerales, y formulado siguiendo las normas m\u00e1s exigentes,el multivitam\u00ednico Alpha Base C\u00e1psulas con Hierro supera a todos los dem\u00e1s al proporcionar un apoyo nutricional seguro y eficaz para toda la vida.<\/p>","protected":false},"featured_media":7179,"template":"","meta":{"bwfblock_default_font":"","_uag_custom_page_level_css":"","site-sidebar-layout":"default","site-content-layout":"","ast-site-content-layout":"default","site-content-style":"default","site-sidebar-style":"default","ast-global-header-display":"","ast-banner-title-visibility":"","ast-main-header-display":"","ast-hfb-above-header-display":"","ast-hfb-below-header-display":"","ast-hfb-mobile-header-display":"","site-post-title":"","ast-breadcrumbs-content":"","ast-featured-img":"","footer-sml-layout":"","ast-disable-related-posts":"","theme-transparent-header-meta":"default","adv-header-id-meta":"","stick-header-meta":"default","header-above-stick-meta":"","header-main-stick-meta":"","header-below-stick-meta":"","astra-migrate-meta-layouts":"set","ast-page-background-enabled":"default","ast-page-background-meta":{"desktop":{"background-color":"","background-image":"","background-repeat":"repeat","background-position":"center center","background-size":"auto","background-attachment":"scroll","background-type":"","background-media":"","overlay-type":"","overlay-color":"","overlay-opacity":"","overlay-gradient":""},"tablet":{"background-color":"","background-image":"","background-repeat":"repeat","background-position":"center center","background-size":"auto","background-attachment":"scroll","background-type":"","background-media":"","overlay-type":"","overlay-color":"","overlay-opacity":"","overlay-gradient":""},"mobile":{"background-color":"","background-image":"","background-repeat":"repeat","background-position":"center center","background-size":"auto","background-attachment":"scroll","background-type":"","background-media":"","overlay-type":"","overlay-color":"","overlay-opacity":"","overlay-gradient":""}},"ast-content-background-meta":{"desktop":{"background-color":"var(--ast-global-color-5)","background-image":"","background-repeat":"repeat","background-position":"center center","background-size":"auto","background-attachment":"scroll","background-type":"","background-media":"","overlay-type":"","overlay-color":"","overlay-opacity":"","overlay-gradient":""},"tablet":{"background-color":"var(--ast-global-color-5)","background-image":"","background-repeat":"repeat","background-position":"center center","background-size":"auto","background-attachment":"scroll","background-type":"","background-media":"","overlay-type":"","overlay-color":"","overlay-opacity":"","overlay-gradient":""},"mobile":{"background-color":"var(--ast-global-color-5)","background-image":"","background-repeat":"repeat","background-position":"center center","background-size":"auto","background-attachment":"scroll","background-type":"","background-media":"","overlay-type":"","overlay-color":"","overlay-opacity":"","overlay-gradient":""}}},"product_brand":[170],"product_cat":[127],"product_tag":[],"class_list":{"0":"post-284","1":"product","2":"type-product","3":"status-publish","4":"has-post-thumbnail","6":"product_brand-ortho-molecular-products","7":"product_cat-dietary-supplements","8":"desktop-align-center","9":"tablet-align-center","10":"mobile-align-center","11":"ast-product-gallery-layout-horizontal-slider","12":"ast-magnify-disabled","13":"ast-product-tabs-layout-horizontal","15":"first","16":"instock","17":"shipping-taxable","18":"purchasable","19":"product-type-simple"},"spectra_custom_meta":{"_edit_last":["1"],"total_sales":["2"],"_tax_status":["taxable"],"_manage_stock":["yes"],"_backorders":["no"],"_sold_individually":["no"],"_virtual":["no"],"_downloadable":["no"],"_download_limit":["-1"],"_download_expiry":["-1"],"_stock":["6.000000"],"_stock_status":["instock"],"_wc_average_rating":["5.00"],"_wc_review_count":["2"],"_product_version":["9.5.2"],"_thumbnail_id":["7179"],"_wp_old_date":["2020-04-17"],"insight_product_options":["s:1358:\"a:38:{s:27:\"single_product_layout_style\";s:0:\"\";s:11:\"site_layout\";s:0:\"\";s:10:\"site_width\";s:0:\"\";s:16:\"site_top_spacing\";s:0:\"\";s:19:\"site_bottom_spacing\";s:0:\"\";s:10:\"site_class\";s:0:\"\";s:21:\"site_background_color\";s:0:\"\";s:21:\"site_background_image\";s:0:\"\";s:22:\"site_background_repeat\";s:9:\"no-repeat\";s:26:\"site_background_attachment\";s:0:\"\";s:24:\"site_background_position\";s:0:\"\";s:20:\"site_background_size\";s:0:\"\";s:24:\"content_background_color\";s:0:\"\";s:24:\"content_background_image\";s:0:\"\";s:25:\"content_background_repeat\";s:9:\"no-repeat\";s:27:\"content_background_position\";s:0:\"\";s:12:\"top_bar_type\";s:0:\"\";s:11:\"header_type\";s:0:\"\";s:14:\"header_overlay\";s:0:\"\";s:11:\"header_skin\";s:0:\"\";s:12:\"menu_display\";s:0:\"\";s:13:\"menu_one_page\";s:1:\"0\";s:16:\"custom_dark_logo\";s:0:\"\";s:17:\"custom_light_logo\";s:0:\"\";s:17:\"custom_logo_width\";s:0:\"\";s:24:\"custom_sticky_logo_width\";s:0:\"\";s:21:\"page_title_bar_layout\";s:0:\"\";s:29:\"page_title_bar_bottom_spacing\";s:0:\"\";s:31:\"page_title_bar_background_color\";s:0:\"\";s:25:\"page_title_bar_background\";s:0:\"\";s:33:\"page_title_bar_background_overlay\";s:0:\"\";s:29:\"page_title_bar_custom_heading\";s:0:\"\";s:14:\"page_sidebar_1\";s:7:\"default\";s:14:\"page_sidebar_2\";s:7:\"default\";s:21:\"page_sidebar_position\";s:7:\"default\";s:17:\"revolution_slider\";s:0:\"\";s:15:\"slider_position\";s:5:\"below\";s:13:\"footer_enable\";s:0:\"\";}\";"],"_sku":["NRT021"],"_product_image_gallery":["7180"],"_price":["64"],"_wc_rating_count":["a:1:{i:5;i:2;}"],"woosw_count":["3"],"woosw_add":["1596875205"],"_tax_class":[""],"_edit_lock":["1738377413:1"],"_wp_old_slug":["premium-first-aid-kit"],"_regular_price":["64"],"rank_math_focus_keyword":["Alpha Base Capsules with Iron"],"rank_math_analytic_object_id":["106"],"rank_math_seo_score":["81"],"rank_math_contentai_score":["a:5:{s:8:\"keywords\";s:5:\"74.51\";s:9:\"wordCount\";s:1:\"0\";s:9:\"linkCount\";s:1:\"0\";s:12:\"headingCount\";s:1:\"0\";s:10:\"mediaCount\";s:1:\"0\";}"],"rank_math_primary_product_brand":["0"],"rank_math_primary_product_cat":["127"],"rs_page_bg_color":[""],"_wc_gla_synced_at":["1774580420"],"_wc_gla_sync_status":["synced"],"_wc_gla_visibility":["sync-and-show"],"_wc_gla_google_ids":["a:1:{s:2:\"US\";s:20:\"online:en:US:gla_284\";}"],"fb_product_item_id":["9204827602872305"],"_admin_notes":[""],"_custom_product_field":[""],"_global_unique_id":["10888621913452"],"_wc_facebook_sync_enabled":["yes"],"fb_visibility":["yes"],"fb_product_description":[""],"_wc_facebook_product_image_source":["product"],"_wc_facebook_enhanced_catalog_attributes_capacity":[""],"_wc_facebook_enhanced_catalog_attributes_age_group":[""],"_wc_facebook_enhanced_catalog_attributes_gender":[""],"_wc_facebook_enhanced_catalog_attributes_ingredients":[""],"_wc_facebook_enhanced_catalog_attributes_health_concern":[""],"_wc_facebook_enhanced_catalog_attributes_pattern":[""],"_wc_facebook_enhanced_catalog_attributes_power_type":[""],"_wc_facebook_enhanced_catalog_attributes_product_form":[""],"_wc_facebook_enhanced_catalog_attributes_result_time":[""],"_wc_facebook_enhanced_catalog_attributes_scent":[""],"_wc_facebook_enhanced_catalog_attributes_absorbency":[""],"_wc_facebook_enhanced_catalog_attributes_serving_size":[""],"_wc_facebook_enhanced_catalog_attributes_size":[""],"_wc_facebook_enhanced_catalog_attributes_skin_care_concern":[""],"_wc_facebook_enhanced_catalog_attributes_skin_type":[""],"_wc_facebook_enhanced_catalog_attributes_spf_value":[""],"_wc_facebook_enhanced_catalog_attributes_standard_features":[""],"_wc_facebook_enhanced_catalog_attributes_stop_use_indications":[""],"_wc_facebook_enhanced_catalog_attributes_package_quantity":[""],"_wc_facebook_enhanced_catalog_attributes_lens_material":[""],"_wc_facebook_enhanced_catalog_attributes_lens_type":[""],"_wc_facebook_enhanced_catalog_attributes_lens_tint":[""],"_wc_facebook_enhanced_catalog_attributes_keywords":[""],"_wc_facebook_enhanced_catalog_attributes_is_powered":[""],"_wc_facebook_enhanced_catalog_attributes_instructions":[""],"_wc_facebook_enhanced_catalog_attributes_ingredients_composition":[""],"_wc_facebook_enhanced_catalog_attributes_inactive_ingredients":[""],"_wc_facebook_enhanced_catalog_attributes_flavor":[""],"_wc_facebook_enhanced_catalog_attributes_eyewear_rim":[""],"_wc_facebook_enhanced_catalog_attributes_dosage":[""],"_wc_facebook_enhanced_catalog_attributes_brand":[""],"_wc_facebook_enhanced_catalog_attributes_body_part":[""],"_wc_facebook_enhanced_catalog_attributes_batteries_required":[""],"_wc_facebook_enhanced_catalog_attributes_u_v_rating":[""],"_wc_facebook_commerce_enabled":["no"],"rank_math_primary_fb_product_set":["0"],"site-sidebar-layout":["default"],"ast-site-content-layout":["default"],"site-content-style":["default"],"site-sidebar-style":["default"],"theme-transparent-header-meta":["default"],"stick-header-meta":["default"],"_wc_facebook_enhanced_catalog_attributes_material":["Inox"],"_wc_facebook_enhanced_catalog_attributes_color":["Green, Red"],"astra-migrate-meta-layouts":["set"],"wpil_sync_report3":["1"],"wpil_links_inbound_internal_count":["0"],"wpil_links_inbound_internal_count_data":["eJxLtDKwqq4FAAZPAf4="],"wpil_links_outbound_internal_count":["0"],"wpil_links_outbound_internal_count_data":["eJxLtDKwqq4FAAZPAf4="],"wpil_links_outbound_external_count":["0"],"wpil_links_outbound_external_count_data":["eJxLtDKwqq4FAAZPAf4="],"wpil_sync_report2_time":["2025-01-27T07:29:11+00:00"],"classic-editor-remember":["classic-editor"],"omnisend_last_sync":["2025-05-16T11:05:10+00:00"],"fb_color":["Green, Red"],"fb_material":["Inox"],"surerank_settings_general":["a:7:{s:9:\"separator\";s:1:\"-\";s:10:\"page_title\";s:21:\"%title% - %site_name%\";s:25:\"auto_generate_description\";b:1;s:16:\"page_description\";s:9:\"%excerpt%\";s:16:\"auto_description\";s:155:\"Using the best vitamin and mineral ingredients and formulated using the highest standards, Alpha Base Capsules with Iron Multivitamin surpass all others in\";s:14:\"fallback_image\";s:0:\"\";s:13:\"canonical_url\";s:63:\"https:\/\/pophaw.com\/product\/alpha-base-capsules-with-iron-240ct\/\";}"],"surerank_settings_post_no_index":["no"],"surerank_settings_post_no_follow":["no"],"surerank_settings_post_no_archive":["no"],"surerank_settings_social":["a:23:{s:15:\"open_graph_tags\";b:1;s:18:\"facebook_meta_tags\";b:1;s:17:\"twitter_meta_tags\";b:1;s:16:\"oembeded_scripts\";b:1;s:17:\"oembeded_og_title\";b:1;s:22:\"oembeded_social_images\";b:1;s:27:\"oembeded_remove_author_name\";b:1;s:17:\"facebook_page_url\";s:54:\"https:\/\/www.facebook.com\/profile.php?id=61571207938497\";s:24:\"facebook_author_fallback\";s:0:\"\";s:17:\"twitter_card_type\";s:19:\"summary_large_image\";s:24:\"twitter_same_as_facebook\";b:1;s:24:\"twitter_profile_username\";s:0:\"\";s:24:\"twitter_profile_fallback\";s:0:\"\";s:14:\"facebook_title\";s:21:\"%title% - %site_name%\";s:20:\"facebook_description\";s:9:\"%content%\";s:18:\"facebook_image_url\";s:85:\"https:\/\/pophaw.com\/wp-content\/uploads\/2019\/04\/Alpha-Base-Capsules-with-Iron-240ct.png\";s:17:\"facebook_image_id\";i:7179;s:20:\"facebook_image_width\";i:565;s:21:\"facebook_image_height\";i:565;s:13:\"twitter_title\";s:21:\"%title% - %site_name%\";s:19:\"twitter_description\";s:9:\"%content%\";s:17:\"twitter_image_url\";s:85:\"https:\/\/pophaw.com\/wp-content\/uploads\/2019\/04\/Alpha-Base-Capsules-with-Iron-240ct.png\";s:16:\"twitter_image_id\";i:7179;}"],"surerank_migration":["1"],"astra_style_timestamp_css":["1775174712"],"wwpp_product_wholesale_visibility_filter":["all"],"_uag_css_file_name":["uag-css-284.css"],"_uag_page_assets":["a:9:{s:3:\"css\";s:263:\".uag-blocks-common-selector{z-index:var(--z-index-desktop) !important}@media (max-width: 976px){.uag-blocks-common-selector{z-index:var(--z-index-tablet) !important}}@media (max-width: 767px){.uag-blocks-common-selector{z-index:var(--z-index-mobile) !important}}\n\";s:2:\"js\";s:0:\"\";s:18:\"current_block_list\";a:15:{i:0;s:23:\"surecart\/slide-out-cart\";i:1;s:30:\"surecart\/slide-out-cart-header\";i:2;s:29:\"surecart\/slide-out-cart-items\";i:3;s:30:\"surecart\/slide-out-cart-coupon\";i:4;s:32:\"surecart\/slide-out-cart-subtotal\";i:5;s:38:\"surecart\/slide-out-cart-bump-line-item\";i:6;s:30:\"surecart\/slide-out-cart-submit\";i:7;s:11:\"core\/search\";i:8;s:10:\"core\/group\";i:9;s:12:\"core\/heading\";i:10;s:17:\"core\/latest-posts\";i:11;s:20:\"core\/latest-comments\";i:12;s:13:\"core\/archives\";i:13;s:15:\"core\/categories\";i:14;s:14:\"core\/shortcode\";}s:8:\"uag_flag\";b:0;s:11:\"uag_version\";s:10:\"1775168599\";s:6:\"gfonts\";a:0:{}s:10:\"gfonts_url\";s:0:\"\";s:12:\"gfonts_files\";a:0:{}s:14:\"uag_faq_layout\";b:0;}"],"_wc_gla_mc_status":["approved"]},"uagb_featured_image_src":{"full":["https:\/\/pophaw.com\/wp-content\/uploads\/2019\/04\/Alpha-Base-Capsules-with-Iron-240ct.png",565,565,false],"thumbnail":["https:\/\/pophaw.com\/wp-content\/uploads\/2019\/04\/Alpha-Base-Capsules-with-Iron-240ct-150x150.png",150,150,true],"medium":["https:\/\/pophaw.com\/wp-content\/uploads\/2019\/04\/Alpha-Base-Capsules-with-Iron-240ct-300x300.png",300,300,true],"medium_large":["https:\/\/pophaw.com\/wp-content\/uploads\/2019\/04\/Alpha-Base-Capsules-with-Iron-240ct.png",565,565,false],"large":["https:\/\/pophaw.com\/wp-content\/uploads\/2019\/04\/Alpha-Base-Capsules-with-Iron-240ct.png",565,565,false],"ryviu-small":["https:\/\/pophaw.com\/wp-content\/uploads\/2019\/04\/Alpha-Base-Capsules-with-Iron-240ct.png",40,40,false],"ryviu-medium":["https:\/\/pophaw.com\/wp-content\/uploads\/2019\/04\/Alpha-Base-Capsules-with-Iron-240ct.png",132,132,false],"1536x1536":["https:\/\/pophaw.com\/wp-content\/uploads\/2019\/04\/Alpha-Base-Capsules-with-Iron-240ct.png",565,565,false],"2048x2048":["https:\/\/pophaw.com\/wp-content\/uploads\/2019\/04\/Alpha-Base-Capsules-with-Iron-240ct.png",565,565,false],"trp-custom-language-flag":["https:\/\/pophaw.com\/wp-content\/uploads\/2019\/04\/Alpha-Base-Capsules-with-Iron-240ct.png",12,12,false],"woocommerce_thumbnail":["https:\/\/pophaw.com\/wp-content\/uploads\/2019\/04\/Alpha-Base-Capsules-with-Iron-240ct-300x300.png",300,300,true],"woocommerce_single":["https:\/\/pophaw.com\/wp-content\/uploads\/2019\/04\/Alpha-Base-Capsules-with-Iron-240ct.png",565,565,false],"woocommerce_gallery_thumbnail":["https:\/\/pophaw.com\/wp-content\/uploads\/2019\/04\/Alpha-Base-Capsules-with-Iron-240ct-100x100.png",100,100,true]},"uagb_author_info":{"display_name":"Dr. Rowan","author_link":"https:\/\/pophaw.com\/es\/author\/"},"uagb_comment_info":1,"uagb_excerpt":"Using the best vitamin and mineral ingredients, and formulated using the highest standards,Alpha Base Capsules with Iron multivitamin surpasses all others in providing safe and effective life-long nutritional support.","_links":{"self":[{"href":"https:\/\/pophaw.com\/es\/wp-json\/wp\/v2\/product\/284","targetHints":{"allow":["GET"]}}],"collection":[{"href":"https:\/\/pophaw.com\/es\/wp-json\/wp\/v2\/product"}],"about":[{"href":"https:\/\/pophaw.com\/es\/wp-json\/wp\/v2\/types\/product"}],"wp:featuredmedia":[{"embeddable":true,"href":"https:\/\/pophaw.com\/es\/wp-json\/wp\/v2\/media\/7179"}],"wp:attachment":[{"href":"https:\/\/pophaw.com\/es\/wp-json\/wp\/v2\/media?parent=284"}],"wp:term":[{"taxonomy":"product_brand","embeddable":true,"href":"https:\/\/pophaw.com\/es\/wp-json\/wp\/v2\/product_brand?post=284"},{"taxonomy":"product_cat","embeddable":true,"href":"https:\/\/pophaw.com\/es\/wp-json\/wp\/v2\/product_cat?post=284"},{"taxonomy":"product_tag","embeddable":true,"href":"https:\/\/pophaw.com\/es\/wp-json\/wp\/v2\/product_tag?post=284"}],"curies":[{"name":"wp","href":"https:\/\/api.w.org\/{rel}","templated":true}]}}