{"id":567,"date":"2019-04-22T07:26:34","date_gmt":"2019-04-22T07:26:34","guid":{"rendered":"https:\/\/pophaw.com\/product\/anti-virus-carbon-mask\/"},"modified":"2025-01-04T03:36:09","modified_gmt":"2025-01-04T11:36:09","slug":"candicid-forte-180ct","status":"publish","type":"product","link":"https:\/\/pophaw.com\/es\/producto\/candicid-forte-180ct\/","title":{"rendered":"Candicid Forte 180ct"},"content":{"rendered":"<p><span style=\"font-family: arial, helvetica, sans-serif; color: #000000;\">Candicid Forte favorece el equilibrio \u00f3ptimo de la microflora gastrointestinal mediante una mezcla de nutrientes, extractos bot\u00e1nicos naturales y \u00e1cidos grasos.<\/span><\/p>\n<h3><\/h3>\n<h3><span style=\"font-family: arial, helvetica, sans-serif; color: #000000;\">APLICACIONES CL\u00cdNICAS<\/span><\/h3>\n<ul>\n<li><span style=\"font-family: arial, helvetica, sans-serif; color: #000000;\">Favorece un equilibrio microbiano saludable<\/span><\/li>\n<li><span style=\"font-family: arial, helvetica, sans-serif; color: #000000;\">Ayuda a mantener el confort gastrointestinal<\/span><\/li>\n<li><span style=\"font-family: arial, helvetica, sans-serif; color: #000000;\">Aporta nutrientes que aumentan la protecci\u00f3n antioxidante<\/span><\/li>\n<li><span style=\"font-family: arial, helvetica, sans-serif; color: #000000;\">Mejora la funci\u00f3n inmunitaria<\/span><\/li>\n<\/ul>\n<h3><span style=\"font-family: arial, helvetica, sans-serif; color: #000000;\">VISI\u00d3N GENERAL<\/span><\/h3>\n<p><span style=\"font-family: arial, helvetica, sans-serif; color: #000000;\">La salud gastrointestinal se ve directamente afectada por factores como una dieta inadecuada y un estilo de vida estresante. La prevalencia de az\u00facares y carbohidratos refinados y la falta de fibra en las dietas occidentales se han relacionado directamente con cambios en los entornos intestinal y col\u00f3nico. Dado que m\u00e1s del 70% del sistema inmunitario del cuerpo reside en el intestino, establecer un equilibrio microbiano saludable es fundamental para reducir los desaf\u00edos inmunitarios y mantener el equilibrio inflamatorio.<\/span><br \/>\n<span style=\"font-family: arial, helvetica, sans-serif; color: #000000;\">Candicid Forte proporciona una mezcla de nutrientes, potentes productos bot\u00e1nicos y aceites esenciales para promover el equilibrio microbiano saludable y el apoyo inmunol\u00f3gico. Formulado con el objetivo de crear una flora gastrointestinal (GI) saludable, Candicid Forte incluye biotina, un nutriente que inhibe que la levadura se convierta en la forma f\u00fangica m\u00e1s agresiva. Adem\u00e1s, se incluye caprilato de sodio para alterar el metabolismo de\u00a0<em>C\u00e1ndida<\/em>y crean un entorno hostil para la colonizaci\u00f3n. Tambi\u00e9n incluye potentes ingredientes bot\u00e1nicos, como berberina HCl, Pau d'Arco, or\u00e9gano, romero, canela y jengibre, para aliviar el tracto gastrointestinal, proporcionar un potente apoyo antioxidante y asegurar el equilibrio microbiano.<\/span><br \/>\n<span style=\"font-family: arial, helvetica, sans-serif; color: #000000;\"><strong>Uso recomendado:<\/strong><\/span><br \/>\n<span style=\"font-family: arial, helvetica, sans-serif; color: #000000;\">2 c\u00e1psulas tres veces al d\u00eda o seguir prescripci\u00f3n m\u00e9dica.<\/span><\/p>\n<h3><span style=\"font-family: arial, helvetica, sans-serif; color: #000000;\">BENEFICIOS DE LOS INGREDIENTES<\/span><\/h3>\n<p><span style=\"font-family: arial, helvetica, sans-serif; color: #000000;\"><strong>Biotina<\/strong><\/span><br \/>\n<span style=\"font-family: arial, helvetica, sans-serif; color: #000000;\">La biotina es una vitamina hidrosoluble y cofactor de las carboxilasas; este nutriente afecta a varias funciones sist\u00e9micas clave, como el crecimiento, el desarrollo, la inmunidad y el metabolismo de los tejidos. Las deficiencias de biotina tambi\u00e9n se han relacionado con deficiencias inmunitarias leves. El papel que la biotina puede desempe\u00f1ar en el tracto gastrointestinal se basa principalmente en su capacidad para establecer el equilibrio de la microflora evitando que las levaduras, especialmente\u00a0<em>Candida albicans<\/em>, En presencia de biotina, la levadura no puede transformarse en micelio. En presencia de biotina, la levadura no puede transformarse en micelio.<\/span><br \/>\n<span style=\"font-family: arial, helvetica, sans-serif; color: #000000;\"><strong>Or\u00e9gano<\/strong><\/span><br \/>\n<span style=\"font-family: arial, helvetica, sans-serif; color: #000000;\">Se ha demostrado que los fitonutrientes del or\u00e9gano, como el \u00e1cido rosmar\u00ednico y la quercetina, contribuyen a los mecanismos antioxidantes y al equilibrio microbiano del organismo. Adem\u00e1s, el alto valor ORAC (capacidad de absorci\u00f3n de radicales de ox\u00edgeno), en una escala desarrollada por cient\u00edficos del Instituto Nacional del Envejecimiento) del or\u00e9gano, indica su importante capacidad antioxidante para combatir los radicales libres que causan el estr\u00e9s oxidativo. El aceite de or\u00e9gano tambi\u00e9n contiene dos agentes equilibradores microbianos naturales denominados carvacrol y timol. Las investigaciones sugieren que estos compuestos alivian la disbiosis gastrointestinal y favorecen una microflora gastrointestinal sana.<\/span><br \/>\n<span style=\"font-family: arial, helvetica, sans-serif; color: #000000;\"><strong>Pau d'Arco<\/strong><\/span><br \/>\n<span style=\"font-family: arial, helvetica, sans-serif; color: #000000;\">La parte interna de la corteza del Pau d'Arco ha sido utilizada por los nativos americanos durante miles de a\u00f1os para favorecer la salud del microbioma intestinal. La hierba ha demostrado ser eficaz en la promoci\u00f3n de la flora intestinal sana y es recomendado por herbolarios para una amplia variedad de problemas gastrointestinales. Los estudios han demostrado que el Pau d'Arco tambi\u00e9n puede equilibrar la inflamaci\u00f3n musculoesquel\u00e9tica y los estudios in vitro han demostrado que las fracciones del Pau d'Arco favorecen el equilibrio microbiano.<\/span><br \/>\n<span style=\"font-family: arial, helvetica, sans-serif; color: #000000;\"><strong>Caprilato de sodio<\/strong><\/span><br \/>\n<span style=\"font-family: arial, helvetica, sans-serif; color: #000000;\">El caprilato de sodio es la sal s\u00f3dica estable del \u00e1cido capr\u00edlico, un \u00e1cido graso que se encuentra en los cocos. Los estudios in vitro demuestran que el caprilato de sodio inhibe el crecimiento aer\u00f3bico y anaer\u00f3bico, provoca la p\u00e9rdida de organizaci\u00f3n del citoplasma y de los org\u00e1nulos, inhibe la gemaci\u00f3n, desencadena la p\u00e9rdida de potasio y es destructivo para la integridad celular de...\u00a0<em>Candida albicans<\/em>. Se ha demostrado que el \u00e1cido capr\u00edlico contribuye al equilibrio microbiano.<\/span><br \/>\n<span style=\"font-family: arial, helvetica, sans-serif; color: #000000;\"><strong>Berberina HCl<\/strong><\/span><br \/>\n<span style=\"font-family: arial, helvetica, sans-serif; color: #000000;\">Se ha descubierto que la berberina, un alcaloide extra\u00eddo de las ra\u00edces de las plantas, expresa una fuerte actividad de equilibrio microbiano in vitro, y result\u00f3 ser el mejor de los cuatro agentes estudiados en la inhibici\u00f3n del\u00a0<em>Candida albicans<\/em>\u2019a las c\u00e9lulas epiteliales HT-29. Tambi\u00e9n se observ\u00f3 que la berberina inhib\u00eda la actividad de las SAP (aspartil proteinasas secretadas) en un 70,2% +\/-6%, un marcador de la conversi\u00f3n de la levadura a la forma f\u00fangica agresiva. En un estudio in vitro, los ratones a los que se administr\u00f3 1 mg\/kg de peso corporal de berberina tuvieron un potente efecto sobre el equilibrio microbiano, y mostraron efectos sin\u00e9rgicos con agentes de equilibrio f\u00fangico.<\/span><br \/>\n<span style=\"font-family: arial, helvetica, sans-serif; color: #000000;\"><strong>Rosemary<\/strong><\/span><br \/>\n<span style=\"font-family: arial, helvetica, sans-serif; color: #000000;\">Se ha demostrado que el aceite esencial de romero presenta efectos de equilibrio microbiano de amplio espectro. Se ha analizado in vitro la actividad antioxidante y de equilibrio microbiano del aceite y se ha comprobado que tiene una gran actividad. Tambi\u00e9n se ha demostrado que el extracto de romero disminuye el estr\u00e9s oxidativo en diversos tejidos.<\/span><br \/>\n<span style=\"font-family: arial, helvetica, sans-serif; color: #000000;\"><strong>Extracto de corteza de canela<\/strong><\/span><br \/>\n<span style=\"font-family: arial, helvetica, sans-serif; color: #000000;\">En un estudio in vitro en el que se analizaron diferentes cepas de microbios, incluidos MRSA y\u00a0<em>Especies de Candida<\/em>, El aceite esencial de canela mostr\u00f3 una capacidad constante para mantener el equilibrio microbiano. Las investigaciones in vitro han demostrado que el extracto de canela provoca un cambio en la morfolog\u00eda celular, la destrucci\u00f3n de org\u00e1nulos y el estallido celular cuando los microbios se exponen a los aceites esenciales de canela.<\/span><\/p>","protected":false},"excerpt":{"rendered":"<p>Candicid Forte favorece el equilibrio \u00f3ptimo de la microflora gastrointestinal mediante una mezcla de nutrientes, extractos bot\u00e1nicos naturales y \u00e1cidos grasos.<\/p>","protected":false},"featured_media":7207,"template":"","meta":{"bwfblock_default_font":"","_uag_custom_page_level_css":"","site-sidebar-layout":"default","site-content-layout":"","ast-site-content-layout":"default","site-content-style":"default","site-sidebar-style":"default","ast-global-header-display":"","ast-banner-title-visibility":"","ast-main-header-display":"","ast-hfb-above-header-display":"","ast-hfb-below-header-display":"","ast-hfb-mobile-header-display":"","site-post-title":"","ast-breadcrumbs-content":"","ast-featured-img":"","footer-sml-layout":"","ast-disable-related-posts":"","theme-transparent-header-meta":"default","adv-header-id-meta":"","stick-header-meta":"default","header-above-stick-meta":"","header-main-stick-meta":"","header-below-stick-meta":"","astra-migrate-meta-layouts":"set","ast-page-background-enabled":"default","ast-page-background-meta":{"desktop":{"background-color":"","background-image":"","background-repeat":"repeat","background-position":"center center","background-size":"auto","background-attachment":"scroll","background-type":"","background-media":"","overlay-type":"","overlay-color":"","overlay-opacity":"","overlay-gradient":""},"tablet":{"background-color":"","background-image":"","background-repeat":"repeat","background-position":"center center","background-size":"auto","background-attachment":"scroll","background-type":"","background-media":"","overlay-type":"","overlay-color":"","overlay-opacity":"","overlay-gradient":""},"mobile":{"background-color":"","background-image":"","background-repeat":"repeat","background-position":"center center","background-size":"auto","background-attachment":"scroll","background-type":"","background-media":"","overlay-type":"","overlay-color":"","overlay-opacity":"","overlay-gradient":""}},"ast-content-background-meta":{"desktop":{"background-color":"var(--ast-global-color-5)","background-image":"","background-repeat":"repeat","background-position":"center center","background-size":"auto","background-attachment":"scroll","background-type":"","background-media":"","overlay-type":"","overlay-color":"","overlay-opacity":"","overlay-gradient":""},"tablet":{"background-color":"var(--ast-global-color-5)","background-image":"","background-repeat":"repeat","background-position":"center center","background-size":"auto","background-attachment":"scroll","background-type":"","background-media":"","overlay-type":"","overlay-color":"","overlay-opacity":"","overlay-gradient":""},"mobile":{"background-color":"var(--ast-global-color-5)","background-image":"","background-repeat":"repeat","background-position":"center center","background-size":"auto","background-attachment":"scroll","background-type":"","background-media":"","overlay-type":"","overlay-color":"","overlay-opacity":"","overlay-gradient":""}}},"product_brand":[170],"product_cat":[127],"product_tag":[],"class_list":{"0":"post-567","1":"product","2":"type-product","3":"status-publish","4":"has-post-thumbnail","6":"product_brand-ortho-molecular-products","7":"product_cat-dietary-supplements","8":"desktop-align-center","9":"tablet-align-center","10":"mobile-align-center","11":"ast-product-gallery-layout-horizontal-slider","12":"ast-magnify-disabled","13":"ast-product-tabs-layout-horizontal","15":"first","16":"instock","17":"shipping-taxable","18":"purchasable","19":"product-type-simple"},"spectra_custom_meta":{"_edit_last":["1"],"insight_product_options":["s:1358:\"a:38:{s:27:\"single_product_layout_style\";s:0:\"\";s:11:\"site_layout\";s:0:\"\";s:10:\"site_width\";s:0:\"\";s:16:\"site_top_spacing\";s:0:\"\";s:19:\"site_bottom_spacing\";s:0:\"\";s:10:\"site_class\";s:0:\"\";s:21:\"site_background_color\";s:0:\"\";s:21:\"site_background_image\";s:0:\"\";s:22:\"site_background_repeat\";s:9:\"no-repeat\";s:26:\"site_background_attachment\";s:0:\"\";s:24:\"site_background_position\";s:0:\"\";s:20:\"site_background_size\";s:0:\"\";s:24:\"content_background_color\";s:0:\"\";s:24:\"content_background_image\";s:0:\"\";s:25:\"content_background_repeat\";s:9:\"no-repeat\";s:27:\"content_background_position\";s:0:\"\";s:12:\"top_bar_type\";s:0:\"\";s:11:\"header_type\";s:0:\"\";s:14:\"header_overlay\";s:0:\"\";s:11:\"header_skin\";s:0:\"\";s:12:\"menu_display\";s:0:\"\";s:13:\"menu_one_page\";s:1:\"0\";s:16:\"custom_dark_logo\";s:0:\"\";s:17:\"custom_light_logo\";s:0:\"\";s:17:\"custom_logo_width\";s:0:\"\";s:24:\"custom_sticky_logo_width\";s:0:\"\";s:21:\"page_title_bar_layout\";s:0:\"\";s:29:\"page_title_bar_bottom_spacing\";s:0:\"\";s:31:\"page_title_bar_background_color\";s:0:\"\";s:25:\"page_title_bar_background\";s:0:\"\";s:33:\"page_title_bar_background_overlay\";s:0:\"\";s:29:\"page_title_bar_custom_heading\";s:0:\"\";s:14:\"page_sidebar_1\";s:7:\"default\";s:14:\"page_sidebar_2\";s:7:\"default\";s:21:\"page_sidebar_position\";s:7:\"default\";s:17:\"revolution_slider\";s:0:\"\";s:15:\"slider_position\";s:5:\"below\";s:13:\"footer_enable\";s:0:\"\";}\";"],"_sku":["NRT024"],"_regular_price":["84"],"total_sales":["17"],"_tax_status":["taxable"],"_manage_stock":["yes"],"_backorders":["no"],"_sold_individually":["no"],"_virtual":["no"],"_downloadable":["no"],"_download_limit":["-1"],"_download_expiry":["-1"],"_stock_status":["instock"],"_product_version":["9.5.1"],"_price":["84"],"_wp_old_date":["2020-04-22"],"woosw_count":["58"],"woosw_add":["1624461142"],"woosw_remove":["1590014898"],"_thumbnail_id":["7207"],"_edit_lock":["1735990527:1"],"_wp_old_slug":["anti-virus-carbon-mask"],"_tax_class":[""],"_stock":["1"],"_wc_average_rating":["0"],"_wc_review_count":["0"],"_product_image_gallery":["7208"],"rs_page_bg_color":[""],"rank_math_focus_keyword":["Candicid Forte"],"rank_math_analytic_object_id":["103"],"rank_math_seo_score":["81"],"_admin_notes":[""],"_custom_product_field":[""],"rank_math_primary_product_cat":["127"],"rank_math_primary_product_brand":["0"],"site-sidebar-layout":["default"],"ast-site-content-layout":["default"],"site-content-style":["default"],"site-sidebar-style":["default"],"theme-transparent-header-meta":["default"],"stick-header-meta":["default"],"_wc_gla_visibility":["dont-sync-and-show"],"_global_unique_id":["10888621913476"],"_wc_facebook_sync_enabled":["yes"],"fb_visibility":["yes"],"fb_product_description":[""],"_wc_facebook_product_image_source":["product"],"_wc_facebook_enhanced_catalog_attributes_capacity":[""],"_wc_facebook_enhanced_catalog_attributes_age_group":[""],"_wc_facebook_enhanced_catalog_attributes_gender":[""],"_wc_facebook_enhanced_catalog_attributes_ingredients":[""],"_wc_facebook_enhanced_catalog_attributes_health_concern":[""],"_wc_facebook_enhanced_catalog_attributes_pattern":[""],"_wc_facebook_enhanced_catalog_attributes_power_type":[""],"_wc_facebook_enhanced_catalog_attributes_product_form":[""],"_wc_facebook_enhanced_catalog_attributes_result_time":[""],"_wc_facebook_enhanced_catalog_attributes_scent":[""],"_wc_facebook_enhanced_catalog_attributes_absorbency":[""],"_wc_facebook_enhanced_catalog_attributes_material":[""],"_wc_facebook_enhanced_catalog_attributes_serving_size":[""],"_wc_facebook_enhanced_catalog_attributes_size":[""],"_wc_facebook_enhanced_catalog_attributes_skin_care_concern":[""],"_wc_facebook_enhanced_catalog_attributes_skin_type":[""],"_wc_facebook_enhanced_catalog_attributes_spf_value":[""],"_wc_facebook_enhanced_catalog_attributes_standard_features":[""],"_wc_facebook_enhanced_catalog_attributes_stop_use_indications":[""],"_wc_facebook_enhanced_catalog_attributes_package_quantity":[""],"_wc_facebook_enhanced_catalog_attributes_lens_material":[""],"_wc_facebook_enhanced_catalog_attributes_lens_type":[""],"_wc_facebook_enhanced_catalog_attributes_lens_tint":[""],"_wc_facebook_enhanced_catalog_attributes_keywords":[""],"_wc_facebook_enhanced_catalog_attributes_is_powered":[""],"_wc_facebook_enhanced_catalog_attributes_instructions":[""],"_wc_facebook_enhanced_catalog_attributes_ingredients_composition":[""],"_wc_facebook_enhanced_catalog_attributes_inactive_ingredients":[""],"_wc_facebook_enhanced_catalog_attributes_flavor":[""],"_wc_facebook_enhanced_catalog_attributes_eyewear_rim":[""],"_wc_facebook_enhanced_catalog_attributes_dosage":[""],"_wc_facebook_enhanced_catalog_attributes_color":[""],"_wc_facebook_enhanced_catalog_attributes_brand":[""],"_wc_facebook_enhanced_catalog_attributes_body_part":[""],"_wc_facebook_enhanced_catalog_attributes_batteries_required":[""],"_wc_facebook_enhanced_catalog_attributes_u_v_rating":[""],"_wc_facebook_commerce_enabled":["no"],"rank_math_primary_fb_product_set":["0"],"astra-migrate-meta-layouts":["set"],"wpil_sync_report3":["1"],"wpil_links_inbound_internal_count":["0"],"wpil_links_inbound_internal_count_data":["eJxLtDKwqq4FAAZPAf4="],"wpil_links_outbound_internal_count":["0"],"wpil_links_outbound_internal_count_data":["eJxLtDKwqq4FAAZPAf4="],"wpil_links_outbound_external_count":["0"],"wpil_links_outbound_external_count_data":["eJxLtDKwqq4FAAZPAf4="],"wpil_sync_report2_time":["2025-01-27T07:29:11+00:00"],"omnisend_last_sync":["2025-05-16T11:05:10+00:00"],"surerank_settings_general":["a:7:{s:9:\"separator\";s:1:\"-\";s:10:\"page_title\";s:21:\"%title% - %site_name%\";s:25:\"auto_generate_description\";b:1;s:16:\"page_description\";s:9:\"%excerpt%\";s:16:\"auto_description\";s:158:\"Candicid Forte supports optimal GI microflora balance through a blend of nutrients, natural botanical extracts and fatty acids. CLINICAL APPLICATIONS OVERVIEW\";s:14:\"fallback_image\";s:0:\"\";s:13:\"canonical_url\";s:48:\"https:\/\/pophaw.com\/product\/candicid-forte-180ct\/\";}"],"surerank_settings_post_no_index":["no"],"surerank_settings_post_no_follow":["no"],"surerank_settings_post_no_archive":["no"],"surerank_settings_social":["a:23:{s:15:\"open_graph_tags\";b:1;s:18:\"facebook_meta_tags\";b:1;s:17:\"twitter_meta_tags\";b:1;s:16:\"oembeded_scripts\";b:1;s:17:\"oembeded_og_title\";b:1;s:22:\"oembeded_social_images\";b:1;s:27:\"oembeded_remove_author_name\";b:1;s:17:\"facebook_page_url\";s:54:\"https:\/\/www.facebook.com\/profile.php?id=61571207938497\";s:24:\"facebook_author_fallback\";s:0:\"\";s:17:\"twitter_card_type\";s:19:\"summary_large_image\";s:24:\"twitter_same_as_facebook\";b:1;s:24:\"twitter_profile_username\";s:0:\"\";s:24:\"twitter_profile_fallback\";s:0:\"\";s:14:\"facebook_title\";s:21:\"%title% - %site_name%\";s:20:\"facebook_description\";s:9:\"%content%\";s:18:\"facebook_image_url\";s:70:\"https:\/\/pophaw.com\/wp-content\/uploads\/2019\/04\/Candicid-Forte-180ct.png\";s:17:\"facebook_image_id\";i:7207;s:20:\"facebook_image_width\";i:565;s:21:\"facebook_image_height\";i:565;s:13:\"twitter_title\";s:21:\"%title% - %site_name%\";s:19:\"twitter_description\";s:9:\"%content%\";s:17:\"twitter_image_url\";s:70:\"https:\/\/pophaw.com\/wp-content\/uploads\/2019\/04\/Candicid-Forte-180ct.png\";s:16:\"twitter_image_id\";i:7207;}"],"surerank_migration":["1"],"astra_style_timestamp_css":["1776946967"],"wwpp_product_wholesale_visibility_filter":["all"],"_uag_css_file_name":["uag-css-567.css"],"rank_math_internal_links_processed":["1"],"_uag_page_assets":["a:9:{s:3:\"css\";s:0:\"\";s:2:\"js\";s:0:\"\";s:18:\"current_block_list\";a:15:{i:0;s:23:\"surecart\/slide-out-cart\";i:1;s:30:\"surecart\/slide-out-cart-header\";i:2;s:29:\"surecart\/slide-out-cart-items\";i:3;s:30:\"surecart\/slide-out-cart-coupon\";i:4;s:32:\"surecart\/slide-out-cart-subtotal\";i:5;s:38:\"surecart\/slide-out-cart-bump-line-item\";i:6;s:30:\"surecart\/slide-out-cart-submit\";i:7;s:11:\"core\/search\";i:8;s:10:\"core\/group\";i:9;s:12:\"core\/heading\";i:10;s:17:\"core\/latest-posts\";i:11;s:20:\"core\/latest-comments\";i:12;s:13:\"core\/archives\";i:13;s:15:\"core\/categories\";i:14;s:14:\"core\/shortcode\";}s:8:\"uag_flag\";b:0;s:11:\"uag_version\";s:10:\"1776869369\";s:6:\"gfonts\";a:0:{}s:10:\"gfonts_url\";s:0:\"\";s:12:\"gfonts_files\";a:0:{}s:14:\"uag_faq_layout\";b:0;}"]},"uagb_featured_image_src":{"full":["https:\/\/pophaw.com\/wp-content\/uploads\/2019\/04\/Candicid-Forte-180ct.png",565,565,false],"thumbnail":["https:\/\/pophaw.com\/wp-content\/uploads\/2019\/04\/Candicid-Forte-180ct-150x150.png",150,150,true],"medium":["https:\/\/pophaw.com\/wp-content\/uploads\/2019\/04\/Candicid-Forte-180ct-300x300.png",300,300,true],"medium_large":["https:\/\/pophaw.com\/wp-content\/uploads\/2019\/04\/Candicid-Forte-180ct.png",565,565,false],"large":["https:\/\/pophaw.com\/wp-content\/uploads\/2019\/04\/Candicid-Forte-180ct.png",565,565,false],"ryviu-small":["https:\/\/pophaw.com\/wp-content\/uploads\/2019\/04\/Candicid-Forte-180ct.png",40,40,false],"ryviu-medium":["https:\/\/pophaw.com\/wp-content\/uploads\/2019\/04\/Candicid-Forte-180ct.png",132,132,false],"1536x1536":["https:\/\/pophaw.com\/wp-content\/uploads\/2019\/04\/Candicid-Forte-180ct.png",565,565,false],"2048x2048":["https:\/\/pophaw.com\/wp-content\/uploads\/2019\/04\/Candicid-Forte-180ct.png",565,565,false],"trp-custom-language-flag":["https:\/\/pophaw.com\/wp-content\/uploads\/2019\/04\/Candicid-Forte-180ct.png",12,12,false],"woocommerce_thumbnail":["https:\/\/pophaw.com\/wp-content\/uploads\/2019\/04\/Candicid-Forte-180ct-300x300.png",300,300,true],"woocommerce_single":["https:\/\/pophaw.com\/wp-content\/uploads\/2019\/04\/Candicid-Forte-180ct.png",565,565,false],"woocommerce_gallery_thumbnail":["https:\/\/pophaw.com\/wp-content\/uploads\/2019\/04\/Candicid-Forte-180ct-100x100.png",100,100,true]},"uagb_author_info":{"display_name":"Dr. Rowan","author_link":"https:\/\/pophaw.com\/es\/author\/"},"uagb_comment_info":0,"uagb_excerpt":"Candicid Forte supports optimal GI microflora balance through a blend of nutrients, natural botanical extracts and fatty acids.","_links":{"self":[{"href":"https:\/\/pophaw.com\/es\/wp-json\/wp\/v2\/product\/567","targetHints":{"allow":["GET"]}}],"collection":[{"href":"https:\/\/pophaw.com\/es\/wp-json\/wp\/v2\/product"}],"about":[{"href":"https:\/\/pophaw.com\/es\/wp-json\/wp\/v2\/types\/product"}],"wp:featuredmedia":[{"embeddable":true,"href":"https:\/\/pophaw.com\/es\/wp-json\/wp\/v2\/media\/7207"}],"wp:attachment":[{"href":"https:\/\/pophaw.com\/es\/wp-json\/wp\/v2\/media?parent=567"}],"wp:term":[{"taxonomy":"product_brand","embeddable":true,"href":"https:\/\/pophaw.com\/es\/wp-json\/wp\/v2\/product_brand?post=567"},{"taxonomy":"product_cat","embeddable":true,"href":"https:\/\/pophaw.com\/es\/wp-json\/wp\/v2\/product_cat?post=567"},{"taxonomy":"product_tag","embeddable":true,"href":"https:\/\/pophaw.com\/es\/wp-json\/wp\/v2\/product_tag?post=567"}],"curies":[{"name":"wp","href":"https:\/\/api.w.org\/{rel}","templated":true}]}}