{"id":768,"date":"2019-04-28T06:53:14","date_gmt":"2019-04-28T06:53:14","guid":{"rendered":"https:\/\/pophaw.com\/product\/digital-body-thermometer\/"},"modified":"2025-07-24T07:07:12","modified_gmt":"2025-07-24T14:07:12","slug":"portatil-cpap-limpiador-desinfectante-maquina-de-limpieza","status":"publish","type":"product","link":"https:\/\/pophaw.com\/es\/producto\/portatil-cpap-limpiador-desinfectante-maquina-de-limpieza\/","title":{"rendered":"Limpiador desinfectante port\u00e1til CPAP M\u00e1quina de limpieza"},"content":{"rendered":"<p>Un limpiador de CPAP port\u00e1til es un dispositivo compacto y f\u00e1cil de transportar dise\u00f1ado para desinfectar los equipos de presi\u00f3n positiva continua en las v\u00edas respiratorias (CPAP) eliminando el 99,9% de g\u00e9rmenes y bacterias, lo que garantiza un uso higi\u00e9nico para las personas con apnea del sue\u00f1o.<\/p>\n<p><span style=\"font-family: arial, helvetica, sans-serif; color: #000000;\"><strong>Especificaci\u00f3n del monitor<\/strong><\/span><\/p>\n<div>\n<ul>\n<li><span style=\"font-family: arial, helvetica, sans-serif; color: #000000;\">Color: Negro<\/span><\/li>\n<li><span style=\"font-family: arial, helvetica, sans-serif; color: #000000;\">Bater\u00eda: 2200mAh (5-6 ciclos)\u00a0<\/span><\/li>\n<li><span style=\"font-family: arial, helvetica, sans-serif; color: #000000;\">Entorno de uso: -20\u2103-55\u2103<\/span><\/li>\n<li><span style=\"font-family: arial, helvetica, sans-serif; color: #000000;\">Tama\u00f1o (pulgadas): 4.5\u2033 x 2.0\u2033<\/span><\/li>\n<li><span style=\"font-family: arial, helvetica, sans-serif; color: #000000;\">Peso: 6,5 oz<\/span><\/li>\n<\/ul>\n<\/div>\n<p><span style=\"font-family: arial, helvetica, sans-serif; color: #000000;\"><strong>Contenido del paquete<\/strong><\/span><\/p>\n<div>\n<ul>\n<li><span style=\"font-family: arial, helvetica, sans-serif; color: #000000;\">1PC Dispositivo de limpieza CPAP\u00a0<strong>(Ventilador NO incluido)<\/strong><\/span><\/li>\n<li><span style=\"font-family: arial, helvetica, sans-serif; color: #000000;\">1PC Cable USB<\/span><\/li>\n<li><span style=\"font-family: arial, helvetica, sans-serif; color: #000000;\">Cargador 1PC<\/span><\/li>\n<li><span style=\"font-family: arial, helvetica, sans-serif; color: #000000;\">1PC Manual<\/span><\/li>\n<\/ul>\n<\/div>\n<p><img loading=\"lazy\" decoding=\"async\" class=\"alignnone wp-image-7367 size-full\" src=\"http:\/\/pophaw.com\/wp-content\/uploads\/2019\/04\/4.png\" alt=\"\" width=\"1000\" height=\"1000\" srcset=\"https:\/\/pophaw.com\/wp-content\/uploads\/2019\/04\/4.png 1000w, https:\/\/pophaw.com\/wp-content\/uploads\/2019\/04\/4-300x300.png 300w, https:\/\/pophaw.com\/wp-content\/uploads\/2019\/04\/4-100x100.png 100w, https:\/\/pophaw.com\/wp-content\/uploads\/2019\/04\/4-600x600.png 600w, https:\/\/pophaw.com\/wp-content\/uploads\/2019\/04\/4-150x150.png 150w, https:\/\/pophaw.com\/wp-content\/uploads\/2019\/04\/4-768x768.png 768w\" sizes=\"auto, (max-width: 1000px) 100vw, 1000px\" \/> <img loading=\"lazy\" decoding=\"async\" class=\"alignnone wp-image-7368 size-full\" src=\"http:\/\/pophaw.com\/wp-content\/uploads\/2019\/04\/5.png\" alt=\"\" width=\"1000\" height=\"1000\" srcset=\"https:\/\/pophaw.com\/wp-content\/uploads\/2019\/04\/5.png 1000w, https:\/\/pophaw.com\/wp-content\/uploads\/2019\/04\/5-300x300.png 300w, https:\/\/pophaw.com\/wp-content\/uploads\/2019\/04\/5-100x100.png 100w, https:\/\/pophaw.com\/wp-content\/uploads\/2019\/04\/5-600x600.png 600w, https:\/\/pophaw.com\/wp-content\/uploads\/2019\/04\/5-150x150.png 150w, https:\/\/pophaw.com\/wp-content\/uploads\/2019\/04\/5-768x768.png 768w\" sizes=\"auto, (max-width: 1000px) 100vw, 1000px\" \/> <img loading=\"lazy\" decoding=\"async\" class=\"alignnone wp-image-7369 size-full\" src=\"http:\/\/pophaw.com\/wp-content\/uploads\/2019\/04\/6.png\" alt=\"\" width=\"1000\" height=\"1000\" srcset=\"https:\/\/pophaw.com\/wp-content\/uploads\/2019\/04\/6.png 1000w, https:\/\/pophaw.com\/wp-content\/uploads\/2019\/04\/6-300x300.png 300w, https:\/\/pophaw.com\/wp-content\/uploads\/2019\/04\/6-100x100.png 100w, https:\/\/pophaw.com\/wp-content\/uploads\/2019\/04\/6-600x600.png 600w, https:\/\/pophaw.com\/wp-content\/uploads\/2019\/04\/6-150x150.png 150w, https:\/\/pophaw.com\/wp-content\/uploads\/2019\/04\/6-768x768.png 768w\" sizes=\"auto, (max-width: 1000px) 100vw, 1000px\" \/> <img loading=\"lazy\" decoding=\"async\" class=\"alignnone wp-image-7370 size-full\" src=\"http:\/\/pophaw.com\/wp-content\/uploads\/2019\/04\/7.png\" alt=\"\" width=\"1000\" height=\"1000\" srcset=\"https:\/\/pophaw.com\/wp-content\/uploads\/2019\/04\/7.png 1000w, https:\/\/pophaw.com\/wp-content\/uploads\/2019\/04\/7-300x300.png 300w, https:\/\/pophaw.com\/wp-content\/uploads\/2019\/04\/7-100x100.png 100w, https:\/\/pophaw.com\/wp-content\/uploads\/2019\/04\/7-600x600.png 600w, https:\/\/pophaw.com\/wp-content\/uploads\/2019\/04\/7-150x150.png 150w, https:\/\/pophaw.com\/wp-content\/uploads\/2019\/04\/7-768x768.png 768w\" sizes=\"auto, (max-width: 1000px) 100vw, 1000px\" \/> <img loading=\"lazy\" decoding=\"async\" class=\"alignnone wp-image-7371 size-full\" src=\"http:\/\/pophaw.com\/wp-content\/uploads\/2019\/04\/8.png\" alt=\"\" width=\"1000\" height=\"1000\" srcset=\"https:\/\/pophaw.com\/wp-content\/uploads\/2019\/04\/8.png 1000w, https:\/\/pophaw.com\/wp-content\/uploads\/2019\/04\/8-300x300.png 300w, https:\/\/pophaw.com\/wp-content\/uploads\/2019\/04\/8-100x100.png 100w, https:\/\/pophaw.com\/wp-content\/uploads\/2019\/04\/8-600x600.png 600w, https:\/\/pophaw.com\/wp-content\/uploads\/2019\/04\/8-150x150.png 150w, https:\/\/pophaw.com\/wp-content\/uploads\/2019\/04\/8-768x768.png 768w\" sizes=\"auto, (max-width: 1000px) 100vw, 1000px\" \/> <img loading=\"lazy\" decoding=\"async\" class=\"alignnone wp-image-7372 size-full\" src=\"http:\/\/pophaw.com\/wp-content\/uploads\/2019\/04\/9.png\" alt=\"\" width=\"1000\" height=\"1000\" srcset=\"https:\/\/pophaw.com\/wp-content\/uploads\/2019\/04\/9.png 1000w, https:\/\/pophaw.com\/wp-content\/uploads\/2019\/04\/9-300x300.png 300w, https:\/\/pophaw.com\/wp-content\/uploads\/2019\/04\/9-100x100.png 100w, https:\/\/pophaw.com\/wp-content\/uploads\/2019\/04\/9-600x600.png 600w, https:\/\/pophaw.com\/wp-content\/uploads\/2019\/04\/9-150x150.png 150w, https:\/\/pophaw.com\/wp-content\/uploads\/2019\/04\/9-768x768.png 768w\" sizes=\"auto, (max-width: 1000px) 100vw, 1000px\" \/><\/p>\n<p><strong>Para una introducci\u00f3n y uso detallados, consulte el art\u00edculo:<\/strong><\/p>\n<p class=\"entry-title\"><a href=\"https:\/\/pophaw.com\/es\/the-pros-and-cons-of-cpap-machine-cleaning-methods\/\">\u201c Ventajas e inconvenientes de los m\u00e9todos de limpieza de las m\u00e1quinas CPAP<\/a><a href=\"https:\/\/pophaw.com\/es\/the-pros-and-cons-of-cpap-machine-cleaning-methods\/\">\u201d<\/a><\/p>","protected":false},"excerpt":{"rendered":"<p>Lectura precisa de la temperatura en 20 segundos, m\u00e1s r\u00e1pida y exacta que el term\u00f3metro mercurial.<\/p>","protected":false},"featured_media":7437,"template":"","meta":{"bwfblock_default_font":"","_uag_custom_page_level_css":"","site-sidebar-layout":"default","site-content-layout":"","ast-site-content-layout":"default","site-content-style":"default","site-sidebar-style":"default","ast-global-header-display":"","ast-banner-title-visibility":"","ast-main-header-display":"","ast-hfb-above-header-display":"","ast-hfb-below-header-display":"","ast-hfb-mobile-header-display":"","site-post-title":"","ast-breadcrumbs-content":"","ast-featured-img":"","footer-sml-layout":"","ast-disable-related-posts":"","theme-transparent-header-meta":"default","adv-header-id-meta":"","stick-header-meta":"default","header-above-stick-meta":"","header-main-stick-meta":"","header-below-stick-meta":"","astra-migrate-meta-layouts":"set","ast-page-background-enabled":"default","ast-page-background-meta":{"desktop":{"background-color":"","background-image":"","background-repeat":"repeat","background-position":"center center","background-size":"auto","background-attachment":"scroll","background-type":"","background-media":"","overlay-type":"","overlay-color":"","overlay-opacity":"","overlay-gradient":""},"tablet":{"background-color":"","background-image":"","background-repeat":"repeat","background-position":"center center","background-size":"auto","background-attachment":"scroll","background-type":"","background-media":"","overlay-type":"","overlay-color":"","overlay-opacity":"","overlay-gradient":""},"mobile":{"background-color":"","background-image":"","background-repeat":"repeat","background-position":"center center","background-size":"auto","background-attachment":"scroll","background-type":"","background-media":"","overlay-type":"","overlay-color":"","overlay-opacity":"","overlay-gradient":""}},"ast-content-background-meta":{"desktop":{"background-color":"var(--ast-global-color-5)","background-image":"","background-repeat":"repeat","background-position":"center center","background-size":"auto","background-attachment":"scroll","background-type":"","background-media":"","overlay-type":"","overlay-color":"","overlay-opacity":"","overlay-gradient":""},"tablet":{"background-color":"var(--ast-global-color-5)","background-image":"","background-repeat":"repeat","background-position":"center center","background-size":"auto","background-attachment":"scroll","background-type":"","background-media":"","overlay-type":"","overlay-color":"","overlay-opacity":"","overlay-gradient":""},"mobile":{"background-color":"var(--ast-global-color-5)","background-image":"","background-repeat":"repeat","background-position":"center center","background-size":"auto","background-attachment":"scroll","background-type":"","background-media":"","overlay-type":"","overlay-color":"","overlay-opacity":"","overlay-gradient":""}}},"product_brand":[73],"product_cat":[343,307,336,305],"product_tag":[],"class_list":{"0":"post-768","1":"product","2":"type-product","3":"status-publish","4":"has-post-thumbnail","6":"product_brand-pophaw","7":"product_cat-cpap-machine","8":"product_cat-cpap-machines-accessories","9":"product_cat-healthcare-products","10":"product_cat-respiratory-care-products","11":"desktop-align-center","12":"tablet-align-center","13":"mobile-align-center","14":"ast-product-gallery-layout-horizontal-slider","15":"ast-magnify-disabled","16":"ast-product-tabs-layout-horizontal","18":"first","19":"instock","20":"shipping-taxable","21":"purchasable","22":"product-type-simple"},"spectra_custom_meta":{"_edit_last":["1"],"_tax_status":["taxable"],"_manage_stock":["yes"],"_backorders":["no"],"_sold_individually":["no"],"_virtual":["no"],"_downloadable":["no"],"_download_limit":["-1"],"_download_expiry":["-1"],"_stock":["13"],"_stock_status":["instock"],"_product_version":["10.0.4"],"_wp_old_date":["2020-04-28"],"insight_product_options":["s:1358:\"a:38:{s:27:\"single_product_layout_style\";s:0:\"\";s:11:\"site_layout\";s:0:\"\";s:10:\"site_width\";s:0:\"\";s:16:\"site_top_spacing\";s:0:\"\";s:19:\"site_bottom_spacing\";s:0:\"\";s:10:\"site_class\";s:0:\"\";s:21:\"site_background_color\";s:0:\"\";s:21:\"site_background_image\";s:0:\"\";s:22:\"site_background_repeat\";s:9:\"no-repeat\";s:26:\"site_background_attachment\";s:0:\"\";s:24:\"site_background_position\";s:0:\"\";s:20:\"site_background_size\";s:0:\"\";s:24:\"content_background_color\";s:0:\"\";s:24:\"content_background_image\";s:0:\"\";s:25:\"content_background_repeat\";s:9:\"no-repeat\";s:27:\"content_background_position\";s:0:\"\";s:12:\"top_bar_type\";s:0:\"\";s:11:\"header_type\";s:0:\"\";s:14:\"header_overlay\";s:0:\"\";s:11:\"header_skin\";s:0:\"\";s:12:\"menu_display\";s:0:\"\";s:13:\"menu_one_page\";s:1:\"0\";s:16:\"custom_dark_logo\";s:0:\"\";s:17:\"custom_light_logo\";s:0:\"\";s:17:\"custom_logo_width\";s:0:\"\";s:24:\"custom_sticky_logo_width\";s:0:\"\";s:21:\"page_title_bar_layout\";s:0:\"\";s:29:\"page_title_bar_bottom_spacing\";s:0:\"\";s:31:\"page_title_bar_background_color\";s:0:\"\";s:25:\"page_title_bar_background\";s:0:\"\";s:33:\"page_title_bar_background_overlay\";s:0:\"\";s:29:\"page_title_bar_custom_heading\";s:0:\"\";s:14:\"page_sidebar_1\";s:7:\"default\";s:14:\"page_sidebar_2\";s:7:\"default\";s:21:\"page_sidebar_position\";s:7:\"default\";s:17:\"revolution_slider\";s:0:\"\";s:15:\"slider_position\";s:5:\"below\";s:13:\"footer_enable\";s:0:\"\";}\";"],"_sku":["EB218002"],"_regular_price":["55"],"_price":["55"],"woosw_count":["6"],"woosw_add":["1610738776"],"_thumbnail_id":["7437"],"woosw_remove":["1610738782"],"_edit_lock":["1753366373:1"],"total_sales":["0"],"_tax_class":[""],"_wc_average_rating":["0"],"_wc_review_count":["1"],"_product_image_gallery":["7364,7365,7366"],"_wp_old_slug":["digital-body-thermometer"],"rs_page_bg_color":[""],"rank_math_focus_keyword":["Portable CPAP Cleaner"],"rank_math_analytic_object_id":["97"],"rank_math_seo_score":["80"],"rank_math_description":["A portable CPAP cleaner is a compact, travel-friendly device designed to sanitize Continuous Positive Airway Pressure (CPAP) equipment by eliminating 99.9% of germs and bacteria, ensuring hygienic use for individuals with sleep apnea."],"_admin_notes":[""],"_custom_product_field":[""],"rank_math_primary_product_cat":["343"],"rank_math_primary_product_brand":["0"],"site-sidebar-layout":["default"],"ast-site-content-layout":["default"],"site-content-style":["default"],"site-sidebar-style":["default"],"theme-transparent-header-meta":["default"],"stick-header-meta":["default"],"_wc_gla_synced_at":["1773802835"],"_wc_gla_sync_status":["synced"],"_wc_gla_visibility":["sync-and-show"],"_wc_gla_google_ids":["a:1:{s:2:\"US\";s:20:\"online:en:US:gla_768\";}"],"fb_product_item_id":["8961991993865772"],"_global_unique_id":["10888621913537"],"_wc_facebook_sync_enabled":["yes"],"fb_visibility":["yes"],"fb_product_description":[""],"_wc_facebook_product_image_source":["product"],"_wc_facebook_commerce_enabled":["no"],"rank_math_primary_fb_product_set":["0"],"astra-migrate-meta-layouts":["set"],"wp_statistics_words_count":["80"],"wpil_sync_report3":["1"],"wpil_links_inbound_internal_count":["0"],"wpil_links_inbound_internal_count_data":["eJxLtDKwqq4FAAZPAf4="],"wpil_links_outbound_internal_count":["2"],"wpil_links_outbound_internal_count_data":["eJzdkUFOAzEMRa8SZR9mpqUUuSvULYUukFhGaZI2UTNJNMmooKoSB4HLcRKcmQrKEWBnW1\/+z98CJnC0UC8eoZkBfY7W8VVQ2vF76\/cUmikcE8yBOmy5VXRRxAmmQPvOUazmNVCTc0xQVTFEIw5XMrRVNprFLiQmvGIy+MTClskoImuFNNZrJp0W3voda3U2QaWqbLvGZSHlUja4+GdhmdwCtT7rzgt03kAz6uOgf8DmBqjw0oSuiGeI+Pn2\/mQ0WSMHQQ6yRA4StmS5vluT1chBlmcOsho5Bm\/MQiilFd+88uj6nfXFsR4hXJAi2+CH84HidVn7gXlSn5M6GJui7rjstMj6O7amwRMSF30ORXY5zp2Qe8S4CLmM26B6p\/kv9eRsMhi\/5HF+shjIv\/vi8MSPv\/qS0xdEwR0G"],"wpil_links_outbound_external_count":["0"],"wpil_links_outbound_external_count_data":["eJxLtDKwqq4FAAZPAf4="],"wpil_sync_report2_time":["2025-01-27T07:29:11+00:00"],"omnisend_last_sync":["2025-07-24T14:07:12+00:00"],"_uag_custom_page_level_css":[""],"site-content-layout":[""],"ast-global-header-display":[""],"ast-banner-title-visibility":[""],"ast-main-header-display":[""],"ast-hfb-above-header-display":[""],"ast-hfb-below-header-display":[""],"ast-hfb-mobile-header-display":[""],"site-post-title":[""],"ast-breadcrumbs-content":[""],"ast-featured-img":[""],"footer-sml-layout":[""],"adv-header-id-meta":[""],"header-above-stick-meta":[""],"header-main-stick-meta":[""],"header-below-stick-meta":[""],"ast-page-background-enabled":["default"],"ast-page-background-meta":["a:3:{s:7:\"desktop\";a:12:{s:16:\"background-color\";s:0:\"\";s:16:\"background-image\";s:0:\"\";s:17:\"background-repeat\";s:6:\"repeat\";s:19:\"background-position\";s:13:\"center center\";s:15:\"background-size\";s:4:\"auto\";s:21:\"background-attachment\";s:6:\"scroll\";s:15:\"background-type\";s:0:\"\";s:16:\"background-media\";s:0:\"\";s:12:\"overlay-type\";s:0:\"\";s:13:\"overlay-color\";s:0:\"\";s:15:\"overlay-opacity\";s:0:\"\";s:16:\"overlay-gradient\";s:0:\"\";}s:6:\"tablet\";a:12:{s:16:\"background-color\";s:0:\"\";s:16:\"background-image\";s:0:\"\";s:17:\"background-repeat\";s:6:\"repeat\";s:19:\"background-position\";s:13:\"center center\";s:15:\"background-size\";s:4:\"auto\";s:21:\"background-attachment\";s:6:\"scroll\";s:15:\"background-type\";s:0:\"\";s:16:\"background-media\";s:0:\"\";s:12:\"overlay-type\";s:0:\"\";s:13:\"overlay-color\";s:0:\"\";s:15:\"overlay-opacity\";s:0:\"\";s:16:\"overlay-gradient\";s:0:\"\";}s:6:\"mobile\";a:12:{s:16:\"background-color\";s:0:\"\";s:16:\"background-image\";s:0:\"\";s:17:\"background-repeat\";s:6:\"repeat\";s:19:\"background-position\";s:13:\"center center\";s:15:\"background-size\";s:4:\"auto\";s:21:\"background-attachment\";s:6:\"scroll\";s:15:\"background-type\";s:0:\"\";s:16:\"background-media\";s:0:\"\";s:12:\"overlay-type\";s:0:\"\";s:13:\"overlay-color\";s:0:\"\";s:15:\"overlay-opacity\";s:0:\"\";s:16:\"overlay-gradient\";s:0:\"\";}}"],"ast-content-background-meta":["a:3:{s:7:\"desktop\";a:12:{s:16:\"background-color\";s:25:\"var(--ast-global-color-5)\";s:16:\"background-image\";s:0:\"\";s:17:\"background-repeat\";s:6:\"repeat\";s:19:\"background-position\";s:13:\"center center\";s:15:\"background-size\";s:4:\"auto\";s:21:\"background-attachment\";s:6:\"scroll\";s:15:\"background-type\";s:0:\"\";s:16:\"background-media\";s:0:\"\";s:12:\"overlay-type\";s:0:\"\";s:13:\"overlay-color\";s:0:\"\";s:15:\"overlay-opacity\";s:0:\"\";s:16:\"overlay-gradient\";s:0:\"\";}s:6:\"tablet\";a:12:{s:16:\"background-color\";s:25:\"var(--ast-global-color-5)\";s:16:\"background-image\";s:0:\"\";s:17:\"background-repeat\";s:6:\"repeat\";s:19:\"background-position\";s:13:\"center center\";s:15:\"background-size\";s:4:\"auto\";s:21:\"background-attachment\";s:6:\"scroll\";s:15:\"background-type\";s:0:\"\";s:16:\"background-media\";s:0:\"\";s:12:\"overlay-type\";s:0:\"\";s:13:\"overlay-color\";s:0:\"\";s:15:\"overlay-opacity\";s:0:\"\";s:16:\"overlay-gradient\";s:0:\"\";}s:6:\"mobile\";a:12:{s:16:\"background-color\";s:25:\"var(--ast-global-color-5)\";s:16:\"background-image\";s:0:\"\";s:17:\"background-repeat\";s:6:\"repeat\";s:19:\"background-position\";s:13:\"center center\";s:15:\"background-size\";s:4:\"auto\";s:21:\"background-attachment\";s:6:\"scroll\";s:15:\"background-type\";s:0:\"\";s:16:\"background-media\";s:0:\"\";s:12:\"overlay-type\";s:0:\"\";s:13:\"overlay-color\";s:0:\"\";s:15:\"overlay-opacity\";s:0:\"\";s:16:\"overlay-gradient\";s:0:\"\";}}"],"_pys_conversion_label_settings":["a:3:{s:6:\"enable\";b:0;s:5:\"label\";s:0:\"\";s:2:\"id\";s:14:\"AW-11522483325\";}"],"_fixed_price_rules":["a:0:{}"],"_wc_gla_notification_status":["updated"],"fb_rich_text_description":[""],"fb_product_video":["a:0:{}"],"fb_brand":[""],"fb_mpn":[""],"fb_size":[""],"fb_color":[""],"fb_material":[""],"fb_pattern":[""],"fb_age_group":[""],"fb_gender":[""],"fb_product_condition":[""],"_pys_head_footer":["a:7:{s:14:\"disable_global\";b:0;s:8:\"head_any\";s:0:\"\";s:12:\"head_desktop\";s:0:\"\";s:11:\"head_mobile\";s:0:\"\";s:10:\"footer_any\";s:0:\"\";s:14:\"footer_desktop\";s:0:\"\";s:13:\"footer_mobile\";s:0:\"\";}"],"surerank_settings_general":["a:7:{s:9:\"separator\";s:1:\"-\";s:10:\"page_title\";s:21:\"%title% - %site_name%\";s:25:\"auto_generate_description\";b:1;s:16:\"page_description\";s:233:\"A portable CPAP cleaner is a compact, travel-friendly device designed to sanitize Continuous Positive Airway Pressure (CPAP) equipment by eliminating 99.9 of germs and bacteria, ensuring hygienic use for individuals with sleep apnea.\";s:16:\"auto_description\";s:158:\"A portable CPAP cleaner is a compact, travel-friendly device designed to sanitize Continuous Positive Airway Pressure (CPAP) equipment by eliminating 99.9% of\";s:14:\"fallback_image\";s:0:\"\";s:13:\"canonical_url\";s:76:\"https:\/\/pophaw.com\/product\/portable-cpap-cleaner-sanitizer-cleaning-machine\/\";}"],"surerank_settings_post_no_index":["no"],"surerank_settings_post_no_follow":["no"],"surerank_settings_post_no_archive":["no"],"surerank_settings_social":["a:23:{s:15:\"open_graph_tags\";b:1;s:18:\"facebook_meta_tags\";b:1;s:17:\"twitter_meta_tags\";b:1;s:16:\"oembeded_scripts\";b:1;s:17:\"oembeded_og_title\";b:1;s:22:\"oembeded_social_images\";b:1;s:27:\"oembeded_remove_author_name\";b:1;s:17:\"facebook_page_url\";s:54:\"https:\/\/www.facebook.com\/profile.php?id=61571207938497\";s:24:\"facebook_author_fallback\";s:0:\"\";s:17:\"twitter_card_type\";s:19:\"summary_large_image\";s:24:\"twitter_same_as_facebook\";b:1;s:24:\"twitter_profile_username\";s:0:\"\";s:24:\"twitter_profile_fallback\";s:0:\"\";s:14:\"facebook_title\";s:21:\"%title% - %site_name%\";s:20:\"facebook_description\";s:9:\"%content%\";s:18:\"facebook_image_url\";s:51:\"https:\/\/pophaw.com\/wp-content\/uploads\/2019\/04\/0.png\";s:17:\"facebook_image_id\";i:7437;s:20:\"facebook_image_width\";i:1000;s:21:\"facebook_image_height\";i:1000;s:13:\"twitter_title\";s:21:\"%title% - %site_name%\";s:19:\"twitter_description\";s:9:\"%content%\";s:17:\"twitter_image_url\";s:51:\"https:\/\/pophaw.com\/wp-content\/uploads\/2019\/04\/0.png\";s:16:\"twitter_image_id\";i:7437;}"],"surerank_migration":["1"],"astra_style_timestamp_css":["1775174410"],"wwpp_product_wholesale_visibility_filter":["all"],"_uag_css_file_name":["uag-css-768.css"],"_uag_page_assets":["a:9:{s:3:\"css\";s:263:\".uag-blocks-common-selector{z-index:var(--z-index-desktop) !important}@media (max-width: 976px){.uag-blocks-common-selector{z-index:var(--z-index-tablet) !important}}@media (max-width: 767px){.uag-blocks-common-selector{z-index:var(--z-index-mobile) !important}}\n\";s:2:\"js\";s:0:\"\";s:18:\"current_block_list\";a:15:{i:0;s:23:\"surecart\/slide-out-cart\";i:1;s:30:\"surecart\/slide-out-cart-header\";i:2;s:29:\"surecart\/slide-out-cart-items\";i:3;s:30:\"surecart\/slide-out-cart-coupon\";i:4;s:32:\"surecart\/slide-out-cart-subtotal\";i:5;s:38:\"surecart\/slide-out-cart-bump-line-item\";i:6;s:30:\"surecart\/slide-out-cart-submit\";i:7;s:11:\"core\/search\";i:8;s:10:\"core\/group\";i:9;s:12:\"core\/heading\";i:10;s:17:\"core\/latest-posts\";i:11;s:20:\"core\/latest-comments\";i:12;s:13:\"core\/archives\";i:13;s:15:\"core\/categories\";i:14;s:14:\"core\/shortcode\";}s:8:\"uag_flag\";b:0;s:11:\"uag_version\";s:10:\"1775168599\";s:6:\"gfonts\";a:0:{}s:10:\"gfonts_url\";s:0:\"\";s:12:\"gfonts_files\";a:0:{}s:14:\"uag_faq_layout\";b:0;}"],"_wc_gla_mc_status":["approved"]},"uagb_featured_image_src":{"full":["https:\/\/pophaw.com\/wp-content\/uploads\/2019\/04\/0.png",1000,1000,false],"thumbnail":["https:\/\/pophaw.com\/wp-content\/uploads\/2019\/04\/0-150x150.png",150,150,true],"medium":["https:\/\/pophaw.com\/wp-content\/uploads\/2019\/04\/0-300x300.png",300,300,true],"medium_large":["https:\/\/pophaw.com\/wp-content\/uploads\/2019\/04\/0-768x768.png",768,768,true],"large":["https:\/\/pophaw.com\/wp-content\/uploads\/2019\/04\/0.png",1000,1000,false],"ryviu-small":["https:\/\/pophaw.com\/wp-content\/uploads\/2019\/04\/0.png",40,40,false],"ryviu-medium":["https:\/\/pophaw.com\/wp-content\/uploads\/2019\/04\/0.png",132,132,false],"1536x1536":["https:\/\/pophaw.com\/wp-content\/uploads\/2019\/04\/0.png",1000,1000,false],"2048x2048":["https:\/\/pophaw.com\/wp-content\/uploads\/2019\/04\/0.png",1000,1000,false],"trp-custom-language-flag":["https:\/\/pophaw.com\/wp-content\/uploads\/2019\/04\/0.png",12,12,false],"woocommerce_thumbnail":["https:\/\/pophaw.com\/wp-content\/uploads\/2019\/04\/0-300x300.png",300,300,true],"woocommerce_single":["https:\/\/pophaw.com\/wp-content\/uploads\/2019\/04\/0-600x600.png",600,600,true],"woocommerce_gallery_thumbnail":["https:\/\/pophaw.com\/wp-content\/uploads\/2019\/04\/0-100x100.png",100,100,true]},"uagb_author_info":{"display_name":"Dr. Rowan","author_link":"https:\/\/pophaw.com\/es\/author\/"},"uagb_comment_info":1,"uagb_excerpt":"Accurate temperature readings with 20 seconds, faster and more accurate than mercurial thermometer.","_links":{"self":[{"href":"https:\/\/pophaw.com\/es\/wp-json\/wp\/v2\/product\/768","targetHints":{"allow":["GET"]}}],"collection":[{"href":"https:\/\/pophaw.com\/es\/wp-json\/wp\/v2\/product"}],"about":[{"href":"https:\/\/pophaw.com\/es\/wp-json\/wp\/v2\/types\/product"}],"wp:featuredmedia":[{"embeddable":true,"href":"https:\/\/pophaw.com\/es\/wp-json\/wp\/v2\/media\/7437"}],"wp:attachment":[{"href":"https:\/\/pophaw.com\/es\/wp-json\/wp\/v2\/media?parent=768"}],"wp:term":[{"taxonomy":"product_brand","embeddable":true,"href":"https:\/\/pophaw.com\/es\/wp-json\/wp\/v2\/product_brand?post=768"},{"taxonomy":"product_cat","embeddable":true,"href":"https:\/\/pophaw.com\/es\/wp-json\/wp\/v2\/product_cat?post=768"},{"taxonomy":"product_tag","embeddable":true,"href":"https:\/\/pophaw.com\/es\/wp-json\/wp\/v2\/product_tag?post=768"}],"curies":[{"name":"wp","href":"https:\/\/api.w.org\/{rel}","templated":true}]}}