{"id":770,"date":"2019-04-28T07:17:20","date_gmt":"2019-04-28T07:17:20","guid":{"rendered":"https:\/\/pophaw.com\/product\/automatic-digital-arm-blood-pressure\/"},"modified":"2025-03-16T03:09:30","modified_gmt":"2025-03-16T10:09:30","slug":"almohada-cpap-para-personas-que-duermen-de-lado-o-boca-arriba","status":"publish","type":"product","link":"https:\/\/pophaw.com\/es\/producto\/almohada-cpap-para-personas-que-duermen-de-lado-o-boca-arriba\/","title":{"rendered":"Almohada CPAP para personas que duermen de lado o boca arriba"},"content":{"rendered":"<ul class=\"a-unordered-list a-vertical a-spacing-mini\">\n<li class=\"a-spacing-mini\"><span class=\"a-list-item\" style=\"font-family: arial, helvetica, sans-serif; color: #000000;\">Almohada CPAP c\u00f3moda para toda la noche-Almohada de espuma viscoel\u00e1stica inodora de alta calidad, que proporciona un confort suave a la vez que sujeta el cuello mejor que una almohada de plumas tradicional. Disfrute de la almohada suave pero de apoyo que acuna la cabeza y el cuello en alignment.Wake en una ma\u00f1ana de alivio del dolor, sin dolor de cabeza, sin dolor de cuello, sin dolor de hombro....<\/span><\/li>\n<li class=\"a-spacing-mini\"><span class=\"a-list-item\" style=\"font-family: arial, helvetica, sans-serif; color: #000000;\">Ideal para personas que duermen de lado y de espaldas - Contorneado para acomodar una m\u00e1scara CPAP y la manguera, tambi\u00e9n hay cuatro \u00e1reas recortadas para aliviar la presi\u00f3n sobre el hombro en el que duerme.<\/span><\/li>\n<li class=\"a-spacing-mini\"><span class=\"a-list-item\" style=\"font-family: arial, helvetica, sans-serif; color: #000000;\">Aliviar el dolor de usar una m\u00e1scara-Esta almohada tambi\u00e9n ayuda a aliviar la presi\u00f3n de la m\u00e1scara en la cara al tiempo que reduce la frecuencia de fugas de aire, que le traen una mejor calidad de sue\u00f1o<\/span><\/li>\n<li class=\"a-spacing-mini\"><span class=\"a-list-item\" style=\"font-family: arial, helvetica, sans-serif; color: #000000;\">Dos alturas para satisfacer sus necesidades de sue\u00f1o: Esta almohada CPAP est\u00e1 rellena de espuma viscoel\u00e1stica de firmeza media. La altura del lado m\u00e1s alto es de 3,93 pulgadas; la otra altura baja es de 3,07 pulgadas. El tama\u00f1o de la almohada es 23.6\u00d715.7\u00d73.93\/3.07 pulgadas.<\/span><\/li>\n<li class=\"a-spacing-mini\"><span class=\"a-list-item\" style=\"font-family: arial, helvetica, sans-serif; color: #000000;\">Funda de almohada transpirable y lavable-F\u00e1cilmente extra\u00edble para lavar a m\u00e1quina.El forro de tela de la parte superior es muy agradable contra la piel; \u00a1le proporcionar\u00e1 el sue\u00f1o confortable que siempre ha deseado! La almohada puede funcionar con todas las m\u00e1scaras: m\u00e1scara nasal, almohada nasal, m\u00e1scara bucal, m\u00e1scara facial completa<\/span><\/li>\n<\/ul>\n<p><img loading=\"lazy\" decoding=\"async\" class=\"alignnone wp-image-7439 size-full\" src=\"http:\/\/pophaw.com\/wp-content\/uploads\/2019\/04\/CPAP-Pillow_11.jpg\" alt=\"\" width=\"970\" height=\"600\" srcset=\"https:\/\/pophaw.com\/wp-content\/uploads\/2019\/04\/CPAP-Pillow_11.jpg 970w, https:\/\/pophaw.com\/wp-content\/uploads\/2019\/04\/CPAP-Pillow_11-600x371.jpg 600w, https:\/\/pophaw.com\/wp-content\/uploads\/2019\/04\/CPAP-Pillow_11-300x186.jpg 300w, https:\/\/pophaw.com\/wp-content\/uploads\/2019\/04\/CPAP-Pillow_11-768x475.jpg 768w\" sizes=\"auto, (max-width: 970px) 100vw, 970px\" \/> <img loading=\"lazy\" decoding=\"async\" class=\"alignnone wp-image-7440 size-full\" src=\"http:\/\/pophaw.com\/wp-content\/uploads\/2019\/04\/CPAP-Pillow_12.jpg\" alt=\"\" width=\"970\" height=\"600\" srcset=\"https:\/\/pophaw.com\/wp-content\/uploads\/2019\/04\/CPAP-Pillow_12.jpg 970w, https:\/\/pophaw.com\/wp-content\/uploads\/2019\/04\/CPAP-Pillow_12-600x371.jpg 600w, https:\/\/pophaw.com\/wp-content\/uploads\/2019\/04\/CPAP-Pillow_12-300x186.jpg 300w, https:\/\/pophaw.com\/wp-content\/uploads\/2019\/04\/CPAP-Pillow_12-768x475.jpg 768w\" sizes=\"auto, (max-width: 970px) 100vw, 970px\" \/> <img loading=\"lazy\" decoding=\"async\" class=\"alignnone wp-image-7441 size-full\" src=\"http:\/\/pophaw.com\/wp-content\/uploads\/2019\/04\/CPAP-Pillow_13.jpg\" alt=\"\" width=\"970\" height=\"600\" srcset=\"https:\/\/pophaw.com\/wp-content\/uploads\/2019\/04\/CPAP-Pillow_13.jpg 970w, https:\/\/pophaw.com\/wp-content\/uploads\/2019\/04\/CPAP-Pillow_13-600x371.jpg 600w, https:\/\/pophaw.com\/wp-content\/uploads\/2019\/04\/CPAP-Pillow_13-300x186.jpg 300w, https:\/\/pophaw.com\/wp-content\/uploads\/2019\/04\/CPAP-Pillow_13-768x475.jpg 768w\" sizes=\"auto, (max-width: 970px) 100vw, 970px\" \/><\/p>","protected":false},"excerpt":{"rendered":"<p>Transformar la tecnolog\u00eda de los laboratorios de b\u00fasqueda, cuidar la salud humana<\/p>","protected":false},"featured_media":10498,"template":"","meta":{"bwfblock_default_font":"","_uag_custom_page_level_css":"","site-sidebar-layout":"default","site-content-layout":"","ast-site-content-layout":"default","site-content-style":"default","site-sidebar-style":"default","ast-global-header-display":"","ast-banner-title-visibility":"","ast-main-header-display":"","ast-hfb-above-header-display":"","ast-hfb-below-header-display":"","ast-hfb-mobile-header-display":"","site-post-title":"","ast-breadcrumbs-content":"","ast-featured-img":"","footer-sml-layout":"","ast-disable-related-posts":"","theme-transparent-header-meta":"default","adv-header-id-meta":"","stick-header-meta":"default","header-above-stick-meta":"","header-main-stick-meta":"","header-below-stick-meta":"","astra-migrate-meta-layouts":"set","ast-page-background-enabled":"default","ast-page-background-meta":{"desktop":{"background-color":"","background-image":"","background-repeat":"repeat","background-position":"center center","background-size":"auto","background-attachment":"scroll","background-type":"","background-media":"","overlay-type":"","overlay-color":"","overlay-opacity":"","overlay-gradient":""},"tablet":{"background-color":"","background-image":"","background-repeat":"repeat","background-position":"center center","background-size":"auto","background-attachment":"scroll","background-type":"","background-media":"","overlay-type":"","overlay-color":"","overlay-opacity":"","overlay-gradient":""},"mobile":{"background-color":"","background-image":"","background-repeat":"repeat","background-position":"center center","background-size":"auto","background-attachment":"scroll","background-type":"","background-media":"","overlay-type":"","overlay-color":"","overlay-opacity":"","overlay-gradient":""}},"ast-content-background-meta":{"desktop":{"background-color":"var(--ast-global-color-5)","background-image":"","background-repeat":"repeat","background-position":"center center","background-size":"auto","background-attachment":"scroll","background-type":"","background-media":"","overlay-type":"","overlay-color":"","overlay-opacity":"","overlay-gradient":""},"tablet":{"background-color":"var(--ast-global-color-5)","background-image":"","background-repeat":"repeat","background-position":"center center","background-size":"auto","background-attachment":"scroll","background-type":"","background-media":"","overlay-type":"","overlay-color":"","overlay-opacity":"","overlay-gradient":""},"mobile":{"background-color":"var(--ast-global-color-5)","background-image":"","background-repeat":"repeat","background-position":"center center","background-size":"auto","background-attachment":"scroll","background-type":"","background-media":"","overlay-type":"","overlay-color":"","overlay-opacity":"","overlay-gradient":""}}},"product_brand":[73],"product_cat":[343,307,336,305],"product_tag":[],"class_list":{"0":"post-770","1":"product","2":"type-product","3":"status-publish","4":"has-post-thumbnail","6":"product_brand-pophaw","7":"product_cat-cpap-machine","8":"product_cat-cpap-machines-accessories","9":"product_cat-healthcare-products","10":"product_cat-respiratory-care-products","11":"desktop-align-center","12":"tablet-align-center","13":"mobile-align-center","14":"ast-product-gallery-layout-horizontal-slider","15":"ast-magnify-disabled","16":"ast-product-tabs-layout-horizontal","18":"first","19":"instock","20":"shipping-taxable","21":"purchasable","22":"product-type-simple"},"spectra_custom_meta":{"_edit_last":["1"],"total_sales":["5"],"_tax_status":["taxable"],"_manage_stock":["yes"],"_backorders":["no"],"_sold_individually":["no"],"_virtual":["no"],"_downloadable":["no"],"_download_limit":["-1"],"_download_expiry":["-1"],"_stock":["19"],"_stock_status":["instock"],"_product_version":["9.7.1"],"insight_product_options":["s:1358:\"a:38:{s:27:\"single_product_layout_style\";s:0:\"\";s:11:\"site_layout\";s:0:\"\";s:10:\"site_width\";s:0:\"\";s:16:\"site_top_spacing\";s:0:\"\";s:19:\"site_bottom_spacing\";s:0:\"\";s:10:\"site_class\";s:0:\"\";s:21:\"site_background_color\";s:0:\"\";s:21:\"site_background_image\";s:0:\"\";s:22:\"site_background_repeat\";s:9:\"no-repeat\";s:26:\"site_background_attachment\";s:0:\"\";s:24:\"site_background_position\";s:0:\"\";s:20:\"site_background_size\";s:0:\"\";s:24:\"content_background_color\";s:0:\"\";s:24:\"content_background_image\";s:0:\"\";s:25:\"content_background_repeat\";s:9:\"no-repeat\";s:27:\"content_background_position\";s:0:\"\";s:12:\"top_bar_type\";s:0:\"\";s:11:\"header_type\";s:0:\"\";s:14:\"header_overlay\";s:0:\"\";s:11:\"header_skin\";s:0:\"\";s:12:\"menu_display\";s:0:\"\";s:13:\"menu_one_page\";s:1:\"0\";s:16:\"custom_dark_logo\";s:0:\"\";s:17:\"custom_light_logo\";s:0:\"\";s:17:\"custom_logo_width\";s:0:\"\";s:24:\"custom_sticky_logo_width\";s:0:\"\";s:21:\"page_title_bar_layout\";s:0:\"\";s:29:\"page_title_bar_bottom_spacing\";s:0:\"\";s:31:\"page_title_bar_background_color\";s:0:\"\";s:25:\"page_title_bar_background\";s:0:\"\";s:33:\"page_title_bar_background_overlay\";s:0:\"\";s:29:\"page_title_bar_custom_heading\";s:0:\"\";s:14:\"page_sidebar_1\";s:7:\"default\";s:14:\"page_sidebar_2\";s:7:\"default\";s:21:\"page_sidebar_position\";s:7:\"default\";s:17:\"revolution_slider\";s:0:\"\";s:15:\"slider_position\";s:5:\"below\";s:13:\"footer_enable\";s:0:\"\";}\";"],"_sku":["EB218003"],"_regular_price":["38.98"],"_price":["38.98"],"_wp_old_date":["2020-04-28"],"woosw_count":["11"],"woosw_add":["1611501111"],"_thumbnail_id":["10498"],"_edit_lock":["1742119773:1"],"_wp_old_slug":["automatic-digital-arm-blood-pressure"],"_tax_class":[""],"_wc_average_rating":["0"],"_wc_review_count":["0"],"_product_image_gallery":["7443,7444,7445,7446,7447"],"rs_page_bg_color":[""],"rank_math_focus_keyword":["CPAP Pillow"],"rank_math_analytic_object_id":["96"],"rank_math_seo_score":["90"],"rank_math_description":["This CPAP pillow is filled to medium-firm with memory foam."],"_admin_notes":[""],"_custom_product_field":[""],"rank_math_primary_product_cat":["343"],"rank_math_primary_product_brand":["0"],"site-sidebar-layout":["default"],"ast-site-content-layout":["default"],"site-content-style":["default"],"site-sidebar-style":["default"],"theme-transparent-header-meta":["default"],"stick-header-meta":["default"],"_wc_gla_synced_at":["1773802835"],"_wc_gla_sync_status":["synced"],"_wc_gla_visibility":["sync-and-show"],"_wc_gla_google_ids":["a:1:{s:2:\"US\";s:20:\"online:en:US:gla_770\";}"],"fb_product_item_id":["9777440318938532"],"_global_unique_id":["10888621913544"],"_wc_facebook_sync_enabled":["yes"],"fb_visibility":["yes"],"fb_product_description":[""],"_wc_facebook_product_image_source":["product"],"_wc_facebook_commerce_enabled":["no"],"rank_math_primary_fb_product_set":["0"],"classic-editor-remember":["classic-editor"],"astra-migrate-meta-layouts":["set"],"wp_statistics_words_count":["203"],"wpil_sync_report3":["1"],"wpil_links_inbound_internal_count":["0"],"wpil_links_inbound_internal_count_data":["eJxLtDKwqq4FAAZPAf4="],"wpil_links_outbound_internal_count":["0"],"wpil_links_outbound_internal_count_data":["eJxLtDKwqq4FAAZPAf4="],"wpil_links_outbound_external_count":["0"],"wpil_links_outbound_external_count_data":["eJxLtDKwqq4FAAZPAf4="],"wpil_sync_report2_time":["2025-01-27T07:29:11+00:00"],"omnisend_last_sync":["2025-05-16T11:05:10+00:00"],"surerank_settings_general":["a:7:{s:9:\"separator\";s:1:\"-\";s:10:\"page_title\";s:21:\"%title% - %site_name%\";s:25:\"auto_generate_description\";b:1;s:16:\"page_description\";s:59:\"This CPAP pillow is filled to medium-firm with memory foam.\";s:16:\"auto_description\";s:0:\"\";s:14:\"fallback_image\";s:0:\"\";s:13:\"canonical_url\";s:66:\"https:\/\/pophaw.com\/product\/cpap-pillow-for-side-and-back-sleepers\/\";}"],"surerank_settings_post_no_index":["no"],"surerank_settings_post_no_follow":["no"],"surerank_settings_post_no_archive":["no"],"surerank_settings_social":["a:23:{s:15:\"open_graph_tags\";b:1;s:18:\"facebook_meta_tags\";b:1;s:17:\"twitter_meta_tags\";b:1;s:16:\"oembeded_scripts\";b:1;s:17:\"oembeded_og_title\";b:1;s:22:\"oembeded_social_images\";b:1;s:27:\"oembeded_remove_author_name\";b:1;s:17:\"facebook_page_url\";s:54:\"https:\/\/www.facebook.com\/profile.php?id=61571207938497\";s:24:\"facebook_author_fallback\";s:0:\"\";s:17:\"twitter_card_type\";s:19:\"summary_large_image\";s:24:\"twitter_same_as_facebook\";b:1;s:24:\"twitter_profile_username\";s:0:\"\";s:24:\"twitter_profile_fallback\";s:0:\"\";s:14:\"facebook_title\";s:21:\"%title% - %site_name%\";s:20:\"facebook_description\";s:9:\"%content%\";s:18:\"facebook_image_url\";s:55:\"https:\/\/pophaw.com\/wp-content\/uploads\/2019\/04\/CPAP.webp\";s:17:\"facebook_image_id\";i:10498;s:20:\"facebook_image_width\";i:1474;s:21:\"facebook_image_height\";i:1474;s:13:\"twitter_title\";s:21:\"%title% - %site_name%\";s:19:\"twitter_description\";s:9:\"%content%\";s:17:\"twitter_image_url\";s:55:\"https:\/\/pophaw.com\/wp-content\/uploads\/2019\/04\/CPAP.webp\";s:16:\"twitter_image_id\";i:10498;}"],"surerank_migration":["1"],"astra_style_timestamp_css":["1775171562"],"wwpp_product_wholesale_visibility_filter":["all"],"_uag_css_file_name":["uag-css-770.css"],"_uag_page_assets":["a:9:{s:3:\"css\";s:263:\".uag-blocks-common-selector{z-index:var(--z-index-desktop) !important}@media (max-width: 976px){.uag-blocks-common-selector{z-index:var(--z-index-tablet) !important}}@media (max-width: 767px){.uag-blocks-common-selector{z-index:var(--z-index-mobile) !important}}\n\";s:2:\"js\";s:0:\"\";s:18:\"current_block_list\";a:15:{i:0;s:23:\"surecart\/slide-out-cart\";i:1;s:30:\"surecart\/slide-out-cart-header\";i:2;s:29:\"surecart\/slide-out-cart-items\";i:3;s:30:\"surecart\/slide-out-cart-coupon\";i:4;s:32:\"surecart\/slide-out-cart-subtotal\";i:5;s:38:\"surecart\/slide-out-cart-bump-line-item\";i:6;s:30:\"surecart\/slide-out-cart-submit\";i:7;s:11:\"core\/search\";i:8;s:10:\"core\/group\";i:9;s:12:\"core\/heading\";i:10;s:17:\"core\/latest-posts\";i:11;s:20:\"core\/latest-comments\";i:12;s:13:\"core\/archives\";i:13;s:15:\"core\/categories\";i:14;s:14:\"core\/shortcode\";}s:8:\"uag_flag\";b:0;s:11:\"uag_version\";s:10:\"1775168599\";s:6:\"gfonts\";a:0:{}s:10:\"gfonts_url\";s:0:\"\";s:12:\"gfonts_files\";a:0:{}s:14:\"uag_faq_layout\";b:0;}"],"_wc_gla_mc_status":["approved"]},"uagb_featured_image_src":{"full":["https:\/\/pophaw.com\/wp-content\/uploads\/2019\/04\/CPAP.webp",1474,1474,false],"thumbnail":["https:\/\/pophaw.com\/wp-content\/uploads\/2019\/04\/CPAP-150x150.webp",150,150,true],"medium":["https:\/\/pophaw.com\/wp-content\/uploads\/2019\/04\/CPAP-300x300.webp",300,300,true],"medium_large":["https:\/\/pophaw.com\/wp-content\/uploads\/2019\/04\/CPAP-768x768.webp",768,768,true],"large":["https:\/\/pophaw.com\/wp-content\/uploads\/2019\/04\/CPAP-1024x1024.webp",1024,1024,true],"ryviu-small":["https:\/\/pophaw.com\/wp-content\/uploads\/2019\/04\/CPAP.webp",40,40,false],"ryviu-medium":["https:\/\/pophaw.com\/wp-content\/uploads\/2019\/04\/CPAP.webp",132,132,false],"1536x1536":["https:\/\/pophaw.com\/wp-content\/uploads\/2019\/04\/CPAP.webp",1474,1474,false],"2048x2048":["https:\/\/pophaw.com\/wp-content\/uploads\/2019\/04\/CPAP.webp",1474,1474,false],"trp-custom-language-flag":["https:\/\/pophaw.com\/wp-content\/uploads\/2019\/04\/CPAP.webp",12,12,false],"woocommerce_thumbnail":["https:\/\/pophaw.com\/wp-content\/uploads\/2019\/04\/CPAP-300x300.webp",300,300,true],"woocommerce_single":["https:\/\/pophaw.com\/wp-content\/uploads\/2019\/04\/CPAP-600x600.webp",600,600,true],"woocommerce_gallery_thumbnail":["https:\/\/pophaw.com\/wp-content\/uploads\/2019\/04\/CPAP-100x100.webp",100,100,true]},"uagb_author_info":{"display_name":"Dr. Rowan","author_link":"https:\/\/pophaw.com\/es\/author\/"},"uagb_comment_info":0,"uagb_excerpt":"Transforming Search Lab Technology, Care for Human Health","_links":{"self":[{"href":"https:\/\/pophaw.com\/es\/wp-json\/wp\/v2\/product\/770","targetHints":{"allow":["GET"]}}],"collection":[{"href":"https:\/\/pophaw.com\/es\/wp-json\/wp\/v2\/product"}],"about":[{"href":"https:\/\/pophaw.com\/es\/wp-json\/wp\/v2\/types\/product"}],"wp:featuredmedia":[{"embeddable":true,"href":"https:\/\/pophaw.com\/es\/wp-json\/wp\/v2\/media\/10498"}],"wp:attachment":[{"href":"https:\/\/pophaw.com\/es\/wp-json\/wp\/v2\/media?parent=770"}],"wp:term":[{"taxonomy":"product_brand","embeddable":true,"href":"https:\/\/pophaw.com\/es\/wp-json\/wp\/v2\/product_brand?post=770"},{"taxonomy":"product_cat","embeddable":true,"href":"https:\/\/pophaw.com\/es\/wp-json\/wp\/v2\/product_cat?post=770"},{"taxonomy":"product_tag","embeddable":true,"href":"https:\/\/pophaw.com\/es\/wp-json\/wp\/v2\/product_tag?post=770"}],"curies":[{"name":"wp","href":"https:\/\/api.w.org\/{rel}","templated":true}]}}