{"id":776,"date":"2019-04-28T07:27:40","date_gmt":"2019-04-28T07:27:40","guid":{"rendered":"https:\/\/pophaw.com\/product\/gel-hand-soap-refill\/"},"modified":"2025-02-13T03:22:27","modified_gmt":"2025-02-13T11:22:27","slug":"termometro-frontal-ihealth-no-touch-pt3","status":"publish","type":"product","link":"https:\/\/pophaw.com\/es\/producto\/termometro-frontal-ihealth-no-touch-pt3\/","title":{"rendered":"Term\u00f3metro frontal sin contacto PT3"},"content":{"rendered":"<p><span style=\"font-family: arial, helvetica, sans-serif; font-size: 12pt; color: #000000;\">Term\u00f3metro digital por infrarrojos para adultos y ni\u00f1os, term\u00f3metro para beb\u00e9s sin contacto, 3 sensores ultrasensibles, d\u00edgitos LED grandes, vibraci\u00f3n silenciosa, sin contacto.<\/span><\/p>\n<ul class=\"a-unordered-list a-vertical a-spacing-mini\">\n<li class=\"a-spacing-mini\"><span class=\"a-list-item\" style=\"font-family: arial, helvetica, sans-serif; color: #000000;\">Tecnolog\u00eda sin contacto para un uso seguro e higi\u00e9nico: Con un sensor de temperatura infrarrojo incorporado, el term\u00f3metro iHealth PT3 puede leer la temperatura corporal de una persona dentro de 1,18 pulgadas desde el centro de la frente sin tocar f\u00edsicamente a la persona.<\/span><\/li>\n<li class=\"a-spacing-mini\"><span class=\"a-list-item\" style=\"font-family: arial, helvetica, sans-serif; color: #000000;\">Alta precisi\u00f3n mediante sensor de tres puntos: Un sensor de infrarrojos ultrasensible recoge m\u00e1s de 100 puntos de datos por segundo, mientras que los sensores de distancia y ambientales trabajan conjuntamente para tener en cuenta otras variables, garantizando la m\u00e1xima precisi\u00f3n cada vez que se toma la temperatura.<\/span><\/li>\n<li class=\"a-spacing-mini\"><span class=\"a-list-item\" style=\"font-family: arial, helvetica, sans-serif; color: #000000;\">Sencillo, r\u00e1pido, claro y silencioso: Con un dise\u00f1o intuitivo de un solo bot\u00f3n de control, el term\u00f3metro lee y muestra la temperatura en s\u00f3lo un segundo en su pantalla LED extragrande de f\u00e1cil lectura, incluso en total oscuridad. Cuando se lee la temperatura, el dispositivo emite una suave notificaci\u00f3n por vibraci\u00f3n a la mano que lo sostiene, sin pitidos ni zumbidos.<\/span><\/li>\n<li class=\"a-spacing-mini\"><span class=\"a-list-item\" style=\"font-family: arial, helvetica, sans-serif; color: #000000;\">Adecuado para amplios escenarios de uso y todos los grupos de edad: Este term\u00f3metro iHealth (modelo PT3) est\u00e1 dise\u00f1ado para todas las edades, desde beb\u00e9s y ni\u00f1os peque\u00f1os hasta ancianos. Una opci\u00f3n ideal para uso en el hogar y para hospitales, hoteles, escuelas y otros establecimientos p\u00fablicos o privados.<\/span><\/li>\n<li class=\"a-spacing-mini\"><span class=\"a-list-item\" style=\"font-family: arial, helvetica, sans-serif; color: #000000;\">En la caja: 1\u00d7 Term\u00f3metro iHealth PT3, 2\u00d7 pilas AAA, 1\u00d7 Manual de instrucciones, 1\u00d7 Gu\u00eda r\u00e1pida del usuario, nuestra garant\u00eda de 12 meses sin preocupaciones y un amable servicio de atenci\u00f3n al cliente con sede en California.<\/span><\/li>\n<\/ul>\n<p><img loading=\"lazy\" decoding=\"async\" class=\"alignnone wp-image-7458 size-full\" src=\"http:\/\/pophaw.com\/wp-content\/uploads\/2019\/04\/PT3_1.jpg\" alt=\"Term\u00f3metro frontal\" width=\"1464\" height=\"600\" srcset=\"https:\/\/pophaw.com\/wp-content\/uploads\/2019\/04\/PT3_1.jpg 1464w, https:\/\/pophaw.com\/wp-content\/uploads\/2019\/04\/PT3_1-600x246.jpg 600w, https:\/\/pophaw.com\/wp-content\/uploads\/2019\/04\/PT3_1-300x123.jpg 300w, https:\/\/pophaw.com\/wp-content\/uploads\/2019\/04\/PT3_1-1024x420.jpg 1024w, https:\/\/pophaw.com\/wp-content\/uploads\/2019\/04\/PT3_1-768x315.jpg 768w, https:\/\/pophaw.com\/wp-content\/uploads\/2019\/04\/PT3_1-1320x541.jpg 1320w\" sizes=\"auto, (max-width: 1464px) 100vw, 1464px\" \/> <img loading=\"lazy\" decoding=\"async\" class=\"alignnone wp-image-7459 size-full\" src=\"http:\/\/pophaw.com\/wp-content\/uploads\/2019\/04\/PT3_2.jpg\" alt=\"\" width=\"1464\" height=\"600\" srcset=\"https:\/\/pophaw.com\/wp-content\/uploads\/2019\/04\/PT3_2.jpg 1464w, https:\/\/pophaw.com\/wp-content\/uploads\/2019\/04\/PT3_2-600x246.jpg 600w, https:\/\/pophaw.com\/wp-content\/uploads\/2019\/04\/PT3_2-300x123.jpg 300w, https:\/\/pophaw.com\/wp-content\/uploads\/2019\/04\/PT3_2-1024x420.jpg 1024w, https:\/\/pophaw.com\/wp-content\/uploads\/2019\/04\/PT3_2-768x315.jpg 768w, https:\/\/pophaw.com\/wp-content\/uploads\/2019\/04\/PT3_2-1320x541.jpg 1320w\" sizes=\"auto, (max-width: 1464px) 100vw, 1464px\" \/> <img loading=\"lazy\" decoding=\"async\" class=\"alignnone wp-image-7460 size-full\" src=\"http:\/\/pophaw.com\/wp-content\/uploads\/2019\/04\/PT3_3.png\" alt=\"\" width=\"1464\" height=\"600\" srcset=\"https:\/\/pophaw.com\/wp-content\/uploads\/2019\/04\/PT3_3.png 1464w, https:\/\/pophaw.com\/wp-content\/uploads\/2019\/04\/PT3_3-600x246.png 600w, https:\/\/pophaw.com\/wp-content\/uploads\/2019\/04\/PT3_3-300x123.png 300w, https:\/\/pophaw.com\/wp-content\/uploads\/2019\/04\/PT3_3-1024x420.png 1024w, https:\/\/pophaw.com\/wp-content\/uploads\/2019\/04\/PT3_3-768x315.png 768w, https:\/\/pophaw.com\/wp-content\/uploads\/2019\/04\/PT3_3-1320x541.png 1320w\" sizes=\"auto, (max-width: 1464px) 100vw, 1464px\" \/> <img loading=\"lazy\" decoding=\"async\" class=\"alignnone wp-image-7461 size-full\" src=\"http:\/\/pophaw.com\/wp-content\/uploads\/2019\/04\/PT3_4.jpg\" alt=\"\" width=\"1464\" height=\"600\" srcset=\"https:\/\/pophaw.com\/wp-content\/uploads\/2019\/04\/PT3_4.jpg 1464w, https:\/\/pophaw.com\/wp-content\/uploads\/2019\/04\/PT3_4-600x246.jpg 600w, https:\/\/pophaw.com\/wp-content\/uploads\/2019\/04\/PT3_4-300x123.jpg 300w, https:\/\/pophaw.com\/wp-content\/uploads\/2019\/04\/PT3_4-1024x420.jpg 1024w, https:\/\/pophaw.com\/wp-content\/uploads\/2019\/04\/PT3_4-768x315.jpg 768w, https:\/\/pophaw.com\/wp-content\/uploads\/2019\/04\/PT3_4-1320x541.jpg 1320w\" sizes=\"auto, (max-width: 1464px) 100vw, 1464px\" \/> <img loading=\"lazy\" decoding=\"async\" class=\"alignnone wp-image-7462 size-full\" src=\"http:\/\/pophaw.com\/wp-content\/uploads\/2019\/04\/PT3_5.jpg\" alt=\"\" width=\"1464\" height=\"600\" srcset=\"https:\/\/pophaw.com\/wp-content\/uploads\/2019\/04\/PT3_5.jpg 1464w, https:\/\/pophaw.com\/wp-content\/uploads\/2019\/04\/PT3_5-600x246.jpg 600w, https:\/\/pophaw.com\/wp-content\/uploads\/2019\/04\/PT3_5-300x123.jpg 300w, https:\/\/pophaw.com\/wp-content\/uploads\/2019\/04\/PT3_5-1024x420.jpg 1024w, https:\/\/pophaw.com\/wp-content\/uploads\/2019\/04\/PT3_5-768x315.jpg 768w, https:\/\/pophaw.com\/wp-content\/uploads\/2019\/04\/PT3_5-1320x541.jpg 1320w\" sizes=\"auto, (max-width: 1464px) 100vw, 1464px\" \/> <img loading=\"lazy\" decoding=\"async\" class=\"alignnone wp-image-7463 size-full\" src=\"http:\/\/pophaw.com\/wp-content\/uploads\/2019\/04\/PT3_6.jpg\" alt=\"\" width=\"1464\" height=\"600\" srcset=\"https:\/\/pophaw.com\/wp-content\/uploads\/2019\/04\/PT3_6.jpg 1464w, https:\/\/pophaw.com\/wp-content\/uploads\/2019\/04\/PT3_6-600x246.jpg 600w, https:\/\/pophaw.com\/wp-content\/uploads\/2019\/04\/PT3_6-300x123.jpg 300w, https:\/\/pophaw.com\/wp-content\/uploads\/2019\/04\/PT3_6-1024x420.jpg 1024w, https:\/\/pophaw.com\/wp-content\/uploads\/2019\/04\/PT3_6-768x315.jpg 768w, https:\/\/pophaw.com\/wp-content\/uploads\/2019\/04\/PT3_6-1320x541.jpg 1320w\" sizes=\"auto, (max-width: 1464px) 100vw, 1464px\" \/> <img loading=\"lazy\" decoding=\"async\" class=\"alignnone wp-image-7464 size-full\" src=\"http:\/\/pophaw.com\/wp-content\/uploads\/2019\/04\/PT3_7.jpg\" alt=\"\" width=\"1464\" height=\"600\" srcset=\"https:\/\/pophaw.com\/wp-content\/uploads\/2019\/04\/PT3_7.jpg 1464w, https:\/\/pophaw.com\/wp-content\/uploads\/2019\/04\/PT3_7-600x246.jpg 600w, https:\/\/pophaw.com\/wp-content\/uploads\/2019\/04\/PT3_7-300x123.jpg 300w, https:\/\/pophaw.com\/wp-content\/uploads\/2019\/04\/PT3_7-1024x420.jpg 1024w, https:\/\/pophaw.com\/wp-content\/uploads\/2019\/04\/PT3_7-768x315.jpg 768w, https:\/\/pophaw.com\/wp-content\/uploads\/2019\/04\/PT3_7-1320x541.jpg 1320w\" sizes=\"auto, (max-width: 1464px) 100vw, 1464px\" \/> <img loading=\"lazy\" decoding=\"async\" class=\"alignnone wp-image-7465 size-full\" src=\"http:\/\/pophaw.com\/wp-content\/uploads\/2019\/04\/PT3_8.jpg\" alt=\"\" width=\"1464\" height=\"600\" srcset=\"https:\/\/pophaw.com\/wp-content\/uploads\/2019\/04\/PT3_8.jpg 1464w, https:\/\/pophaw.com\/wp-content\/uploads\/2019\/04\/PT3_8-600x246.jpg 600w, https:\/\/pophaw.com\/wp-content\/uploads\/2019\/04\/PT3_8-300x123.jpg 300w, https:\/\/pophaw.com\/wp-content\/uploads\/2019\/04\/PT3_8-1024x420.jpg 1024w, https:\/\/pophaw.com\/wp-content\/uploads\/2019\/04\/PT3_8-768x315.jpg 768w, https:\/\/pophaw.com\/wp-content\/uploads\/2019\/04\/PT3_8-1320x541.jpg 1320w\" sizes=\"auto, (max-width: 1464px) 100vw, 1464px\" \/> <img loading=\"lazy\" decoding=\"async\" class=\"alignnone wp-image-7466 size-full\" src=\"http:\/\/pophaw.com\/wp-content\/uploads\/2019\/04\/PT3_9.jpg\" alt=\"\" width=\"1464\" height=\"600\" srcset=\"https:\/\/pophaw.com\/wp-content\/uploads\/2019\/04\/PT3_9.jpg 1464w, https:\/\/pophaw.com\/wp-content\/uploads\/2019\/04\/PT3_9-600x246.jpg 600w, https:\/\/pophaw.com\/wp-content\/uploads\/2019\/04\/PT3_9-300x123.jpg 300w, https:\/\/pophaw.com\/wp-content\/uploads\/2019\/04\/PT3_9-1024x420.jpg 1024w, https:\/\/pophaw.com\/wp-content\/uploads\/2019\/04\/PT3_9-768x315.jpg 768w, https:\/\/pophaw.com\/wp-content\/uploads\/2019\/04\/PT3_9-1320x541.jpg 1320w\" sizes=\"auto, (max-width: 1464px) 100vw, 1464px\" \/> <img loading=\"lazy\" decoding=\"async\" class=\"alignnone wp-image-7467 size-full\" src=\"http:\/\/pophaw.com\/wp-content\/uploads\/2019\/04\/PT3_10.jpg\" alt=\"\" width=\"1464\" height=\"600\" srcset=\"https:\/\/pophaw.com\/wp-content\/uploads\/2019\/04\/PT3_10.jpg 1464w, https:\/\/pophaw.com\/wp-content\/uploads\/2019\/04\/PT3_10-600x246.jpg 600w, https:\/\/pophaw.com\/wp-content\/uploads\/2019\/04\/PT3_10-300x123.jpg 300w, https:\/\/pophaw.com\/wp-content\/uploads\/2019\/04\/PT3_10-1024x420.jpg 1024w, https:\/\/pophaw.com\/wp-content\/uploads\/2019\/04\/PT3_10-768x315.jpg 768w, https:\/\/pophaw.com\/wp-content\/uploads\/2019\/04\/PT3_10-1320x541.jpg 1320w\" sizes=\"auto, (max-width: 1464px) 100vw, 1464px\" \/> <img loading=\"lazy\" decoding=\"async\" class=\"alignnone wp-image-7468 size-full\" src=\"http:\/\/pophaw.com\/wp-content\/uploads\/2019\/04\/PT3_11.jpg\" alt=\"\" width=\"1464\" height=\"600\" srcset=\"https:\/\/pophaw.com\/wp-content\/uploads\/2019\/04\/PT3_11.jpg 1464w, https:\/\/pophaw.com\/wp-content\/uploads\/2019\/04\/PT3_11-600x246.jpg 600w, https:\/\/pophaw.com\/wp-content\/uploads\/2019\/04\/PT3_11-300x123.jpg 300w, https:\/\/pophaw.com\/wp-content\/uploads\/2019\/04\/PT3_11-1024x420.jpg 1024w, https:\/\/pophaw.com\/wp-content\/uploads\/2019\/04\/PT3_11-768x315.jpg 768w, https:\/\/pophaw.com\/wp-content\/uploads\/2019\/04\/PT3_11-1320x541.jpg 1320w\" sizes=\"auto, (max-width: 1464px) 100vw, 1464px\" \/><\/p>","protected":false},"excerpt":{"rendered":"<p>Term\u00f3metro digital por infrarrojos para adultos y ni\u00f1os, Term\u00f3metro sin contacto para beb\u00e9s<\/p>","protected":false},"featured_media":7450,"template":"","meta":{"bwfblock_default_font":"","_uag_custom_page_level_css":"","site-sidebar-layout":"default","site-content-layout":"","ast-site-content-layout":"default","site-content-style":"default","site-sidebar-style":"default","ast-global-header-display":"","ast-banner-title-visibility":"","ast-main-header-display":"","ast-hfb-above-header-display":"","ast-hfb-below-header-display":"","ast-hfb-mobile-header-display":"","site-post-title":"","ast-breadcrumbs-content":"","ast-featured-img":"","footer-sml-layout":"","ast-disable-related-posts":"","theme-transparent-header-meta":"default","adv-header-id-meta":"","stick-header-meta":"default","header-above-stick-meta":"","header-main-stick-meta":"","header-below-stick-meta":"","astra-migrate-meta-layouts":"set","ast-page-background-enabled":"default","ast-page-background-meta":{"desktop":{"background-color":"","background-image":"","background-repeat":"repeat","background-position":"center center","background-size":"auto","background-attachment":"scroll","background-type":"","background-media":"","overlay-type":"","overlay-color":"","overlay-opacity":"","overlay-gradient":""},"tablet":{"background-color":"","background-image":"","background-repeat":"repeat","background-position":"center center","background-size":"auto","background-attachment":"scroll","background-type":"","background-media":"","overlay-type":"","overlay-color":"","overlay-opacity":"","overlay-gradient":""},"mobile":{"background-color":"","background-image":"","background-repeat":"repeat","background-position":"center center","background-size":"auto","background-attachment":"scroll","background-type":"","background-media":"","overlay-type":"","overlay-color":"","overlay-opacity":"","overlay-gradient":""}},"ast-content-background-meta":{"desktop":{"background-color":"var(--ast-global-color-5)","background-image":"","background-repeat":"repeat","background-position":"center center","background-size":"auto","background-attachment":"scroll","background-type":"","background-media":"","overlay-type":"","overlay-color":"","overlay-opacity":"","overlay-gradient":""},"tablet":{"background-color":"var(--ast-global-color-5)","background-image":"","background-repeat":"repeat","background-position":"center center","background-size":"auto","background-attachment":"scroll","background-type":"","background-media":"","overlay-type":"","overlay-color":"","overlay-opacity":"","overlay-gradient":""},"mobile":{"background-color":"var(--ast-global-color-5)","background-image":"","background-repeat":"repeat","background-position":"center center","background-size":"auto","background-attachment":"scroll","background-type":"","background-media":"","overlay-type":"","overlay-color":"","overlay-opacity":"","overlay-gradient":""}}},"product_brand":[97],"product_cat":[339,336,189,99,190],"product_tag":[],"class_list":{"0":"post-776","1":"product","2":"type-product","3":"status-publish","4":"has-post-thumbnail","6":"product_brand-ihealth","7":"product_cat-monitoring","8":"product_cat-healthcare-products","9":"product_cat-home-diagnostics","10":"product_cat-home-medical-supplies","11":"product_cat-wellness-monitoring","12":"desktop-align-center","13":"tablet-align-center","14":"mobile-align-center","15":"ast-product-gallery-layout-horizontal-slider","16":"ast-magnify-disabled","17":"ast-product-tabs-layout-horizontal","19":"first","20":"instock","21":"shipping-taxable","22":"purchasable","23":"product-type-simple"},"spectra_custom_meta":{"_edit_last":["1"],"_tax_status":["taxable"],"_manage_stock":["yes"],"_backorders":["no"],"_sold_individually":["no"],"_virtual":["no"],"_downloadable":["no"],"_download_limit":["-1"],"_download_expiry":["-1"],"_stock":["34"],"_stock_status":["instock"],"_product_version":["9.6.1"],"_wp_old_date":["2020-04-28"],"insight_product_options":["s:1358:\"a:38:{s:27:\"single_product_layout_style\";s:0:\"\";s:11:\"site_layout\";s:0:\"\";s:10:\"site_width\";s:0:\"\";s:16:\"site_top_spacing\";s:0:\"\";s:19:\"site_bottom_spacing\";s:0:\"\";s:10:\"site_class\";s:0:\"\";s:21:\"site_background_color\";s:0:\"\";s:21:\"site_background_image\";s:0:\"\";s:22:\"site_background_repeat\";s:9:\"no-repeat\";s:26:\"site_background_attachment\";s:0:\"\";s:24:\"site_background_position\";s:0:\"\";s:20:\"site_background_size\";s:0:\"\";s:24:\"content_background_color\";s:0:\"\";s:24:\"content_background_image\";s:0:\"\";s:25:\"content_background_repeat\";s:9:\"no-repeat\";s:27:\"content_background_position\";s:0:\"\";s:12:\"top_bar_type\";s:0:\"\";s:11:\"header_type\";s:0:\"\";s:14:\"header_overlay\";s:0:\"\";s:11:\"header_skin\";s:0:\"\";s:12:\"menu_display\";s:0:\"\";s:13:\"menu_one_page\";s:1:\"0\";s:16:\"custom_dark_logo\";s:0:\"\";s:17:\"custom_light_logo\";s:0:\"\";s:17:\"custom_logo_width\";s:0:\"\";s:24:\"custom_sticky_logo_width\";s:0:\"\";s:21:\"page_title_bar_layout\";s:0:\"\";s:29:\"page_title_bar_bottom_spacing\";s:0:\"\";s:31:\"page_title_bar_background_color\";s:0:\"\";s:25:\"page_title_bar_background\";s:0:\"\";s:33:\"page_title_bar_background_overlay\";s:0:\"\";s:29:\"page_title_bar_custom_heading\";s:0:\"\";s:14:\"page_sidebar_1\";s:7:\"default\";s:14:\"page_sidebar_2\";s:7:\"default\";s:21:\"page_sidebar_position\";s:7:\"default\";s:17:\"revolution_slider\";s:0:\"\";s:15:\"slider_position\";s:5:\"below\";s:13:\"footer_enable\";s:0:\"\";}\";"],"_sku":["EB218004"],"_regular_price":["19.99"],"_price":["19.99"],"_product_image_gallery":["7451,7452,7453,7454,7455,7456,7457"],"_thumbnail_id":["7450"],"_edit_lock":["1737875051:1"],"_wp_old_slug":["gel-hand-soap-refill"],"total_sales":["0"],"_tax_class":[""],"_wc_average_rating":["0"],"_wc_review_count":["0"],"rank_math_seo_score":["87"],"rank_math_contentai_score":["a:5:{s:8:\"keywords\";s:5:\"74.51\";s:9:\"wordCount\";s:1:\"0\";s:9:\"linkCount\";s:1:\"0\";s:12:\"headingCount\";s:1:\"0\";s:10:\"mediaCount\";s:1:\"0\";}"],"rank_math_focus_keyword":["Forehead Thermometer"],"rank_math_description":["iHealth No-Touch Forehead Thermometer, Infrared Digital Thermometer for Adults and Kids, Touchless Baby Thermometer, 3 Ultra-Sensitive Sensors, Large LED Digits, Quiet Vibration Feedback, Non Contact"],"rank_math_primary_product_brand":["0"],"rank_math_primary_product_cat":["339"],"rank_math_analytic_object_id":["95"],"rs_page_bg_color":[""],"_wc_gla_synced_at":["1774926044"],"_wc_gla_sync_status":["synced"],"_wc_gla_visibility":["sync-and-show"],"_wc_gla_google_ids":["a:1:{s:2:\"US\";s:20:\"online:en:US:gla_776\";}"],"fb_product_item_id":["9082317505217672"],"_admin_notes":[""],"_custom_product_field":[""],"_global_unique_id":["10888621913568"],"_wc_facebook_sync_enabled":["yes"],"fb_visibility":["yes"],"fb_product_description":[""],"_wc_facebook_product_image_source":["product"],"_wc_facebook_commerce_enabled":["no"],"rank_math_primary_fb_product_set":["0"],"site-sidebar-layout":["default"],"ast-site-content-layout":["default"],"site-content-style":["default"],"site-sidebar-style":["default"],"theme-transparent-header-meta":["default"],"astra-migrate-meta-layouts":["set"],"stick-header-meta":["default"],"wp_statistics_words_count":["221"],"wpil_sync_report3":["1"],"wpil_links_inbound_internal_count":["0"],"wpil_links_inbound_internal_count_data":["eJxLtDKwqq4FAAZPAf4="],"wpil_links_outbound_internal_count":["0"],"wpil_links_outbound_internal_count_data":["eJxLtDKwqq4FAAZPAf4="],"wpil_links_outbound_external_count":["0"],"wpil_links_outbound_external_count_data":["eJxLtDKwqq4FAAZPAf4="],"wpil_sync_report2_time":["2025-01-27T07:29:11+00:00"],"omnisend_last_sync":["2025-05-16T11:05:10+00:00"],"surerank_settings_general":["a:7:{s:9:\"separator\";s:1:\"-\";s:10:\"page_title\";s:21:\"%title% - %site_name%\";s:25:\"auto_generate_description\";b:1;s:16:\"page_description\";s:199:\"iHealth No-Touch Forehead Thermometer, Infrared Digital Thermometer for Adults and Kids, Touchless Baby Thermometer, 3 Ultra-Sensitive Sensors, Large LED Digits, Quiet Vibration Feedback, Non Contact\";s:16:\"auto_description\";s:153:\"iHealth No-Touch Forehead Thermometer, Infrared Digital Thermometer for Adults and Kids, Touchless Baby Thermometer, 3 Ultra-Sensitive Sensors, Large LED\";s:14:\"fallback_image\";s:0:\"\";s:13:\"canonical_url\";s:69:\"https:\/\/pophaw.com\/product\/ihealth-no-touch-forehead-thermometer-pt3\/\";}"],"surerank_settings_post_no_index":["no"],"surerank_settings_post_no_follow":["no"],"surerank_settings_post_no_archive":["no"],"surerank_settings_social":["a:23:{s:15:\"open_graph_tags\";b:1;s:18:\"facebook_meta_tags\";b:1;s:17:\"twitter_meta_tags\";b:1;s:16:\"oembeded_scripts\";b:1;s:17:\"oembeded_og_title\";b:1;s:22:\"oembeded_social_images\";b:1;s:27:\"oembeded_remove_author_name\";b:1;s:17:\"facebook_page_url\";s:54:\"https:\/\/www.facebook.com\/profile.php?id=61571207938497\";s:24:\"facebook_author_fallback\";s:0:\"\";s:17:\"twitter_card_type\";s:19:\"summary_large_image\";s:24:\"twitter_same_as_facebook\";b:1;s:24:\"twitter_profile_username\";s:0:\"\";s:24:\"twitter_profile_fallback\";s:0:\"\";s:14:\"facebook_title\";s:21:\"%title% - %site_name%\";s:20:\"facebook_description\";s:9:\"%content%\";s:18:\"facebook_image_url\";s:57:\"https:\/\/pophaw.com\/wp-content\/uploads\/2019\/04\/image_1.jpg\";s:17:\"facebook_image_id\";i:7450;s:20:\"facebook_image_width\";i:1600;s:21:\"facebook_image_height\";i:1600;s:13:\"twitter_title\";s:21:\"%title% - %site_name%\";s:19:\"twitter_description\";s:9:\"%content%\";s:17:\"twitter_image_url\";s:57:\"https:\/\/pophaw.com\/wp-content\/uploads\/2019\/04\/image_1.jpg\";s:16:\"twitter_image_id\";i:7450;}"],"surerank_migration":["1"],"astra_style_timestamp_css":["1775192991"],"wwpp_product_wholesale_visibility_filter":["all"],"_uag_css_file_name":["uag-css-776.css"],"_wc_gla_mc_status":["approved"],"_uag_page_assets":["a:9:{s:3:\"css\";s:263:\".uag-blocks-common-selector{z-index:var(--z-index-desktop) !important}@media (max-width: 976px){.uag-blocks-common-selector{z-index:var(--z-index-tablet) !important}}@media (max-width: 767px){.uag-blocks-common-selector{z-index:var(--z-index-mobile) !important}}\n\";s:2:\"js\";s:0:\"\";s:18:\"current_block_list\";a:15:{i:0;s:23:\"surecart\/slide-out-cart\";i:1;s:30:\"surecart\/slide-out-cart-header\";i:2;s:29:\"surecart\/slide-out-cart-items\";i:3;s:30:\"surecart\/slide-out-cart-coupon\";i:4;s:32:\"surecart\/slide-out-cart-subtotal\";i:5;s:38:\"surecart\/slide-out-cart-bump-line-item\";i:6;s:30:\"surecart\/slide-out-cart-submit\";i:7;s:11:\"core\/search\";i:8;s:10:\"core\/group\";i:9;s:12:\"core\/heading\";i:10;s:17:\"core\/latest-posts\";i:11;s:20:\"core\/latest-comments\";i:12;s:13:\"core\/archives\";i:13;s:15:\"core\/categories\";i:14;s:14:\"core\/shortcode\";}s:8:\"uag_flag\";b:0;s:11:\"uag_version\";s:10:\"1775168599\";s:6:\"gfonts\";a:0:{}s:10:\"gfonts_url\";s:0:\"\";s:12:\"gfonts_files\";a:0:{}s:14:\"uag_faq_layout\";b:0;}"]},"uagb_featured_image_src":{"full":["https:\/\/pophaw.com\/wp-content\/uploads\/2019\/04\/image_1.jpg",1600,1600,false],"thumbnail":["https:\/\/pophaw.com\/wp-content\/uploads\/2019\/04\/image_1-150x150.jpg",150,150,true],"medium":["https:\/\/pophaw.com\/wp-content\/uploads\/2019\/04\/image_1-300x300.jpg",300,300,true],"medium_large":["https:\/\/pophaw.com\/wp-content\/uploads\/2019\/04\/image_1-768x768.jpg",768,768,true],"large":["https:\/\/pophaw.com\/wp-content\/uploads\/2019\/04\/image_1-1024x1024.jpg",1024,1024,true],"ryviu-small":["https:\/\/pophaw.com\/wp-content\/uploads\/2019\/04\/image_1.jpg",40,40,false],"ryviu-medium":["https:\/\/pophaw.com\/wp-content\/uploads\/2019\/04\/image_1.jpg",132,132,false],"1536x1536":["https:\/\/pophaw.com\/wp-content\/uploads\/2019\/04\/image_1-1536x1536.jpg",1536,1536,true],"2048x2048":["https:\/\/pophaw.com\/wp-content\/uploads\/2019\/04\/image_1.jpg",1600,1600,false],"trp-custom-language-flag":["https:\/\/pophaw.com\/wp-content\/uploads\/2019\/04\/image_1.jpg",12,12,false],"woocommerce_thumbnail":["https:\/\/pophaw.com\/wp-content\/uploads\/2019\/04\/image_1-300x300.jpg",300,300,true],"woocommerce_single":["https:\/\/pophaw.com\/wp-content\/uploads\/2019\/04\/image_1-600x600.jpg",600,600,true],"woocommerce_gallery_thumbnail":["https:\/\/pophaw.com\/wp-content\/uploads\/2019\/04\/image_1-100x100.jpg",100,100,true]},"uagb_author_info":{"display_name":"Dr. Rowan","author_link":"https:\/\/pophaw.com\/es\/author\/"},"uagb_comment_info":0,"uagb_excerpt":"Infrared Digital Thermometer for Adults and Kids, Touchless Baby Thermometer","_links":{"self":[{"href":"https:\/\/pophaw.com\/es\/wp-json\/wp\/v2\/product\/776","targetHints":{"allow":["GET"]}}],"collection":[{"href":"https:\/\/pophaw.com\/es\/wp-json\/wp\/v2\/product"}],"about":[{"href":"https:\/\/pophaw.com\/es\/wp-json\/wp\/v2\/types\/product"}],"wp:featuredmedia":[{"embeddable":true,"href":"https:\/\/pophaw.com\/es\/wp-json\/wp\/v2\/media\/7450"}],"wp:attachment":[{"href":"https:\/\/pophaw.com\/es\/wp-json\/wp\/v2\/media?parent=776"}],"wp:term":[{"taxonomy":"product_brand","embeddable":true,"href":"https:\/\/pophaw.com\/es\/wp-json\/wp\/v2\/product_brand?post=776"},{"taxonomy":"product_cat","embeddable":true,"href":"https:\/\/pophaw.com\/es\/wp-json\/wp\/v2\/product_cat?post=776"},{"taxonomy":"product_tag","embeddable":true,"href":"https:\/\/pophaw.com\/es\/wp-json\/wp\/v2\/product_tag?post=776"}],"curies":[{"name":"wp","href":"https:\/\/api.w.org\/{rel}","templated":true}]}}