{"id":782,"date":"2019-04-28T07:45:56","date_gmt":"2019-04-28T07:45:56","guid":{"rendered":"https:\/\/pophaw.com\/product\/medical-transport-wheelchair\/"},"modified":"2025-01-25T23:04:25","modified_gmt":"2025-01-26T07:04:25","slug":"silla-de-ruedas-para-transporte-sanitario","status":"publish","type":"product","link":"https:\/\/pophaw.com\/es\/producto\/silla-de-ruedas-para-transporte-sanitario\/","title":{"rendered":"Silla de ruedas de transporte sanitario"},"content":{"rendered":"<p>Las sillas de ruedas de transporte facilitan que sus seres queridos y cuidadores le ayuden a desplazarse con comodidad y facilidad. En comparaci\u00f3n con las sillas de ruedas est\u00e1ndar, una silla de transporte requiere que un cuidador empuje la silla. Una silla de transporte es mucho m\u00e1s ligera que una silla de ruedas; adem\u00e1s, es m\u00e1s compacta, lo que facilita los desplazamientos por la ciudad.<\/p>\n<p>Esta silla de ruedas de transporte Medline viene equipada con frenos de mano con bloqueo de lazo que son f\u00e1ciles de accionar e ideales para bloquear las ruedas traseras durante las transferencias. Tambi\u00e9n tiene un cintur\u00f3n de seguridad, que mantiene al pasajero seguro en su lugar, y es compacto cuando se pliega, por lo que es f\u00e1cil de levantar en un coche o llevar por las escaleras. Pesa s\u00f3lo 23,5 libras y est\u00e1 equipada con un cintur\u00f3n de seguridad, una c\u00f3moda tapicer\u00eda de nylon, un reposabrazos permanente de longitud completa y reposapi\u00e9s desmontables.<\/p>\n<h3>Detalles del producto<\/h3>\n<div class=\"product-specs\">\n<ul>\n<li>Marca: Medline<\/li>\n<li>Tipo de producto: Transporte de aluminio<\/li>\n<li>Peso del producto (Lb): 23.50 Lb<\/li>\n<li>Wc Estilo Brazo: Perm Full<\/li>\n<li>Silla Wc Tipo: Transporte<\/li>\n<li>Wc Pierna Estilo: Basculante<\/li>\n<li>Profundidad asiento WC: 16 In<\/li>\n<li>Anchura asiento Wc: 19 In<\/li>\n<\/ul>\n<\/div>","protected":false},"excerpt":{"rendered":"<p>La altura es ideal para cualquier trabajo de oficina, y puede colocar un escritorio sobre la silla de ruedas.<\/p>","protected":false},"featured_media":8938,"template":"","meta":{"bwfblock_default_font":"","_uag_custom_page_level_css":"","site-sidebar-layout":"default","site-content-layout":"","ast-site-content-layout":"default","site-content-style":"default","site-sidebar-style":"default","ast-global-header-display":"","ast-banner-title-visibility":"","ast-main-header-display":"","ast-hfb-above-header-display":"","ast-hfb-below-header-display":"","ast-hfb-mobile-header-display":"","site-post-title":"","ast-breadcrumbs-content":"","ast-featured-img":"","footer-sml-layout":"","ast-disable-related-posts":"","theme-transparent-header-meta":"default","adv-header-id-meta":"","stick-header-meta":"default","header-above-stick-meta":"","header-main-stick-meta":"","header-below-stick-meta":"","astra-migrate-meta-layouts":"set","ast-page-background-enabled":"default","ast-page-background-meta":{"desktop":{"background-color":"","background-image":"","background-repeat":"repeat","background-position":"center center","background-size":"auto","background-attachment":"scroll","background-type":"","background-media":"","overlay-type":"","overlay-color":"","overlay-opacity":"","overlay-gradient":""},"tablet":{"background-color":"","background-image":"","background-repeat":"repeat","background-position":"center center","background-size":"auto","background-attachment":"scroll","background-type":"","background-media":"","overlay-type":"","overlay-color":"","overlay-opacity":"","overlay-gradient":""},"mobile":{"background-color":"","background-image":"","background-repeat":"repeat","background-position":"center center","background-size":"auto","background-attachment":"scroll","background-type":"","background-media":"","overlay-type":"","overlay-color":"","overlay-opacity":"","overlay-gradient":""}},"ast-content-background-meta":{"desktop":{"background-color":"var(--ast-global-color-5)","background-image":"","background-repeat":"repeat","background-position":"center center","background-size":"auto","background-attachment":"scroll","background-type":"","background-media":"","overlay-type":"","overlay-color":"","overlay-opacity":"","overlay-gradient":""},"tablet":{"background-color":"var(--ast-global-color-5)","background-image":"","background-repeat":"repeat","background-position":"center center","background-size":"auto","background-attachment":"scroll","background-type":"","background-media":"","overlay-type":"","overlay-color":"","overlay-opacity":"","overlay-gradient":""},"mobile":{"background-color":"var(--ast-global-color-5)","background-image":"","background-repeat":"repeat","background-position":"center center","background-size":"auto","background-attachment":"scroll","background-type":"","background-media":"","overlay-type":"","overlay-color":"","overlay-opacity":"","overlay-gradient":""}}},"product_brand":[314],"product_cat":[341,336,99,96],"product_tag":[],"class_list":{"0":"post-782","1":"product","2":"type-product","3":"status-publish","4":"has-post-thumbnail","6":"product_brand-medline","7":"product_cat-mobility","8":"product_cat-healthcare-products","9":"product_cat-home-medical-supplies","10":"product_cat-mobility-support","11":"desktop-align-center","12":"tablet-align-center","13":"mobile-align-center","14":"ast-product-gallery-layout-horizontal-slider","15":"ast-product-gallery-with-no-image","16":"ast-magnify-disabled","17":"ast-product-tabs-layout-horizontal","19":"first","20":"instock","21":"shipping-taxable","22":"purchasable","23":"product-type-simple"},"spectra_custom_meta":{"_edit_last":["1"],"insight_product_options":["s:1358:\"a:38:{s:27:\"single_product_layout_style\";s:0:\"\";s:11:\"site_layout\";s:0:\"\";s:10:\"site_width\";s:0:\"\";s:16:\"site_top_spacing\";s:0:\"\";s:19:\"site_bottom_spacing\";s:0:\"\";s:10:\"site_class\";s:0:\"\";s:21:\"site_background_color\";s:0:\"\";s:21:\"site_background_image\";s:0:\"\";s:22:\"site_background_repeat\";s:9:\"no-repeat\";s:26:\"site_background_attachment\";s:0:\"\";s:24:\"site_background_position\";s:0:\"\";s:20:\"site_background_size\";s:0:\"\";s:24:\"content_background_color\";s:0:\"\";s:24:\"content_background_image\";s:0:\"\";s:25:\"content_background_repeat\";s:9:\"no-repeat\";s:27:\"content_background_position\";s:0:\"\";s:12:\"top_bar_type\";s:0:\"\";s:11:\"header_type\";s:0:\"\";s:14:\"header_overlay\";s:0:\"\";s:11:\"header_skin\";s:0:\"\";s:12:\"menu_display\";s:0:\"\";s:13:\"menu_one_page\";s:1:\"0\";s:16:\"custom_dark_logo\";s:0:\"\";s:17:\"custom_light_logo\";s:0:\"\";s:17:\"custom_logo_width\";s:0:\"\";s:24:\"custom_sticky_logo_width\";s:0:\"\";s:21:\"page_title_bar_layout\";s:0:\"\";s:29:\"page_title_bar_bottom_spacing\";s:0:\"\";s:31:\"page_title_bar_background_color\";s:0:\"\";s:25:\"page_title_bar_background\";s:0:\"\";s:33:\"page_title_bar_background_overlay\";s:0:\"\";s:29:\"page_title_bar_custom_heading\";s:0:\"\";s:14:\"page_sidebar_1\";s:7:\"default\";s:14:\"page_sidebar_2\";s:7:\"default\";s:21:\"page_sidebar_position\";s:7:\"default\";s:17:\"revolution_slider\";s:0:\"\";s:15:\"slider_position\";s:5:\"below\";s:13:\"footer_enable\";s:0:\"\";}\";"],"_sku":["EB218016"],"_regular_price":["158"],"total_sales":["1"],"_tax_status":["taxable"],"_manage_stock":["no"],"_backorders":["no"],"_sold_individually":["no"],"_virtual":["no"],"_downloadable":["no"],"_download_limit":["-1"],"_download_expiry":["-1"],"_stock":[null],"_stock_status":["instock"],"_product_version":["9.6.0"],"_price":["158"],"_wp_old_date":["2020-04-28"],"woosw_count":["1"],"woosw_add":["1598826348"],"rs_page_bg_color":[""],"_tax_class":[""],"_wc_average_rating":["4.43"],"_wc_review_count":["7"],"rank_math_focus_keyword":["Transport Wheelchair"],"_edit_lock":["1737875067:1"],"rank_math_analytic_object_id":["92"],"rank_math_seo_score":["85"],"rank_math_description":["Transport wheelchairs make it easier for your loved ones and caregivers to help you get around in comfort and ease."],"_thumbnail_id":["8938"],"_admin_notes":["https:\/\/www.ebay.com\/itm\/264768072956"],"_custom_product_field":[""],"rank_math_primary_product_cat":["341"],"site-sidebar-layout":["default"],"ast-site-content-layout":["default"],"site-content-style":["default"],"site-sidebar-style":["default"],"theme-transparent-header-meta":["default"],"stick-header-meta":["default"],"_wc_rating_count":["a:3:{i:3;i:1;i:4;i:2;i:5;i:4;}"],"_wc_gla_synced_at":["1773802835"],"_wc_gla_sync_status":["synced"],"_wc_gla_visibility":["sync-and-show"],"_wc_gla_google_ids":["a:1:{s:2:\"US\";s:20:\"online:en:US:gla_782\";}"],"fb_product_item_id":["9503465876330644"],"_global_unique_id":["10888621913599"],"_wc_facebook_sync_enabled":["yes"],"fb_visibility":["yes"],"fb_product_description":[""],"_wc_facebook_product_image_source":["product"],"_wc_facebook_commerce_enabled":["no"],"rank_math_primary_product_brand":["314"],"rank_math_primary_fb_product_set":["0"],"astra-migrate-meta-layouts":["set"],"wp_statistics_words_count":["166"],"wpil_sync_report3":["1"],"wpil_links_inbound_internal_count":["0"],"wpil_links_inbound_internal_count_data":["eJxLtDKwqq4FAAZPAf4="],"wpil_links_outbound_internal_count":["0"],"wpil_links_outbound_internal_count_data":["eJxLtDKwqq4FAAZPAf4="],"wpil_links_outbound_external_count":["0"],"wpil_links_outbound_external_count_data":["eJxLtDKwqq4FAAZPAf4="],"wpil_sync_report2_time":["2025-01-27T07:29:11+00:00"],"omnisend_last_sync":["2025-05-16T11:05:10+00:00"],"surerank_settings_general":["a:7:{s:9:\"separator\";s:1:\"-\";s:10:\"page_title\";s:21:\"%title% - %site_name%\";s:25:\"auto_generate_description\";b:1;s:16:\"page_description\";s:115:\"Transport wheelchairs make it easier for your loved ones and caregivers to help you get around in comfort and ease.\";s:16:\"auto_description\";s:151:\"Transport wheelchairs make it easier for your loved ones and caregivers to help you get around in comfort and ease. Compared to standard wheelchairs, a\";s:14:\"fallback_image\";s:0:\"\";s:13:\"canonical_url\";s:56:\"https:\/\/pophaw.com\/product\/medical-transport-wheelchair\/\";}"],"surerank_settings_post_no_index":["no"],"surerank_settings_post_no_follow":["no"],"surerank_settings_post_no_archive":["no"],"surerank_settings_social":["a:23:{s:15:\"open_graph_tags\";b:1;s:18:\"facebook_meta_tags\";b:1;s:17:\"twitter_meta_tags\";b:1;s:16:\"oembeded_scripts\";b:1;s:17:\"oembeded_og_title\";b:1;s:22:\"oembeded_social_images\";b:1;s:27:\"oembeded_remove_author_name\";b:1;s:17:\"facebook_page_url\";s:54:\"https:\/\/www.facebook.com\/profile.php?id=61571207938497\";s:24:\"facebook_author_fallback\";s:0:\"\";s:17:\"twitter_card_type\";s:19:\"summary_large_image\";s:24:\"twitter_same_as_facebook\";b:1;s:24:\"twitter_profile_username\";s:0:\"\";s:24:\"twitter_profile_fallback\";s:0:\"\";s:14:\"facebook_title\";s:21:\"%title% - %site_name%\";s:20:\"facebook_description\";s:9:\"%content%\";s:18:\"facebook_image_url\";s:71:\"https:\/\/pophaw.com\/wp-content\/uploads\/2019\/04\/Transport-Wheelchair.webp\";s:17:\"facebook_image_id\";i:8938;s:20:\"facebook_image_width\";i:1200;s:21:\"facebook_image_height\";i:1186;s:13:\"twitter_title\";s:21:\"%title% - %site_name%\";s:19:\"twitter_description\";s:9:\"%content%\";s:17:\"twitter_image_url\";s:71:\"https:\/\/pophaw.com\/wp-content\/uploads\/2019\/04\/Transport-Wheelchair.webp\";s:16:\"twitter_image_id\";i:8938;}"],"surerank_migration":["1"],"astra_style_timestamp_css":["1775179579"],"wwpp_product_wholesale_visibility_filter":["all"],"_uag_css_file_name":["uag-css-782.css"],"_uag_page_assets":["a:9:{s:3:\"css\";s:263:\".uag-blocks-common-selector{z-index:var(--z-index-desktop) !important}@media (max-width: 976px){.uag-blocks-common-selector{z-index:var(--z-index-tablet) !important}}@media (max-width: 767px){.uag-blocks-common-selector{z-index:var(--z-index-mobile) !important}}\n\";s:2:\"js\";s:0:\"\";s:18:\"current_block_list\";a:15:{i:0;s:23:\"surecart\/slide-out-cart\";i:1;s:30:\"surecart\/slide-out-cart-header\";i:2;s:29:\"surecart\/slide-out-cart-items\";i:3;s:30:\"surecart\/slide-out-cart-coupon\";i:4;s:32:\"surecart\/slide-out-cart-subtotal\";i:5;s:38:\"surecart\/slide-out-cart-bump-line-item\";i:6;s:30:\"surecart\/slide-out-cart-submit\";i:7;s:11:\"core\/search\";i:8;s:10:\"core\/group\";i:9;s:12:\"core\/heading\";i:10;s:17:\"core\/latest-posts\";i:11;s:20:\"core\/latest-comments\";i:12;s:13:\"core\/archives\";i:13;s:15:\"core\/categories\";i:14;s:14:\"core\/shortcode\";}s:8:\"uag_flag\";b:0;s:11:\"uag_version\";s:10:\"1775168599\";s:6:\"gfonts\";a:0:{}s:10:\"gfonts_url\";s:0:\"\";s:12:\"gfonts_files\";a:0:{}s:14:\"uag_faq_layout\";b:0;}"],"_wc_gla_mc_status":["approved"]},"uagb_featured_image_src":{"full":["https:\/\/pophaw.com\/wp-content\/uploads\/2019\/04\/Transport-Wheelchair.webp",1200,1186,false],"thumbnail":["https:\/\/pophaw.com\/wp-content\/uploads\/2019\/04\/Transport-Wheelchair-150x150.webp",150,150,true],"medium":["https:\/\/pophaw.com\/wp-content\/uploads\/2019\/04\/Transport-Wheelchair-300x297.webp",300,297,true],"medium_large":["https:\/\/pophaw.com\/wp-content\/uploads\/2019\/04\/Transport-Wheelchair-768x759.webp",768,759,true],"large":["https:\/\/pophaw.com\/wp-content\/uploads\/2019\/04\/Transport-Wheelchair-1024x1012.webp",1024,1012,true],"ryviu-small":["https:\/\/pophaw.com\/wp-content\/uploads\/2019\/04\/Transport-Wheelchair.webp",40,40,false],"ryviu-medium":["https:\/\/pophaw.com\/wp-content\/uploads\/2019\/04\/Transport-Wheelchair.webp",132,130,false],"1536x1536":["https:\/\/pophaw.com\/wp-content\/uploads\/2019\/04\/Transport-Wheelchair.webp",1200,1186,false],"2048x2048":["https:\/\/pophaw.com\/wp-content\/uploads\/2019\/04\/Transport-Wheelchair.webp",1200,1186,false],"trp-custom-language-flag":["https:\/\/pophaw.com\/wp-content\/uploads\/2019\/04\/Transport-Wheelchair.webp",12,12,false],"woocommerce_thumbnail":["https:\/\/pophaw.com\/wp-content\/uploads\/2019\/04\/Transport-Wheelchair-300x300.webp",300,300,true],"woocommerce_single":["https:\/\/pophaw.com\/wp-content\/uploads\/2019\/04\/Transport-Wheelchair-600x593.webp",600,593,true],"woocommerce_gallery_thumbnail":["https:\/\/pophaw.com\/wp-content\/uploads\/2019\/04\/Transport-Wheelchair-100x100.webp",100,100,true]},"uagb_author_info":{"display_name":"Dr. Rowan","author_link":"https:\/\/pophaw.com\/es\/author\/"},"uagb_comment_info":7,"uagb_excerpt":"The height is ideal for any office work, and you can place a desk over the wheelchair.","_links":{"self":[{"href":"https:\/\/pophaw.com\/es\/wp-json\/wp\/v2\/product\/782","targetHints":{"allow":["GET"]}}],"collection":[{"href":"https:\/\/pophaw.com\/es\/wp-json\/wp\/v2\/product"}],"about":[{"href":"https:\/\/pophaw.com\/es\/wp-json\/wp\/v2\/types\/product"}],"wp:featuredmedia":[{"embeddable":true,"href":"https:\/\/pophaw.com\/es\/wp-json\/wp\/v2\/media\/8938"}],"wp:attachment":[{"href":"https:\/\/pophaw.com\/es\/wp-json\/wp\/v2\/media?parent=782"}],"wp:term":[{"taxonomy":"product_brand","embeddable":true,"href":"https:\/\/pophaw.com\/es\/wp-json\/wp\/v2\/product_brand?post=782"},{"taxonomy":"product_cat","embeddable":true,"href":"https:\/\/pophaw.com\/es\/wp-json\/wp\/v2\/product_cat?post=782"},{"taxonomy":"product_tag","embeddable":true,"href":"https:\/\/pophaw.com\/es\/wp-json\/wp\/v2\/product_tag?post=782"}],"curies":[{"name":"wp","href":"https:\/\/api.w.org\/{rel}","templated":true}]}}