{"id":789,"date":"2019-04-28T07:52:59","date_gmt":"2019-04-28T07:52:59","guid":{"rendered":"https:\/\/pophaw.com\/product\/oxygen-breathing-machine\/"},"modified":"2025-06-29T00:29:38","modified_gmt":"2025-06-29T07:29:38","slug":"respirador-de-oxigeno","status":"publish","type":"product","link":"https:\/\/pophaw.com\/es\/producto\/respirador-de-oxigeno\/","title":{"rendered":"Respirador de ox\u00edgeno port\u00e1til 2en1"},"content":{"rendered":"<p>El \u201cRespirador Port\u00e1til de Ox\u00edgeno 2en1\u201d es un dispositivo compacto dise\u00f1ado para la asistencia respiratoria, que ofrece caudales de ox\u00edgeno ajustables de 1 a 7 litros por minuto con concentraciones de ox\u00edgeno que oscilan entre 30% y 95%.<br \/>\nSu dise\u00f1o port\u00e1til garantiza que los usuarios puedan mantener su r\u00e9gimen de oxigenoterapia tanto en casa como fuera de ella.<\/p>\n<p><strong>Aspectos destacados de Concentrador de ox\u00edgeno dom\u00e9stico 105W\ud83d\udc47<\/strong><\/p>\n<ul>\n<li>1. M\u00e1s detalles de dise\u00f1o, uso m\u00e1s \u00edntimo.<\/li>\n<li>2. Reduce el ruido de 55 dB a 48 dB, repite la optimizaci\u00f3n sobre cada detalle y cuida de forma integral su sue\u00f1o y el de su familia.<\/li>\n<li>3. Aumente el caudal a 7 L por minuto.<\/li>\n<li>4. Proporcionar funciones de atomizaci\u00f3n de inhalaci\u00f3n de ox\u00edgeno dos en uno.<\/li>\n<li>5. A\u00f1adidas funciones de emisi\u00f3n de voz.<\/li>\n<\/ul>\n<p><strong>Caracter\u00edsticas del producto<\/strong><\/p>\n<ul>\n<li><strong>\u2764\ufe0f\u200d\ud83e\ude79 Compacto<\/strong><\/li>\n<\/ul>\n<div>El concentrador de ox\u00edgeno dom\u00e9stico tiene un aspecto minimalista y un tama\u00f1o reducido, de s\u00f3lo 4,5 kg, que satisface las necesidades de los usuarios en distintos tipos de espacios, como dormitorios y salones.<\/div>\n<ul>\n<li><strong>\u2764\ufe0f\u200d\ud83e\ude79 Hasta 95% Concentraci\u00f3n de ox\u00edgeno<\/strong><\/li>\n<\/ul>\n<div>El concentrador de ox\u00edgeno proporciona un tamiz molecular, que es una t\u00e9cnica de tamiz de litio de alta eficiencia utilizada para una fuerte adsorci\u00f3n, un alto rendimiento de ox\u00edgeno y una fuerte estabilidad.<\/div>\n<ul>\n<li><strong>R\u00e1pida disipaci\u00f3n del calor<\/strong><\/li>\n<\/ul>\n<div>El compresor exento de aceite de alta eficiencia sigue proporcion\u00e1ndole potencia de sobrealimentaci\u00f3n, y la fuerte presi\u00f3n del viento mejora significativamente el rendimiento de disipaci\u00f3n del calor de la m\u00e1quina, prolongando eficazmente la vida \u00fatil del generador de ox\u00edgeno.<\/div>\n<ul>\n<li><strong>\u2764\ufe0f\u200d\ud83e\ude79 Control inteligente<\/strong><\/li>\n<\/ul>\n<div>La nueva m\u00e1quina de ox\u00edgeno equip\u00f3 el control inteligente con un gran panel de color IMD. Por ejemplo, la regulaci\u00f3n del flujo, la emisi\u00f3n de voz, el funcionamiento del temporizador y los mandos a distancia por infrarrojos son f\u00e1ciles de manejar a trav\u00e9s del control inteligente.<\/div>\n<div><\/div>\n<div><strong>\u2764\ufe0f\u200d\ud83e\ude79 Sistema de seguridad<\/strong><\/div>\n<ul>\n<li>El concentrador dispone de una funci\u00f3n de detecci\u00f3n de fallos-protecci\u00f3n contra sobrecargas el\u00e9ctricas. Cuando la temperatura de trabajo del generador de ox\u00edgeno es demasiado alta, el sistema se apaga autom\u00e1ticamente.<\/li>\n<\/ul>\n<div><\/div>\n<p><strong>Especificaciones<\/strong><\/p>\n<ul>\n<li>Tama\u00f1o: 305x180x300 mm<\/li>\n<li>Peso: 5,5 kg<\/li>\n<li>Fuente de alimentaci\u00f3n: AC110V 60Hz\/AC220V 50Hz<\/li>\n<li>Potencia de salida: 150VA<\/li>\n<li>Concentraci\u00f3n de ox\u00edgeno: 35%-90%<\/li>\n<li>Flujo de ox\u00edgeno: 1~7L\/min flujo continuo (Ajustable)<\/li>\n<li>Sonido de trabajo: \u226448dB(A)<\/li>\n<li>Tiempo de trabajo: 24h\/7d<\/li>\n<li>Clasificaci\u00f3n el\u00e9ctrica: \u2161<\/li>\n<li>Modo de funcionamiento: continuo<\/li>\n<li>Fabricante : Oxyrilgen<\/li>\n<\/ul>","protected":false},"excerpt":{"rendered":"<p>Funci\u00f3n de apagado autom\u00e1tico: se apaga autom\u00e1ticamente tras alcanzar el tiempo de concentraci\u00f3n de ox\u00edgeno preestablecido.<\/p>","protected":false},"featured_media":9409,"template":"","meta":{"bwfblock_default_font":"","_uag_custom_page_level_css":"","site-sidebar-layout":"default","site-content-layout":"","ast-site-content-layout":"default","site-content-style":"default","site-sidebar-style":"default","ast-global-header-display":"","ast-banner-title-visibility":"","ast-main-header-display":"","ast-hfb-above-header-display":"","ast-hfb-below-header-display":"","ast-hfb-mobile-header-display":"","site-post-title":"","ast-breadcrumbs-content":"","ast-featured-img":"","footer-sml-layout":"","ast-disable-related-posts":"","theme-transparent-header-meta":"default","adv-header-id-meta":"","stick-header-meta":"default","header-above-stick-meta":"","header-main-stick-meta":"","header-below-stick-meta":"","astra-migrate-meta-layouts":"set","ast-page-background-enabled":"default","ast-page-background-meta":{"desktop":{"background-color":"","background-image":"","background-repeat":"repeat","background-position":"center center","background-size":"auto","background-attachment":"scroll","background-type":"","background-media":"","overlay-type":"","overlay-color":"","overlay-opacity":"","overlay-gradient":""},"tablet":{"background-color":"","background-image":"","background-repeat":"repeat","background-position":"center center","background-size":"auto","background-attachment":"scroll","background-type":"","background-media":"","overlay-type":"","overlay-color":"","overlay-opacity":"","overlay-gradient":""},"mobile":{"background-color":"","background-image":"","background-repeat":"repeat","background-position":"center center","background-size":"auto","background-attachment":"scroll","background-type":"","background-media":"","overlay-type":"","overlay-color":"","overlay-opacity":"","overlay-gradient":""}},"ast-content-background-meta":{"desktop":{"background-color":"var(--ast-global-color-5)","background-image":"","background-repeat":"repeat","background-position":"center center","background-size":"auto","background-attachment":"scroll","background-type":"","background-media":"","overlay-type":"","overlay-color":"","overlay-opacity":"","overlay-gradient":""},"tablet":{"background-color":"var(--ast-global-color-5)","background-image":"","background-repeat":"repeat","background-position":"center center","background-size":"auto","background-attachment":"scroll","background-type":"","background-media":"","overlay-type":"","overlay-color":"","overlay-opacity":"","overlay-gradient":""},"mobile":{"background-color":"var(--ast-global-color-5)","background-image":"","background-repeat":"repeat","background-position":"center center","background-size":"auto","background-attachment":"scroll","background-type":"","background-media":"","overlay-type":"","overlay-color":"","overlay-opacity":"","overlay-gradient":""}}},"product_brand":[73],"product_cat":[342,336,311,305],"product_tag":[],"class_list":{"0":"post-789","1":"product","2":"type-product","3":"status-publish","4":"has-post-thumbnail","6":"product_brand-pophaw","7":"product_cat-respiratory-care","8":"product_cat-healthcare-products","9":"product_cat-oxygen-concentrators","10":"product_cat-respiratory-care-products","11":"desktop-align-center","12":"tablet-align-center","13":"mobile-align-center","14":"ast-product-gallery-layout-horizontal-slider","15":"ast-magnify-disabled","16":"ast-product-tabs-layout-horizontal","18":"first","19":"instock","20":"sale","21":"shipping-taxable","22":"purchasable","23":"product-type-simple"},"spectra_custom_meta":{"_edit_last":["1"],"total_sales":["4"],"_tax_status":["taxable"],"_manage_stock":["yes"],"_backorders":["no"],"_sold_individually":["no"],"_virtual":["no"],"_downloadable":["no"],"_download_limit":["-1"],"_download_expiry":["-1"],"_stock":["12"],"_stock_status":["instock"],"_product_version":["9.9.5"],"_wp_old_date":["2020-04-28"],"insight_product_options":["s:1358:\"a:38:{s:27:\"single_product_layout_style\";s:0:\"\";s:11:\"site_layout\";s:0:\"\";s:10:\"site_width\";s:0:\"\";s:16:\"site_top_spacing\";s:0:\"\";s:19:\"site_bottom_spacing\";s:0:\"\";s:10:\"site_class\";s:0:\"\";s:21:\"site_background_color\";s:0:\"\";s:21:\"site_background_image\";s:0:\"\";s:22:\"site_background_repeat\";s:9:\"no-repeat\";s:26:\"site_background_attachment\";s:0:\"\";s:24:\"site_background_position\";s:0:\"\";s:20:\"site_background_size\";s:0:\"\";s:24:\"content_background_color\";s:0:\"\";s:24:\"content_background_image\";s:0:\"\";s:25:\"content_background_repeat\";s:9:\"no-repeat\";s:27:\"content_background_position\";s:0:\"\";s:12:\"top_bar_type\";s:0:\"\";s:11:\"header_type\";s:0:\"\";s:14:\"header_overlay\";s:0:\"\";s:11:\"header_skin\";s:0:\"\";s:12:\"menu_display\";s:0:\"\";s:13:\"menu_one_page\";s:1:\"0\";s:16:\"custom_dark_logo\";s:0:\"\";s:17:\"custom_light_logo\";s:0:\"\";s:17:\"custom_logo_width\";s:0:\"\";s:24:\"custom_sticky_logo_width\";s:0:\"\";s:21:\"page_title_bar_layout\";s:0:\"\";s:29:\"page_title_bar_bottom_spacing\";s:0:\"\";s:31:\"page_title_bar_background_color\";s:0:\"\";s:25:\"page_title_bar_background\";s:0:\"\";s:33:\"page_title_bar_background_overlay\";s:0:\"\";s:29:\"page_title_bar_custom_heading\";s:0:\"\";s:14:\"page_sidebar_1\";s:7:\"default\";s:14:\"page_sidebar_2\";s:7:\"default\";s:21:\"page_sidebar_position\";s:7:\"default\";s:17:\"revolution_slider\";s:0:\"\";s:15:\"slider_position\";s:5:\"below\";s:13:\"footer_enable\";s:0:\"\";}\";"],"_sku":["EB218019"],"_regular_price":["445"],"_sale_price":["339"],"_price":["339"],"woosw_count":["3"],"woosw_add":["1613736281"],"_tax_class":[""],"_wc_average_rating":["0"],"_wc_review_count":["0"],"_edit_lock":["1751182211:1"],"rs_page_bg_color":[""],"rank_math_focus_keyword":["Oxygen Breathing Machine"],"rank_math_analytic_object_id":["89"],"rank_math_seo_score":["87"],"rank_math_description":["The \"2in1 Portable Oxygen Breathing Machine\" is a compact device designed for respiratory support, offering adjustable oxygen flow rates from 1 to 7 liters per minute with oxygen concentrations ranging from 30% to 95%."],"_thumbnail_id":["9409"],"_admin_notes":[""],"_custom_product_field":[""],"_product_image_gallery":["9410,9415,9413,9412,9414,9411"],"rank_math_primary_product_cat":["342"],"rank_math_primary_product_brand":["73"],"site-sidebar-layout":["default"],"ast-site-content-layout":["default"],"site-content-style":["default"],"site-sidebar-style":["default"],"theme-transparent-header-meta":["default"],"stick-header-meta":["default"],"_wc_gla_sync_status":["synced"],"fb_product_group_id":["8870157876406297"],"_wc_gla_synced_at":["1773802835"],"_wc_gla_visibility":["sync-and-show"],"_wc_gla_google_ids":["a:1:{s:2:\"US\";s:20:\"online:en:US:gla_789\";}"],"fb_product_item_id":["8870158139739604"],"_global_unique_id":["10888621913629"],"_wc_facebook_sync_enabled":["yes"],"fb_visibility":["yes"],"fb_product_description":[""],"_wc_facebook_product_image_source":["product"],"_wc_facebook_commerce_enabled":["no"],"rank_math_primary_fb_product_set":["0"],"astra-migrate-meta-layouts":["set"],"wp_statistics_words_count":["325"],"wpil_sync_report3":["1"],"wpil_links_inbound_internal_count":["0"],"wpil_links_inbound_internal_count_data":["eJxLtDKwqq4FAAZPAf4="],"wpil_links_outbound_internal_count":["0"],"wpil_links_outbound_internal_count_data":["eJxLtDKwqq4FAAZPAf4="],"wpil_links_outbound_external_count":["0"],"wpil_links_outbound_external_count_data":["eJxLtDKwqq4FAAZPAf4="],"wpil_sync_report2_time":["2025-01-27T07:29:11+00:00"],"omnisend_last_sync":["2025-06-29T07:29:38+00:00"],"_uag_custom_page_level_css":[""],"site-content-layout":[""],"ast-global-header-display":[""],"ast-banner-title-visibility":[""],"ast-main-header-display":[""],"ast-hfb-above-header-display":[""],"ast-hfb-below-header-display":[""],"ast-hfb-mobile-header-display":[""],"site-post-title":[""],"ast-breadcrumbs-content":[""],"ast-featured-img":[""],"footer-sml-layout":[""],"adv-header-id-meta":[""],"header-above-stick-meta":[""],"header-main-stick-meta":[""],"header-below-stick-meta":[""],"ast-page-background-enabled":["default"],"ast-page-background-meta":["a:3:{s:7:\"desktop\";a:12:{s:16:\"background-color\";s:0:\"\";s:16:\"background-image\";s:0:\"\";s:17:\"background-repeat\";s:6:\"repeat\";s:19:\"background-position\";s:13:\"center center\";s:15:\"background-size\";s:4:\"auto\";s:21:\"background-attachment\";s:6:\"scroll\";s:15:\"background-type\";s:0:\"\";s:16:\"background-media\";s:0:\"\";s:12:\"overlay-type\";s:0:\"\";s:13:\"overlay-color\";s:0:\"\";s:15:\"overlay-opacity\";s:0:\"\";s:16:\"overlay-gradient\";s:0:\"\";}s:6:\"tablet\";a:12:{s:16:\"background-color\";s:0:\"\";s:16:\"background-image\";s:0:\"\";s:17:\"background-repeat\";s:6:\"repeat\";s:19:\"background-position\";s:13:\"center center\";s:15:\"background-size\";s:4:\"auto\";s:21:\"background-attachment\";s:6:\"scroll\";s:15:\"background-type\";s:0:\"\";s:16:\"background-media\";s:0:\"\";s:12:\"overlay-type\";s:0:\"\";s:13:\"overlay-color\";s:0:\"\";s:15:\"overlay-opacity\";s:0:\"\";s:16:\"overlay-gradient\";s:0:\"\";}s:6:\"mobile\";a:12:{s:16:\"background-color\";s:0:\"\";s:16:\"background-image\";s:0:\"\";s:17:\"background-repeat\";s:6:\"repeat\";s:19:\"background-position\";s:13:\"center center\";s:15:\"background-size\";s:4:\"auto\";s:21:\"background-attachment\";s:6:\"scroll\";s:15:\"background-type\";s:0:\"\";s:16:\"background-media\";s:0:\"\";s:12:\"overlay-type\";s:0:\"\";s:13:\"overlay-color\";s:0:\"\";s:15:\"overlay-opacity\";s:0:\"\";s:16:\"overlay-gradient\";s:0:\"\";}}"],"ast-content-background-meta":["a:3:{s:7:\"desktop\";a:12:{s:16:\"background-color\";s:25:\"var(--ast-global-color-5)\";s:16:\"background-image\";s:0:\"\";s:17:\"background-repeat\";s:6:\"repeat\";s:19:\"background-position\";s:13:\"center center\";s:15:\"background-size\";s:4:\"auto\";s:21:\"background-attachment\";s:6:\"scroll\";s:15:\"background-type\";s:0:\"\";s:16:\"background-media\";s:0:\"\";s:12:\"overlay-type\";s:0:\"\";s:13:\"overlay-color\";s:0:\"\";s:15:\"overlay-opacity\";s:0:\"\";s:16:\"overlay-gradient\";s:0:\"\";}s:6:\"tablet\";a:12:{s:16:\"background-color\";s:25:\"var(--ast-global-color-5)\";s:16:\"background-image\";s:0:\"\";s:17:\"background-repeat\";s:6:\"repeat\";s:19:\"background-position\";s:13:\"center center\";s:15:\"background-size\";s:4:\"auto\";s:21:\"background-attachment\";s:6:\"scroll\";s:15:\"background-type\";s:0:\"\";s:16:\"background-media\";s:0:\"\";s:12:\"overlay-type\";s:0:\"\";s:13:\"overlay-color\";s:0:\"\";s:15:\"overlay-opacity\";s:0:\"\";s:16:\"overlay-gradient\";s:0:\"\";}s:6:\"mobile\";a:12:{s:16:\"background-color\";s:25:\"var(--ast-global-color-5)\";s:16:\"background-image\";s:0:\"\";s:17:\"background-repeat\";s:6:\"repeat\";s:19:\"background-position\";s:13:\"center center\";s:15:\"background-size\";s:4:\"auto\";s:21:\"background-attachment\";s:6:\"scroll\";s:15:\"background-type\";s:0:\"\";s:16:\"background-media\";s:0:\"\";s:12:\"overlay-type\";s:0:\"\";s:13:\"overlay-color\";s:0:\"\";s:15:\"overlay-opacity\";s:0:\"\";s:16:\"overlay-gradient\";s:0:\"\";}}"],"_fixed_price_rules":["a:0:{}"],"fb_rich_text_description":[""],"fb_product_video":["a:0:{}"],"fb_brand":[""],"fb_mpn":[""],"fb_size":[""],"fb_color":[""],"fb_material":[""],"fb_pattern":[""],"fb_age_group":[""],"fb_gender":[""],"fb_product_condition":[""],"surerank_settings_general":["a:7:{s:9:\"separator\";s:1:\"-\";s:10:\"page_title\";s:21:\"%title% - %site_name%\";s:25:\"auto_generate_description\";b:1;s:16:\"page_description\";s:210:\"The \"2in1 Portable Oxygen Breathing Machine\" is a compact device designed for respiratory support, offering adjustable oxygen flow rates from 1 to 7 liters per minute with oxygen concentrations ranging from 30.\";s:16:\"auto_description\";s:159:\"The \"2in1 Portable Oxygen Breathing Machine\" is a compact device designed for respiratory support, offering adjustable oxygen flow rates from 1 to 7 liters per\";s:14:\"fallback_image\";s:0:\"\";s:13:\"canonical_url\";s:52:\"https:\/\/pophaw.com\/product\/oxygen-breathing-machine\/\";}"],"surerank_settings_post_no_index":["no"],"surerank_settings_post_no_follow":["no"],"surerank_settings_post_no_archive":["no"],"surerank_settings_social":["a:23:{s:15:\"open_graph_tags\";b:1;s:18:\"facebook_meta_tags\";b:1;s:17:\"twitter_meta_tags\";b:1;s:16:\"oembeded_scripts\";b:1;s:17:\"oembeded_og_title\";b:1;s:22:\"oembeded_social_images\";b:1;s:27:\"oembeded_remove_author_name\";b:1;s:17:\"facebook_page_url\";s:54:\"https:\/\/www.facebook.com\/profile.php?id=61571207938497\";s:24:\"facebook_author_fallback\";s:0:\"\";s:17:\"twitter_card_type\";s:19:\"summary_large_image\";s:24:\"twitter_same_as_facebook\";b:1;s:24:\"twitter_profile_username\";s:0:\"\";s:24:\"twitter_profile_fallback\";s:0:\"\";s:14:\"facebook_title\";s:21:\"%title% - %site_name%\";s:20:\"facebook_description\";s:9:\"%content%\";s:18:\"facebook_image_url\";s:58:\"https:\/\/pophaw.com\/wp-content\/uploads\/2019\/04\/10004-1.webp\";s:17:\"facebook_image_id\";i:9409;s:20:\"facebook_image_width\";i:1600;s:21:\"facebook_image_height\";i:1600;s:13:\"twitter_title\";s:21:\"%title% - %site_name%\";s:19:\"twitter_description\";s:9:\"%content%\";s:17:\"twitter_image_url\";s:58:\"https:\/\/pophaw.com\/wp-content\/uploads\/2019\/04\/10004-1.webp\";s:16:\"twitter_image_id\";i:9409;}"],"surerank_migration":["1"],"astra_style_timestamp_css":["1775174838"],"wwpp_product_wholesale_visibility_filter":["all"],"_uag_css_file_name":["uag-css-789.css"],"_uag_page_assets":["a:9:{s:3:\"css\";s:263:\".uag-blocks-common-selector{z-index:var(--z-index-desktop) !important}@media (max-width: 976px){.uag-blocks-common-selector{z-index:var(--z-index-tablet) !important}}@media (max-width: 767px){.uag-blocks-common-selector{z-index:var(--z-index-mobile) !important}}\n\";s:2:\"js\";s:0:\"\";s:18:\"current_block_list\";a:15:{i:0;s:23:\"surecart\/slide-out-cart\";i:1;s:30:\"surecart\/slide-out-cart-header\";i:2;s:29:\"surecart\/slide-out-cart-items\";i:3;s:30:\"surecart\/slide-out-cart-coupon\";i:4;s:32:\"surecart\/slide-out-cart-subtotal\";i:5;s:38:\"surecart\/slide-out-cart-bump-line-item\";i:6;s:30:\"surecart\/slide-out-cart-submit\";i:7;s:11:\"core\/search\";i:8;s:10:\"core\/group\";i:9;s:12:\"core\/heading\";i:10;s:17:\"core\/latest-posts\";i:11;s:20:\"core\/latest-comments\";i:12;s:13:\"core\/archives\";i:13;s:15:\"core\/categories\";i:14;s:14:\"core\/shortcode\";}s:8:\"uag_flag\";b:0;s:11:\"uag_version\";s:10:\"1775168599\";s:6:\"gfonts\";a:0:{}s:10:\"gfonts_url\";s:0:\"\";s:12:\"gfonts_files\";a:0:{}s:14:\"uag_faq_layout\";b:0;}"],"_wc_gla_mc_status":["approved"]},"uagb_featured_image_src":{"full":["https:\/\/pophaw.com\/wp-content\/uploads\/2019\/04\/10004-1.webp",1600,1600,false],"thumbnail":["https:\/\/pophaw.com\/wp-content\/uploads\/2019\/04\/10004-1-150x150.webp",150,150,true],"medium":["https:\/\/pophaw.com\/wp-content\/uploads\/2019\/04\/10004-1-300x300.webp",300,300,true],"medium_large":["https:\/\/pophaw.com\/wp-content\/uploads\/2019\/04\/10004-1-768x768.webp",768,768,true],"large":["https:\/\/pophaw.com\/wp-content\/uploads\/2019\/04\/10004-1-1024x1024.webp",1024,1024,true],"ryviu-small":["https:\/\/pophaw.com\/wp-content\/uploads\/2019\/04\/10004-1.webp",40,40,false],"ryviu-medium":["https:\/\/pophaw.com\/wp-content\/uploads\/2019\/04\/10004-1.webp",132,132,false],"1536x1536":["https:\/\/pophaw.com\/wp-content\/uploads\/2019\/04\/10004-1-1536x1536.webp",1536,1536,true],"2048x2048":["https:\/\/pophaw.com\/wp-content\/uploads\/2019\/04\/10004-1.webp",1600,1600,false],"trp-custom-language-flag":["https:\/\/pophaw.com\/wp-content\/uploads\/2019\/04\/10004-1.webp",12,12,false],"woocommerce_thumbnail":["https:\/\/pophaw.com\/wp-content\/uploads\/2019\/04\/10004-1-300x300.webp",300,300,true],"woocommerce_single":["https:\/\/pophaw.com\/wp-content\/uploads\/2019\/04\/10004-1-600x600.webp",600,600,true],"woocommerce_gallery_thumbnail":["https:\/\/pophaw.com\/wp-content\/uploads\/2019\/04\/10004-1-100x100.webp",100,100,true]},"uagb_author_info":{"display_name":"Dr. Rowan","author_link":"https:\/\/pophaw.com\/es\/author\/"},"uagb_comment_info":0,"uagb_excerpt":"Automatic shutdown function: automatically shut down after reaching the preset oxygen concentration time.","_links":{"self":[{"href":"https:\/\/pophaw.com\/es\/wp-json\/wp\/v2\/product\/789","targetHints":{"allow":["GET"]}}],"collection":[{"href":"https:\/\/pophaw.com\/es\/wp-json\/wp\/v2\/product"}],"about":[{"href":"https:\/\/pophaw.com\/es\/wp-json\/wp\/v2\/types\/product"}],"wp:featuredmedia":[{"embeddable":true,"href":"https:\/\/pophaw.com\/es\/wp-json\/wp\/v2\/media\/9409"}],"wp:attachment":[{"href":"https:\/\/pophaw.com\/es\/wp-json\/wp\/v2\/media?parent=789"}],"wp:term":[{"taxonomy":"product_brand","embeddable":true,"href":"https:\/\/pophaw.com\/es\/wp-json\/wp\/v2\/product_brand?post=789"},{"taxonomy":"product_cat","embeddable":true,"href":"https:\/\/pophaw.com\/es\/wp-json\/wp\/v2\/product_cat?post=789"},{"taxonomy":"product_tag","embeddable":true,"href":"https:\/\/pophaw.com\/es\/wp-json\/wp\/v2\/product_tag?post=789"}],"curies":[{"name":"wp","href":"https:\/\/api.w.org\/{rel}","templated":true}]}}