{"id":793,"date":"2019-04-28T08:05:54","date_gmt":"2019-04-28T08:05:54","guid":{"rendered":"https:\/\/pophaw.com\/product\/cara-portable-air-compressor\/"},"modified":"2025-06-29T00:39:11","modified_gmt":"2025-06-29T07:39:11","slug":"compresor-de-aire-de-oxigeno-portatil-coche-de-viaje-al-aire-libre","status":"publish","type":"product","link":"https:\/\/pophaw.com\/es\/producto\/compresor-de-aire-de-oxigeno-portatil-coche-de-viaje-al-aire-libre\/","title":{"rendered":"Compresor de aire port\u00e1til de ox\u00edgeno para viajes al aire libre Coche"},"content":{"rendered":"<div class=\"template_header\">\n<h4 class=\"header_title border _w\"><span style=\"font-size: 14pt; color: #000000;\">Ox\u00edgeno port\u00e1til compresor de aire al aire libre de viaje de coches 3L de flujo de aire w \/ Bolsa de la bater\u00eda<\/span><\/h4>\n<\/div>\n<div class=\"description _w border\">\n<div class=\"description_text auto-w\">\n<div class=\"template_text\">\n<p><span style=\"color: #000000;\"><strong>US STOCK: 1 D\u00eda laborable Tiempo de entrega. 3-5 D\u00edas Laborables de Entrega.<\/strong><\/span><\/p>\n<p><span style=\"color: #000000;\"><strong>Aspectos destacados del NT-05\uff1a<\/strong><\/span><\/p>\n<ul>\n<li><span style=\"color: #000000;\">Flujo continuo de 3L\u00a0<\/span><\/li>\n<li><span style=\"color: #000000;\">S\u00f3lo 3,3 libras de peso ligero\u00a0<\/span><\/li>\n<li><span style=\"color: #000000;\">2-3 horas de duraci\u00f3n de la bater\u00eda<\/span><\/li>\n<li><span style=\"color: #000000;\">Bater\u00eda reemplazable (no necesita cargador)<\/span><\/li>\n<li><span style=\"color: #000000;\">Juegos completos de accesorios<\/span><\/li>\n<li><span style=\"color: #000000;\">Carga en el coche<\/span><\/li>\n<li><span style=\"color: #000000;\">Pr\u00e1ctica bolsa de transporte gratuita<\/span><\/li>\n<\/ul>\n<p><span style=\"color: #000000;\"><strong>Tres opciones de carga diferentes<\/strong><\/span><\/p>\n<ul>\n<li><span style=\"color: #000000;\">\u2705<em>Fuente de alimentaci\u00f3n de CA\u00a0<\/em>- Hogar\/oficina\/hotel\/uso interior<\/span><\/li>\n<li><span style=\"color: #000000;\">\u2705<em>Fuente de alimentaci\u00f3n CC<\/em>- Uso del coche<\/span><\/li>\n<li><span style=\"color: #000000;\">\u2705<em>Bater\u00eda extra.\u00a0<\/em>Uso exterior<\/span><\/li>\n<\/ul>\n<p><span style=\"color: #000000;\"><strong>Especificaciones<\/strong><\/span><\/p>\n<ul>\n<li><span style=\"color: #000000;\">Modo de flujo de ox\u00edgeno: Ajuste de flujo continuo<\/span><\/li>\n<li><span style=\"color: #000000;\">Caudal de ox\u00edgeno: Estable 3 L\/min (LPM)<\/span><\/li>\n<li><span style=\"color: #000000;\">Concentraci\u00f3n de ox\u00edgeno: 30% \u00b1 2,5% en todos los ajustes<\/span><\/li>\n<li><span style=\"color: #000000;\">Peso del art\u00edculo: 1,49 kg (3,3 lb)<\/span><\/li>\n<li><span style=\"color: #000000;\">Tama\u00f1o del art\u00edculo: 9.05*3.7*5.51inches<\/span><\/li>\n<li><span style=\"color: #000000;\">Bater\u00eda de 2500 mAh Peso: Incluida en el paquete, son 0,61 lbs (0,28kg)<\/span><\/li>\n<li><span style=\"color: #000000;\">Duraci\u00f3n de la bater\u00eda: 2 horas<\/span><\/li>\n<li><span style=\"color: #000000;\">Tiempo de trabajo: : 20 minutos, 40 minutos, 60 minutos, 120 minutos (ajustable)<\/span><\/li>\n<li><span style=\"color: #000000;\">Fuente de alimentaci\u00f3n: Bater\u00eda recargable\/ Adaptador de corriente alterna\/ Convertidor de coche<\/span><\/li>\n<\/ul>\n<p><span style=\"color: #000000;\"><strong>Contenido del paquete:<\/strong><\/span><\/p>\n<ul>\n<li><span style=\"color: #000000;\">1 x M\u00e1quina principal<\/span><\/li>\n<li><span style=\"color: #000000;\">1 adaptador de CA<\/span><\/li>\n<li><span style=\"color: #000000;\">1 x Inhalador desechable<\/span><\/li>\n<li><span style=\"color: #000000;\">1 x Bater\u00eda externa<\/span><\/li>\n<li><span style=\"color: #000000;\">1 x Bolsa<\/span><\/li>\n<li><span style=\"color: #000000;\">1 x L\u00ednea de coches<\/span><\/li>\n<li><span style=\"color: #000000;\">1 x Manual de usuario<\/span><\/li>\n<li><span style=\"color: #000000;\">1 x Tarjeta de garant\u00eda<\/span><\/li>\n<\/ul>\n<p><span style=\"color: #000000;\">Compresor de aire de ox\u00edgeno port\u00e1til, flujo continuo de 3L, ligero (3,3 lbs), duraci\u00f3n de la bater\u00eda de 2-3 horas, incluye bolsa de transporte y accesorios, carga en el coche para mayor comodidad.<\/span><\/p>\n<\/div>\n<\/div>\n<\/div>","protected":false},"excerpt":{"rendered":"<p><span style=\"color: #808080;\">Alarma inteligente, cuida tu salud<\/span><\/p>","protected":false},"featured_media":8891,"template":"","meta":{"bwfblock_default_font":"","_uag_custom_page_level_css":"","site-sidebar-layout":"default","site-content-layout":"","ast-site-content-layout":"default","site-content-style":"default","site-sidebar-style":"default","ast-global-header-display":"","ast-banner-title-visibility":"","ast-main-header-display":"","ast-hfb-above-header-display":"","ast-hfb-below-header-display":"","ast-hfb-mobile-header-display":"","site-post-title":"","ast-breadcrumbs-content":"","ast-featured-img":"","footer-sml-layout":"","ast-disable-related-posts":"","theme-transparent-header-meta":"default","adv-header-id-meta":"","stick-header-meta":"default","header-above-stick-meta":"","header-main-stick-meta":"","header-below-stick-meta":"","astra-migrate-meta-layouts":"set","ast-page-background-enabled":"default","ast-page-background-meta":{"desktop":{"background-color":"","background-image":"","background-repeat":"repeat","background-position":"center center","background-size":"auto","background-attachment":"scroll","background-type":"","background-media":"","overlay-type":"","overlay-color":"","overlay-opacity":"","overlay-gradient":""},"tablet":{"background-color":"","background-image":"","background-repeat":"repeat","background-position":"center center","background-size":"auto","background-attachment":"scroll","background-type":"","background-media":"","overlay-type":"","overlay-color":"","overlay-opacity":"","overlay-gradient":""},"mobile":{"background-color":"","background-image":"","background-repeat":"repeat","background-position":"center center","background-size":"auto","background-attachment":"scroll","background-type":"","background-media":"","overlay-type":"","overlay-color":"","overlay-opacity":"","overlay-gradient":""}},"ast-content-background-meta":{"desktop":{"background-color":"var(--ast-global-color-5)","background-image":"","background-repeat":"repeat","background-position":"center center","background-size":"auto","background-attachment":"scroll","background-type":"","background-media":"","overlay-type":"","overlay-color":"","overlay-opacity":"","overlay-gradient":""},"tablet":{"background-color":"var(--ast-global-color-5)","background-image":"","background-repeat":"repeat","background-position":"center center","background-size":"auto","background-attachment":"scroll","background-type":"","background-media":"","overlay-type":"","overlay-color":"","overlay-opacity":"","overlay-gradient":""},"mobile":{"background-color":"var(--ast-global-color-5)","background-image":"","background-repeat":"repeat","background-position":"center center","background-size":"auto","background-attachment":"scroll","background-type":"","background-media":"","overlay-type":"","overlay-color":"","overlay-opacity":"","overlay-gradient":""}}},"product_brand":[73],"product_cat":[342,336,310,305],"product_tag":[],"class_list":{"0":"post-793","1":"product","2":"type-product","3":"status-publish","4":"has-post-thumbnail","6":"product_brand-pophaw","7":"product_cat-respiratory-care","8":"product_cat-healthcare-products","9":"product_cat-nebulizers-inhalers","10":"product_cat-respiratory-care-products","11":"desktop-align-center","12":"tablet-align-center","13":"mobile-align-center","14":"ast-product-gallery-layout-horizontal-slider","15":"ast-magnify-disabled","16":"ast-product-tabs-layout-horizontal","18":"first","19":"instock","20":"shipping-taxable","21":"purchasable","22":"product-type-simple"},"spectra_custom_meta":{"_edit_last":["1"],"total_sales":["4"],"_tax_status":["taxable"],"_manage_stock":["yes"],"_backorders":["no"],"_sold_individually":["no"],"_virtual":["no"],"_downloadable":["no"],"_download_limit":["-1"],"_download_expiry":["-1"],"_stock":["30"],"_stock_status":["instock"],"_wc_average_rating":["5.00"],"_wc_review_count":["2"],"_product_version":["9.9.5"],"_wp_old_date":["2020-04-28"],"insight_product_options":["1"],"_sku":["EB218011"],"_regular_price":["348"],"_price":["348"],"_product_image_gallery":["8892,8893,8894,8896,10312,8898,8895"],"_wc_rating_count":["a:1:{i:5;i:2;}"],"woosw_count":["16"],"woosw_add":["1604301589"],"woosw_remove":["1590515258"],"_tax_class":[""],"rs_page_bg_color":[""],"rank_math_focus_keyword":["Portable Oxygen Air Compressor"],"_edit_lock":["1751182949:1"],"rank_math_analytic_object_id":["86"],"rank_math_primary_product_cat":["342"],"rank_math_auto_redirect":["a:1:{i:0;i:5;}"],"_wp_old_slug":["cara-portable-air-compressor"],"rank_math_seo_score":["86"],"rank_math_description":["Portable Oxygen Air Compressor, 3L continuous flow, lightweight (3.3 lbs), 2-3 hours battery life, includes carry bag and accessories, car charging for convenience."],"_thumbnail_id":["8891"],"_admin_notes":["https:\/\/www.ebay.com\/itm\/356237082313"],"_custom_product_field":[""],"site-sidebar-layout":["default"],"ast-site-content-layout":["default"],"site-content-style":["default"],"site-sidebar-style":["default"],"theme-transparent-header-meta":["default"],"stick-header-meta":["default"],"_wc_gla_sync_status":["synced"],"fb_product_group_id":["8986396338107723"],"_wc_gla_synced_at":["1776049266"],"_wc_gla_visibility":["sync-and-show"],"_wc_gla_google_ids":["a:1:{s:2:\"US\";s:20:\"online:en:US:gla_793\";}"],"fb_product_item_id":["8986396581441032"],"_global_unique_id":["10888621913650"],"_wc_facebook_sync_enabled":["yes"],"fb_visibility":["yes"],"fb_product_description":[""],"_wc_facebook_product_image_source":["product"],"_wc_facebook_commerce_enabled":["no"],"rank_math_primary_product_brand":["73"],"rank_math_primary_fb_product_set":["0"],"classic-editor-remember":["classic-editor"],"astra-migrate-meta-layouts":["set"],"wp_statistics_words_count":["189"],"wpil_sync_report3":["1"],"wpil_links_inbound_internal_count":["0"],"wpil_links_inbound_internal_count_data":["eJxLtDKwqq4FAAZPAf4="],"wpil_links_outbound_internal_count":["0"],"wpil_links_outbound_internal_count_data":["eJxLtDKwqq4FAAZPAf4="],"wpil_links_outbound_external_count":["0"],"wpil_links_outbound_external_count_data":["eJxLtDKwqq4FAAZPAf4="],"wpil_sync_report2_time":["2025-01-27T07:29:11+00:00"],"omnisend_last_sync":["2025-06-29T07:39:11+00:00"],"_uag_custom_page_level_css":[""],"site-content-layout":[""],"ast-global-header-display":[""],"ast-banner-title-visibility":[""],"ast-main-header-display":[""],"ast-hfb-above-header-display":[""],"ast-hfb-below-header-display":[""],"ast-hfb-mobile-header-display":[""],"site-post-title":[""],"ast-breadcrumbs-content":[""],"ast-featured-img":[""],"footer-sml-layout":[""],"adv-header-id-meta":[""],"header-above-stick-meta":[""],"header-main-stick-meta":[""],"header-below-stick-meta":[""],"ast-page-background-enabled":["default"],"ast-page-background-meta":["a:3:{s:7:\"desktop\";a:12:{s:16:\"background-color\";s:0:\"\";s:16:\"background-image\";s:0:\"\";s:17:\"background-repeat\";s:6:\"repeat\";s:19:\"background-position\";s:13:\"center center\";s:15:\"background-size\";s:4:\"auto\";s:21:\"background-attachment\";s:6:\"scroll\";s:15:\"background-type\";s:0:\"\";s:16:\"background-media\";s:0:\"\";s:12:\"overlay-type\";s:0:\"\";s:13:\"overlay-color\";s:0:\"\";s:15:\"overlay-opacity\";s:0:\"\";s:16:\"overlay-gradient\";s:0:\"\";}s:6:\"tablet\";a:12:{s:16:\"background-color\";s:0:\"\";s:16:\"background-image\";s:0:\"\";s:17:\"background-repeat\";s:6:\"repeat\";s:19:\"background-position\";s:13:\"center center\";s:15:\"background-size\";s:4:\"auto\";s:21:\"background-attachment\";s:6:\"scroll\";s:15:\"background-type\";s:0:\"\";s:16:\"background-media\";s:0:\"\";s:12:\"overlay-type\";s:0:\"\";s:13:\"overlay-color\";s:0:\"\";s:15:\"overlay-opacity\";s:0:\"\";s:16:\"overlay-gradient\";s:0:\"\";}s:6:\"mobile\";a:12:{s:16:\"background-color\";s:0:\"\";s:16:\"background-image\";s:0:\"\";s:17:\"background-repeat\";s:6:\"repeat\";s:19:\"background-position\";s:13:\"center center\";s:15:\"background-size\";s:4:\"auto\";s:21:\"background-attachment\";s:6:\"scroll\";s:15:\"background-type\";s:0:\"\";s:16:\"background-media\";s:0:\"\";s:12:\"overlay-type\";s:0:\"\";s:13:\"overlay-color\";s:0:\"\";s:15:\"overlay-opacity\";s:0:\"\";s:16:\"overlay-gradient\";s:0:\"\";}}"],"ast-content-background-meta":["a:3:{s:7:\"desktop\";a:12:{s:16:\"background-color\";s:25:\"var(--ast-global-color-5)\";s:16:\"background-image\";s:0:\"\";s:17:\"background-repeat\";s:6:\"repeat\";s:19:\"background-position\";s:13:\"center center\";s:15:\"background-size\";s:4:\"auto\";s:21:\"background-attachment\";s:6:\"scroll\";s:15:\"background-type\";s:0:\"\";s:16:\"background-media\";s:0:\"\";s:12:\"overlay-type\";s:0:\"\";s:13:\"overlay-color\";s:0:\"\";s:15:\"overlay-opacity\";s:0:\"\";s:16:\"overlay-gradient\";s:0:\"\";}s:6:\"tablet\";a:12:{s:16:\"background-color\";s:25:\"var(--ast-global-color-5)\";s:16:\"background-image\";s:0:\"\";s:17:\"background-repeat\";s:6:\"repeat\";s:19:\"background-position\";s:13:\"center center\";s:15:\"background-size\";s:4:\"auto\";s:21:\"background-attachment\";s:6:\"scroll\";s:15:\"background-type\";s:0:\"\";s:16:\"background-media\";s:0:\"\";s:12:\"overlay-type\";s:0:\"\";s:13:\"overlay-color\";s:0:\"\";s:15:\"overlay-opacity\";s:0:\"\";s:16:\"overlay-gradient\";s:0:\"\";}s:6:\"mobile\";a:12:{s:16:\"background-color\";s:25:\"var(--ast-global-color-5)\";s:16:\"background-image\";s:0:\"\";s:17:\"background-repeat\";s:6:\"repeat\";s:19:\"background-position\";s:13:\"center center\";s:15:\"background-size\";s:4:\"auto\";s:21:\"background-attachment\";s:6:\"scroll\";s:15:\"background-type\";s:0:\"\";s:16:\"background-media\";s:0:\"\";s:12:\"overlay-type\";s:0:\"\";s:13:\"overlay-color\";s:0:\"\";s:15:\"overlay-opacity\";s:0:\"\";s:16:\"overlay-gradient\";s:0:\"\";}}"],"_fixed_price_rules":["a:0:{}"],"fb_rich_text_description":[""],"fb_product_video":["a:0:{}"],"fb_brand":[""],"fb_mpn":[""],"fb_size":[""],"fb_color":[""],"fb_material":[""],"fb_pattern":[""],"fb_age_group":[""],"fb_gender":[""],"fb_product_condition":[""],"surerank_settings_general":["a:7:{s:9:\"separator\";s:1:\"-\";s:10:\"page_title\";s:21:\"%title% - %site_name%\";s:25:\"auto_generate_description\";b:1;s:16:\"page_description\";s:164:\"Portable Oxygen Air Compressor, 3L continuous flow, lightweight (3.3 lbs), 2-3 hours battery life, includes carry bag and accessories, car charging for convenience.\";s:16:\"auto_description\";s:159:\"Portable Oxygen Air Compressor Outdoor Travel Car 3L Airflow w\/ Battery Bag US STOCK: 1 Working Day Handle Time. 3-5 Business Delivery Days NT-05 Highlights\uff1a\";s:14:\"fallback_image\";s:0:\"\";s:13:\"canonical_url\";s:77:\"https:\/\/pophaw.com\/product\/portable-oxygen-air-compressor-outdoor-travel-car\/\";}"],"surerank_settings_post_no_index":["no"],"surerank_settings_post_no_follow":["no"],"surerank_settings_post_no_archive":["no"],"surerank_settings_social":["a:23:{s:15:\"open_graph_tags\";b:1;s:18:\"facebook_meta_tags\";b:1;s:17:\"twitter_meta_tags\";b:1;s:16:\"oembeded_scripts\";b:1;s:17:\"oembeded_og_title\";b:1;s:22:\"oembeded_social_images\";b:1;s:27:\"oembeded_remove_author_name\";b:1;s:17:\"facebook_page_url\";s:54:\"https:\/\/www.facebook.com\/profile.php?id=61571207938497\";s:24:\"facebook_author_fallback\";s:0:\"\";s:17:\"twitter_card_type\";s:19:\"summary_large_image\";s:24:\"twitter_same_as_facebook\";b:1;s:24:\"twitter_profile_username\";s:0:\"\";s:24:\"twitter_profile_fallback\";s:0:\"\";s:14:\"facebook_title\";s:21:\"%title% - %site_name%\";s:20:\"facebook_description\";s:9:\"%content%\";s:18:\"facebook_image_url\";s:56:\"https:\/\/pophaw.com\/wp-content\/uploads\/2019\/04\/10004.webp\";s:17:\"facebook_image_id\";i:8891;s:20:\"facebook_image_width\";i:1000;s:21:\"facebook_image_height\";i:1000;s:13:\"twitter_title\";s:21:\"%title% - %site_name%\";s:19:\"twitter_description\";s:9:\"%content%\";s:17:\"twitter_image_url\";s:56:\"https:\/\/pophaw.com\/wp-content\/uploads\/2019\/04\/10004.webp\";s:16:\"twitter_image_id\";i:8891;}"],"surerank_migration":["1"],"astra_style_timestamp_css":["1776885416"],"wwpp_product_wholesale_visibility_filter":["all"],"_uag_css_file_name":["uag-css-793.css"],"rank_math_internal_links_processed":["1"],"_uag_page_assets":["a:9:{s:3:\"css\";s:260:\".uag-blocks-common-selector{z-index:var(--z-index-desktop) !important}@media(max-width: 976px){.uag-blocks-common-selector{z-index:var(--z-index-tablet) !important}}@media(max-width: 767px){.uag-blocks-common-selector{z-index:var(--z-index-mobile) !important}}\";s:2:\"js\";s:0:\"\";s:18:\"current_block_list\";a:15:{i:0;s:23:\"surecart\/slide-out-cart\";i:1;s:30:\"surecart\/slide-out-cart-header\";i:2;s:29:\"surecart\/slide-out-cart-items\";i:3;s:30:\"surecart\/slide-out-cart-coupon\";i:4;s:32:\"surecart\/slide-out-cart-subtotal\";i:5;s:38:\"surecart\/slide-out-cart-bump-line-item\";i:6;s:30:\"surecart\/slide-out-cart-submit\";i:7;s:11:\"core\/search\";i:8;s:10:\"core\/group\";i:9;s:12:\"core\/heading\";i:10;s:17:\"core\/latest-posts\";i:11;s:20:\"core\/latest-comments\";i:12;s:13:\"core\/archives\";i:13;s:15:\"core\/categories\";i:14;s:14:\"core\/shortcode\";}s:8:\"uag_flag\";b:0;s:11:\"uag_version\";s:10:\"1776869369\";s:6:\"gfonts\";a:0:{}s:10:\"gfonts_url\";s:0:\"\";s:12:\"gfonts_files\";a:0:{}s:14:\"uag_faq_layout\";b:0;}"],"_wc_gla_mc_status":["approved"]},"uagb_featured_image_src":{"full":["https:\/\/pophaw.com\/wp-content\/uploads\/2019\/04\/10004.webp",1000,1000,false],"thumbnail":["https:\/\/pophaw.com\/wp-content\/uploads\/2019\/04\/10004-150x150.webp",150,150,true],"medium":["https:\/\/pophaw.com\/wp-content\/uploads\/2019\/04\/10004-300x300.webp",300,300,true],"medium_large":["https:\/\/pophaw.com\/wp-content\/uploads\/2019\/04\/10004-768x768.webp",768,768,true],"large":["https:\/\/pophaw.com\/wp-content\/uploads\/2019\/04\/10004.webp",1000,1000,false],"ryviu-small":["https:\/\/pophaw.com\/wp-content\/uploads\/2019\/04\/10004.webp",40,40,false],"ryviu-medium":["https:\/\/pophaw.com\/wp-content\/uploads\/2019\/04\/10004.webp",132,132,false],"1536x1536":["https:\/\/pophaw.com\/wp-content\/uploads\/2019\/04\/10004.webp",1000,1000,false],"2048x2048":["https:\/\/pophaw.com\/wp-content\/uploads\/2019\/04\/10004.webp",1000,1000,false],"trp-custom-language-flag":["https:\/\/pophaw.com\/wp-content\/uploads\/2019\/04\/10004.webp",12,12,false],"woocommerce_thumbnail":["https:\/\/pophaw.com\/wp-content\/uploads\/2019\/04\/10004-300x300.webp",300,300,true],"woocommerce_single":["https:\/\/pophaw.com\/wp-content\/uploads\/2019\/04\/10004-600x600.webp",600,600,true],"woocommerce_gallery_thumbnail":["https:\/\/pophaw.com\/wp-content\/uploads\/2019\/04\/10004-100x100.webp",100,100,true]},"uagb_author_info":{"display_name":"Dr. Rowan","author_link":"https:\/\/pophaw.com\/es\/author\/"},"uagb_comment_info":2,"uagb_excerpt":"Intelligent Alarm, Caring For Your Health","_links":{"self":[{"href":"https:\/\/pophaw.com\/es\/wp-json\/wp\/v2\/product\/793","targetHints":{"allow":["GET"]}}],"collection":[{"href":"https:\/\/pophaw.com\/es\/wp-json\/wp\/v2\/product"}],"about":[{"href":"https:\/\/pophaw.com\/es\/wp-json\/wp\/v2\/types\/product"}],"wp:featuredmedia":[{"embeddable":true,"href":"https:\/\/pophaw.com\/es\/wp-json\/wp\/v2\/media\/8891"}],"wp:attachment":[{"href":"https:\/\/pophaw.com\/es\/wp-json\/wp\/v2\/media?parent=793"}],"wp:term":[{"taxonomy":"product_brand","embeddable":true,"href":"https:\/\/pophaw.com\/es\/wp-json\/wp\/v2\/product_brand?post=793"},{"taxonomy":"product_cat","embeddable":true,"href":"https:\/\/pophaw.com\/es\/wp-json\/wp\/v2\/product_cat?post=793"},{"taxonomy":"product_tag","embeddable":true,"href":"https:\/\/pophaw.com\/es\/wp-json\/wp\/v2\/product_tag?post=793"}],"curies":[{"name":"wp","href":"https:\/\/api.w.org\/{rel}","templated":true}]}}