{"id":799,"date":"2019-04-28T08:14:13","date_gmt":"2019-04-28T08:14:13","guid":{"rendered":"https:\/\/pophaw.com\/product\/surgical-sponge\/"},"modified":"2025-01-25T23:10:16","modified_gmt":"2025-01-26T07:10:16","slug":"almohada-nasal-mascarilla-universal","status":"publish","type":"product","link":"https:\/\/pophaw.com\/es\/producto\/almohada-nasal-mascarilla-universal\/","title":{"rendered":"Almohada Nasal Mascarilla Universal"},"content":{"rendered":"<p><b>Almohada Nasal Universal PM1 Apnea del Sue\u00f1o Mascara Nasal Para Cpap&amp;Bipap Con S\/M\/L 3 Tama\u00f1os Almohadillas de Silicona<\/b><\/p>\n<div>POR FAVOR, PRESTE ATENCI\u00d3N<\/div>\n<div><\/div>\n<div>1. \u00a1M\u00e1scara nasal de la almohadilla que el di\u00e1metro del tubo es 22m m que es conveniente para cualquier marca de la m\u00e1quina de Cpap&amp;Bipap, compra por favor con confianza!<\/div>\n<div>2. Nuestra m\u00e1scara de almohadilla nasal es un conjunto completo, que incluye almohadillas nasales (S, M, L) y una m\u00e1scara de manguera de 45 cm e instrucciones.<\/div>\n<div><\/div>\n<div>Recordatorio suave\uff1a<\/div>\n<div><\/div>\n<div>Las mascarillas nasales son consumibles m\u00e9dicos. Por su salud, mant\u00e9ngalas regularmente (s\u00e1queles agua limpia cada semana y sustit\u00fayalas cada seis meses).<\/div>\n<div>Las Marcas de Maquinas CPAP para Resoxy Nasal Pillow Masks son las siguientes:<\/div>\n<div>Resmed, Philips, Resmart, Luna, Yuwell, COFOE, Curative, Fisher &amp; Paykel, Weinmann, Micome.<\/div>\n<div><\/div>\n<div>Descripci\u00f3n general de la mascarilla nasal CPAP:<\/div>\n<div><\/div>\n<div>La mascarilla nasal con almohadilla es una mascarilla de contacto m\u00ednimo que ofrece la m\u00e1xima libertad. Con un marco fino de silicona y almohadillas de doble pared, la RESOXY es ligera y c\u00f3moda, a la vez que segura y eficaz. No se requiere receta m\u00e9dica para la compra de estos componentes de la mascarilla.<\/div>\n<div><\/div>\n<div>M\u00e1scara CPAP con almohadilla nasal Caracter\u00edsticas:<\/div>\n<div><\/div>\n<div>1. Escape Poroso: F\u00e1cil Y C\u00f3modo: Dise\u00f1o Mejorado Del Agujero Del Escape Para Reducir El Ruido Durante Su Uso.<\/div>\n<div>2. C\u00f3modo Sin Marcas De Presi\u00f3n: Adecuado Para Pacientes Que Llevan Gafas. 3. Diadema Ultra Ligera Y Suave, Haci\u00e9ndole Casi Imperceptible De Su Existencia, Con Menor Contacto Con La Piel, El Tratamiento Multinivel Proporciona Con Libertad Y Comodidad.<\/div>\n<div>3. Tubo De Curva Flexible: Con un di\u00e1metro exterior de 22 Mm, es adecuado para todas las m\u00e1quinas Cpap. Los tubos doblados ultra ligeros y ultra suaves son ligeros, flexibles, no se deforman f\u00e1cilmente, desmontables y f\u00e1ciles de limpiar.<\/div>\n<div>4.El codo giratorio 360\u00b0 garantiza la comodidad a la vez que aumenta la libertad. No se limita a ubicaciones fijas.<\/div>\n<div>5. Dise\u00f1o de tres especificaciones de tama\u00f1o para diferentes grupos de personas: Disponible en tama\u00f1os de almohada S, M y L.<\/div>\n<div>6. Almohadilla De Silicona Suave C\u00f3modo Y F\u00e1cil De Reemplazar Material De Silicona Suave Y Saludable, Satisfaciendo Su \u201cToque Delicado\u201d.\u201d<\/div>\n<div>7. M\u00e1s ligero y m\u00e1s c\u00f3modo: Calidad Ligero Proporciona Una C\u00f3moda Experiencia De Uso Con Dise\u00f1os Ergon\u00f3micos Esforzarse Por Proporcionar A Los Usuarios Con Somos Capaces De Sentir.<\/div>\n<div><\/div>\n<div>Resumen de la configuraci\u00f3n:<\/div>\n<div><\/div>\n<div>Resumen de configuraci\u00f3n: Cinta craneal, brazo esquel\u00e9tico, almohadilla de silicona (S, M,<\/div>\n<div>L),Juego de vigas \u00f3seas<\/div>\n<div><\/div>\n<div>Gu\u00eda de funcionamiento\uff1a<\/div>\n<div><\/div>\n<div>1. Interfaz de tuber\u00eda flexible: Interfaz de tuber\u00eda de control Sin otros accesorios<\/div>\n<div>2. Conecte la mascarilla: Alinee el tubo con la mascarilla nasal e inserte el conector<\/div>\n<div>3. Efecto final:Conexi\u00f3n finalizada, imagen de visualizaci\u00f3n del efecto<\/div>\n<div><\/div>\n<div><\/div>\n<div>Problemas habituales de conexi\u00f3n an\u00f3mala de tuber\u00edas<\/div>\n<div>1. La hebilla del conducto sobrante del antiguo conector de la mascarilla nasal est\u00e1 bloqueada y no se puede enlazar. 2. Retire el cuerpo extra\u00f1o en la tuber\u00eda 3. La carne de la boca de la tuber\u00eda est\u00e1 blanda y se puede apretar 4. No hay ning\u00fan cuerpo extra\u00f1o en la boca de la tuber\u00eda antes de enlazarla<\/div>\n<div><\/div>\n<div>\u00bfC\u00f3mo limpiar y cuidar su producto?<\/div>\n<div><\/div>\n<div>Limpieza de m\u00e1scaras y accesorios<\/div>\n<div><\/div>\n<div>1. Lavar la diadema con agua tibia y jab\u00f3n<\/div>\n<div>2. Remojar durante no m\u00e1s de 10 minutos<\/div>\n<div>3. Aclarar con agua<\/div>\n<div>4. Evite la luz solar directa y s\u00e9quelo de forma natural.<\/div>\n<div><\/div>\n<div>Antes del primer uso<\/div>\n<div><\/div>\n<div>1. Limpie suavemente los componentes con agua jabonosa tibia.<\/div>\n<div>2. Remojar durante no m\u00e1s de 10 minutos<\/div>\n<div>3. Aclarar las partes limpias con agua potable<\/div>\n<div>4. Dejar secar al aire de forma natural en un lugar oscuro<\/div>\n<div><\/div>\n<div>Sugerencias de sustituci\u00f3n de productos<\/div>\n<div><\/div>\n<div>Algod\u00f3n filtrante -1-2 semanas<\/div>\n<div>Mascarilla nasal de silicona - 6 meses<\/div>\n<div>Cinta para la cabeza - 6 meses<\/div>\n<div>Portam\u00e1scaras - 12-18 meses<\/div>\n<div><\/div>\n<div>Todos los d\u00edas\/despu\u00e9s de cada uso<\/div>\n<div><\/div>\n<div>1. Lavar a mano los componentes de la mascarilla con agua tibia y jab\u00f3n (excepto la cinta de la cabeza).<\/div>\n<div>2. Aclarar abundantemente con agua potable<\/div>\n<div>3. Evitar la luz y secar al aire de forma natural<\/div>\n<div>4. Limpie las rejillas de ventilaci\u00f3n con un cepillo suave<\/div>","protected":false},"excerpt":{"rendered":"<p>Nos esforzamos por ofrecerle el m\u00e1ximo valor y facilidad de uso con cada producto, manteniendo los costes bajo control, sin sacrificar la calidad.<\/p>","protected":false},"featured_media":9676,"template":"","meta":{"bwfblock_default_font":"","_uag_custom_page_level_css":"","site-sidebar-layout":"default","site-content-layout":"","ast-site-content-layout":"default","site-content-style":"default","site-sidebar-style":"default","ast-global-header-display":"","ast-banner-title-visibility":"","ast-main-header-display":"","ast-hfb-above-header-display":"","ast-hfb-below-header-display":"","ast-hfb-mobile-header-display":"","site-post-title":"","ast-breadcrumbs-content":"","ast-featured-img":"","footer-sml-layout":"","ast-disable-related-posts":"","theme-transparent-header-meta":"default","adv-header-id-meta":"","stick-header-meta":"default","header-above-stick-meta":"","header-main-stick-meta":"","header-below-stick-meta":"","astra-migrate-meta-layouts":"set","ast-page-background-enabled":"default","ast-page-background-meta":{"desktop":{"background-color":"","background-image":"","background-repeat":"repeat","background-position":"center center","background-size":"auto","background-attachment":"scroll","background-type":"","background-media":"","overlay-type":"","overlay-color":"","overlay-opacity":"","overlay-gradient":""},"tablet":{"background-color":"","background-image":"","background-repeat":"repeat","background-position":"center center","background-size":"auto","background-attachment":"scroll","background-type":"","background-media":"","overlay-type":"","overlay-color":"","overlay-opacity":"","overlay-gradient":""},"mobile":{"background-color":"","background-image":"","background-repeat":"repeat","background-position":"center center","background-size":"auto","background-attachment":"scroll","background-type":"","background-media":"","overlay-type":"","overlay-color":"","overlay-opacity":"","overlay-gradient":""}},"ast-content-background-meta":{"desktop":{"background-color":"var(--ast-global-color-5)","background-image":"","background-repeat":"repeat","background-position":"center center","background-size":"auto","background-attachment":"scroll","background-type":"","background-media":"","overlay-type":"","overlay-color":"","overlay-opacity":"","overlay-gradient":""},"tablet":{"background-color":"var(--ast-global-color-5)","background-image":"","background-repeat":"repeat","background-position":"center center","background-size":"auto","background-attachment":"scroll","background-type":"","background-media":"","overlay-type":"","overlay-color":"","overlay-opacity":"","overlay-gradient":""},"mobile":{"background-color":"var(--ast-global-color-5)","background-image":"","background-repeat":"repeat","background-position":"center center","background-size":"auto","background-attachment":"scroll","background-type":"","background-media":"","overlay-type":"","overlay-color":"","overlay-opacity":"","overlay-gradient":""}}},"product_brand":[73],"product_cat":[343,307,336,309,305],"product_tag":[],"class_list":{"0":"post-799","1":"product","2":"type-product","3":"status-publish","4":"has-post-thumbnail","6":"product_brand-pophaw","7":"product_cat-cpap-machine","8":"product_cat-cpap-machines-accessories","9":"product_cat-healthcare-products","10":"product_cat-nasal-oral-masks","11":"product_cat-respiratory-care-products","12":"desktop-align-center","13":"tablet-align-center","14":"mobile-align-center","15":"ast-product-gallery-layout-horizontal-slider","16":"ast-magnify-disabled","17":"ast-product-tabs-layout-horizontal","19":"first","20":"instock","21":"shipping-taxable","22":"purchasable","23":"product-type-simple"},"spectra_custom_meta":{"_edit_last":["1"],"_wp_old_date":["2020-04-28"],"insight_product_options":["s:1358:\"a:38:{s:27:\"single_product_layout_style\";s:0:\"\";s:11:\"site_layout\";s:0:\"\";s:10:\"site_width\";s:0:\"\";s:16:\"site_top_spacing\";s:0:\"\";s:19:\"site_bottom_spacing\";s:0:\"\";s:10:\"site_class\";s:0:\"\";s:21:\"site_background_color\";s:0:\"\";s:21:\"site_background_image\";s:0:\"\";s:22:\"site_background_repeat\";s:9:\"no-repeat\";s:26:\"site_background_attachment\";s:0:\"\";s:24:\"site_background_position\";s:0:\"\";s:20:\"site_background_size\";s:0:\"\";s:24:\"content_background_color\";s:0:\"\";s:24:\"content_background_image\";s:0:\"\";s:25:\"content_background_repeat\";s:9:\"no-repeat\";s:27:\"content_background_position\";s:0:\"\";s:12:\"top_bar_type\";s:0:\"\";s:11:\"header_type\";s:0:\"\";s:14:\"header_overlay\";s:0:\"\";s:11:\"header_skin\";s:0:\"\";s:12:\"menu_display\";s:0:\"\";s:13:\"menu_one_page\";s:1:\"0\";s:16:\"custom_dark_logo\";s:0:\"\";s:17:\"custom_light_logo\";s:0:\"\";s:17:\"custom_logo_width\";s:0:\"\";s:24:\"custom_sticky_logo_width\";s:0:\"\";s:21:\"page_title_bar_layout\";s:0:\"\";s:29:\"page_title_bar_bottom_spacing\";s:0:\"\";s:31:\"page_title_bar_background_color\";s:0:\"\";s:25:\"page_title_bar_background\";s:0:\"\";s:33:\"page_title_bar_background_overlay\";s:0:\"\";s:29:\"page_title_bar_custom_heading\";s:0:\"\";s:14:\"page_sidebar_1\";s:7:\"default\";s:14:\"page_sidebar_2\";s:7:\"default\";s:21:\"page_sidebar_position\";s:7:\"default\";s:17:\"revolution_slider\";s:0:\"\";s:15:\"slider_position\";s:5:\"below\";s:13:\"footer_enable\";s:0:\"\";}\";"],"_sku":["PH11335010"],"_regular_price":["52.99"],"_tax_status":["taxable"],"_manage_stock":["yes"],"_backorders":["no"],"_sold_individually":["no"],"_virtual":["no"],"_downloadable":["no"],"_download_limit":["-1"],"_download_expiry":["-1"],"_stock":["35"],"_stock_status":["instock"],"_product_version":["9.6.0"],"_price":["52.99"],"_product_image_gallery":["9447,9437,9438,9439,9440,9441,9442,9443,9444,9445,9446"],"woosw_count":["2"],"woosw_add":["1597393580"],"total_sales":["0"],"_tax_class":[""],"_wc_average_rating":["0"],"_wc_review_count":["0"],"rs_page_bg_color":[""],"rank_math_focus_keyword":["Nasal Pillow Mask"],"_edit_lock":["1737875417:1"],"rank_math_analytic_object_id":["84"],"rank_math_auto_redirect":["a:1:{i:0;i:25;}"],"_wp_old_slug":["surgical-sponge","nasal-pillows-mask-universal"],"rank_math_seo_score":["93"],"rank_math_description":["Nasal Pillow Mask Universal Universal PM1 Sleep Apnea Nasal Mask For Cpap&Bipap With S\/M\/L 3 Sizes Silicone Cushions"],"_admin_notes":["https:\/\/www.ebay.com\/itm\/387641661290\r\nhttps:\/\/detail.1688.com\/offer\/847546167457.html?spm=a261y.7663282.3002526303362591.2.7f483e54ffTWko&sk=order"],"_custom_product_field":[""],"rank_math_primary_product_cat":["343"],"rank_math_primary_product_brand":["0"],"site-sidebar-layout":["default"],"ast-site-content-layout":["default"],"site-content-style":["default"],"site-sidebar-style":["default"],"theme-transparent-header-meta":["default"],"stick-header-meta":["default"],"_thumbnail_id":["9676"],"_wc_gla_synced_at":["1773802835"],"_wc_gla_sync_status":["synced"],"_wc_gla_visibility":["sync-and-show"],"_wc_gla_google_ids":["a:1:{s:2:\"US\";s:20:\"online:en:US:gla_799\";}"],"fb_product_item_id":["9921082447908860"],"_wc_facebook_sync_enabled":["yes"],"fb_visibility":["yes"],"fb_product_description":[""],"_wc_facebook_product_image_source":["product"],"_wc_facebook_commerce_enabled":["no"],"rank_math_primary_fb_product_set":["0"],"_global_unique_id":["10888621913674"],"astra-migrate-meta-layouts":["set"],"wp_statistics_words_count":["515"],"wpil_sync_report3":["1"],"wpil_links_inbound_internal_count":["0"],"wpil_links_inbound_internal_count_data":["eJxLtDKwqq4FAAZPAf4="],"wpil_links_outbound_internal_count":["0"],"wpil_links_outbound_internal_count_data":["eJxLtDKwqq4FAAZPAf4="],"wpil_links_outbound_external_count":["0"],"wpil_links_outbound_external_count_data":["eJxLtDKwqq4FAAZPAf4="],"wpil_sync_report2_time":["2025-01-27T07:29:11+00:00"],"omnisend_last_sync":["2025-05-16T11:05:10+00:00"],"surerank_settings_general":["a:7:{s:9:\"separator\";s:1:\"-\";s:10:\"page_title\";s:21:\"%title% - %site_name%\";s:25:\"auto_generate_description\";b:1;s:16:\"page_description\";s:116:\"Nasal Pillow Mask Universal Universal PM1 Sleep Apnea Nasal Mask For Cpap&Bipap With S\/M\/L 3 Sizes Silicone Cushions\";s:16:\"auto_description\";s:158:\"Nasal Pillow Mask Universal Universal PM1 Sleep Apnea Nasal Mask For Cpap&Bipap With S\/M\/L 3 Sizes Silicone Cushions PLEASE PAY ATTENTION 1. Nasal Pillow Mask\";s:14:\"fallback_image\";s:0:\"\";s:13:\"canonical_url\";s:55:\"https:\/\/pophaw.com\/product\/nasal-pillow-mask-universal\/\";}"],"surerank_settings_post_no_index":["no"],"surerank_settings_post_no_follow":["no"],"surerank_settings_post_no_archive":["no"],"surerank_settings_social":["a:23:{s:15:\"open_graph_tags\";b:1;s:18:\"facebook_meta_tags\";b:1;s:17:\"twitter_meta_tags\";b:1;s:16:\"oembeded_scripts\";b:1;s:17:\"oembeded_og_title\";b:1;s:22:\"oembeded_social_images\";b:1;s:27:\"oembeded_remove_author_name\";b:1;s:17:\"facebook_page_url\";s:54:\"https:\/\/www.facebook.com\/profile.php?id=61571207938497\";s:24:\"facebook_author_fallback\";s:0:\"\";s:17:\"twitter_card_type\";s:19:\"summary_large_image\";s:24:\"twitter_same_as_facebook\";b:1;s:24:\"twitter_profile_username\";s:0:\"\";s:24:\"twitter_profile_fallback\";s:0:\"\";s:14:\"facebook_title\";s:21:\"%title% - %site_name%\";s:20:\"facebook_description\";s:9:\"%content%\";s:18:\"facebook_image_url\";s:57:\"https:\/\/pophaw.com\/wp-content\/uploads\/2019\/04\/10001-5.jpg\";s:17:\"facebook_image_id\";i:9676;s:20:\"facebook_image_width\";i:800;s:21:\"facebook_image_height\";i:800;s:13:\"twitter_title\";s:21:\"%title% - %site_name%\";s:19:\"twitter_description\";s:9:\"%content%\";s:17:\"twitter_image_url\";s:57:\"https:\/\/pophaw.com\/wp-content\/uploads\/2019\/04\/10001-5.jpg\";s:16:\"twitter_image_id\";i:9676;}"],"surerank_migration":["1"],"astra_style_timestamp_css":["1775174474"],"wwpp_product_wholesale_visibility_filter":["all"],"_uag_css_file_name":["uag-css-799.css"],"_uag_page_assets":["a:9:{s:3:\"css\";s:263:\".uag-blocks-common-selector{z-index:var(--z-index-desktop) !important}@media (max-width: 976px){.uag-blocks-common-selector{z-index:var(--z-index-tablet) !important}}@media (max-width: 767px){.uag-blocks-common-selector{z-index:var(--z-index-mobile) !important}}\n\";s:2:\"js\";s:0:\"\";s:18:\"current_block_list\";a:15:{i:0;s:23:\"surecart\/slide-out-cart\";i:1;s:30:\"surecart\/slide-out-cart-header\";i:2;s:29:\"surecart\/slide-out-cart-items\";i:3;s:30:\"surecart\/slide-out-cart-coupon\";i:4;s:32:\"surecart\/slide-out-cart-subtotal\";i:5;s:38:\"surecart\/slide-out-cart-bump-line-item\";i:6;s:30:\"surecart\/slide-out-cart-submit\";i:7;s:11:\"core\/search\";i:8;s:10:\"core\/group\";i:9;s:12:\"core\/heading\";i:10;s:17:\"core\/latest-posts\";i:11;s:20:\"core\/latest-comments\";i:12;s:13:\"core\/archives\";i:13;s:15:\"core\/categories\";i:14;s:14:\"core\/shortcode\";}s:8:\"uag_flag\";b:0;s:11:\"uag_version\";s:10:\"1775168599\";s:6:\"gfonts\";a:0:{}s:10:\"gfonts_url\";s:0:\"\";s:12:\"gfonts_files\";a:0:{}s:14:\"uag_faq_layout\";b:0;}"],"_wc_gla_mc_status":["approved"]},"uagb_featured_image_src":{"full":["https:\/\/pophaw.com\/wp-content\/uploads\/2019\/04\/10001-5.jpg",800,800,false],"thumbnail":["https:\/\/pophaw.com\/wp-content\/uploads\/2019\/04\/10001-5-150x150.jpg",150,150,true],"medium":["https:\/\/pophaw.com\/wp-content\/uploads\/2019\/04\/10001-5-300x300.jpg",300,300,true],"medium_large":["https:\/\/pophaw.com\/wp-content\/uploads\/2019\/04\/10001-5-768x768.jpg",768,768,true],"large":["https:\/\/pophaw.com\/wp-content\/uploads\/2019\/04\/10001-5.jpg",800,800,false],"ryviu-small":["https:\/\/pophaw.com\/wp-content\/uploads\/2019\/04\/10001-5.jpg",40,40,false],"ryviu-medium":["https:\/\/pophaw.com\/wp-content\/uploads\/2019\/04\/10001-5.jpg",132,132,false],"1536x1536":["https:\/\/pophaw.com\/wp-content\/uploads\/2019\/04\/10001-5.jpg",800,800,false],"2048x2048":["https:\/\/pophaw.com\/wp-content\/uploads\/2019\/04\/10001-5.jpg",800,800,false],"trp-custom-language-flag":["https:\/\/pophaw.com\/wp-content\/uploads\/2019\/04\/10001-5.jpg",12,12,false],"woocommerce_thumbnail":["https:\/\/pophaw.com\/wp-content\/uploads\/2019\/04\/10001-5-300x300.jpg",300,300,true],"woocommerce_single":["https:\/\/pophaw.com\/wp-content\/uploads\/2019\/04\/10001-5-600x600.jpg",600,600,true],"woocommerce_gallery_thumbnail":["https:\/\/pophaw.com\/wp-content\/uploads\/2019\/04\/10001-5-100x100.jpg",100,100,true]},"uagb_author_info":{"display_name":"Dr. Rowan","author_link":"https:\/\/pophaw.com\/es\/author\/"},"uagb_comment_info":0,"uagb_excerpt":"We make a point by bringing you as much value &amp; usability with each product, while keeping the costs in check, without sacrificing quality.","_links":{"self":[{"href":"https:\/\/pophaw.com\/es\/wp-json\/wp\/v2\/product\/799","targetHints":{"allow":["GET"]}}],"collection":[{"href":"https:\/\/pophaw.com\/es\/wp-json\/wp\/v2\/product"}],"about":[{"href":"https:\/\/pophaw.com\/es\/wp-json\/wp\/v2\/types\/product"}],"wp:featuredmedia":[{"embeddable":true,"href":"https:\/\/pophaw.com\/es\/wp-json\/wp\/v2\/media\/9676"}],"wp:attachment":[{"href":"https:\/\/pophaw.com\/es\/wp-json\/wp\/v2\/media?parent=799"}],"wp:term":[{"taxonomy":"product_brand","embeddable":true,"href":"https:\/\/pophaw.com\/es\/wp-json\/wp\/v2\/product_brand?post=799"},{"taxonomy":"product_cat","embeddable":true,"href":"https:\/\/pophaw.com\/es\/wp-json\/wp\/v2\/product_cat?post=799"},{"taxonomy":"product_tag","embeddable":true,"href":"https:\/\/pophaw.com\/es\/wp-json\/wp\/v2\/product_tag?post=799"}],"curies":[{"name":"wp","href":"https:\/\/api.w.org\/{rel}","templated":true}]}}