{"id":8472,"date":"2024-12-15T01:59:38","date_gmt":"2024-12-15T09:59:38","guid":{"rendered":"https:\/\/pophaw.com\/?post_type=product&#038;p=8472"},"modified":"2025-01-25T23:17:55","modified_gmt":"2025-01-26T07:17:55","slug":"examen-de-la-piel-mascota-lampara-de-madera","status":"publish","type":"product","link":"https:\/\/pophaw.com\/es\/producto\/examen-de-la-piel-mascota-lampara-de-madera\/","title":{"rendered":"L\u00e1mpara de madera para mascotas Skin Examination"},"content":{"rendered":"<div><span style=\"font-family: arial, helvetica, sans-serif; color: #000000;\">El examen con l\u00e1mpara de Wood para mascotas es un procedimiento que utiliza la transiluminaci\u00f3n (luz) para detectar infecciones cut\u00e1neas bacterianas o f\u00fangicas. Tambi\u00e9n puede detectar trastornos de la pigmentaci\u00f3n de la piel como el vit\u00edligo y otras irregularidades cut\u00e1neas.\u00a0<\/span><\/div>\n<div><span style=\"font-family: arial, helvetica, sans-serif; color: #000000;\">Este procedimiento tambi\u00e9n puede utilizarse para determinar si tiene una abrasi\u00f3n corneal (ara\u00f1azo) en la superficie del ojo. Esta prueba tambi\u00e9n se conoce como prueba de luz negra o prueba de luz ultravioleta.<\/span><\/div>\n<div><\/div>\n<div><span style=\"font-size: 14pt; font-family: arial, helvetica, sans-serif; color: #000000;\"><strong>\u00bfC\u00f3mo funciona?<\/strong><\/span><\/div>\n<div><span style=\"font-family: arial, helvetica, sans-serif; color: #000000;\">La l\u00e1mpara de madera APet es un peque\u00f1o dispositivo port\u00e1til que utiliza luz negra para iluminar zonas de la piel. La luz se mantiene sobre una zona de la piel en una habitaci\u00f3n oscura. La presencia de determinadas bacterias u hongos o los cambios en la pigmentaci\u00f3n de la piel har\u00e1n que la zona afectada cambie de color bajo la luz.<\/span><\/div>\n<div><\/div>\n<div>\n<div><span style=\"font-family: arial, helvetica, sans-serif; color: #000000;\"><strong><span style=\"font-size: 14pt;\">Aplicaci\u00f3n\uff1a<\/span><\/strong><\/span><\/div>\n<div><span style=\"font-family: arial, helvetica, sans-serif; color: #000000;\">La l\u00e1mpara de madera para mascotas es segura y no da\u00f1a la piel ni provoca quemaduras solares. El examen suele ser muy breve y es poco probable que cause da\u00f1os, incluso en personas sensibles a la luz. La recomendaci\u00f3n es que los pacientes cierren los ojos durante la exposici\u00f3n a la l\u00e1mpara de Wood. Se considera un resultado positivo cuando existe un trastorno pigmentario evidente o se observa fluorescencia.\u00a0<\/span><\/div>\n<div><\/div>\n<div><span style=\"font-family: arial, helvetica, sans-serif; color: #000000;\">La l\u00e1mpara de madera para mascotas se utiliza a menudo para hacer un diagn\u00f3stico de los siguientes trastornos de la piel:\u00a0<\/span><\/div>\n<div><span style=\"font-family: arial, helvetica, sans-serif; color: #000000;\">\u25cf Trastornos de la pigmentaci\u00f3n como melasma, vit\u00edligo\u00a0<\/span><\/div>\n<div><span style=\"font-family: arial, helvetica, sans-serif; color: #000000;\">\u25cf Pitiriasis versicolor, que se presenta como una erupci\u00f3n en el pecho o la espalda; la erupci\u00f3n emitir\u00e1 un brillo anaranjado.\u00a0<\/span><\/div>\n<div><span style=\"font-family: arial, helvetica, sans-serif; color: #000000;\">\u25cf La ti\u00f1a de la cabeza revelar\u00e1 zonas de calvicie, y la especie Microsporum presentar\u00e1 fluorescencia azul verdosa; sin embargo, muchas otras infecciones f\u00fangicas pueden no presentar fluorescencia con la l\u00e1mpara Pet Wood.<\/span><\/div>\n<div><span style=\"font-family: arial, helvetica, sans-serif; color: #000000;\">\u25cf Sarna y piojos<\/span><\/div>\n<div><span style=\"font-family: arial, helvetica, sans-serif; color: #000000;\">\u25cf Eritrasma causado por Corynebacterium, que se presenta como erupci\u00f3n pigmentada en los pliegues cut\u00e1neos.\u00a0<\/span><\/div>\n<div><span style=\"font-family: arial, helvetica, sans-serif; color: #000000;\">Pseudomonas con fluorescencia verde<\/span><\/div>\n<div><\/div>\n<div><span style=\"font-family: arial, helvetica, sans-serif; color: #000000;\">Las l\u00e1mparas de Wood se utilizan en una amplia gama de aplicaciones; tambi\u00e9n se emplean para buscar signos de porfiria en los eritrocitos, las heces y la orina. En ocasiones, las esteticistas pueden evaluar las imperfecciones de la piel y los signos de envejecimiento con una l\u00e1mpara de Wood. Cuando no se dispone de una l\u00e1mpara de hendidura, el oftalm\u00f3logo puede utilizar la l\u00e1mpara de Wood para buscar ara\u00f1azos y cuerpos extra\u00f1os en la c\u00f3rnea.<\/span><\/div>\n<div><\/div>\n<\/div>\n<div>\n<div><span style=\"font-size: 14pt; font-family: arial, helvetica, sans-serif; color: #000000;\"><strong>Instrucciones de uso:<\/strong><\/span><\/div>\n<div><span style=\"font-family: arial, helvetica, sans-serif; color: #000000;\">Una l\u00e1mpara de madera para mascotas debe utilizarse en una habitaci\u00f3n oscura.<\/span><\/div>\n<div><span style=\"font-family: arial, helvetica, sans-serif; color: #000000;\">1. Limpiar las lesiones cut\u00e1neas;\u00a0<\/span><\/div>\n<div><span style=\"font-family: arial, helvetica, sans-serif; color: #000000;\">2. Encienda el aparato y cali\u00e9ntelo durante 1 minuto. 3. Observe la lesi\u00f3n despu\u00e9s de que la fuente de luz se estabilice.\u00a0<\/span><\/div>\n<div><span style=\"font-family: arial, helvetica, sans-serif; color: #000000;\">3. Sujete la l\u00e1mpara de madera para animales de forma que la luz apunte a la zona de la lesi\u00f3n que se va a examinar.\u00a0<\/span><\/div>\n<div><span style=\"font-family: arial, helvetica, sans-serif; color: #000000;\">4. Coloque el dispositivo a unos 10 cm de la piel y aj\u00fastelo ligeramente hacia arriba y hacia abajo hasta obtener una observaci\u00f3n n\u00edtida.\u00a0<\/span><\/div>\n<div><span style=\"font-family: arial, helvetica, sans-serif; color: #000000;\">5. Mire a trav\u00e9s de la lente con los ojos situados a unos 25~50mm por encima del aparato.\u00a0<\/span><\/div>\n<div><span style=\"font-family: arial, helvetica, sans-serif; color: #000000;\">6. Pulse el bot\u00f3n de encendido para apagar el aparato.<\/span><\/div>\n<\/div>","protected":false},"excerpt":{"rendered":"<p>El examen con l\u00e1mpara de Wood para mascotas es un procedimiento que utiliza la transiluminaci\u00f3n (luz) para detectar infecciones bacterianas o f\u00fangicas de la piel.<\/p>","protected":false},"featured_media":8473,"template":"","meta":{"bwfblock_default_font":"","_uag_custom_page_level_css":"","site-sidebar-layout":"default","site-content-layout":"","ast-site-content-layout":"default","site-content-style":"default","site-sidebar-style":"default","ast-global-header-display":"","ast-banner-title-visibility":"","ast-main-header-display":"","ast-hfb-above-header-display":"","ast-hfb-below-header-display":"","ast-hfb-mobile-header-display":"","site-post-title":"","ast-breadcrumbs-content":"","ast-featured-img":"","footer-sml-layout":"","ast-disable-related-posts":"","theme-transparent-header-meta":"default","adv-header-id-meta":"","stick-header-meta":"default","header-above-stick-meta":"","header-main-stick-meta":"","header-below-stick-meta":"","astra-migrate-meta-layouts":"set","ast-page-background-enabled":"default","ast-page-background-meta":{"desktop":{"background-color":"","background-image":"","background-repeat":"repeat","background-position":"center center","background-size":"auto","background-attachment":"scroll","background-type":"","background-media":"","overlay-type":"","overlay-color":"","overlay-opacity":"","overlay-gradient":""},"tablet":{"background-color":"","background-image":"","background-repeat":"repeat","background-position":"center center","background-size":"auto","background-attachment":"scroll","background-type":"","background-media":"","overlay-type":"","overlay-color":"","overlay-opacity":"","overlay-gradient":""},"mobile":{"background-color":"","background-image":"","background-repeat":"repeat","background-position":"center center","background-size":"auto","background-attachment":"scroll","background-type":"","background-media":"","overlay-type":"","overlay-color":"","overlay-opacity":"","overlay-gradient":""}},"ast-content-background-meta":{"desktop":{"background-color":"var(--ast-global-color-5)","background-image":"","background-repeat":"repeat","background-position":"center center","background-size":"auto","background-attachment":"scroll","background-type":"","background-media":"","overlay-type":"","overlay-color":"","overlay-opacity":"","overlay-gradient":""},"tablet":{"background-color":"var(--ast-global-color-5)","background-image":"","background-repeat":"repeat","background-position":"center center","background-size":"auto","background-attachment":"scroll","background-type":"","background-media":"","overlay-type":"","overlay-color":"","overlay-opacity":"","overlay-gradient":""},"mobile":{"background-color":"var(--ast-global-color-5)","background-image":"","background-repeat":"repeat","background-position":"center center","background-size":"auto","background-attachment":"scroll","background-type":"","background-media":"","overlay-type":"","overlay-color":"","overlay-opacity":"","overlay-gradient":""}}},"product_brand":[73],"product_cat":[345,336,189,99],"product_tag":[],"class_list":{"0":"post-8472","1":"product","2":"type-product","3":"status-publish","4":"has-post-thumbnail","6":"product_brand-pophaw","7":"product_cat-veterinary","8":"product_cat-healthcare-products","9":"product_cat-home-diagnostics","10":"product_cat-home-medical-supplies","11":"desktop-align-center","12":"tablet-align-center","13":"mobile-align-center","14":"ast-product-gallery-layout-horizontal-slider","15":"ast-magnify-disabled","16":"ast-product-tabs-layout-horizontal","18":"first","19":"instock","20":"shipping-taxable","21":"purchasable","22":"product-type-simple"},"spectra_custom_meta":{"_edit_lock":["1737875877:1"],"_edit_last":["1"],"rank_math_seo_score":["93"],"rank_math_focus_keyword":["Pet Wood Lamp"],"_thumbnail_id":["8473"],"insight_product_options":["s:1358:\"a:38:{s:27:\"single_product_layout_style\";s:0:\"\";s:11:\"site_layout\";s:0:\"\";s:10:\"site_width\";s:0:\"\";s:16:\"site_top_spacing\";s:0:\"\";s:19:\"site_bottom_spacing\";s:0:\"\";s:10:\"site_class\";s:0:\"\";s:21:\"site_background_color\";s:0:\"\";s:21:\"site_background_image\";s:0:\"\";s:22:\"site_background_repeat\";s:9:\"no-repeat\";s:26:\"site_background_attachment\";s:0:\"\";s:24:\"site_background_position\";s:0:\"\";s:20:\"site_background_size\";s:0:\"\";s:24:\"content_background_color\";s:0:\"\";s:24:\"content_background_image\";s:0:\"\";s:25:\"content_background_repeat\";s:9:\"no-repeat\";s:27:\"content_background_position\";s:0:\"\";s:12:\"top_bar_type\";s:0:\"\";s:11:\"header_type\";s:0:\"\";s:14:\"header_overlay\";s:0:\"\";s:11:\"header_skin\";s:0:\"\";s:12:\"menu_display\";s:0:\"\";s:13:\"menu_one_page\";s:1:\"0\";s:16:\"custom_dark_logo\";s:0:\"\";s:17:\"custom_light_logo\";s:0:\"\";s:17:\"custom_logo_width\";s:0:\"\";s:24:\"custom_sticky_logo_width\";s:0:\"\";s:21:\"page_title_bar_layout\";s:0:\"\";s:29:\"page_title_bar_bottom_spacing\";s:0:\"\";s:31:\"page_title_bar_background_color\";s:0:\"\";s:25:\"page_title_bar_background\";s:0:\"\";s:33:\"page_title_bar_background_overlay\";s:0:\"\";s:29:\"page_title_bar_custom_heading\";s:0:\"\";s:14:\"page_sidebar_1\";s:7:\"default\";s:14:\"page_sidebar_2\";s:7:\"default\";s:21:\"page_sidebar_position\";s:7:\"default\";s:17:\"revolution_slider\";s:0:\"\";s:15:\"slider_position\";s:5:\"below\";s:13:\"footer_enable\";s:0:\"\";}\";"],"_sku":["PH11335004"],"_regular_price":["39.99"],"total_sales":["0"],"_tax_status":["taxable"],"_tax_class":[""],"_manage_stock":["no"],"_backorders":["no"],"_sold_individually":["no"],"_virtual":["no"],"_downloadable":["no"],"_download_limit":["-1"],"_download_expiry":["-1"],"_stock":[null],"_stock_status":["instock"],"_wc_average_rating":["0"],"_wc_review_count":["0"],"_product_version":["9.6.0"],"_price":["39.99"],"_product_image_gallery":["8474,8475,8476,8477,8478,8479,8480"],"rank_math_primary_product_brand":["73"],"rank_math_primary_product_cat":["345"],"rank_math_analytic_object_id":["138"],"_wc_gla_synced_at":["1773802835"],"_wc_gla_sync_status":["synced"],"_wc_gla_visibility":["sync-and-show"],"_wc_gla_google_ids":["a:1:{s:2:\"US\";s:21:\"online:en:US:gla_8472\";}"],"fb_product_item_id":["28057135783932139"],"_admin_notes":[""],"_custom_product_field":[""],"_global_unique_id":["10888621914053"],"_wc_facebook_sync_enabled":["yes"],"fb_visibility":["yes"],"fb_product_description":[""],"_wc_facebook_product_image_source":["product"],"_wc_facebook_commerce_enabled":["no"],"rank_math_primary_fb_product_set":["0"],"site-sidebar-layout":["default"],"ast-site-content-layout":["default"],"site-content-style":["default"],"site-sidebar-style":["default"],"theme-transparent-header-meta":["default"],"astra-migrate-meta-layouts":["set"],"stick-header-meta":["default"],"wp_statistics_words_count":["444"],"wpil_sync_report3":["1"],"wpil_links_inbound_internal_count":["0"],"wpil_links_inbound_internal_count_data":["eJxLtDKwqq4FAAZPAf4="],"wpil_links_outbound_internal_count":["0"],"wpil_links_outbound_internal_count_data":["eJxLtDKwqq4FAAZPAf4="],"wpil_links_outbound_external_count":["0"],"wpil_links_outbound_external_count_data":["eJxLtDKwqq4FAAZPAf4="],"wpil_sync_report2_time":["2025-01-27T07:29:11+00:00"],"omnisend_last_sync":["2025-05-16T11:05:10+00:00"],"surerank_settings_general":["a:7:{s:9:\"separator\";s:1:\"-\";s:10:\"page_title\";s:21:\"%title% - %site_name%\";s:25:\"auto_generate_description\";b:1;s:16:\"page_description\";s:9:\"%excerpt%\";s:16:\"auto_description\";s:157:\"A Pet Wood Lamp examination is a procedure that uses transillumination (light) to detect bacterial or fungal skin infections. It also can detect skin pigment\";s:14:\"fallback_image\";s:0:\"\";s:13:\"canonical_url\";s:58:\"https:\/\/pophaw.com\/product\/skin-examination-pet-wood-lamp\/\";}"],"surerank_settings_post_no_index":["no"],"surerank_settings_post_no_follow":["no"],"surerank_settings_post_no_archive":["no"],"surerank_settings_social":["a:23:{s:15:\"open_graph_tags\";b:1;s:18:\"facebook_meta_tags\";b:1;s:17:\"twitter_meta_tags\";b:1;s:16:\"oembeded_scripts\";b:1;s:17:\"oembeded_og_title\";b:1;s:22:\"oembeded_social_images\";b:1;s:27:\"oembeded_remove_author_name\";b:1;s:17:\"facebook_page_url\";s:54:\"https:\/\/www.facebook.com\/profile.php?id=61571207938497\";s:24:\"facebook_author_fallback\";s:0:\"\";s:17:\"twitter_card_type\";s:19:\"summary_large_image\";s:24:\"twitter_same_as_facebook\";b:1;s:24:\"twitter_profile_username\";s:0:\"\";s:24:\"twitter_profile_fallback\";s:0:\"\";s:14:\"facebook_title\";s:21:\"%title% - %site_name%\";s:20:\"facebook_description\";s:9:\"%content%\";s:18:\"facebook_image_url\";s:60:\"https:\/\/pophaw.com\/wp-content\/uploads\/2024\/12\/image_1-2.webp\";s:17:\"facebook_image_id\";i:8473;s:20:\"facebook_image_width\";i:828;s:21:\"facebook_image_height\";i:808;s:13:\"twitter_title\";s:21:\"%title% - %site_name%\";s:19:\"twitter_description\";s:9:\"%content%\";s:17:\"twitter_image_url\";s:60:\"https:\/\/pophaw.com\/wp-content\/uploads\/2024\/12\/image_1-2.webp\";s:16:\"twitter_image_id\";i:8473;}"],"surerank_migration":["1"],"astra_style_timestamp_css":["1775174905"],"wwpp_product_wholesale_visibility_filter":["all"],"_uag_css_file_name":["uag-css-8472.css"],"rank_math_internal_links_processed":["1"],"_uag_page_assets":["a:9:{s:3:\"css\";s:263:\".uag-blocks-common-selector{z-index:var(--z-index-desktop) !important}@media (max-width: 976px){.uag-blocks-common-selector{z-index:var(--z-index-tablet) !important}}@media (max-width: 767px){.uag-blocks-common-selector{z-index:var(--z-index-mobile) !important}}\n\";s:2:\"js\";s:0:\"\";s:18:\"current_block_list\";a:15:{i:0;s:23:\"surecart\/slide-out-cart\";i:1;s:30:\"surecart\/slide-out-cart-header\";i:2;s:29:\"surecart\/slide-out-cart-items\";i:3;s:30:\"surecart\/slide-out-cart-coupon\";i:4;s:32:\"surecart\/slide-out-cart-subtotal\";i:5;s:38:\"surecart\/slide-out-cart-bump-line-item\";i:6;s:30:\"surecart\/slide-out-cart-submit\";i:7;s:11:\"core\/search\";i:8;s:10:\"core\/group\";i:9;s:12:\"core\/heading\";i:10;s:17:\"core\/latest-posts\";i:11;s:20:\"core\/latest-comments\";i:12;s:13:\"core\/archives\";i:13;s:15:\"core\/categories\";i:14;s:14:\"core\/shortcode\";}s:8:\"uag_flag\";b:0;s:11:\"uag_version\";s:10:\"1775168599\";s:6:\"gfonts\";a:0:{}s:10:\"gfonts_url\";s:0:\"\";s:12:\"gfonts_files\";a:0:{}s:14:\"uag_faq_layout\";b:0;}"],"_wc_gla_mc_status":["approved"]},"uagb_featured_image_src":{"full":["https:\/\/pophaw.com\/wp-content\/uploads\/2024\/12\/image_1-2.webp",828,808,false],"thumbnail":["https:\/\/pophaw.com\/wp-content\/uploads\/2024\/12\/image_1-2-150x150.webp",150,150,true],"medium":["https:\/\/pophaw.com\/wp-content\/uploads\/2024\/12\/image_1-2-300x293.webp",300,293,true],"medium_large":["https:\/\/pophaw.com\/wp-content\/uploads\/2024\/12\/image_1-2-768x749.webp",768,749,true],"large":["https:\/\/pophaw.com\/wp-content\/uploads\/2024\/12\/image_1-2.webp",828,808,false],"ryviu-small":["https:\/\/pophaw.com\/wp-content\/uploads\/2024\/12\/image_1-2.webp",40,40,false],"ryviu-medium":["https:\/\/pophaw.com\/wp-content\/uploads\/2024\/12\/image_1-2.webp",132,129,false],"1536x1536":["https:\/\/pophaw.com\/wp-content\/uploads\/2024\/12\/image_1-2.webp",828,808,false],"2048x2048":["https:\/\/pophaw.com\/wp-content\/uploads\/2024\/12\/image_1-2.webp",828,808,false],"trp-custom-language-flag":["https:\/\/pophaw.com\/wp-content\/uploads\/2024\/12\/image_1-2.webp",12,12,false],"woocommerce_thumbnail":["https:\/\/pophaw.com\/wp-content\/uploads\/2024\/12\/image_1-2-300x300.webp",300,300,true],"woocommerce_single":["https:\/\/pophaw.com\/wp-content\/uploads\/2024\/12\/image_1-2-600x586.webp",600,586,true],"woocommerce_gallery_thumbnail":["https:\/\/pophaw.com\/wp-content\/uploads\/2024\/12\/image_1-2-100x100.webp",100,100,true]},"uagb_author_info":{"display_name":"Dr. Rowan","author_link":"https:\/\/pophaw.com\/es\/author\/"},"uagb_comment_info":0,"uagb_excerpt":"A Pet Wood Lamp examination is a procedure that uses transillumination (light) to detect bacterial or fungal skin infections.","_links":{"self":[{"href":"https:\/\/pophaw.com\/es\/wp-json\/wp\/v2\/product\/8472","targetHints":{"allow":["GET"]}}],"collection":[{"href":"https:\/\/pophaw.com\/es\/wp-json\/wp\/v2\/product"}],"about":[{"href":"https:\/\/pophaw.com\/es\/wp-json\/wp\/v2\/types\/product"}],"wp:featuredmedia":[{"embeddable":true,"href":"https:\/\/pophaw.com\/es\/wp-json\/wp\/v2\/media\/8473"}],"wp:attachment":[{"href":"https:\/\/pophaw.com\/es\/wp-json\/wp\/v2\/media?parent=8472"}],"wp:term":[{"taxonomy":"product_brand","embeddable":true,"href":"https:\/\/pophaw.com\/es\/wp-json\/wp\/v2\/product_brand?post=8472"},{"taxonomy":"product_cat","embeddable":true,"href":"https:\/\/pophaw.com\/es\/wp-json\/wp\/v2\/product_cat?post=8472"},{"taxonomy":"product_tag","embeddable":true,"href":"https:\/\/pophaw.com\/es\/wp-json\/wp\/v2\/product_tag?post=8472"}],"curies":[{"name":"wp","href":"https:\/\/api.w.org\/{rel}","templated":true}]}}