{"id":8494,"date":"2024-12-15T03:25:07","date_gmt":"2024-12-15T11:25:07","guid":{"rendered":"https:\/\/pophaw.com\/?post_type=product&#038;p=8494"},"modified":"2025-01-25T23:19:41","modified_gmt":"2025-01-26T07:19:41","slug":"extractor-de-cerumen-con-camara","status":"publish","type":"product","link":"https:\/\/pophaw.com\/es\/producto\/extractor-de-cerumen-con-camara\/","title":{"rendered":"Extractor de cerumen con c\u00e1mara"},"content":{"rendered":"<div id=\"aplus_feature_div\" class=\"celwidget\" data-feature-name=\"aplus\" data-csa-c-type=\"widget\" data-csa-c-content-id=\"aplus\" data-csa-c-slot-id=\"aplus_feature_div\" data-csa-c-asin=\"\" data-csa-c-is-in-initial-active-row=\"false\" data-csa-c-id=\"x8c2ci-99gnv7-q9ttzj-ex7n1p\" data-cel-widget=\"aplus_feature_div\">\n<div id=\"aplus\" class=\"a-section a-spacing-large bucket\">\n<div class=\"aplus-v2 desktop celwidget\" data-csa-c-id=\"n5pklr-6d5ulb-irb4st-e8u4ab\" data-cel-widget=\"aplus\">\n<div class=\"celwidget aplus-module 3p-module-b aplus-standard\" data-csa-c-id=\"4gzqke-9nwmbn-p50ez6-vbi6eo\" data-cel-widget=\"aplus-3p-module-b\">\n<div class=\"aplus-module-wrapper aplus-3p-fixed-width\">\n<h3 class=\"a-spacing-mini\"><span style=\"font-size: 14pt; font-family: arial, helvetica, sans-serif; color: #000000;\">Descubre el mundo m\u00e1s claro con la c\u00e1mara HD 1080P Herramienta para eliminar la cera de los o\u00eddos<\/span><\/h3>\n<p class=\"a-spacing-base\"><span style=\"font-family: arial, helvetica, sans-serif; color: #000000;\">\u00bfEst\u00e1 cansado de lidiar con la molesta acumulaci\u00f3n de cera en los o\u00eddos que afecta a su audici\u00f3n y comodidad? Diga adi\u00f3s a esos problemas con nuestra vanguardista herramienta de eliminaci\u00f3n de cerumen con c\u00e1mara HD 1080P. Este innovador dispositivo est\u00e1 dise\u00f1ado para proporcionarle una soluci\u00f3n eficaz y sin complicaciones para la eliminaci\u00f3n de la cera del o\u00eddo, garantizando una experiencia auditiva clara y c\u00f3moda.<\/span><\/p>\n<\/div>\n<\/div>\n<div class=\"celwidget aplus-module 3p-module-b aplus-standard\" data-csa-c-id=\"x4mjll-pyfxhp-jeg6jl-vgbf3j\" data-cel-widget=\"aplus-3p-module-b\">\n<div class=\"aplus-module-wrapper aplus-3p-fixed-width\">\n<h3 class=\"a-spacing-mini\"><span style=\"font-size: 14pt; font-family: arial, helvetica, sans-serif; color: #000000;\">Extracci\u00f3n de cerumen con c\u00e1mara HD<\/span><\/h3>\n<p class=\"a-spacing-base\"><span style=\"font-family: arial, helvetica, sans-serif; color: #000000;\">El poder de la c\u00e1mara HD 1080P Equipado con una c\u00e1mara HD 1080P de \u00faltima generaci\u00f3n, este extractor de cerumen ofrece una claridad y precisi\u00f3n inigualables a la hora de inspeccionar y extraer el cerumen. Diga adi\u00f3s a las conjeturas y hola a las im\u00e1genes cristalinas que le permiten ver cada detalle dentro de su canal auditivo.<\/span><\/p>\n<\/div>\n<\/div>\n<div class=\"celwidget aplus-module 3p-module-b aplus-standard\" data-csa-c-id=\"mzcqb8-j993gv-ud6i1-y64gas\" data-cel-widget=\"aplus-3p-module-b\">\n<div class=\"aplus-module-wrapper aplus-3p-fixed-width\">\n<h3 class=\"a-spacing-mini\"><span style=\"font-size: 14pt; font-family: arial, helvetica, sans-serif; color: #000000;\">Orejera con c\u00e1mara HD 1080P<\/span><\/h3>\n<p class=\"a-spacing-base\"><span style=\"font-family: arial, helvetica, sans-serif; color: #000000;\">Mejore Su Audici\u00f3n, Aumente Su Confort Con nuestro Kit de Limpieza de Cera en los O\u00eddos 1080P HD Ear Scope, puede decir adi\u00f3s a las molestias causadas por el exceso de cera en los o\u00eddos y hola a un mundo de sonido claro y n\u00edtido. No deje que el cerumen se interponga en su calidad de vida: pruebe hoy mismo nuestra C\u00e1mara Oft\u00e1lmica con Juego para 8 O\u00eddos y experimente la diferencia. Invierta en la salud de sus o\u00eddos y en su bienestar general con el Ear Pick con Otoscopio que combina tecnolog\u00eda de vanguardia con un dise\u00f1o f\u00e1cil de usar. Diga adi\u00f3s a las conjeturas y hola a un mundo m\u00e1s claro y c\u00f3modo con nuestra revolucionaria herramienta para eliminar el cerumen. Experimente la diferencia hoy mismo y d\u00e9 prioridad a su salud auditiva como nunca antes.<\/span><\/p>\n<\/div>\n<\/div>\n<div class=\"celwidget aplus-module 3p-module-b aplus-standard\" data-csa-c-id=\"qr8ks2-geutoe-4j13l5-qb2j8q\" data-cel-widget=\"aplus-3p-module-b\">\n<div class=\"aplus-module-wrapper aplus-3p-fixed-width\">\n<h3 class=\"a-spacing-mini\"><span style=\"font-size: 14pt; font-family: arial, helvetica, sans-serif; color: #000000;\">Cucharilla auricular integrada todo en uno<\/span><\/h3>\n<p class=\"a-spacing-base\"><span style=\"font-family: arial, helvetica, sans-serif; color: #000000;\">En respuesta al problema de las cucharillas que se caen en el mercado, hemos mejorado el dise\u00f1o de la c\u00e1mara y el extractor de cerumen integrando la c\u00e1mara y la cucharilla de forma segura. Esto simplifica los pasos de instalaci\u00f3n y reduce el riesgo de que la pala se caiga en el o\u00eddo sin querer. Se aconseja no utilizar el producto mientras se est\u00e1 cargando.<\/span><\/p>\n<\/div>\n<\/div>\n<div class=\"celwidget aplus-module 3p-module-b aplus-standard\" data-csa-c-id=\"cldzif-bb8njq-ubdir3-ro1v3p\" data-cel-widget=\"aplus-3p-module-b\">\n<div class=\"aplus-module-wrapper aplus-3p-fixed-width\">\n<h3 class=\"a-spacing-mini\"><span style=\"font-size: 14pt; font-family: arial, helvetica, sans-serif; color: #000000;\">Kit de c\u00e1mara para cerumen<\/span><\/h3>\n<p class=\"a-spacing-base\"><span style=\"font-family: arial, helvetica, sans-serif; color: #000000;\">Soluci\u00f3n completa para la limpieza de los o\u00eddos Nuestra herramienta para eliminar la cera de los o\u00eddos viene con 8 opciones de juegos para los o\u00eddos, lo que le permite personalizar su experiencia de limpieza seg\u00fan sus necesidades. Tanto si prefiere una limpieza suave como si prefiere una limpieza m\u00e1s profunda, esta herramienta le ofrece todo lo que necesita. Los 6 accesorios de cuchara para los o\u00eddos garantizan que pueda llegar a todos los rincones y grietas, dejando sus o\u00eddos frescos y limpios.<\/span><\/p>\n<p class=\"a-spacing-base\"><span style=\"font-family: arial, helvetica, sans-serif; color: #000000;\">Otoscopio con luz X 1.<\/span><\/p>\n<p class=\"a-spacing-base\"><span style=\"font-family: arial, helvetica, sans-serif; color: #000000;\">Cable de carga Tipo-C X 1,<\/span><\/p>\n<p class=\"a-spacing-base\"><span style=\"font-family: arial, helvetica, sans-serif; color: #000000;\">Cucharas de silicona para los o\u00eddos X 6,<\/span><\/p>\n<p class=\"a-spacing-base\"><span style=\"font-family: arial, helvetica, sans-serif; color: #000000;\">Kit de 8 herramientas para eliminar el cerumen X 1<\/span><\/p>\n<p class=\"a-spacing-base\"><span style=\"font-family: arial, helvetica, sans-serif; color: #000000;\">Manual X 1<\/span><\/p>\n<\/div>\n<\/div>\n<div class=\"celwidget aplus-module 3p-module-b aplus-standard\" data-csa-c-id=\"mqrfen-79qpu8-eqkb2c-ukw67x\" data-cel-widget=\"aplus-3p-module-b\">\n<div class=\"aplus-module-wrapper aplus-3p-fixed-width\">\n<h3 class=\"a-spacing-mini\"><span style=\"font-size: 14pt; font-family: arial, helvetica, sans-serif; color: #000000;\">Compatible con dispositivos Android e iOS<\/span><\/h3>\n<p class=\"a-spacing-base\"><span style=\"font-family: arial, helvetica, sans-serif; color: #000000;\">Escanea el c\u00f3digo QR para descargar la app \u201cCooleer\u201d. Mant\u00e9n pulsado el bot\u00f3n de encendido\/apagado del limpiador de cerumen durante 1~2 segundos para encenderlo, conecta el wifi \u201cCooleer-xxxx\u201d y empieza a usarlo. Es normal que aparezca el aviso \u201cRed no disponible\u201d al conectarse porque no admite red.<\/span><\/p>\n<p class=\"a-spacing-base\"><span style=\"font-family: arial, helvetica, sans-serif; color: #000000;\">F\u00e1cil de usar y compatible Dise\u00f1ado para mayor comodidad, este limpiador de o\u00eddos con c\u00e1mara es compatible con dispositivos iOS y Android, lo que le proporciona flexibilidad y facilidad de uso. Solo tiene que conectar el dispositivo a su smartphone o tableta y estar\u00e1 listo para comenzar su viaje de eliminaci\u00f3n de cerumen.<\/span><\/p>\n<\/div>\n<\/div>\n<\/div>\n<\/div>\n<\/div>\n<div id=\"legal_feature_div\" class=\"celwidget\" data-feature-name=\"legal\" data-csa-c-type=\"widget\" data-csa-c-content-id=\"legal\" data-csa-c-slot-id=\"legal_feature_div\" data-csa-c-asin=\"\" data-csa-c-is-in-initial-active-row=\"false\" data-csa-c-id=\"czbmp-8fy1tt-6qmdwx-d55fou\" data-cel-widget=\"legal_feature_div\"><\/div>\n<div id=\"productDescription_feature_div\" class=\"celwidget\" data-feature-name=\"productDescription\" data-csa-c-type=\"widget\" data-csa-c-content-id=\"productDescription\" data-csa-c-slot-id=\"productDescription_feature_div\" data-csa-c-asin=\"\" data-csa-c-is-in-initial-active-row=\"false\" data-csa-c-id=\"pbk1t2-p4c1pg-l0f52k-fytd8z\" data-cel-widget=\"productDescription_feature_div\">\n<div><span style=\"font-family: arial, helvetica, sans-serif; color: #000000;\"><img decoding=\"async\" class=\"a-spacing-base\" src=\"https:\/\/m.media-amazon.com\/images\/S\/aplus-media-library-service-media\/74a9eeab-974a-427c-b952-b08f5c7e8e12.__CR0,0,970,600_PT0_SX970_V1___.jpg\" alt=\"kits de limpieza de o\u00eddos\" data-src=\"https:\/\/m.media-amazon.com\/images\/S\/aplus-media-library-service-media\/74a9eeab-974a-427c-b952-b08f5c7e8e12.__CR0,0,970,600_PT0_SX970_V1___.jpg\" \/><\/span><\/div>\n<\/div>","protected":false},"excerpt":{"rendered":"<p>Extractor de Cera de O\u00eddo con 8 Juego de Oreja, Limpiador de O\u00eddo con C\u00e1mara<\/p>","protected":false},"featured_media":8495,"template":"","meta":{"bwfblock_default_font":"","_uag_custom_page_level_css":"","site-sidebar-layout":"default","site-content-layout":"","ast-site-content-layout":"default","site-content-style":"default","site-sidebar-style":"default","ast-global-header-display":"","ast-banner-title-visibility":"","ast-main-header-display":"","ast-hfb-above-header-display":"","ast-hfb-below-header-display":"","ast-hfb-mobile-header-display":"","site-post-title":"","ast-breadcrumbs-content":"","ast-featured-img":"","footer-sml-layout":"","ast-disable-related-posts":"","theme-transparent-header-meta":"default","adv-header-id-meta":"","stick-header-meta":"default","header-above-stick-meta":"","header-main-stick-meta":"","header-below-stick-meta":"","astra-migrate-meta-layouts":"set","ast-page-background-enabled":"default","ast-page-background-meta":{"desktop":{"background-color":"","background-image":"","background-repeat":"repeat","background-position":"center center","background-size":"auto","background-attachment":"scroll","background-type":"","background-media":"","overlay-type":"","overlay-color":"","overlay-opacity":"","overlay-gradient":""},"tablet":{"background-color":"","background-image":"","background-repeat":"repeat","background-position":"center center","background-size":"auto","background-attachment":"scroll","background-type":"","background-media":"","overlay-type":"","overlay-color":"","overlay-opacity":"","overlay-gradient":""},"mobile":{"background-color":"","background-image":"","background-repeat":"repeat","background-position":"center center","background-size":"auto","background-attachment":"scroll","background-type":"","background-media":"","overlay-type":"","overlay-color":"","overlay-opacity":"","overlay-gradient":""}},"ast-content-background-meta":{"desktop":{"background-color":"var(--ast-global-color-5)","background-image":"","background-repeat":"repeat","background-position":"center center","background-size":"auto","background-attachment":"scroll","background-type":"","background-media":"","overlay-type":"","overlay-color":"","overlay-opacity":"","overlay-gradient":""},"tablet":{"background-color":"var(--ast-global-color-5)","background-image":"","background-repeat":"repeat","background-position":"center center","background-size":"auto","background-attachment":"scroll","background-type":"","background-media":"","overlay-type":"","overlay-color":"","overlay-opacity":"","overlay-gradient":""},"mobile":{"background-color":"var(--ast-global-color-5)","background-image":"","background-repeat":"repeat","background-position":"center center","background-size":"auto","background-attachment":"scroll","background-type":"","background-media":"","overlay-type":"","overlay-color":"","overlay-opacity":"","overlay-gradient":""}}},"product_brand":[73],"product_cat":[338,336,93,99],"product_tag":[],"class_list":{"0":"post-8494","1":"product","2":"type-product","3":"status-publish","4":"has-post-thumbnail","6":"product_brand-pophaw","7":"product_cat-personal-care","8":"product_cat-healthcare-products","9":"product_cat-hearing-vision-care","10":"product_cat-home-medical-supplies","11":"desktop-align-center","12":"tablet-align-center","13":"mobile-align-center","14":"ast-product-gallery-layout-horizontal-slider","15":"ast-magnify-disabled","16":"ast-product-tabs-layout-horizontal","18":"first","19":"instock","20":"shipping-taxable","21":"purchasable","22":"product-type-simple"},"spectra_custom_meta":{"_edit_lock":["1737875983:1"],"_edit_last":["1"],"rank_math_seo_score":["93"],"rank_math_focus_keyword":["Ear Wax Remover"],"_wp_old_slug":["ear-cleaner-with-camera"],"insight_product_options":["s:1358:\"a:38:{s:27:\"single_product_layout_style\";s:0:\"\";s:11:\"site_layout\";s:0:\"\";s:10:\"site_width\";s:0:\"\";s:16:\"site_top_spacing\";s:0:\"\";s:19:\"site_bottom_spacing\";s:0:\"\";s:10:\"site_class\";s:0:\"\";s:21:\"site_background_color\";s:0:\"\";s:21:\"site_background_image\";s:0:\"\";s:22:\"site_background_repeat\";s:9:\"no-repeat\";s:26:\"site_background_attachment\";s:0:\"\";s:24:\"site_background_position\";s:0:\"\";s:20:\"site_background_size\";s:0:\"\";s:24:\"content_background_color\";s:0:\"\";s:24:\"content_background_image\";s:0:\"\";s:25:\"content_background_repeat\";s:9:\"no-repeat\";s:27:\"content_background_position\";s:0:\"\";s:12:\"top_bar_type\";s:0:\"\";s:11:\"header_type\";s:0:\"\";s:14:\"header_overlay\";s:0:\"\";s:11:\"header_skin\";s:0:\"\";s:12:\"menu_display\";s:0:\"\";s:13:\"menu_one_page\";s:1:\"0\";s:16:\"custom_dark_logo\";s:0:\"\";s:17:\"custom_light_logo\";s:0:\"\";s:17:\"custom_logo_width\";s:0:\"\";s:24:\"custom_sticky_logo_width\";s:0:\"\";s:21:\"page_title_bar_layout\";s:0:\"\";s:29:\"page_title_bar_bottom_spacing\";s:0:\"\";s:31:\"page_title_bar_background_color\";s:0:\"\";s:25:\"page_title_bar_background\";s:0:\"\";s:33:\"page_title_bar_background_overlay\";s:0:\"\";s:29:\"page_title_bar_custom_heading\";s:0:\"\";s:14:\"page_sidebar_1\";s:7:\"default\";s:14:\"page_sidebar_2\";s:7:\"default\";s:21:\"page_sidebar_position\";s:7:\"default\";s:17:\"revolution_slider\";s:0:\"\";s:15:\"slider_position\";s:5:\"below\";s:13:\"footer_enable\";s:0:\"\";}\";"],"_admin_notes":["https:\/\/www.ebay.com\/itm\/364969902261"],"_sku":["EB218009"],"_regular_price":["16.99"],"total_sales":["0"],"_tax_status":["taxable"],"_tax_class":[""],"_manage_stock":["no"],"_backorders":["no"],"_sold_individually":["no"],"_virtual":["no"],"_downloadable":["no"],"_download_limit":["-1"],"_download_expiry":["-1"],"_stock":[null],"_stock_status":["instock"],"_wc_average_rating":["0"],"_wc_review_count":["0"],"_product_version":["9.6.0"],"_price":["16.99"],"rank_math_primary_product_brand":["73"],"rank_math_primary_product_cat":["338"],"rank_math_analytic_object_id":["140"],"rank_math_og_content_image":["a:2:{s:5:\"check\";s:32:\"7124ab62008e7d78767919854b33fb6c\";s:6:\"images\";a:0:{}}"],"_thumbnail_id":["8495"],"_product_image_gallery":["8496,8497,8498,8499,8500,8501"],"_wc_gla_synced_at":["1773802835"],"_wc_gla_sync_status":["synced"],"_wc_gla_visibility":["sync-and-show"],"_wc_gla_google_ids":["a:1:{s:2:\"US\";s:21:\"online:en:US:gla_8494\";}"],"fb_product_item_id":["9498492986868860"],"_custom_product_field":[""],"_global_unique_id":["10888621914077"],"_wc_facebook_sync_enabled":["yes"],"fb_visibility":["yes"],"fb_product_description":[""],"_wc_facebook_product_image_source":["product"],"_wc_facebook_commerce_enabled":["no"],"rank_math_primary_fb_product_set":["0"],"site-sidebar-layout":["default"],"ast-site-content-layout":["default"],"site-content-style":["default"],"site-sidebar-style":["default"],"theme-transparent-header-meta":["default"],"astra-migrate-meta-layouts":["set"],"stick-header-meta":["default"],"wp_statistics_words_count":["484"],"wpil_sync_report3":["1"],"wpil_links_inbound_internal_count":["0"],"wpil_links_inbound_internal_count_data":["eJxLtDKwqq4FAAZPAf4="],"wpil_links_outbound_internal_count":["0"],"wpil_links_outbound_internal_count_data":["eJxLtDKwqq4FAAZPAf4="],"wpil_links_outbound_external_count":["0"],"wpil_links_outbound_external_count_data":["eJxLtDKwqq4FAAZPAf4="],"wpil_sync_report2_time":["2025-01-27T07:29:11+00:00"],"omnisend_last_sync":["2025-05-16T11:05:10+00:00"],"surerank_settings_general":["a:7:{s:9:\"separator\";s:1:\"-\";s:10:\"page_title\";s:21:\"%title% - %site_name%\";s:25:\"auto_generate_description\";b:1;s:16:\"page_description\";s:9:\"%excerpt%\";s:16:\"auto_description\";s:153:\"Discover the Clearer World with 1080P HD Camera Ear Wax Remover Tool Are you tired of dealing with annoying ear wax buildup that affects your hearing and\";s:14:\"fallback_image\";s:0:\"\";s:13:\"canonical_url\";s:60:\"https:\/\/pophaw.com\/product\/ear-wax-remover-tool-with-camera\/\";}"],"surerank_settings_post_no_index":["no"],"surerank_settings_post_no_follow":["no"],"surerank_settings_post_no_archive":["no"],"surerank_settings_social":["a:23:{s:15:\"open_graph_tags\";b:1;s:18:\"facebook_meta_tags\";b:1;s:17:\"twitter_meta_tags\";b:1;s:16:\"oembeded_scripts\";b:1;s:17:\"oembeded_og_title\";b:1;s:22:\"oembeded_social_images\";b:1;s:27:\"oembeded_remove_author_name\";b:1;s:17:\"facebook_page_url\";s:54:\"https:\/\/www.facebook.com\/profile.php?id=61571207938497\";s:24:\"facebook_author_fallback\";s:0:\"\";s:17:\"twitter_card_type\";s:19:\"summary_large_image\";s:24:\"twitter_same_as_facebook\";b:1;s:24:\"twitter_profile_username\";s:0:\"\";s:24:\"twitter_profile_fallback\";s:0:\"\";s:14:\"facebook_title\";s:21:\"%title% - %site_name%\";s:20:\"facebook_description\";s:9:\"%content%\";s:18:\"facebook_image_url\";s:52:\"https:\/\/pophaw.com\/wp-content\/uploads\/2024\/12\/1.webp\";s:17:\"facebook_image_id\";i:8495;s:20:\"facebook_image_width\";i:1432;s:21:\"facebook_image_height\";i:1500;s:13:\"twitter_title\";s:21:\"%title% - %site_name%\";s:19:\"twitter_description\";s:9:\"%content%\";s:17:\"twitter_image_url\";s:52:\"https:\/\/pophaw.com\/wp-content\/uploads\/2024\/12\/1.webp\";s:16:\"twitter_image_id\";i:8495;}"],"surerank_migration":["1"],"astra_style_timestamp_css":["1775174616"],"wwpp_product_wholesale_visibility_filter":["all"],"_uag_css_file_name":["uag-css-8494.css"],"rank_math_internal_links_processed":["1"],"_uag_page_assets":["a:9:{s:3:\"css\";s:263:\".uag-blocks-common-selector{z-index:var(--z-index-desktop) !important}@media (max-width: 976px){.uag-blocks-common-selector{z-index:var(--z-index-tablet) !important}}@media (max-width: 767px){.uag-blocks-common-selector{z-index:var(--z-index-mobile) !important}}\n\";s:2:\"js\";s:0:\"\";s:18:\"current_block_list\";a:15:{i:0;s:23:\"surecart\/slide-out-cart\";i:1;s:30:\"surecart\/slide-out-cart-header\";i:2;s:29:\"surecart\/slide-out-cart-items\";i:3;s:30:\"surecart\/slide-out-cart-coupon\";i:4;s:32:\"surecart\/slide-out-cart-subtotal\";i:5;s:38:\"surecart\/slide-out-cart-bump-line-item\";i:6;s:30:\"surecart\/slide-out-cart-submit\";i:7;s:11:\"core\/search\";i:8;s:10:\"core\/group\";i:9;s:12:\"core\/heading\";i:10;s:17:\"core\/latest-posts\";i:11;s:20:\"core\/latest-comments\";i:12;s:13:\"core\/archives\";i:13;s:15:\"core\/categories\";i:14;s:14:\"core\/shortcode\";}s:8:\"uag_flag\";b:0;s:11:\"uag_version\";s:10:\"1775168599\";s:6:\"gfonts\";a:0:{}s:10:\"gfonts_url\";s:0:\"\";s:12:\"gfonts_files\";a:0:{}s:14:\"uag_faq_layout\";b:0;}"],"_wc_gla_mc_status":["approved"]},"uagb_featured_image_src":{"full":["https:\/\/pophaw.com\/wp-content\/uploads\/2024\/12\/1.webp",1432,1500,false],"thumbnail":["https:\/\/pophaw.com\/wp-content\/uploads\/2024\/12\/1.webp",143,150,false],"medium":["https:\/\/pophaw.com\/wp-content\/uploads\/2024\/12\/1.webp",286,300,false],"medium_large":["https:\/\/pophaw.com\/wp-content\/uploads\/2024\/12\/1.webp",768,804,false],"large":["https:\/\/pophaw.com\/wp-content\/uploads\/2024\/12\/1.webp",978,1024,false],"ryviu-small":["https:\/\/pophaw.com\/wp-content\/uploads\/2024\/12\/1.webp",38,40,false],"ryviu-medium":["https:\/\/pophaw.com\/wp-content\/uploads\/2024\/12\/1.webp",126,132,false],"1536x1536":["https:\/\/pophaw.com\/wp-content\/uploads\/2024\/12\/1.webp",1432,1500,false],"2048x2048":["https:\/\/pophaw.com\/wp-content\/uploads\/2024\/12\/1.webp",1432,1500,false],"trp-custom-language-flag":["https:\/\/pophaw.com\/wp-content\/uploads\/2024\/12\/1.webp",11,12,false],"woocommerce_thumbnail":["https:\/\/pophaw.com\/wp-content\/uploads\/2024\/12\/1-300x300.webp",300,300,true],"woocommerce_single":["https:\/\/pophaw.com\/wp-content\/uploads\/2024\/12\/1-600x628.webp",600,628,true],"woocommerce_gallery_thumbnail":["https:\/\/pophaw.com\/wp-content\/uploads\/2024\/12\/1-100x100.webp",100,100,true]},"uagb_author_info":{"display_name":"Dr. Rowan","author_link":"https:\/\/pophaw.com\/es\/author\/"},"uagb_comment_info":0,"uagb_excerpt":"Ear Wax Remover Tool with 8 Ear Set, Ear Cleaner with Camera","_links":{"self":[{"href":"https:\/\/pophaw.com\/es\/wp-json\/wp\/v2\/product\/8494","targetHints":{"allow":["GET"]}}],"collection":[{"href":"https:\/\/pophaw.com\/es\/wp-json\/wp\/v2\/product"}],"about":[{"href":"https:\/\/pophaw.com\/es\/wp-json\/wp\/v2\/types\/product"}],"wp:featuredmedia":[{"embeddable":true,"href":"https:\/\/pophaw.com\/es\/wp-json\/wp\/v2\/media\/8495"}],"wp:attachment":[{"href":"https:\/\/pophaw.com\/es\/wp-json\/wp\/v2\/media?parent=8494"}],"wp:term":[{"taxonomy":"product_brand","embeddable":true,"href":"https:\/\/pophaw.com\/es\/wp-json\/wp\/v2\/product_brand?post=8494"},{"taxonomy":"product_cat","embeddable":true,"href":"https:\/\/pophaw.com\/es\/wp-json\/wp\/v2\/product_cat?post=8494"},{"taxonomy":"product_tag","embeddable":true,"href":"https:\/\/pophaw.com\/es\/wp-json\/wp\/v2\/product_tag?post=8494"}],"curies":[{"name":"wp","href":"https:\/\/api.w.org\/{rel}","templated":true}]}}