{"id":8899,"date":"2024-12-20T06:07:28","date_gmt":"2024-12-20T14:07:28","guid":{"rendered":"https:\/\/pophaw.com\/?post_type=product&#038;p=8899"},"modified":"2025-01-25T23:20:09","modified_gmt":"2025-01-26T07:20:09","slug":"tensiometro-digital-de-muneca","status":"publish","type":"product","link":"https:\/\/pophaw.com\/es\/producto\/tensiometro-digital-de-muneca\/","title":{"rendered":"Tensi\u00f3metro digital de mu\u00f1eca"},"content":{"rendered":"<p><span style=\"color: #000000;\">\u00bfPor qu\u00e9 es importante tener un tensi\u00f3metro digital de mu\u00f1eca? La hipertensi\u00f3n es un importante factor de riesgo cardiovascular. Puede causar graves problemas de salud, infarto de miocardio e ictus en particular.Las mediciones diarias pueden ayudarle a comprender c\u00f3mo controlar la salud y la hipertensi\u00f3n; el seguimiento de sus lecturas puede ayudar a su m\u00e9dico a controlar el efecto del tratamiento. Utilizar un tensi\u00f3metro dom\u00e9stico es f\u00e1cil y c\u00f3modo. El tensi\u00f3metro de mu\u00f1eca Sejoy proporciona resultados r\u00e1pidos y precisos con s\u00f3lo pulsar un bot\u00f3n, y realiza un seguimiento constante de la presi\u00f3n arterial sist\u00f3lica superior, la presi\u00f3n arterial diast\u00f3lica inferior y la frecuencia cardiaca. Muestra claramente el mes, el d\u00eda, la hora y el minuto despu\u00e9s de cada lectura y tambi\u00e9n mostrar\u00e1 la media de las tres \u00faltimas mediciones en una gran pantalla digital. R\u00e1pido y preciso, el tensi\u00f3metro tiene una memoria ampliada de hasta 120 memorias para un usuario. Este tensi\u00f3metro dom\u00e9stico de mu\u00f1eca es ligero, port\u00e1til, c\u00f3modo y f\u00e1cil de usar. Ideal cuando desea comprobar su presi\u00f3n arterial mientras se desplaza.<\/span><\/p>\n<ul>\n<li><span style=\"color: #000000;\"><b>Precisi\u00f3n cl\u00ednica<\/b>: Sejoy monitores de presi\u00f3n arterial en casa utilizan el m\u00e9todo oscilom\u00e9trico de medici\u00f3n, proporcionando la medici\u00f3n de la presi\u00f3n arterial y el pulso con precisi\u00f3n de medici\u00f3n de alta precisi\u00f3n.<\/span><\/li>\n<li><span style=\"color: #000000;\"><b>Totalmente autom\u00e1tico<\/b>: Para un manejo sencillo, el tensi\u00f3metro se pone en marcha y obtiene los resultados de la tensi\u00f3n arterial y los latidos del coraz\u00f3n con s\u00f3lo pulsar un bot\u00f3n; la lectura aparecer\u00e1 en la pantalla en medio minuto, lo que hace que el control sea sencillo, r\u00e1pido y f\u00e1cil.<\/span><\/li>\n<li><span style=\"color: #000000;\"><b>Indicador del estado de salud<\/b>: Al medir la tensi\u00f3n arterial, el tensi\u00f3metro cuenta con un indicador de clasificaci\u00f3n de la tensi\u00f3n arterial de la Organizaci\u00f3n Mundial de la Salud para ofrecerle la lectura m\u00e1s precisa. Tambi\u00e9n detecta tu frecuencia cardiaca y te avisar\u00e1 si se detecta alg\u00fan latido irregular.<\/span><\/li>\n<li><span style=\"color: #000000;\"><b>Modo 2 usuarios<\/b>: Este tensi\u00f3metro almacena de forma independiente hasta 60 mediciones para cada usuario con fecha y hora, mostrando la media de las 3 \u00faltimas lecturas. La funci\u00f3n de memoria le permite realizar un seguimiento de su estado de salud; puede recuperar la memoria pulsando el bot\u00f3n \u201cM\u201d.<\/span><\/li>\n<li><span style=\"color: #000000;\"><b>Pu\u00f1o grande ajustable<\/b>: Nuestro monitor de presi\u00f3n arterial electr\u00f3nico equipado con un brazalete ajustable, adecuado para personas con circunferencias de mu\u00f1eca de 5.3\u2033-8.5\u2033, se adapta a la mayor\u00eda de los adultos.<\/span><\/li>\n<li><span style=\"color: #000000;\"><b>Dise\u00f1o port\u00e1til<\/b>: Dise\u00f1o sencillo y exquisito con un estuche de transporte, que le aporta excelencia y portabilidad para llevarlo a cualquier parte con usted.<\/span><\/li>\n<\/ul>\n<div>\n<div><span style=\"color: #000000;\"><b>Todo lo que necesita en un solo paquete:<\/b><\/span><\/div>\n<div>\n<ul>\n<li><span style=\"color: #000000;\">1* tensi\u00f3metro<\/span><\/li>\n<li><span style=\"color: #000000;\">1* manual del usuario<\/span><\/li>\n<li><span style=\"color: #000000;\">1* estuche<\/span><\/li>\n<li><span style=\"color: #000000;\">2* pilas AAA<\/span><\/li>\n<\/ul>\n<\/div>\n<\/div>","protected":false},"excerpt":{"rendered":"<p><span style=\"color: #808080;\">Ayudarle a entender c\u00f3mo gestionar la salud y la hipertensi\u00f3n<\/span><\/p>","protected":false},"featured_media":8900,"template":"","meta":{"bwfblock_default_font":"","_uag_custom_page_level_css":"","site-sidebar-layout":"default","site-content-layout":"","ast-site-content-layout":"default","site-content-style":"default","site-sidebar-style":"default","ast-global-header-display":"","ast-banner-title-visibility":"","ast-main-header-display":"","ast-hfb-above-header-display":"","ast-hfb-below-header-display":"","ast-hfb-mobile-header-display":"","site-post-title":"","ast-breadcrumbs-content":"","ast-featured-img":"","footer-sml-layout":"","ast-disable-related-posts":"","theme-transparent-header-meta":"default","adv-header-id-meta":"","stick-header-meta":"default","header-above-stick-meta":"","header-main-stick-meta":"","header-below-stick-meta":"","astra-migrate-meta-layouts":"set","ast-page-background-enabled":"default","ast-page-background-meta":{"desktop":{"background-color":"","background-image":"","background-repeat":"repeat","background-position":"center center","background-size":"auto","background-attachment":"scroll","background-type":"","background-media":"","overlay-type":"","overlay-color":"","overlay-opacity":"","overlay-gradient":""},"tablet":{"background-color":"","background-image":"","background-repeat":"repeat","background-position":"center center","background-size":"auto","background-attachment":"scroll","background-type":"","background-media":"","overlay-type":"","overlay-color":"","overlay-opacity":"","overlay-gradient":""},"mobile":{"background-color":"","background-image":"","background-repeat":"repeat","background-position":"center center","background-size":"auto","background-attachment":"scroll","background-type":"","background-media":"","overlay-type":"","overlay-color":"","overlay-opacity":"","overlay-gradient":""}},"ast-content-background-meta":{"desktop":{"background-color":"var(--ast-global-color-5)","background-image":"","background-repeat":"repeat","background-position":"center center","background-size":"auto","background-attachment":"scroll","background-type":"","background-media":"","overlay-type":"","overlay-color":"","overlay-opacity":"","overlay-gradient":""},"tablet":{"background-color":"var(--ast-global-color-5)","background-image":"","background-repeat":"repeat","background-position":"center center","background-size":"auto","background-attachment":"scroll","background-type":"","background-media":"","overlay-type":"","overlay-color":"","overlay-opacity":"","overlay-gradient":""},"mobile":{"background-color":"var(--ast-global-color-5)","background-image":"","background-repeat":"repeat","background-position":"center center","background-size":"auto","background-attachment":"scroll","background-type":"","background-media":"","overlay-type":"","overlay-color":"","overlay-opacity":"","overlay-gradient":""}}},"product_brand":[],"product_cat":[339,336,99,190],"product_tag":[],"class_list":{"0":"post-8899","1":"product","2":"type-product","3":"status-publish","4":"has-post-thumbnail","6":"product_cat-monitoring","7":"product_cat-healthcare-products","8":"product_cat-home-medical-supplies","9":"product_cat-wellness-monitoring","10":"desktop-align-center","11":"tablet-align-center","12":"mobile-align-center","13":"ast-product-gallery-layout-horizontal-slider","14":"ast-magnify-disabled","15":"ast-product-tabs-layout-horizontal","17":"first","18":"instock","19":"shipping-taxable","20":"purchasable","21":"product-type-simple"},"spectra_custom_meta":{"_edit_lock":["1737876011:1"],"_edit_last":["1"],"rank_math_seo_score":["85"],"rank_math_focus_keyword":["Digital Wrist Blood Pressure Monitor"],"rank_math_description":["Digital Wrist Blood Pressure Monitor can help you understand how to manage health and hypertension, tracking your readings can help your doctor monitor the treatment effect."],"_thumbnail_id":["8900"],"_admin_notes":["https:\/\/www.ebay.com\/itm\/225452548843"],"_custom_product_field":[""],"_sku":["EB218012"],"_regular_price":["18.88"],"total_sales":["0"],"_tax_status":["taxable"],"_tax_class":[""],"_manage_stock":["no"],"_backorders":["no"],"_sold_individually":["no"],"_virtual":["no"],"_downloadable":["no"],"_download_limit":["-1"],"_download_expiry":["-1"],"_stock":[null],"_stock_status":["instock"],"_wc_average_rating":["5.00"],"_wc_review_count":["1"],"_product_version":["9.6.0"],"_price":["18.88"],"_product_image_gallery":["8901,8902,8903,8904,8905,8906,8907"],"rank_math_primary_product_cat":["339"],"site-sidebar-layout":["default"],"ast-site-content-layout":["default"],"site-content-style":["default"],"site-sidebar-style":["default"],"theme-transparent-header-meta":["default"],"stick-header-meta":["default"],"rank_math_analytic_object_id":["149"],"_wc_rating_count":["a:1:{i:5;i:1;}"],"_wc_gla_synced_at":["1773802835"],"_wc_gla_sync_status":["synced"],"_wc_gla_visibility":["sync-and-show"],"_wc_gla_google_ids":["a:1:{s:2:\"US\";s:21:\"online:en:US:gla_8899\";}"],"fb_product_item_id":["28040486152261834"],"_global_unique_id":["10888621914091"],"_wc_facebook_sync_enabled":["yes"],"fb_visibility":["yes"],"fb_product_description":[""],"_wc_facebook_product_image_source":["product"],"_wc_facebook_commerce_enabled":["no"],"rank_math_primary_product_brand":["0"],"rank_math_primary_fb_product_set":["0"],"astra-migrate-meta-layouts":["set"],"wp_statistics_words_count":["404"],"wpil_sync_report3":["1"],"wpil_links_inbound_internal_count":["0"],"wpil_links_inbound_internal_count_data":["eJxLtDKwqq4FAAZPAf4="],"wpil_links_outbound_internal_count":["0"],"wpil_links_outbound_internal_count_data":["eJxLtDKwqq4FAAZPAf4="],"wpil_links_outbound_external_count":["0"],"wpil_links_outbound_external_count_data":["eJxLtDKwqq4FAAZPAf4="],"wpil_sync_report2_time":["2025-01-27T07:29:11+00:00"],"omnisend_last_sync":["2025-05-16T11:05:10+00:00"],"surerank_settings_general":["a:7:{s:9:\"separator\";s:1:\"-\";s:10:\"page_title\";s:21:\"%title% - %site_name%\";s:25:\"auto_generate_description\";b:1;s:16:\"page_description\";s:173:\"Digital Wrist Blood Pressure Monitor can help you understand how to manage health and hypertension, tracking your readings can help your doctor monitor the treatment effect.\";s:16:\"auto_description\";s:153:\"Why is it important to have a digital wrist blood pressure monitor? High blood pressure is a significant cardiovascular risk factor. It can cause serious\";s:14:\"fallback_image\";s:0:\"\";s:13:\"canonical_url\";s:64:\"https:\/\/pophaw.com\/product\/digital-wrist-blood-pressure-monitor\/\";}"],"surerank_settings_post_no_index":["no"],"surerank_settings_post_no_follow":["no"],"surerank_settings_post_no_archive":["no"],"surerank_settings_social":["a:23:{s:15:\"open_graph_tags\";b:1;s:18:\"facebook_meta_tags\";b:1;s:17:\"twitter_meta_tags\";b:1;s:16:\"oembeded_scripts\";b:1;s:17:\"oembeded_og_title\";b:1;s:22:\"oembeded_social_images\";b:1;s:27:\"oembeded_remove_author_name\";b:1;s:17:\"facebook_page_url\";s:54:\"https:\/\/www.facebook.com\/profile.php?id=61571207938497\";s:24:\"facebook_author_fallback\";s:0:\"\";s:17:\"twitter_card_type\";s:19:\"summary_large_image\";s:24:\"twitter_same_as_facebook\";b:1;s:24:\"twitter_profile_username\";s:0:\"\";s:24:\"twitter_profile_fallback\";s:0:\"\";s:14:\"facebook_title\";s:21:\"%title% - %site_name%\";s:20:\"facebook_description\";s:9:\"%content%\";s:18:\"facebook_image_url\";s:56:\"https:\/\/pophaw.com\/wp-content\/uploads\/2024\/12\/10002.webp\";s:17:\"facebook_image_id\";i:8900;s:20:\"facebook_image_width\";i:1600;s:21:\"facebook_image_height\";i:1600;s:13:\"twitter_title\";s:21:\"%title% - %site_name%\";s:19:\"twitter_description\";s:9:\"%content%\";s:17:\"twitter_image_url\";s:56:\"https:\/\/pophaw.com\/wp-content\/uploads\/2024\/12\/10002.webp\";s:16:\"twitter_image_id\";i:8900;}"],"surerank_migration":["1"],"astra_style_timestamp_css":["1775174927"],"wwpp_product_wholesale_visibility_filter":["all"],"_uag_css_file_name":["uag-css-8899.css"],"rank_math_internal_links_processed":["1"],"_uag_page_assets":["a:9:{s:3:\"css\";s:263:\".uag-blocks-common-selector{z-index:var(--z-index-desktop) !important}@media (max-width: 976px){.uag-blocks-common-selector{z-index:var(--z-index-tablet) !important}}@media (max-width: 767px){.uag-blocks-common-selector{z-index:var(--z-index-mobile) !important}}\n\";s:2:\"js\";s:0:\"\";s:18:\"current_block_list\";a:15:{i:0;s:23:\"surecart\/slide-out-cart\";i:1;s:30:\"surecart\/slide-out-cart-header\";i:2;s:29:\"surecart\/slide-out-cart-items\";i:3;s:30:\"surecart\/slide-out-cart-coupon\";i:4;s:32:\"surecart\/slide-out-cart-subtotal\";i:5;s:38:\"surecart\/slide-out-cart-bump-line-item\";i:6;s:30:\"surecart\/slide-out-cart-submit\";i:7;s:11:\"core\/search\";i:8;s:10:\"core\/group\";i:9;s:12:\"core\/heading\";i:10;s:17:\"core\/latest-posts\";i:11;s:20:\"core\/latest-comments\";i:12;s:13:\"core\/archives\";i:13;s:15:\"core\/categories\";i:14;s:14:\"core\/shortcode\";}s:8:\"uag_flag\";b:0;s:11:\"uag_version\";s:10:\"1775168599\";s:6:\"gfonts\";a:0:{}s:10:\"gfonts_url\";s:0:\"\";s:12:\"gfonts_files\";a:0:{}s:14:\"uag_faq_layout\";b:0;}"],"_wc_gla_mc_status":["approved"]},"uagb_featured_image_src":{"full":["https:\/\/pophaw.com\/wp-content\/uploads\/2024\/12\/10002.webp",1600,1600,false],"thumbnail":["https:\/\/pophaw.com\/wp-content\/uploads\/2024\/12\/10002-150x150.webp",150,150,true],"medium":["https:\/\/pophaw.com\/wp-content\/uploads\/2024\/12\/10002-300x300.webp",300,300,true],"medium_large":["https:\/\/pophaw.com\/wp-content\/uploads\/2024\/12\/10002-768x768.webp",768,768,true],"large":["https:\/\/pophaw.com\/wp-content\/uploads\/2024\/12\/10002-1024x1024.webp",1024,1024,true],"ryviu-small":["https:\/\/pophaw.com\/wp-content\/uploads\/2024\/12\/10002.webp",40,40,false],"ryviu-medium":["https:\/\/pophaw.com\/wp-content\/uploads\/2024\/12\/10002.webp",132,132,false],"1536x1536":["https:\/\/pophaw.com\/wp-content\/uploads\/2024\/12\/10002-1536x1536.webp",1536,1536,true],"2048x2048":["https:\/\/pophaw.com\/wp-content\/uploads\/2024\/12\/10002.webp",1600,1600,false],"trp-custom-language-flag":["https:\/\/pophaw.com\/wp-content\/uploads\/2024\/12\/10002.webp",12,12,false],"woocommerce_thumbnail":["https:\/\/pophaw.com\/wp-content\/uploads\/2024\/12\/10002-300x300.webp",300,300,true],"woocommerce_single":["https:\/\/pophaw.com\/wp-content\/uploads\/2024\/12\/10002-600x600.webp",600,600,true],"woocommerce_gallery_thumbnail":["https:\/\/pophaw.com\/wp-content\/uploads\/2024\/12\/10002-100x100.webp",100,100,true]},"uagb_author_info":{"display_name":"Dr. Rowan","author_link":"https:\/\/pophaw.com\/es\/author\/"},"uagb_comment_info":1,"uagb_excerpt":"Help you understand how to manage health and hypertension","_links":{"self":[{"href":"https:\/\/pophaw.com\/es\/wp-json\/wp\/v2\/product\/8899","targetHints":{"allow":["GET"]}}],"collection":[{"href":"https:\/\/pophaw.com\/es\/wp-json\/wp\/v2\/product"}],"about":[{"href":"https:\/\/pophaw.com\/es\/wp-json\/wp\/v2\/types\/product"}],"wp:featuredmedia":[{"embeddable":true,"href":"https:\/\/pophaw.com\/es\/wp-json\/wp\/v2\/media\/8900"}],"wp:attachment":[{"href":"https:\/\/pophaw.com\/es\/wp-json\/wp\/v2\/media?parent=8899"}],"wp:term":[{"taxonomy":"product_brand","embeddable":true,"href":"https:\/\/pophaw.com\/es\/wp-json\/wp\/v2\/product_brand?post=8899"},{"taxonomy":"product_cat","embeddable":true,"href":"https:\/\/pophaw.com\/es\/wp-json\/wp\/v2\/product_cat?post=8899"},{"taxonomy":"product_tag","embeddable":true,"href":"https:\/\/pophaw.com\/es\/wp-json\/wp\/v2\/product_tag?post=8899"}],"curies":[{"name":"wp","href":"https:\/\/api.w.org\/{rel}","templated":true}]}}