{"id":9364,"date":"2024-12-24T02:04:30","date_gmt":"2024-12-24T10:04:30","guid":{"rendered":"https:\/\/pophaw.com\/?post_type=product&#038;p=9364"},"modified":"2025-01-25T23:22:40","modified_gmt":"2025-01-26T07:22:40","slug":"sellado-final-sellador-mate","status":"publish","type":"product","link":"https:\/\/pophaw.com\/es\/producto\/sellado-final-sellador-mate\/","title":{"rendered":"Final Seal Sellador Mate 4oz"},"content":{"rendered":"<p>El ic\u00f3nico spray fijador Final Seal proporciona la m\u00e1xima duraci\u00f3n y prolonga el tiempo de uso de cualquier maquillaje. Su f\u00f3rmula a base de alcohol cubre el maquillaje con selladores cosm\u00e9ticos de alta resistencia que permiten una mayor duraci\u00f3n y reducen los efectos de los aceites y la transpiraci\u00f3n que puedan estar presentes en la superficie de la piel. Se seca r\u00e1pidamente y deja un acabado mate a prueba de manchas.<\/p>\n<p>Este spray fijador esencial es imprescindible en el kit de maquillaje de cualquier maquillador, actor o artista. Disponible en una amplia gama de tama\u00f1os. Tiene un aroma mentolado que proporciona una sensaci\u00f3n refrescante mientras el maquillaje se fija en el rostro y el cuerpo.<br \/>\nUtilizar en una zona bien ventilada. Prever 20-50 aplicaciones por onza.<\/p>\n<p><span style=\"font-size: 12pt;\">Termina tu look haci\u00e9ndolo a prueba de manchas y resistente al agua. Ben Nye Final Seal Matte Sealer fija tu look durante horas de actuaci\u00f3n, entretenimiento o enfrent\u00e1ndote a las inclemencias del tiempo. Mantiene el maquillaje en su sitio, \u00a1incluso aunque sudes mucho!<\/span><\/p>\n<p><span style=\"font-size: 12pt;\">Tallas disponibles:<\/span><\/p>\n<ul>\n<li><span style=\"font-size: 12pt;\">1 oz. Botella pulverizadora (FY-0)<\/span><\/li>\n<li><span style=\"font-size: 12pt;\">Botella pulverizadora de 2 onzas (FY-2)<\/span><\/li>\n<li><span style=\"font-size: 12pt;\">Botella pulverizadora de 4 onzas (FY-4)<\/span><\/li>\n<li><span style=\"font-size: 12pt;\">Botella de 8 oz. (sin tap\u00f3n pulverizador) (FY-8)<\/span><\/li>\n<li><span style=\"font-size: 12pt;\">Botella de 16 oz. (sin tap\u00f3n pulverizador) (FY-16)<\/span><\/li>\n<\/ul>\n<p><span style=\"font-size: 12pt;\">*El tap\u00f3n de pulverizaci\u00f3n no est\u00e1 incluido en los recambios de 8 oz. y 16 oz.<\/span><\/p>\n<p>&nbsp;<\/p>\n<p><span style=\"font-size: 12pt;\"><strong>PREGUNTAS FRECUENTES<\/strong><\/span><\/p>\n<div>\n<div>\n<h3><span style=\"font-size: 12pt;\">\u00bfA qu\u00e9 huele Ben Nye Final Seal?<\/span><\/h3>\n<div>\n<div>\n<p><span style=\"font-size: 12pt;\">Ben Nye Final Seal tiene un aroma refrescante a menta.<\/span><\/p>\n<\/div>\n<\/div>\n<\/div>\n<div>\n<h3><span style=\"font-size: 12pt;\">\u00bfEs Ben Nye Final Seal un spray matificante?<\/span><\/h3>\n<div>\n<div>\n<p><span style=\"font-size: 12pt;\">S\u00ed, Ben Nye Final Seal es un sellador a prueba de manchas y resistente al agua que deja un acabado mate.<\/span><\/p>\n<\/div>\n<\/div>\n<\/div>\n<div>\n<h3><span style=\"font-size: 12pt;\">\u00bfSe puede utilizar Ben Nye Final Seal todos los d\u00edas?<\/span><\/h3>\n<div>\n<div>\n<p><span style=\"font-size: 12pt;\">S\u00ed, Ben Nye Final Seal puede utilizarse a diario para conseguir un maquillaje impecable durante todo el d\u00eda.<\/span><\/p>\n<\/div>\n<\/div>\n<\/div>\n<div>\n<h3><span style=\"font-size: 12pt;\">\u00bfCu\u00e1nto dura el Sello Final Ben Nye?<\/span><\/h3>\n<div>\n<div>\n<p><span style=\"font-size: 12pt;\">Ben Nye Final Seal fija el maquillaje durante 24 horas.<\/span><\/p>\n<\/div>\n<\/div>\n<\/div>\n<div>\n<h3><span style=\"font-size: 12pt;\">\u00bfCu\u00e1ntas pulverizaciones de Ben Nye Final Seal necesita?<\/span><\/h3>\n<div>\n<div>\n<p><span style=\"font-size: 12pt;\">Aplicar 1-2 pulverizaciones de Ben Nye Final Seal para obtener los m\u00e1ximos resultados.<\/span><\/p>\n<\/div>\n<\/div>\n<\/div>\n<div>\n<h3><span style=\"font-size: 12pt;\">\u00bfEs Ben Nye Final Seal bueno para la piel grasa?<\/span><\/h3>\n<div>\n<div>\n<p><span style=\"font-size: 12pt;\">S\u00ed, Ben Nye Final Seal es perfecto para pieles grasas, mixtas y sensibles.<\/span><\/p>\n<\/div>\n<\/div>\n<\/div>\n<\/div>","protected":false},"excerpt":{"rendered":"<p>Termina tu look haci\u00e9ndolo a prueba de manchas y resistente al agua con Ben Nye Final Seal Matte Sealer.<\/p>","protected":false},"featured_media":9379,"template":"","meta":{"bwfblock_default_font":"","_uag_custom_page_level_css":"","site-sidebar-layout":"default","site-content-layout":"","ast-site-content-layout":"default","site-content-style":"default","site-sidebar-style":"default","ast-global-header-display":"","ast-banner-title-visibility":"","ast-main-header-display":"","ast-hfb-above-header-display":"","ast-hfb-below-header-display":"","ast-hfb-mobile-header-display":"","site-post-title":"","ast-breadcrumbs-content":"","ast-featured-img":"","footer-sml-layout":"","ast-disable-related-posts":"","theme-transparent-header-meta":"default","adv-header-id-meta":"","stick-header-meta":"default","header-above-stick-meta":"","header-main-stick-meta":"","header-below-stick-meta":"","astra-migrate-meta-layouts":"set","ast-page-background-enabled":"default","ast-page-background-meta":{"desktop":{"background-color":"","background-image":"","background-repeat":"repeat","background-position":"center center","background-size":"auto","background-attachment":"scroll","background-type":"","background-media":"","overlay-type":"","overlay-color":"","overlay-opacity":"","overlay-gradient":""},"tablet":{"background-color":"","background-image":"","background-repeat":"repeat","background-position":"center center","background-size":"auto","background-attachment":"scroll","background-type":"","background-media":"","overlay-type":"","overlay-color":"","overlay-opacity":"","overlay-gradient":""},"mobile":{"background-color":"","background-image":"","background-repeat":"repeat","background-position":"center center","background-size":"auto","background-attachment":"scroll","background-type":"","background-media":"","overlay-type":"","overlay-color":"","overlay-opacity":"","overlay-gradient":""}},"ast-content-background-meta":{"desktop":{"background-color":"var(--ast-global-color-5)","background-image":"","background-repeat":"repeat","background-position":"center center","background-size":"auto","background-attachment":"scroll","background-type":"","background-media":"","overlay-type":"","overlay-color":"","overlay-opacity":"","overlay-gradient":""},"tablet":{"background-color":"var(--ast-global-color-5)","background-image":"","background-repeat":"repeat","background-position":"center center","background-size":"auto","background-attachment":"scroll","background-type":"","background-media":"","overlay-type":"","overlay-color":"","overlay-opacity":"","overlay-gradient":""},"mobile":{"background-color":"var(--ast-global-color-5)","background-image":"","background-repeat":"repeat","background-position":"center center","background-size":"auto","background-attachment":"scroll","background-type":"","background-media":"","overlay-type":"","overlay-color":"","overlay-opacity":"","overlay-gradient":""}}},"product_brand":[73],"product_cat":[336,232],"product_tag":[],"class_list":{"0":"post-9364","1":"product","2":"type-product","3":"status-publish","4":"has-post-thumbnail","6":"product_brand-pophaw","7":"product_cat-healthcare-products","8":"product_cat-uncategorized","9":"desktop-align-center","10":"tablet-align-center","11":"mobile-align-center","12":"ast-product-gallery-layout-horizontal-slider","13":"ast-product-gallery-with-no-image","14":"ast-magnify-disabled","15":"ast-product-tabs-layout-horizontal","17":"first","18":"instock","19":"shipping-taxable","20":"purchasable","21":"product-type-simple"},"spectra_custom_meta":{"_edit_lock":["1737876161:1"],"_edit_last":["1"],"rank_math_seo_score":["85"],"rank_math_focus_keyword":["Final Seal Matte Sealer"],"_admin_notes":[""],"_custom_product_field":[""],"_regular_price":["28"],"total_sales":["0"],"_tax_status":["taxable"],"_tax_class":[""],"_manage_stock":["no"],"_backorders":["no"],"_sold_individually":["no"],"_virtual":["no"],"_downloadable":["no"],"_download_limit":["-1"],"_download_expiry":["-1"],"_stock":[null],"_stock_status":["instock"],"_wc_average_rating":["0"],"_wc_review_count":["0"],"_product_version":["9.6.0"],"_price":["28"],"rank_math_primary_product_cat":["336"],"rank_math_primary_product_brand":["73"],"site-sidebar-layout":["default"],"ast-site-content-layout":["default"],"site-content-style":["default"],"site-sidebar-style":["default"],"theme-transparent-header-meta":["default"],"stick-header-meta":["default"],"rank_math_analytic_object_id":["173"],"_thumbnail_id":["9379"],"_sku":["EB218025"],"_wc_gla_synced_at":["1773802835"],"_wc_gla_sync_status":["synced"],"_wc_gla_visibility":["sync-and-show"],"_wc_gla_google_ids":["a:1:{s:2:\"US\";s:21:\"online:en:US:gla_9364\";}"],"fb_product_item_id":["9104035086302536"],"_global_unique_id":["17841900187312"],"_wc_facebook_sync_enabled":["yes"],"fb_visibility":["yes"],"fb_product_description":[""],"_wc_facebook_product_image_source":["product"],"_wc_facebook_commerce_enabled":["no"],"rank_math_primary_fb_product_set":["0"],"astra-migrate-meta-layouts":["set"],"classic-editor-remember":["classic-editor"],"wp_statistics_words_count":["297"],"wpil_sync_report3":["1"],"wpil_links_inbound_internal_count":["0"],"wpil_links_inbound_internal_count_data":["eJxLtDKwqq4FAAZPAf4="],"wpil_links_outbound_internal_count":["0"],"wpil_links_outbound_internal_count_data":["eJxLtDKwqq4FAAZPAf4="],"wpil_links_outbound_external_count":["0"],"wpil_links_outbound_external_count_data":["eJxLtDKwqq4FAAZPAf4="],"wpil_sync_report2_time":["2025-01-27T07:29:10+00:00"],"omnisend_last_sync":["2025-05-16T11:05:10+00:00"],"surerank_settings_general":["a:7:{s:9:\"separator\";s:1:\"-\";s:10:\"page_title\";s:21:\"%title% - %site_name%\";s:25:\"auto_generate_description\";b:1;s:16:\"page_description\";s:9:\"%excerpt%\";s:16:\"auto_description\";s:157:\"The iconic Final Seal setting spray provides maximum durability and extends the wear time of any makeup. Its alcohol-based formula coats makeup in heavy duty\";s:14:\"fallback_image\";s:0:\"\";s:13:\"canonical_url\";s:51:\"https:\/\/pophaw.com\/product\/final-seal-matte-sealer\/\";}"],"surerank_settings_post_no_index":["no"],"surerank_settings_post_no_follow":["no"],"surerank_settings_post_no_archive":["no"],"surerank_settings_social":["a:23:{s:15:\"open_graph_tags\";b:1;s:18:\"facebook_meta_tags\";b:1;s:17:\"twitter_meta_tags\";b:1;s:16:\"oembeded_scripts\";b:1;s:17:\"oembeded_og_title\";b:1;s:22:\"oembeded_social_images\";b:1;s:27:\"oembeded_remove_author_name\";b:1;s:17:\"facebook_page_url\";s:54:\"https:\/\/www.facebook.com\/profile.php?id=61571207938497\";s:24:\"facebook_author_fallback\";s:0:\"\";s:17:\"twitter_card_type\";s:19:\"summary_large_image\";s:24:\"twitter_same_as_facebook\";b:1;s:24:\"twitter_profile_username\";s:0:\"\";s:24:\"twitter_profile_fallback\";s:0:\"\";s:14:\"facebook_title\";s:21:\"%title% - %site_name%\";s:20:\"facebook_description\";s:9:\"%content%\";s:18:\"facebook_image_url\";s:79:\"https:\/\/pophaw.com\/wp-content\/uploads\/2024\/12\/ben-nye-final-seal-4oz-spray.webp\";s:17:\"facebook_image_id\";i:9379;s:20:\"facebook_image_width\";i:720;s:21:\"facebook_image_height\";i:720;s:13:\"twitter_title\";s:21:\"%title% - %site_name%\";s:19:\"twitter_description\";s:9:\"%content%\";s:17:\"twitter_image_url\";s:79:\"https:\/\/pophaw.com\/wp-content\/uploads\/2024\/12\/ben-nye-final-seal-4oz-spray.webp\";s:16:\"twitter_image_id\";i:9379;}"],"surerank_migration":["1"],"astra_style_timestamp_css":["1775174815"],"wwpp_product_wholesale_visibility_filter":["all"],"_uag_css_file_name":["uag-css-9364.css"],"rank_math_internal_links_processed":["1"],"_uag_page_assets":["a:9:{s:3:\"css\";s:263:\".uag-blocks-common-selector{z-index:var(--z-index-desktop) !important}@media (max-width: 976px){.uag-blocks-common-selector{z-index:var(--z-index-tablet) !important}}@media (max-width: 767px){.uag-blocks-common-selector{z-index:var(--z-index-mobile) !important}}\n\";s:2:\"js\";s:0:\"\";s:18:\"current_block_list\";a:15:{i:0;s:23:\"surecart\/slide-out-cart\";i:1;s:30:\"surecart\/slide-out-cart-header\";i:2;s:29:\"surecart\/slide-out-cart-items\";i:3;s:30:\"surecart\/slide-out-cart-coupon\";i:4;s:32:\"surecart\/slide-out-cart-subtotal\";i:5;s:38:\"surecart\/slide-out-cart-bump-line-item\";i:6;s:30:\"surecart\/slide-out-cart-submit\";i:7;s:11:\"core\/search\";i:8;s:10:\"core\/group\";i:9;s:12:\"core\/heading\";i:10;s:17:\"core\/latest-posts\";i:11;s:20:\"core\/latest-comments\";i:12;s:13:\"core\/archives\";i:13;s:15:\"core\/categories\";i:14;s:14:\"core\/shortcode\";}s:8:\"uag_flag\";b:0;s:11:\"uag_version\";s:10:\"1775168599\";s:6:\"gfonts\";a:0:{}s:10:\"gfonts_url\";s:0:\"\";s:12:\"gfonts_files\";a:0:{}s:14:\"uag_faq_layout\";b:0;}"],"_wc_gla_mc_status":["approved"]},"uagb_featured_image_src":{"full":["https:\/\/pophaw.com\/wp-content\/uploads\/2024\/12\/ben-nye-final-seal-4oz-spray.webp",720,720,false],"thumbnail":["https:\/\/pophaw.com\/wp-content\/uploads\/2024\/12\/ben-nye-final-seal-4oz-spray-150x150.webp",150,150,true],"medium":["https:\/\/pophaw.com\/wp-content\/uploads\/2024\/12\/ben-nye-final-seal-4oz-spray-300x300.webp",300,300,true],"medium_large":["https:\/\/pophaw.com\/wp-content\/uploads\/2024\/12\/ben-nye-final-seal-4oz-spray.webp",720,720,false],"large":["https:\/\/pophaw.com\/wp-content\/uploads\/2024\/12\/ben-nye-final-seal-4oz-spray.webp",720,720,false],"ryviu-small":["https:\/\/pophaw.com\/wp-content\/uploads\/2024\/12\/ben-nye-final-seal-4oz-spray.webp",40,40,false],"ryviu-medium":["https:\/\/pophaw.com\/wp-content\/uploads\/2024\/12\/ben-nye-final-seal-4oz-spray.webp",132,132,false],"1536x1536":["https:\/\/pophaw.com\/wp-content\/uploads\/2024\/12\/ben-nye-final-seal-4oz-spray.webp",720,720,false],"2048x2048":["https:\/\/pophaw.com\/wp-content\/uploads\/2024\/12\/ben-nye-final-seal-4oz-spray.webp",720,720,false],"trp-custom-language-flag":["https:\/\/pophaw.com\/wp-content\/uploads\/2024\/12\/ben-nye-final-seal-4oz-spray.webp",12,12,false],"woocommerce_thumbnail":["https:\/\/pophaw.com\/wp-content\/uploads\/2024\/12\/ben-nye-final-seal-4oz-spray-300x300.webp",300,300,true],"woocommerce_single":["https:\/\/pophaw.com\/wp-content\/uploads\/2024\/12\/ben-nye-final-seal-4oz-spray-600x600.webp",600,600,true],"woocommerce_gallery_thumbnail":["https:\/\/pophaw.com\/wp-content\/uploads\/2024\/12\/ben-nye-final-seal-4oz-spray-100x100.webp",100,100,true]},"uagb_author_info":{"display_name":"Dr. Rowan","author_link":"https:\/\/pophaw.com\/es\/author\/"},"uagb_comment_info":0,"uagb_excerpt":"Finish your look by making it smudge proof and water resistant with Ben Nye Final Seal Matte Sealer.","_links":{"self":[{"href":"https:\/\/pophaw.com\/es\/wp-json\/wp\/v2\/product\/9364","targetHints":{"allow":["GET"]}}],"collection":[{"href":"https:\/\/pophaw.com\/es\/wp-json\/wp\/v2\/product"}],"about":[{"href":"https:\/\/pophaw.com\/es\/wp-json\/wp\/v2\/types\/product"}],"wp:featuredmedia":[{"embeddable":true,"href":"https:\/\/pophaw.com\/es\/wp-json\/wp\/v2\/media\/9379"}],"wp:attachment":[{"href":"https:\/\/pophaw.com\/es\/wp-json\/wp\/v2\/media?parent=9364"}],"wp:term":[{"taxonomy":"product_brand","embeddable":true,"href":"https:\/\/pophaw.com\/es\/wp-json\/wp\/v2\/product_brand?post=9364"},{"taxonomy":"product_cat","embeddable":true,"href":"https:\/\/pophaw.com\/es\/wp-json\/wp\/v2\/product_cat?post=9364"},{"taxonomy":"product_tag","embeddable":true,"href":"https:\/\/pophaw.com\/es\/wp-json\/wp\/v2\/product_tag?post=9364"}],"curies":[{"name":"wp","href":"https:\/\/api.w.org\/{rel}","templated":true}]}}