{"id":9592,"date":"2024-12-30T22:40:11","date_gmt":"2024-12-31T06:40:11","guid":{"rendered":"https:\/\/pophaw.com\/?post_type=product&#038;p=9592"},"modified":"2025-01-25T23:24:14","modified_gmt":"2025-01-26T07:24:14","slug":"unidad-tens-inalambrica-estimulador-muscular","status":"publish","type":"product","link":"https:\/\/pophaw.com\/es\/producto\/unidad-tens-inalambrica-estimulador-muscular\/","title":{"rendered":"Unidad TENS inal\u00e1mbrica Estimulador muscular"},"content":{"rendered":"<ul>\n<li>MASTOGO cambia la vida\u00bfLe molestan a menudo los enredos de cables del aparato de los tensores? \u00a1Mire aqu\u00ed! El tensi\u00f3metro inal\u00e1mbrico Mastogo garantiza la libertad de movimiento. Los usuarios pueden llevarlo f\u00e1cilmente para realizar tareas dom\u00e9sticas, pasear y viajar sin sentirse atados y avergonzados por los cables. Esta comodidad es especialmente valiosa para las personas que necesitan electroterapia para aliviar el dolor en cualquier momento y en cualquier lugar. Diga adi\u00f3s a los cables desordenados y a los mandos a distancia que se pierden con facilidad.<\/li>\n<\/ul>\n<ul>\n<li>F\u00e1cil de usar: S\u00f3lo 3 pasos \u00bfQuiere aliviar f\u00e1cilmente el dolor pero le molestan los pasos complicados? El tensi\u00f3metro inal\u00e1mbrico le ofrece una soluci\u00f3n sencilla y eficaz. S\u00f3lo 3 pasos: seleccione su modo e intensidad favoritos en la unidad tens, arranque la hoja de electrodos, p\u00e9guela en la parte que necesita tratamiento de masaje y, a continuaci\u00f3n, \u00a1empiece a experimentar el placer y la comodidad del estimulador muscular tens para aliviar el dolor!<\/li>\n<\/ul>\n<ul>\n<li>Preajuste de 6 modos y 19 intensidadesCon el fin de satisfacer las diferentes necesidades de los clientes para el tratamiento de diferentes partes del cuerpo, hemos preestablecido 6 modos personalizados de golpeteo, entrenamiento, martilleo, compresi\u00f3n, activaci\u00f3n y amasado. Los clientes pueden elegir libremente planes de tratamiento muscular de estimulaci\u00f3n el\u00e9ctrica m\u00e1s precisos para diferentes partes dolorosas. \u00a1La intensidad se puede cambiar libremente de nivel 1 a nivel 19, y la unidad tensora tiene una pantalla de visualizaci\u00f3n, que es conveniente para que usted pueda ajustar su modo favorito y la intensidad sin preocuparse de que la intensidad sea demasiado alta o demasiado baja!<\/li>\n<\/ul>\n<ul>\n<li>Unidad TENS profesional para aliviar el dolorLa nueva unidad tens electr\u00f3nica natural, sin medicamentos y eficaz combina la tecnolog\u00eda de masaje tradicional con la moderna tecnolog\u00eda bioel\u00e9ctrica para estimular los m\u00fasculos y masajear varias partes del cuerpo con corriente de impulsos, aliviando eficazmente el dolor en varias partes del cuerpo como dolor en las articulaciones, dolor de espalda, dolor de rodilla, etc. \u00a1Es especialmente adecuado para los clientes que han estado en condiciones de trabajo de alta presi\u00f3n durante mucho tiempo!<\/li>\n<\/ul>\n<ul>\n<li>C\u00f3modo, US\u00bfEst\u00e1 cansado del complicado funcionamiento de los tensi\u00f3metros con cable? La unidad tensiom\u00e9trica Mastogo adopta un conector a presi\u00f3n de s\u00faper succi\u00f3n y almohadillas de electrodos de gel autoadhesivas de alta calidad, de modo que la unidad tensiom\u00e9trica y las almohadillas de electrodos pueden fijarse de forma estable y firme a la piel y no es f\u00e1cil que se caigan, incluso durante el ejercicio. Disfrute del encanto de la unidad tens inal\u00e1mbrica en carreras, fitness, baloncesto y otros deportes. Interfaz de carga TYPE-C ampliamente utilizada, la bater\u00eda de litio de 110mah soporta 2,5 horas de uso, \u00a1no hay necesidad de preocuparse por cambiar las pilas!<\/li>\n<\/ul>","protected":false},"excerpt":{"rendered":"<p>Garantiza la libertad de movimientos.<\/p>","protected":false},"featured_media":9593,"template":"","meta":{"bwfblock_default_font":"","_uag_custom_page_level_css":"","site-sidebar-layout":"default","site-content-layout":"","ast-site-content-layout":"default","site-content-style":"default","site-sidebar-style":"default","ast-global-header-display":"","ast-banner-title-visibility":"","ast-main-header-display":"","ast-hfb-above-header-display":"","ast-hfb-below-header-display":"","ast-hfb-mobile-header-display":"","site-post-title":"","ast-breadcrumbs-content":"","ast-featured-img":"","footer-sml-layout":"","ast-disable-related-posts":"","theme-transparent-header-meta":"default","adv-header-id-meta":"","stick-header-meta":"default","header-above-stick-meta":"","header-main-stick-meta":"","header-below-stick-meta":"","astra-migrate-meta-layouts":"set","ast-page-background-enabled":"default","ast-page-background-meta":{"desktop":{"background-color":"","background-image":"","background-repeat":"repeat","background-position":"center center","background-size":"auto","background-attachment":"scroll","background-type":"","background-media":"","overlay-type":"","overlay-color":"","overlay-opacity":"","overlay-gradient":""},"tablet":{"background-color":"","background-image":"","background-repeat":"repeat","background-position":"center center","background-size":"auto","background-attachment":"scroll","background-type":"","background-media":"","overlay-type":"","overlay-color":"","overlay-opacity":"","overlay-gradient":""},"mobile":{"background-color":"","background-image":"","background-repeat":"repeat","background-position":"center center","background-size":"auto","background-attachment":"scroll","background-type":"","background-media":"","overlay-type":"","overlay-color":"","overlay-opacity":"","overlay-gradient":""}},"ast-content-background-meta":{"desktop":{"background-color":"var(--ast-global-color-5)","background-image":"","background-repeat":"repeat","background-position":"center center","background-size":"auto","background-attachment":"scroll","background-type":"","background-media":"","overlay-type":"","overlay-color":"","overlay-opacity":"","overlay-gradient":""},"tablet":{"background-color":"var(--ast-global-color-5)","background-image":"","background-repeat":"repeat","background-position":"center center","background-size":"auto","background-attachment":"scroll","background-type":"","background-media":"","overlay-type":"","overlay-color":"","overlay-opacity":"","overlay-gradient":""},"mobile":{"background-color":"var(--ast-global-color-5)","background-image":"","background-repeat":"repeat","background-position":"center center","background-size":"auto","background-attachment":"scroll","background-type":"","background-media":"","overlay-type":"","overlay-color":"","overlay-opacity":"","overlay-gradient":""}}},"product_brand":[73],"product_cat":[344,336,99,124],"product_tag":[],"class_list":{"0":"post-9592","1":"product","2":"type-product","3":"status-publish","4":"has-post-thumbnail","6":"product_brand-pophaw","7":"product_cat-pain-management","8":"product_cat-healthcare-products","9":"product_cat-home-medical-supplies","10":"product_cat-pain-management-therapy","11":"desktop-align-center","12":"tablet-align-center","13":"mobile-align-center","14":"ast-product-gallery-layout-horizontal-slider","15":"ast-magnify-disabled","16":"ast-product-tabs-layout-horizontal","18":"first","19":"instock","20":"shipping-taxable","21":"purchasable","22":"product-type-simple"},"spectra_custom_meta":{"_edit_lock":["1737876256:1"],"_edit_last":["1"],"rank_math_seo_score":["93"],"rank_math_focus_keyword":["Wireless TENS Unit"],"rank_math_description":["The Mastogo wireless tens unit ensures freedom of movement. Users can easily wear it to do housework, walks, and travel without being bound and embarrassed by wires."],"_thumbnail_id":["9593"],"_admin_notes":["https:\/\/www.ebay.com\/itm\/205024702497"],"_custom_product_field":[""],"_sku":["EB218030"],"_global_unique_id":["17841900187350"],"_regular_price":["37.99"],"total_sales":["0"],"_tax_status":["taxable"],"_tax_class":[""],"_manage_stock":["no"],"_backorders":["no"],"_sold_individually":["no"],"_virtual":["no"],"_downloadable":["no"],"_download_limit":["-1"],"_download_expiry":["-1"],"_stock":[null],"_stock_status":["instock"],"_wc_average_rating":["0"],"_wc_review_count":["0"],"_product_version":["9.6.0"],"_price":["37.99"],"_wc_gla_visibility":["sync-and-show"],"_wc_gla_sync_status":["synced"],"_product_image_gallery":["9594,9595,9596,9597,9598,9599,9600"],"_wc_facebook_sync_enabled":["yes"],"fb_visibility":["yes"],"fb_product_description":[""],"_wc_facebook_product_image_source":["product"],"_wc_facebook_commerce_enabled":["no"],"fb_product_group_id":["28912761018322723"],"rank_math_primary_product_brand":["73"],"rank_math_primary_product_cat":["344"],"rank_math_primary_fb_product_set":["0"],"site-sidebar-layout":["default"],"ast-site-content-layout":["default"],"site-content-style":["default"],"site-sidebar-style":["default"],"theme-transparent-header-meta":["default"],"stick-header-meta":["default"],"rank_math_analytic_object_id":["182"],"fb_product_item_id":["28912761558322669"],"_wc_gla_synced_at":["1773802835"],"_wc_gla_google_ids":["a:1:{s:2:\"US\";s:21:\"online:en:US:gla_9592\";}"],"astra-migrate-meta-layouts":["set"],"wp_statistics_words_count":["394"],"wpil_sync_report3":["1"],"wpil_links_inbound_internal_count":["0"],"wpil_links_inbound_internal_count_data":["eJxLtDKwqq4FAAZPAf4="],"wpil_links_outbound_internal_count":["0"],"wpil_links_outbound_internal_count_data":["eJxLtDKwqq4FAAZPAf4="],"wpil_links_outbound_external_count":["0"],"wpil_links_outbound_external_count_data":["eJxLtDKwqq4FAAZPAf4="],"wpil_sync_report2_time":["2025-01-27T07:29:10+00:00"],"omnisend_last_sync":["2025-05-16T11:05:10+00:00"],"surerank_settings_general":["a:7:{s:9:\"separator\";s:1:\"-\";s:10:\"page_title\";s:21:\"%title% - %site_name%\";s:25:\"auto_generate_description\";b:1;s:16:\"page_description\";s:165:\"The Mastogo wireless tens unit ensures freedom of movement. Users can easily wear it to do housework, walks, and travel without being bound and embarrassed by wires.\";s:16:\"auto_description\";s:0:\"\";s:14:\"fallback_image\";s:0:\"\";s:13:\"canonical_url\";s:64:\"https:\/\/pophaw.com\/product\/wireless-tens-unit-muscle-stimulator\/\";}"],"surerank_settings_post_no_index":["no"],"surerank_settings_post_no_follow":["no"],"surerank_settings_post_no_archive":["no"],"surerank_settings_social":["a:23:{s:15:\"open_graph_tags\";b:1;s:18:\"facebook_meta_tags\";b:1;s:17:\"twitter_meta_tags\";b:1;s:16:\"oembeded_scripts\";b:1;s:17:\"oembeded_og_title\";b:1;s:22:\"oembeded_social_images\";b:1;s:27:\"oembeded_remove_author_name\";b:1;s:17:\"facebook_page_url\";s:54:\"https:\/\/www.facebook.com\/profile.php?id=61571207938497\";s:24:\"facebook_author_fallback\";s:0:\"\";s:17:\"twitter_card_type\";s:19:\"summary_large_image\";s:24:\"twitter_same_as_facebook\";b:1;s:24:\"twitter_profile_username\";s:0:\"\";s:24:\"twitter_profile_fallback\";s:0:\"\";s:14:\"facebook_title\";s:21:\"%title% - %site_name%\";s:20:\"facebook_description\";s:9:\"%content%\";s:18:\"facebook_image_url\";s:58:\"https:\/\/pophaw.com\/wp-content\/uploads\/2024\/12\/10001-7.webp\";s:17:\"facebook_image_id\";i:9593;s:20:\"facebook_image_width\";i:1600;s:21:\"facebook_image_height\";i:1600;s:13:\"twitter_title\";s:21:\"%title% - %site_name%\";s:19:\"twitter_description\";s:9:\"%content%\";s:17:\"twitter_image_url\";s:58:\"https:\/\/pophaw.com\/wp-content\/uploads\/2024\/12\/10001-7.webp\";s:16:\"twitter_image_id\";i:9593;}"],"surerank_migration":["1"],"astra_style_timestamp_css":["1775174650"],"wwpp_product_wholesale_visibility_filter":["all"],"_uag_css_file_name":["uag-css-9592.css"],"rank_math_internal_links_processed":["1"],"_uag_page_assets":["a:9:{s:3:\"css\";s:263:\".uag-blocks-common-selector{z-index:var(--z-index-desktop) !important}@media (max-width: 976px){.uag-blocks-common-selector{z-index:var(--z-index-tablet) !important}}@media (max-width: 767px){.uag-blocks-common-selector{z-index:var(--z-index-mobile) !important}}\n\";s:2:\"js\";s:0:\"\";s:18:\"current_block_list\";a:15:{i:0;s:23:\"surecart\/slide-out-cart\";i:1;s:30:\"surecart\/slide-out-cart-header\";i:2;s:29:\"surecart\/slide-out-cart-items\";i:3;s:30:\"surecart\/slide-out-cart-coupon\";i:4;s:32:\"surecart\/slide-out-cart-subtotal\";i:5;s:38:\"surecart\/slide-out-cart-bump-line-item\";i:6;s:30:\"surecart\/slide-out-cart-submit\";i:7;s:11:\"core\/search\";i:8;s:10:\"core\/group\";i:9;s:12:\"core\/heading\";i:10;s:17:\"core\/latest-posts\";i:11;s:20:\"core\/latest-comments\";i:12;s:13:\"core\/archives\";i:13;s:15:\"core\/categories\";i:14;s:14:\"core\/shortcode\";}s:8:\"uag_flag\";b:0;s:11:\"uag_version\";s:10:\"1775168599\";s:6:\"gfonts\";a:0:{}s:10:\"gfonts_url\";s:0:\"\";s:12:\"gfonts_files\";a:0:{}s:14:\"uag_faq_layout\";b:0;}"],"_wc_gla_mc_status":["approved"]},"uagb_featured_image_src":{"full":["https:\/\/pophaw.com\/wp-content\/uploads\/2024\/12\/10001-7.webp",1600,1600,false],"thumbnail":["https:\/\/pophaw.com\/wp-content\/uploads\/2024\/12\/10001-7-150x150.webp",150,150,true],"medium":["https:\/\/pophaw.com\/wp-content\/uploads\/2024\/12\/10001-7-300x300.webp",300,300,true],"medium_large":["https:\/\/pophaw.com\/wp-content\/uploads\/2024\/12\/10001-7-768x768.webp",768,768,true],"large":["https:\/\/pophaw.com\/wp-content\/uploads\/2024\/12\/10001-7-1024x1024.webp",1024,1024,true],"ryviu-small":["https:\/\/pophaw.com\/wp-content\/uploads\/2024\/12\/10001-7.webp",40,40,false],"ryviu-medium":["https:\/\/pophaw.com\/wp-content\/uploads\/2024\/12\/10001-7.webp",132,132,false],"1536x1536":["https:\/\/pophaw.com\/wp-content\/uploads\/2024\/12\/10001-7-1536x1536.webp",1536,1536,true],"2048x2048":["https:\/\/pophaw.com\/wp-content\/uploads\/2024\/12\/10001-7.webp",1600,1600,false],"trp-custom-language-flag":["https:\/\/pophaw.com\/wp-content\/uploads\/2024\/12\/10001-7.webp",12,12,false],"woocommerce_thumbnail":["https:\/\/pophaw.com\/wp-content\/uploads\/2024\/12\/10001-7-300x300.webp",300,300,true],"woocommerce_single":["https:\/\/pophaw.com\/wp-content\/uploads\/2024\/12\/10001-7-600x600.webp",600,600,true],"woocommerce_gallery_thumbnail":["https:\/\/pophaw.com\/wp-content\/uploads\/2024\/12\/10001-7-100x100.webp",100,100,true]},"uagb_author_info":{"display_name":"Dr. Rowan","author_link":"https:\/\/pophaw.com\/es\/author\/"},"uagb_comment_info":0,"uagb_excerpt":"Ensures freedom of movement.","_links":{"self":[{"href":"https:\/\/pophaw.com\/es\/wp-json\/wp\/v2\/product\/9592","targetHints":{"allow":["GET"]}}],"collection":[{"href":"https:\/\/pophaw.com\/es\/wp-json\/wp\/v2\/product"}],"about":[{"href":"https:\/\/pophaw.com\/es\/wp-json\/wp\/v2\/types\/product"}],"wp:featuredmedia":[{"embeddable":true,"href":"https:\/\/pophaw.com\/es\/wp-json\/wp\/v2\/media\/9593"}],"wp:attachment":[{"href":"https:\/\/pophaw.com\/es\/wp-json\/wp\/v2\/media?parent=9592"}],"wp:term":[{"taxonomy":"product_brand","embeddable":true,"href":"https:\/\/pophaw.com\/es\/wp-json\/wp\/v2\/product_brand?post=9592"},{"taxonomy":"product_cat","embeddable":true,"href":"https:\/\/pophaw.com\/es\/wp-json\/wp\/v2\/product_cat?post=9592"},{"taxonomy":"product_tag","embeddable":true,"href":"https:\/\/pophaw.com\/es\/wp-json\/wp\/v2\/product_tag?post=9592"}],"curies":[{"name":"wp","href":"https:\/\/api.w.org\/{rel}","templated":true}]}}