{"id":9612,"date":"2024-12-30T23:21:16","date_gmt":"2024-12-31T07:21:16","guid":{"rendered":"https:\/\/pophaw.com\/?post_type=product&#038;p=9612"},"modified":"2025-01-25T23:24:50","modified_gmt":"2025-01-26T07:24:50","slug":"masajeador-electrico-de-fascias","status":"publish","type":"product","link":"https:\/\/pophaw.com\/es\/producto\/masajeador-electrico-de-fascias\/","title":{"rendered":"Masajeador el\u00e9ctrico de fascias"},"content":{"rendered":"<p>Herramienta de raspado todo en uno: Se adapta perfectamente a cualquier parte del cuerpo. En comparaci\u00f3n con una pistola el\u00e9ctrica, la hoja del masajeador de fascia es m\u00e1s uniforme y no dolorosa. Y el dise\u00f1o de la superficie curvada de la hyperblade mejora la temperatura por fricci\u00f3n deslizante y se recupera m\u00e1s r\u00e1pida y c\u00f3modamente.<br \/>\nTerapia avanzada de estimulaci\u00f3n el\u00e9ctrica muscular: La estimulaci\u00f3n el\u00e9ctrica neuromuscular se desarroll\u00f3 originalmente para que los astronautas evitaran la atrofia muscular en situaciones de ingravidez (falta de ejercicios) y se ha utilizado ampliamente en los campos de la fisioterapia, el entrenamiento f\u00edsico y la rehabilitaci\u00f3n muscular por su notable efecto en la estimulaci\u00f3n muscular. Hyperblade puede generar una terapia de estimulaci\u00f3n muscular el\u00e9ctrica que act\u00faa directamente en la zona muscular profunda, ayuda a estimular las capas musculares m\u00e1s profundas y proporciona un mayor alivio.<br \/>\nRecargable por USB y masaje corporal completo: La bater\u00eda de litio de alto rendimiento de 1100 mAh soporta de 6 a 8 horas (seg\u00fan el nivel) de uso continuo. Hasta 2 semanas de resistencia con un uso normal (30 minutos al d\u00eda). Esta cuchilla electr\u00f3nica puede aplicarse a la mayor\u00eda de las partes del cuerpo, como el cuello, la espalda, el trapecio, la palma de la mano, el muslo, el hombro, la cintura, el antebrazo, la pantorrilla, etc.<br \/>\nPort\u00e1til y ligero: Con un dise\u00f1o ligero, se incluy\u00f3 un estuche de transporte elaborado. \u00a1Usted puede llevar este e-blade a la oficina, de viaje, o en un viaje de negocios en cualquier momento y en cualquier lugar, si quieres-mucho m\u00e1s conveniente para usted!<\/p>\n<ol>\n<li>Cuchilla de masaje ergon\u00f3mica: Especialmente dise\u00f1ada para adaptarse a diversos contornos corporales, como el cuello, las articulaciones, la cintura, las piernas, los brazos, las manos, los hombros y la espalda.<\/li>\n<li>Terapia de doble acci\u00f3n: Combinando microcorrientes con microvibraci\u00f3n, nuestro masajeador utiliza tecnolog\u00eda NMES de vanguardia para penetrar profundamente en el tejido muscular para una experiencia de masaje realmente eficaz.<\/li>\n<li>Alivia la rigidez y el dolor muscular: Mejora la circulaci\u00f3n sangu\u00ednea a la vez que reduce eficazmente la rigidez y el dolor muscular, favoreciendo la relajaci\u00f3n y el bienestar general.<\/li>\n<li>Intensidad personalizable: Con tres niveles ajustables, adapte su experiencia de masaje a sus preferencias y necesidades.<\/li>\n<li>Interruptor t\u00e1ctil NMES inteligente: Garantiza un funcionamiento seguro activando NMES s\u00f3lo cuando la hoja met\u00e1lica entra en contacto con la piel, ofreciendo tranquilidad durante su uso.<\/li>\n<li>Detecci\u00f3n autom\u00e1tica de puntos de acupuntura: La hyperblade localiza de forma inteligente los puntos de acupuntura, indic\u00e1ndole que aplique un masaje de presi\u00f3n cuando perciba la sensaci\u00f3n NMES, mejorando el alivio espec\u00edfico.<\/li>\n<li>Bater\u00eda de larga duraci\u00f3n: Equipada con una potente bater\u00eda de litio de 1100mAh, que proporciona hasta 14 d\u00edas de uso con s\u00f3lo 30 minutos de uso diario, garantizando una relajaci\u00f3n y recuperaci\u00f3n ininterrumpidas.<\/li>\n<li>Aplicaci\u00f3n vers\u00e1til: Ideal para la recuperaci\u00f3n de la fatiga post-entrenamiento, rehabilitaci\u00f3n de lesiones deportivas, alivio del dolor de convalecencia post-cirug\u00eda y reducci\u00f3n de reacciones inflamatorias, facilitando la curaci\u00f3n hol\u00edstica y el bienestar.<\/li>\n<\/ol>","protected":false},"excerpt":{"rendered":"<p>La hoja se distribuye m\u00e1s uniformemente y no duele.<\/p>","protected":false},"featured_media":9614,"template":"","meta":{"bwfblock_default_font":"","_uag_custom_page_level_css":"","site-sidebar-layout":"default","site-content-layout":"","ast-site-content-layout":"default","site-content-style":"default","site-sidebar-style":"default","ast-global-header-display":"","ast-banner-title-visibility":"","ast-main-header-display":"","ast-hfb-above-header-display":"","ast-hfb-below-header-display":"","ast-hfb-mobile-header-display":"","site-post-title":"","ast-breadcrumbs-content":"","ast-featured-img":"","footer-sml-layout":"","ast-disable-related-posts":"","theme-transparent-header-meta":"default","adv-header-id-meta":"","stick-header-meta":"default","header-above-stick-meta":"","header-main-stick-meta":"","header-below-stick-meta":"","astra-migrate-meta-layouts":"set","ast-page-background-enabled":"default","ast-page-background-meta":{"desktop":{"background-color":"","background-image":"","background-repeat":"repeat","background-position":"center center","background-size":"auto","background-attachment":"scroll","background-type":"","background-media":"","overlay-type":"","overlay-color":"","overlay-opacity":"","overlay-gradient":""},"tablet":{"background-color":"","background-image":"","background-repeat":"repeat","background-position":"center center","background-size":"auto","background-attachment":"scroll","background-type":"","background-media":"","overlay-type":"","overlay-color":"","overlay-opacity":"","overlay-gradient":""},"mobile":{"background-color":"","background-image":"","background-repeat":"repeat","background-position":"center center","background-size":"auto","background-attachment":"scroll","background-type":"","background-media":"","overlay-type":"","overlay-color":"","overlay-opacity":"","overlay-gradient":""}},"ast-content-background-meta":{"desktop":{"background-color":"var(--ast-global-color-5)","background-image":"","background-repeat":"repeat","background-position":"center center","background-size":"auto","background-attachment":"scroll","background-type":"","background-media":"","overlay-type":"","overlay-color":"","overlay-opacity":"","overlay-gradient":""},"tablet":{"background-color":"var(--ast-global-color-5)","background-image":"","background-repeat":"repeat","background-position":"center center","background-size":"auto","background-attachment":"scroll","background-type":"","background-media":"","overlay-type":"","overlay-color":"","overlay-opacity":"","overlay-gradient":""},"mobile":{"background-color":"var(--ast-global-color-5)","background-image":"","background-repeat":"repeat","background-position":"center center","background-size":"auto","background-attachment":"scroll","background-type":"","background-media":"","overlay-type":"","overlay-color":"","overlay-opacity":"","overlay-gradient":""}}},"product_brand":[73],"product_cat":[340,103,336,99],"product_tag":[],"class_list":{"0":"post-9612","1":"product","2":"type-product","3":"status-publish","4":"has-post-thumbnail","6":"product_brand-pophaw","7":"product_cat-massager","8":"product_cat-fitness-weight-management","9":"product_cat-healthcare-products","10":"product_cat-home-medical-supplies","11":"desktop-align-center","12":"tablet-align-center","13":"mobile-align-center","14":"ast-product-gallery-layout-horizontal-slider","15":"ast-magnify-disabled","16":"ast-product-tabs-layout-horizontal","18":"first","19":"instock","20":"shipping-taxable","21":"purchasable","22":"product-type-simple"},"spectra_custom_meta":{"_edit_lock":["1737876292:1"],"_edit_last":["1"],"rank_math_seo_score":["84"],"rank_math_focus_keyword":["Fascia Massager Blade"],"_thumbnail_id":["9614"],"_admin_notes":["https:\/\/www.ebay.com\/itm\/395591931003\r\nhttps:\/\/www.ebay.com\/itm\/196896587604"],"_custom_product_field":[""],"total_sales":["0"],"_tax_status":["taxable"],"_tax_class":[""],"_manage_stock":["no"],"_backorders":["no"],"_sold_individually":["no"],"_virtual":["no"],"_downloadable":["no"],"_download_limit":["-1"],"_download_expiry":["-1"],"_stock":[null],"_stock_status":["instock"],"_wc_average_rating":["0"],"_wc_review_count":["0"],"_product_version":["9.6.0"],"_wc_gla_visibility":["sync-and-show"],"_wc_gla_sync_status":["synced"],"_wc_facebook_sync_enabled":["yes"],"fb_visibility":["yes"],"fb_product_description":[""],"_wc_facebook_product_image_source":["product"],"_wc_facebook_commerce_enabled":["no"],"fb_product_group_id":["8881292075289926"],"rank_math_primary_product_brand":["73"],"rank_math_primary_product_cat":["340"],"rank_math_primary_fb_product_set":["0"],"site-sidebar-layout":["default"],"ast-site-content-layout":["default"],"site-content-style":["default"],"site-sidebar-style":["default"],"theme-transparent-header-meta":["default"],"stick-header-meta":["default"],"rank_math_analytic_object_id":["184"],"fb_product_item_id":["8881292351956565"],"rank_math_description":["All-in-One Scraping Tool: This perfectly fits any of the body parts. Compared with an e-gun, the fascia massager blade is more evenly distributed and not painful."],"_sku":["EB218031"],"_regular_price":["39.99"],"_price":["39.99"],"rank_math_auto_redirect":["a:1:{i:0;i:40;}"],"_wp_old_slug":["electric-fascial-massage-blade"],"_product_image_gallery":["9616,9617,9621,9623,9618,9619,9620,9622"],"_wc_gla_synced_at":["1773802835"],"_wc_gla_google_ids":["a:1:{s:2:\"US\";s:21:\"online:en:US:gla_9612\";}"],"_global_unique_id":["17841900187374"],"astra-migrate-meta-layouts":["set"],"wp_statistics_words_count":["390"],"wpil_sync_report3":["1"],"wpil_links_inbound_internal_count":["0"],"wpil_links_inbound_internal_count_data":["eJxLtDKwqq4FAAZPAf4="],"wpil_links_outbound_internal_count":["0"],"wpil_links_outbound_internal_count_data":["eJxLtDKwqq4FAAZPAf4="],"wpil_links_outbound_external_count":["0"],"wpil_links_outbound_external_count_data":["eJxLtDKwqq4FAAZPAf4="],"wpil_sync_report2_time":["2025-01-27T07:29:10+00:00"],"omnisend_last_sync":["2025-05-16T11:05:10+00:00"],"surerank_settings_general":["a:7:{s:9:\"separator\";s:1:\"-\";s:10:\"page_title\";s:21:\"%title% - %site_name%\";s:25:\"auto_generate_description\";b:1;s:16:\"page_description\";s:162:\"All-in-One Scraping Tool: This perfectly fits any of the body parts. Compared with an e-gun, the fascia massager blade is more evenly distributed and not painful.\";s:16:\"auto_description\";s:153:\"All-in-One Scraping Tool: This perfectly fits any of the body parts. Compared with an e-gun, the fascia massager blade is more evenly distributed and not\";s:14:\"fallback_image\";s:0:\"\";s:13:\"canonical_url\";s:58:\"https:\/\/pophaw.com\/product\/electric-fascia-massager-blade\/\";}"],"surerank_settings_post_no_index":["no"],"surerank_settings_post_no_follow":["no"],"surerank_settings_post_no_archive":["no"],"surerank_settings_social":["a:23:{s:15:\"open_graph_tags\";b:1;s:18:\"facebook_meta_tags\";b:1;s:17:\"twitter_meta_tags\";b:1;s:16:\"oembeded_scripts\";b:1;s:17:\"oembeded_og_title\";b:1;s:22:\"oembeded_social_images\";b:1;s:27:\"oembeded_remove_author_name\";b:1;s:17:\"facebook_page_url\";s:54:\"https:\/\/www.facebook.com\/profile.php?id=61571207938497\";s:24:\"facebook_author_fallback\";s:0:\"\";s:17:\"twitter_card_type\";s:19:\"summary_large_image\";s:24:\"twitter_same_as_facebook\";b:1;s:24:\"twitter_profile_username\";s:0:\"\";s:24:\"twitter_profile_fallback\";s:0:\"\";s:14:\"facebook_title\";s:21:\"%title% - %site_name%\";s:20:\"facebook_description\";s:9:\"%content%\";s:18:\"facebook_image_url\";s:72:\"https:\/\/pophaw.com\/wp-content\/uploads\/2024\/12\/Fascial-Massage-Blade.webp\";s:17:\"facebook_image_id\";i:9614;s:20:\"facebook_image_width\";i:800;s:21:\"facebook_image_height\";i:800;s:13:\"twitter_title\";s:21:\"%title% - %site_name%\";s:19:\"twitter_description\";s:9:\"%content%\";s:17:\"twitter_image_url\";s:72:\"https:\/\/pophaw.com\/wp-content\/uploads\/2024\/12\/Fascial-Massage-Blade.webp\";s:16:\"twitter_image_id\";i:9614;}"],"surerank_migration":["1"],"astra_style_timestamp_css":["1775174694"],"wwpp_product_wholesale_visibility_filter":["all"],"_uag_css_file_name":["uag-css-9612.css"],"rank_math_internal_links_processed":["1"],"_uag_page_assets":["a:9:{s:3:\"css\";s:263:\".uag-blocks-common-selector{z-index:var(--z-index-desktop) !important}@media (max-width: 976px){.uag-blocks-common-selector{z-index:var(--z-index-tablet) !important}}@media (max-width: 767px){.uag-blocks-common-selector{z-index:var(--z-index-mobile) !important}}\n\";s:2:\"js\";s:0:\"\";s:18:\"current_block_list\";a:15:{i:0;s:23:\"surecart\/slide-out-cart\";i:1;s:30:\"surecart\/slide-out-cart-header\";i:2;s:29:\"surecart\/slide-out-cart-items\";i:3;s:30:\"surecart\/slide-out-cart-coupon\";i:4;s:32:\"surecart\/slide-out-cart-subtotal\";i:5;s:38:\"surecart\/slide-out-cart-bump-line-item\";i:6;s:30:\"surecart\/slide-out-cart-submit\";i:7;s:11:\"core\/search\";i:8;s:10:\"core\/group\";i:9;s:12:\"core\/heading\";i:10;s:17:\"core\/latest-posts\";i:11;s:20:\"core\/latest-comments\";i:12;s:13:\"core\/archives\";i:13;s:15:\"core\/categories\";i:14;s:14:\"core\/shortcode\";}s:8:\"uag_flag\";b:0;s:11:\"uag_version\";s:10:\"1775168599\";s:6:\"gfonts\";a:0:{}s:10:\"gfonts_url\";s:0:\"\";s:12:\"gfonts_files\";a:0:{}s:14:\"uag_faq_layout\";b:0;}"],"_wc_gla_mc_status":["approved"]},"uagb_featured_image_src":{"full":["https:\/\/pophaw.com\/wp-content\/uploads\/2024\/12\/Fascial-Massage-Blade.webp",800,800,false],"thumbnail":["https:\/\/pophaw.com\/wp-content\/uploads\/2024\/12\/Fascial-Massage-Blade-150x150.webp",150,150,true],"medium":["https:\/\/pophaw.com\/wp-content\/uploads\/2024\/12\/Fascial-Massage-Blade-300x300.webp",300,300,true],"medium_large":["https:\/\/pophaw.com\/wp-content\/uploads\/2024\/12\/Fascial-Massage-Blade-768x768.webp",768,768,true],"large":["https:\/\/pophaw.com\/wp-content\/uploads\/2024\/12\/Fascial-Massage-Blade.webp",800,800,false],"ryviu-small":["https:\/\/pophaw.com\/wp-content\/uploads\/2024\/12\/Fascial-Massage-Blade.webp",40,40,false],"ryviu-medium":["https:\/\/pophaw.com\/wp-content\/uploads\/2024\/12\/Fascial-Massage-Blade.webp",132,132,false],"1536x1536":["https:\/\/pophaw.com\/wp-content\/uploads\/2024\/12\/Fascial-Massage-Blade.webp",800,800,false],"2048x2048":["https:\/\/pophaw.com\/wp-content\/uploads\/2024\/12\/Fascial-Massage-Blade.webp",800,800,false],"trp-custom-language-flag":["https:\/\/pophaw.com\/wp-content\/uploads\/2024\/12\/Fascial-Massage-Blade.webp",12,12,false],"woocommerce_thumbnail":["https:\/\/pophaw.com\/wp-content\/uploads\/2024\/12\/Fascial-Massage-Blade-300x300.webp",300,300,true],"woocommerce_single":["https:\/\/pophaw.com\/wp-content\/uploads\/2024\/12\/Fascial-Massage-Blade-600x600.webp",600,600,true],"woocommerce_gallery_thumbnail":["https:\/\/pophaw.com\/wp-content\/uploads\/2024\/12\/Fascial-Massage-Blade-100x100.webp",100,100,true]},"uagb_author_info":{"display_name":"Dr. Rowan","author_link":"https:\/\/pophaw.com\/es\/author\/"},"uagb_comment_info":0,"uagb_excerpt":"The blade is more evenly distributed and not painful.","_links":{"self":[{"href":"https:\/\/pophaw.com\/es\/wp-json\/wp\/v2\/product\/9612","targetHints":{"allow":["GET"]}}],"collection":[{"href":"https:\/\/pophaw.com\/es\/wp-json\/wp\/v2\/product"}],"about":[{"href":"https:\/\/pophaw.com\/es\/wp-json\/wp\/v2\/types\/product"}],"wp:featuredmedia":[{"embeddable":true,"href":"https:\/\/pophaw.com\/es\/wp-json\/wp\/v2\/media\/9614"}],"wp:attachment":[{"href":"https:\/\/pophaw.com\/es\/wp-json\/wp\/v2\/media?parent=9612"}],"wp:term":[{"taxonomy":"product_brand","embeddable":true,"href":"https:\/\/pophaw.com\/es\/wp-json\/wp\/v2\/product_brand?post=9612"},{"taxonomy":"product_cat","embeddable":true,"href":"https:\/\/pophaw.com\/es\/wp-json\/wp\/v2\/product_cat?post=9612"},{"taxonomy":"product_tag","embeddable":true,"href":"https:\/\/pophaw.com\/es\/wp-json\/wp\/v2\/product_tag?post=9612"}],"curies":[{"name":"wp","href":"https:\/\/api.w.org\/{rel}","templated":true}]}}